{"id":437,"date":"2022-11-03T07:17:57","date_gmt":"2022-11-03T07:17:57","guid":{"rendered":"https:\/\/globdocuments.com\/product\/marriage-certificate\/"},"modified":"2025-12-11T07:58:07","modified_gmt":"2025-12-11T07:58:07","slug":"marriage-certificate","status":"publish","type":"product","link":"https:\/\/globdocuments.com\/tr\/urun\/marriage-certificate\/","title":{"rendered":"Evlilik C\u00fczdan\u0131"},"content":{"rendered":"<p>Evlilik C\u00fczdan\u0131 Sat\u0131n Al<br \/>\nEvlilik c\u00fczdan\u0131, me\u015fru evlili\u011fin kan\u0131t\u0131 olarak kabul edilir ve hayati bir \u00f6neme sahiptir. <a href=\"https:\/\/globdocuments.com\/tr\/product-category\/buy-certificates\/\">belge<\/a> sigorta, ev sahipli\u011fi evraklar\u0131, pasaport alma ve di\u011fer baz\u0131 \u00f6nemli i\u015fler gibi \u00e7e\u015fitli resmi i\u015fler i\u00e7in gereklidir. E\u011fer bu <a href=\"https:\/\/www.uspalletliquidation.com\/product\/milwaukee-tool-pallets\/\">sertifika<\/a> herhangi bir nedenle kaybolur veya hasar g\u00f6r\u00fcrse, \u00e7e\u015fitli ama\u00e7lar i\u00e7in gerekli oldu\u011fundan \u00e7iftler b\u00fcy\u00fck sorunlarla kar\u015f\u0131la\u015fabilir. Bu, online evlilik c\u00fczdan\u0131 fikrinin akla geldi\u011fi ve insanlar\u0131n bu t\u00fcr sertifikalar\u0131 nereden alabilecekleri se\u00e7ene\u011fini aramaya ba\u015flad\u0131klar\u0131 zamand\u0131r.<\/p>\n<h2 class=\"pro_heading\">Online Sahte Evlilik C\u00fczdan\u0131 Sat\u0131n Al<\/h2>\n<p>Sahte Sat\u0131n Al <a href=\"https:\/\/en.wikipedia.org\/wiki\/Certificate\">Evlilik C\u00fczdanlar\u0131<\/a> Online, bizim sahte <strong>evlilik\u00a0<\/strong>sertifikalar\u0131m\u0131z koca, kar\u0131, d\u00fc\u011f\u00fcn zaman\u0131, yer ve daha fazlas\u0131 dahil olmak \u00fczere size \u00f6zel detaylarla 0 \u00f6zel olarak bas\u0131l\u0131r!<br \/>\nBu sertifika, nas\u0131l kullan\u0131ld\u0131\u011f\u0131na ba\u011fl\u0131 olarak saklama i\u00e7in harika bir ki\u015fisel yedek, bir hediye veya \u015faka ama\u00e7l\u0131 olabilir. Burada yapt\u0131\u011f\u0131m\u0131z \u015fey, lisanslar\u0131 de\u011fil, birka\u00e7 ger\u00e7ek evlilik c\u00fczdan\u0131n\u0131 al\u0131p tasar\u0131m ekibimizin ki\u015fiselle\u015ftirebilece\u011fi orijinal bir \u015fablona d\u00f6n\u00fc\u015ft\u00fcrmektir.<br \/>\n\u015eablonlar belirli tarihler, t\u00f6renin yap\u0131ld\u0131\u011f\u0131 yer ve daha fazlas\u0131 gibi benzersiz ayr\u0131nt\u0131lar\u0131n\u0131za g\u00f6re ayarlan\u0131r.<br class=\"yoast-text-mark\" \/>lass=&#8221;yoast-text-mark&#8221; \/&gt;&gt;L\u00fctfen bir evlili\u011fin <strong>sertifika<\/strong> \u015fahitler taraf\u0131ndan imzalan\u0131r, bu nedenle daha sonra imzalanmak \u00fczere bo\u015f imza sat\u0131rlar\u0131yla gelecektir. Bu bir sorunsa bizden yard\u0131m isteyin.<br \/>\nBu \u00fcr\u00fcn profesyonelce bas\u0131l\u0131r, paketlenir ve h\u0131zl\u0131 bir \u015fekilde g\u00f6nderilir. \u00d6zel sorular\u0131n\u0131z varsa destek <strong>ekibi\u00a0<\/strong>sizin i\u00e7in burada!<\/p>\n<h3>Sahte D\u00fc\u011f\u00fcn Sertifikas\u0131 Kullan\u0131m\u0131<\/h3>\n<div>Online sahte bir lisans, sizin ve ni\u015fanl\u0131n\u0131z\u0131n misafirlerinizle birlikte g\u00fcn\u00fc kutlaman\u0131z\u0131 sa\u011flayacakt\u0131r. Hi\u00e7bir \u015feyi iptal etmeye veya ertelemeye gerek yok. Misafirleriniz zaten oradaysa ve mekan haz\u0131rsa, \u00e7i\u00e7ekler, yemek ve pasta \u00f6denmi\u015fse, o zaman devam edin. Bir yazar, yasal sorunlar\u0131 \u00e7\u00f6zmek i\u00e7in sahte bir d\u00fc\u011f\u00fcn lisans\u0131 ile nas\u0131l sahte d\u00fc\u011f\u00fcn belgeleri haz\u0131rlad\u0131klar\u0131n\u0131 anlat\u0131yor. Bu en iyi ihtimalle ge\u00e7ici bir \u00f6nlemdir ancak g\u00fcn\u00fc kurtarmay\u0131 sa\u011flar.<\/div>\n<h3>Ger\u00e7ek\u00e7i Sahte Evlilik C\u00fczdan\u0131 Nerede Bulunur?<\/h3>\n<p>2ndlicense size \u00e7ok say\u0131da resmi evlilik belgesi sa\u011flayabilir. Orijinal sertifikan\u0131n ayn\u0131s\u0131 gibi g\u00f6r\u00fcnen ve m\u00fc\u015fterilerin gereksinimlerine g\u00f6re \u00f6zelle\u015ftirilebilen \u015faka ama\u00e7l\u0131 evlilik c\u00fczdanlar\u0131 sunuyoruz. M\u00fc\u015fteriler taraf\u0131ndan sa\u011flanan bilgiler temelinde sertifikalar olu\u015fturuyoruz ve sertifikalar\u0131n otantik ve orijinal g\u00f6r\u00fcnmesini sa\u011fl\u0131yoruz. Online ortamda ilk bak\u0131\u015fta orijinal gibi g\u00f6r\u00fcnen sahte evlilik c\u00fczdanlar\u0131 olu\u015fturmak i\u00e7in b\u00fcy\u00fck \u00e7aba sarf edilmektedir.<br class=\"yoast-text-mark\" \/>Uygun ka\u011f\u0131d\u0131 kullanmaktan ince bask\u0131ya, kabartmal\u0131 m\u00fch\u00fcr uygulamaya kadar, sahte sertifika yap\u0131m\u0131n\u0131n her s\u00fcreci b\u00fcy\u00fck bir titizlik ve dikkatle y\u00fcr\u00fct\u00fcl\u00fcr, b\u00f6ylece m\u00fc\u015fterilerimize en iyi hizmetler sunulur. Bir d\u00fc\u011f\u00fcn lisans\u0131na, online sahte evlilik c\u00fczdan\u0131na alternatif olarak m\u0131 ihtiyac\u0131n\u0131z var yoksa t\u00fcm o planlar bo\u015fa m\u0131 gidecek? Formumuzu doldurun, \u00f6demenizi yap\u0131n ve lisans\u0131n\u0131z\u0131 h\u0131zl\u0131 ve kolayca al\u0131n. Art\u0131k b\u00fcrokrasiyle u\u011fra\u015fman\u0131za veya d\u00fc\u011f\u00fcn\u00fcn\u00fcz\u00fc program\u0131n d\u0131\u015f\u0131na \u00e7\u0131karacak gecikmeler ya\u015faman\u0131za gerek yok.<\/p>\n<h2>Sahte Evlilik C\u00fczdan\u0131 Se\u00e7enekleri<\/h2>\n<div>Herhangi bir \u00fclkeye ve eyalete g\u00f6re \u00f6zelle\u015ftirilebilen \u00fc\u00e7 \u00e7e\u015fit evlilik c\u00fczdan\u0131 sunuyoruz. Sa\u011flad\u0131\u011f\u0131m\u0131z iki sertifika t\u00fcr\u00fc \u015funlard\u0131r:<\/div>\n<div>Basit Kopya Evlilik C\u00fczdan\u0131 \u2013 Bu sahte evlilik c\u00fczdan\u0131, a\u011f\u0131r s\u0131klet kart sto\u011funa bas\u0131lmas\u0131 sayesinde orijinal g\u00f6r\u00fcn\u00fcr. G\u00f6ze orijinal gibi g\u00f6r\u00fcnse de g\u00fcvenlik \u00f6zellikleriyle birlikte gelmez.<\/div>\n<div>Platin\/Resmi Evlilik C\u00fczdan\u0131 \u2013 Sahte evlilik c\u00fczdanlar\u0131m\u0131z 0 ger\u00e7ek g\u00f6r\u00fcn\u00fcr ve orijinal sertifikalar\u0131n ayn\u0131s\u0131d\u0131r. G\u00fcvenlik dereceli transkript ka\u011f\u0131d\u0131, su damgalar\u0131, kabartma m\u00fcrekkep armalar\u0131, m\u00fch\u00fcrler gibi orijinal sertifikalar\u0131n yap\u0131m\u0131nda kullan\u0131lan malzemeler kullan\u0131larak olu\u015fturulur. Uygun kart sto\u011fu a\u011f\u0131rl\u0131\u011f\u0131 ile bu evlilik c\u00fczdan\u0131n\u0131 orijinallerinden ay\u0131rt etmek son derece zordur.<\/div>\n<div>Resmi, Kay\u0131tl\u0131 ve Do\u011frulanabilir Se\u00e7enek \u2013 Geni\u015f d\u00fcnya \u00e7ap\u0131ndaki resmi ileti\u015fim a\u011f\u0131m\u0131z sayesinde, ek yat\u0131r\u0131ma de\u011fer olan resmi ve yaz\u0131l\u0131 bir belge alman\u0131z\u0131 sa\u011flayabiliriz.<\/div>\n<div>Bu ve di\u011fer \u00fcr\u00fcnler i\u00e7in, daha fazla ayr\u0131nt\u0131 ve fiyatland\u0131rma i\u00e7in \u00fcr\u00fcn b\u00f6l\u00fcm\u00fcm\u00fcze g\u00f6z atmay\u0131 unutmay\u0131n.<\/div>\n<div>Online sahte evlilik c\u00fczdan\u0131 sipari\u015f etmek web sitemizde son derece basit ve kolay bir s\u00fcre\u00e7tir \u00e7\u00fcnk\u00fc m\u00fc\u015fterinin basit istek formunu doldurmak i\u00e7in \"\u015fimdi sipari\u015f ver\" sekmesine t\u0131klamas\u0131 yeterlidir. M\u00fc\u015fterilere ABD, \u0130ngiltere, Kanada ve d\u00fcnya genelinde minimum s\u00fcrede ger\u00e7ek g\u00f6r\u00fcn\u00fcml\u00fc bir sertifika sa\u011flanacakt\u0131r.<\/div>\n<h4>Di\u011fer Evlilik Belgeleri<\/h4>\n<div>Online sahte bir evlilik c\u00fczdan\u0131na ihtiyac\u0131n\u0131z olursa bizimle ileti\u015fime ge\u00e7in. Sahte evlilik c\u00fczdan\u0131 se\u00e7eneklerinin yan\u0131 s\u0131ra sahte pasaportlar, do\u011fum belgeleri, sahte \u00f6l\u00fcm belgeleri ve di\u011fer resmi belge t\u00fcrlerini de sa\u011flayabiliriz. Belgelerin kalitesi konusunda endi\u015feli misiniz? Biz sadece 0 do\u011fru ve ger\u00e7ek\u00e7i sahte evlilik belgeleri sunuyoruz. Herhangi bir ama\u00e7la sahte bir d\u00fc\u011f\u00fcn sertifikas\u0131 kullanman\u0131z gerekirse -ister as\u0131l belge gelene kadar ge\u00e7ici bir \u00f6nlem olarak, ister pasaport veya vize ba\u015fvurusu yaparken belgelerle birlikte sunmak i\u00e7in olsun- t\u00fcm ihtiya\u00e7lar\u0131n\u0131z\u0131 kar\u015f\u0131lar\u0131z.<\/div>","protected":false},"excerpt":{"rendered":"<p>\u00c7evrimi\u00e7i Evlilik C\u00fczdan\u0131 Sat\u0131n Al\u0131n!<br \/>\nEvlilik c\u00fczdan\u0131, me\u015fru evlili\u011fin kan\u0131t\u0131 olarak kabul edilir ve sigorta gibi bir\u00e7ok resmi i\u015f i\u00e7in gerekli olan hayati bir belgedir. <a href=\"http:\/\/bing.com\">ev<\/a> m\u00fclkiyet evraklar\u0131, pasaport alma ve di\u011fer baz\u0131 \u00f6nemli i\u015fler.<\/p>","protected":false},"featured_media":489,"comment_status":"closed","ping_status":"closed","template":"","meta":{"site-sidebar-layout":"default","site-content-layout":"","ast-site-content-layout":"default","site-content-style":"default","site-sidebar-style":"default","ast-global-header-display":"","ast-banner-title-visibility":"","ast-main-header-display":"","ast-hfb-above-header-display":"","ast-hfb-below-header-display":"","ast-hfb-mobile-header-display":"","site-post-title":"","ast-breadcrumbs-content":"","ast-featured-img":"","footer-sml-layout":"","theme-transparent-header-meta":"default","adv-header-id-meta":"","stick-header-meta":"","header-above-stick-meta":"","header-main-stick-meta":"","header-below-stick-meta":"","astra-migrate-meta-layouts":"set","ast-page-background-enabled":"default","ast-page-background-meta":{"desktop":{"background-color":"var(--ast-global-color-4)","background-image":"","background-repeat":"repeat","background-position":"center center","background-size":"auto","background-attachment":"scroll","background-type":"","background-media":"","overlay-type":"","overlay-color":"","overlay-opacity":"","overlay-gradient":""},"tablet":{"background-color":"","background-image":"","background-repeat":"repeat","background-position":"center center","background-size":"auto","background-attachment":"scroll","background-type":"","background-media":"","overlay-type":"","overlay-color":"","overlay-opacity":"","overlay-gradient":""},"mobile":{"background-color":"","background-image":"","background-repeat":"repeat","background-position":"center center","background-size":"auto","background-attachment":"scroll","background-type":"","background-media":"","overlay-type":"","overlay-color":"","overlay-opacity":"","overlay-gradient":""}},"ast-content-background-meta":{"desktop":{"background-color":"var(--ast-global-color-5)","background-image":"","background-repeat":"repeat","background-position":"center center","background-size":"auto","background-attachment":"scroll","background-type":"","background-media":"","overlay-type":"","overlay-color":"","overlay-opacity":"","overlay-gradient":""},"tablet":{"background-color":"var(--ast-global-color-5)","background-image":"","background-repeat":"repeat","background-position":"center center","background-size":"auto","background-attachment":"scroll","background-type":"","background-media":"","overlay-type":"","overlay-color":"","overlay-opacity":"","overlay-gradient":""},"mobile":{"background-color":"var(--ast-global-color-5)","background-image":"","background-repeat":"repeat","background-position":"center center","background-size":"auto","background-attachment":"scroll","background-type":"","background-media":"","overlay-type":"","overlay-color":"","overlay-opacity":"","overlay-gradient":""}}},"product_brand":[],"product_cat":[101],"product_tag":[82,108,72,102,112,33,113,110,89],"class_list":{"0":"post-437","1":"product","2":"type-product","3":"status-publish","4":"has-post-thumbnail","6":"product_cat-buy-certificates","7":"product_tag-buy-a-fake-california-driving-license-online","8":"product_tag-buy-birth-certificate","9":"product_tag-buy-id-card","10":"product_tag-buy-ielts-certificate","11":"product_tag-buy-marriage-certificate","12":"product_tag-buy-passport","13":"product_tag-fake-marriage-certificate","14":"product_tag-real-birth-certificate","15":"product_tag-where-to-buy-fake-california-driving-license-online","16":"desktop-align-left","17":"tablet-align-left","18":"mobile-align-left","20":"first","21":"instock","22":"purchasable","23":"product-type-simple"},"yoast_head":"<!-- This site is optimized with the Yoast SEO plugin v26.5 - https:\/\/yoast.com\/wordpress\/plugins\/seo\/ -->\n<title>| Glob DocumentsGet a Marriage Certificate in Person<\/title>\n<meta name=\"description\" content=\"Buy Marriage Certificate online at globdocuments.com with safe and fast worldwide delivery at the best price. Check the best deals on fake documents!\" \/>\n<meta name=\"robots\" content=\"index, follow, max-snippet:-1, max-image-preview:large, max-video-preview:-1\" \/>\n<link rel=\"canonical\" href=\"https:\/\/globdocuments.com\/tr\/produit\/marriage-certificate\/\" \/>\n<meta property=\"og:locale\" content=\"tr_TR\" \/>\n<meta property=\"og:type\" content=\"article\" \/>\n<meta property=\"og:title\" content=\"| Glob DocumentsGet a Marriage Certificate in Person\" \/>\n<meta property=\"og:description\" content=\"Buy Marriage Certificate online at globdocuments.com with safe and fast worldwide delivery at the best price. Check the best deals on fake documents!\" \/>\n<meta property=\"og:url\" content=\"https:\/\/globdocuments.com\/tr\/produit\/marriage-certificate\/\" \/>\n<meta property=\"article:modified_time\" content=\"2025-12-11T07:58:07+00:00\" \/>\n<meta property=\"og:image\" content=\"https:\/\/globdocuments.com\/wp-content\/uploads\/2022\/11\/marriage-certificate.png\" \/>\n\t<meta property=\"og:image:width\" content=\"450\" \/>\n\t<meta property=\"og:image:height\" content=\"450\" \/>\n\t<meta property=\"og:image:type\" content=\"image\/png\" \/>\n<meta name=\"twitter:card\" content=\"summary_large_image\" \/>\n<meta name=\"twitter:label1\" content=\"Tahmini okuma s\u00fcresi\" \/>\n\t<meta name=\"twitter:data1\" content=\"4 dakika\" \/>\n<script type=\"application\/ld+json\" class=\"yoast-schema-graph\">{\"@context\":\"https:\/\/schema.org\",\"@graph\":[{\"@type\":\"WebPage\",\"@id\":\"https:\/\/globdocuments.com\/fr\/produit\/marriage-certificate\/\",\"url\":\"https:\/\/globdocuments.com\/fr\/produit\/marriage-certificate\/\",\"name\":\"| Glob DocumentsGet a Marriage Certificate in Person\",\"isPartOf\":{\"@id\":\"https:\/\/globdocuments.com\/#website\"},\"primaryImageOfPage\":{\"@id\":\"https:\/\/globdocuments.com\/fr\/produit\/marriage-certificate\/#primaryimage\"},\"image\":{\"@id\":\"https:\/\/globdocuments.com\/fr\/produit\/marriage-certificate\/#primaryimage\"},\"thumbnailUrl\":\"https:\/\/globdocuments.com\/wp-content\/uploads\/2022\/11\/marriage-certificate.png\",\"datePublished\":\"2022-11-03T07:17:57+00:00\",\"dateModified\":\"2025-12-11T07:58:07+00:00\",\"description\":\"Buy Marriage Certificate online at globdocuments.com with safe and fast worldwide delivery at the best price. Check the best deals on fake documents!\",\"breadcrumb\":{\"@id\":\"https:\/\/globdocuments.com\/fr\/produit\/marriage-certificate\/#breadcrumb\"},\"inLanguage\":\"tr\",\"potentialAction\":[{\"@type\":\"ReadAction\",\"target\":[\"https:\/\/globdocuments.com\/fr\/produit\/marriage-certificate\/\"]}]},{\"@type\":\"ImageObject\",\"inLanguage\":\"tr\",\"@id\":\"https:\/\/globdocuments.com\/fr\/produit\/marriage-certificate\/#primaryimage\",\"url\":\"https:\/\/globdocuments.com\/wp-content\/uploads\/2022\/11\/marriage-certificate.png\",\"contentUrl\":\"https:\/\/globdocuments.com\/wp-content\/uploads\/2022\/11\/marriage-certificate.png\",\"width\":450,\"height\":450,\"caption\":\"Marriage Certificate\"},{\"@type\":\"BreadcrumbList\",\"@id\":\"https:\/\/globdocuments.com\/fr\/produit\/marriage-certificate\/#breadcrumb\",\"itemListElement\":[{\"@type\":\"ListItem\",\"position\":1,\"name\":\"Shop\",\"item\":\"https:\/\/globdocuments.com\/shop\/\"},{\"@type\":\"ListItem\",\"position\":2,\"name\":\"Marriage Certificate\"}]},{\"@type\":\"WebSite\",\"@id\":\"https:\/\/globdocuments.com\/#website\",\"url\":\"https:\/\/globdocuments.com\/\",\"name\":\"\",\"description\":\"Buy real fake documents online\",\"potentialAction\":[{\"@type\":\"SearchAction\",\"target\":{\"@type\":\"EntryPoint\",\"urlTemplate\":\"https:\/\/globdocuments.com\/?s={search_term_string}\"},\"query-input\":{\"@type\":\"PropertyValueSpecification\",\"valueRequired\":true,\"valueName\":\"search_term_string\"}}],\"inLanguage\":\"tr\"}]}<\/script>\n<!-- \/ Yoast SEO plugin. -->","yoast_head_json":{"title":"| Glob Documents - \u015eahsen Evlilik C\u00fczdan\u0131 Al\u0131n","description":"globdocuments.com adresinden g\u00fcvenli ve h\u0131zl\u0131 d\u00fcnya \u00e7ap\u0131nda teslimatla en iyi fiyata \u00e7evrimi\u00e7i Evlilik C\u00fczdan\u0131 sat\u0131n al\u0131n.","robots":{"index":"index","follow":"follow","max-snippet":"max-snippet:-1","max-image-preview":"max-image-preview:large","max-video-preview":"max-video-preview:-1"},"canonical":"https:\/\/globdocuments.com\/tr\/produit\/marriage-certificate\/","og_locale":"tr_TR","og_type":"article","og_title":"| Glob DocumentsGet a Marriage Certificate in Person","og_description":"Buy Marriage Certificate online at globdocuments.com with safe and fast worldwide delivery at the best price. Check the best deals on fake documents!","og_url":"https:\/\/globdocuments.com\/tr\/produit\/marriage-certificate\/","article_modified_time":"2025-12-11T07:58:07+00:00","og_image":[{"width":450,"height":450,"url":"https:\/\/globdocuments.com\/wp-content\/uploads\/2022\/11\/marriage-certificate.png","type":"image\/png"}],"twitter_card":"summary_large_image","twitter_misc":{"Tahmini okuma s\u00fcresi":"4 dakika"},"schema":{"@context":"https:\/\/schema.org","@graph":[{"@type":"WebPage","@id":"https:\/\/globdocuments.com\/fr\/produit\/marriage-certificate\/","url":"https:\/\/globdocuments.com\/fr\/produit\/marriage-certificate\/","name":"| Glob Documents - \u015eahsen Evlilik C\u00fczdan\u0131 Al\u0131n","isPartOf":{"@id":"https:\/\/globdocuments.com\/#website"},"primaryImageOfPage":{"@id":"https:\/\/globdocuments.com\/fr\/produit\/marriage-certificate\/#primaryimage"},"image":{"@id":"https:\/\/globdocuments.com\/fr\/produit\/marriage-certificate\/#primaryimage"},"thumbnailUrl":"https:\/\/globdocuments.com\/wp-content\/uploads\/2022\/11\/marriage-certificate.png","datePublished":"2022-11-03T07:17:57+00:00","dateModified":"2025-12-11T07:58:07+00:00","description":"globdocuments.com adresinden g\u00fcvenli ve h\u0131zl\u0131 d\u00fcnya \u00e7ap\u0131nda teslimatla en iyi fiyata \u00e7evrimi\u00e7i Evlilik C\u00fczdan\u0131 sat\u0131n al\u0131n.","breadcrumb":{"@id":"https:\/\/globdocuments.com\/fr\/produit\/marriage-certificate\/#breadcrumb"},"inLanguage":"tr","potentialAction":[{"@type":"ReadAction","target":["https:\/\/globdocuments.com\/fr\/produit\/marriage-certificate\/"]}]},{"@type":"ImageObject","inLanguage":"tr","@id":"https:\/\/globdocuments.com\/fr\/produit\/marriage-certificate\/#primaryimage","url":"https:\/\/globdocuments.com\/wp-content\/uploads\/2022\/11\/marriage-certificate.png","contentUrl":"https:\/\/globdocuments.com\/wp-content\/uploads\/2022\/11\/marriage-certificate.png","width":450,"height":450,"caption":"Marriage Certificate"},{"@type":"BreadcrumbList","@id":"https:\/\/globdocuments.com\/fr\/produit\/marriage-certificate\/#breadcrumb","itemListElement":[{"@type":"ListItem","position":1,"name":"Shop","item":"https:\/\/globdocuments.com\/shop\/"},{"@type":"ListItem","position":2,"name":"Marriage Certificate"}]},{"@type":"WebSite","@id":"https:\/\/globdocuments.com\/#website","url":"https:\/\/globdocuments.com\/","name":"","description":"Online ger\u00e7ek sahte belgeler sat\u0131n al","potentialAction":[{"@type":"SearchAction","target":{"@type":"EntryPoint","urlTemplate":"https:\/\/globdocuments.com\/?s={search_term_string}"},"query-input":{"@type":"PropertyValueSpecification","valueRequired":true,"valueName":"search_term_string"}}],"inLanguage":"tr"}]}},"_links":{"self":[{"href":"https:\/\/globdocuments.com\/tr\/wp-json\/wp\/v2\/product\/437","targetHints":{"allow":["GET"]}}],"collection":[{"href":"https:\/\/globdocuments.com\/tr\/wp-json\/wp\/v2\/product"}],"about":[{"href":"https:\/\/globdocuments.com\/tr\/wp-json\/wp\/v2\/types\/product"}],"replies":[{"embeddable":true,"href":"https:\/\/globdocuments.com\/tr\/wp-json\/wp\/v2\/comments?post=437"}],"wp:featuredmedia":[{"embeddable":true,"href":"https:\/\/globdocuments.com\/tr\/wp-json\/wp\/v2\/media\/489"}],"wp:attachment":[{"href":"https:\/\/globdocuments.com\/tr\/wp-json\/wp\/v2\/media?parent=437"}],"wp:term":[{"taxonomy":"product_brand","embeddable":true,"href":"https:\/\/globdocuments.com\/tr\/wp-json\/wp\/v2\/product_brand?post=437"},{"taxonomy":"product_cat","embeddable":true,"href":"https:\/\/globdocuments.com\/tr\/wp-json\/wp\/v2\/product_cat?post=437"},{"taxonomy":"product_tag","embeddable":true,"href":"https:\/\/globdocuments.com\/tr\/wp-json\/wp\/v2\/product_tag?post=437"}],"curies":[{"name":"wp","href":"https:\/\/api.w.org\/{rel}","templated":true}]}}