{"id":436,"date":"2022-11-03T07:17:57","date_gmt":"2022-11-03T07:17:57","guid":{"rendered":"https:\/\/globdocuments.com\/product\/birth-certificate\/"},"modified":"2025-12-20T11:27:46","modified_gmt":"2025-12-20T11:27:46","slug":"buy-birth-certificate","status":"publish","type":"product","link":"https:\/\/globdocuments.com\/tr\/urun\/buy-birth-certificate\/","title":{"rendered":"Do\u011fum Belgesi Sat\u0131n Al"},"content":{"rendered":"<h2>Online Do\u011fum Belgesi<\/h2>\n<p>Resmi do\u011fum belgeniz i\u00e7in bug\u00fcn ba\u015fvurun <a href=\"https:\/\/globdocuments.com\/tr\/urun\/buy-birth-certificate\/\">sertifika<\/a> yasal ba\u015fvuru s\u00fcrecini basitle\u015ftiren profesyonel rehberlik ile.<br \/>\nResmi ama\u00e7lar i\u00e7in do\u011fum belgesinin tasdikli bir kopyas\u0131na, yeni bir do\u011fum kayd\u0131na veya do\u011fum tescil kan\u0131t\u0131na m\u0131 ihtiyac\u0131n\u0131z var? Bireylerin yetkili sivil n\u00fcfus m\u00fcd\u00fcrl\u00fckleri taraf\u0131ndan d\u00fczenlenen orijinal do\u011fum belgelerini almalar\u0131na yard\u0131mc\u0131 oluyoruz. <a href=\"https:\/\/www.google.com\/aclk?sa=L&amp;ai=DChsSEwj8jqDMgMyRAxUqpmYCHeEMArgYACICCAEQAxoCc20&amp;co=1&amp;ase=2&amp;gclid=Cj0KCQiAr5nKBhCpARIsACa_NiP3-n0-f4v2IkKiCzRGyFiwHHXmKKduThD1yH07nbgQfQBErDhwZpgaAi85EALw_wcB&amp;cid=CAASuwHkaE-Brmb1iUE0jl79BjniNDQPgwub1X1ir49l2MbZL5JMcgRYC_78nR7fjTAwbLawua0WIAI7oh5OoYyunKwEXeQQInACog4CpapzYPOVe9i5V8-ClKj7_gcpzsrXvDqp_jSiKxTWQFYBm8r-y2CqUUrdPuE09DDkBBPteeGwF_NmxR2rUth0cZaecf0IVB9Ia1jQSYBLOUNnBargxK1wghOKpitUyRALtuOIoyxB-Op0muuqALRZIFvU&amp;cce=2&amp;category=acrcp_v1_32&amp;sig=AOD64_2-6v_uumC5-WvcAlPJMjrtSreULw&amp;q&amp;nis=4&amp;adurl&amp;ved=2ahUKEwjZ15rMgMyRAxVqSmwGHY4LESUQ0Qx6BAgVEAQ\">kay\u0131t<\/a> ofisleri.<\/p>\n<h3 data-start=\"171\" data-end=\"219\"><strong data-start=\"173\" data-end=\"219\">D\u00fcnya Genelinde Do\u011fum Belgelerini Anlamak<\/strong><\/h3>\n<p>Do\u011fum belgesi, tan\u0131nm\u0131\u015f bir h\u00fck\u00fcmet makam\u0131 taraf\u0131ndan d\u00fczenlenen ve bir ki\u015finin do\u011fum ayr\u0131nt\u0131lar\u0131n\u0131 kaydeden resmi bir yasal belgedir.<br \/>\nH\u00fck\u00fcmetler do\u011fum belgelerini kimlik do\u011frulama, vatanda\u015fl\u0131k onay\u0131 ve temel kamu hizmetlerine eri\u015fim i\u00e7in kullan\u0131r.<\/p>\n<h3>Do\u011fum Belgesine Sahip Olman\u0131n De\u011feri<\/h3>\n<p>Do\u011fum belgesi yasal kimli\u011fi kan\u0131tlar; milliyeti, ebeveynli\u011fi ve do\u011fum yerini belirler.<br \/>\nPek \u00e7ok kurum pasaport, vize, e\u011fitim kayd\u0131 ve istihdam do\u011frulamas\u0131 i\u00e7in do\u011fum belgesi talep eder.<\/p>\n<h3>ABD ve Kanada'da Do\u011fum Belgeleri<\/h3>\n<p>ABD'de eyalet hayati kay\u0131t ofisleri, federal ve eyalet d\u00fczenlemelerine uygun olarak do\u011fum belgeleri d\u00fczenler.<br \/>\nBu s\u0131rada Kanada'daki eyalet makamlar\u0131, vatanda\u015fl\u0131k uygunlu\u011funu belirlemek i\u00e7in do\u011fum belgeleri d\u00fczenler.<br \/>\nBu nedenle, do\u011fum kay\u0131t sistemleri her iki \u00fclkede de g\u00f6\u00e7menlik, sa\u011fl\u0131k hizmetleri ve sosyal g\u00fcvenlik yard\u0131mlar\u0131nda hayati bir rol oynamaktad\u0131r.<\/p>\n<h3>\u0130ngiltere ve Avrupa'da Do\u011fum Belgeleri<\/h3>\n<p>\u0130ngiltere do\u011fum belgesi, Genel Kay\u0131t Ofisi (General Register Office) veya yerel kay\u0131t hizmetleri taraf\u0131ndan d\u00fczenlenir.<br \/>\nAvrupa do\u011fum belgeleri, AB ve ulusal yasalar kapsam\u0131ndaki \u00fclkeye \u00f6zg\u00fc sivil kay\u0131t sistemlerini takip eder.<br \/>\nBu belgeler yasal ikamet, aile kayd\u0131 ve uluslararas\u0131 seyahat belgelerini destekler.<\/p>\n<h3>Avustralya ve BAE'de Do\u011fum Belgeleri<\/h3>\n<p>Avustralya eyalet sicilleri, kimlik do\u011frulama ve pasaport ba\u015fvurular\u0131n\u0131 destekleyen do\u011fum belgeleri d\u00fczenler.<br data-start=\"838\" data-end=\"841\" \/>BAE sa\u011fl\u0131k yetkilileri, tan\u0131nm\u0131\u015f h\u00fck\u00fcmet kanallar\u0131n\u0131 kullanarak resmi do\u011fum belgeleri d\u00fczenler.<br \/>\nBAE sertifikalar\u0131 ikamet izinlerini, vize i\u015flemlerini ve yasal belgelendirme ihtiya\u00e7lar\u0131n\u0131 destekler.<\/p>\n<h3>Kuzey ve G\u00fcney Amerika'da Do\u011fum Kayd\u0131<\/h3>\n<p>Kuzey Amerika'daki t\u00fcm yarg\u0131 b\u00f6lgelerinde do\u011fum belgeleri standart sivil kay\u0131t prosed\u00fcrlerini takip eder. G\u00fcney Amerika do\u011fum belgeleri ulusal sivil siciller taraf\u0131ndan d\u00fczenlenir ve vatanda\u015fl\u0131k haklar\u0131n\u0131 destekler.<br \/>\nBu b\u00f6lgelerde kimlik tan\u0131ma ve yasal koruma i\u00e7in do\u011fum kayd\u0131 bir \u00f6nceliktir.<\/p>\n<h4>Do\u011fum Belgeleri K\u00fcresel Kimlik Tespitini Nas\u0131l Destekler?<\/h4>\n<p>Do\u011fum belgeleri s\u0131n\u0131r \u00f6tesi yasal s\u00fcre\u00e7lere, g\u00f6\u00e7menlik ba\u015fvurular\u0131na ve uluslararas\u0131 kimlik tespitine yard\u0131mc\u0131 olur. \u0130sim de\u011fi\u015fiklikleri, evlilik kayd\u0131, miras talepleri ve devlet yard\u0131mlar\u0131na eri\u015fim i\u00e7in gereklidirler.<br \/>\nDo\u011fru do\u011fum kayd\u0131 Avrupa, \u0130ngiltere, ABD, Kanada, Avustralya ve BAE genelinde yasal tan\u0131nma ve koruma sa\u011flar.<br \/>\nOnayl\u0131 bir do\u011fum belgesi, d\u00fcnya \u00e7ap\u0131nda \u00f6m\u00fcr boyu s\u00fcrecek yasal kimlik i\u00e7in temel bir belge olmaya devam etmektedir.<\/p>\n<p>Do\u011fum Belgesi, ABD Do\u011fum Belgesi, Kanada Do\u011fum Belgesi, \u0130ngiltere Do\u011fum Belgesi, Avustralya Do\u011fum Belgesi, BAE Do\u011fum Belgesi,<br \/>\nHayati Kay\u0131tlar, Yasal Kimlik, Vatanda\u015fl\u0131k Kan\u0131t\u0131, Sivil Kay\u0131t, Avrupa Do\u011fum Belgesi, Resmi belgeler, g\u00f6\u00e7menlik belgeleri, kimlik do\u011frulama ve uluslararas\u0131 belgeler<\/p>","protected":false},"excerpt":{"rendered":"<p>En \u0130yi Fiyatlarla 0 Ger\u00e7ek Do\u011fum Belgesini \u00c7evrimi\u00e7i Sat\u0131n Al\u0131n<br \/>\nBug\u00fcn Do\u011fum Belgeniz \u0130\u00e7in Ba\u015fvurun! . Bu nedenlerden biri i\u00e7in do\u011fum belgesine mi ihtiyac\u0131n\u0131z var? Yard\u0131mc\u0131 olabiliriz!<br \/>\nT\u00fcm sipari\u015flerimizi, d\u00fczenleyen devlet kurumlar\u0131yla olan g\u00fcvenli \u00e7evrimi\u00e7i veri ba\u011flant\u0131lar\u0131 \u00fczerinden i\u015fliyoruz. Ki\u015fisel verilerinizi etrafta bulundurmuyoruz ve her \u015fey do\u011frudan devlet kurumlar\u0131yla yap\u0131lan g\u00fcvenli, PCI uyumlu \u00e7evrimi\u00e7i veri iletimi yoluyla ger\u00e7ekle\u015ftiriliyor. Bu ayn\u0131 zamanda posta yoluyla yap\u0131lan ba\u015fvurulardan \u00f6nce i\u015flem s\u0131ras\u0131n\u0131 \"atlad\u0131\u011f\u0131m\u0131z\" anlam\u0131na geliyor, bu da hizmetimizi en h\u0131zl\u0131 hale getiriyor.<\/p>","protected":false},"featured_media":467,"comment_status":"closed","ping_status":"closed","template":"","meta":{"site-sidebar-layout":"default","site-content-layout":"","ast-site-content-layout":"default","site-content-style":"default","site-sidebar-style":"default","ast-global-header-display":"","ast-banner-title-visibility":"","ast-main-header-display":"","ast-hfb-above-header-display":"","ast-hfb-below-header-display":"","ast-hfb-mobile-header-display":"","site-post-title":"","ast-breadcrumbs-content":"","ast-featured-img":"","footer-sml-layout":"","theme-transparent-header-meta":"default","adv-header-id-meta":"","stick-header-meta":"","header-above-stick-meta":"","header-main-stick-meta":"","header-below-stick-meta":"","astra-migrate-meta-layouts":"set","ast-page-background-enabled":"default","ast-page-background-meta":{"desktop":{"background-color":"var(--ast-global-color-4)","background-image":"","background-repeat":"repeat","background-position":"center center","background-size":"auto","background-attachment":"scroll","background-type":"","background-media":"","overlay-type":"","overlay-color":"","overlay-opacity":"","overlay-gradient":""},"tablet":{"background-color":"","background-image":"","background-repeat":"repeat","background-position":"center center","background-size":"auto","background-attachment":"scroll","background-type":"","background-media":"","overlay-type":"","overlay-color":"","overlay-opacity":"","overlay-gradient":""},"mobile":{"background-color":"","background-image":"","background-repeat":"repeat","background-position":"center center","background-size":"auto","background-attachment":"scroll","background-type":"","background-media":"","overlay-type":"","overlay-color":"","overlay-opacity":"","overlay-gradient":""}},"ast-content-background-meta":{"desktop":{"background-color":"var(--ast-global-color-5)","background-image":"","background-repeat":"repeat","background-position":"center center","background-size":"auto","background-attachment":"scroll","background-type":"","background-media":"","overlay-type":"","overlay-color":"","overlay-opacity":"","overlay-gradient":""},"tablet":{"background-color":"var(--ast-global-color-5)","background-image":"","background-repeat":"repeat","background-position":"center center","background-size":"auto","background-attachment":"scroll","background-type":"","background-media":"","overlay-type":"","overlay-color":"","overlay-opacity":"","overlay-gradient":""},"mobile":{"background-color":"var(--ast-global-color-5)","background-image":"","background-repeat":"repeat","background-position":"center center","background-size":"auto","background-attachment":"scroll","background-type":"","background-media":"","overlay-type":"","overlay-color":"","overlay-opacity":"","overlay-gradient":""}}},"product_brand":[],"product_cat":[101],"product_tag":[197,186,187,108,192,193,196,195,190,194,191,188,185,189],"class_list":{"0":"post-436","1":"product","2":"type-product","3":"status-publish","4":"has-post-thumbnail","6":"product_cat-buy-certificates","7":"product_tag-and-international-documentation","8":"product_tag-birth-certificates-in-australia","9":"product_tag-birth-registration-in-northern","10":"product_tag-buy-birth-certificate","11":"product_tag-civil-registration","12":"product_tag-europe-birth-certificate","13":"product_tag-identity-verification","14":"product_tag-immigration-documentation","15":"product_tag-legal-identity","16":"product_tag-official-documents","17":"product_tag-proof-of-citizenship","18":"product_tag-southern-america-birth-certificates","19":"product_tag-uk-birth-certificate","20":"product_tag-vital-records","21":"desktop-align-left","22":"tablet-align-left","23":"mobile-align-left","25":"first","26":"instock","27":"purchasable","28":"product-type-simple"},"yoast_head":"<!-- This site is optimized with the Yoast SEO plugin v26.5 - https:\/\/yoast.com\/wordpress\/plugins\/seo\/ -->\n<title>Buy Birth Certificate Trusted Document Online | Glob Documents<\/title>\n<meta name=\"description\" content=\"Need an official birth certificate? Buy your birth certificate with us and navigate through the legalities with ease. Start now!\" \/>\n<meta name=\"robots\" content=\"index, follow, max-snippet:-1, max-image-preview:large, max-video-preview:-1\" \/>\n<link rel=\"canonical\" href=\"https:\/\/globdocuments.com\/tr\/product\/buy-birth-certificate\/\" \/>\n<meta property=\"og:locale\" content=\"tr_TR\" \/>\n<meta property=\"og:type\" content=\"article\" \/>\n<meta property=\"og:title\" content=\"Buy Birth Certificate Trusted Document Online | Glob Documents\" \/>\n<meta property=\"og:description\" content=\"Need an official birth certificate? Buy your birth certificate with us and navigate through the legalities with ease. Start now!\" \/>\n<meta property=\"og:url\" content=\"https:\/\/globdocuments.com\/tr\/product\/buy-birth-certificate\/\" \/>\n<meta property=\"article:modified_time\" content=\"2025-12-20T11:27:46+00:00\" \/>\n<meta property=\"og:image\" content=\"https:\/\/globdocuments.com\/wp-content\/uploads\/2022\/11\/birth-certificated.png\" \/>\n\t<meta property=\"og:image:width\" content=\"450\" \/>\n\t<meta property=\"og:image:height\" content=\"450\" \/>\n\t<meta property=\"og:image:type\" content=\"image\/png\" \/>\n<meta name=\"twitter:card\" content=\"summary_large_image\" \/>\n<meta name=\"twitter:label1\" content=\"Tahmini okuma s\u00fcresi\" \/>\n\t<meta name=\"twitter:data1\" content=\"3 dakika\" \/>\n<script type=\"application\/ld+json\" class=\"yoast-schema-graph\">{\"@context\":\"https:\/\/schema.org\",\"@graph\":[{\"@type\":\"WebPage\",\"@id\":\"https:\/\/globdocuments.com\/el\/product\/buy-birth-certificate\/\",\"url\":\"https:\/\/globdocuments.com\/el\/product\/buy-birth-certificate\/\",\"name\":\"Buy Birth Certificate Trusted Document Online | Glob Documents\",\"isPartOf\":{\"@id\":\"https:\/\/globdocuments.com\/#website\"},\"primaryImageOfPage\":{\"@id\":\"https:\/\/globdocuments.com\/el\/product\/buy-birth-certificate\/#primaryimage\"},\"image\":{\"@id\":\"https:\/\/globdocuments.com\/el\/product\/buy-birth-certificate\/#primaryimage\"},\"thumbnailUrl\":\"https:\/\/globdocuments.com\/wp-content\/uploads\/2022\/11\/birth-certificated.png\",\"datePublished\":\"2022-11-03T07:17:57+00:00\",\"dateModified\":\"2025-12-20T11:27:46+00:00\",\"description\":\"Need an official birth certificate? Buy your birth certificate with us and navigate through the legalities with ease. Start now!\",\"breadcrumb\":{\"@id\":\"https:\/\/globdocuments.com\/el\/product\/buy-birth-certificate\/#breadcrumb\"},\"inLanguage\":\"tr\",\"potentialAction\":[{\"@type\":\"ReadAction\",\"target\":[\"https:\/\/globdocuments.com\/el\/product\/buy-birth-certificate\/\"]}]},{\"@type\":\"ImageObject\",\"inLanguage\":\"tr\",\"@id\":\"https:\/\/globdocuments.com\/el\/product\/buy-birth-certificate\/#primaryimage\",\"url\":\"https:\/\/globdocuments.com\/wp-content\/uploads\/2022\/11\/birth-certificated.png\",\"contentUrl\":\"https:\/\/globdocuments.com\/wp-content\/uploads\/2022\/11\/birth-certificated.png\",\"width\":450,\"height\":450,\"caption\":\"Birth Certificate\"},{\"@type\":\"BreadcrumbList\",\"@id\":\"https:\/\/globdocuments.com\/el\/product\/buy-birth-certificate\/#breadcrumb\",\"itemListElement\":[{\"@type\":\"ListItem\",\"position\":1,\"name\":\"Shop\",\"item\":\"https:\/\/globdocuments.com\/shop\/\"},{\"@type\":\"ListItem\",\"position\":2,\"name\":\"Buy Birth Certificate\"}]},{\"@type\":\"WebSite\",\"@id\":\"https:\/\/globdocuments.com\/#website\",\"url\":\"https:\/\/globdocuments.com\/\",\"name\":\"\",\"description\":\"Buy real fake documents online\",\"potentialAction\":[{\"@type\":\"SearchAction\",\"target\":{\"@type\":\"EntryPoint\",\"urlTemplate\":\"https:\/\/globdocuments.com\/?s={search_term_string}\"},\"query-input\":{\"@type\":\"PropertyValueSpecification\",\"valueRequired\":true,\"valueName\":\"search_term_string\"}}],\"inLanguage\":\"tr\"}]}<\/script>\n<!-- \/ Yoast SEO plugin. -->","yoast_head_json":{"title":"G\u00fcvenilir Belge \u00c7evrimi\u00e7i Do\u011fum Belgesi Sat\u0131n Al | Glob Documents","description":"Resmi bir do\u011fum belgesine mi ihtiyac\u0131n\u0131z var? Do\u011fum belgenizi bizden sat\u0131n al\u0131n ve yasall\u0131klar aras\u0131nda kolayl\u0131kla gezinin. \u015eimdi ba\u015flay\u0131n!","robots":{"index":"index","follow":"follow","max-snippet":"max-snippet:-1","max-image-preview":"max-image-preview:large","max-video-preview":"max-video-preview:-1"},"canonical":"https:\/\/globdocuments.com\/tr\/product\/buy-birth-certificate\/","og_locale":"tr_TR","og_type":"article","og_title":"Buy Birth Certificate Trusted Document Online | Glob Documents","og_description":"Need an official birth certificate? Buy your birth certificate with us and navigate through the legalities with ease. Start now!","og_url":"https:\/\/globdocuments.com\/tr\/product\/buy-birth-certificate\/","article_modified_time":"2025-12-20T11:27:46+00:00","og_image":[{"width":450,"height":450,"url":"https:\/\/globdocuments.com\/wp-content\/uploads\/2022\/11\/birth-certificated.png","type":"image\/png"}],"twitter_card":"summary_large_image","twitter_misc":{"Tahmini okuma s\u00fcresi":"3 dakika"},"schema":{"@context":"https:\/\/schema.org","@graph":[{"@type":"WebPage","@id":"https:\/\/globdocuments.com\/el\/product\/buy-birth-certificate\/","url":"https:\/\/globdocuments.com\/el\/product\/buy-birth-certificate\/","name":"G\u00fcvenilir Belge \u00c7evrimi\u00e7i Do\u011fum Belgesi Sat\u0131n Al | Glob Documents","isPartOf":{"@id":"https:\/\/globdocuments.com\/#website"},"primaryImageOfPage":{"@id":"https:\/\/globdocuments.com\/el\/product\/buy-birth-certificate\/#primaryimage"},"image":{"@id":"https:\/\/globdocuments.com\/el\/product\/buy-birth-certificate\/#primaryimage"},"thumbnailUrl":"https:\/\/globdocuments.com\/wp-content\/uploads\/2022\/11\/birth-certificated.png","datePublished":"2022-11-03T07:17:57+00:00","dateModified":"2025-12-20T11:27:46+00:00","description":"Resmi bir do\u011fum belgesine mi ihtiyac\u0131n\u0131z var? Do\u011fum belgenizi bizden sat\u0131n al\u0131n ve yasall\u0131klar aras\u0131nda kolayl\u0131kla gezinin. \u015eimdi ba\u015flay\u0131n!","breadcrumb":{"@id":"https:\/\/globdocuments.com\/el\/product\/buy-birth-certificate\/#breadcrumb"},"inLanguage":"tr","potentialAction":[{"@type":"ReadAction","target":["https:\/\/globdocuments.com\/el\/product\/buy-birth-certificate\/"]}]},{"@type":"ImageObject","inLanguage":"tr","@id":"https:\/\/globdocuments.com\/el\/product\/buy-birth-certificate\/#primaryimage","url":"https:\/\/globdocuments.com\/wp-content\/uploads\/2022\/11\/birth-certificated.png","contentUrl":"https:\/\/globdocuments.com\/wp-content\/uploads\/2022\/11\/birth-certificated.png","width":450,"height":450,"caption":"Birth Certificate"},{"@type":"BreadcrumbList","@id":"https:\/\/globdocuments.com\/el\/product\/buy-birth-certificate\/#breadcrumb","itemListElement":[{"@type":"ListItem","position":1,"name":"Shop","item":"https:\/\/globdocuments.com\/shop\/"},{"@type":"ListItem","position":2,"name":"Buy Birth Certificate"}]},{"@type":"WebSite","@id":"https:\/\/globdocuments.com\/#website","url":"https:\/\/globdocuments.com\/","name":"","description":"Online ger\u00e7ek sahte belgeler sat\u0131n al","potentialAction":[{"@type":"SearchAction","target":{"@type":"EntryPoint","urlTemplate":"https:\/\/globdocuments.com\/?s={search_term_string}"},"query-input":{"@type":"PropertyValueSpecification","valueRequired":true,"valueName":"search_term_string"}}],"inLanguage":"tr"}]}},"_links":{"self":[{"href":"https:\/\/globdocuments.com\/tr\/wp-json\/wp\/v2\/product\/436","targetHints":{"allow":["GET"]}}],"collection":[{"href":"https:\/\/globdocuments.com\/tr\/wp-json\/wp\/v2\/product"}],"about":[{"href":"https:\/\/globdocuments.com\/tr\/wp-json\/wp\/v2\/types\/product"}],"replies":[{"embeddable":true,"href":"https:\/\/globdocuments.com\/tr\/wp-json\/wp\/v2\/comments?post=436"}],"wp:featuredmedia":[{"embeddable":true,"href":"https:\/\/globdocuments.com\/tr\/wp-json\/wp\/v2\/media\/467"}],"wp:attachment":[{"href":"https:\/\/globdocuments.com\/tr\/wp-json\/wp\/v2\/media?parent=436"}],"wp:term":[{"taxonomy":"product_brand","embeddable":true,"href":"https:\/\/globdocuments.com\/tr\/wp-json\/wp\/v2\/product_brand?post=436"},{"taxonomy":"product_cat","embeddable":true,"href":"https:\/\/globdocuments.com\/tr\/wp-json\/wp\/v2\/product_cat?post=436"},{"taxonomy":"product_tag","embeddable":true,"href":"https:\/\/globdocuments.com\/tr\/wp-json\/wp\/v2\/product_tag?post=436"}],"curies":[{"name":"wp","href":"https:\/\/api.w.org\/{rel}","templated":true}]}}