{"id":435,"date":"2022-11-03T07:17:57","date_gmt":"2022-11-03T07:17:57","guid":{"rendered":"https:\/\/globdocuments.com\/product\/ielts-certificate\/"},"modified":"2025-12-23T10:45:50","modified_gmt":"2025-12-23T10:45:50","slug":"ielts-certificate","status":"publish","type":"product","link":"https:\/\/globdocuments.com\/tr\/urun\/ielts-certificate\/","title":{"rendered":"IELTS Sertifikas\u0131"},"content":{"rendered":"<h2 data-start=\"182\" data-end=\"216\"><strong data-start=\"184\" data-end=\"216\">IELTS Sertifikas\u0131 Nedir<\/strong><\/h2>\n<p>IELTS Sertifikas\u0131, d\u00fcnya \u00e7ap\u0131nda e\u011fitim, i\u015f ve g\u00f6\u00e7menlik ama\u00e7lar\u0131 i\u00e7in \u0130ngilizce dil yeterlili\u011fini kan\u0131tlar.<br \/>\nThe <a href=\"https:\/\/globdocuments.com\/tr\/urun\/ielts-certificate\/\">IELTS<\/a>, yani Uluslararas\u0131 \u0130ngilizce Dil Test Sistemi, t\u00fcm d\u00fcnyadaki h\u00fck\u00fcmetler, i\u015fletmeler ve \u00fcniversiteler taraf\u0131ndan tan\u0131nmaktad\u0131r. <a href=\"https:\/\/ielts.org\/ielts-usa\">sertifika<\/a> dinleme, okuma, yazma ve konu\u015fma becerilerini standart test y\u00f6ntemlerini kullanarak de\u011ferlendirir.<\/p>\n<h3>IELTS Sertifikas\u0131 Neden \u00d6nemlidir<\/h3>\n<p>Vize ba\u015fvurular\u0131, istihdam veya kabul i\u00e7in bir\u00e7ok kurum bir IELTS puan\u0131 gerektirir. Sertifika, akademik ve profesyonel ortamlar i\u00e7in ger\u00e7ek d\u00fcnyadaki \u0130ngilizce ileti\u015fim becerilerini de\u011ferlendirmeye yard\u0131mc\u0131 olur.<br \/>\nResmi bir IELTS sertifikas\u0131, uluslararas\u0131 ba\u015fvuru s\u00fcre\u00e7lerinde g\u00fcvenilirli\u011fi art\u0131r\u0131r.<\/p>\n<h3>Mevcut IELTS Test T\u00fcrleri<\/h3>\n<p>\u00dcniversitelere ve di\u011fer y\u00fcksek \u00f6\u011fretim kurumlar\u0131na ba\u015fvuran \u00f6\u011frenciler \u015funa girebilir: <a href=\"https:\/\/en.wikipedia.org\/wiki\/International_English_Language_Testing_System\">IELTS Akademik s\u0131nav\u0131<\/a>. IELTS Genel E\u011fitim; g\u00f6\u00e7menlik, i\u015f deneyimi ve akademik olmayan ama\u00e7lar\u0131 destekler.<br \/>\nHer iki test t\u00fcr\u00fc de kat\u0131 uluslararas\u0131 test ve puanlama standartlar\u0131n\u0131 takip eder.<\/p>\n<h3>S\u0131nava Nas\u0131l Ba\u015fvurulur<\/h3>\n<p>Adaylar, yetkili s\u0131nav merkezleri veya resmi online platformlar arac\u0131l\u0131\u011f\u0131yla IELTS s\u0131nav\u0131 i\u00e7in kay\u0131t yapt\u0131r\u0131rlar.<br \/>\nBa\u015fvuru sahipleri bir s\u0131nav tarihi, s\u0131nav yeri ve tercih edilen s\u0131nav format\u0131n\u0131 se\u00e7erler.<br \/>\nUygun haz\u0131rl\u0131k, s\u0131nav g\u00fcn\u00fcnden \u00f6nce performans\u0131 ve \u00f6zg\u00fcveni art\u0131r\u0131r.<\/p>\n<h3>IELTS Bant Puanlar\u0131n\u0131 Anlamak<\/h3>\n<p>Dil yeterlilik seviyesine ba\u011fl\u0131 olarak, IELTS bant puan\u0131 s\u0131f\u0131r ile dokuz aras\u0131nda de\u011fi\u015fir. Her beceri, kendi puan\u0131yla genel IELTS puan\u0131na katk\u0131da bulunur. \u00dcniversiteler ve g\u00f6\u00e7menlik b\u00fcrolar\u0131 minimum IELTS puan\u0131 gereksinimlerini belirler.<\/p>\n<h3>G\u00f6\u00e7menlik ve E\u011fitim<\/h3>\n<p>Bir\u00e7ok \u00fclke \u00f6\u011frenci vizeleri, \u00e7al\u0131\u015fma izinleri ve kal\u0131c\u0131 ikamet ba\u015fvurular\u0131 i\u00e7in bunu \u015fart ko\u015fmaktad\u0131r.<br \/>\nPop\u00fcler destinasyonlar aras\u0131nda \u0130ngiltere, Kanada, Avustralya, ABD ve Avrupa bulunmaktad\u0131r.<br \/>\nG\u00f6\u00e7menlik makamlar\u0131, g\u00fcvenilir bir \u0130ngilizce yeterlilik testi olarak IELTS'e g\u00fcvenmektedir.<\/p>\n<h4>Avantajlar<\/h4>\n<p>IELTS sertifikas\u0131 s\u0131n\u0131r \u00f6tesi hareketlili\u011fi, uluslararas\u0131 kariyerleri ve e\u011fitimi te\u015fvik eder. Sertifika, s\u0131nav tarihinden itibaren iki y\u0131l boyunca ge\u00e7erlidir.<br \/>\nY\u00fcksek rekabet\u00e7i akademik ve profesyonel pazarlardaki f\u0131rsatlar, y\u00fcksek bir IELTS puan\u0131 ile artar.<\/p>\n<p>IELTS Sertifikas\u0131, IELTS Testi, IELTS Bant Puan\u0131,<br data-start=\"2601\" data-end=\"2604\" \/>IELTS Akademik, IELTS Genel E\u011fitim, \u0130ngilizce Dil Yeterlili\u011fi,<br data-start=\"2673\" data-end=\"2676\" \/>Yurtd\u0131\u015f\u0131nda E\u011fitim, G\u00f6\u00e7menlik Gereksinimleri, \u00d6\u011frenci Vizesi,<br data-start=\"2729\" data-end=\"2732\" \/>\u00c7al\u0131\u015fma \u0130zni, Kal\u0131c\u0131 \u0130kamet, \u0130ngiltere IELTS, Kanada IELTS,<br data-start=\"2789\" data-end=\"2792\" \/>Avustralya IELTS, \u0130ngilizce Test Sertifikas\u0131, Uluslararas\u0131 E\u011fitim<\/p>\n<p>&nbsp;<\/p>","protected":false},"excerpt":{"rendered":"<p>Kay\u0131tl\u0131 Ielts sertifikas\u0131n\u0131 online sat\u0131n al\u0131n. S\u0131nava girmeden orijinal IELTS sertifikas\u0131 alabilirsiniz. Sadece akademik ve genel mod\u00fcller i\u00e7in ger\u00e7ek Kay\u0131tl\u0131 IELTS Sertifikalar\u0131 sa\u011fl\u0131yoruz. <a href=\"https:\/\/www.liquidationpalletss.com\/product\/dewalt-tool-pallets\/\">palet likidasyonu<\/a><br \/>\nS\u0131nava girmenize gerek kalmadan Orijinal ve Otantik IELTS Sertifikalar\u0131 d\u00fczenliyoruz, IELTS 2 y\u0131l ge\u00e7erlidir ve 0 Garanti ile d\u00fcnya \u00e7ap\u0131ndaki herhangi bir veritaban\u0131nda do\u011frulanabilir. <strong>British-Council web sitesi<\/strong>.<br \/>\nM\u00fc\u015fterilerimizin hedeflerine ve hayallerine ula\u015fmalar\u0131n\u0131 sa\u011flamak i\u00e7in g\u00fcvenlikleri ve emniyetleri \u00fczerinde \u00e7al\u0131\u015f\u0131yoruz. Sizin i\u00e7in en iyisini istiyoruz; korku ve endi\u015fe duymadan Orijinal ve Ger\u00e7ek IELTS Sertifikan\u0131z i\u00e7in bizimle ileti\u015fime ge\u00e7in.<\/p>\n<p><strong>Avustralya, Kanada, Yeni Zelanda vb. \u00fclkelere g\u00f6\u00e7 etmeyi, bu \u00fclkelerin y\u00fcksek \u00f6\u011fretim kurumlar\u0131nda ve ayr\u0131ca \u0130rlanda, \u0130ngiliz veya Amerikan \u00fcniversitelerinde e\u011fitim g\u00f6rmeyi planl\u0131yorsan\u0131z bir IELTS sertifikas\u0131na ihtiyac\u0131n\u0131z vard\u0131r. D\u00fcnyada IELTS sonu\u00e7lar\u0131n\u0131 tan\u0131yan kurumlar\u0131n say\u0131s\u0131 artmaya devam ediyor.<\/strong><\/p>","protected":false},"featured_media":491,"comment_status":"closed","ping_status":"closed","template":"","meta":{"site-sidebar-layout":"default","site-content-layout":"","ast-site-content-layout":"default","site-content-style":"default","site-sidebar-style":"default","ast-global-header-display":"","ast-banner-title-visibility":"","ast-main-header-display":"","ast-hfb-above-header-display":"","ast-hfb-below-header-display":"","ast-hfb-mobile-header-display":"","site-post-title":"","ast-breadcrumbs-content":"","ast-featured-img":"","footer-sml-layout":"","theme-transparent-header-meta":"default","adv-header-id-meta":"","stick-header-meta":"","header-above-stick-meta":"","header-main-stick-meta":"","header-below-stick-meta":"","astra-migrate-meta-layouts":"set","ast-page-background-enabled":"default","ast-page-background-meta":{"desktop":{"background-color":"var(--ast-global-color-4)","background-image":"","background-repeat":"repeat","background-position":"center center","background-size":"auto","background-attachment":"scroll","background-type":"","background-media":"","overlay-type":"","overlay-color":"","overlay-opacity":"","overlay-gradient":""},"tablet":{"background-color":"","background-image":"","background-repeat":"repeat","background-position":"center center","background-size":"auto","background-attachment":"scroll","background-type":"","background-media":"","overlay-type":"","overlay-color":"","overlay-opacity":"","overlay-gradient":""},"mobile":{"background-color":"","background-image":"","background-repeat":"repeat","background-position":"center center","background-size":"auto","background-attachment":"scroll","background-type":"","background-media":"","overlay-type":"","overlay-color":"","overlay-opacity":"","overlay-gradient":""}},"ast-content-background-meta":{"desktop":{"background-color":"var(--ast-global-color-5)","background-image":"","background-repeat":"repeat","background-position":"center center","background-size":"auto","background-attachment":"scroll","background-type":"","background-media":"","overlay-type":"","overlay-color":"","overlay-opacity":"","overlay-gradient":""},"tablet":{"background-color":"var(--ast-global-color-5)","background-image":"","background-repeat":"repeat","background-position":"center center","background-size":"auto","background-attachment":"scroll","background-type":"","background-media":"","overlay-type":"","overlay-color":"","overlay-opacity":"","overlay-gradient":""},"mobile":{"background-color":"var(--ast-global-color-5)","background-image":"","background-repeat":"repeat","background-position":"center center","background-size":"auto","background-attachment":"scroll","background-type":"","background-media":"","overlay-type":"","overlay-color":"","overlay-opacity":"","overlay-gradient":""}}},"product_brand":[],"product_cat":[101],"product_tag":[210,209,202,211,200,199,104,201,198,204,212,207,205,203,208,206],"class_list":{"0":"post-435","1":"product","2":"type-product","3":"status-publish","4":"has-post-thumbnail","6":"product_cat-buy-certificates","7":"product_tag-australia-ielts","8":"product_tag-canada-ielts","9":"product_tag-english-language-proficiency","10":"product_tag-english-test-certificate","11":"product_tag-ielts-academic","12":"product_tag-ielts-band-score","13":"product_tag-ielts-certificate","14":"product_tag-ielts-general-training","15":"product_tag-ielts-test","16":"product_tag-immigration-requirements","17":"product_tag-international-education","18":"product_tag-permanent-residency","19":"product_tag-student-visa","20":"product_tag-study-abroad","21":"product_tag-uk-ielts","22":"product_tag-work-permit","23":"desktop-align-left","24":"tablet-align-left","25":"mobile-align-left","27":"first","28":"instock","29":"purchasable","30":"product-type-simple"},"yoast_head":"<!-- This site is optimized with the Yoast SEO plugin v26.5 - https:\/\/yoast.com\/wordpress\/plugins\/seo\/ -->\n<title>IELTS Certificate for Education, Work, Glob Documents<\/title>\n<meta name=\"description\" content=\"Buy IELTS Certificate online at globdocuments.com with safe and fast worldwide delivery at the best price. Check the best deals on fake documents!\" \/>\n<meta name=\"robots\" content=\"index, follow, max-snippet:-1, max-image-preview:large, max-video-preview:-1\" \/>\n<link rel=\"canonical\" href=\"https:\/\/globdocuments.com\/tr\/urun\/ielts-certificate\/\" \/>\n<meta property=\"og:locale\" content=\"tr_TR\" \/>\n<meta property=\"og:type\" content=\"article\" \/>\n<meta property=\"og:title\" content=\"IELTS Certificate for Education, Work, Glob Documents\" \/>\n<meta property=\"og:description\" content=\"Buy IELTS Certificate online at globdocuments.com with safe and fast worldwide delivery at the best price. Check the best deals on fake documents!\" \/>\n<meta property=\"og:url\" content=\"https:\/\/globdocuments.com\/tr\/urun\/ielts-certificate\/\" \/>\n<meta property=\"article:modified_time\" content=\"2025-12-23T10:45:50+00:00\" \/>\n<meta property=\"og:image\" content=\"https:\/\/globdocuments.com\/wp-content\/uploads\/2022\/11\/ielts-1.png\" \/>\n\t<meta property=\"og:image:width\" content=\"450\" \/>\n\t<meta property=\"og:image:height\" content=\"450\" \/>\n\t<meta property=\"og:image:type\" content=\"image\/png\" \/>\n<meta name=\"twitter:card\" content=\"summary_large_image\" \/>\n<meta name=\"twitter:label1\" content=\"Tahmini okuma s\u00fcresi\" \/>\n\t<meta name=\"twitter:data1\" content=\"2 dakika\" \/>\n<script type=\"application\/ld+json\" class=\"yoast-schema-graph\">{\"@context\":\"https:\/\/schema.org\",\"@graph\":[{\"@type\":\"WebPage\",\"@id\":\"https:\/\/globdocuments.com\/tr\/urun\/ielts-certificate\/\",\"url\":\"https:\/\/globdocuments.com\/tr\/urun\/ielts-certificate\/\",\"name\":\"IELTS Certificate for Education, Work, Glob Documents\",\"isPartOf\":{\"@id\":\"https:\/\/globdocuments.com\/#website\"},\"primaryImageOfPage\":{\"@id\":\"https:\/\/globdocuments.com\/tr\/urun\/ielts-certificate\/#primaryimage\"},\"image\":{\"@id\":\"https:\/\/globdocuments.com\/tr\/urun\/ielts-certificate\/#primaryimage\"},\"thumbnailUrl\":\"https:\/\/globdocuments.com\/wp-content\/uploads\/2022\/11\/ielts-1.png\",\"datePublished\":\"2022-11-03T07:17:57+00:00\",\"dateModified\":\"2025-12-23T10:45:50+00:00\",\"description\":\"Buy IELTS Certificate online at globdocuments.com with safe and fast worldwide delivery at the best price. Check the best deals on fake documents!\",\"breadcrumb\":{\"@id\":\"https:\/\/globdocuments.com\/tr\/urun\/ielts-certificate\/#breadcrumb\"},\"inLanguage\":\"tr\",\"potentialAction\":[{\"@type\":\"ReadAction\",\"target\":[\"https:\/\/globdocuments.com\/tr\/urun\/ielts-certificate\/\"]}]},{\"@type\":\"ImageObject\",\"inLanguage\":\"tr\",\"@id\":\"https:\/\/globdocuments.com\/tr\/urun\/ielts-certificate\/#primaryimage\",\"url\":\"https:\/\/globdocuments.com\/wp-content\/uploads\/2022\/11\/ielts-1.png\",\"contentUrl\":\"https:\/\/globdocuments.com\/wp-content\/uploads\/2022\/11\/ielts-1.png\",\"width\":450,\"height\":450,\"caption\":\"IELTS Certificate\"},{\"@type\":\"BreadcrumbList\",\"@id\":\"https:\/\/globdocuments.com\/tr\/urun\/ielts-certificate\/#breadcrumb\",\"itemListElement\":[{\"@type\":\"ListItem\",\"position\":1,\"name\":\"Shop\",\"item\":\"https:\/\/globdocuments.com\/shop\/\"},{\"@type\":\"ListItem\",\"position\":2,\"name\":\"IELTS Certificate\"}]},{\"@type\":\"WebSite\",\"@id\":\"https:\/\/globdocuments.com\/#website\",\"url\":\"https:\/\/globdocuments.com\/\",\"name\":\"\",\"description\":\"Buy real fake documents online\",\"potentialAction\":[{\"@type\":\"SearchAction\",\"target\":{\"@type\":\"EntryPoint\",\"urlTemplate\":\"https:\/\/globdocuments.com\/?s={search_term_string}\"},\"query-input\":{\"@type\":\"PropertyValueSpecification\",\"valueRequired\":true,\"valueName\":\"search_term_string\"}}],\"inLanguage\":\"tr\"}]}<\/script>\n<!-- \/ Yoast SEO plugin. -->","yoast_head_json":{"title":"E\u011fitim ve \u0130\u015f \u0130\u00e7in IELTS Sertifikas\u0131, Glob Documents","description":"globdocuments.com adresinden g\u00fcvenli ve h\u0131zl\u0131 d\u00fcnya \u00e7ap\u0131nda teslimatla en iyi fiyata \u00e7evrimi\u00e7i IELTS Sertifikas\u0131 sat\u0131n al\u0131n.","robots":{"index":"index","follow":"follow","max-snippet":"max-snippet:-1","max-image-preview":"max-image-preview:large","max-video-preview":"max-video-preview:-1"},"canonical":"https:\/\/globdocuments.com\/tr\/urun\/ielts-certificate\/","og_locale":"tr_TR","og_type":"article","og_title":"IELTS Certificate for Education, Work, Glob Documents","og_description":"Buy IELTS Certificate online at globdocuments.com with safe and fast worldwide delivery at the best price. Check the best deals on fake documents!","og_url":"https:\/\/globdocuments.com\/tr\/urun\/ielts-certificate\/","article_modified_time":"2025-12-23T10:45:50+00:00","og_image":[{"width":450,"height":450,"url":"https:\/\/globdocuments.com\/wp-content\/uploads\/2022\/11\/ielts-1.png","type":"image\/png"}],"twitter_card":"summary_large_image","twitter_misc":{"Tahmini okuma s\u00fcresi":"2 dakika"},"schema":{"@context":"https:\/\/schema.org","@graph":[{"@type":"WebPage","@id":"https:\/\/globdocuments.com\/tr\/urun\/ielts-certificate\/","url":"https:\/\/globdocuments.com\/tr\/urun\/ielts-certificate\/","name":"E\u011fitim ve \u0130\u015f \u0130\u00e7in IELTS Sertifikas\u0131, Glob Documents","isPartOf":{"@id":"https:\/\/globdocuments.com\/#website"},"primaryImageOfPage":{"@id":"https:\/\/globdocuments.com\/tr\/urun\/ielts-certificate\/#primaryimage"},"image":{"@id":"https:\/\/globdocuments.com\/tr\/urun\/ielts-certificate\/#primaryimage"},"thumbnailUrl":"https:\/\/globdocuments.com\/wp-content\/uploads\/2022\/11\/ielts-1.png","datePublished":"2022-11-03T07:17:57+00:00","dateModified":"2025-12-23T10:45:50+00:00","description":"globdocuments.com adresinden g\u00fcvenli ve h\u0131zl\u0131 d\u00fcnya \u00e7ap\u0131nda teslimatla en iyi fiyata \u00e7evrimi\u00e7i IELTS Sertifikas\u0131 sat\u0131n al\u0131n.","breadcrumb":{"@id":"https:\/\/globdocuments.com\/tr\/urun\/ielts-certificate\/#breadcrumb"},"inLanguage":"tr","potentialAction":[{"@type":"ReadAction","target":["https:\/\/globdocuments.com\/tr\/urun\/ielts-certificate\/"]}]},{"@type":"ImageObject","inLanguage":"tr","@id":"https:\/\/globdocuments.com\/tr\/urun\/ielts-certificate\/#primaryimage","url":"https:\/\/globdocuments.com\/wp-content\/uploads\/2022\/11\/ielts-1.png","contentUrl":"https:\/\/globdocuments.com\/wp-content\/uploads\/2022\/11\/ielts-1.png","width":450,"height":450,"caption":"IELTS Certificate"},{"@type":"BreadcrumbList","@id":"https:\/\/globdocuments.com\/tr\/urun\/ielts-certificate\/#breadcrumb","itemListElement":[{"@type":"ListItem","position":1,"name":"Shop","item":"https:\/\/globdocuments.com\/shop\/"},{"@type":"ListItem","position":2,"name":"IELTS Certificate"}]},{"@type":"WebSite","@id":"https:\/\/globdocuments.com\/#website","url":"https:\/\/globdocuments.com\/","name":"","description":"Online ger\u00e7ek sahte belgeler sat\u0131n al","potentialAction":[{"@type":"SearchAction","target":{"@type":"EntryPoint","urlTemplate":"https:\/\/globdocuments.com\/?s={search_term_string}"},"query-input":{"@type":"PropertyValueSpecification","valueRequired":true,"valueName":"search_term_string"}}],"inLanguage":"tr"}]}},"_links":{"self":[{"href":"https:\/\/globdocuments.com\/tr\/wp-json\/wp\/v2\/product\/435","targetHints":{"allow":["GET"]}}],"collection":[{"href":"https:\/\/globdocuments.com\/tr\/wp-json\/wp\/v2\/product"}],"about":[{"href":"https:\/\/globdocuments.com\/tr\/wp-json\/wp\/v2\/types\/product"}],"replies":[{"embeddable":true,"href":"https:\/\/globdocuments.com\/tr\/wp-json\/wp\/v2\/comments?post=435"}],"wp:featuredmedia":[{"embeddable":true,"href":"https:\/\/globdocuments.com\/tr\/wp-json\/wp\/v2\/media\/491"}],"wp:attachment":[{"href":"https:\/\/globdocuments.com\/tr\/wp-json\/wp\/v2\/media?parent=435"}],"wp:term":[{"taxonomy":"product_brand","embeddable":true,"href":"https:\/\/globdocuments.com\/tr\/wp-json\/wp\/v2\/product_brand?post=435"},{"taxonomy":"product_cat","embeddable":true,"href":"https:\/\/globdocuments.com\/tr\/wp-json\/wp\/v2\/product_cat?post=435"},{"taxonomy":"product_tag","embeddable":true,"href":"https:\/\/globdocuments.com\/tr\/wp-json\/wp\/v2\/product_tag?post=435"}],"curies":[{"name":"wp","href":"https:\/\/api.w.org\/{rel}","templated":true}]}}