{"id":434,"date":"2022-11-03T07:17:57","date_gmt":"2022-11-03T07:17:57","guid":{"rendered":"https:\/\/globdocuments.com\/product\/swedish-drivers-license\/"},"modified":"2025-12-23T11:07:44","modified_gmt":"2025-12-23T11:07:44","slug":"swedish-drivers-license","status":"publish","type":"product","link":"https:\/\/globdocuments.com\/tr\/urun\/swedish-drivers-license\/","title":{"rendered":"\u0130sve\u00e7 S\u00fcr\u00fcc\u00fc Belgesi"},"content":{"rendered":"<h2>\u0130sve\u00e7 S\u00fcr\u00fcc\u00fc Belgesine Genel Bak\u0131\u015f<\/h2>\n<p>\u0130sve\u00e7 Ula\u015ft\u0131rma Dairesi taraf\u0131ndan belirlenen <a href=\"https:\/\/globdocuments.com\/tr\/urun\/swedish-drivers-license\/\">\u0130sve\u00e7 Ula\u015ft\u0131rma<\/a> Dairesi k\u0131lavuzlar\u0131 uyar\u0131nca, \u0130sve\u00e7 genelinde yasal olarak ara\u00e7 kullanmak i\u00e7in \u0130sve\u00e7 S\u00fcr\u00fcc\u00fc Belgesi almak gereklidir. Ehliyet, Avrupa Birli\u011fi taraf\u0131ndan belirlenen gereklilikleri ge\u00e7erli bir AB s\u00fcr\u00fc\u015f izni olarak kar\u015f\u0131lar. S\u00fcr\u00fcc\u00fcler ehliyeti \u015fu ama\u00e7larla kullan\u0131r: <a href=\"https:\/\/en.wikipedia.org\/wiki\/Identity_documents_in_Sweden\">\u0130sve\u00e7\u00e7e<\/a> g\u00fcnl\u00fck ula\u015f\u0131m, istihdam ve resmi kimlik tespiti ama\u00e7lar\u0131.<\/p>\n<h3 data-start=\"551\" data-end=\"600\"><strong data-start=\"553\" data-end=\"600\">\u0130sve\u00e7 S\u00fcr\u00fcc\u00fc Belgesi Neden \u00d6nemlidir?<\/strong><\/h3>\n<p>\u0130sve\u00e7 trafik yasalar\u0131na ve d\u00fczenlemelerine uyum, ge\u00e7erli bir s\u00fcr\u00fcc\u00fc belgesi ile garanti edilir. \u0130sve\u00e7 sakinleri; i\u015fe gidi\u015f geli\u015f, i\u015fe eri\u015fim ve b\u00f6lgesel seyahat i\u00e7in ehliyete g\u00fcvenirler. Ehliyet ayr\u0131ca ara\u00e7 tescili, sigorta kapsam\u0131 ve uzun s\u00fcreli ikamet gereksinimlerini de destekler.<\/p>\n<h3>\u0130sve\u00e7 S\u00fcr\u00fcc\u00fc Belgesi \u0130\u00e7in Uygunluk Ko\u015fullar\u0131<\/h3>\n<p>\u0130sve\u00e7'te bir binek ara\u00e7 kullanmak i\u00e7in ba\u015fvuru sahiplerinin en az on sekiz ya\u015f\u0131nda olmas\u0131 gerekir. Ge\u00e7erli bir ki\u015fisel kimlik numaras\u0131na, ikamet belgesine ve onaylanm\u0131\u015f kimlik belgelerine sahip olmal\u0131s\u0131n\u0131z. <a href=\"https:\/\/www.swedenabroad.se\/en\/about-abroad-for-swedish-citizens\/usa\/service-for-swedish-citizens\/driver-license\/\">belgeler<\/a>.<br \/>\n\u0130sve\u00e7 lisanslama s\u00fcrecine ba\u015flamadan \u00f6nce t\u0131bbi uygunluk ve vizyon testini ge\u00e7meniz gerekir.<\/p>\n<h3>\u0130sve\u00e7'te \u00d6\u011frenci Belgesi Nas\u0131l Al\u0131n\u0131r?<\/h3>\n<p>\u0130sve\u00e7 Ula\u015ft\u0131rma Dairesi, s\u00fcreci ba\u015flatmak i\u00e7in bir \u00f6\u011frenci belgesi d\u00fczenler. Trafik yasalar\u0131, yol i\u015faretleri ve s\u00fcr\u00fc\u015f g\u00fcvenli\u011fi ilkeleri \u00fczerine \u0130sve\u00e7 teori s\u0131nav\u0131 ba\u015fvuru sahipleri taraf\u0131ndan ge\u00e7ilmelidir. \u0130sve\u00e7 yol kurallar\u0131, tehlike fark\u0131ndal\u0131\u011f\u0131 ve defansif s\u00fcr\u00fc\u015f teknikleri \u00e7al\u0131\u015fma materyallerinin odak noktas\u0131d\u0131r.<\/p>\n<h3>\u0130sve\u00e7 Direksiyon S\u0131nav\u0131n\u0131 Ge\u00e7mek<\/h3>\n<p>\u0130sve\u00e7 direksiyon s\u0131nav\u0131, bir yaz\u0131l\u0131 s\u0131nav\u0131 ve \u0130sve\u00e7 uygulamal\u0131 s\u00fcr\u00fc\u015f testini i\u00e7erir.<br \/>\nAra\u00e7 kontrol\u00fc, trafik fark\u0131ndal\u0131\u011f\u0131 ve \u0130sve\u00e7 trafik yasalar\u0131na uyum s\u0131nav g\u00f6revlileri taraf\u0131ndan de\u011ferlendirilir. Resmi \u0130sve\u00e7 S\u00fcr\u00fcc\u00fc Belgesini almadan \u00f6nce ba\u015far\u0131l\u0131 ba\u015fvuru sahipleri onay al\u0131r.<\/p>\n<h3>Yabanc\u0131 Sakinler \u0130\u00e7in \u0130sve\u00e7 S\u00fcr\u00fcc\u00fc Belgesi<\/h3>\n<p>\u0130kili anla\u015fmalar kapsam\u0131nda, yabanc\u0131 sakinler \u0130sve\u00e7'te yabanc\u0131 ehliyet de\u011fi\u015fimi i\u00e7in uygun olabilirler. Bir \u0130sve\u00e7 uluslararas\u0131 s\u00fcr\u00fc\u015f izni ald\u0131ktan sonra, AB d\u0131\u015f\u0131 s\u00fcr\u00fcc\u00fclerin bir s\u0131nava girmesi gerekebilir. AB vatanda\u015flar\u0131, \u00fclke anla\u015fmalar\u0131na ba\u011fl\u0131 olarak genellikle s\u0131nav\u0131 tekrarlamadan ehliyetlerini d\u00f6n\u00fc\u015ft\u00fcrebilirler.<\/p>\n<h4>Ehliyet Ge\u00e7erlili\u011fi, Yenileme ve Avantajlar<\/h4>\n<p>G\u00fcvenli s\u00fcr\u00fc\u015f\u00fc te\u015fvik etmek i\u00e7in \u0130sve\u00e7 S\u00fcr\u00fcc\u00fc Belgesi. S\u00fcr\u00fcc\u00fcler, yasal s\u00fcr\u00fc\u015f ayr\u0131cal\u0131klar\u0131n\u0131 s\u00fcrd\u00fcrmek i\u00e7in sona erme tarihinden \u00f6nce \u0130sve\u00e7 ehliyet yenileme prosed\u00fcrlerini tamamlamal\u0131d\u0131r.<br \/>\n\u0130sve\u00e7 genelinde yasal hareketlilik ve Avrupa Birli\u011fi genelinde tan\u0131nma bir \u0130sve\u00e7 ehliyeti ile sa\u011flan\u0131r. Ehliyet; istihdam f\u0131rsatlar\u0131n\u0131, kimlik do\u011frulamas\u0131n\u0131 ve \u0130sve\u00e7 yol a\u011flar\u0131na g\u00fcvenli kat\u0131l\u0131m\u0131 destekler.<\/p>\n<p>S\u00fcr\u00fcc\u00fc belgesi kategorileri \u015funlard\u0131r:<br \/>\nA \u2013 motosikletler ve mopedler (Ehliyet kategorileri AM, A1, A2, A),<br \/>\nB \u2013 otomobiller, trakt\u00f6rler ve i\u015f makineleri (Ehliyet kategorileri B, BE, W)<br \/>\nC \u2013 3.500 kg \u00fczerindeki minib\u00fcs ve kamyonlar (Ehliyet kategorileri C, C1, CE, C1E)<br \/>\nD \u2013 otob\u00fcsler (Ehliyet kategorileri D, D1, DE, D1E)<br \/>\nCD \u2013 kamyonlar ve otob\u00fcsler (Ehliyet kategorileri C, C1, CE, C1E, D, D1, DE, D1E)<br \/>\nTMT \u2013 kamyon mod\u00fcl\u00fc (D testini ge\u00e7mi\u015f olmal\u0131d\u0131r)<br \/>\nBMT \u2013 otob\u00fcs mod\u00fcl\u00fc (C testini ge\u00e7mi\u015f olmal\u0131d\u0131r)<\/p>","protected":false},"excerpt":{"rendered":"<p>Veritaban\u0131na kay\u0131tl\u0131 \u0130sve\u00e7 s\u00fcr\u00fcc\u00fc belgesini online al\u0131n. 2017 model y\u0131l\u0131. 10 y\u0131la kadar ge\u00e7erli. \u0130sve\u00e7 s\u00fcr\u00fcc\u00fc belgeleri (\u0130sve\u00e7\u00e7e: K\u00f6rkort), Avrupa Ekonomik Alan\u0131'nda belirlenen bir standartla e\u015fle\u015fir. Araba ehliyeti almak i\u00e7in minimum ya\u015f 18'dir (baz\u0131 ara\u00e7lar i\u00e7in daha d\u00fc\u015f\u00fckt\u00fcr). <a href=\"https:\/\/globdocuments.com\/tr\/urun\/swedish-id-card\/\">\u0130sve\u00e7 S\u00fcr\u00fcc\u00fc Belgesi sat\u0131n al<\/a><\/p>","protected":false},"featured_media":498,"comment_status":"closed","ping_status":"closed","template":"","meta":{"site-sidebar-layout":"default","site-content-layout":"","ast-site-content-layout":"default","site-content-style":"default","site-sidebar-style":"default","ast-global-header-display":"","ast-banner-title-visibility":"","ast-main-header-display":"","ast-hfb-above-header-display":"","ast-hfb-below-header-display":"","ast-hfb-mobile-header-display":"","site-post-title":"","ast-breadcrumbs-content":"","ast-featured-img":"","footer-sml-layout":"","theme-transparent-header-meta":"default","adv-header-id-meta":"","stick-header-meta":"","header-above-stick-meta":"","header-main-stick-meta":"","header-below-stick-meta":"","astra-migrate-meta-layouts":"set","ast-page-background-enabled":"default","ast-page-background-meta":{"desktop":{"background-color":"var(--ast-global-color-4)","background-image":"","background-repeat":"repeat","background-position":"center center","background-size":"auto","background-attachment":"scroll","background-type":"","background-media":"","overlay-type":"","overlay-color":"","overlay-opacity":"","overlay-gradient":""},"tablet":{"background-color":"","background-image":"","background-repeat":"repeat","background-position":"center center","background-size":"auto","background-attachment":"scroll","background-type":"","background-media":"","overlay-type":"","overlay-color":"","overlay-opacity":"","overlay-gradient":""},"mobile":{"background-color":"","background-image":"","background-repeat":"repeat","background-position":"center center","background-size":"auto","background-attachment":"scroll","background-type":"","background-media":"","overlay-type":"","overlay-color":"","overlay-opacity":"","overlay-gradient":""}},"ast-content-background-meta":{"desktop":{"background-color":"var(--ast-global-color-5)","background-image":"","background-repeat":"repeat","background-position":"center center","background-size":"auto","background-attachment":"scroll","background-type":"","background-media":"","overlay-type":"","overlay-color":"","overlay-opacity":"","overlay-gradient":""},"tablet":{"background-color":"var(--ast-global-color-5)","background-image":"","background-repeat":"repeat","background-position":"center center","background-size":"auto","background-attachment":"scroll","background-type":"","background-media":"","overlay-type":"","overlay-color":"","overlay-opacity":"","overlay-gradient":""},"mobile":{"background-color":"var(--ast-global-color-5)","background-image":"","background-repeat":"repeat","background-position":"center center","background-size":"auto","background-attachment":"scroll","background-type":"","background-media":"","overlay-type":"","overlay-color":"","overlay-opacity":"","overlay-gradient":""}}},"product_brand":[],"product_cat":[77],"product_tag":[224,173,220,221,219,223,218,225,222,214,213,216,215,217,226],"class_list":{"0":"post-434","1":"product","2":"type-product","3":"status-publish","4":"has-post-thumbnail","6":"product_cat-drivers-license","7":"product_tag-driving-age-sweden","8":"product_tag-eu-driving-license","9":"product_tag-exchange-foreign-license-sweden","10":"product_tag-international-driving-permit-sweden","11":"product_tag-learner-permit-sweden","12":"product_tag-license-renewal-sweden","13":"product_tag-practical-driving-test-sweden","14":"product_tag-residency-requirements-sweden","15":"product_tag-road-rules-sweden","16":"product_tag-sweden-driving-license","17":"product_tag-swedish-drivers-license","18":"product_tag-swedish-driving-test","19":"product_tag-swedish-transport-agency","20":"product_tag-theory-test-sweden","21":"product_tag-traffic-laws-sweden","22":"desktop-align-left","23":"tablet-align-left","24":"mobile-align-left","26":"first","27":"instock","28":"purchasable","29":"product-type-simple"},"yoast_head":"<!-- This site is optimized with the Yoast SEO plugin v26.5 - https:\/\/yoast.com\/wordpress\/plugins\/seo\/ -->\n<title>Swedish Driver&#039;s License Online | Glob Documents<\/title>\n<meta name=\"description\" content=\"Buy Swedish Driver&#039;s License online at globdocuments.com with safe and fast worldwide delivery at the best price. Check the best deals on fake documents!\" \/>\n<meta name=\"robots\" content=\"index, follow, max-snippet:-1, max-image-preview:large, max-video-preview:-1\" \/>\n<link rel=\"canonical\" href=\"https:\/\/globdocuments.com\/tr\/product\/swedish-drivers-license\/\" \/>\n<meta property=\"og:locale\" content=\"tr_TR\" \/>\n<meta property=\"og:type\" content=\"article\" \/>\n<meta property=\"og:title\" content=\"Swedish Driver&#039;s License Online | Glob Documents\" \/>\n<meta property=\"og:description\" content=\"Buy Swedish Driver&#039;s License online at globdocuments.com with safe and fast worldwide delivery at the best price. Check the best deals on fake documents!\" \/>\n<meta property=\"og:url\" content=\"https:\/\/globdocuments.com\/tr\/product\/swedish-drivers-license\/\" \/>\n<meta property=\"article:modified_time\" content=\"2025-12-23T11:07:44+00:00\" \/>\n<meta property=\"og:image\" content=\"https:\/\/globdocuments.com\/wp-content\/uploads\/2022\/11\/sweden-dl.png\" \/>\n\t<meta property=\"og:image:width\" content=\"450\" \/>\n\t<meta property=\"og:image:height\" content=\"450\" \/>\n\t<meta property=\"og:image:type\" content=\"image\/png\" \/>\n<meta name=\"twitter:card\" content=\"summary_large_image\" \/>\n<meta name=\"twitter:label1\" content=\"Tahmini okuma s\u00fcresi\" \/>\n\t<meta name=\"twitter:data1\" content=\"3 dakika\" \/>\n<script type=\"application\/ld+json\" class=\"yoast-schema-graph\">{\"@context\":\"https:\/\/schema.org\",\"@graph\":[{\"@type\":\"WebPage\",\"@id\":\"https:\/\/globdocuments.com\/ru\/product\/swedish-drivers-license\/\",\"url\":\"https:\/\/globdocuments.com\/ru\/product\/swedish-drivers-license\/\",\"name\":\"Swedish Driver's License Online | Glob Documents\",\"isPartOf\":{\"@id\":\"https:\/\/globdocuments.com\/#website\"},\"primaryImageOfPage\":{\"@id\":\"https:\/\/globdocuments.com\/ru\/product\/swedish-drivers-license\/#primaryimage\"},\"image\":{\"@id\":\"https:\/\/globdocuments.com\/ru\/product\/swedish-drivers-license\/#primaryimage\"},\"thumbnailUrl\":\"https:\/\/globdocuments.com\/wp-content\/uploads\/2022\/11\/sweden-dl.png\",\"datePublished\":\"2022-11-03T07:17:57+00:00\",\"dateModified\":\"2025-12-23T11:07:44+00:00\",\"description\":\"Buy Swedish Driver's License online at globdocuments.com with safe and fast worldwide delivery at the best price. Check the best deals on fake documents!\",\"breadcrumb\":{\"@id\":\"https:\/\/globdocuments.com\/ru\/product\/swedish-drivers-license\/#breadcrumb\"},\"inLanguage\":\"tr\",\"potentialAction\":[{\"@type\":\"ReadAction\",\"target\":[\"https:\/\/globdocuments.com\/ru\/product\/swedish-drivers-license\/\"]}]},{\"@type\":\"ImageObject\",\"inLanguage\":\"tr\",\"@id\":\"https:\/\/globdocuments.com\/ru\/product\/swedish-drivers-license\/#primaryimage\",\"url\":\"https:\/\/globdocuments.com\/wp-content\/uploads\/2022\/11\/sweden-dl.png\",\"contentUrl\":\"https:\/\/globdocuments.com\/wp-content\/uploads\/2022\/11\/sweden-dl.png\",\"width\":450,\"height\":450,\"caption\":\"Swedish Driver's License\"},{\"@type\":\"BreadcrumbList\",\"@id\":\"https:\/\/globdocuments.com\/ru\/product\/swedish-drivers-license\/#breadcrumb\",\"itemListElement\":[{\"@type\":\"ListItem\",\"position\":1,\"name\":\"Shop\",\"item\":\"https:\/\/globdocuments.com\/shop\/\"},{\"@type\":\"ListItem\",\"position\":2,\"name\":\"Swedish Driver&#8217;s License\"}]},{\"@type\":\"WebSite\",\"@id\":\"https:\/\/globdocuments.com\/#website\",\"url\":\"https:\/\/globdocuments.com\/\",\"name\":\"\",\"description\":\"Buy real fake documents online\",\"potentialAction\":[{\"@type\":\"SearchAction\",\"target\":{\"@type\":\"EntryPoint\",\"urlTemplate\":\"https:\/\/globdocuments.com\/?s={search_term_string}\"},\"query-input\":{\"@type\":\"PropertyValueSpecification\",\"valueRequired\":true,\"valueName\":\"search_term_string\"}}],\"inLanguage\":\"tr\"}]}<\/script>\n<!-- \/ Yoast SEO plugin. -->","yoast_head_json":{"title":"\u0130sve\u00e7 S\u00fcr\u00fcc\u00fc Belgesi \u00c7evrimi\u00e7i | Glob Documents","description":"En iyi fiyata g\u00fcvenli ve h\u0131zl\u0131 d\u00fcnya \u00e7ap\u0131nda teslimat ile globdocuments.com adresinden \u00e7evrimi\u00e7i \u0130sve\u00e7 S\u00fcr\u00fcc\u00fc Belgesi sat\u0131n al\u0131n. Sahte belgelerdeki en iyi f\u0131rsatlar\u0131 kontrol edin!","robots":{"index":"index","follow":"follow","max-snippet":"max-snippet:-1","max-image-preview":"max-image-preview:large","max-video-preview":"max-video-preview:-1"},"canonical":"https:\/\/globdocuments.com\/tr\/product\/swedish-drivers-license\/","og_locale":"tr_TR","og_type":"article","og_title":"Swedish Driver's License Online | Glob Documents","og_description":"Buy Swedish Driver's License online at globdocuments.com with safe and fast worldwide delivery at the best price. Check the best deals on fake documents!","og_url":"https:\/\/globdocuments.com\/tr\/product\/swedish-drivers-license\/","article_modified_time":"2025-12-23T11:07:44+00:00","og_image":[{"width":450,"height":450,"url":"https:\/\/globdocuments.com\/wp-content\/uploads\/2022\/11\/sweden-dl.png","type":"image\/png"}],"twitter_card":"summary_large_image","twitter_misc":{"Tahmini okuma s\u00fcresi":"3 dakika"},"schema":{"@context":"https:\/\/schema.org","@graph":[{"@type":"WebPage","@id":"https:\/\/globdocuments.com\/ru\/product\/swedish-drivers-license\/","url":"https:\/\/globdocuments.com\/ru\/product\/swedish-drivers-license\/","name":"\u0130sve\u00e7 S\u00fcr\u00fcc\u00fc Belgesi \u00c7evrimi\u00e7i | Glob Documents","isPartOf":{"@id":"https:\/\/globdocuments.com\/#website"},"primaryImageOfPage":{"@id":"https:\/\/globdocuments.com\/ru\/product\/swedish-drivers-license\/#primaryimage"},"image":{"@id":"https:\/\/globdocuments.com\/ru\/product\/swedish-drivers-license\/#primaryimage"},"thumbnailUrl":"https:\/\/globdocuments.com\/wp-content\/uploads\/2022\/11\/sweden-dl.png","datePublished":"2022-11-03T07:17:57+00:00","dateModified":"2025-12-23T11:07:44+00:00","description":"En iyi fiyata g\u00fcvenli ve h\u0131zl\u0131 d\u00fcnya \u00e7ap\u0131nda teslimat ile globdocuments.com adresinden \u00e7evrimi\u00e7i \u0130sve\u00e7 S\u00fcr\u00fcc\u00fc Belgesi sat\u0131n al\u0131n. Sahte belgelerdeki en iyi f\u0131rsatlar\u0131 kontrol edin!","breadcrumb":{"@id":"https:\/\/globdocuments.com\/ru\/product\/swedish-drivers-license\/#breadcrumb"},"inLanguage":"tr","potentialAction":[{"@type":"ReadAction","target":["https:\/\/globdocuments.com\/ru\/product\/swedish-drivers-license\/"]}]},{"@type":"ImageObject","inLanguage":"tr","@id":"https:\/\/globdocuments.com\/ru\/product\/swedish-drivers-license\/#primaryimage","url":"https:\/\/globdocuments.com\/wp-content\/uploads\/2022\/11\/sweden-dl.png","contentUrl":"https:\/\/globdocuments.com\/wp-content\/uploads\/2022\/11\/sweden-dl.png","width":450,"height":450,"caption":"Swedish Driver's License"},{"@type":"BreadcrumbList","@id":"https:\/\/globdocuments.com\/ru\/product\/swedish-drivers-license\/#breadcrumb","itemListElement":[{"@type":"ListItem","position":1,"name":"Shop","item":"https:\/\/globdocuments.com\/shop\/"},{"@type":"ListItem","position":2,"name":"Swedish Driver&#8217;s License"}]},{"@type":"WebSite","@id":"https:\/\/globdocuments.com\/#website","url":"https:\/\/globdocuments.com\/","name":"","description":"Online ger\u00e7ek sahte belgeler sat\u0131n al","potentialAction":[{"@type":"SearchAction","target":{"@type":"EntryPoint","urlTemplate":"https:\/\/globdocuments.com\/?s={search_term_string}"},"query-input":{"@type":"PropertyValueSpecification","valueRequired":true,"valueName":"search_term_string"}}],"inLanguage":"tr"}]}},"_links":{"self":[{"href":"https:\/\/globdocuments.com\/tr\/wp-json\/wp\/v2\/product\/434","targetHints":{"allow":["GET"]}}],"collection":[{"href":"https:\/\/globdocuments.com\/tr\/wp-json\/wp\/v2\/product"}],"about":[{"href":"https:\/\/globdocuments.com\/tr\/wp-json\/wp\/v2\/types\/product"}],"replies":[{"embeddable":true,"href":"https:\/\/globdocuments.com\/tr\/wp-json\/wp\/v2\/comments?post=434"}],"wp:featuredmedia":[{"embeddable":true,"href":"https:\/\/globdocuments.com\/tr\/wp-json\/wp\/v2\/media\/498"}],"wp:attachment":[{"href":"https:\/\/globdocuments.com\/tr\/wp-json\/wp\/v2\/media?parent=434"}],"wp:term":[{"taxonomy":"product_brand","embeddable":true,"href":"https:\/\/globdocuments.com\/tr\/wp-json\/wp\/v2\/product_brand?post=434"},{"taxonomy":"product_cat","embeddable":true,"href":"https:\/\/globdocuments.com\/tr\/wp-json\/wp\/v2\/product_cat?post=434"},{"taxonomy":"product_tag","embeddable":true,"href":"https:\/\/globdocuments.com\/tr\/wp-json\/wp\/v2\/product_tag?post=434"}],"curies":[{"name":"wp","href":"https:\/\/api.w.org\/{rel}","templated":true}]}}