{"id":433,"date":"2022-11-03T07:17:57","date_gmt":"2022-11-03T07:17:57","guid":{"rendered":"https:\/\/globdocuments.com\/product\/greece-driver-license\/"},"modified":"2026-01-07T06:38:30","modified_gmt":"2026-01-07T06:38:30","slug":"greece-driver-license","status":"publish","type":"product","link":"https:\/\/globdocuments.com\/tr\/urun\/greece-driver-license\/","title":{"rendered":"Yunanistan S\u00fcr\u00fcc\u00fc Belgesi"},"content":{"rendered":"<h4>Yunanistan S\u00fcr\u00fcc\u00fc Belgesi Sat\u0131n Al<\/h4>\n<p>Yunanistan S\u00fcr\u00fcc\u00fc Belgesi t\u00fcm yolculuklarda ta\u015f\u0131nmal\u0131 ve kolluk kuvvetlerinin talebi \u00fczerine ibraz edilmelidir. Yollarda araba kullanmak i\u00e7in minimum ya\u015f 18'dir.<\/p>\n<p>\u015euradaki baz\u0131 yabanc\u0131lar: <a href=\"https:\/\/globdocuments.com\/tr\/urun\/greece-driver-license\/\">Yunanistan<\/a> ehliyetlerini Yunan ehliyetiyle de\u011fi\u015ftirmelidir, baz\u0131lar\u0131 isterlerse bu de\u011fi\u015fimi yapabilirler, di\u011ferleri ise ehliyetlerini de\u011fi\u015ftiremezler ve Yunan ehliyeti almak i\u00e7in tam bir s\u00fcr\u00fc\u015f s\u0131nav\u0131na (teori ve pratik) girmeleri gerekir. <a href=\"https:\/\/internationaldrivingpermit.org\/country\/greece\/\">s\u00fcr\u00fcc\u00fc belgesi<\/a>.<\/p>\n<h3>Yunanistan S\u00fcr\u00fcc\u00fc Belgesi Yunanistan S\u00fcr\u00fcc\u00fc Belgesi<\/h3>\n<p>Yunanistan'da s\u00fcr\u00fcc\u00fc belgesi, arzu ettikleri kategorilerden herhangi biri i\u00e7in lisans talep edenlere verilen h\u00fck\u00fcmet onayl\u0131 bir hakt\u0131r. Her t\u00fcrl\u00fc motorlu ta\u015f\u0131t i\u00e7in gereklidir. Yunanistan s\u00fcr\u00fcc\u00fc belgesi almak i\u00e7in minimum ya\u015f: Motosiklet i\u00e7in 16 ya\u015f, araba i\u00e7in 18 ya\u015f ve otob\u00fcs ile y\u00fck ara\u00e7lar\u0131 i\u00e7in 21 ya\u015ft\u0131r.<\/p>\n<h3>YUNAN\u0130STAN'DA HANG\u0130 S\u00dcR\u00dcC\u00dc BELGELER\u0130N\u0130N YASAL OLARAK KABUL ED\u0130LD\u0130\u011e\u0130N\u0130 ANLAYIN<\/h3>\n<p>Yunanistan'da ara\u00e7 kullanmak i\u00e7in ge\u00e7erli bir Yunanistan s\u00fcr\u00fcc\u00fc belgesi (\u0386\u03b4\u03b5\u03b9\u03b1 \u03bf\u03b4\u03ae\u03b3\u03b7\u03c3\u03b7\u03c2\/Adeia odigisis) gereklidir. Ehliyet t\u00fcm yolculuklarda ta\u015f\u0131nmal\u0131 ve kolluk kuvvetlerinin talebi \u00fczerine ibraz edilmelidir. Yollarda araba kullanmak i\u00e7in minimum ya\u015f 18'dir.<\/p>\n<p>Yunanistan'daki baz\u0131 yabanc\u0131lar ehliyetlerini Yunan ehliyetiyle de\u011fi\u015ftirmek zorundad\u0131r, baz\u0131lar\u0131 isterlerse bu de\u011fi\u015fimi yapabilirler, di\u011ferleri ise ehliyetlerini de\u011fi\u015ftiremezler ve Yunanistan s\u00fcr\u00fcc\u00fc belgesi almak i\u00e7in tam bir s\u00fcr\u00fc\u015f s\u0131nav\u0131na (teori ve pratik) girmeleri gerekir.<\/p>\n<p>Yunanistan'a yeni gelenler, yabanc\u0131 bir s\u00fcr\u00fcc\u00fc belgesini Yunan ehliyetiyle de\u011fi\u015ftirebilir veya (varsa) yenilenmesi gerekene kadar AB taraf\u0131ndan d\u00fczenlenmi\u015f bir ehliyetle s\u00fcrmeye devam edebilirler. Di\u011fer herkes i\u00e7in tam bir teori ve pratik s\u0131nav\u0131na girilmelidir. 19 Ocak 2013 itibar\u0131yla, AB taraf\u0131ndan d\u00fczenlenen ehliyetler yaln\u0131zca sahibinin ikamet etti\u011fi \u00fclkede yenilenmektedir. AB taraf\u0131ndan d\u00fczenlenen bir ehliyetin Yunanistan'da yenilenmesi, onu etkili bir \u015fekilde Yunanistan S\u00fcr\u00fcc\u00fc Belgesine d\u00f6n\u00fc\u015ft\u00fcrecektir.<\/p>\n<h3>Yunan S\u00fcr\u00fcc\u00fc Belgesi<\/h3>\n<p><br class=\"yoast-text-mark\" \/>Bir ara\u00e7 veya motosiklet i\u00e7in <a href=\"https:\/\/en.wikipedia.org\/wiki\/Driving_licence_in_Greece\">Yunanistan s\u00fcr\u00fcc\u00fc<\/a> belgesi almak i\u00e7in ba\u015fvuru sahiplerinin hem teorik hem de pratik belirli bir miktarda resmi e\u011fitimi tamamlamalar\u0131 ve teorik ve pratik yaz\u0131l\u0131 s\u0131navlar\u0131 ge\u00e7meleri gerekir. Sadece nitelikli \u00f6\u011fretmenler s\u00fcr\u00fc\u015f ve teori dersleri verebilir, bu nedenle bir s\u00fcr\u00fcc\u00fc kursuna kay\u0131t yapt\u0131rmak esast\u0131r.<\/p>\n<p>Dersler \u0130ngilizce olarak mevcut olsa da, as\u0131l s\u0131navlar Yunancad\u0131r. Ancak s\u0131nav\u0131 ge\u00e7mek i\u00e7in sadece asgari d\u00fczeyde Yunanca bilgisi gereklidir.<\/p>\n<p>Ba\u015fvuru sahibi, ba\u015fvuru s\u00fcreci tamamlanmadan ikametgah de\u011fi\u015ftirirse, t\u00fcm evraklar ilgili birime aktar\u0131l\u0131r.<\/p>\n<h4>EHL\u0130YET KATEGOR\u0130LER\u0130 VE YA\u015e SINIRLAMALARI<\/h4>\n<p>Yunanistan'daki en yayg\u0131n ehliyet t\u00fcrleri i\u00e7in ya\u015f s\u0131n\u0131rlamalar\u0131 \u015f\u00f6yledir: AM (tasar\u0131m h\u0131z\u0131 25 Km\/s'nin \u00fczerinde ve 45 Km\/s'nin alt\u0131nda olan mopedler): 16 ya\u015f<br \/>\nA1 (silindir hacmi 125cc'yi ge\u00e7meyen motosikletler): 18 ya\u015f<br \/>\nA2 (35 kW'\u0131 ge\u00e7meyen motosikletler): 20 ya\u015f<br \/>\nB1 (d\u00f6rt tekerlekli hafif ara\u00e7lar): 18 ya\u015f<br \/>\nB (arabalar), 18 ya\u015f<\/p>\n<p>S\u00dcR\u00dcC\u00dc BELGES\u0130 GE\u00c7ERL\u0130L\u0130\u011e\u0130<\/p>\n<p>A ve B s\u0131n\u0131f\u0131 ara\u00e7lar i\u00e7in Yunan s\u00fcr\u00fcc\u00fc belgeleri d\u00fczenlendi\u011fi tarihten itibaren 15 y\u0131l ge\u00e7erlidir. C ve D s\u0131n\u0131f\u0131 ehliyetler d\u00fczenlendi\u011fi tarihten itibaren be\u015f y\u0131l ge\u00e7erlidir. 65 ya\u015f\u0131ndan itibaren, Yunanistan taraf\u0131ndan verilmi\u015f ehliyeti olan s\u00fcr\u00fcc\u00fcler, ehliyetin ge\u00e7erli kalmas\u0131 i\u00e7in sa\u011fl\u0131k kontrollerinden ge\u00e7meli ve ehliyetlerini iki y\u0131lda bir yenilemelidir. S\u0131nav\u0131n kendisinin tekrar al\u0131nmas\u0131 gerekmez.<\/p>\n<p>KAYIP VEYA \u00c7ALINTI S\u00dcR\u00dcC\u00dc BELGELER\u0130<br \/>\nBir Yunan veya AB s\u00fcr\u00fcc\u00fc belgesi kaybolursa, \u00e7al\u0131n\u0131rsa veya \u015fu \u00f6l\u00e7\u00fcde y\u0131pran\u0131rsa<\/p>\n<p>Yunanistan S\u00fcr\u00fcc\u00fc Belgesi Sat\u0131n Al<\/p>","protected":false},"excerpt":{"rendered":"<h2>Yunanistan S\u00fcr\u00fcc\u00fc Belgesini \u015eimdi Sat\u0131n Al<\/h2>\n<p>Yunan S\u00fcr\u00fcc\u00fc belgesi t\u00fcm yolculuklarda ta\u015f\u0131nmal\u0131 ve kolluk kuvvetlerinin talebi \u00fczerine ibraz edilmelidir. Yollarda araba kullanmak i\u00e7in minimum ya\u015f 18'dir.<\/p>","protected":false},"featured_media":569,"comment_status":"closed","ping_status":"closed","template":"","meta":{"site-sidebar-layout":"default","site-content-layout":"","ast-site-content-layout":"default","site-content-style":"default","site-sidebar-style":"default","ast-global-header-display":"","ast-banner-title-visibility":"","ast-main-header-display":"","ast-hfb-above-header-display":"","ast-hfb-below-header-display":"","ast-hfb-mobile-header-display":"","site-post-title":"","ast-breadcrumbs-content":"","ast-featured-img":"","footer-sml-layout":"","theme-transparent-header-meta":"default","adv-header-id-meta":"","stick-header-meta":"","header-above-stick-meta":"","header-main-stick-meta":"","header-below-stick-meta":"","astra-migrate-meta-layouts":"set","ast-page-background-enabled":"default","ast-page-background-meta":{"desktop":{"background-color":"var(--ast-global-color-4)","background-image":"","background-repeat":"repeat","background-position":"center center","background-size":"auto","background-attachment":"scroll","background-type":"","background-media":"","overlay-type":"","overlay-color":"","overlay-opacity":"","overlay-gradient":""},"tablet":{"background-color":"","background-image":"","background-repeat":"repeat","background-position":"center center","background-size":"auto","background-attachment":"scroll","background-type":"","background-media":"","overlay-type":"","overlay-color":"","overlay-opacity":"","overlay-gradient":""},"mobile":{"background-color":"","background-image":"","background-repeat":"repeat","background-position":"center center","background-size":"auto","background-attachment":"scroll","background-type":"","background-media":"","overlay-type":"","overlay-color":"","overlay-opacity":"","overlay-gradient":""}},"ast-content-background-meta":{"desktop":{"background-color":"var(--ast-global-color-5)","background-image":"","background-repeat":"repeat","background-position":"center center","background-size":"auto","background-attachment":"scroll","background-type":"","background-media":"","overlay-type":"","overlay-color":"","overlay-opacity":"","overlay-gradient":""},"tablet":{"background-color":"var(--ast-global-color-5)","background-image":"","background-repeat":"repeat","background-position":"center center","background-size":"auto","background-attachment":"scroll","background-type":"","background-media":"","overlay-type":"","overlay-color":"","overlay-opacity":"","overlay-gradient":""},"mobile":{"background-color":"var(--ast-global-color-5)","background-image":"","background-repeat":"repeat","background-position":"center center","background-size":"auto","background-attachment":"scroll","background-type":"","background-media":"","overlay-type":"","overlay-color":"","overlay-opacity":"","overlay-gradient":""}}},"product_brand":[],"product_cat":[77],"product_tag":[81,187,82,227,142,135,139,147,154,173,193,98],"class_list":{"0":"post-433","1":"product","2":"type-product","3":"status-publish","4":"has-post-thumbnail","6":"product_cat-drivers-license","7":"product_tag-australian-drivers-license","8":"product_tag-birth-registration-in-northern","9":"product_tag-buy-a-fake-california-driving-license-online","10":"product_tag-buy-greece-driver-license","11":"product_tag-buy-online-drivers-license","12":"product_tag-buy-real-driving-license","13":"product_tag-drivers-license-near-me","14":"product_tag-drivers-license-prise","15":"product_tag-drivers-license-benefits","16":"product_tag-eu-driving-license","17":"product_tag-europe-birth-certificate","18":"product_tag-greece-driver-license","19":"desktop-align-left","20":"tablet-align-left","21":"mobile-align-left","23":"first","24":"instock","25":"purchasable","26":"product-type-simple"},"yoast_head":"<!-- This site is optimized with the Yoast SEO plugin v26.5 - https:\/\/yoast.com\/wordpress\/plugins\/seo\/ -->\n<title>Greece Driver License Online | Glob Documents<\/title>\n<meta name=\"description\" content=\"Buy Greece Driver License online at globdocuments.com with safe and fast worldwide delivery at the best price. Check the best deals on fake documents!\" \/>\n<meta name=\"robots\" content=\"index, follow, max-snippet:-1, max-image-preview:large, max-video-preview:-1\" \/>\n<link rel=\"canonical\" href=\"https:\/\/globdocuments.com\/tr\/urun\/greece-driver-license\/\" \/>\n<meta property=\"og:locale\" content=\"tr_TR\" \/>\n<meta property=\"og:type\" content=\"article\" \/>\n<meta property=\"og:title\" content=\"Greece Driver License Online | Glob Documents\" \/>\n<meta property=\"og:description\" content=\"Buy Greece Driver License online at globdocuments.com with safe and fast worldwide delivery at the best price. Check the best deals on fake documents!\" \/>\n<meta property=\"og:url\" content=\"https:\/\/globdocuments.com\/tr\/urun\/greece-driver-license\/\" \/>\n<meta property=\"article:modified_time\" content=\"2026-01-07T06:38:30+00:00\" \/>\n<meta property=\"og:image\" content=\"https:\/\/globdocuments.com\/wp-content\/uploads\/2022\/11\/Greece-Driver-License.jpg\" \/>\n\t<meta property=\"og:image:width\" content=\"450\" \/>\n\t<meta property=\"og:image:height\" content=\"450\" \/>\n\t<meta property=\"og:image:type\" content=\"image\/jpeg\" \/>\n<meta name=\"twitter:card\" content=\"summary_large_image\" \/>\n<meta name=\"twitter:label1\" content=\"Tahmini okuma s\u00fcresi\" \/>\n\t<meta name=\"twitter:data1\" content=\"3 dakika\" \/>\n<script type=\"application\/ld+json\" class=\"yoast-schema-graph\">{\"@context\":\"https:\/\/schema.org\",\"@graph\":[{\"@type\":\"WebPage\",\"@id\":\"https:\/\/globdocuments.com\/product\/greece-driver-license\/\",\"url\":\"https:\/\/globdocuments.com\/product\/greece-driver-license\/\",\"name\":\"Greece Driver License Online | Glob Documents\",\"isPartOf\":{\"@id\":\"https:\/\/globdocuments.com\/#website\"},\"primaryImageOfPage\":{\"@id\":\"https:\/\/globdocuments.com\/product\/greece-driver-license\/#primaryimage\"},\"image\":{\"@id\":\"https:\/\/globdocuments.com\/product\/greece-driver-license\/#primaryimage\"},\"thumbnailUrl\":\"https:\/\/globdocuments.com\/wp-content\/uploads\/2022\/11\/Greece-Driver-License.jpg\",\"datePublished\":\"2022-11-03T07:17:57+00:00\",\"dateModified\":\"2026-01-07T06:38:30+00:00\",\"description\":\"Buy Greece Driver License online at globdocuments.com with safe and fast worldwide delivery at the best price. Check the best deals on fake documents!\",\"breadcrumb\":{\"@id\":\"https:\/\/globdocuments.com\/product\/greece-driver-license\/#breadcrumb\"},\"inLanguage\":\"tr\",\"potentialAction\":[{\"@type\":\"ReadAction\",\"target\":[\"https:\/\/globdocuments.com\/product\/greece-driver-license\/\"]}]},{\"@type\":\"ImageObject\",\"inLanguage\":\"tr\",\"@id\":\"https:\/\/globdocuments.com\/product\/greece-driver-license\/#primaryimage\",\"url\":\"https:\/\/globdocuments.com\/wp-content\/uploads\/2022\/11\/Greece-Driver-License.jpg\",\"contentUrl\":\"https:\/\/globdocuments.com\/wp-content\/uploads\/2022\/11\/Greece-Driver-License.jpg\",\"width\":450,\"height\":450,\"caption\":\"Greece Driver License\"},{\"@type\":\"BreadcrumbList\",\"@id\":\"https:\/\/globdocuments.com\/product\/greece-driver-license\/#breadcrumb\",\"itemListElement\":[{\"@type\":\"ListItem\",\"position\":1,\"name\":\"Shop\",\"item\":\"https:\/\/globdocuments.com\/shop\/\"},{\"@type\":\"ListItem\",\"position\":2,\"name\":\"Greece Driver License\"}]},{\"@type\":\"WebSite\",\"@id\":\"https:\/\/globdocuments.com\/#website\",\"url\":\"https:\/\/globdocuments.com\/\",\"name\":\"\",\"description\":\"Buy real fake documents online\",\"potentialAction\":[{\"@type\":\"SearchAction\",\"target\":{\"@type\":\"EntryPoint\",\"urlTemplate\":\"https:\/\/globdocuments.com\/?s={search_term_string}\"},\"query-input\":{\"@type\":\"PropertyValueSpecification\",\"valueRequired\":true,\"valueName\":\"search_term_string\"}}],\"inLanguage\":\"tr\"}]}<\/script>\n<!-- \/ Yoast SEO plugin. -->","yoast_head_json":{"title":"Yunanistan S\u00fcr\u00fcc\u00fc Belgesi \u00c7evrimi\u00e7i | Glob Documents","description":"En iyi fiyata g\u00fcvenli ve h\u0131zl\u0131 d\u00fcnya \u00e7ap\u0131nda teslimat ile globdocuments.com adresinden \u00e7evrimi\u00e7i Yunanistan S\u00fcr\u00fcc\u00fc Belgesi sat\u0131n al\u0131n. Sahte belgelerdeki en iyi f\u0131rsatlar\u0131 kontrol edin!","robots":{"index":"index","follow":"follow","max-snippet":"max-snippet:-1","max-image-preview":"max-image-preview:large","max-video-preview":"max-video-preview:-1"},"canonical":"https:\/\/globdocuments.com\/tr\/urun\/greece-driver-license\/","og_locale":"tr_TR","og_type":"article","og_title":"Greece Driver License Online | Glob Documents","og_description":"Buy Greece Driver License online at globdocuments.com with safe and fast worldwide delivery at the best price. Check the best deals on fake documents!","og_url":"https:\/\/globdocuments.com\/tr\/urun\/greece-driver-license\/","article_modified_time":"2026-01-07T06:38:30+00:00","og_image":[{"width":450,"height":450,"url":"https:\/\/globdocuments.com\/wp-content\/uploads\/2022\/11\/Greece-Driver-License.jpg","type":"image\/jpeg"}],"twitter_card":"summary_large_image","twitter_misc":{"Tahmini okuma s\u00fcresi":"3 dakika"},"schema":{"@context":"https:\/\/schema.org","@graph":[{"@type":"WebPage","@id":"https:\/\/globdocuments.com\/product\/greece-driver-license\/","url":"https:\/\/globdocuments.com\/product\/greece-driver-license\/","name":"Yunanistan S\u00fcr\u00fcc\u00fc Belgesi \u00c7evrimi\u00e7i | Glob Documents","isPartOf":{"@id":"https:\/\/globdocuments.com\/#website"},"primaryImageOfPage":{"@id":"https:\/\/globdocuments.com\/product\/greece-driver-license\/#primaryimage"},"image":{"@id":"https:\/\/globdocuments.com\/product\/greece-driver-license\/#primaryimage"},"thumbnailUrl":"https:\/\/globdocuments.com\/wp-content\/uploads\/2022\/11\/Greece-Driver-License.jpg","datePublished":"2022-11-03T07:17:57+00:00","dateModified":"2026-01-07T06:38:30+00:00","description":"En iyi fiyata g\u00fcvenli ve h\u0131zl\u0131 d\u00fcnya \u00e7ap\u0131nda teslimat ile globdocuments.com adresinden \u00e7evrimi\u00e7i Yunanistan S\u00fcr\u00fcc\u00fc Belgesi sat\u0131n al\u0131n. Sahte belgelerdeki en iyi f\u0131rsatlar\u0131 kontrol edin!","breadcrumb":{"@id":"https:\/\/globdocuments.com\/product\/greece-driver-license\/#breadcrumb"},"inLanguage":"tr","potentialAction":[{"@type":"ReadAction","target":["https:\/\/globdocuments.com\/product\/greece-driver-license\/"]}]},{"@type":"ImageObject","inLanguage":"tr","@id":"https:\/\/globdocuments.com\/product\/greece-driver-license\/#primaryimage","url":"https:\/\/globdocuments.com\/wp-content\/uploads\/2022\/11\/Greece-Driver-License.jpg","contentUrl":"https:\/\/globdocuments.com\/wp-content\/uploads\/2022\/11\/Greece-Driver-License.jpg","width":450,"height":450,"caption":"Greece Driver License"},{"@type":"BreadcrumbList","@id":"https:\/\/globdocuments.com\/product\/greece-driver-license\/#breadcrumb","itemListElement":[{"@type":"ListItem","position":1,"name":"Shop","item":"https:\/\/globdocuments.com\/shop\/"},{"@type":"ListItem","position":2,"name":"Greece Driver License"}]},{"@type":"WebSite","@id":"https:\/\/globdocuments.com\/#website","url":"https:\/\/globdocuments.com\/","name":"","description":"Online ger\u00e7ek sahte belgeler sat\u0131n al","potentialAction":[{"@type":"SearchAction","target":{"@type":"EntryPoint","urlTemplate":"https:\/\/globdocuments.com\/?s={search_term_string}"},"query-input":{"@type":"PropertyValueSpecification","valueRequired":true,"valueName":"search_term_string"}}],"inLanguage":"tr"}]}},"_links":{"self":[{"href":"https:\/\/globdocuments.com\/tr\/wp-json\/wp\/v2\/product\/433","targetHints":{"allow":["GET"]}}],"collection":[{"href":"https:\/\/globdocuments.com\/tr\/wp-json\/wp\/v2\/product"}],"about":[{"href":"https:\/\/globdocuments.com\/tr\/wp-json\/wp\/v2\/types\/product"}],"replies":[{"embeddable":true,"href":"https:\/\/globdocuments.com\/tr\/wp-json\/wp\/v2\/comments?post=433"}],"wp:featuredmedia":[{"embeddable":true,"href":"https:\/\/globdocuments.com\/tr\/wp-json\/wp\/v2\/media\/569"}],"wp:attachment":[{"href":"https:\/\/globdocuments.com\/tr\/wp-json\/wp\/v2\/media?parent=433"}],"wp:term":[{"taxonomy":"product_brand","embeddable":true,"href":"https:\/\/globdocuments.com\/tr\/wp-json\/wp\/v2\/product_brand?post=433"},{"taxonomy":"product_cat","embeddable":true,"href":"https:\/\/globdocuments.com\/tr\/wp-json\/wp\/v2\/product_cat?post=433"},{"taxonomy":"product_tag","embeddable":true,"href":"https:\/\/globdocuments.com\/tr\/wp-json\/wp\/v2\/product_tag?post=433"}],"curies":[{"name":"wp","href":"https:\/\/api.w.org\/{rel}","templated":true}]}}