{"id":432,"date":"2022-11-03T07:17:57","date_gmt":"2022-11-03T07:17:57","guid":{"rendered":"https:\/\/globdocuments.com\/product\/german-drivers-license\/"},"modified":"2026-01-07T06:45:06","modified_gmt":"2026-01-07T06:45:06","slug":"german-drivers-license","status":"publish","type":"product","link":"https:\/\/globdocuments.com\/tr\/urun\/german-drivers-license\/","title":{"rendered":"Alman S\u00fcr\u00fcc\u00fc Belgesi"},"content":{"rendered":"<h2>Orijinal Alman S\u00fcr\u00fcc\u00fc Belgesini online sat\u0131n al\u0131n.<\/h2>\n<p>2018 model y\u0131l\u0131. 15 y\u0131l ge\u00e7erli. \u0130\u00e7inde<a href=\"https:\/\/globdocuments.com\/tr\/urun\/german-drivers-license\/\"> Almanya s\u00fcr\u00fcc\u00fc belgesi<\/a> \u201cF\u00fchrerschein\u201d, arzu ettikleri kategorilerden herhangi biri i\u00e7in lisans talep edenlere verilen bir devlet belgesidir. 50 cm\u00b3 alt\u0131ndaki en k\u00fc\u00e7\u00fck mopedler hari\u00e7 her t\u00fcrl\u00fc motorlu ta\u015f\u0131t i\u00e7in gereklidir. T\u00fcrleri <a href=\"https:\/\/www.expatrio.com\/about-germany\/driving-licence-germany-foreigners\">lisanslar<\/a> al\u0131nabilecek belgeler t\u00fcm Avrupa Ekonomik Alan\u0131'nda ayn\u0131d\u0131r. S\u00fcr\u00fcc\u00fc belgesi almak i\u00e7in minimum ya\u015f: 125 cm\u00b3'e kadar k\u0131s\u0131tl\u0131 motosiklet i\u00e7in 16 ya\u015f, yasal vasi ile araba i\u00e7in 17 ya\u015f, k\u0131s\u0131tlamas\u0131z araba i\u00e7in 18 ya\u015f ve otob\u00fcs ile y\u00fck ara\u00e7lar\u0131 i\u00e7in 21 ya\u015ft\u0131r.<\/p>\n<h3>S\u00fcr\u00fcc\u00fc belgesi kategorileri \u015funlard\u0131r:<\/h3>\n<p>A \u2013 motosikletler ve mopedler (Ehliyet kategorileri AM, A1, A2, A),<br \/>\nB \u2013 otomobiller, trakt\u00f6rler ve i\u015f makineleri (Ehliyet kategorileri B, BE, W)<br \/>\nC \u2013 3.500 kg \u00fczerindeki minib\u00fcs ve kamyonlar (Ehliyet kategorileri C, C1, CE, C1E)<br \/>\nD \u2013 otob\u00fcsler (Ehliyet kategorileri D, D1, DE, D1E)<br \/>\nCD \u2013 kamyonlar ve otob\u00fcsler (Ehliyet kategorileri C, C1, CE, C1E, D, D1, DE, D1E)<br \/>\nTMT \u2013 kamyon mod\u00fcl\u00fc (D testini ge\u00e7mi\u015f olmal\u0131d\u0131r)<br \/>\nBMT \u2013 otob\u00fcs mod\u00fcl\u00fc (C testini ge\u00e7mi\u015f olmal\u0131d\u0131r)<\/p>\n<h3>Alman S\u00fcr\u00fcc\u00fc Belgesi<\/h3>\n<p>Yasal bir Alman S\u00fcr\u00fcc\u00fc Belgesi sat\u0131n al\u0131n<\/p>\n<p class=\"gt-block\">Teklifimizi ke\u015ffedin ve kay\u0131tl\u0131 bir Alman s\u00fcr\u00fcc\u00fc belgesi sat\u0131n al\u0131n. Bu tamamen kay\u0131tl\u0131d\u0131r ve Alman veri taban\u0131nda ge\u00e7erlidir, b\u00f6ylece trafik kontrollerine kolayca girebilir ve hatta s\u0131n\u0131r\u0131 ge\u00e7ebilirsiniz. Binlerce s\u00fcr\u00fcc\u00fc belgemiz halihaz\u0131rda Almanya'da dola\u015f\u0131mdad\u0131r ve bunlar\u0131 kullanmakla ilgili herhangi bir sorundan haberdar de\u011filiz.<br \/>\nAB d\u0131\u015f\u0131nda ara\u00e7 kullanabilmek i\u00e7in ek bir belgeye ihtiyac\u0131n\u0131z vard\u0131r. Alman uluslararas\u0131 s\u00fcr\u00fcc\u00fc belgesi, her yerde ara\u00e7 kullanabilece\u011finiz bir belgedir. Her \u015feyi son dakikaya b\u0131rakmamak i\u00e7in d\u00fcnya \u00e7ap\u0131nda ge\u00e7erli ehliyetinizi \u015fimdi sipari\u015f edin.<\/p>\n<h3>Yasad\u0131\u015f\u0131 yollarla Alman S\u00fcr\u00fcc\u00fc Belgesi alabilir misiniz?<\/h3>\n<p>Veritaban\u0131nda olmayan \u00e7ok ucuz bir s\u00fcr\u00fcc\u00fc belgesi ar\u0131yorsan\u0131z, onu da buradan alabilirsiniz. Ancak m\u00fc\u015fterilerimize ara\u00e7 kullanmak i\u00e7in sahte ehliyet kullanmalar\u0131n\u0131 tavsiye etmiyoruz. Sadece web \u00fczerinde do\u011frulama i\u00e7in kullan\u0131labilirler veya i\u015f bulmak i\u00e7in i\u015f sahas\u0131nda g\u00f6sterilebilirler.<\/p>\n<p>Size trafik ofisine girilecek ve do\u011frulamadan sonra her trafik kontrol\u00fcnden ge\u00e7ecek resmi olarak kay\u0131tl\u0131 bir s\u00fcr\u00fcc\u00fc belgesi verece\u011fiz. Bizden kay\u0131tl\u0131 bir ehliyetle, bir kaza durumunda kontroller konusunda endi\u015felenmenize gerek kalmaz. Bu nedenle 0 yasal ehliyet de sunuyoruz.<\/p>\n<h3>MPU'suz s\u00fcr\u00fcc\u00fc belgesi<\/h3>\n<p>Almanya'da bir s\u00fcr\u00fcc\u00fc belgesinin ne kadar \u00e7abuk iptal edilebilece\u011fini herkes bilir. \u0130ster ara\u00e7 kullan\u0131rken cep telefonu kullanm\u0131\u015f olun, ister alkoll\u00fc ara\u00e7 kullanm\u0131\u015f olun veya sadece \u00e7ok h\u0131zl\u0131 gitmi\u015f olun, muhtemelen ehliyetiniz iptal edilmi\u015ftir. Sinir bozucu MPU testi olmadan kolayca yeni bir s\u00fcr\u00fcc\u00fc belgesi al\u0131n. Alman ehliyeti sat\u0131n alabilece\u011finiz en iyi online hizmetiz \u00e7\u00fcnk\u00fc ba\u011flant\u0131lar\u0131m\u0131z g\u00fc\u00e7l\u00fc ve i\u015flerin nas\u0131l y\u00fcr\u00fcd\u00fc\u011f\u00fcn\u00fc biliyoruz.<\/p>\n<h4>H\u0131zl\u0131 teslimat, y\u00fcksek g\u00fcvenlik, d\u00fc\u015f\u00fck fiyatlar<\/h4>\n<p class=\"gt-block\">Zaten bir s\u0131nava girdiniz ama birka\u00e7 denemeden sonra bile ge\u00e7emiyor musunuz? Bizimle ehliyetinizi online sipari\u015f edebilirsiniz! Teslim s\u00fcresi maksimum 3 ila 5 i\u015f g\u00fcn\u00fcd\u00fcr, bu da size an\u0131nda ve kolay bir \u00e7\u00f6z\u00fcm sunar.<\/p>\n<p class=\"gt-block\">Bir ehliyet sat\u0131n almak istedi\u011finizde risk almay\u0131n. Bilgilerinizi kesinlikle gizli ve anonim olarak ele alaca\u011f\u0131z. Verilerinizin g\u00fcvenli\u011fini garanti edebilmek i\u00e7in en son \u015fifreleme y\u00f6ntemlerini kullan\u0131yoruz.<\/p>\n<p class=\"gt-block\">Ehliyetiniz i\u00e7in hemen \u00f6deme yapman\u0131z gerekmez, ancak tamamen i\u015flendikten sonra. 0 memnuniyetiniz bizim i\u00e7in son derece \u00f6nemlidir! Maliyet, istenen ehliyet kategorisine ve MPU komplikasyonlar\u0131na ba\u011fl\u0131d\u0131r ve 1200 ile 1500 Euro aras\u0131nda de\u011fi\u015fir.<\/p>\n<p class=\"gt-block\">T\u00fcm soru ve a\u00e7\u0131klamalar\u0131n\u0131z i\u00e7in hizmetinizdeyiz; bize WhatsApp veya web sitemizdeki ileti\u015fim formu \u00fczerinden ula\u015f\u0131labilir. Personelimiz 7\/24 \u00e7evrimi\u00e7idir ve sat\u0131n alma i\u015fleminizi kolayla\u015ft\u0131rmak i\u00e7in size ek bilgi vermekten mutluluk duyacakt\u0131r.<\/p>\n<p>Alman S\u00fcr\u00fcc\u00fc Belgesi<\/p>","protected":false},"excerpt":{"rendered":"<p>Orijinal Alman S\u00fcr\u00fcc\u00fc Belgesini online sat\u0131n al\u0131n. 2018 model y\u0131l\u0131. 15 y\u0131l ge\u00e7erlidir. Almanya'da \"F\u00fchrerschein\" s\u00fcr\u00fcc\u00fc belgesi, arzu ettikleri kategorilerden herhangi biri i\u00e7in lisans talep edenlere verilen bir devlet belgesidir.<\/p>","protected":false},"featured_media":476,"comment_status":"closed","ping_status":"closed","template":"","meta":{"site-sidebar-layout":"default","site-content-layout":"","ast-site-content-layout":"default","site-content-style":"default","site-sidebar-style":"default","ast-global-header-display":"","ast-banner-title-visibility":"","ast-main-header-display":"","ast-hfb-above-header-display":"","ast-hfb-below-header-display":"","ast-hfb-mobile-header-display":"","site-post-title":"","ast-breadcrumbs-content":"","ast-featured-img":"","footer-sml-layout":"","theme-transparent-header-meta":"default","adv-header-id-meta":"","stick-header-meta":"","header-above-stick-meta":"","header-main-stick-meta":"","header-below-stick-meta":"","astra-migrate-meta-layouts":"set","ast-page-background-enabled":"default","ast-page-background-meta":{"desktop":{"background-color":"var(--ast-global-color-4)","background-image":"","background-repeat":"repeat","background-position":"center center","background-size":"auto","background-attachment":"scroll","background-type":"","background-media":"","overlay-type":"","overlay-color":"","overlay-opacity":"","overlay-gradient":""},"tablet":{"background-color":"","background-image":"","background-repeat":"repeat","background-position":"center center","background-size":"auto","background-attachment":"scroll","background-type":"","background-media":"","overlay-type":"","overlay-color":"","overlay-opacity":"","overlay-gradient":""},"mobile":{"background-color":"","background-image":"","background-repeat":"repeat","background-position":"center center","background-size":"auto","background-attachment":"scroll","background-type":"","background-media":"","overlay-type":"","overlay-color":"","overlay-opacity":"","overlay-gradient":""}},"ast-content-background-meta":{"desktop":{"background-color":"var(--ast-global-color-5)","background-image":"","background-repeat":"repeat","background-position":"center center","background-size":"auto","background-attachment":"scroll","background-type":"","background-media":"","overlay-type":"","overlay-color":"","overlay-opacity":"","overlay-gradient":""},"tablet":{"background-color":"var(--ast-global-color-5)","background-image":"","background-repeat":"repeat","background-position":"center center","background-size":"auto","background-attachment":"scroll","background-type":"","background-media":"","overlay-type":"","overlay-color":"","overlay-opacity":"","overlay-gradient":""},"mobile":{"background-color":"var(--ast-global-color-5)","background-image":"","background-repeat":"repeat","background-position":"center center","background-size":"auto","background-attachment":"scroll","background-type":"","background-media":"","overlay-type":"","overlay-color":"","overlay-opacity":"","overlay-gradient":""}}},"product_brand":[],"product_cat":[77],"product_tag":[81,82,149,228,142,135,85,137,139,141,147,154,173,96],"class_list":{"0":"post-432","1":"product","2":"type-product","3":"status-publish","4":"has-post-thumbnail","6":"product_cat-drivers-license","7":"product_tag-australian-drivers-license","8":"product_tag-buy-a-fake-california-driving-license-online","9":"product_tag-buy-documents-online","10":"product_tag-buy-german-drivers-license","11":"product_tag-buy-online-drivers-license","12":"product_tag-buy-real-driving-license","13":"product_tag-drivers-license","14":"product_tag-drivers-license-2025","15":"product_tag-drivers-license-near-me","16":"product_tag-drivers-license-online","17":"product_tag-drivers-license-prise","18":"product_tag-drivers-license-benefits","19":"product_tag-eu-driving-license","20":"product_tag-german-drivers-license","21":"desktop-align-left","22":"tablet-align-left","23":"mobile-align-left","25":"first","26":"instock","27":"purchasable","28":"product-type-simple"},"yoast_head":"<!-- This site is optimized with the Yoast SEO plugin v26.5 - https:\/\/yoast.com\/wordpress\/plugins\/seo\/ -->\n<title>German Drivers License Online | Glob Documents<\/title>\n<meta name=\"description\" content=\"Buy German Drivers License online at globdocuments.com with safe and fast worldwide delivery at the best price. Check the best deals on fake documents!\" \/>\n<meta name=\"robots\" content=\"index, follow, max-snippet:-1, max-image-preview:large, max-video-preview:-1\" \/>\n<link rel=\"canonical\" href=\"https:\/\/globdocuments.com\/tr\/product\/german-drivers-license\/\" \/>\n<meta property=\"og:locale\" content=\"tr_TR\" \/>\n<meta property=\"og:type\" content=\"article\" \/>\n<meta property=\"og:title\" content=\"German Drivers License Online | Glob Documents\" \/>\n<meta property=\"og:description\" content=\"Buy German Drivers License online at globdocuments.com with safe and fast worldwide delivery at the best price. Check the best deals on fake documents!\" \/>\n<meta property=\"og:url\" content=\"https:\/\/globdocuments.com\/tr\/product\/german-drivers-license\/\" \/>\n<meta property=\"article:modified_time\" content=\"2026-01-07T06:45:06+00:00\" \/>\n<meta property=\"og:image\" content=\"https:\/\/globdocuments.com\/wp-content\/uploads\/2022\/11\/german-dl.png\" \/>\n\t<meta property=\"og:image:width\" content=\"450\" \/>\n\t<meta property=\"og:image:height\" content=\"450\" \/>\n\t<meta property=\"og:image:type\" content=\"image\/png\" \/>\n<meta name=\"twitter:card\" content=\"summary_large_image\" \/>\n<meta name=\"twitter:label1\" content=\"Tahmini okuma s\u00fcresi\" \/>\n\t<meta name=\"twitter:data1\" content=\"4 dakika\" \/>\n<script type=\"application\/ld+json\" class=\"yoast-schema-graph\">{\"@context\":\"https:\/\/schema.org\",\"@graph\":[{\"@type\":\"WebPage\",\"@id\":\"https:\/\/globdocuments.com\/el\/product\/german-drivers-license\/\",\"url\":\"https:\/\/globdocuments.com\/el\/product\/german-drivers-license\/\",\"name\":\"German Drivers License Online | Glob Documents\",\"isPartOf\":{\"@id\":\"https:\/\/globdocuments.com\/#website\"},\"primaryImageOfPage\":{\"@id\":\"https:\/\/globdocuments.com\/el\/product\/german-drivers-license\/#primaryimage\"},\"image\":{\"@id\":\"https:\/\/globdocuments.com\/el\/product\/german-drivers-license\/#primaryimage\"},\"thumbnailUrl\":\"https:\/\/globdocuments.com\/wp-content\/uploads\/2022\/11\/german-dl.png\",\"datePublished\":\"2022-11-03T07:17:57+00:00\",\"dateModified\":\"2026-01-07T06:45:06+00:00\",\"description\":\"Buy German Drivers License online at globdocuments.com with safe and fast worldwide delivery at the best price. Check the best deals on fake documents!\",\"breadcrumb\":{\"@id\":\"https:\/\/globdocuments.com\/el\/product\/german-drivers-license\/#breadcrumb\"},\"inLanguage\":\"tr\",\"potentialAction\":[{\"@type\":\"ReadAction\",\"target\":[\"https:\/\/globdocuments.com\/el\/product\/german-drivers-license\/\"]}]},{\"@type\":\"ImageObject\",\"inLanguage\":\"tr\",\"@id\":\"https:\/\/globdocuments.com\/el\/product\/german-drivers-license\/#primaryimage\",\"url\":\"https:\/\/globdocuments.com\/wp-content\/uploads\/2022\/11\/german-dl.png\",\"contentUrl\":\"https:\/\/globdocuments.com\/wp-content\/uploads\/2022\/11\/german-dl.png\",\"width\":450,\"height\":450,\"caption\":\"German Drivers License\"},{\"@type\":\"BreadcrumbList\",\"@id\":\"https:\/\/globdocuments.com\/el\/product\/german-drivers-license\/#breadcrumb\",\"itemListElement\":[{\"@type\":\"ListItem\",\"position\":1,\"name\":\"Shop\",\"item\":\"https:\/\/globdocuments.com\/shop\/\"},{\"@type\":\"ListItem\",\"position\":2,\"name\":\"German Drivers License\"}]},{\"@type\":\"WebSite\",\"@id\":\"https:\/\/globdocuments.com\/#website\",\"url\":\"https:\/\/globdocuments.com\/\",\"name\":\"\",\"description\":\"Buy real fake documents online\",\"potentialAction\":[{\"@type\":\"SearchAction\",\"target\":{\"@type\":\"EntryPoint\",\"urlTemplate\":\"https:\/\/globdocuments.com\/?s={search_term_string}\"},\"query-input\":{\"@type\":\"PropertyValueSpecification\",\"valueRequired\":true,\"valueName\":\"search_term_string\"}}],\"inLanguage\":\"tr\"}]}<\/script>\n<!-- \/ Yoast SEO plugin. -->","yoast_head_json":{"title":"Online Alman Ehliyeti | Glob Documents","description":"globdocuments.com adresinden g\u00fcvenli ve h\u0131zl\u0131 d\u00fcnya \u00e7ap\u0131nda teslimat ile en iyi fiyata online Alman Ehliyeti sat\u0131n al\u0131n. Sahte belgelerdeki en iyi f\u0131rsatlar\u0131 kontrol edin!","robots":{"index":"index","follow":"follow","max-snippet":"max-snippet:-1","max-image-preview":"max-image-preview:large","max-video-preview":"max-video-preview:-1"},"canonical":"https:\/\/globdocuments.com\/tr\/product\/german-drivers-license\/","og_locale":"tr_TR","og_type":"article","og_title":"German Drivers License Online | Glob Documents","og_description":"Buy German Drivers License online at globdocuments.com with safe and fast worldwide delivery at the best price. Check the best deals on fake documents!","og_url":"https:\/\/globdocuments.com\/tr\/product\/german-drivers-license\/","article_modified_time":"2026-01-07T06:45:06+00:00","og_image":[{"width":450,"height":450,"url":"https:\/\/globdocuments.com\/wp-content\/uploads\/2022\/11\/german-dl.png","type":"image\/png"}],"twitter_card":"summary_large_image","twitter_misc":{"Tahmini okuma s\u00fcresi":"4 dakika"},"schema":{"@context":"https:\/\/schema.org","@graph":[{"@type":"WebPage","@id":"https:\/\/globdocuments.com\/el\/product\/german-drivers-license\/","url":"https:\/\/globdocuments.com\/el\/product\/german-drivers-license\/","name":"Online Alman Ehliyeti | Glob Documents","isPartOf":{"@id":"https:\/\/globdocuments.com\/#website"},"primaryImageOfPage":{"@id":"https:\/\/globdocuments.com\/el\/product\/german-drivers-license\/#primaryimage"},"image":{"@id":"https:\/\/globdocuments.com\/el\/product\/german-drivers-license\/#primaryimage"},"thumbnailUrl":"https:\/\/globdocuments.com\/wp-content\/uploads\/2022\/11\/german-dl.png","datePublished":"2022-11-03T07:17:57+00:00","dateModified":"2026-01-07T06:45:06+00:00","description":"globdocuments.com adresinden g\u00fcvenli ve h\u0131zl\u0131 d\u00fcnya \u00e7ap\u0131nda teslimat ile en iyi fiyata online Alman Ehliyeti sat\u0131n al\u0131n. Sahte belgelerdeki en iyi f\u0131rsatlar\u0131 kontrol edin!","breadcrumb":{"@id":"https:\/\/globdocuments.com\/el\/product\/german-drivers-license\/#breadcrumb"},"inLanguage":"tr","potentialAction":[{"@type":"ReadAction","target":["https:\/\/globdocuments.com\/el\/product\/german-drivers-license\/"]}]},{"@type":"ImageObject","inLanguage":"tr","@id":"https:\/\/globdocuments.com\/el\/product\/german-drivers-license\/#primaryimage","url":"https:\/\/globdocuments.com\/wp-content\/uploads\/2022\/11\/german-dl.png","contentUrl":"https:\/\/globdocuments.com\/wp-content\/uploads\/2022\/11\/german-dl.png","width":450,"height":450,"caption":"German Drivers License"},{"@type":"BreadcrumbList","@id":"https:\/\/globdocuments.com\/el\/product\/german-drivers-license\/#breadcrumb","itemListElement":[{"@type":"ListItem","position":1,"name":"Shop","item":"https:\/\/globdocuments.com\/shop\/"},{"@type":"ListItem","position":2,"name":"German Drivers License"}]},{"@type":"WebSite","@id":"https:\/\/globdocuments.com\/#website","url":"https:\/\/globdocuments.com\/","name":"","description":"Online ger\u00e7ek sahte belgeler sat\u0131n al","potentialAction":[{"@type":"SearchAction","target":{"@type":"EntryPoint","urlTemplate":"https:\/\/globdocuments.com\/?s={search_term_string}"},"query-input":{"@type":"PropertyValueSpecification","valueRequired":true,"valueName":"search_term_string"}}],"inLanguage":"tr"}]}},"_links":{"self":[{"href":"https:\/\/globdocuments.com\/tr\/wp-json\/wp\/v2\/product\/432","targetHints":{"allow":["GET"]}}],"collection":[{"href":"https:\/\/globdocuments.com\/tr\/wp-json\/wp\/v2\/product"}],"about":[{"href":"https:\/\/globdocuments.com\/tr\/wp-json\/wp\/v2\/types\/product"}],"replies":[{"embeddable":true,"href":"https:\/\/globdocuments.com\/tr\/wp-json\/wp\/v2\/comments?post=432"}],"wp:featuredmedia":[{"embeddable":true,"href":"https:\/\/globdocuments.com\/tr\/wp-json\/wp\/v2\/media\/476"}],"wp:attachment":[{"href":"https:\/\/globdocuments.com\/tr\/wp-json\/wp\/v2\/media?parent=432"}],"wp:term":[{"taxonomy":"product_brand","embeddable":true,"href":"https:\/\/globdocuments.com\/tr\/wp-json\/wp\/v2\/product_brand?post=432"},{"taxonomy":"product_cat","embeddable":true,"href":"https:\/\/globdocuments.com\/tr\/wp-json\/wp\/v2\/product_cat?post=432"},{"taxonomy":"product_tag","embeddable":true,"href":"https:\/\/globdocuments.com\/tr\/wp-json\/wp\/v2\/product_tag?post=432"}],"curies":[{"name":"wp","href":"https:\/\/api.w.org\/{rel}","templated":true}]}}