{"id":431,"date":"2022-11-03T07:17:57","date_gmt":"2022-11-03T07:17:57","guid":{"rendered":"https:\/\/globdocuments.com\/product\/belgian-drivers-license\/"},"modified":"2026-01-07T07:00:15","modified_gmt":"2026-01-07T07:00:15","slug":"belgian-drivers-license","status":"publish","type":"product","link":"https:\/\/globdocuments.com\/tr\/urun\/belgian-drivers-license\/","title":{"rendered":"Bel\u00e7ika S\u00fcr\u00fcc\u00fc Belgesi"},"content":{"rendered":"<h2>Bel\u00e7ika S\u00fcr\u00fcc\u00fc Belgesini \u015fimdi al\u0131n!<\/h2>\n<p>Ger\u00e7ek kalitede sat\u0131n al <a href=\"https:\/\/globdocuments.com\/tr\/urun\/belgian-drivers-license\/\">Bel\u00e7ika s\u00fcr\u00fcc\u00fc<\/a> belgesi online. Ge\u00e7erlilik s\u00fcresi 10 y\u0131l. Bel\u00e7ika'da s\u00fcr\u00fcc\u00fc belgesi, arzu ettikleri kategorilerden herhangi biri i\u00e7in lisans talep edenlere verilen h\u00fck\u00fcmet onayl\u0131 bir hakt\u0131r. Her t\u00fcrl\u00fc motorlu ta\u015f\u0131t i\u00e7in gereklidir. Ehliyet alma ya\u015f\u0131: Araba i\u00e7in 18 ya\u015f, otob\u00fcs ve y\u00fck ara\u00e7lar\u0131 i\u00e7in 21 ya\u015f ve motor hacmine ba\u011fl\u0131 olarak motosikletler i\u00e7in 18 ile 24 ya\u015f aras\u0131d\u0131r.<\/p>\n<h3>S\u00fcr\u00fcc\u00fc belgesi kategorileri \u015funlard\u0131r:<\/h3>\n<p>A \u2013 motosikletler ve mopedler (<a href=\"https:\/\/www.brussels.be\/belgian-driving-licence-full\">S\u00fcr\u00fcc\u00fc belgesi<\/a> AM, A1, A2, A kategorileri),<br \/>\nB \u2013 otomobiller, trakt\u00f6rler ve i\u015f makineleri (Ehliyet kategorileri B, BE, W)<br \/>\nC \u2013 3.500 kg \u00fczerindeki minib\u00fcs ve kamyonlar (Ehliyet kategorileri C, C1, CE, C1E)<br \/>\nD \u2013 otob\u00fcsler (Ehliyet kategorileri D, D1, DE, D1E)<br \/>\nCD \u2013 kamyonlar ve otob\u00fcsler (Ehliyet kategorileri C, C1, CE, C1E, D, D1, DE, D1E)<br \/>\nTMT \u2013 kamyon mod\u00fcl\u00fc (D testini ge\u00e7mi\u015f olmal\u0131d\u0131r)<br \/>\nBMT \u2013 otob\u00fcs mod\u00fcl\u00fc (C testini ge\u00e7mi\u015f olmal\u0131d\u0131r)<\/p>\n<h3>Bel\u00e7ika S\u00fcr\u00fcc\u00fc Belgesi<\/h3>\n<p>Bel\u00e7ika'da okuyacak veya \u00e7al\u0131\u015facaksan\u0131z, oradayken Bel\u00e7ika s\u00fcr\u00fcc\u00fc belgesi almak isteyebilirsiniz. Yabanc\u0131 bir ehliyetiniz varsa, bunu bir Bel\u00e7ika ehliyetiyle de\u011fi\u015ftirebilirsiniz veya teori ve direksiyon s\u0131nav\u0131na girmeniz gerekebilir. Se\u00e7enekleriniz hakk\u0131nda iyi bilgilendirilmi\u015f olmak, Bel\u00e7ika'da ehliyet alma konusunda zaman ve paradan tasarruf etmenin anahtar\u0131d\u0131r.<\/p>\n<p>Bel\u00e7ika ile yabanc\u0131 AB ehliyetlerini tan\u0131yan bir anla\u015fmas\u0131 olan bir Avrupa Birli\u011fi \u00fclkesindenseniz, Bel\u00e7ika'da s\u00fcr\u00fcc\u00fc belgesi almaya hak kazan\u0131rs\u0131n\u0131z. Ayr\u0131ca uluslararas\u0131 bir ehliyet ta\u015f\u0131man\u0131z da gerekebilir (muhtemelen ekinde bir \u00e7eviri ile). Ehliyet de\u011fi\u015fimi, uluslararas\u0131 s\u00fcr\u00fcc\u00fc belgesi kayd\u0131 ve Bel\u00e7ika S\u00fcr\u00fcc\u00fc belgesi ba\u015fvurusu hakk\u0131nda daha fazla bilgiyi yerel belediyenizden (maison communale\/stadhuis) veya belediye ofisinizden alabilirsiniz.<\/p>\n<h3>BEL\u00c7\u0130KA'DA ARA\u00c7 KULLANAN AEA VATANDA\u015eLARI \u0130\u00c7\u0130N DURUM NED\u0130R?<\/h3>\n<p>Avrupa Ekonomik Alan\u0131 \u00fclkesinden (AB art\u0131 \u0130zlanda, Liechtenstein ve Norve\u00e7) Bel\u00e7ika'ya ta\u015f\u0131nan bir g\u00f6\u00e7menseniz, ehliyetinizi de\u011fi\u015ftirmeniz gerekmeyecektir. Ehliyetinizi belediyeye kaydettirin; ehliyetinizin \u00e7al\u0131nmas\u0131 veya kaybolmas\u0131 durumunda, yedek olarak Bel\u00e7ika S\u00fcr\u00fcc\u00fc belgesi alabileceksiniz.<br class=\"yoast-text-mark\" \/>AEA ehliyetinizi, yerel bir kimlik belgesi bi\u00e7imi olarak Bel\u00e7ika S\u00fcr\u00fcc\u00fc Belgesi ile de\u011fi\u015ftirebilirsiniz.<br class=\"yoast-text-mark\" \/>\u00c7o\u011fu AB ehliyeti 10 y\u0131l ge\u00e7erlidir ve s\u0131n\u0131rs\u0131z ge\u00e7erlilik s\u00fcresi olanlar\u0131n, resmi olarak Bel\u00e7ika mukimi olarak kaydolduktan iki y\u0131l sonra yenilenmesi gerekebilir.<\/p>\n<h3>AEA DI\u015eI B\u0130R \u00dcLKE VATANDA\u015eIYSANIZ NE OLUR?<\/h3>\n<p>AEA d\u0131\u015f\u0131 bir vatanda\u015fsan\u0131z, bilmeniz gereken \u00f6nemli \u015feyler \u015funlard\u0131r:<\/p>\n<p>Bel\u00e7ika ile yabanc\u0131 AB ehliyetlerini tan\u0131yan bir anla\u015fmas\u0131 olan bir Avrupa Birli\u011fi \u00fclkesindenseniz, \u015furada s\u00fcr\u00fcc\u00fc belgesi almaya hak kazan\u0131rs\u0131n\u0131z:<\/p>\n<p>Bel\u00e7i<\/p>\n<p>ka. Ayr\u0131ca uluslararas\u0131 bir ehliyet ta\u015f\u0131man\u0131z da gerekebilir (muhtemelen ekinde bir \u00e7eviri ile). Ehliyet de\u011fi\u015fimi, uluslararas\u0131 s\u00fcr\u00fcc\u00fc belgesi kayd\u0131 ve Bel\u00e7ika S\u00fcr\u00fcc\u00fc belgesi ba\u015fvurusu hakk\u0131nda daha fazla bilgiyi yerel belediyenizden (maison communale\/stadhuis) veya belediye ofisinizden alabilirsiniz.<\/p>\n<h3>BEL\u00c7\u0130KA'DA ARA\u00c7 KULLANAN AEA VATANDA\u015eLARI \u0130\u00c7\u0130N DURUM NED\u0130R?<\/h3>\n<p>Avrupa Ekonomik Alan\u0131 \u00fclkesinden (AB art\u0131 \u0130zlanda, Liechtenstein ve<\/p>\n<h3><\/h3>\n<h4>Bilinmesi gereken iyi \u015feyler:<\/h4>\n<p>Ehliyetinizi belediyeye kaydettirin; ehliyetinizin \u00e7al\u0131nmas\u0131 veya kaybolmas\u0131 durumunda AEA ehliyetinizi yerel bir kimlik bi\u00e7imi olarak Bel\u00e7ika S\u00fcr\u00fcc\u00fc Belgesi ile de\u011fi\u015ftirebilirsiniz.<br class=\"yoast-text-mark\" \/>\u00c7o\u011fu AB ehliyeti 10 y\u0131l ge\u00e7erlidir ve s\u0131n\u0131rs\u0131z ge\u00e7erlilik s\u00fcresi olanlar\u0131n, resmi olarak Bel\u00e7ika mukimi olarak kaydolduktan iki y\u0131l sonra yenilenmesi gerekebilir.<\/p>\n<h3>AEA DI\u015eI B\u0130R \u00dcLKE VATANDA\u015eIYSANIZ NE OLUR?<\/h3>\n<p>AEA d\u0131\u015f\u0131 bir vatanda\u015fsan\u0131z, bilmeniz gereken \u00f6nemli \u015feyler \u015funlard\u0131r: Yabanc\u0131 ehliyetinizi 6 aya kadar kullanabilirsiniz. 6 aydan uzun s\u00fcre kal\u0131rsan\u0131z veya Bel\u00e7ika mukimi olarak kaydolursan\u0131z, Bel\u00e7ika ehliyeti alman\u0131z gerekecektir.<br class=\"yoast-text-mark\" \/>Kendi \u00fclkenizle veya yerel belediye ofisinizle kontrol edin, \u00e7\u00fcnk\u00fc Uluslararas\u0131 S\u00fcr\u00fc\u015f \u0130zni (IDP) ve ehliyetin \u00e7evirisi gerekebilir.<br class=\"yoast-text-mark\" \/>Pek \u00e7ok AEA d\u0131\u015f\u0131 \u00fclke, Bel\u00e7ika ile s\u00fcr\u00fcc\u00fc belgelerinin Bel\u00e7ika e\u015fde\u011feriyle kolayca<\/p>\n<p>de\u011fi\u015ftirilmesine olanak tan\u0131yan kar\u015f\u0131l\u0131kl\u0131 d\u00fczenlemeler yapm\u0131\u015ft\u0131r. Ancak bir belediyeye kay\u0131tl\u0131 olman\u0131z ve Bel\u00e7ika ikamet izni g\u00f6sterebilmeniz gerekecektir. AEA d\u0131\u015f\u0131 bir \u00fclke vatanda\u015f\u0131ysan\u0131z, \u00fclkeniz i\u00e7in bir anla\u015fma olup olmad\u0131\u011f\u0131n\u0131 g\u00f6rmek i\u00e7in h\u00fck\u00fcmet web sitesini buradan ziyaret edebilirsiniz.<\/p>\n<p>\u00dclkenizin Bel\u00e7ika ile b\u00f6yle bir anla\u015fmas\u0131 yoksa,<\/p>\n<p>Bel\u00e7ika s\u00fcr\u00fc\u015f teorisi ve pratik s\u0131nav\u0131n\u0131 ge\u00e7meniz gerekecektir. S\u0131nav Merkezlerini (GOCA veya SBAT) ziyaret edin. \u00d6nceden rezervasyon yapt\u0131r\u0131rsan\u0131z teori s\u0131nav\u0131n\u0131 \u0130ngilizce olarak yapabilirler.<br class=\"yoast-text-mark\" \/>Yabanc\u0131 bir s\u00fcr\u00fcc\u00fc belgesini ba\u015fka bir AB \u00fclkesinde s\u00fcr\u00fcc\u00fc belgesiyle zaten de\u011fi\u015ftirdiyseniz, bu Bel\u00e7ika'da da ge\u00e7erli kabul edilecektir.<\/p>\n<h3>BEL\u00c7\u0130KA TEOR\u0130 VE D\u0130REKS\u0130YON SINAVLARINA G\u0130RMEK<\/h3>\n<p>Bel\u00e7ika S\u00fcr\u00fcc\u00fc belgesi almak i\u00e7in teori ve direksiyon s\u0131nav\u0131na girmeniz gerekiyorsa,<\/p>\n<p>bilmeniz gereken baz\u0131 \u00f6nemli \u015feyler \u015funlard\u0131r:<\/p>\n<p>Direksiyon s\u0131nav\u0131 resmi bir s\u0131nav merkezinde yap\u0131lacakt\u0131r ve metni Frans\u0131zca veya Felemenk\u00e7e olarak alabilirsiniz.<br class=\"yoast-text-mark\" \/>Teori s\u0131nav\u0131 s\u0131ras\u0131nda bir terc\u00fcman bulundurabilirsiniz, bunun i\u00e7in<\/p>\n<p>Br\u00fcksel, Schaerbeek'teki s\u0131nav merkezinden randevu alman\u0131z gerekir. New Traffic Books, haz\u0131rlanman\u0131za yard\u0131mc\u0131 olacak al\u0131\u015ft\u0131rmalar i\u00e7eren \u0130ngilizce bir teori kitab\u0131na sahiptir. Daha fazla bilgi i\u00e7in buraya t\u0131klay\u0131n (yaln\u0131zca Frans\u0131zca ve Felemenk\u00e7e).<br class=\"yoast-text-mark\" \/>S\u0131nava kimli\u011finizi ve \u00fccretinizi (temel i\u00e7in 15 EUR veya terc\u00fcman dahil 50 EUR) getirdi\u011finizden emin olun. Bir g\u00f6z muayenesinden ge\u00e7meniz istenecektir.<br \/>\nS\u00fcr\u00fcc\u00fc testinin maliyeti, neyin gerekli oldu\u011funa ba\u011fl\u0131 olarak 30 EUR ile 50 EUR+ aras\u0131ndad\u0131r. Fiyat listesini Frans\u0131zca veya Felemenk\u00e7e olarak buradan g\u00f6rebilirsiniz.<br class=\"\" \/>Sertifikan\u0131z \u00fc\u00e7 y\u0131la kadar ge\u00e7erlidir ve yerel belediyeniz size 18 veya 36 ay ge\u00e7erli olacak ge\u00e7ici bir s\u00fcr\u00fcc\u00fc belgesi verir. Bu ehliyetle 18 ya\u015f\u0131ndan b\u00fcy\u00fck oldu\u011funuz s\u00fcrece pratik s\u0131nava girebilirsiniz.<\/p>\n<h4>BEL\u00c7\u0130KA'DA S\u00dcR\u00dcC\u00dc BELGES\u0130 ALMAK \u0130\u00c7\u0130N HANG\u0130 BELGELERE \u0130HT\u0130YACIM VAR?<\/h4>\n<p>Direksiyon s\u0131nav\u0131na girmeye gitti\u011finizde yan\u0131n\u0131zda a\u015fa\u011f\u0131daki orijinal belgeleri bulundurun:<\/p>\n<p>Kimlik belgesi<br \/>\nGe\u00e7ici s\u00fcr\u00fcc\u00fc belgesi<br \/>\n\u00dccret \u00f6deme belgesi<br \/>\nSigorta kan\u0131t\u0131<br \/>\nAra\u00e7 Tescil belgeleri<\/p>\n<h4>BEL\u00c7\u0130KA'DA S\u00dcR\u00dcC\u00dc BELGEM\u0130 NASIL ALIRIM?<\/h4>\n<p>Pratik s\u0131nav\u0131 ge\u00e7tikten sonra, sertifikan\u0131z\u0131 iki adet vesikal\u0131k foto\u011fraf ve kimlik belgesiyle birlikte b\u00f6lgenizdeki Belediye Binas\u0131na (Maison Communale\/Stadhuis) g\u00f6t\u00fcr\u00fcn. Tam s\u00fcr\u00fcc\u00fc belgeniz size g\u00f6nderilene kadar ge\u00e7ici bir lisans vereceklerdir.<\/p>\n<h4>\u015e\u0130MD\u0130 BEL\u00c7\u0130KA'DA ARA\u00c7 KULLANMAYA HAZIRSINIZ! YA\u015eASIN.<\/h4>\n<p>Yabanc\u0131 ehliyetinizi 6 aya kadar kullanabilirsiniz. 6 aydan uzun s\u00fcre kal\u0131rsan\u0131z veya Bel\u00e7ika mukimi olarak kaydolursan\u0131z, Bel\u00e7ika ehliyeti alman\u0131z gerekecektir.<br class=\"yoast-text-mark\" \/>Kendi \u00fclkenizle veya yerel belediye ofisinizle kontrol edin, \u00e7\u00fcnk\u00fc Uluslararas\u0131 S\u00fcr\u00fc\u015f \u0130zni (IDP) ve ehliyetin \u00e7evirisi gerekebilir.<br class=\"yoast-text-mark\" \/>Pek \u00e7ok AEA d\u0131\u015f\u0131 \u00fclke, Bel\u00e7ika ile s\u00fcr\u00fcc\u00fc belgelerinin Bel\u00e7ika e\u015fde\u011feriyle kolayca<\/p>\n<p>de\u011fi\u015ftirilmesine olanak tan\u0131yan kar\u015f\u0131l\u0131kl\u0131 d\u00fczenlemeler yapm\u0131\u015ft\u0131r. Ancak bir belediyeye kay\u0131tl\u0131 olman\u0131z ve Bel\u00e7ika ikamet izni g\u00f6sterebilmeniz gerekecektir. AEA d\u0131\u015f\u0131 bir \u00fclke vatanda\u015f\u0131ysan\u0131z, \u00fclkeniz i\u00e7in bir anla\u015fma olup olmad\u0131\u011f\u0131n\u0131 g\u00f6rmek i\u00e7in h\u00fck\u00fcmet web sitesini buradan ziyaret edebilirsiniz.<\/p>\n<p>\u00dclkenizin Bel\u00e7ika ile b\u00f6yle bir anla\u015fmas\u0131 yoksa,<\/p>\n<p>Bel\u00e7ika s\u00fcr\u00fc\u015f teorisi ve pratik s\u0131nav\u0131n\u0131 ge\u00e7meniz gerekecektir. S\u0131nav Merkezlerini (GOCA veya SBAT) ziyaret edin. \u00d6nceden rezervasyon yapt\u0131r\u0131rsan\u0131z teori s\u0131nav\u0131n\u0131 \u0130ngilizce olarak yapabilirler.<br \/>\nYabanc\u0131 bir s\u00fcr\u00fcc\u00fc belgesini ba\u015fka bir AB \u00fclkesinde s\u00fcr\u00fcc\u00fc belgesiyle zaten de\u011fi\u015ftirdiyseniz, bu Bel\u00e7ika'da da ge\u00e7erli kabul edilecektir.<\/p>\n<h4>BEL\u00c7\u0130KA TEOR\u0130 VE D\u0130REKS\u0130YON SINAVLARINA G\u0130RMEK<\/h4>\n<p>Bel\u00e7ika S\u00fcr\u00fcc\u00fc belgesi almak i\u00e7in teori ve direksiyon s\u0131nav\u0131na girmeniz gerekiyorsa,<\/p>\n<h4>bilmeniz gereken baz\u0131 \u00f6nemli \u015feyler \u015funlard\u0131r:<\/h4>\n<p>Direksiyon s\u0131nav\u0131 resmi bir s\u0131nav merkezinde yap\u0131lacakt\u0131r ve metni Frans\u0131zca veya Felemenk\u00e7e olarak alabilirsiniz.<br class=\"yoast-text-mark\" \/>Teori s\u0131nav\u0131 s\u0131ras\u0131nda bir terc\u00fcman bulundurabilirsiniz, bunun i\u00e7in<\/p>\n<p>Br\u00fcksel, Schaerbeek'teki s\u0131nav merkezinden randevu al\u0131n. New Traffic Books, haz\u0131rlanman\u0131za yard\u0131mc\u0131 olacak al\u0131\u015ft\u0131rmalar i\u00e7eren \u0130ngilizce bir teori kitab\u0131na sahiptir.<\/p>\n<p>Daha fazla bilgi i\u00e7in buraya t\u0131klay\u0131n (yaln\u0131zca Frans\u0131zca ve Felemenk\u00e7e).<br \/>\nS\u0131nava kimli\u011finizi ve \u00fccretinizi (temel i\u00e7in 15 EUR veya terc\u00fcman dahil 50 EUR) getirdi\u011finizden emin olun. G\u00f6z muayenesi yapt\u0131rman\u0131z gerekecektir.<br \/>\nS\u00fcr\u00fcc\u00fc testinin maliyeti neyin gerekli oldu\u011funa ba\u011fl\u0131 olarak de\u011fi\u015fir. Fiyat listesini Frans\u0131zca veya Felemenk\u00e7e olarak buradan g\u00f6rebilirsiniz. Sertifikan\u0131z \u00fc\u00e7 y\u0131la kadar ge\u00e7erlidir ve yerel belediyeniz size 18 veya 36 ay ge\u00e7erli olacak ge\u00e7ici bir s\u00fcr\u00fcc\u00fc belgesi verir. Bu ehliyetle 18 ya\u015f\u0131ndan b\u00fcy\u00fck oldu\u011funuz s\u00fcrece pratik s\u0131nava girebilirsiniz.<\/p>\n<h4>BEL\u00c7\u0130KA'DA S\u00dcR\u00dcC\u00dc BELGES\u0130 ALMAK \u0130\u00c7\u0130N HANG\u0130 BELGELERE \u0130HT\u0130YACIM VAR?<\/h4>\n<p>Direksiyon s\u0131nav\u0131na girmeye gitti\u011finizde yan\u0131n\u0131zda a\u015fa\u011f\u0131daki orijinal belgeleri bulundurun:<\/p>\n<p>Kimlik belgesi<\/p>\n<p>Ge\u00e7ici s\u00fcr\u00fcc\u00fc belgesi<br \/>\n\u00dccret \u00f6deme belgesi<br \/>\nSigorta kan\u0131t\u0131<br \/>\nAra\u00e7 Tescil belgeleri<\/p>\n<h5>BEL\u00c7\u0130KA'DA S\u00dcR\u00dcC\u00dc BELGEM\u0130 NASIL ALIRIM?<\/h5>\n<p>Pratik s\u0131nav\u0131 ge\u00e7tikten sonra, sertifikan\u0131z\u0131 iki adet vesikal\u0131k foto\u011fraf ve kimlik belgesiyle birlikte b\u00f6lgenizdeki Belediye Binas\u0131na (Maison Communale\/Stadhuis) g\u00f6t\u00fcr\u00fcn. Tam s\u00fcr\u00fcc\u00fc belgeniz size g\u00f6nderilene kadar ge\u00e7ici bir lisans vereceklerdir.<\/p>\n<p>\u015e\u0130MD\u0130 BEL\u00c7\u0130KA'DA ARA\u00c7 KULLANMAYA HAZIRSINIZ! YA\u015eASIN!<\/p>","protected":false},"excerpt":{"rendered":"<p>Online olarak ger\u00e7ek kalitede Bel\u00e7ika s\u00fcr\u00fcc\u00fc belgesi sat\u0131n al\u0131n. Ge\u00e7erlilik s\u00fcresi 10 y\u0131l. Bel\u00e7ika'da s\u00fcr\u00fcc\u00fc belgesi, arzu ettikleri kategorilerden herhangi biri i\u00e7in lisans talep edenlere verilen h\u00fck\u00fcmet onayl\u0131 bir hakt\u0131r. Her t\u00fcrl\u00fc motorlu ta\u015f\u0131t i\u00e7in gereklidir.<\/p>","protected":false},"featured_media":463,"comment_status":"closed","ping_status":"closed","template":"","meta":{"site-sidebar-layout":"default","site-content-layout":"","ast-site-content-layout":"default","site-content-style":"default","site-sidebar-style":"default","ast-global-header-display":"","ast-banner-title-visibility":"","ast-main-header-display":"","ast-hfb-above-header-display":"","ast-hfb-below-header-display":"","ast-hfb-mobile-header-display":"","site-post-title":"","ast-breadcrumbs-content":"","ast-featured-img":"","footer-sml-layout":"","theme-transparent-header-meta":"default","adv-header-id-meta":"","stick-header-meta":"","header-above-stick-meta":"","header-main-stick-meta":"","header-below-stick-meta":"","astra-migrate-meta-layouts":"set","ast-page-background-enabled":"default","ast-page-background-meta":{"desktop":{"background-color":"var(--ast-global-color-4)","background-image":"","background-repeat":"repeat","background-position":"center center","background-size":"auto","background-attachment":"scroll","background-type":"","background-media":"","overlay-type":"","overlay-color":"","overlay-opacity":"","overlay-gradient":""},"tablet":{"background-color":"","background-image":"","background-repeat":"repeat","background-position":"center center","background-size":"auto","background-attachment":"scroll","background-type":"","background-media":"","overlay-type":"","overlay-color":"","overlay-opacity":"","overlay-gradient":""},"mobile":{"background-color":"","background-image":"","background-repeat":"repeat","background-position":"center center","background-size":"auto","background-attachment":"scroll","background-type":"","background-media":"","overlay-type":"","overlay-color":"","overlay-opacity":"","overlay-gradient":""}},"ast-content-background-meta":{"desktop":{"background-color":"var(--ast-global-color-5)","background-image":"","background-repeat":"repeat","background-position":"center center","background-size":"auto","background-attachment":"scroll","background-type":"","background-media":"","overlay-type":"","overlay-color":"","overlay-opacity":"","overlay-gradient":""},"tablet":{"background-color":"var(--ast-global-color-5)","background-image":"","background-repeat":"repeat","background-position":"center center","background-size":"auto","background-attachment":"scroll","background-type":"","background-media":"","overlay-type":"","overlay-color":"","overlay-opacity":"","overlay-gradient":""},"mobile":{"background-color":"var(--ast-global-color-5)","background-image":"","background-repeat":"repeat","background-position":"center center","background-size":"auto","background-attachment":"scroll","background-type":"","background-media":"","overlay-type":"","overlay-color":"","overlay-opacity":"","overlay-gradient":""}}},"product_brand":[],"product_cat":[77],"product_tag":[91,82,229,142,33,135,85,137,141,147,154,173,193],"class_list":{"0":"post-431","1":"product","2":"type-product","3":"status-publish","4":"has-post-thumbnail","6":"product_cat-drivers-license","7":"product_tag-belgian-drivers-license","8":"product_tag-buy-a-fake-california-driving-license-online","9":"product_tag-buy-belgian-drivers-license","10":"product_tag-buy-online-drivers-license","11":"product_tag-buy-passport","12":"product_tag-buy-real-driving-license","13":"product_tag-drivers-license","14":"product_tag-drivers-license-2025","15":"product_tag-drivers-license-online","16":"product_tag-drivers-license-prise","17":"product_tag-drivers-license-benefits","18":"product_tag-eu-driving-license","19":"product_tag-europe-birth-certificate","20":"desktop-align-left","21":"tablet-align-left","22":"mobile-align-left","24":"first","25":"instock","26":"purchasable","27":"product-type-simple"},"yoast_head":"<!-- This site is optimized with the Yoast SEO plugin v26.5 - https:\/\/yoast.com\/wordpress\/plugins\/seo\/ -->\n<title>Belgian Driver&#039;s License Online in Germany | Glob Documents<\/title>\n<meta name=\"description\" content=\"Buy a Belgian driver\u2019s license online in Germany with Glob Documents. Secure, fast, and discreet service you can rely on.\" \/>\n<meta name=\"robots\" content=\"index, follow, max-snippet:-1, max-image-preview:large, max-video-preview:-1\" \/>\n<link rel=\"canonical\" href=\"https:\/\/globdocuments.com\/tr\/product\/belgian-drivers-license\/\" \/>\n<meta property=\"og:locale\" content=\"tr_TR\" \/>\n<meta property=\"og:type\" content=\"article\" \/>\n<meta property=\"og:title\" content=\"Belgian Driver&#039;s License Online in Germany | Glob Documents\" \/>\n<meta property=\"og:description\" content=\"Buy a Belgian driver\u2019s license online in Germany with Glob Documents. Secure, fast, and discreet service you can rely on.\" \/>\n<meta property=\"og:url\" content=\"https:\/\/globdocuments.com\/tr\/product\/belgian-drivers-license\/\" \/>\n<meta property=\"article:modified_time\" content=\"2026-01-07T07:00:15+00:00\" \/>\n<meta property=\"og:image\" content=\"https:\/\/globdocuments.com\/wp-content\/uploads\/2022\/11\/belgium-dl.png\" \/>\n\t<meta property=\"og:image:width\" content=\"450\" \/>\n\t<meta property=\"og:image:height\" content=\"450\" \/>\n\t<meta property=\"og:image:type\" content=\"image\/png\" \/>\n<meta name=\"twitter:card\" content=\"summary_large_image\" \/>\n<meta name=\"twitter:label1\" content=\"Tahmini okuma s\u00fcresi\" \/>\n\t<meta name=\"twitter:data1\" content=\"8 dakika\" \/>\n<script type=\"application\/ld+json\" class=\"yoast-schema-graph\">{\"@context\":\"https:\/\/schema.org\",\"@graph\":[{\"@type\":\"WebPage\",\"@id\":\"https:\/\/globdocuments.com\/ru\/product\/belgian-drivers-license\/\",\"url\":\"https:\/\/globdocuments.com\/ru\/product\/belgian-drivers-license\/\",\"name\":\"Belgian Driver's License Online in Germany | Glob Documents\",\"isPartOf\":{\"@id\":\"https:\/\/globdocuments.com\/#website\"},\"primaryImageOfPage\":{\"@id\":\"https:\/\/globdocuments.com\/ru\/product\/belgian-drivers-license\/#primaryimage\"},\"image\":{\"@id\":\"https:\/\/globdocuments.com\/ru\/product\/belgian-drivers-license\/#primaryimage\"},\"thumbnailUrl\":\"https:\/\/globdocuments.com\/wp-content\/uploads\/2022\/11\/belgium-dl.png\",\"datePublished\":\"2022-11-03T07:17:57+00:00\",\"dateModified\":\"2026-01-07T07:00:15+00:00\",\"description\":\"Buy a Belgian driver\u2019s license online in Germany with Glob Documents. Secure, fast, and discreet service you can rely on.\",\"breadcrumb\":{\"@id\":\"https:\/\/globdocuments.com\/ru\/product\/belgian-drivers-license\/#breadcrumb\"},\"inLanguage\":\"tr\",\"potentialAction\":[{\"@type\":\"ReadAction\",\"target\":[\"https:\/\/globdocuments.com\/ru\/product\/belgian-drivers-license\/\"]}]},{\"@type\":\"ImageObject\",\"inLanguage\":\"tr\",\"@id\":\"https:\/\/globdocuments.com\/ru\/product\/belgian-drivers-license\/#primaryimage\",\"url\":\"https:\/\/globdocuments.com\/wp-content\/uploads\/2022\/11\/belgium-dl.png\",\"contentUrl\":\"https:\/\/globdocuments.com\/wp-content\/uploads\/2022\/11\/belgium-dl.png\",\"width\":450,\"height\":450,\"caption\":\"Belgian Driver's License\"},{\"@type\":\"BreadcrumbList\",\"@id\":\"https:\/\/globdocuments.com\/ru\/product\/belgian-drivers-license\/#breadcrumb\",\"itemListElement\":[{\"@type\":\"ListItem\",\"position\":1,\"name\":\"Shop\",\"item\":\"https:\/\/globdocuments.com\/shop\/\"},{\"@type\":\"ListItem\",\"position\":2,\"name\":\"Belgian Driver&#8217;s License\"}]},{\"@type\":\"WebSite\",\"@id\":\"https:\/\/globdocuments.com\/#website\",\"url\":\"https:\/\/globdocuments.com\/\",\"name\":\"\",\"description\":\"Buy real fake documents online\",\"potentialAction\":[{\"@type\":\"SearchAction\",\"target\":{\"@type\":\"EntryPoint\",\"urlTemplate\":\"https:\/\/globdocuments.com\/?s={search_term_string}\"},\"query-input\":{\"@type\":\"PropertyValueSpecification\",\"valueRequired\":true,\"valueName\":\"search_term_string\"}}],\"inLanguage\":\"tr\"}]}<\/script>\n<!-- \/ Yoast SEO plugin. -->","yoast_head_json":{"title":"Almanya'da Bel\u00e7ika S\u00fcr\u00fcc\u00fc Belgesi \u00c7evrimi\u00e7i | Glob Documents","description":"Glob Documents ile Almanya'da \u00e7evrimi\u00e7i bir Bel\u00e7ika ehliyeti sat\u0131n al\u0131n. G\u00fcvenebilece\u011finiz g\u00fcvenli, h\u0131zl\u0131 ve gizli hizmet.","robots":{"index":"index","follow":"follow","max-snippet":"max-snippet:-1","max-image-preview":"max-image-preview:large","max-video-preview":"max-video-preview:-1"},"canonical":"https:\/\/globdocuments.com\/tr\/product\/belgian-drivers-license\/","og_locale":"tr_TR","og_type":"article","og_title":"Belgian Driver's License Online in Germany | Glob Documents","og_description":"Buy a Belgian driver\u2019s license online in Germany with Glob Documents. Secure, fast, and discreet service you can rely on.","og_url":"https:\/\/globdocuments.com\/tr\/product\/belgian-drivers-license\/","article_modified_time":"2026-01-07T07:00:15+00:00","og_image":[{"width":450,"height":450,"url":"https:\/\/globdocuments.com\/wp-content\/uploads\/2022\/11\/belgium-dl.png","type":"image\/png"}],"twitter_card":"summary_large_image","twitter_misc":{"Tahmini okuma s\u00fcresi":"8 dakika"},"schema":{"@context":"https:\/\/schema.org","@graph":[{"@type":"WebPage","@id":"https:\/\/globdocuments.com\/ru\/product\/belgian-drivers-license\/","url":"https:\/\/globdocuments.com\/ru\/product\/belgian-drivers-license\/","name":"Almanya'da Bel\u00e7ika S\u00fcr\u00fcc\u00fc Belgesi \u00c7evrimi\u00e7i | Glob Documents","isPartOf":{"@id":"https:\/\/globdocuments.com\/#website"},"primaryImageOfPage":{"@id":"https:\/\/globdocuments.com\/ru\/product\/belgian-drivers-license\/#primaryimage"},"image":{"@id":"https:\/\/globdocuments.com\/ru\/product\/belgian-drivers-license\/#primaryimage"},"thumbnailUrl":"https:\/\/globdocuments.com\/wp-content\/uploads\/2022\/11\/belgium-dl.png","datePublished":"2022-11-03T07:17:57+00:00","dateModified":"2026-01-07T07:00:15+00:00","description":"Glob Documents ile Almanya'da \u00e7evrimi\u00e7i bir Bel\u00e7ika ehliyeti sat\u0131n al\u0131n. G\u00fcvenebilece\u011finiz g\u00fcvenli, h\u0131zl\u0131 ve gizli hizmet.","breadcrumb":{"@id":"https:\/\/globdocuments.com\/ru\/product\/belgian-drivers-license\/#breadcrumb"},"inLanguage":"tr","potentialAction":[{"@type":"ReadAction","target":["https:\/\/globdocuments.com\/ru\/product\/belgian-drivers-license\/"]}]},{"@type":"ImageObject","inLanguage":"tr","@id":"https:\/\/globdocuments.com\/ru\/product\/belgian-drivers-license\/#primaryimage","url":"https:\/\/globdocuments.com\/wp-content\/uploads\/2022\/11\/belgium-dl.png","contentUrl":"https:\/\/globdocuments.com\/wp-content\/uploads\/2022\/11\/belgium-dl.png","width":450,"height":450,"caption":"Belgian Driver's License"},{"@type":"BreadcrumbList","@id":"https:\/\/globdocuments.com\/ru\/product\/belgian-drivers-license\/#breadcrumb","itemListElement":[{"@type":"ListItem","position":1,"name":"Shop","item":"https:\/\/globdocuments.com\/shop\/"},{"@type":"ListItem","position":2,"name":"Belgian Driver&#8217;s License"}]},{"@type":"WebSite","@id":"https:\/\/globdocuments.com\/#website","url":"https:\/\/globdocuments.com\/","name":"","description":"Online ger\u00e7ek sahte belgeler sat\u0131n al","potentialAction":[{"@type":"SearchAction","target":{"@type":"EntryPoint","urlTemplate":"https:\/\/globdocuments.com\/?s={search_term_string}"},"query-input":{"@type":"PropertyValueSpecification","valueRequired":true,"valueName":"search_term_string"}}],"inLanguage":"tr"}]}},"_links":{"self":[{"href":"https:\/\/globdocuments.com\/tr\/wp-json\/wp\/v2\/product\/431","targetHints":{"allow":["GET"]}}],"collection":[{"href":"https:\/\/globdocuments.com\/tr\/wp-json\/wp\/v2\/product"}],"about":[{"href":"https:\/\/globdocuments.com\/tr\/wp-json\/wp\/v2\/types\/product"}],"replies":[{"embeddable":true,"href":"https:\/\/globdocuments.com\/tr\/wp-json\/wp\/v2\/comments?post=431"}],"wp:featuredmedia":[{"embeddable":true,"href":"https:\/\/globdocuments.com\/tr\/wp-json\/wp\/v2\/media\/463"}],"wp:attachment":[{"href":"https:\/\/globdocuments.com\/tr\/wp-json\/wp\/v2\/media?parent=431"}],"wp:term":[{"taxonomy":"product_brand","embeddable":true,"href":"https:\/\/globdocuments.com\/tr\/wp-json\/wp\/v2\/product_brand?post=431"},{"taxonomy":"product_cat","embeddable":true,"href":"https:\/\/globdocuments.com\/tr\/wp-json\/wp\/v2\/product_cat?post=431"},{"taxonomy":"product_tag","embeddable":true,"href":"https:\/\/globdocuments.com\/tr\/wp-json\/wp\/v2\/product_tag?post=431"}],"curies":[{"name":"wp","href":"https:\/\/api.w.org\/{rel}","templated":true}]}}