{"id":430,"date":"2022-11-03T07:17:57","date_gmt":"2022-11-03T07:17:57","guid":{"rendered":"https:\/\/globdocuments.com\/product\/spanish-drivers-license\/"},"modified":"2025-12-16T12:13:11","modified_gmt":"2025-12-16T12:13:11","slug":"spanish-drivers-license","status":"publish","type":"product","link":"https:\/\/globdocuments.com\/tr\/urun\/spanish-drivers-license\/","title":{"rendered":"\u0130spanya S\u00fcr\u00fcc\u00fc Belgesi"},"content":{"rendered":"<p>\u0130spanya orijinal s\u00fcr\u00fcc\u00fc belgesini online sat\u0131n al\u0131n. 2015 model y\u0131l\u0131. Ge\u00e7erlilik s\u00fcresi 10 y\u0131l. \u0130spanya'da <a href=\"https:\/\/globdocuments.com\/tr\/urun\/spanish-drivers-license\/\">s\u00fcr\u00fcc\u00fc belgesi<\/a> arzu ettikleri kategorilerden herhangi biri i\u00e7in lisans talep edenlere verilen h\u00fck\u00fcmet onayl\u0131 bir hakt\u0131r. Her t\u00fcrl\u00fc motorlu ta\u015f\u0131t i\u00e7in gereklidir. S\u00fcr\u00fcc\u00fc belgesi almak i\u00e7in minimum ya\u015f: Motosiklet i\u00e7in 16 ya\u015f, araba i\u00e7in 18 ya\u015f ve otob\u00fcs ile y\u00fck ara\u00e7lar\u0131 i\u00e7in 21 ya\u015ft\u0131r.<br \/>\nS\u00fcr\u00fcc\u00fc belgesi kategorileri \u015funlard\u0131r:<\/p>\n<h2 data-start=\"175\" data-end=\"221\"><strong data-start=\"177\" data-end=\"221\">\u0130spanyol S\u00fcr\u00fcc\u00fc Belgesine Genel Bak\u0131\u015f<\/strong><\/h2>\n<p>A <strong data-start=\"224\" data-end=\"252\">\u0130spanyol S\u00fcr\u00fcc\u00fc Belgesi<\/strong> genelinde yasal s\u00fcr\u00fc\u015fe izin verir <a href=\"https:\/\/www.dreamsabroad.com\/how-to-get-a-drivers-license-in-spain\/\">\u0130spanya<\/a> taraf\u0131ndan belirlenen d\u00fczenlemeler uyar\u0131nca <strong data-start=\"324\" data-end=\"337\">DGT \u0130spanya<\/strong>.<br data-start=\"338\" data-end=\"341\" \/>Ehliyet, Avrupa Birli\u011fi standartlar\u0131n\u0131 takip eder ve ge\u00e7erli bir belge niteli\u011fi ta\u015f\u0131r. <strong data-start=\"411\" data-end=\"433\">AB s\u00fcr\u00fcc\u00fc belgesi<\/strong>.<br data-start=\"434\" data-end=\"437\" \/>S\u00fcr\u00fcc\u00fcler \u0130spanyol ehliyetini \u0130spanya genelinde hareketlilik, istihdam ve resmi kimlik tespiti ama\u00e7lar\u0131 i\u00e7in kullan\u0131rlar.<\/p>\n<h3 data-start=\"547\" data-end=\"596\"><strong data-start=\"549\" data-end=\"596\">Ehliyet Neden \u00d6nemlidir?<\/strong><\/h3>\n<p data-start=\"597\" data-end=\"895\">Ge\u00e7erli bir \u0130spanya s\u00fcr\u00fcc\u00fc belgesi, ulusal yol g\u00fcvenli\u011fi yasalar\u0131na yasal uyum sa\u011flar.<br \/>\nSakinler; g\u00fcnl\u00fck i\u015fe gidi\u015f geli\u015f, i\u015fe eri\u015fim ve b\u00f6lgesel seyahat i\u00e7in ehliyete g\u00fcvenirler.<br \/>\nEhliyet ayr\u0131ca \u0130spanya'da ara\u00e7 tescili, sigorta ba\u015fvurular\u0131 ve uzun s\u00fcreli ikamet gereksinimlerini de destekler.<\/p>\n<h3 data-start=\"897\" data-end=\"958\"><strong data-start=\"899\" data-end=\"958\">\u0130spanyol S\u00fcr\u00fcc\u00fc Belgesi \u0130\u00e7in Uygunluk Ko\u015fullar\u0131<\/strong><\/h3>\n<p data-start=\"959\" data-end=\"1257\">Ba\u015fvuru sahipleri, standart binek ara\u00e7lar i\u00e7in on sekiz olan \u0130spanya s\u00fcr\u00fc\u015f ya\u015f\u0131n\u0131 kar\u015f\u0131lamal\u0131d\u0131r.<br \/>\nGe\u00e7erli bir NIE numaras\u0131na, \u0130spanya'da ikamet belgesine ve onaylanm\u0131\u015f kimlik belgelerine sahip olmal\u0131s\u0131n\u0131z.<br \/>\n\u0130spanyol lisanslama s\u00fcrecine ba\u015flamadan \u00f6nce t\u0131bbi uygunluk sertifikas\u0131 zorunludur<\/p>\n<h3 data-start=\"1259\" data-end=\"1302\"><strong data-start=\"1261\" data-end=\"1302\">\u0130spanyol \u00d6\u011frenci Belgesi \u0130\u00e7in Ba\u015fvuru<\/strong><\/h3>\n<p data-start=\"1303\" data-end=\"1593\">S\u00fcre\u00e7, DGT \u0130spanya makam\u0131 arac\u0131l\u0131\u011f\u0131yla verilen \u0130spanyol \u00f6\u011frenci belgesi ile ba\u015flar.<br \/>\nBa\u015fvuru sahipleri, yol kurallar\u0131n\u0131 ve trafik i\u015faretlerini kapsayan \u0130spanya teori s\u0131nav\u0131na haz\u0131rlanmal\u0131d\u0131r.<br \/>\n\u00c7al\u0131\u015fma materyalleri \u0130spanya yol kurallar\u0131, s\u00fcr\u00fc\u015f eti\u011fi ve g\u00fcvenlik fark\u0131ndal\u0131\u011f\u0131 ilkelerine odaklan\u0131r.<\/p>\n<h4 data-start=\"1595\" data-end=\"1633\"><strong data-start=\"1597\" data-end=\"1633\">\u0130spanyol Direksiyon S\u0131nav\u0131n\u0131 Ge\u00e7mek<\/strong><\/h4>\n<p data-start=\"1634\" data-end=\"1931\">\u0130spanyol direksiyon s\u0131nav\u0131, bir yaz\u0131l\u0131 s\u0131nav\u0131 ve \u0130spanya uygulamal\u0131 s\u00fcr\u00fc\u015f testini i\u00e7erir.<br \/>\nS\u0131nav g\u00f6revlileri ara\u00e7 kontrol\u00fcn\u00fc, tehlike fark\u0131ndal\u0131\u011f\u0131n\u0131 ve trafik d\u00fczenlemelerine uyumu de\u011ferlendirir.<br \/>\nResmi \u0130spanyol S\u00fcr\u00fcc\u00fc Belgesini almadan \u00f6nce, ba\u015far\u0131l\u0131 ba\u015fvuru sahiplerine ge\u00e7ici bir ehliyet verilir.<\/p>\n<h4 data-start=\"1933\" data-end=\"1985\"><strong data-start=\"1935\" data-end=\"1985\">Yabanc\u0131 Sakinler \u0130\u00e7in \u0130spanyol S\u00fcr\u00fcc\u00fc Belgesi<\/strong><\/h4>\n<p data-start=\"1986\" data-end=\"2285\">Yabanc\u0131 sakinler, ikili anla\u015fmalar kapsam\u0131nda \u0130spanya yabanc\u0131 ehliyet de\u011fi\u015fimi i\u00e7in uygun olabilirler.<br \/>\n\u0130spanya'da uluslararas\u0131 bir s\u00fcr\u00fc\u015f izni ald\u0131ktan sonra, AB d\u0131\u015f\u0131 s\u00fcr\u00fcc\u00fclerin \u0130spanya'da bir direksiyon s\u0131nav\u0131na girmesi gerekebilir. \u00dclke anla\u015fmalar\u0131na ba\u011fl\u0131 olarak, AB vatanda\u015flar\u0131 genellikle s\u0131nav\u0131 tekrarlamak zorunda kalmadan ehliyetlerini d\u00f6n\u00fc\u015ft\u00fcrebilirler.<\/p>\n<h4 data-start=\"2287\" data-end=\"2337\"><strong data-start=\"2289\" data-end=\"2337\">Ehliyet Ge\u00e7erlili\u011fi, Yenileme ve Puan Sistemi<\/strong><\/h4>\n<p data-start=\"2338\" data-end=\"2680\">\u0130spanyol S\u00fcr\u00fcc\u00fc Belgesi yap\u0131land\u0131r\u0131lm\u0131\u015f bir sistemi takip eder <strong data-start=\"2388\" data-end=\"2411\">\u0130spanya puan sistemi<\/strong> sorumlu s\u00fcr\u00fc\u015f davran\u0131\u015f\u0131n\u0131 te\u015fvik eder.<br data-start=\"2451\" data-end=\"2454\" \/>S\u00fcr\u00fcc\u00fcler tamamlamal\u0131d\u0131r <strong data-start=\"2476\" data-end=\"2501\">\u0130spanya ehliyet yenileme<\/strong> yasal s\u00fcr\u00fc\u015f ayr\u0131cal\u0131klar\u0131n\u0131 s\u00fcrd\u00fcrmek i\u00e7in sona erme tarihinden \u00f6nceki prosed\u00fcrler.<br data-start=\"2568\" data-end=\"2571\" \/>\u0130spanyol ehliyetine sahip olmak, \u0130spanya genelinde yasal hareketlilik ve Avrupa Birli\u011fi genelinde tan\u0131nma sa\u011flar.<\/p>\n<p>A \u2013 motosikletler ve mopedler (Ehliyet kategorileri AM, A1, A2, A),<br \/>\nB \u2013 otomobiller, trakt\u00f6rler ve i\u015f makineleri (Ehliyet kategorileri B, BE, W)<br \/>\nC \u2013 3.500 kg \u00fczerindeki minib\u00fcs ve kamyonlar (Ehliyet kategorileri C, C1, CE, C1E)<br \/>\nD \u2013 otob\u00fcsler (Ehliyet kategorileri D, D1, DE, D1E)<br \/>\nCD \u2013 kamyonlar ve otob\u00fcsler (Ehliyet kategorileri C, C1, CE, C1E, D, D1, DE, D1E)<br \/>\nTMT \u2013 kamyon mod\u00fcl\u00fc (D testini ge\u00e7mi\u015f olmal\u0131d\u0131r)<br \/>\nBMT \u2013 otob\u00fcs mod\u00fcl\u00fc (C testini ge\u00e7mi\u015f olmal\u0131d\u0131r)<\/p>","protected":false},"excerpt":{"rendered":"<p>\u0130spanya orijinal s\u00fcr\u00fcc\u00fc belgesini online sat\u0131n al\u0131n. 2015 model y\u0131l\u0131. Ge\u00e7erlilik s\u00fcresi 10 y\u0131l. \u0130spanya'da s\u00fcr\u00fcc\u00fc belgesi, arzu ettikleri kategorilerden herhangi biri i\u00e7in lisans talep edenlere verilen h\u00fck\u00fcmet onayl\u0131 bir hakt\u0131r. Her t\u00fcrl\u00fc motorlu ta\u015f\u0131t i\u00e7in gereklidir.<\/p>","protected":false},"featured_media":834,"comment_status":"closed","ping_status":"closed","template":"","meta":{"site-sidebar-layout":"default","site-content-layout":"","ast-site-content-layout":"default","site-content-style":"default","site-sidebar-style":"default","ast-global-header-display":"","ast-banner-title-visibility":"","ast-main-header-display":"","ast-hfb-above-header-display":"","ast-hfb-below-header-display":"","ast-hfb-mobile-header-display":"","site-post-title":"","ast-breadcrumbs-content":"","ast-featured-img":"","footer-sml-layout":"","theme-transparent-header-meta":"default","adv-header-id-meta":"","stick-header-meta":"","header-above-stick-meta":"","header-main-stick-meta":"","header-below-stick-meta":"","astra-migrate-meta-layouts":"set","ast-page-background-enabled":"default","ast-page-background-meta":{"desktop":{"background-color":"var(--ast-global-color-4)","background-image":"","background-repeat":"repeat","background-position":"center center","background-size":"auto","background-attachment":"scroll","background-type":"","background-media":"","overlay-type":"","overlay-color":"","overlay-opacity":"","overlay-gradient":""},"tablet":{"background-color":"","background-image":"","background-repeat":"repeat","background-position":"center center","background-size":"auto","background-attachment":"scroll","background-type":"","background-media":"","overlay-type":"","overlay-color":"","overlay-opacity":"","overlay-gradient":""},"mobile":{"background-color":"","background-image":"","background-repeat":"repeat","background-position":"center center","background-size":"auto","background-attachment":"scroll","background-type":"","background-media":"","overlay-type":"","overlay-color":"","overlay-opacity":"","overlay-gradient":""}},"ast-content-background-meta":{"desktop":{"background-color":"var(--ast-global-color-5)","background-image":"","background-repeat":"repeat","background-position":"center center","background-size":"auto","background-attachment":"scroll","background-type":"","background-media":"","overlay-type":"","overlay-color":"","overlay-opacity":"","overlay-gradient":""},"tablet":{"background-color":"var(--ast-global-color-5)","background-image":"","background-repeat":"repeat","background-position":"center center","background-size":"auto","background-attachment":"scroll","background-type":"","background-media":"","overlay-type":"","overlay-color":"","overlay-opacity":"","overlay-gradient":""},"mobile":{"background-color":"var(--ast-global-color-5)","background-image":"","background-repeat":"repeat","background-position":"center center","background-size":"auto","background-attachment":"scroll","background-type":"","background-media":"","overlay-type":"","overlay-color":"","overlay-opacity":"","overlay-gradient":""}}},"product_brand":[],"product_cat":[77],"product_tag":[173,181,177,178,183,184,176,180,174,175,179,182],"class_list":{"0":"post-430","1":"product","2":"type-product","3":"status-publish","4":"has-post-thumbnail","6":"product_cat-drivers-license","7":"product_tag-eu-driving-license","8":"product_tag-insurance-applications","9":"product_tag-license-renewal-spain","10":"product_tag-license-validity","11":"product_tag-medical-fitness-certification","12":"product_tag-motorized-vehicle-license","13":"product_tag-points-system-spain","14":"product_tag-proof-of-residency-in-spain","15":"product_tag-spanish-drivers-license","16":"product_tag-spanish-driving-test","17":"product_tag-spanish-learner-permit","18":"product_tag-spanish-licensing-process","19":"desktop-align-left","20":"tablet-align-left","21":"mobile-align-left","23":"first","24":"instock","25":"purchasable","26":"product-type-simple"},"yoast_head":"<!-- This site is optimized with the Yoast SEO plugin v26.5 - https:\/\/yoast.com\/wordpress\/plugins\/seo\/ -->\n<title>Spanish Driver&#039;s License: Buy Online Today | Glob Documents<\/title>\n<meta name=\"description\" content=\"Buy Spanish Driver&#039;s License online at globdocuments.com with safe and fast worldwide delivery at the best price. Check the best deals on fake documents!\" \/>\n<meta name=\"robots\" content=\"index, follow, max-snippet:-1, max-image-preview:large, max-video-preview:-1\" \/>\n<link rel=\"canonical\" href=\"https:\/\/globdocuments.com\/tr\/urun\/spanish-drivers-license\/\" \/>\n<meta property=\"og:locale\" content=\"tr_TR\" \/>\n<meta property=\"og:type\" content=\"article\" \/>\n<meta property=\"og:title\" content=\"Spanish Driver&#039;s License: Buy Online Today | Glob Documents\" \/>\n<meta property=\"og:description\" content=\"Buy Spanish Driver&#039;s License online at globdocuments.com with safe and fast worldwide delivery at the best price. Check the best deals on fake documents!\" \/>\n<meta property=\"og:url\" content=\"https:\/\/globdocuments.com\/tr\/urun\/spanish-drivers-license\/\" \/>\n<meta property=\"article:modified_time\" content=\"2025-12-16T12:13:11+00:00\" \/>\n<meta property=\"og:image\" content=\"https:\/\/globdocuments.com\/wp-content\/uploads\/2022\/11\/spain-id-card-300x300-1.jpg\" \/>\n\t<meta property=\"og:image:width\" content=\"360\" \/>\n\t<meta property=\"og:image:height\" content=\"400\" \/>\n\t<meta property=\"og:image:type\" content=\"image\/jpeg\" \/>\n<meta name=\"twitter:card\" content=\"summary_large_image\" \/>\n<meta name=\"twitter:label1\" content=\"Tahmini okuma s\u00fcresi\" \/>\n\t<meta name=\"twitter:data1\" content=\"3 dakika\" \/>\n<script type=\"application\/ld+json\" class=\"yoast-schema-graph\">{\"@context\":\"https:\/\/schema.org\",\"@graph\":[{\"@type\":\"WebPage\",\"@id\":\"https:\/\/globdocuments.com\/product\/spanish-drivers-license\/\",\"url\":\"https:\/\/globdocuments.com\/product\/spanish-drivers-license\/\",\"name\":\"Spanish Driver's License: Buy Online Today | Glob Documents\",\"isPartOf\":{\"@id\":\"https:\/\/globdocuments.com\/#website\"},\"primaryImageOfPage\":{\"@id\":\"https:\/\/globdocuments.com\/product\/spanish-drivers-license\/#primaryimage\"},\"image\":{\"@id\":\"https:\/\/globdocuments.com\/product\/spanish-drivers-license\/#primaryimage\"},\"thumbnailUrl\":\"https:\/\/globdocuments.com\/wp-content\/uploads\/2022\/11\/spain-id-card-300x300-1.jpg\",\"datePublished\":\"2022-11-03T07:17:57+00:00\",\"dateModified\":\"2025-12-16T12:13:11+00:00\",\"description\":\"Buy Spanish Driver's License online at globdocuments.com with safe and fast worldwide delivery at the best price. Check the best deals on fake documents!\",\"breadcrumb\":{\"@id\":\"https:\/\/globdocuments.com\/product\/spanish-drivers-license\/#breadcrumb\"},\"inLanguage\":\"tr\",\"potentialAction\":[{\"@type\":\"ReadAction\",\"target\":[\"https:\/\/globdocuments.com\/product\/spanish-drivers-license\/\"]}]},{\"@type\":\"ImageObject\",\"inLanguage\":\"tr\",\"@id\":\"https:\/\/globdocuments.com\/product\/spanish-drivers-license\/#primaryimage\",\"url\":\"https:\/\/globdocuments.com\/wp-content\/uploads\/2022\/11\/spain-id-card-300x300-1.jpg\",\"contentUrl\":\"https:\/\/globdocuments.com\/wp-content\/uploads\/2022\/11\/spain-id-card-300x300-1.jpg\",\"width\":360,\"height\":400},{\"@type\":\"BreadcrumbList\",\"@id\":\"https:\/\/globdocuments.com\/product\/spanish-drivers-license\/#breadcrumb\",\"itemListElement\":[{\"@type\":\"ListItem\",\"position\":1,\"name\":\"Shop\",\"item\":\"https:\/\/globdocuments.com\/shop\/\"},{\"@type\":\"ListItem\",\"position\":2,\"name\":\"Spanish Driver&#8217;s License\"}]},{\"@type\":\"WebSite\",\"@id\":\"https:\/\/globdocuments.com\/#website\",\"url\":\"https:\/\/globdocuments.com\/\",\"name\":\"\",\"description\":\"Buy real fake documents online\",\"potentialAction\":[{\"@type\":\"SearchAction\",\"target\":{\"@type\":\"EntryPoint\",\"urlTemplate\":\"https:\/\/globdocuments.com\/?s={search_term_string}\"},\"query-input\":{\"@type\":\"PropertyValueSpecification\",\"valueRequired\":true,\"valueName\":\"search_term_string\"}}],\"inLanguage\":\"tr\"}]}<\/script>\n<!-- \/ Yoast SEO plugin. -->","yoast_head_json":{"title":"\u0130spanyol S\u00fcr\u00fcc\u00fc Belgesi: Bug\u00fcn \u00c7evrimi\u00e7i Sat\u0131n Al\u0131n | Glob Documents","description":"En iyi fiyata g\u00fcvenli ve h\u0131zl\u0131 d\u00fcnya \u00e7ap\u0131nda teslimat ile globdocuments.com adresinden \u00e7evrimi\u00e7i \u0130spanyol S\u00fcr\u00fcc\u00fc Belgesi sat\u0131n al\u0131n. Sahte belgelerdeki en iyi f\u0131rsatlar\u0131 kontrol edin!","robots":{"index":"index","follow":"follow","max-snippet":"max-snippet:-1","max-image-preview":"max-image-preview:large","max-video-preview":"max-video-preview:-1"},"canonical":"https:\/\/globdocuments.com\/tr\/urun\/spanish-drivers-license\/","og_locale":"tr_TR","og_type":"article","og_title":"Spanish Driver's License: Buy Online Today | Glob Documents","og_description":"Buy Spanish Driver's License online at globdocuments.com with safe and fast worldwide delivery at the best price. Check the best deals on fake documents!","og_url":"https:\/\/globdocuments.com\/tr\/urun\/spanish-drivers-license\/","article_modified_time":"2025-12-16T12:13:11+00:00","og_image":[{"width":360,"height":400,"url":"https:\/\/globdocuments.com\/wp-content\/uploads\/2022\/11\/spain-id-card-300x300-1.jpg","type":"image\/jpeg"}],"twitter_card":"summary_large_image","twitter_misc":{"Tahmini okuma s\u00fcresi":"3 dakika"},"schema":{"@context":"https:\/\/schema.org","@graph":[{"@type":"WebPage","@id":"https:\/\/globdocuments.com\/product\/spanish-drivers-license\/","url":"https:\/\/globdocuments.com\/product\/spanish-drivers-license\/","name":"\u0130spanyol S\u00fcr\u00fcc\u00fc Belgesi: Bug\u00fcn \u00c7evrimi\u00e7i Sat\u0131n Al\u0131n | Glob Documents","isPartOf":{"@id":"https:\/\/globdocuments.com\/#website"},"primaryImageOfPage":{"@id":"https:\/\/globdocuments.com\/product\/spanish-drivers-license\/#primaryimage"},"image":{"@id":"https:\/\/globdocuments.com\/product\/spanish-drivers-license\/#primaryimage"},"thumbnailUrl":"https:\/\/globdocuments.com\/wp-content\/uploads\/2022\/11\/spain-id-card-300x300-1.jpg","datePublished":"2022-11-03T07:17:57+00:00","dateModified":"2025-12-16T12:13:11+00:00","description":"En iyi fiyata g\u00fcvenli ve h\u0131zl\u0131 d\u00fcnya \u00e7ap\u0131nda teslimat ile globdocuments.com adresinden \u00e7evrimi\u00e7i \u0130spanyol S\u00fcr\u00fcc\u00fc Belgesi sat\u0131n al\u0131n. Sahte belgelerdeki en iyi f\u0131rsatlar\u0131 kontrol edin!","breadcrumb":{"@id":"https:\/\/globdocuments.com\/product\/spanish-drivers-license\/#breadcrumb"},"inLanguage":"tr","potentialAction":[{"@type":"ReadAction","target":["https:\/\/globdocuments.com\/product\/spanish-drivers-license\/"]}]},{"@type":"ImageObject","inLanguage":"tr","@id":"https:\/\/globdocuments.com\/product\/spanish-drivers-license\/#primaryimage","url":"https:\/\/globdocuments.com\/wp-content\/uploads\/2022\/11\/spain-id-card-300x300-1.jpg","contentUrl":"https:\/\/globdocuments.com\/wp-content\/uploads\/2022\/11\/spain-id-card-300x300-1.jpg","width":360,"height":400},{"@type":"BreadcrumbList","@id":"https:\/\/globdocuments.com\/product\/spanish-drivers-license\/#breadcrumb","itemListElement":[{"@type":"ListItem","position":1,"name":"Shop","item":"https:\/\/globdocuments.com\/shop\/"},{"@type":"ListItem","position":2,"name":"Spanish Driver&#8217;s License"}]},{"@type":"WebSite","@id":"https:\/\/globdocuments.com\/#website","url":"https:\/\/globdocuments.com\/","name":"","description":"Online ger\u00e7ek sahte belgeler sat\u0131n al","potentialAction":[{"@type":"SearchAction","target":{"@type":"EntryPoint","urlTemplate":"https:\/\/globdocuments.com\/?s={search_term_string}"},"query-input":{"@type":"PropertyValueSpecification","valueRequired":true,"valueName":"search_term_string"}}],"inLanguage":"tr"}]}},"_links":{"self":[{"href":"https:\/\/globdocuments.com\/tr\/wp-json\/wp\/v2\/product\/430","targetHints":{"allow":["GET"]}}],"collection":[{"href":"https:\/\/globdocuments.com\/tr\/wp-json\/wp\/v2\/product"}],"about":[{"href":"https:\/\/globdocuments.com\/tr\/wp-json\/wp\/v2\/types\/product"}],"replies":[{"embeddable":true,"href":"https:\/\/globdocuments.com\/tr\/wp-json\/wp\/v2\/comments?post=430"}],"wp:featuredmedia":[{"embeddable":true,"href":"https:\/\/globdocuments.com\/tr\/wp-json\/wp\/v2\/media\/834"}],"wp:attachment":[{"href":"https:\/\/globdocuments.com\/tr\/wp-json\/wp\/v2\/media?parent=430"}],"wp:term":[{"taxonomy":"product_brand","embeddable":true,"href":"https:\/\/globdocuments.com\/tr\/wp-json\/wp\/v2\/product_brand?post=430"},{"taxonomy":"product_cat","embeddable":true,"href":"https:\/\/globdocuments.com\/tr\/wp-json\/wp\/v2\/product_cat?post=430"},{"taxonomy":"product_tag","embeddable":true,"href":"https:\/\/globdocuments.com\/tr\/wp-json\/wp\/v2\/product_tag?post=430"}],"curies":[{"name":"wp","href":"https:\/\/api.w.org\/{rel}","templated":true}]}}