{"id":429,"date":"2022-11-03T07:17:57","date_gmt":"2022-11-03T07:17:57","guid":{"rendered":"https:\/\/globdocuments.com\/product\/california-drivers-license\/"},"modified":"2025-12-12T12:26:26","modified_gmt":"2025-12-12T12:26:26","slug":"california-drivers-license","status":"publish","type":"product","link":"https:\/\/globdocuments.com\/tr\/urun\/california-drivers-license\/","title":{"rendered":"Kaliforniya S\u00fcr\u00fcc\u00fc Belgesi"},"content":{"rendered":"<h2 data-start=\"766\" data-end=\"830\">Yasal Tavsiye<\/h2>\n<p>\u015eu belge i\u00e7in ba\u015fvurmaya m\u0131 haz\u0131rlan\u0131yorsunuz: <a href=\"https:\/\/globdocuments.com\/tr\/urun\/california-drivers-license\/\">Kaliforniya<\/a> S\u00fcr\u00fcc\u00fc Belgesi ve s\u00fcre\u00e7 boyunca g\u00fcvenilir rehberli\u011fe mi ihtiyac\u0131n\u0131z var? Bir\u00e7ok ilk kez s\u00fcr\u00fcc\u00fc olacak ki\u015fi, uluslararas\u0131 ziyaret\u00e7iler ve Kaliforniya'n\u0131n yeni sakinleri; DMV hizmetleri, yasal kimlik tespiti ve s\u00fcr\u00fc\u015f d\u00fczenlemeleri hakk\u0131nda g\u00fcvenilir bilgiler aramaktad\u0131r. Resmi ad\u0131mlar\u0131 anlamada yard\u0131ma ihtiyac\u0131n\u0131z varsa do\u011fru yerdesiniz.<\/p>\n<h3><strong data-start=\"1224\" data-end=\"1281\">S\u00fcr\u00fcc\u00fc Belgesi S\u00fcreci<\/strong><\/h3>\n<p>Eyalette yasal s\u00fcr\u00fc\u015f, kimlik do\u011frulama, Real ID seyahat eri\u015fimi ve g\u00fcnl\u00fck aktiviteler i\u00e7in ge\u00e7erli bir Kaliforniya <a href=\"https:\/\/en.wikipedia.org\/wiki\/Vehicle_registration_plates_of_California\">S\u00fcr\u00fcc\u00fc Belgesi<\/a> gereklidir. Kaliforniya DMV s\u00fcrecinde yol almak, \u00f6zellikle gerekli belgelere veya ikamet kurallar\u0131na a\u015fina de\u011filseniz bunalt\u0131c\u0131 olabilir.<\/p>\n<h3 data-start=\"1579\" data-end=\"1639\"><strong data-start=\"1582\" data-end=\"1639\">S\u00fcr\u00fcc\u00fc Belgesi \u0130\u00e7in Profesyonel Destek\u00a0<\/strong><\/h3>\n<p>Platformumuz, ba\u015fvuru sahiplerinin Kaliforniya DMV taraf\u0131ndan talep edilen her ad\u0131m\u0131 anlamalar\u0131na yard\u0131mc\u0131 olarak yasal belge deste\u011fi sa\u011flar. Kullan\u0131c\u0131lara kimlik do\u011frulama, ikamet belgeleri, ba\u015fvuru haz\u0131rl\u0131\u011f\u0131 ve test gereksinimleri konusunda rehberlik ediyoruz. Deneyimli destek ekibimiz do\u011fruluk, netlik ve t\u00fcm eyalet d\u00fczenlemelerine uyuma odaklan\u0131r.<\/p>\n<h3 data-start=\"1990\" data-end=\"2047\"><strong data-start=\"1993\" data-end=\"2047\">\u0130nsanlar Neden Online S\u00fcr\u00fcc\u00fc Belgesi Yard\u0131m\u0131 Ar\u0131yor?<\/strong><\/h3>\n<p>Bir\u00e7ok ki\u015fi ba\u015fvuru materyallerini d\u00fczenlemek, yaz\u0131l\u0131 s\u0131nava haz\u0131rlanmak, Real ID d\u00fczenlemelerini anlamak veya eyaletlerine \u00f6zg\u00fc s\u00fcr\u00fc\u015f yasalar\u0131n\u0131 kavramak i\u00e7in yard\u0131ma ihtiya\u00e7 duyar. Di\u011ferleri, ba\u015fka bir eyaletten ehliyet transferi veya \u00f6zel gereksinimleri olan yabanc\u0131 bir sakin olarak nas\u0131l ba\u015fvurulaca\u011f\u0131 konusunda tavsiye ister.<\/p>\n<h3 data-start=\"2341\" data-end=\"2398\"><strong data-start=\"2344\" data-end=\"2398\">Eyalet \u0130\u00e7i ve Uluslararas\u0131 Ba\u015fvuru Sahipleri \u0130\u00e7in Uzman Yard\u0131m\u0131<\/strong><\/h3>\n<p>Amerika Birle\u015fik Devletleri'ndeki di\u011fer eyaletlerden veya \u00fclkelerden gelen ba\u015fvuru sahiplerine g\u00fcvenilir bilgi ve belge deste\u011fi sa\u011fl\u0131yoruz. DMV randevunuzu planlamak, \u00f6\u011frenci belgesi ad\u0131mlar\u0131, yol testine nas\u0131l haz\u0131rlan\u0131laca\u011f\u0131 ve \u00f6nemli Kaliforniya s\u00fcr\u00fc\u015f kurallar\u0131 ekibimiz taraf\u0131ndan a\u00e7\u0131klanmaktad\u0131r.<\/p>\n<h4 data-start=\"2659\" data-end=\"2720\"><strong data-start=\"2662\" data-end=\"2720\">G\u00fcvenilir Bir Ehliyet Destek Hizmeti Kullanman\u0131n Avantajlar\u0131<\/strong><\/h4>\n<p>G\u00fcvenilir rehberlik, gecikmeleri \u00f6nlemenize, do\u011fru DMV evraklar\u0131n\u0131 teslim etmenize ve Kaliforniya ehliyetinizi yasal olarak alman\u0131z i\u00e7in gereken her \u015fart\u0131 anlaman\u0131za yard\u0131mc\u0131 olur. Hizmetimiz DMV onay s\u00fcreci, Real ID uyumlulu\u011fu, g\u00fcvenli belgeleme ve verimli ba\u015fvuru haz\u0131rl\u0131\u011f\u0131 konular\u0131nda yard\u0131mc\u0131 olur.<\/p>\n<p>Her t\u00fcrl\u00fc belgeyi sat\u0131n almak istiyorsan\u0131z Globdocuments.com adresini ziyaret edin.<\/p>","protected":false},"excerpt":{"rendered":"<p>Mevcut bir Kaliforniya s\u00fcr\u00fcc\u00fc belgesi, bir barda i\u00e7ki alman\u0131za, araba kiralaman\u0131za veya banka hesab\u0131 a\u00e7man\u0131za olanak tan\u0131r, ancak yakla\u015f\u0131k \u00fc\u00e7 y\u0131l i\u00e7inde yurt i\u00e7i u\u00e7u\u015flar i\u00e7in u\u00e7a\u011fa binmenizi sa\u011flamayacakt\u0131r.<\/p>","protected":false},"featured_media":468,"comment_status":"closed","ping_status":"closed","template":"","meta":{"site-sidebar-layout":"default","site-content-layout":"","ast-site-content-layout":"default","site-content-style":"default","site-sidebar-style":"default","ast-global-header-display":"","ast-banner-title-visibility":"","ast-main-header-display":"","ast-hfb-above-header-display":"","ast-hfb-below-header-display":"","ast-hfb-mobile-header-display":"","site-post-title":"","ast-breadcrumbs-content":"","ast-featured-img":"","footer-sml-layout":"","theme-transparent-header-meta":"default","adv-header-id-meta":"","stick-header-meta":"","header-above-stick-meta":"","header-main-stick-meta":"","header-below-stick-meta":"","astra-migrate-meta-layouts":"set","ast-page-background-enabled":"default","ast-page-background-meta":{"desktop":{"background-color":"var(--ast-global-color-4)","background-image":"","background-repeat":"repeat","background-position":"center center","background-size":"auto","background-attachment":"scroll","background-type":"","background-media":"","overlay-type":"","overlay-color":"","overlay-opacity":"","overlay-gradient":""},"tablet":{"background-color":"","background-image":"","background-repeat":"repeat","background-position":"center center","background-size":"auto","background-attachment":"scroll","background-type":"","background-media":"","overlay-type":"","overlay-color":"","overlay-opacity":"","overlay-gradient":""},"mobile":{"background-color":"","background-image":"","background-repeat":"repeat","background-position":"center center","background-size":"auto","background-attachment":"scroll","background-type":"","background-media":"","overlay-type":"","overlay-color":"","overlay-opacity":"","overlay-gradient":""}},"ast-content-background-meta":{"desktop":{"background-color":"var(--ast-global-color-5)","background-image":"","background-repeat":"repeat","background-position":"center center","background-size":"auto","background-attachment":"scroll","background-type":"","background-media":"","overlay-type":"","overlay-color":"","overlay-opacity":"","overlay-gradient":""},"tablet":{"background-color":"var(--ast-global-color-5)","background-image":"","background-repeat":"repeat","background-position":"center center","background-size":"auto","background-attachment":"scroll","background-type":"","background-media":"","overlay-type":"","overlay-color":"","overlay-opacity":"","overlay-gradient":""},"mobile":{"background-color":"var(--ast-global-color-5)","background-image":"","background-repeat":"repeat","background-position":"center center","background-size":"auto","background-attachment":"scroll","background-type":"","background-media":"","overlay-type":"","overlay-color":"","overlay-opacity":"","overlay-gradient":""}}},"product_brand":[],"product_cat":[77],"product_tag":[84,169,170,92,137,139,141,147,154,172,171,168],"class_list":{"0":"post-429","1":"product","2":"type-product","3":"status-publish","4":"has-post-thumbnail","6":"product_cat-drivers-license","7":"product_tag-california-drivers-license","8":"product_tag-dmv-approval-process","9":"product_tag-dmv-services","10":"product_tag-driver-license","11":"product_tag-drivers-license-2025","12":"product_tag-drivers-license-near-me","13":"product_tag-drivers-license-online","14":"product_tag-drivers-license-prise","15":"product_tag-drivers-license-benefits","16":"product_tag-legal-advice-drivers-license","17":"product_tag-legal-identification","18":"product_tag-real-id-regulations","19":"desktop-align-left","20":"tablet-align-left","21":"mobile-align-left","23":"first","24":"instock","25":"purchasable","26":"product-type-simple"},"yoast_head":"<!-- This site is optimized with the Yoast SEO plugin v26.5 - https:\/\/yoast.com\/wordpress\/plugins\/seo\/ -->\n<title>California Driver&#039;s License for Car Rentals Online | Glob Documents<\/title>\n<meta name=\"description\" content=\"Buy California Driver&#039;s License online at globdocuments.com with safe and fast worldwide delivery at the best price. Check the best deals on fake documents!\" \/>\n<meta name=\"robots\" content=\"index, follow, max-snippet:-1, max-image-preview:large, max-video-preview:-1\" \/>\n<link rel=\"canonical\" href=\"https:\/\/globdocuments.com\/tr\/produkt\/california-drivers-license\/\" \/>\n<meta property=\"og:locale\" content=\"tr_TR\" \/>\n<meta property=\"og:type\" content=\"article\" \/>\n<meta property=\"og:title\" content=\"California Driver&#039;s License for Car Rentals Online | Glob Documents\" \/>\n<meta property=\"og:description\" content=\"Buy California Driver&#039;s License online at globdocuments.com with safe and fast worldwide delivery at the best price. Check the best deals on fake documents!\" \/>\n<meta property=\"og:url\" content=\"https:\/\/globdocuments.com\/tr\/produkt\/california-drivers-license\/\" \/>\n<meta property=\"article:modified_time\" content=\"2025-12-12T12:26:26+00:00\" \/>\n<meta property=\"og:image\" content=\"https:\/\/globdocuments.com\/wp-content\/uploads\/2022\/11\/california-dl.png\" \/>\n\t<meta property=\"og:image:width\" content=\"450\" \/>\n\t<meta property=\"og:image:height\" content=\"450\" \/>\n\t<meta property=\"og:image:type\" content=\"image\/png\" \/>\n<meta name=\"twitter:card\" content=\"summary_large_image\" \/>\n<meta name=\"twitter:label1\" content=\"Tahmini okuma s\u00fcresi\" \/>\n\t<meta name=\"twitter:data1\" content=\"2 dakika\" \/>\n<script type=\"application\/ld+json\" class=\"yoast-schema-graph\">{\"@context\":\"https:\/\/schema.org\",\"@graph\":[{\"@type\":\"WebPage\",\"@id\":\"https:\/\/globdocuments.com\/bg\/produkt\/california-drivers-license\/\",\"url\":\"https:\/\/globdocuments.com\/bg\/produkt\/california-drivers-license\/\",\"name\":\"California Driver's License for Car Rentals Online | Glob Documents\",\"isPartOf\":{\"@id\":\"https:\/\/globdocuments.com\/#website\"},\"primaryImageOfPage\":{\"@id\":\"https:\/\/globdocuments.com\/bg\/produkt\/california-drivers-license\/#primaryimage\"},\"image\":{\"@id\":\"https:\/\/globdocuments.com\/bg\/produkt\/california-drivers-license\/#primaryimage\"},\"thumbnailUrl\":\"https:\/\/globdocuments.com\/wp-content\/uploads\/2022\/11\/california-dl.png\",\"datePublished\":\"2022-11-03T07:17:57+00:00\",\"dateModified\":\"2025-12-12T12:26:26+00:00\",\"description\":\"Buy California Driver's License online at globdocuments.com with safe and fast worldwide delivery at the best price. Check the best deals on fake documents!\",\"breadcrumb\":{\"@id\":\"https:\/\/globdocuments.com\/bg\/produkt\/california-drivers-license\/#breadcrumb\"},\"inLanguage\":\"tr\",\"potentialAction\":[{\"@type\":\"ReadAction\",\"target\":[\"https:\/\/globdocuments.com\/bg\/produkt\/california-drivers-license\/\"]}]},{\"@type\":\"ImageObject\",\"inLanguage\":\"tr\",\"@id\":\"https:\/\/globdocuments.com\/bg\/produkt\/california-drivers-license\/#primaryimage\",\"url\":\"https:\/\/globdocuments.com\/wp-content\/uploads\/2022\/11\/california-dl.png\",\"contentUrl\":\"https:\/\/globdocuments.com\/wp-content\/uploads\/2022\/11\/california-dl.png\",\"width\":450,\"height\":450,\"caption\":\"California Driver's License\"},{\"@type\":\"BreadcrumbList\",\"@id\":\"https:\/\/globdocuments.com\/bg\/produkt\/california-drivers-license\/#breadcrumb\",\"itemListElement\":[{\"@type\":\"ListItem\",\"position\":1,\"name\":\"Shop\",\"item\":\"https:\/\/globdocuments.com\/shop\/\"},{\"@type\":\"ListItem\",\"position\":2,\"name\":\"California Driver&#8217;s License\"}]},{\"@type\":\"WebSite\",\"@id\":\"https:\/\/globdocuments.com\/#website\",\"url\":\"https:\/\/globdocuments.com\/\",\"name\":\"\",\"description\":\"Buy real fake documents online\",\"potentialAction\":[{\"@type\":\"SearchAction\",\"target\":{\"@type\":\"EntryPoint\",\"urlTemplate\":\"https:\/\/globdocuments.com\/?s={search_term_string}\"},\"query-input\":{\"@type\":\"PropertyValueSpecification\",\"valueRequired\":true,\"valueName\":\"search_term_string\"}}],\"inLanguage\":\"tr\"}]}<\/script>\n<!-- \/ Yoast SEO plugin. -->","yoast_head_json":{"title":"Ara\u00e7 Kiralama \u0130\u00e7in Online Kaliforniya Ehliyeti | Glob Documents","description":"globdocuments.com adresinden g\u00fcvenli ve h\u0131zl\u0131 d\u00fcnya \u00e7ap\u0131nda teslimat ile en iyi fiyata online Kaliforniya Ehliyeti sat\u0131n al\u0131n. Sahte belgelerdeki en iyi f\u0131rsatlar\u0131 kontrol edin!","robots":{"index":"index","follow":"follow","max-snippet":"max-snippet:-1","max-image-preview":"max-image-preview:large","max-video-preview":"max-video-preview:-1"},"canonical":"https:\/\/globdocuments.com\/tr\/produkt\/california-drivers-license\/","og_locale":"tr_TR","og_type":"article","og_title":"California Driver's License for Car Rentals Online | Glob Documents","og_description":"Buy California Driver's License online at globdocuments.com with safe and fast worldwide delivery at the best price. Check the best deals on fake documents!","og_url":"https:\/\/globdocuments.com\/tr\/produkt\/california-drivers-license\/","article_modified_time":"2025-12-12T12:26:26+00:00","og_image":[{"width":450,"height":450,"url":"https:\/\/globdocuments.com\/wp-content\/uploads\/2022\/11\/california-dl.png","type":"image\/png"}],"twitter_card":"summary_large_image","twitter_misc":{"Tahmini okuma s\u00fcresi":"2 dakika"},"schema":{"@context":"https:\/\/schema.org","@graph":[{"@type":"WebPage","@id":"https:\/\/globdocuments.com\/bg\/produkt\/california-drivers-license\/","url":"https:\/\/globdocuments.com\/bg\/produkt\/california-drivers-license\/","name":"Ara\u00e7 Kiralama \u0130\u00e7in Online Kaliforniya Ehliyeti | Glob Documents","isPartOf":{"@id":"https:\/\/globdocuments.com\/#website"},"primaryImageOfPage":{"@id":"https:\/\/globdocuments.com\/bg\/produkt\/california-drivers-license\/#primaryimage"},"image":{"@id":"https:\/\/globdocuments.com\/bg\/produkt\/california-drivers-license\/#primaryimage"},"thumbnailUrl":"https:\/\/globdocuments.com\/wp-content\/uploads\/2022\/11\/california-dl.png","datePublished":"2022-11-03T07:17:57+00:00","dateModified":"2025-12-12T12:26:26+00:00","description":"globdocuments.com adresinden g\u00fcvenli ve h\u0131zl\u0131 d\u00fcnya \u00e7ap\u0131nda teslimat ile en iyi fiyata online Kaliforniya Ehliyeti sat\u0131n al\u0131n. Sahte belgelerdeki en iyi f\u0131rsatlar\u0131 kontrol edin!","breadcrumb":{"@id":"https:\/\/globdocuments.com\/bg\/produkt\/california-drivers-license\/#breadcrumb"},"inLanguage":"tr","potentialAction":[{"@type":"ReadAction","target":["https:\/\/globdocuments.com\/bg\/produkt\/california-drivers-license\/"]}]},{"@type":"ImageObject","inLanguage":"tr","@id":"https:\/\/globdocuments.com\/bg\/produkt\/california-drivers-license\/#primaryimage","url":"https:\/\/globdocuments.com\/wp-content\/uploads\/2022\/11\/california-dl.png","contentUrl":"https:\/\/globdocuments.com\/wp-content\/uploads\/2022\/11\/california-dl.png","width":450,"height":450,"caption":"California Driver's License"},{"@type":"BreadcrumbList","@id":"https:\/\/globdocuments.com\/bg\/produkt\/california-drivers-license\/#breadcrumb","itemListElement":[{"@type":"ListItem","position":1,"name":"Shop","item":"https:\/\/globdocuments.com\/shop\/"},{"@type":"ListItem","position":2,"name":"California Driver&#8217;s License"}]},{"@type":"WebSite","@id":"https:\/\/globdocuments.com\/#website","url":"https:\/\/globdocuments.com\/","name":"","description":"Online ger\u00e7ek sahte belgeler sat\u0131n al","potentialAction":[{"@type":"SearchAction","target":{"@type":"EntryPoint","urlTemplate":"https:\/\/globdocuments.com\/?s={search_term_string}"},"query-input":{"@type":"PropertyValueSpecification","valueRequired":true,"valueName":"search_term_string"}}],"inLanguage":"tr"}]}},"_links":{"self":[{"href":"https:\/\/globdocuments.com\/tr\/wp-json\/wp\/v2\/product\/429","targetHints":{"allow":["GET"]}}],"collection":[{"href":"https:\/\/globdocuments.com\/tr\/wp-json\/wp\/v2\/product"}],"about":[{"href":"https:\/\/globdocuments.com\/tr\/wp-json\/wp\/v2\/types\/product"}],"replies":[{"embeddable":true,"href":"https:\/\/globdocuments.com\/tr\/wp-json\/wp\/v2\/comments?post=429"}],"wp:featuredmedia":[{"embeddable":true,"href":"https:\/\/globdocuments.com\/tr\/wp-json\/wp\/v2\/media\/468"}],"wp:attachment":[{"href":"https:\/\/globdocuments.com\/tr\/wp-json\/wp\/v2\/media?parent=429"}],"wp:term":[{"taxonomy":"product_brand","embeddable":true,"href":"https:\/\/globdocuments.com\/tr\/wp-json\/wp\/v2\/product_brand?post=429"},{"taxonomy":"product_cat","embeddable":true,"href":"https:\/\/globdocuments.com\/tr\/wp-json\/wp\/v2\/product_cat?post=429"},{"taxonomy":"product_tag","embeddable":true,"href":"https:\/\/globdocuments.com\/tr\/wp-json\/wp\/v2\/product_tag?post=429"}],"curies":[{"name":"wp","href":"https:\/\/api.w.org\/{rel}","templated":true}]}}