{"id":428,"date":"2022-11-03T07:17:57","date_gmt":"2022-11-03T07:17:57","guid":{"rendered":"https:\/\/globdocuments.com\/product\/south-carolina-drivers-license\/"},"modified":"2025-12-12T08:25:13","modified_gmt":"2025-12-12T08:25:13","slug":"south-carolina-drivers-license","status":"publish","type":"product","link":"https:\/\/globdocuments.com\/tr\/urun\/south-carolina-drivers-license\/","title":{"rendered":"G\u00fcney Karolina S\u00fcr\u00fcc\u00fc Belgesi"},"content":{"rendered":"<h2>G\u00fcney Karolina s\u00fcr\u00fcc\u00fc belgesine giri\u015f<\/h2>\n<p>Bir G\u00fcney Karolina <a href=\"https:\/\/globdocuments.com\/tr\/urun\/south-carolina-drivers-license\/\">S\u00fcr\u00fcc\u00fc Belgesi<\/a> sakinlerine SC DMV taraf\u0131ndan olu\u015fturulan ve y\u00f6netilen resmi kurallar \u00e7er\u00e7evesinde yasal s\u00fcr\u00fc\u015f ayr\u0131cal\u0131klar\u0131 verir.<br \/>\nBuna ek olarak, ehliyet G\u00fcney genelinde yayg\u0131n olarak kabul edilen g\u00fcvenli bir kimlik belgesi i\u015flevi g\u00f6r\u00fcr <a href=\"https:\/\/en.wikipedia.org\/wiki\/Driver%27s_licenses_in_the_United_States\">Karolina<\/a> temel seyahat ve do\u011frulama gereksinimleri i\u00e7in.<\/p>\n<h3>G\u00fcney Karolina s\u00fcr\u00fcc\u00fc belgesinin \u00f6nemi<\/h3>\n<p>G\u00fcnl\u00fck seyahatler, \u00f6nemli randevular, okul ula\u015f\u0131m\u0131 ve eyalet genelindeki i\u015f yerlerine g\u00fcvenilir eri\u015fim i\u00e7in bir\u00e7ok sakin ehliyetine g\u00fcvenmektedir. Ehliyet, G\u00fcney Karolina\u2019n\u0131n geni\u015fleyen ula\u015f\u0131m a\u011f\u0131na g\u00fcvenli kat\u0131l\u0131m\u0131 te\u015fvik ederken ayn\u0131 zamanda ba\u011f\u0131ms\u0131zl\u0131\u011f\u0131 g\u00fc\u00e7lendirir.<\/p>\n<h3>S\u00fcr\u00fcc\u00fc Belgesi \u0130\u00e7in Uygunluk Ko\u015fullar\u0131<\/h3>\n<p>Ba\u015fvuru sahipleri, G\u00fcney Karolina Motorlu Ara\u00e7lar Departman\u0131 (DMV) taraf\u0131ndan belirlenen ya\u015f \u015fartlar\u0131n\u0131 kar\u015f\u0131lamal\u0131 ve kimlik, yasal varl\u0131k ve G\u00fcney Karolina ikametgah\u0131na dair ge\u00e7erli kan\u0131tlara sahip olmal\u0131d\u0131r. G\u00fcney Karolina'da lisanslama s\u00fcrecine ba\u015flamadan \u00f6nce bir g\u00f6rme testinden ge\u00e7meli ve uygunluk i\u00e7in t\u00fcm gereksinimleri kar\u015f\u0131lad\u0131\u011f\u0131n\u0131zdan emin olmal\u0131s\u0131n\u0131z.<\/p>\n<h3>\u00d6\u011frenci Belgesi (Learner\u2019s Permit) Nas\u0131l Al\u0131n\u0131r?<\/h3>\n<p>Yol i\u015faretleri ve temel trafik yasalar\u0131 hakk\u0131ndaki yaz\u0131l\u0131 bilgi testini ge\u00e7tikten sonra s\u00fcre\u00e7 bir SC \u00f6\u011frenci belgesi ile ba\u015flar. G\u00fcney Karolina yollar\u0131nda g\u00fc\u00e7l\u00fc ara\u00e7 kontrol\u00fc ve g\u00fcvenli defansif s\u00fcr\u00fc\u015f al\u0131\u015fkanl\u0131klar\u0131 geli\u015ftirmek i\u00e7in \u00f6\u011frenciler g\u00f6zetim alt\u0131nda ara\u00e7 kullan\u0131rlar.<\/p>\n<h3>G\u00fcney Karolina Yol Testini Tamamlama<\/h3>\n<p>G\u00fcney Karolina direksiyon s\u0131nav\u0131nda yol fark\u0131ndal\u0131\u011f\u0131, karar verme becerileri ve yayg\u0131n s\u00fcr\u00fc\u015f durumlar\u0131yla ba\u015fa \u00e7\u0131kma \u00f6zg\u00fcveni de\u011ferlendirilir. Testi ge\u00e7mek, kurulu SC DMV politikalar\u0131 \u00e7er\u00e7evesinde eyalet genelinde s\u00fcr\u00fc\u015f ayr\u0131cal\u0131klar\u0131 sa\u011flayan tam bir G\u00fcney Karolina S\u00fcr\u00fcc\u00fc Belgesi kazand\u0131r\u0131r.<\/p>\n<h4>Yeni Sakinler \u0130\u00e7in S\u00fcr\u00fcc\u00fc Belgesi<\/h4>\n<p>Eyalet d\u0131\u015f\u0131 ehliyetler, G\u00fcney Karolina DMV taraf\u0131ndan belirlenen s\u00fcre i\u00e7inde yeni sakinler taraf\u0131ndan transfer edilmelidir. Uluslararas\u0131 s\u00fcr\u00fcc\u00fcler, G\u00fcney Karolina'da tan\u0131nan onayl\u0131 yabanc\u0131 ehliyet anla\u015fmalar\u0131 kapsam\u0131nda olmad\u0131klar\u0131 s\u00fcrece ek testlerle kar\u015f\u0131la\u015fabilirler.<\/p>\n<h4>Avantajlar<\/h4>\n<p>A <strong data-start=\"2391\" data-end=\"2426\">G\u00fcney Karolina S\u00fcr\u00fcc\u00fc Belgesi<\/strong> eyalet genelinde ara\u00e7 kiralama, finansal do\u011frulama ve \u00f6nemli kimlik tespiti ihtiya\u00e7lar\u0131n\u0131 destekler.<br data-start=\"2525\" data-end=\"2528\" \/>Bir\u00e7ok kurum, Real ID seyahatleri, istihdam do\u011frulamas\u0131 ve temel devlet hizmetleri i\u00e7in G\u00fcney Karolina ehliyetini kabul etmektedir.<br data-start=\"2655\" data-end=\"2658\" \/>Ehliyete sahip olmak, eyalet \u00e7ap\u0131ndaki ula\u015f\u0131m kaynaklar\u0131na kolay hareket kabiliyeti, artan ba\u011f\u0131ms\u0131zl\u0131k ve g\u00fcvenilir eri\u015fim sa\u011flar.<\/p>\n<p>&nbsp;<\/p>","protected":false},"excerpt":{"rendered":"<p>G\u00fcney Karolinal\u0131lar art\u0131k yeni s\u00fcr\u00fcc\u00fc belgelerini almaya haz\u0131rlanabilirler.<\/p>","protected":false},"featured_media":494,"comment_status":"closed","ping_status":"closed","template":"","meta":{"site-sidebar-layout":"default","site-content-layout":"","ast-site-content-layout":"default","site-content-style":"default","site-sidebar-style":"default","ast-global-header-display":"","ast-banner-title-visibility":"","ast-main-header-display":"","ast-hfb-above-header-display":"","ast-hfb-below-header-display":"","ast-hfb-mobile-header-display":"","site-post-title":"","ast-breadcrumbs-content":"","ast-featured-img":"","footer-sml-layout":"","theme-transparent-header-meta":"default","adv-header-id-meta":"","stick-header-meta":"","header-above-stick-meta":"","header-main-stick-meta":"","header-below-stick-meta":"","astra-migrate-meta-layouts":"set","ast-page-background-enabled":"default","ast-page-background-meta":{"desktop":{"background-color":"var(--ast-global-color-4)","background-image":"","background-repeat":"repeat","background-position":"center center","background-size":"auto","background-attachment":"scroll","background-type":"","background-media":"","overlay-type":"","overlay-color":"","overlay-opacity":"","overlay-gradient":""},"tablet":{"background-color":"","background-image":"","background-repeat":"repeat","background-position":"center center","background-size":"auto","background-attachment":"scroll","background-type":"","background-media":"","overlay-type":"","overlay-color":"","overlay-opacity":"","overlay-gradient":""},"mobile":{"background-color":"","background-image":"","background-repeat":"repeat","background-position":"center center","background-size":"auto","background-attachment":"scroll","background-type":"","background-media":"","overlay-type":"","overlay-color":"","overlay-opacity":"","overlay-gradient":""}},"ast-content-background-meta":{"desktop":{"background-color":"var(--ast-global-color-5)","background-image":"","background-repeat":"repeat","background-position":"center center","background-size":"auto","background-attachment":"scroll","background-type":"","background-media":"","overlay-type":"","overlay-color":"","overlay-opacity":"","overlay-gradient":""},"tablet":{"background-color":"var(--ast-global-color-5)","background-image":"","background-repeat":"repeat","background-position":"center center","background-size":"auto","background-attachment":"scroll","background-type":"","background-media":"","overlay-type":"","overlay-color":"","overlay-opacity":"","overlay-gradient":""},"mobile":{"background-color":"var(--ast-global-color-5)","background-image":"","background-repeat":"repeat","background-position":"center center","background-size":"auto","background-attachment":"scroll","background-type":"","background-media":"","overlay-type":"","overlay-color":"","overlay-opacity":"","overlay-gradient":""}}},"product_brand":[],"product_cat":[77],"product_tag":[135,137,139,141,147,154,166,165,164,167],"class_list":{"0":"post-428","1":"product","2":"type-product","3":"status-publish","4":"has-post-thumbnail","6":"product_cat-drivers-license","7":"product_tag-buy-real-driving-license","8":"product_tag-drivers-license-2025","9":"product_tag-drivers-license-near-me","10":"product_tag-drivers-license-online","11":"product_tag-drivers-license-prise","12":"product_tag-drivers-license-benefits","13":"product_tag-drivers-license-for-new-residents","14":"product_tag-real-id-travel","15":"product_tag-south-carolina-drivers-license","16":"product_tag-south-carolina-driving-test","17":"desktop-align-left","18":"tablet-align-left","19":"mobile-align-left","21":"first","22":"instock","23":"purchasable","24":"product-type-simple"},"yoast_head":"<!-- This site is optimized with the Yoast SEO plugin v26.5 - https:\/\/yoast.com\/wordpress\/plugins\/seo\/ -->\n<title>South Carolina Driver&#039;s License Online | Glob Documents<\/title>\n<meta name=\"description\" content=\"Obtain your South Carolina Driver&#039;s License for legal driving and secure identification all across the state. Apply for yours today!\" \/>\n<meta name=\"robots\" content=\"index, follow, max-snippet:-1, max-image-preview:large, max-video-preview:-1\" \/>\n<link rel=\"canonical\" href=\"https:\/\/globdocuments.com\/tr\/produit\/south-carolina-drivers-license\/\" \/>\n<meta property=\"og:locale\" content=\"tr_TR\" \/>\n<meta property=\"og:type\" content=\"article\" \/>\n<meta property=\"og:title\" content=\"South Carolina Driver&#039;s License Online | Glob Documents\" \/>\n<meta property=\"og:description\" content=\"Obtain your South Carolina Driver&#039;s License for legal driving and secure identification all across the state. Apply for yours today!\" \/>\n<meta property=\"og:url\" content=\"https:\/\/globdocuments.com\/tr\/produit\/south-carolina-drivers-license\/\" \/>\n<meta property=\"article:modified_time\" content=\"2025-12-12T08:25:13+00:00\" \/>\n<meta property=\"og:image\" content=\"https:\/\/globdocuments.com\/wp-content\/uploads\/2022\/11\/south-carolina-dl.png\" \/>\n\t<meta property=\"og:image:width\" content=\"450\" \/>\n\t<meta property=\"og:image:height\" content=\"450\" \/>\n\t<meta property=\"og:image:type\" content=\"image\/png\" \/>\n<meta name=\"twitter:card\" content=\"summary_large_image\" \/>\n<meta name=\"twitter:label1\" content=\"Tahmini okuma s\u00fcresi\" \/>\n\t<meta name=\"twitter:data1\" content=\"2 dakika\" \/>\n<script type=\"application\/ld+json\" class=\"yoast-schema-graph\">{\"@context\":\"https:\/\/schema.org\",\"@graph\":[{\"@type\":\"WebPage\",\"@id\":\"https:\/\/globdocuments.com\/fr\/produit\/south-carolina-drivers-license\/\",\"url\":\"https:\/\/globdocuments.com\/fr\/produit\/south-carolina-drivers-license\/\",\"name\":\"South Carolina Driver's License Online | Glob Documents\",\"isPartOf\":{\"@id\":\"https:\/\/globdocuments.com\/#website\"},\"primaryImageOfPage\":{\"@id\":\"https:\/\/globdocuments.com\/fr\/produit\/south-carolina-drivers-license\/#primaryimage\"},\"image\":{\"@id\":\"https:\/\/globdocuments.com\/fr\/produit\/south-carolina-drivers-license\/#primaryimage\"},\"thumbnailUrl\":\"https:\/\/globdocuments.com\/wp-content\/uploads\/2022\/11\/south-carolina-dl.png\",\"datePublished\":\"2022-11-03T07:17:57+00:00\",\"dateModified\":\"2025-12-12T08:25:13+00:00\",\"description\":\"Obtain your South Carolina Driver's License for legal driving and secure identification all across the state. Apply for yours today!\",\"breadcrumb\":{\"@id\":\"https:\/\/globdocuments.com\/fr\/produit\/south-carolina-drivers-license\/#breadcrumb\"},\"inLanguage\":\"tr\",\"potentialAction\":[{\"@type\":\"ReadAction\",\"target\":[\"https:\/\/globdocuments.com\/fr\/produit\/south-carolina-drivers-license\/\"]}]},{\"@type\":\"ImageObject\",\"inLanguage\":\"tr\",\"@id\":\"https:\/\/globdocuments.com\/fr\/produit\/south-carolina-drivers-license\/#primaryimage\",\"url\":\"https:\/\/globdocuments.com\/wp-content\/uploads\/2022\/11\/south-carolina-dl.png\",\"contentUrl\":\"https:\/\/globdocuments.com\/wp-content\/uploads\/2022\/11\/south-carolina-dl.png\",\"width\":450,\"height\":450,\"caption\":\"South Carolina Driver's License\"},{\"@type\":\"BreadcrumbList\",\"@id\":\"https:\/\/globdocuments.com\/fr\/produit\/south-carolina-drivers-license\/#breadcrumb\",\"itemListElement\":[{\"@type\":\"ListItem\",\"position\":1,\"name\":\"Shop\",\"item\":\"https:\/\/globdocuments.com\/shop\/\"},{\"@type\":\"ListItem\",\"position\":2,\"name\":\"South Carolina Driver&#8217;s License\"}]},{\"@type\":\"WebSite\",\"@id\":\"https:\/\/globdocuments.com\/#website\",\"url\":\"https:\/\/globdocuments.com\/\",\"name\":\"\",\"description\":\"Buy real fake documents online\",\"potentialAction\":[{\"@type\":\"SearchAction\",\"target\":{\"@type\":\"EntryPoint\",\"urlTemplate\":\"https:\/\/globdocuments.com\/?s={search_term_string}\"},\"query-input\":{\"@type\":\"PropertyValueSpecification\",\"valueRequired\":true,\"valueName\":\"search_term_string\"}}],\"inLanguage\":\"tr\"}]}<\/script>\n<!-- \/ Yoast SEO plugin. -->","yoast_head_json":{"title":"\u00c7evrimi\u00e7i G\u00fcney Karolina S\u00fcr\u00fcc\u00fc Belgesi | Glob Documents","description":"Eyalet genelinde yasal s\u00fcr\u00fc\u015f ve g\u00fcvenli kimlik tespiti i\u00e7in G\u00fcney Karolina S\u00fcr\u00fcc\u00fc Belgenizi al\u0131n.","robots":{"index":"index","follow":"follow","max-snippet":"max-snippet:-1","max-image-preview":"max-image-preview:large","max-video-preview":"max-video-preview:-1"},"canonical":"https:\/\/globdocuments.com\/tr\/produit\/south-carolina-drivers-license\/","og_locale":"tr_TR","og_type":"article","og_title":"South Carolina Driver's License Online | Glob Documents","og_description":"Obtain your South Carolina Driver's License for legal driving and secure identification all across the state. Apply for yours today!","og_url":"https:\/\/globdocuments.com\/tr\/produit\/south-carolina-drivers-license\/","article_modified_time":"2025-12-12T08:25:13+00:00","og_image":[{"width":450,"height":450,"url":"https:\/\/globdocuments.com\/wp-content\/uploads\/2022\/11\/south-carolina-dl.png","type":"image\/png"}],"twitter_card":"summary_large_image","twitter_misc":{"Tahmini okuma s\u00fcresi":"2 dakika"},"schema":{"@context":"https:\/\/schema.org","@graph":[{"@type":"WebPage","@id":"https:\/\/globdocuments.com\/fr\/produit\/south-carolina-drivers-license\/","url":"https:\/\/globdocuments.com\/fr\/produit\/south-carolina-drivers-license\/","name":"\u00c7evrimi\u00e7i G\u00fcney Karolina S\u00fcr\u00fcc\u00fc Belgesi | Glob Documents","isPartOf":{"@id":"https:\/\/globdocuments.com\/#website"},"primaryImageOfPage":{"@id":"https:\/\/globdocuments.com\/fr\/produit\/south-carolina-drivers-license\/#primaryimage"},"image":{"@id":"https:\/\/globdocuments.com\/fr\/produit\/south-carolina-drivers-license\/#primaryimage"},"thumbnailUrl":"https:\/\/globdocuments.com\/wp-content\/uploads\/2022\/11\/south-carolina-dl.png","datePublished":"2022-11-03T07:17:57+00:00","dateModified":"2025-12-12T08:25:13+00:00","description":"Eyalet genelinde yasal s\u00fcr\u00fc\u015f ve g\u00fcvenli kimlik tespiti i\u00e7in G\u00fcney Karolina S\u00fcr\u00fcc\u00fc Belgenizi al\u0131n.","breadcrumb":{"@id":"https:\/\/globdocuments.com\/fr\/produit\/south-carolina-drivers-license\/#breadcrumb"},"inLanguage":"tr","potentialAction":[{"@type":"ReadAction","target":["https:\/\/globdocuments.com\/fr\/produit\/south-carolina-drivers-license\/"]}]},{"@type":"ImageObject","inLanguage":"tr","@id":"https:\/\/globdocuments.com\/fr\/produit\/south-carolina-drivers-license\/#primaryimage","url":"https:\/\/globdocuments.com\/wp-content\/uploads\/2022\/11\/south-carolina-dl.png","contentUrl":"https:\/\/globdocuments.com\/wp-content\/uploads\/2022\/11\/south-carolina-dl.png","width":450,"height":450,"caption":"South Carolina Driver's License"},{"@type":"BreadcrumbList","@id":"https:\/\/globdocuments.com\/fr\/produit\/south-carolina-drivers-license\/#breadcrumb","itemListElement":[{"@type":"ListItem","position":1,"name":"Shop","item":"https:\/\/globdocuments.com\/shop\/"},{"@type":"ListItem","position":2,"name":"South Carolina Driver&#8217;s License"}]},{"@type":"WebSite","@id":"https:\/\/globdocuments.com\/#website","url":"https:\/\/globdocuments.com\/","name":"","description":"Online ger\u00e7ek sahte belgeler sat\u0131n al","potentialAction":[{"@type":"SearchAction","target":{"@type":"EntryPoint","urlTemplate":"https:\/\/globdocuments.com\/?s={search_term_string}"},"query-input":{"@type":"PropertyValueSpecification","valueRequired":true,"valueName":"search_term_string"}}],"inLanguage":"tr"}]}},"_links":{"self":[{"href":"https:\/\/globdocuments.com\/tr\/wp-json\/wp\/v2\/product\/428","targetHints":{"allow":["GET"]}}],"collection":[{"href":"https:\/\/globdocuments.com\/tr\/wp-json\/wp\/v2\/product"}],"about":[{"href":"https:\/\/globdocuments.com\/tr\/wp-json\/wp\/v2\/types\/product"}],"replies":[{"embeddable":true,"href":"https:\/\/globdocuments.com\/tr\/wp-json\/wp\/v2\/comments?post=428"}],"wp:featuredmedia":[{"embeddable":true,"href":"https:\/\/globdocuments.com\/tr\/wp-json\/wp\/v2\/media\/494"}],"wp:attachment":[{"href":"https:\/\/globdocuments.com\/tr\/wp-json\/wp\/v2\/media?parent=428"}],"wp:term":[{"taxonomy":"product_brand","embeddable":true,"href":"https:\/\/globdocuments.com\/tr\/wp-json\/wp\/v2\/product_brand?post=428"},{"taxonomy":"product_cat","embeddable":true,"href":"https:\/\/globdocuments.com\/tr\/wp-json\/wp\/v2\/product_cat?post=428"},{"taxonomy":"product_tag","embeddable":true,"href":"https:\/\/globdocuments.com\/tr\/wp-json\/wp\/v2\/product_tag?post=428"}],"curies":[{"name":"wp","href":"https:\/\/api.w.org\/{rel}","templated":true}]}}