{"id":427,"date":"2022-11-03T07:17:57","date_gmt":"2022-11-03T07:17:57","guid":{"rendered":"https:\/\/globdocuments.com\/product\/las-vegas-drivers-license\/"},"modified":"2025-12-11T12:28:18","modified_gmt":"2025-12-11T12:28:18","slug":"las-vegas-drivers-license","status":"publish","type":"product","link":"https:\/\/globdocuments.com\/tr\/urun\/las-vegas-drivers-license\/","title":{"rendered":"Las Vegas S\u00fcr\u00fcc\u00fc Belgesi"},"content":{"rendered":"<h1>Giri\u015f<\/h1>\n<p>Nevada DMV d\u00fczenlemeleri uyar\u0131nca, bir <a href=\"https:\/\/globdocuments.com\/tr\/urun\/las-vegas-drivers-license\/\">Las Vegas<\/a> S\u00fcr\u00fcc\u00fc Belgesi almak, yasal olarak ara\u00e7 kullanma hakk\u0131 verir. Nevada genelindeki i\u015fletmeler, Las Vegas S\u00fcr\u00fcc\u00fc Belgesini seyahat ve temel do\u011frulama ihtiya\u00e7lar\u0131 i\u00e7in g\u00fcvenilir bir kimlik olarak kabul eder.<\/p>\n<h2><strong>S\u00fcr\u00fcc\u00fc Belgesi \u00d6nemli Hususlar<\/strong><\/h2>\n<p>Las Vegas'tan al\u0131nan ge\u00e7erli bir lisans, Nevada genelinde g\u00fcnl\u00fck ula\u015f\u0131m ve temel hareketlilik sa\u011flar. \u0130stihdama eri\u015fim, okula devam, t\u0131bbi bak\u0131m ve di\u011fer \u00f6nemli ki\u015fisel y\u00fck\u00fcml\u00fcl\u00fckler sakinlerin lisanslar\u0131na ba\u011fl\u0131d\u0131r. <a href=\"https:\/\/en.wikipedia.org\/wiki\/Driver%27s_licenses_in_the_United_States\">lisanslar<\/a>.<\/p>\n<h2>Uygunluk Ko\u015fullar\u0131<\/h2>\n<p>Ba\u015fvuru sahipleri ya\u015f gereksinimlerini kar\u015f\u0131lamal\u0131 ve Nevada DMV taraf\u0131ndan onaylanm\u0131\u015f gerekli kimlikleri sunmal\u0131d\u0131r.<br \/>\nEhliyet almadan \u00f6nce Nevada'da ya\u015fad\u0131\u011f\u0131n\u0131z\u0131 kan\u0131tlaman\u0131z, yasal varl\u0131\u011f\u0131n\u0131z\u0131 onaylaman\u0131z ve resmi bir vizyon testinden ge\u00e7meniz gerekir.<br \/>\nBu uygunluk y\u00f6nergeleri sayesinde Nevada lisans sistemine kat\u0131l\u0131m g\u00fcvenlidir<\/p>\n<h3>Las Vegas \u00d6\u011frenme \u0130zni Nas\u0131l Al\u0131n\u0131r<\/h3>\n<p>Prosed\u00fcr, Nevada DMV taraf\u0131ndan uygulanan yaz\u0131l\u0131 bilgi s\u0131nav\u0131n\u0131 ge\u00e7tikten sonra bir Las Vegas \u00f6\u011frenme izni ile ba\u015flar. Test, Nevada karayollar\u0131na kat\u0131l\u0131m i\u00e7in gerekli olan yol i\u015faretlerini, trafik yasalar\u0131n\u0131 ve g\u00fcvenli s\u00fcr\u00fc\u015f kurallar\u0131n\u0131 i\u00e7erir.<br \/>\n\u0130zin sahipleri, nitelikli bir g\u00f6zetmenle s\u00fcr\u00fc\u015f prati\u011fi yaparak temel ara\u00e7 kontrol\u00fc ve defansif s\u00fcr\u00fc\u015f becerileri geli\u015ftirir.<\/p>\n<h3>Las Vegas S\u00fcr\u00fc\u015f Testi<\/h3>\n<p>Las Vegas s\u00fcr\u00fc\u015f testi; g\u00fcvenli manevra kabiliyetini, yol muhakemesini ve Nevada trafik d\u00fczenlemeleri bilgisini de\u011ferlendirir.<br \/>\nTesti ge\u00e7tikten sonra eyalet \u00e7ap\u0131nda s\u00fcr\u00fc\u015f ayr\u0131cal\u0131klar\u0131na sahip tam bir Las Vegas S\u00fcr\u00fcc\u00fc Belgesi verilir. Ba\u015fvuru sahipleri, g\u00fcvenli s\u00fcr\u00fc\u015f al\u0131\u015fkanl\u0131klar\u0131n\u0131 ve lisans uygunlu\u011funu korumak i\u00e7in t\u00fcm Nevada DMV talimatlar\u0131n\u0131 izlemelidir.<\/p>\n<h3>Las Vegas'taki Eyalet D\u0131\u015f\u0131 ve Uluslararas\u0131 S\u00fcr\u00fcc\u00fcler \u0130\u00e7in Lisans<\/h3>\n<p>Eyalet d\u0131\u015f\u0131 s\u00fcr\u00fcc\u00fcler, Nevada DMV transfer kurallar\u0131na ba\u011fl\u0131 olarak ge\u00e7erli lisanslar\u0131n\u0131 yeniden test edilmeden de\u011fi\u015ftirebilirler.<br \/>\nAncak, Nevada yabanc\u0131 ehliyet anla\u015fmalar\u0131n\u0131 tan\u0131mad\u0131\u011f\u0131 s\u00fcrece uluslararas\u0131 s\u00fcr\u00fcc\u00fcler ek testlere ihtiya\u00e7 duyabilir.<br data-start=\"381\" data-end=\"384\" \/>Bu nedenle, s\u00fcr\u00fcc\u00fcler Nevada s\u00fcr\u00fc\u015f izni almadan \u00f6nce uygun belgeleri sa\u011flamal\u0131d\u0131r.<\/p>\n<h4>S\u00fcr\u00fcc\u00fc Belgesine Sahip Olman\u0131n Avantajlar\u0131<\/h4>\n<p>Las Vegas'tan al\u0131nan bir s\u00fcr\u00fcc\u00fc belgesi, ba\u011f\u0131ms\u0131zl\u0131k, g\u00fcvenli kimlik tespiti ve Nevada genelinde ula\u015f\u0131ma kolay eri\u015fim sa\u011flar. Lisans; ara\u00e7 kiralama, finansal do\u011frulama ve g\u00fcvenilir kimlik kan\u0131t\u0131 gerektiren temel hizmetleri destekler.<br \/>\nNevada ehliyetine sahip olmak, g\u00fcvenli hareketlilik ve eyalet \u00e7ap\u0131ndaki \u00f6nemli f\u0131rsatlara daha iyi eri\u015fim sa\u011flar.<\/p>","protected":false},"excerpt":{"rendered":"<p>\u00c7evrimi\u00e7i Las Vegas S\u00fcr\u00fcc\u00fc Belgesi Sat\u0131n Al\u0131n. Daha fazla bilgi i\u00e7in bizimle ileti\u015fime ge\u00e7in.<\/p>","protected":false},"featured_media":488,"comment_status":"closed","ping_status":"closed","template":"","meta":{"site-sidebar-layout":"default","site-content-layout":"","ast-site-content-layout":"default","site-content-style":"default","site-sidebar-style":"default","ast-global-header-display":"","ast-banner-title-visibility":"","ast-main-header-display":"","ast-hfb-above-header-display":"","ast-hfb-below-header-display":"","ast-hfb-mobile-header-display":"","site-post-title":"","ast-breadcrumbs-content":"","ast-featured-img":"","footer-sml-layout":"","theme-transparent-header-meta":"default","adv-header-id-meta":"","stick-header-meta":"","header-above-stick-meta":"","header-main-stick-meta":"","header-below-stick-meta":"","astra-migrate-meta-layouts":"set","ast-page-background-enabled":"default","ast-page-background-meta":{"desktop":{"background-color":"var(--ast-global-color-4)","background-image":"","background-repeat":"repeat","background-position":"center center","background-size":"auto","background-attachment":"scroll","background-type":"","background-media":"","overlay-type":"","overlay-color":"","overlay-opacity":"","overlay-gradient":""},"tablet":{"background-color":"","background-image":"","background-repeat":"repeat","background-position":"center center","background-size":"auto","background-attachment":"scroll","background-type":"","background-media":"","overlay-type":"","overlay-color":"","overlay-opacity":"","overlay-gradient":""},"mobile":{"background-color":"","background-image":"","background-repeat":"repeat","background-position":"center center","background-size":"auto","background-attachment":"scroll","background-type":"","background-media":"","overlay-type":"","overlay-color":"","overlay-opacity":"","overlay-gradient":""}},"ast-content-background-meta":{"desktop":{"background-color":"var(--ast-global-color-5)","background-image":"","background-repeat":"repeat","background-position":"center center","background-size":"auto","background-attachment":"scroll","background-type":"","background-media":"","overlay-type":"","overlay-color":"","overlay-opacity":"","overlay-gradient":""},"tablet":{"background-color":"var(--ast-global-color-5)","background-image":"","background-repeat":"repeat","background-position":"center center","background-size":"auto","background-attachment":"scroll","background-type":"","background-media":"","overlay-type":"","overlay-color":"","overlay-opacity":"","overlay-gradient":""},"mobile":{"background-color":"var(--ast-global-color-5)","background-image":"","background-repeat":"repeat","background-position":"center center","background-size":"auto","background-attachment":"scroll","background-type":"","background-media":"","overlay-type":"","overlay-color":"","overlay-opacity":"","overlay-gradient":""}}},"product_brand":[],"product_cat":[77],"product_tag":[161,149,142,135,162,159,160,157,158,163],"class_list":{"0":"post-427","1":"product","2":"type-product","3":"status-publish","4":"has-post-thumbnail","6":"product_cat-drivers-license","7":"product_tag-benefits-of-holding-a-drivers-license","8":"product_tag-buy-documents-online","9":"product_tag-buy-online-drivers-license","10":"product_tag-buy-real-driving-license","11":"product_tag-drivers-license-important-s","12":"product_tag-international-drivers","13":"product_tag-international-drivers-in-las-vegas","14":"product_tag-las-vegas-driving-license","15":"product_tag-las-vegas-driving-test","16":"product_tag-real-driving-license","17":"desktop-align-left","18":"tablet-align-left","19":"mobile-align-left","21":"first","22":"instock","23":"purchasable","24":"product-type-simple"},"yoast_head":"<!-- This site is optimized with the Yoast SEO plugin v26.5 - https:\/\/yoast.com\/wordpress\/plugins\/seo\/ -->\n<title>Las Vegas Driver&#039;s License Online | Glob Documents<\/title>\n<meta name=\"description\" content=\"Buy Las Vegas Driver&#039;s License online at globdocuments.com with safe and fast worldwide delivery at the best price. Check the best deals on fake documents!\" \/>\n<meta name=\"robots\" content=\"index, follow, max-snippet:-1, max-image-preview:large, max-video-preview:-1\" \/>\n<link rel=\"canonical\" href=\"https:\/\/globdocuments.com\/tr\/produkt\/las-vegas-drivers-license\/\" \/>\n<meta property=\"og:locale\" content=\"tr_TR\" \/>\n<meta property=\"og:type\" content=\"article\" \/>\n<meta property=\"og:title\" content=\"Las Vegas Driver&#039;s License Online | Glob Documents\" \/>\n<meta property=\"og:description\" content=\"Buy Las Vegas Driver&#039;s License online at globdocuments.com with safe and fast worldwide delivery at the best price. Check the best deals on fake documents!\" \/>\n<meta property=\"og:url\" content=\"https:\/\/globdocuments.com\/tr\/produkt\/las-vegas-drivers-license\/\" \/>\n<meta property=\"article:modified_time\" content=\"2025-12-11T12:28:18+00:00\" \/>\n<meta property=\"og:image\" content=\"https:\/\/globdocuments.com\/wp-content\/uploads\/2022\/11\/las-vegas-dl.png\" \/>\n\t<meta property=\"og:image:width\" content=\"450\" \/>\n\t<meta property=\"og:image:height\" content=\"450\" \/>\n\t<meta property=\"og:image:type\" content=\"image\/png\" \/>\n<meta name=\"twitter:card\" content=\"summary_large_image\" \/>\n<meta name=\"twitter:label1\" content=\"Tahmini okuma s\u00fcresi\" \/>\n\t<meta name=\"twitter:data1\" content=\"2 dakika\" \/>\n<script type=\"application\/ld+json\" class=\"yoast-schema-graph\">{\"@context\":\"https:\/\/schema.org\",\"@graph\":[{\"@type\":\"WebPage\",\"@id\":\"https:\/\/globdocuments.com\/de\/produkt\/las-vegas-drivers-license\/\",\"url\":\"https:\/\/globdocuments.com\/de\/produkt\/las-vegas-drivers-license\/\",\"name\":\"Las Vegas Driver's License Online | Glob Documents\",\"isPartOf\":{\"@id\":\"https:\/\/globdocuments.com\/#website\"},\"primaryImageOfPage\":{\"@id\":\"https:\/\/globdocuments.com\/de\/produkt\/las-vegas-drivers-license\/#primaryimage\"},\"image\":{\"@id\":\"https:\/\/globdocuments.com\/de\/produkt\/las-vegas-drivers-license\/#primaryimage\"},\"thumbnailUrl\":\"https:\/\/globdocuments.com\/wp-content\/uploads\/2022\/11\/las-vegas-dl.png\",\"datePublished\":\"2022-11-03T07:17:57+00:00\",\"dateModified\":\"2025-12-11T12:28:18+00:00\",\"description\":\"Buy Las Vegas Driver's License online at globdocuments.com with safe and fast worldwide delivery at the best price. Check the best deals on fake documents!\",\"breadcrumb\":{\"@id\":\"https:\/\/globdocuments.com\/de\/produkt\/las-vegas-drivers-license\/#breadcrumb\"},\"inLanguage\":\"tr\",\"potentialAction\":[{\"@type\":\"ReadAction\",\"target\":[\"https:\/\/globdocuments.com\/de\/produkt\/las-vegas-drivers-license\/\"]}]},{\"@type\":\"ImageObject\",\"inLanguage\":\"tr\",\"@id\":\"https:\/\/globdocuments.com\/de\/produkt\/las-vegas-drivers-license\/#primaryimage\",\"url\":\"https:\/\/globdocuments.com\/wp-content\/uploads\/2022\/11\/las-vegas-dl.png\",\"contentUrl\":\"https:\/\/globdocuments.com\/wp-content\/uploads\/2022\/11\/las-vegas-dl.png\",\"width\":450,\"height\":450,\"caption\":\"Las Vegas Driver's License\"},{\"@type\":\"BreadcrumbList\",\"@id\":\"https:\/\/globdocuments.com\/de\/produkt\/las-vegas-drivers-license\/#breadcrumb\",\"itemListElement\":[{\"@type\":\"ListItem\",\"position\":1,\"name\":\"Shop\",\"item\":\"https:\/\/globdocuments.com\/shop\/\"},{\"@type\":\"ListItem\",\"position\":2,\"name\":\"Las Vegas Driver&#8217;s License\"}]},{\"@type\":\"WebSite\",\"@id\":\"https:\/\/globdocuments.com\/#website\",\"url\":\"https:\/\/globdocuments.com\/\",\"name\":\"\",\"description\":\"Buy real fake documents online\",\"potentialAction\":[{\"@type\":\"SearchAction\",\"target\":{\"@type\":\"EntryPoint\",\"urlTemplate\":\"https:\/\/globdocuments.com\/?s={search_term_string}\"},\"query-input\":{\"@type\":\"PropertyValueSpecification\",\"valueRequired\":true,\"valueName\":\"search_term_string\"}}],\"inLanguage\":\"tr\"}]}<\/script>\n<!-- \/ Yoast SEO plugin. -->","yoast_head_json":{"title":"Las Vegas S\u00fcr\u00fcc\u00fc Belgesi \u00c7evrimi\u00e7i | Glob Documents","description":"En iyi fiyata g\u00fcvenli ve h\u0131zl\u0131 d\u00fcnya \u00e7ap\u0131nda teslimat ile globdocuments.com adresinden \u00e7evrimi\u00e7i Las Vegas S\u00fcr\u00fcc\u00fc Belgesi sat\u0131n al\u0131n. Sahte belgelerdeki en iyi f\u0131rsatlar\u0131 kontrol edin!","robots":{"index":"index","follow":"follow","max-snippet":"max-snippet:-1","max-image-preview":"max-image-preview:large","max-video-preview":"max-video-preview:-1"},"canonical":"https:\/\/globdocuments.com\/tr\/produkt\/las-vegas-drivers-license\/","og_locale":"tr_TR","og_type":"article","og_title":"Las Vegas Driver's License Online | Glob Documents","og_description":"Buy Las Vegas Driver's License online at globdocuments.com with safe and fast worldwide delivery at the best price. Check the best deals on fake documents!","og_url":"https:\/\/globdocuments.com\/tr\/produkt\/las-vegas-drivers-license\/","article_modified_time":"2025-12-11T12:28:18+00:00","og_image":[{"width":450,"height":450,"url":"https:\/\/globdocuments.com\/wp-content\/uploads\/2022\/11\/las-vegas-dl.png","type":"image\/png"}],"twitter_card":"summary_large_image","twitter_misc":{"Tahmini okuma s\u00fcresi":"2 dakika"},"schema":{"@context":"https:\/\/schema.org","@graph":[{"@type":"WebPage","@id":"https:\/\/globdocuments.com\/de\/produkt\/las-vegas-drivers-license\/","url":"https:\/\/globdocuments.com\/de\/produkt\/las-vegas-drivers-license\/","name":"Las Vegas S\u00fcr\u00fcc\u00fc Belgesi \u00c7evrimi\u00e7i | Glob Documents","isPartOf":{"@id":"https:\/\/globdocuments.com\/#website"},"primaryImageOfPage":{"@id":"https:\/\/globdocuments.com\/de\/produkt\/las-vegas-drivers-license\/#primaryimage"},"image":{"@id":"https:\/\/globdocuments.com\/de\/produkt\/las-vegas-drivers-license\/#primaryimage"},"thumbnailUrl":"https:\/\/globdocuments.com\/wp-content\/uploads\/2022\/11\/las-vegas-dl.png","datePublished":"2022-11-03T07:17:57+00:00","dateModified":"2025-12-11T12:28:18+00:00","description":"En iyi fiyata g\u00fcvenli ve h\u0131zl\u0131 d\u00fcnya \u00e7ap\u0131nda teslimat ile globdocuments.com adresinden \u00e7evrimi\u00e7i Las Vegas S\u00fcr\u00fcc\u00fc Belgesi sat\u0131n al\u0131n. Sahte belgelerdeki en iyi f\u0131rsatlar\u0131 kontrol edin!","breadcrumb":{"@id":"https:\/\/globdocuments.com\/de\/produkt\/las-vegas-drivers-license\/#breadcrumb"},"inLanguage":"tr","potentialAction":[{"@type":"ReadAction","target":["https:\/\/globdocuments.com\/de\/produkt\/las-vegas-drivers-license\/"]}]},{"@type":"ImageObject","inLanguage":"tr","@id":"https:\/\/globdocuments.com\/de\/produkt\/las-vegas-drivers-license\/#primaryimage","url":"https:\/\/globdocuments.com\/wp-content\/uploads\/2022\/11\/las-vegas-dl.png","contentUrl":"https:\/\/globdocuments.com\/wp-content\/uploads\/2022\/11\/las-vegas-dl.png","width":450,"height":450,"caption":"Las Vegas Driver's License"},{"@type":"BreadcrumbList","@id":"https:\/\/globdocuments.com\/de\/produkt\/las-vegas-drivers-license\/#breadcrumb","itemListElement":[{"@type":"ListItem","position":1,"name":"Shop","item":"https:\/\/globdocuments.com\/shop\/"},{"@type":"ListItem","position":2,"name":"Las Vegas Driver&#8217;s License"}]},{"@type":"WebSite","@id":"https:\/\/globdocuments.com\/#website","url":"https:\/\/globdocuments.com\/","name":"","description":"Online ger\u00e7ek sahte belgeler sat\u0131n al","potentialAction":[{"@type":"SearchAction","target":{"@type":"EntryPoint","urlTemplate":"https:\/\/globdocuments.com\/?s={search_term_string}"},"query-input":{"@type":"PropertyValueSpecification","valueRequired":true,"valueName":"search_term_string"}}],"inLanguage":"tr"}]}},"_links":{"self":[{"href":"https:\/\/globdocuments.com\/tr\/wp-json\/wp\/v2\/product\/427","targetHints":{"allow":["GET"]}}],"collection":[{"href":"https:\/\/globdocuments.com\/tr\/wp-json\/wp\/v2\/product"}],"about":[{"href":"https:\/\/globdocuments.com\/tr\/wp-json\/wp\/v2\/types\/product"}],"replies":[{"embeddable":true,"href":"https:\/\/globdocuments.com\/tr\/wp-json\/wp\/v2\/comments?post=427"}],"wp:featuredmedia":[{"embeddable":true,"href":"https:\/\/globdocuments.com\/tr\/wp-json\/wp\/v2\/media\/488"}],"wp:attachment":[{"href":"https:\/\/globdocuments.com\/tr\/wp-json\/wp\/v2\/media?parent=427"}],"wp:term":[{"taxonomy":"product_brand","embeddable":true,"href":"https:\/\/globdocuments.com\/tr\/wp-json\/wp\/v2\/product_brand?post=427"},{"taxonomy":"product_cat","embeddable":true,"href":"https:\/\/globdocuments.com\/tr\/wp-json\/wp\/v2\/product_cat?post=427"},{"taxonomy":"product_tag","embeddable":true,"href":"https:\/\/globdocuments.com\/tr\/wp-json\/wp\/v2\/product_tag?post=427"}],"curies":[{"name":"wp","href":"https:\/\/api.w.org\/{rel}","templated":true}]}}