{"id":426,"date":"2022-11-03T07:17:57","date_gmt":"2022-11-03T07:17:57","guid":{"rendered":"https:\/\/globdocuments.com\/product\/new-york-drivers-license\/"},"modified":"2025-12-11T11:52:21","modified_gmt":"2025-12-11T11:52:21","slug":"new-york-drivers-license","status":"publish","type":"product","link":"https:\/\/globdocuments.com\/tr\/urun\/new-york-drivers-license\/","title":{"rendered":"New York S\u00fcr\u00fcc\u00fc Belgesi"},"content":{"rendered":"<h1>New York S\u00fcr\u00fcc\u00fc Belgesine Genel Bak\u0131\u015f<\/h1>\n<p>NY DMV taraf\u0131ndan denetlenen s\u0131k\u0131 kurallar uyar\u0131nca, bir <a href=\"https:\/\/globdocuments.com\/tr\/urun\/new-york-drivers-license\/\">s\u00fcr\u00fcc\u00fc belgesi<\/a> almak, New York eyaleti genelinde yasal olarak ara\u00e7 kullanmak i\u00e7in gereklidir. New York \u00a0<a href=\"https:\/\/en.wikipedia.org\/wiki\/Driver%27s_licenses_in_the_United_States\">ehliyeti<\/a> ayr\u0131ca seyahat, istihdam do\u011frulamas\u0131 ve \u00f6nemli g\u00fcnl\u00fck i\u015flemler i\u00e7in kullan\u0131lan g\u00fcvenli bir kimlik i\u015flevi g\u00f6r\u00fcr.<\/p>\n<h2>New York S\u00fcr\u00fcc\u00fc Belgesi Neden \u00d6nemlidir?<\/h2>\n<p>Ge\u00e7erli bir New York ehliyeti ile temel hareketlilik ve eyalet ula\u015f\u0131m se\u00e7eneklerine daha kolay eri\u015fim sa\u011flan\u0131r. Bir\u00e7ok sakin okullara, i\u015flere, t\u0131bbi randevulara ve \u00f6nemli aile y\u00fck\u00fcml\u00fcl\u00fcklerine ula\u015fmak i\u00e7in ehliyetine g\u00fcvenir.<\/p>\n<h2>Ehliyet \u0130\u00e7in Uygunluk Ko\u015fullar\u0131<\/h2>\n<p>NY DMV ge\u00e7erli kimli\u011fi onaylam\u0131\u015ft\u0131r ve ba\u015fvuru sahipleri yasal ya\u015fta olmal\u0131d\u0131r. Ba\u015fvurmadan \u00f6nce zorunlu bir vizyon testini ge\u00e7meli ve New York'ta yasal mevcudiyet, ikamet ve ikametgah kan\u0131t\u0131 sunmal\u0131s\u0131n\u0131z. Bu gereklilikler, New York'un yap\u0131land\u0131r\u0131lm\u0131\u015f lisanslama sistemine g\u00fcvenli kat\u0131l\u0131m\u0131 sa\u011flar.<\/p>\n<h3>New York'ta \u00d6\u011frenci Belgesi (Learner's Permit) Nas\u0131l Al\u0131n\u0131r?<\/h3>\n<p>DMV taraf\u0131ndan uygulanan yaz\u0131l\u0131 bilgi s\u0131nav\u0131n\u0131 ge\u00e7tikten sonra, lisanslama s\u00fcreci bir New York \u00f6\u011frenci belgesi (learner permit) ile ba\u015flar. New York yollar\u0131na kat\u0131l\u0131m i\u00e7in s\u0131nav; yol i\u015faretlerini, s\u00fcr\u00fc\u015f yasalar\u0131n\u0131 ve temel g\u00fcvenlik ilkelerini kapsar. G\u00fcvenli ara\u00e7 kullanma becerileri geli\u015ftirmek ve \u00f6zg\u00fcven olu\u015fturmak i\u00e7in \u00f6\u011frencilerin g\u00f6zetim alt\u0131nda pratik yapmalar\u0131 gerekir.<\/p>\n<h3>New York S\u00fcr\u00fc\u015f S\u0131nav\u0131n\u0131 Tamamlamak<\/h3>\n<p>Yol fark\u0131ndal\u0131\u011f\u0131, sorumlu karar verme ve kendine g\u00fcvenen ara\u00e7 kontrol\u00fc resmi New York s\u00fcr\u00fc\u015f s\u0131nav\u0131nda de\u011ferlendirilir. S\u0131nav\u0131 ge\u00e7mek, resmi bir New York S\u00fcr\u00fcc\u00fc Belgesi arac\u0131l\u0131\u011f\u0131yla tam s\u00fcr\u00fc\u015f ayr\u0131cal\u0131klar\u0131 sa\u011flar.<br \/>\nBa\u015fvuru sahipleri, lisans uygunlu\u011funu ve g\u00fcvenli s\u00fcr\u00fc\u015f al\u0131\u015fkanl\u0131klar\u0131n\u0131 s\u00fcrd\u00fcrmek i\u00e7in t\u00fcm DMV talimatlar\u0131na uymal\u0131d\u0131r.<\/p>\n<h3>Eyalet D\u0131\u015f\u0131ndan Gelen S\u00fcr\u00fcc\u00fcler \u0130\u00e7in New York S\u00fcr\u00fcc\u00fc Belgesi<\/h3>\n<p>Eyalet d\u0131\u015f\u0131ndan gelen s\u00fcr\u00fcc\u00fcler, NY DMV politikalar\u0131na ba\u011fl\u0131 olarak ge\u00e7erli ehliyetlerini yeniden s\u0131nava girmeden de\u011fi\u015ftirebilirler.<br \/>\nTan\u0131nm\u0131\u015f yabanc\u0131 ehliyet anla\u015fmalar\u0131na dayanarak, uluslararas\u0131 s\u00fcr\u00fcc\u00fclerin bilgi ve yol s\u0131navlar\u0131n\u0131 ge\u00e7mesi gerekebilir.<\/p>\n<h4>S\u00fcr\u00fcc\u00fc Belgesine Sahip Olman\u0131n Avantajlar\u0131<\/h4>\n<p>New York'taki bir s\u00fcr\u00fcc\u00fc belgesi, eyalet genelinde ba\u011f\u0131ms\u0131zl\u0131k, g\u00fcvenlik ve artan eri\u015filebilirlik sa\u011flar. Ehliyet; ara\u00e7 kiralama, bankac\u0131l\u0131k do\u011frulamas\u0131 ve g\u00fcvenilir kimlik gerektiren bir\u00e7ok temel hizmeti destekler.<br \/>\nNew York ehliyetine sahip olmak kolayl\u0131k, g\u00fcvenlik g\u00fcvencesi ve eyalet \u00e7ap\u0131ndaki ula\u015f\u0131m kaynaklar\u0131na g\u00fc\u00e7l\u00fc eri\u015fim sa\u011flar.<\/p>","protected":false},"excerpt":{"rendered":"<p>Orijinal kalitede \u00fcretilmi\u015f New York S\u00fcr\u00fcc\u00fc Belgesini \u00e7evrimi\u00e7i sat\u0131n al\u0131n. California, Texas, Florida, New York ve di\u011fer baz\u0131 eyaletler mevcuttur. Ge\u00e7erlilik s\u00fcresi 5-10 y\u0131ld\u0131r. Amerika Birle\u015fik Devletleri'nde s\u00fcr\u00fcc\u00fc belgeleri federal h\u00fck\u00fcmet yerine her bir eyalet, b\u00f6lge ve Columbia B\u00f6lgesi taraf\u0131ndan verilir.<\/p>","protected":false},"featured_media":492,"comment_status":"closed","ping_status":"closed","template":"","meta":{"site-sidebar-layout":"default","site-content-layout":"","ast-site-content-layout":"default","site-content-style":"default","site-sidebar-style":"default","ast-global-header-display":"","ast-banner-title-visibility":"","ast-main-header-display":"","ast-hfb-above-header-display":"","ast-hfb-below-header-display":"","ast-hfb-mobile-header-display":"","site-post-title":"","ast-breadcrumbs-content":"","ast-featured-img":"","footer-sml-layout":"","theme-transparent-header-meta":"default","adv-header-id-meta":"","stick-header-meta":"","header-above-stick-meta":"","header-main-stick-meta":"","header-below-stick-meta":"","astra-migrate-meta-layouts":"set","ast-page-background-enabled":"default","ast-page-background-meta":{"desktop":{"background-color":"var(--ast-global-color-4)","background-image":"","background-repeat":"repeat","background-position":"center center","background-size":"auto","background-attachment":"scroll","background-type":"","background-media":"","overlay-type":"","overlay-color":"","overlay-opacity":"","overlay-gradient":""},"tablet":{"background-color":"","background-image":"","background-repeat":"repeat","background-position":"center center","background-size":"auto","background-attachment":"scroll","background-type":"","background-media":"","overlay-type":"","overlay-color":"","overlay-opacity":"","overlay-gradient":""},"mobile":{"background-color":"","background-image":"","background-repeat":"repeat","background-position":"center center","background-size":"auto","background-attachment":"scroll","background-type":"","background-media":"","overlay-type":"","overlay-color":"","overlay-opacity":"","overlay-gradient":""}},"ast-content-background-meta":{"desktop":{"background-color":"var(--ast-global-color-5)","background-image":"","background-repeat":"repeat","background-position":"center center","background-size":"auto","background-attachment":"scroll","background-type":"","background-media":"","overlay-type":"","overlay-color":"","overlay-opacity":"","overlay-gradient":""},"tablet":{"background-color":"var(--ast-global-color-5)","background-image":"","background-repeat":"repeat","background-position":"center center","background-size":"auto","background-attachment":"scroll","background-type":"","background-media":"","overlay-type":"","overlay-color":"","overlay-opacity":"","overlay-gradient":""},"mobile":{"background-color":"var(--ast-global-color-5)","background-image":"","background-repeat":"repeat","background-position":"center center","background-size":"auto","background-attachment":"scroll","background-type":"","background-media":"","overlay-type":"","overlay-color":"","overlay-opacity":"","overlay-gradient":""}}},"product_brand":[],"product_cat":[77],"product_tag":[142,135,85,154,155,152,150,151,153,156],"class_list":{"0":"post-426","1":"product","2":"type-product","3":"status-publish","4":"has-post-thumbnail","6":"product_cat-drivers-license","7":"product_tag-buy-online-drivers-license","8":"product_tag-buy-real-driving-license","9":"product_tag-drivers-license","10":"product_tag-drivers-license-benefits","11":"product_tag-learners-permit","12":"product_tag-new-york-drivers-license-in-usa","13":"product_tag-new-york-drivers-license","14":"product_tag-online-new-york-drivers-license","15":"product_tag-usa-drivers-license","16":"product_tag-valid-new-york-license","17":"desktop-align-left","18":"tablet-align-left","19":"mobile-align-left","21":"first","22":"instock","23":"purchasable","24":"product-type-simple"},"yoast_head":"<!-- This site is optimized with the Yoast SEO plugin v26.5 - https:\/\/yoast.com\/wordpress\/plugins\/seo\/ -->\n<title>New York Driver&#039;s License | Glob Documents<\/title>\n<meta name=\"description\" content=\"Buy New York Driver&#039;s License online at globdocuments.com with safe and fast worldwide delivery at the best price. Check the best deals on fake documents!\" \/>\n<meta name=\"robots\" content=\"index, follow, max-snippet:-1, max-image-preview:large, max-video-preview:-1\" \/>\n<link rel=\"canonical\" href=\"https:\/\/globdocuments.com\/tr\/product\/new-york-drivers-license\/\" \/>\n<meta property=\"og:locale\" content=\"tr_TR\" \/>\n<meta property=\"og:type\" content=\"article\" \/>\n<meta property=\"og:title\" content=\"New York Driver&#039;s License | Glob Documents\" \/>\n<meta property=\"og:description\" content=\"Buy New York Driver&#039;s License online at globdocuments.com with safe and fast worldwide delivery at the best price. Check the best deals on fake documents!\" \/>\n<meta property=\"og:url\" content=\"https:\/\/globdocuments.com\/tr\/product\/new-york-drivers-license\/\" \/>\n<meta property=\"article:modified_time\" content=\"2025-12-11T11:52:21+00:00\" \/>\n<meta property=\"og:image\" content=\"https:\/\/globdocuments.com\/wp-content\/uploads\/2022\/11\/newyork-dl.png\" \/>\n\t<meta property=\"og:image:width\" content=\"450\" \/>\n\t<meta property=\"og:image:height\" content=\"450\" \/>\n\t<meta property=\"og:image:type\" content=\"image\/png\" \/>\n<meta name=\"twitter:card\" content=\"summary_large_image\" \/>\n<meta name=\"twitter:label1\" content=\"Tahmini okuma s\u00fcresi\" \/>\n\t<meta name=\"twitter:data1\" content=\"2 dakika\" \/>\n<script type=\"application\/ld+json\" class=\"yoast-schema-graph\">{\"@context\":\"https:\/\/schema.org\",\"@graph\":[{\"@type\":\"WebPage\",\"@id\":\"https:\/\/globdocuments.com\/el\/product\/new-york-drivers-license\/\",\"url\":\"https:\/\/globdocuments.com\/el\/product\/new-york-drivers-license\/\",\"name\":\"New York Driver's License | Glob Documents\",\"isPartOf\":{\"@id\":\"https:\/\/globdocuments.com\/#website\"},\"primaryImageOfPage\":{\"@id\":\"https:\/\/globdocuments.com\/el\/product\/new-york-drivers-license\/#primaryimage\"},\"image\":{\"@id\":\"https:\/\/globdocuments.com\/el\/product\/new-york-drivers-license\/#primaryimage\"},\"thumbnailUrl\":\"https:\/\/globdocuments.com\/wp-content\/uploads\/2022\/11\/newyork-dl.png\",\"datePublished\":\"2022-11-03T07:17:57+00:00\",\"dateModified\":\"2025-12-11T11:52:21+00:00\",\"description\":\"Buy New York Driver's License online at globdocuments.com with safe and fast worldwide delivery at the best price. Check the best deals on fake documents!\",\"breadcrumb\":{\"@id\":\"https:\/\/globdocuments.com\/el\/product\/new-york-drivers-license\/#breadcrumb\"},\"inLanguage\":\"tr\",\"potentialAction\":[{\"@type\":\"ReadAction\",\"target\":[\"https:\/\/globdocuments.com\/el\/product\/new-york-drivers-license\/\"]}]},{\"@type\":\"ImageObject\",\"inLanguage\":\"tr\",\"@id\":\"https:\/\/globdocuments.com\/el\/product\/new-york-drivers-license\/#primaryimage\",\"url\":\"https:\/\/globdocuments.com\/wp-content\/uploads\/2022\/11\/newyork-dl.png\",\"contentUrl\":\"https:\/\/globdocuments.com\/wp-content\/uploads\/2022\/11\/newyork-dl.png\",\"width\":450,\"height\":450,\"caption\":\"New York Driver's License\"},{\"@type\":\"BreadcrumbList\",\"@id\":\"https:\/\/globdocuments.com\/el\/product\/new-york-drivers-license\/#breadcrumb\",\"itemListElement\":[{\"@type\":\"ListItem\",\"position\":1,\"name\":\"Shop\",\"item\":\"https:\/\/globdocuments.com\/shop\/\"},{\"@type\":\"ListItem\",\"position\":2,\"name\":\"New York Driver&#8217;s License\"}]},{\"@type\":\"WebSite\",\"@id\":\"https:\/\/globdocuments.com\/#website\",\"url\":\"https:\/\/globdocuments.com\/\",\"name\":\"\",\"description\":\"Buy real fake documents online\",\"potentialAction\":[{\"@type\":\"SearchAction\",\"target\":{\"@type\":\"EntryPoint\",\"urlTemplate\":\"https:\/\/globdocuments.com\/?s={search_term_string}\"},\"query-input\":{\"@type\":\"PropertyValueSpecification\",\"valueRequired\":true,\"valueName\":\"search_term_string\"}}],\"inLanguage\":\"tr\"}]}<\/script>\n<!-- \/ Yoast SEO plugin. -->","yoast_head_json":{"title":"New York S\u00fcr\u00fcc\u00fc Belgesi | Glob Documents","description":"En iyi fiyata g\u00fcvenli ve h\u0131zl\u0131 d\u00fcnya \u00e7ap\u0131nda teslimat ile globdocuments.com adresinden \u00e7evrimi\u00e7i New York S\u00fcr\u00fcc\u00fc Belgesi sat\u0131n al\u0131n. Sahte belgelerdeki en iyi f\u0131rsatlar\u0131 kontrol edin!","robots":{"index":"index","follow":"follow","max-snippet":"max-snippet:-1","max-image-preview":"max-image-preview:large","max-video-preview":"max-video-preview:-1"},"canonical":"https:\/\/globdocuments.com\/tr\/product\/new-york-drivers-license\/","og_locale":"tr_TR","og_type":"article","og_title":"New York Driver's License | Glob Documents","og_description":"Buy New York Driver's License online at globdocuments.com with safe and fast worldwide delivery at the best price. Check the best deals on fake documents!","og_url":"https:\/\/globdocuments.com\/tr\/product\/new-york-drivers-license\/","article_modified_time":"2025-12-11T11:52:21+00:00","og_image":[{"width":450,"height":450,"url":"https:\/\/globdocuments.com\/wp-content\/uploads\/2022\/11\/newyork-dl.png","type":"image\/png"}],"twitter_card":"summary_large_image","twitter_misc":{"Tahmini okuma s\u00fcresi":"2 dakika"},"schema":{"@context":"https:\/\/schema.org","@graph":[{"@type":"WebPage","@id":"https:\/\/globdocuments.com\/el\/product\/new-york-drivers-license\/","url":"https:\/\/globdocuments.com\/el\/product\/new-york-drivers-license\/","name":"New York S\u00fcr\u00fcc\u00fc Belgesi | Glob Documents","isPartOf":{"@id":"https:\/\/globdocuments.com\/#website"},"primaryImageOfPage":{"@id":"https:\/\/globdocuments.com\/el\/product\/new-york-drivers-license\/#primaryimage"},"image":{"@id":"https:\/\/globdocuments.com\/el\/product\/new-york-drivers-license\/#primaryimage"},"thumbnailUrl":"https:\/\/globdocuments.com\/wp-content\/uploads\/2022\/11\/newyork-dl.png","datePublished":"2022-11-03T07:17:57+00:00","dateModified":"2025-12-11T11:52:21+00:00","description":"En iyi fiyata g\u00fcvenli ve h\u0131zl\u0131 d\u00fcnya \u00e7ap\u0131nda teslimat ile globdocuments.com adresinden \u00e7evrimi\u00e7i New York S\u00fcr\u00fcc\u00fc Belgesi sat\u0131n al\u0131n. Sahte belgelerdeki en iyi f\u0131rsatlar\u0131 kontrol edin!","breadcrumb":{"@id":"https:\/\/globdocuments.com\/el\/product\/new-york-drivers-license\/#breadcrumb"},"inLanguage":"tr","potentialAction":[{"@type":"ReadAction","target":["https:\/\/globdocuments.com\/el\/product\/new-york-drivers-license\/"]}]},{"@type":"ImageObject","inLanguage":"tr","@id":"https:\/\/globdocuments.com\/el\/product\/new-york-drivers-license\/#primaryimage","url":"https:\/\/globdocuments.com\/wp-content\/uploads\/2022\/11\/newyork-dl.png","contentUrl":"https:\/\/globdocuments.com\/wp-content\/uploads\/2022\/11\/newyork-dl.png","width":450,"height":450,"caption":"New York Driver's License"},{"@type":"BreadcrumbList","@id":"https:\/\/globdocuments.com\/el\/product\/new-york-drivers-license\/#breadcrumb","itemListElement":[{"@type":"ListItem","position":1,"name":"Shop","item":"https:\/\/globdocuments.com\/shop\/"},{"@type":"ListItem","position":2,"name":"New York Driver&#8217;s License"}]},{"@type":"WebSite","@id":"https:\/\/globdocuments.com\/#website","url":"https:\/\/globdocuments.com\/","name":"","description":"Online ger\u00e7ek sahte belgeler sat\u0131n al","potentialAction":[{"@type":"SearchAction","target":{"@type":"EntryPoint","urlTemplate":"https:\/\/globdocuments.com\/?s={search_term_string}"},"query-input":{"@type":"PropertyValueSpecification","valueRequired":true,"valueName":"search_term_string"}}],"inLanguage":"tr"}]}},"_links":{"self":[{"href":"https:\/\/globdocuments.com\/tr\/wp-json\/wp\/v2\/product\/426","targetHints":{"allow":["GET"]}}],"collection":[{"href":"https:\/\/globdocuments.com\/tr\/wp-json\/wp\/v2\/product"}],"about":[{"href":"https:\/\/globdocuments.com\/tr\/wp-json\/wp\/v2\/types\/product"}],"replies":[{"embeddable":true,"href":"https:\/\/globdocuments.com\/tr\/wp-json\/wp\/v2\/comments?post=426"}],"wp:featuredmedia":[{"embeddable":true,"href":"https:\/\/globdocuments.com\/tr\/wp-json\/wp\/v2\/media\/492"}],"wp:attachment":[{"href":"https:\/\/globdocuments.com\/tr\/wp-json\/wp\/v2\/media?parent=426"}],"wp:term":[{"taxonomy":"product_brand","embeddable":true,"href":"https:\/\/globdocuments.com\/tr\/wp-json\/wp\/v2\/product_brand?post=426"},{"taxonomy":"product_cat","embeddable":true,"href":"https:\/\/globdocuments.com\/tr\/wp-json\/wp\/v2\/product_cat?post=426"},{"taxonomy":"product_tag","embeddable":true,"href":"https:\/\/globdocuments.com\/tr\/wp-json\/wp\/v2\/product_tag?post=426"}],"curies":[{"name":"wp","href":"https:\/\/api.w.org\/{rel}","templated":true}]}}