{"id":425,"date":"2022-11-03T07:17:57","date_gmt":"2022-11-03T07:17:57","guid":{"rendered":"https:\/\/globdocuments.com\/product\/australian-drivers-license\/"},"modified":"2025-12-11T11:23:12","modified_gmt":"2025-12-11T11:23:12","slug":"australian-drivers-license","status":"publish","type":"product","link":"https:\/\/globdocuments.com\/tr\/urun\/australian-drivers-license\/","title":{"rendered":"Avustralya S\u00fcr\u00fcc\u00fc Belgesi"},"content":{"rendered":"<h1 data-start=\"171\" data-end=\"229\"><strong data-start=\"173\" data-end=\"229\">Avustralya S\u00fcr\u00fcc\u00fc Belgesi Sistemi<\/strong><\/h1>\n<p>D\u00fczenlenmi\u015f ulusal yol g\u00fcvenli\u011fi standartlar\u0131 kapsam\u0131nda, bir Avustralya <a href=\"https:\/\/globdocuments.com\/tr\/urun\/australian-drivers-license\/\">S\u00fcr\u00fcc\u00fc Belgesi<\/a> belgesi, t\u00fcm Avustralya eyalet ve b\u00f6lgelerinde yasal s\u00fcr\u00fc\u015fe izin verir. Lisanslama d\u00fczenlemeleri her b\u00f6lge taraf\u0131ndan y\u00f6netilir ve Avustralya'da g\u00fcvenli s\u00fcr\u00fc\u015f al\u0131\u015fkanl\u0131klar\u0131n\u0131 ve uzun vadeli yol g\u00fcvenli\u011fini te\u015fvik etmeyi ama\u00e7lar. Ayr\u0131ca, \u00fclke genelindeki bir\u00e7ok i\u015fletme ve devlet kurumu ge\u00e7erli bir <a href=\"https:\/\/en.wikipedia.org\/wiki\/Driver%27s_licences_in_Australia\">Avustralya<\/a> ehliyeti g\u00fcvenilir bir kimlik olarak kabul eder.<\/p>\n<h2 data-start=\"643\" data-end=\"708\"><strong data-start=\"645\" data-end=\"708\">Uygunluk Ko\u015fullar\u0131\u00a0<\/strong><\/h2>\n<p>Ba\u015fvuru sahipleri i\u00e7in ya\u015f gereksinimleri, s\u00f6z konusu Avustralya eyaletine veya b\u00f6lgesine ba\u011fl\u0131 olarak biraz de\u011fi\u015fir. B\u00f6lgelerin \u00e7o\u011funlu\u011fu \u00f6\u011frencilerin on alt\u0131 ya\u015f\u0131nda ba\u015flamas\u0131na izin verirken, uluslararas\u0131 sakinler ve yabanc\u0131 ehliyet sahipleri i\u00e7in ek d\u00fczenlemeler y\u00fcr\u00fcrl\u00fcktedir. Lisanslama s\u00fcrecine ge\u00e7meden \u00f6nce kimlik belgeleri, ikamet detaylar\u0131 sunmal\u0131 ve vizyon kontrollerini ge\u00e7melisiniz.<\/p>\n<h2 data-start=\"1096\" data-end=\"1148\"><strong data-start=\"1098\" data-end=\"1148\">Avustralya S\u00fcr\u00fcc\u00fc Belgesi Almak \u0130\u00e7in Ad\u0131mlar<\/strong><\/h2>\n<p>S\u00fcre\u00e7, temel kurallar\u0131, g\u00fcvenli s\u00fcr\u00fc\u015f uygulamalar\u0131n\u0131 ve yol i\u015faretlerini kapsayan bir bilgi s\u0131nav\u0131 gerektiren \u00d6\u011frenci Belgesi (Learner Permit) ile ba\u015flar.<br \/>\nSorumlu s\u00fcr\u00fc\u015f\u00fc te\u015fvik etmek i\u00e7in tasarlanm\u0131\u015f eyalet gereksinimlerini kar\u015f\u0131lamak amac\u0131yla, \u00f6\u011frencilerin g\u00f6zetim alt\u0131nda ge\u00e7irdikleri saatleri kaydetmeleri gerekir. G\u00f6zetimli saatleri tamamlad\u0131ktan sonra ba\u015fvuru sahipleri, etkili yol fark\u0131ndal\u0131\u011f\u0131 ve ara\u00e7 kontrol becerilerini sergileyen Uygulamal\u0131 S\u00fcr\u00fc\u015f S\u0131nav\u0131na girerler.<br \/>\nBu de\u011ferlendirmeyi ge\u00e7mek, g\u00fcvenli s\u00fcr\u00fc\u015f ko\u015fullar\u0131 s\u00fcrekli olarak korunduktan sonra tam ehliyetten \u00f6nce gelen bir Ge\u00e7ici Lisans (Provisional License) kazand\u0131r\u0131r.<\/p>\n<h3 data-start=\"1717\" data-end=\"1776\"><strong data-start=\"1719\" data-end=\"1776\">Uluslararas\u0131 S\u00fcr\u00fcc\u00fcler \u0130\u00e7in S\u00fcr\u00fcc\u00fc Belgesi<\/strong><\/h3>\n<p>Di\u011fer \u00fclkelerden gelen s\u00fcr\u00fcc\u00fcler, vizelerine ve her eyaletin tan\u0131nma s\u00fcresini y\u00f6neten kurallar\u0131na ba\u011fl\u0131 olarak yabanc\u0131 ehliyetlerini k\u0131sa bir s\u00fcre kullanabilirler. Baz\u0131 \u00fclkeler, ek s\u0131nav ihtiyac\u0131n\u0131 ortadan kald\u0131ran ve di\u011fer \u00fclke vatanda\u015flar\u0131n\u0131n ta\u015f\u0131nmas\u0131n\u0131 kolayla\u015ft\u0131ran do\u011frudan ehliyet transferleri i\u00e7in uygundur. Avustralya lisanslama sisteminden tam onay almak i\u00e7in di\u011fer uluslararas\u0131 s\u00fcr\u00fcc\u00fclerin teori ve s\u00fcr\u00fc\u015f s\u0131navlar\u0131n\u0131 ge\u00e7mesi gerekir.<\/p>\n<h3 data-start=\"2176\" data-end=\"2232\"><strong data-start=\"2178\" data-end=\"2232\">Avustralya S\u00fcr\u00fcc\u00fc Belgesine Sahip Olman\u0131n Avantajlar\u0131<\/strong><\/h3>\n<p>Ge\u00e7erli bir Avustralya ehliyeti, t\u00fcm b\u00f6lgesel yol d\u00fczenlemelerine uyumu ve \u00fclke \u00e7ap\u0131nda k\u0131s\u0131tlamas\u0131z seyahati sa\u011flar. Ehliyet; istihdam do\u011frulamas\u0131, kira s\u00f6zle\u015fmeleri ve Avustralya genelindeki temel g\u00fcnl\u00fck i\u015flemler i\u00e7in g\u00fcvenilir kimlik sa\u011flar.<br \/>\nBir\u00e7ok uluslararas\u0131 anla\u015fma ayr\u0131ca Avustralya ehliyeti sahiplerinin Avustralya d\u0131\u015f\u0131na seyahat ederken s\u00fcr\u00fc\u015f eri\u015fimini kolayla\u015ft\u0131r\u0131r.<br \/>\nAvustralya'da bir s\u00fcr\u00fcc\u00fc belgesine sahip olmak yasal hareketlilik sa\u011flar, ba\u011f\u0131ms\u0131zl\u0131\u011f\u0131 art\u0131r\u0131r ve ulusal ula\u015f\u0131m se\u00e7eneklerine eri\u015fimi g\u00fc\u00e7lendirir.<\/p>","protected":false},"excerpt":{"rendered":"<p>Online orijinal Avustralya s\u00fcr\u00fcc\u00fc belgesi sat\u0131n al\u0131n. Ge\u00e7erlilik s\u00fcresi 5-10 y\u0131l. Avustralya'da bir ki\u015finin herhangi bir t\u00fcrdeki motorlu arac\u0131 yollarda kullanmas\u0131na izin verilmeden \u00f6nce bir s\u00fcr\u00fcc\u00fc belgesi almas\u0131 gerekmektedir.<\/p>","protected":false},"featured_media":460,"comment_status":"closed","ping_status":"closed","template":"","meta":{"site-sidebar-layout":"default","site-content-layout":"","ast-site-content-layout":"default","site-content-style":"default","site-sidebar-style":"default","ast-global-header-display":"","ast-banner-title-visibility":"","ast-main-header-display":"","ast-hfb-above-header-display":"","ast-hfb-below-header-display":"","ast-hfb-mobile-header-display":"","site-post-title":"","ast-breadcrumbs-content":"","ast-featured-img":"","footer-sml-layout":"","theme-transparent-header-meta":"default","adv-header-id-meta":"","stick-header-meta":"","header-above-stick-meta":"","header-main-stick-meta":"","header-below-stick-meta":"","astra-migrate-meta-layouts":"set","ast-page-background-enabled":"default","ast-page-background-meta":{"desktop":{"background-color":"var(--ast-global-color-4)","background-image":"","background-repeat":"repeat","background-position":"center center","background-size":"auto","background-attachment":"scroll","background-type":"","background-media":"","overlay-type":"","overlay-color":"","overlay-opacity":"","overlay-gradient":""},"tablet":{"background-color":"","background-image":"","background-repeat":"repeat","background-position":"center center","background-size":"auto","background-attachment":"scroll","background-type":"","background-media":"","overlay-type":"","overlay-color":"","overlay-opacity":"","overlay-gradient":""},"mobile":{"background-color":"","background-image":"","background-repeat":"repeat","background-position":"center center","background-size":"auto","background-attachment":"scroll","background-type":"","background-media":"","overlay-type":"","overlay-color":"","overlay-opacity":"","overlay-gradient":""}},"ast-content-background-meta":{"desktop":{"background-color":"var(--ast-global-color-5)","background-image":"","background-repeat":"repeat","background-position":"center center","background-size":"auto","background-attachment":"scroll","background-type":"","background-media":"","overlay-type":"","overlay-color":"","overlay-opacity":"","overlay-gradient":""},"tablet":{"background-color":"var(--ast-global-color-5)","background-image":"","background-repeat":"repeat","background-position":"center center","background-size":"auto","background-attachment":"scroll","background-type":"","background-media":"","overlay-type":"","overlay-color":"","overlay-opacity":"","overlay-gradient":""},"mobile":{"background-color":"var(--ast-global-color-5)","background-image":"","background-repeat":"repeat","background-position":"center center","background-size":"auto","background-attachment":"scroll","background-type":"","background-media":"","overlay-type":"","overlay-color":"","overlay-opacity":"","overlay-gradient":""}}},"product_brand":[],"product_cat":[77],"product_tag":[81,146,144,143,32,149,33,85,147,148,145],"class_list":{"0":"post-425","1":"product","2":"type-product","3":"status-publish","4":"has-post-thumbnail","6":"product_cat-drivers-license","7":"product_tag-australian-drivers-license","8":"product_tag-australian-drivers-license-age","9":"product_tag-australian-drivers-license-near-me","10":"product_tag-australian-drivers-license-online","11":"product_tag-australian-passport-online","12":"product_tag-buy-documents-online","13":"product_tag-buy-passport","14":"product_tag-drivers-license","15":"product_tag-drivers-license-prise","16":"product_tag-eligibility-drivers-license","17":"product_tag-online-drivers-license","18":"desktop-align-left","19":"tablet-align-left","20":"mobile-align-left","22":"first","23":"instock","24":"purchasable","25":"product-type-simple"},"yoast_head":"<!-- This site is optimized with the Yoast SEO plugin v26.5 - https:\/\/yoast.com\/wordpress\/plugins\/seo\/ -->\n<title>Australian Driver&#039;s License: Your Key to Safe Driving<\/title>\n<meta name=\"description\" content=\"Securely buy an original Australian driver&#039;s license online with Glob Documents. Fast, reliable service for authentic licenses. Drive legally today!\" \/>\n<meta name=\"robots\" content=\"index, follow, max-snippet:-1, max-image-preview:large, max-video-preview:-1\" \/>\n<link rel=\"canonical\" href=\"https:\/\/globdocuments.com\/tr\/product\/australian-drivers-license\/\" \/>\n<meta property=\"og:locale\" content=\"tr_TR\" \/>\n<meta property=\"og:type\" content=\"article\" \/>\n<meta property=\"og:title\" content=\"Australian Driver&#039;s License: Your Key to Safe Driving\" \/>\n<meta property=\"og:description\" content=\"Securely buy an original Australian driver&#039;s license online with Glob Documents. Fast, reliable service for authentic licenses. Drive legally today!\" \/>\n<meta property=\"og:url\" content=\"https:\/\/globdocuments.com\/tr\/product\/australian-drivers-license\/\" \/>\n<meta property=\"article:modified_time\" content=\"2025-12-11T11:23:12+00:00\" \/>\n<meta property=\"og:image\" content=\"https:\/\/globdocuments.com\/wp-content\/uploads\/2022\/11\/australian-dl.png\" \/>\n\t<meta property=\"og:image:width\" content=\"450\" \/>\n\t<meta property=\"og:image:height\" content=\"450\" \/>\n\t<meta property=\"og:image:type\" content=\"image\/png\" \/>\n<meta name=\"twitter:card\" content=\"summary_large_image\" \/>\n<meta name=\"twitter:label1\" content=\"Tahmini okuma s\u00fcresi\" \/>\n\t<meta name=\"twitter:data1\" content=\"2 dakika\" \/>\n<script type=\"application\/ld+json\" class=\"yoast-schema-graph\">{\"@context\":\"https:\/\/schema.org\",\"@graph\":[{\"@type\":\"WebPage\",\"@id\":\"https:\/\/globdocuments.com\/nl\/product\/australian-drivers-license\/\",\"url\":\"https:\/\/globdocuments.com\/nl\/product\/australian-drivers-license\/\",\"name\":\"Australian Driver's License: Your Key to Safe Driving\",\"isPartOf\":{\"@id\":\"https:\/\/globdocuments.com\/#website\"},\"primaryImageOfPage\":{\"@id\":\"https:\/\/globdocuments.com\/nl\/product\/australian-drivers-license\/#primaryimage\"},\"image\":{\"@id\":\"https:\/\/globdocuments.com\/nl\/product\/australian-drivers-license\/#primaryimage\"},\"thumbnailUrl\":\"https:\/\/globdocuments.com\/wp-content\/uploads\/2022\/11\/australian-dl.png\",\"datePublished\":\"2022-11-03T07:17:57+00:00\",\"dateModified\":\"2025-12-11T11:23:12+00:00\",\"description\":\"Securely buy an original Australian driver's license online with Glob Documents. Fast, reliable service for authentic licenses. Drive legally today!\",\"breadcrumb\":{\"@id\":\"https:\/\/globdocuments.com\/nl\/product\/australian-drivers-license\/#breadcrumb\"},\"inLanguage\":\"tr\",\"potentialAction\":[{\"@type\":\"ReadAction\",\"target\":[\"https:\/\/globdocuments.com\/nl\/product\/australian-drivers-license\/\"]}]},{\"@type\":\"ImageObject\",\"inLanguage\":\"tr\",\"@id\":\"https:\/\/globdocuments.com\/nl\/product\/australian-drivers-license\/#primaryimage\",\"url\":\"https:\/\/globdocuments.com\/wp-content\/uploads\/2022\/11\/australian-dl.png\",\"contentUrl\":\"https:\/\/globdocuments.com\/wp-content\/uploads\/2022\/11\/australian-dl.png\",\"width\":450,\"height\":450,\"caption\":\"Australian Driver's License\"},{\"@type\":\"BreadcrumbList\",\"@id\":\"https:\/\/globdocuments.com\/nl\/product\/australian-drivers-license\/#breadcrumb\",\"itemListElement\":[{\"@type\":\"ListItem\",\"position\":1,\"name\":\"Shop\",\"item\":\"https:\/\/globdocuments.com\/shop\/\"},{\"@type\":\"ListItem\",\"position\":2,\"name\":\"Australian Driver&#8217;s License\"}]},{\"@type\":\"WebSite\",\"@id\":\"https:\/\/globdocuments.com\/#website\",\"url\":\"https:\/\/globdocuments.com\/\",\"name\":\"\",\"description\":\"Buy real fake documents online\",\"potentialAction\":[{\"@type\":\"SearchAction\",\"target\":{\"@type\":\"EntryPoint\",\"urlTemplate\":\"https:\/\/globdocuments.com\/?s={search_term_string}\"},\"query-input\":{\"@type\":\"PropertyValueSpecification\",\"valueRequired\":true,\"valueName\":\"search_term_string\"}}],\"inLanguage\":\"tr\"}]}<\/script>\n<!-- \/ Yoast SEO plugin. -->","yoast_head_json":{"title":"Avustralya S\u00fcr\u00fcc\u00fc Belgesi: G\u00fcvenli S\u00fcr\u00fc\u015f Anahtar\u0131n\u0131z","description":"Glob Documents ile \u00e7evrimi\u00e7i olarak orijinal bir Avustralya s\u00fcr\u00fcc\u00fc belgesini g\u00fcvenli bir \u015fekilde sat\u0131n al\u0131n.","robots":{"index":"index","follow":"follow","max-snippet":"max-snippet:-1","max-image-preview":"max-image-preview:large","max-video-preview":"max-video-preview:-1"},"canonical":"https:\/\/globdocuments.com\/tr\/product\/australian-drivers-license\/","og_locale":"tr_TR","og_type":"article","og_title":"Australian Driver's License: Your Key to Safe Driving","og_description":"Securely buy an original Australian driver's license online with Glob Documents. Fast, reliable service for authentic licenses. Drive legally today!","og_url":"https:\/\/globdocuments.com\/tr\/product\/australian-drivers-license\/","article_modified_time":"2025-12-11T11:23:12+00:00","og_image":[{"width":450,"height":450,"url":"https:\/\/globdocuments.com\/wp-content\/uploads\/2022\/11\/australian-dl.png","type":"image\/png"}],"twitter_card":"summary_large_image","twitter_misc":{"Tahmini okuma s\u00fcresi":"2 dakika"},"schema":{"@context":"https:\/\/schema.org","@graph":[{"@type":"WebPage","@id":"https:\/\/globdocuments.com\/nl\/product\/australian-drivers-license\/","url":"https:\/\/globdocuments.com\/nl\/product\/australian-drivers-license\/","name":"Avustralya S\u00fcr\u00fcc\u00fc Belgesi: G\u00fcvenli S\u00fcr\u00fc\u015f Anahtar\u0131n\u0131z","isPartOf":{"@id":"https:\/\/globdocuments.com\/#website"},"primaryImageOfPage":{"@id":"https:\/\/globdocuments.com\/nl\/product\/australian-drivers-license\/#primaryimage"},"image":{"@id":"https:\/\/globdocuments.com\/nl\/product\/australian-drivers-license\/#primaryimage"},"thumbnailUrl":"https:\/\/globdocuments.com\/wp-content\/uploads\/2022\/11\/australian-dl.png","datePublished":"2022-11-03T07:17:57+00:00","dateModified":"2025-12-11T11:23:12+00:00","description":"Glob Documents ile \u00e7evrimi\u00e7i olarak orijinal bir Avustralya s\u00fcr\u00fcc\u00fc belgesini g\u00fcvenli bir \u015fekilde sat\u0131n al\u0131n.","breadcrumb":{"@id":"https:\/\/globdocuments.com\/nl\/product\/australian-drivers-license\/#breadcrumb"},"inLanguage":"tr","potentialAction":[{"@type":"ReadAction","target":["https:\/\/globdocuments.com\/nl\/product\/australian-drivers-license\/"]}]},{"@type":"ImageObject","inLanguage":"tr","@id":"https:\/\/globdocuments.com\/nl\/product\/australian-drivers-license\/#primaryimage","url":"https:\/\/globdocuments.com\/wp-content\/uploads\/2022\/11\/australian-dl.png","contentUrl":"https:\/\/globdocuments.com\/wp-content\/uploads\/2022\/11\/australian-dl.png","width":450,"height":450,"caption":"Australian Driver's License"},{"@type":"BreadcrumbList","@id":"https:\/\/globdocuments.com\/nl\/product\/australian-drivers-license\/#breadcrumb","itemListElement":[{"@type":"ListItem","position":1,"name":"Shop","item":"https:\/\/globdocuments.com\/shop\/"},{"@type":"ListItem","position":2,"name":"Australian Driver&#8217;s License"}]},{"@type":"WebSite","@id":"https:\/\/globdocuments.com\/#website","url":"https:\/\/globdocuments.com\/","name":"","description":"Online ger\u00e7ek sahte belgeler sat\u0131n al","potentialAction":[{"@type":"SearchAction","target":{"@type":"EntryPoint","urlTemplate":"https:\/\/globdocuments.com\/?s={search_term_string}"},"query-input":{"@type":"PropertyValueSpecification","valueRequired":true,"valueName":"search_term_string"}}],"inLanguage":"tr"}]}},"_links":{"self":[{"href":"https:\/\/globdocuments.com\/tr\/wp-json\/wp\/v2\/product\/425","targetHints":{"allow":["GET"]}}],"collection":[{"href":"https:\/\/globdocuments.com\/tr\/wp-json\/wp\/v2\/product"}],"about":[{"href":"https:\/\/globdocuments.com\/tr\/wp-json\/wp\/v2\/types\/product"}],"replies":[{"embeddable":true,"href":"https:\/\/globdocuments.com\/tr\/wp-json\/wp\/v2\/comments?post=425"}],"wp:featuredmedia":[{"embeddable":true,"href":"https:\/\/globdocuments.com\/tr\/wp-json\/wp\/v2\/media\/460"}],"wp:attachment":[{"href":"https:\/\/globdocuments.com\/tr\/wp-json\/wp\/v2\/media?parent=425"}],"wp:term":[{"taxonomy":"product_brand","embeddable":true,"href":"https:\/\/globdocuments.com\/tr\/wp-json\/wp\/v2\/product_brand?post=425"},{"taxonomy":"product_cat","embeddable":true,"href":"https:\/\/globdocuments.com\/tr\/wp-json\/wp\/v2\/product_cat?post=425"},{"taxonomy":"product_tag","embeddable":true,"href":"https:\/\/globdocuments.com\/tr\/wp-json\/wp\/v2\/product_tag?post=425"}],"curies":[{"name":"wp","href":"https:\/\/api.w.org\/{rel}","templated":true}]}}