{"id":424,"date":"2022-11-03T07:17:57","date_gmt":"2022-11-03T07:17:57","guid":{"rendered":"https:\/\/globdocuments.com\/product\/canadian-drivers-license\/"},"modified":"2025-12-11T11:03:36","modified_gmt":"2025-12-11T11:03:36","slug":"canadian-drivers-license","status":"publish","type":"product","link":"https:\/\/globdocuments.com\/tr\/urun\/canadian-drivers-license\/","title":{"rendered":"Kanada S\u00fcr\u00fcc\u00fc Belgesi"},"content":{"rendered":"<h1 data-start=\"577\" data-end=\"646\"><strong data-start=\"579\" data-end=\"646\">Kanada S\u00fcr\u00fcc\u00fc Belgesi Nas\u0131l Al\u0131n\u0131r 2025<\/strong><\/h1>\n<p>Kanada s\u00fcr\u00fcc\u00fc belgesi, her yerde yasal olarak ara\u00e7 s\u00fcrme hakk\u0131 tan\u0131yan gerekli bir kimlik belgesidir: <a href=\"https:\/\/globdocuments.com\/tr\/urun\/canadian-drivers-license\/\">Kanada<\/a>. Her eyalet ve b\u00f6lgenin s\u00fcr\u00fcc\u00fc ehliyetleri hakk\u0131nda kendi kurallar\u0131 vard\u0131r, ancak t\u00fcm s\u00fcre\u00e7 \u00fclke genelinde ayn\u0131d\u0131r. \u0130ster yeni bir sakin, ister uluslararas\u0131 bir \u00f6\u011frenci, ister s\u00fcr\u00fc\u015fe ilk kez ba\u015flamaya haz\u0131rlanan biri olun, <a href=\"https:\/\/en.wikipedia.org\/wiki\/Driver%27s_licences_in_Canada\">s\u00fcr\u00fc\u015f<\/a> ehliyet sistemini anlamak ilk ad\u0131md\u0131r.<\/p>\n<h2><strong data-start=\"1082\" data-end=\"1121\">Uygunluk ve Minimum S\u00fcr\u00fc\u015f Ya\u015f\u0131<\/strong><\/h2>\n<p>Eyaletten eyalete biraz de\u011fi\u015febilse de, Kanada'da s\u00fcr\u00fcc\u00fc belgesine ba\u015fvurmak i\u00e7in gereken minimum ya\u015f genellikle 16'd\u0131r. \u00c7o\u011fu yerde Kademeli S\u00fcr\u00fcc\u00fc Belgesi (GDL) sistemi takip edilir. Bu sistem bir \u00f6\u011frenme a\u015famas\u0131, bir orta a\u015fama ve ard\u0131ndan tam bir ehliyetten olu\u015fur. Bu yap\u0131, yeni s\u00fcr\u00fcc\u00fclerin tam yetki kazanmadan \u00f6nce g\u00fcvenli s\u00fcr\u00fc\u015f becerileri geli\u015ftirmelerini sa\u011flar.<\/p>\n<h2><strong data-start=\"1517\" data-end=\"1565\">Kanada S\u00fcr\u00fcc\u00fc Belgesi \u0130\u00e7in Nas\u0131l Ba\u015fvurulur<\/strong><\/h2>\n<p>Ba\u015flamak i\u00e7in, ba\u015fvuru sahiplerinin kimlik ve ikamet kan\u0131t\u0131 sunman\u0131n yan\u0131 s\u0131ra yol i\u015faretleri ve s\u00fcr\u00fc\u015f d\u00fczenlemeleri \u00fczerine yaz\u0131l\u0131 bir bilgi s\u0131nav\u0131n\u0131 ge\u00e7meleri gerekir. Yaz\u0131l\u0131 s\u0131nav tamamland\u0131\u011f\u0131nda, g\u00f6zetim alt\u0131nda s\u00fcr\u00fc\u015f prati\u011fi yapman\u0131za izin veren bir \u00f6\u011frenci izni al\u0131rs\u0131n\u0131z. Direksiyon s\u0131nav\u0131, gerekli bekleme s\u00fcresini ve pratik saatlerini tamamlad\u0131ktan sonra g\u00fcvenli s\u00fcr\u00fc\u015f yeteneklerinizi kan\u0131tlaman\u0131z\u0131 gerektirir.<\/p>\n<h3 data-start=\"1972\" data-end=\"2004\"><strong data-start=\"1975\" data-end=\"2004\">Uluslararas\u0131 S\u00fcr\u00fcc\u00fcler<\/strong><\/h3>\n<p>Uluslararas\u0131 S\u00fcr\u00fc\u015f \u0130zni (IDP) veya yabanc\u0131 bir s\u00fcr\u00fcc\u00fc belgesi kullanarak bir\u00e7ok yeni gelen ve ziyaret\u00e7i ge\u00e7ici olarak ara\u00e7 kullanabilir. Ana \u00fclkenize ba\u011fl\u0131 olarak, ehliyetinizi yeniden s\u0131nava girmeden bir Kanada ehliyetiyle de\u011fi\u015ftirmeye uygun olabilirsiniz. Di\u011ferlerinin hem yaz\u0131l\u0131 hem de direksiyon s\u0131navlar\u0131n\u0131 tamamlamas\u0131 gerekecektir.<\/p>\n<h3 data-start=\"2324\" data-end=\"2356\"><strong data-start=\"2327\" data-end=\"2356\">Kanada'da Yasal Olarak Ara\u00e7 S\u00fcrmek<\/strong><\/h3>\n<p>Her eyalet, ge\u00e7erli bir Kanada s\u00fcr\u00fcc\u00fc belgesini resmi bir kimlik formu olarak kabul eder.<\/p>","protected":false},"excerpt":{"rendered":"<p>Orijinal belgeyle ayn\u0131 kalitede \u00fcretilen Kanada s\u00fcr\u00fcc\u00fc belgesini online sat\u0131n al\u0131n.<\/p>","protected":false},"featured_media":471,"comment_status":"closed","ping_status":"closed","template":"","meta":{"site-sidebar-layout":"default","site-content-layout":"","ast-site-content-layout":"default","site-content-style":"default","site-sidebar-style":"default","ast-global-header-display":"","ast-banner-title-visibility":"","ast-main-header-display":"","ast-hfb-above-header-display":"","ast-hfb-below-header-display":"","ast-hfb-mobile-header-display":"","site-post-title":"","ast-breadcrumbs-content":"","ast-featured-img":"","footer-sml-layout":"","theme-transparent-header-meta":"default","adv-header-id-meta":"","stick-header-meta":"","header-above-stick-meta":"","header-main-stick-meta":"","header-below-stick-meta":"","astra-migrate-meta-layouts":"set","ast-page-background-enabled":"default","ast-page-background-meta":{"desktop":{"background-color":"var(--ast-global-color-4)","background-image":"","background-repeat":"repeat","background-position":"center center","background-size":"auto","background-attachment":"scroll","background-type":"","background-media":"","overlay-type":"","overlay-color":"","overlay-opacity":"","overlay-gradient":""},"tablet":{"background-color":"","background-image":"","background-repeat":"repeat","background-position":"center center","background-size":"auto","background-attachment":"scroll","background-type":"","background-media":"","overlay-type":"","overlay-color":"","overlay-opacity":"","overlay-gradient":""},"mobile":{"background-color":"","background-image":"","background-repeat":"repeat","background-position":"center center","background-size":"auto","background-attachment":"scroll","background-type":"","background-media":"","overlay-type":"","overlay-color":"","overlay-opacity":"","overlay-gradient":""}},"ast-content-background-meta":{"desktop":{"background-color":"var(--ast-global-color-5)","background-image":"","background-repeat":"repeat","background-position":"center center","background-size":"auto","background-attachment":"scroll","background-type":"","background-media":"","overlay-type":"","overlay-color":"","overlay-opacity":"","overlay-gradient":""},"tablet":{"background-color":"var(--ast-global-color-5)","background-image":"","background-repeat":"repeat","background-position":"center center","background-size":"auto","background-attachment":"scroll","background-type":"","background-media":"","overlay-type":"","overlay-color":"","overlay-opacity":"","overlay-gradient":""},"mobile":{"background-color":"var(--ast-global-color-5)","background-image":"","background-repeat":"repeat","background-position":"center center","background-size":"auto","background-attachment":"scroll","background-type":"","background-media":"","overlay-type":"","overlay-color":"","overlay-opacity":"","overlay-gradient":""}}},"product_brand":[],"product_cat":[41,77],"product_tag":[81,91,142,84,78,85,137,140,139,141,138],"class_list":{"0":"post-424","1":"product","2":"type-product","3":"status-publish","4":"has-post-thumbnail","6":"product_cat-canadian-documents","7":"product_cat-drivers-license","8":"product_tag-australian-drivers-license","9":"product_tag-belgian-drivers-license","10":"product_tag-buy-online-drivers-license","11":"product_tag-california-drivers-license","12":"product_tag-canadian-drivers-license","13":"product_tag-drivers-license","14":"product_tag-drivers-license-2025","15":"product_tag-drivers-license-in-canada","16":"product_tag-drivers-license-near-me","17":"product_tag-drivers-license-online","18":"product_tag-how-can-i-get-drivers-license","19":"desktop-align-left","20":"tablet-align-left","21":"mobile-align-left","23":"first","24":"instock","25":"purchasable","26":"product-type-simple"},"yoast_head":"<!-- This site is optimized with the Yoast SEO plugin v26.5 - https:\/\/yoast.com\/wordpress\/plugins\/seo\/ -->\n<title>Canadian Driver&#039;s License - Online Today Online | Glob Documents<\/title>\n<meta name=\"description\" content=\"Acquire a Canadian Driver&#039;s License that mirrors an original document online. Enjoy a validation period of five years and drive with confidence!\" \/>\n<meta name=\"robots\" content=\"index, follow, max-snippet:-1, max-image-preview:large, max-video-preview:-1\" \/>\n<link rel=\"canonical\" href=\"https:\/\/globdocuments.com\/tr\/producto\/canadian-drivers-license\/\" \/>\n<meta property=\"og:locale\" content=\"tr_TR\" \/>\n<meta property=\"og:type\" content=\"article\" \/>\n<meta property=\"og:title\" content=\"Canadian Driver&#039;s License - Online Today Online | Glob Documents\" \/>\n<meta property=\"og:description\" content=\"Acquire a Canadian Driver&#039;s License that mirrors an original document online. Enjoy a validation period of five years and drive with confidence!\" \/>\n<meta property=\"og:url\" content=\"https:\/\/globdocuments.com\/tr\/producto\/canadian-drivers-license\/\" \/>\n<meta property=\"article:modified_time\" content=\"2025-12-11T11:03:36+00:00\" \/>\n<meta property=\"og:image\" content=\"https:\/\/globdocuments.com\/wp-content\/uploads\/2022\/11\/canada-dl.png\" \/>\n\t<meta property=\"og:image:width\" content=\"450\" \/>\n\t<meta property=\"og:image:height\" content=\"450\" \/>\n\t<meta property=\"og:image:type\" content=\"image\/png\" \/>\n<meta name=\"twitter:card\" content=\"summary_large_image\" \/>\n<meta name=\"twitter:label1\" content=\"Tahmini okuma s\u00fcresi\" \/>\n\t<meta name=\"twitter:data1\" content=\"2 dakika\" \/>\n<script type=\"application\/ld+json\" class=\"yoast-schema-graph\">{\"@context\":\"https:\/\/schema.org\",\"@graph\":[{\"@type\":\"WebPage\",\"@id\":\"https:\/\/globdocuments.com\/es\/producto\/canadian-drivers-license\/\",\"url\":\"https:\/\/globdocuments.com\/es\/producto\/canadian-drivers-license\/\",\"name\":\"Canadian Driver's License - Online Today Online | Glob Documents\",\"isPartOf\":{\"@id\":\"https:\/\/globdocuments.com\/#website\"},\"primaryImageOfPage\":{\"@id\":\"https:\/\/globdocuments.com\/es\/producto\/canadian-drivers-license\/#primaryimage\"},\"image\":{\"@id\":\"https:\/\/globdocuments.com\/es\/producto\/canadian-drivers-license\/#primaryimage\"},\"thumbnailUrl\":\"https:\/\/globdocuments.com\/wp-content\/uploads\/2022\/11\/canada-dl.png\",\"datePublished\":\"2022-11-03T07:17:57+00:00\",\"dateModified\":\"2025-12-11T11:03:36+00:00\",\"description\":\"Acquire a Canadian Driver's License that mirrors an original document online. Enjoy a validation period of five years and drive with confidence!\",\"breadcrumb\":{\"@id\":\"https:\/\/globdocuments.com\/es\/producto\/canadian-drivers-license\/#breadcrumb\"},\"inLanguage\":\"tr\",\"potentialAction\":[{\"@type\":\"ReadAction\",\"target\":[\"https:\/\/globdocuments.com\/es\/producto\/canadian-drivers-license\/\"]}]},{\"@type\":\"ImageObject\",\"inLanguage\":\"tr\",\"@id\":\"https:\/\/globdocuments.com\/es\/producto\/canadian-drivers-license\/#primaryimage\",\"url\":\"https:\/\/globdocuments.com\/wp-content\/uploads\/2022\/11\/canada-dl.png\",\"contentUrl\":\"https:\/\/globdocuments.com\/wp-content\/uploads\/2022\/11\/canada-dl.png\",\"width\":450,\"height\":450,\"caption\":\"Canadian Driver's License\"},{\"@type\":\"BreadcrumbList\",\"@id\":\"https:\/\/globdocuments.com\/es\/producto\/canadian-drivers-license\/#breadcrumb\",\"itemListElement\":[{\"@type\":\"ListItem\",\"position\":1,\"name\":\"Shop\",\"item\":\"https:\/\/globdocuments.com\/shop\/\"},{\"@type\":\"ListItem\",\"position\":2,\"name\":\"Canadian Driver&#8217;s License\"}]},{\"@type\":\"WebSite\",\"@id\":\"https:\/\/globdocuments.com\/#website\",\"url\":\"https:\/\/globdocuments.com\/\",\"name\":\"\",\"description\":\"Buy real fake documents online\",\"potentialAction\":[{\"@type\":\"SearchAction\",\"target\":{\"@type\":\"EntryPoint\",\"urlTemplate\":\"https:\/\/globdocuments.com\/?s={search_term_string}\"},\"query-input\":{\"@type\":\"PropertyValueSpecification\",\"valueRequired\":true,\"valueName\":\"search_term_string\"}}],\"inLanguage\":\"tr\"}]}<\/script>\n<!-- \/ Yoast SEO plugin. -->","yoast_head_json":{"title":"Kanada S\u00fcr\u00fcc\u00fc Belgesi - Bug\u00fcn \u00c7evrimi\u00e7i | Glob Documents","description":"\u00c7evrimi\u00e7i olarak orijinal bir belgeyi yans\u0131tan bir Kanada S\u00fcr\u00fcc\u00fc Belgesi edinin. Be\u015f y\u0131ll\u0131k ge\u00e7erlilik s\u00fcresinin tad\u0131n\u0131 \u00e7\u0131kar\u0131n ve g\u00fcvenle s\u00fcr\u00fcn!","robots":{"index":"index","follow":"follow","max-snippet":"max-snippet:-1","max-image-preview":"max-image-preview:large","max-video-preview":"max-video-preview:-1"},"canonical":"https:\/\/globdocuments.com\/tr\/producto\/canadian-drivers-license\/","og_locale":"tr_TR","og_type":"article","og_title":"Canadian Driver's License - Online Today Online | Glob Documents","og_description":"Acquire a Canadian Driver's License that mirrors an original document online. Enjoy a validation period of five years and drive with confidence!","og_url":"https:\/\/globdocuments.com\/tr\/producto\/canadian-drivers-license\/","article_modified_time":"2025-12-11T11:03:36+00:00","og_image":[{"width":450,"height":450,"url":"https:\/\/globdocuments.com\/wp-content\/uploads\/2022\/11\/canada-dl.png","type":"image\/png"}],"twitter_card":"summary_large_image","twitter_misc":{"Tahmini okuma s\u00fcresi":"2 dakika"},"schema":{"@context":"https:\/\/schema.org","@graph":[{"@type":"WebPage","@id":"https:\/\/globdocuments.com\/es\/producto\/canadian-drivers-license\/","url":"https:\/\/globdocuments.com\/es\/producto\/canadian-drivers-license\/","name":"Kanada S\u00fcr\u00fcc\u00fc Belgesi - Bug\u00fcn \u00c7evrimi\u00e7i | Glob Documents","isPartOf":{"@id":"https:\/\/globdocuments.com\/#website"},"primaryImageOfPage":{"@id":"https:\/\/globdocuments.com\/es\/producto\/canadian-drivers-license\/#primaryimage"},"image":{"@id":"https:\/\/globdocuments.com\/es\/producto\/canadian-drivers-license\/#primaryimage"},"thumbnailUrl":"https:\/\/globdocuments.com\/wp-content\/uploads\/2022\/11\/canada-dl.png","datePublished":"2022-11-03T07:17:57+00:00","dateModified":"2025-12-11T11:03:36+00:00","description":"\u00c7evrimi\u00e7i olarak orijinal bir belgeyi yans\u0131tan bir Kanada S\u00fcr\u00fcc\u00fc Belgesi edinin. Be\u015f y\u0131ll\u0131k ge\u00e7erlilik s\u00fcresinin tad\u0131n\u0131 \u00e7\u0131kar\u0131n ve g\u00fcvenle s\u00fcr\u00fcn!","breadcrumb":{"@id":"https:\/\/globdocuments.com\/es\/producto\/canadian-drivers-license\/#breadcrumb"},"inLanguage":"tr","potentialAction":[{"@type":"ReadAction","target":["https:\/\/globdocuments.com\/es\/producto\/canadian-drivers-license\/"]}]},{"@type":"ImageObject","inLanguage":"tr","@id":"https:\/\/globdocuments.com\/es\/producto\/canadian-drivers-license\/#primaryimage","url":"https:\/\/globdocuments.com\/wp-content\/uploads\/2022\/11\/canada-dl.png","contentUrl":"https:\/\/globdocuments.com\/wp-content\/uploads\/2022\/11\/canada-dl.png","width":450,"height":450,"caption":"Canadian Driver's License"},{"@type":"BreadcrumbList","@id":"https:\/\/globdocuments.com\/es\/producto\/canadian-drivers-license\/#breadcrumb","itemListElement":[{"@type":"ListItem","position":1,"name":"Shop","item":"https:\/\/globdocuments.com\/shop\/"},{"@type":"ListItem","position":2,"name":"Canadian Driver&#8217;s License"}]},{"@type":"WebSite","@id":"https:\/\/globdocuments.com\/#website","url":"https:\/\/globdocuments.com\/","name":"","description":"Online ger\u00e7ek sahte belgeler sat\u0131n al","potentialAction":[{"@type":"SearchAction","target":{"@type":"EntryPoint","urlTemplate":"https:\/\/globdocuments.com\/?s={search_term_string}"},"query-input":{"@type":"PropertyValueSpecification","valueRequired":true,"valueName":"search_term_string"}}],"inLanguage":"tr"}]}},"_links":{"self":[{"href":"https:\/\/globdocuments.com\/tr\/wp-json\/wp\/v2\/product\/424","targetHints":{"allow":["GET"]}}],"collection":[{"href":"https:\/\/globdocuments.com\/tr\/wp-json\/wp\/v2\/product"}],"about":[{"href":"https:\/\/globdocuments.com\/tr\/wp-json\/wp\/v2\/types\/product"}],"replies":[{"embeddable":true,"href":"https:\/\/globdocuments.com\/tr\/wp-json\/wp\/v2\/comments?post=424"}],"wp:featuredmedia":[{"embeddable":true,"href":"https:\/\/globdocuments.com\/tr\/wp-json\/wp\/v2\/media\/471"}],"wp:attachment":[{"href":"https:\/\/globdocuments.com\/tr\/wp-json\/wp\/v2\/media?parent=424"}],"wp:term":[{"taxonomy":"product_brand","embeddable":true,"href":"https:\/\/globdocuments.com\/tr\/wp-json\/wp\/v2\/product_brand?post=424"},{"taxonomy":"product_cat","embeddable":true,"href":"https:\/\/globdocuments.com\/tr\/wp-json\/wp\/v2\/product_cat?post=424"},{"taxonomy":"product_tag","embeddable":true,"href":"https:\/\/globdocuments.com\/tr\/wp-json\/wp\/v2\/product_tag?post=424"}],"curies":[{"name":"wp","href":"https:\/\/api.w.org\/{rel}","templated":true}]}}