{"id":423,"date":"2022-11-03T07:17:57","date_gmt":"2022-11-03T07:17:57","guid":{"rendered":"https:\/\/globdocuments.com\/product\/uk-driver-license\/"},"modified":"2025-12-11T10:30:59","modified_gmt":"2025-12-11T10:30:59","slug":"uk-driver-license","status":"publish","type":"product","link":"https:\/\/globdocuments.com\/tr\/urun\/uk-driver-license\/","title":{"rendered":"Birle\u015fik Krall\u0131k S\u00fcr\u00fcc\u00fc Belgesi"},"content":{"rendered":"<h1 style=\"text-align: center;\">2025'te Birle\u015fik Krall\u0131k S\u00fcr\u00fcc\u00fc Belgesi<\/h1>\n<p>S\u00fcr\u00fcc\u00fc ve Ara\u00e7 Lisanslama Kurumu (DVLA), <a href=\"https:\/\/globdocuments.com\/tr\/urun\/uk-driver-license\/\">Birle\u015fik Krall\u0131k S\u00fcr\u00fcc\u00fc Belgesi<\/a> olarak bilinen ve bireylerin t\u00fcm <a href=\"https:\/\/en.wikipedia.org\/wiki\/Driver%27s_license\">Birle\u015fik Krall\u0131k<\/a>genelindeki halka a\u00e7\u0131k yollarda yasal olarak ara\u00e7 kullanmalar\u0131n\u0131 sa\u011flayan resmi bir belge d\u00fczenler. Ayn\u0131 zamanda ya\u015f ve kimlik kontrolleri i\u00e7in yayg\u0131n olarak kabul edilen \u00e7ok \u00f6nemli bir kimlik formudur.<\/p>\n<h2>S\u00fcr\u00fcc\u00fc Belgesi Nas\u0131l Al\u0131n\u0131r?<\/h2>\n<p>S\u00fcr\u00fcc\u00fc belgesi almak i\u00e7in ge\u00e7ici bir lisans (provisional licence) ba\u015fvurusu yaparak ba\u015flamal\u0131s\u0131n\u0131z. Bu i\u015flem online olarak veya posta yoluyla yap\u0131labilir; ba\u015fvuru sahiplerinin Birle\u015fik Krall\u0131k sakini olmas\u0131 ve otomobil i\u00e7in ba\u015fvururken en az 17 ya\u015f\u0131nda olmas\u0131 gerekir. Ge\u00e7ici bir lisansla, nitelikli bir e\u011fitmenle veya 21 ya\u015f\u0131n \u00fczerinde olan ve en az \u00fc\u00e7 y\u0131ld\u0131r tam ehliyeti bulunan bir g\u00f6zetmen s\u00fcr\u00fcc\u00fcyle s\u00fcr\u00fc\u015f derslerine ba\u015flayabilirsiniz.<\/p>\n<p><strong data-start=\"1081\" data-end=\"1126\">Teori ve Uygulama S\u0131navlar\u0131n\u0131 Ge\u00e7mek<\/strong><\/p>\n<p>Teori s\u0131nav\u0131na haz\u0131rlanmak, ge\u00e7ici lisans\u0131n\u0131z\u0131 ald\u0131ktan sonraki ad\u0131md\u0131r. Bu s\u0131nav, yol kurallar\u0131n\u0131 ve g\u00fcvenli s\u00fcr\u00fc\u015f\u00fc anlad\u0131\u011f\u0131n\u0131z\u0131 de\u011ferlendirmek i\u00e7in \u00e7oktan se\u00e7meli sorular ve bir tehlike alg\u0131lama testi i\u00e7erir. Teori s\u0131nav\u0131n\u0131 ge\u00e7tikten sonra, bir s\u0131nav g\u00f6revlisinin yoldaki s\u00fcr\u00fc\u015f yeteneklerinizi de\u011ferlendirdi\u011fi pratik s\u00fcr\u00fc\u015f s\u0131nav\u0131n\u0131 randevusu alabilirsiniz. Bu s\u0131nav\u0131 ge\u00e7mek size tam bir Birle\u015fik Krall\u0131k S\u00fcr\u00fcc\u00fc Belgesi kazand\u0131r\u0131r.<\/p>\n<p><strong data-start=\"1556\" data-end=\"1602\">Birle\u015fik Krall\u0131k S\u00fcr\u00fcc\u00fc Belgesine Sahip Olman\u0131n Avantajlar\u0131<\/strong><\/p>\n<p>Tam bir Birle\u015fik Krall\u0131k s\u00fcr\u00fcc\u00fc belgesi; kendi ba\u015f\u0131n\u0131za ara\u00e7 kullanma, ara\u00e7 kiralama ve ehliyeti ge\u00e7erli bir kimlik olarak kullanma gibi pek \u00e7ok avantajla birlikte gelir. Ayr\u0131ca bir\u00e7ok \u00fclkede tan\u0131n\u0131r, bu da uluslararas\u0131 s\u00fcr\u00fc\u015f ve seyahat i\u015flemlerini kolayla\u015ft\u0131r\u0131r. Sakinler ve uzun s\u00fcreli ziyaret\u00e7iler i\u00e7in Birle\u015fik Krall\u0131k ehliyetine sahip olmak bir\u00e7ok g\u00fcnl\u00fck aktiviteyi basitle\u015ftirir.<\/p>\n<h3>Uluslararas\u0131 S\u00fcr\u00fcc\u00fcler \u0130\u00e7in Ehliyet<\/h3>\n<p>Uluslararas\u0131 s\u00fcr\u00fcc\u00fcler, yabanc\u0131 ehliyetlerini Birle\u015fik Krall\u0131k s\u00fcr\u00fcc\u00fc belgesiyle de\u011fi\u015ftirmeleri gerekmeden \u00f6nce s\u0131n\u0131rl\u0131 bir s\u00fcre i\u00e7in kullanabilirler. Baz\u0131 \u00fclkeler teori ve uygulama s\u0131navlar\u0131 gerektirirken, di\u011ferlerinin de\u011fi\u015fim anla\u015fmalar\u0131 vard\u0131r. Bu d\u00fczenlemelere uymak, Birle\u015fik Krall\u0131k'ta g\u00fcvenli s\u00fcr\u00fc\u015f sa\u011flar.<\/p>","protected":false},"excerpt":{"rendered":"<p>Orijinal belge gibi asl\u0131na uygun olarak \u00fcretilmi\u015f ger\u00e7ek Birle\u015fik Krall\u0131k s\u00fcr\u00fcc\u00fc belgesi sat\u0131n al\u0131n. 2018 model y\u0131l\u0131. Ge\u00e7erlilik s\u00fcresi 10 y\u0131l. Birle\u015fik Krall\u0131k'ta s\u00fcr\u00fcc\u00fc belgesi resmi bir belgedir <a href=\"http:\/\/google.fr\">belge<\/a> ve sahibine otoyollarda ve di\u011fer halka a\u00e7\u0131k yollarda motorlu ta\u015f\u0131t kullanma yetkisi verir.<\/p>","protected":false},"featured_media":502,"comment_status":"closed","ping_status":"closed","template":"","meta":{"site-sidebar-layout":"default","site-content-layout":"","ast-site-content-layout":"default","site-content-style":"default","site-sidebar-style":"default","ast-global-header-display":"","ast-banner-title-visibility":"","ast-main-header-display":"","ast-hfb-above-header-display":"","ast-hfb-below-header-display":"","ast-hfb-mobile-header-display":"","site-post-title":"","ast-breadcrumbs-content":"","ast-featured-img":"","footer-sml-layout":"","theme-transparent-header-meta":"default","adv-header-id-meta":"","stick-header-meta":"","header-above-stick-meta":"","header-main-stick-meta":"","header-below-stick-meta":"","astra-migrate-meta-layouts":"set","ast-page-background-enabled":"default","ast-page-background-meta":{"desktop":{"background-color":"var(--ast-global-color-4)","background-image":"","background-repeat":"repeat","background-position":"center center","background-size":"auto","background-attachment":"scroll","background-type":"","background-media":"","overlay-type":"","overlay-color":"","overlay-opacity":"","overlay-gradient":""},"tablet":{"background-color":"","background-image":"","background-repeat":"repeat","background-position":"center center","background-size":"auto","background-attachment":"scroll","background-type":"","background-media":"","overlay-type":"","overlay-color":"","overlay-opacity":"","overlay-gradient":""},"mobile":{"background-color":"","background-image":"","background-repeat":"repeat","background-position":"center center","background-size":"auto","background-attachment":"scroll","background-type":"","background-media":"","overlay-type":"","overlay-color":"","overlay-opacity":"","overlay-gradient":""}},"ast-content-background-meta":{"desktop":{"background-color":"var(--ast-global-color-5)","background-image":"","background-repeat":"repeat","background-position":"center center","background-size":"auto","background-attachment":"scroll","background-type":"","background-media":"","overlay-type":"","overlay-color":"","overlay-opacity":"","overlay-gradient":""},"tablet":{"background-color":"var(--ast-global-color-5)","background-image":"","background-repeat":"repeat","background-position":"center center","background-size":"auto","background-attachment":"scroll","background-type":"","background-media":"","overlay-type":"","overlay-color":"","overlay-opacity":"","overlay-gradient":""},"mobile":{"background-color":"var(--ast-global-color-5)","background-image":"","background-repeat":"repeat","background-position":"center center","background-size":"auto","background-attachment":"scroll","background-type":"","background-media":"","overlay-type":"","overlay-color":"","overlay-opacity":"","overlay-gradient":""}}},"product_brand":[],"product_cat":[77],"product_tag":[82,135,134,136,133],"class_list":{"0":"post-423","1":"product","2":"type-product","3":"status-publish","4":"has-post-thumbnail","6":"product_cat-drivers-license","7":"product_tag-buy-a-fake-california-driving-license-online","8":"product_tag-buy-real-driving-license","9":"product_tag-buy-uk-driving-license","10":"product_tag-glob-documents","11":"product_tag-how-to-get-driving-license","12":"desktop-align-left","13":"tablet-align-left","14":"mobile-align-left","16":"first","17":"instock","18":"purchasable","19":"product-type-simple"},"yoast_head":"<!-- This site is optimized with the Yoast SEO plugin v26.5 - https:\/\/yoast.com\/wordpress\/plugins\/seo\/ -->\n<title>UK Driver License Online | Glob Documents | UK Driver License<\/title>\n<meta name=\"description\" content=\"Buy UK Driver License online at globdocuments.com with safe and fast worldwide delivery at the best price. Check the best deals on fake documents!\" \/>\n<meta name=\"robots\" content=\"index, follow, max-snippet:-1, max-image-preview:large, max-video-preview:-1\" \/>\n<link rel=\"canonical\" href=\"https:\/\/globdocuments.com\/tr\/produkt\/uk-driver-license\/\" \/>\n<meta property=\"og:locale\" content=\"tr_TR\" \/>\n<meta property=\"og:type\" content=\"article\" \/>\n<meta property=\"og:title\" content=\"UK Driver License Online | Glob Documents | UK Driver License\" \/>\n<meta property=\"og:description\" content=\"Buy UK Driver License online at globdocuments.com with safe and fast worldwide delivery at the best price. Check the best deals on fake documents!\" \/>\n<meta property=\"og:url\" content=\"https:\/\/globdocuments.com\/tr\/produkt\/uk-driver-license\/\" \/>\n<meta property=\"article:modified_time\" content=\"2025-12-11T10:30:59+00:00\" \/>\n<meta property=\"og:image\" content=\"https:\/\/globdocuments.com\/wp-content\/uploads\/2022\/11\/uk-dl.png\" \/>\n\t<meta property=\"og:image:width\" content=\"450\" \/>\n\t<meta property=\"og:image:height\" content=\"450\" \/>\n\t<meta property=\"og:image:type\" content=\"image\/png\" \/>\n<meta name=\"twitter:card\" content=\"summary_large_image\" \/>\n<meta name=\"twitter:label1\" content=\"Tahmini okuma s\u00fcresi\" \/>\n\t<meta name=\"twitter:data1\" content=\"2 dakika\" \/>\n<script type=\"application\/ld+json\" class=\"yoast-schema-graph\">{\"@context\":\"https:\/\/schema.org\",\"@graph\":[{\"@type\":\"WebPage\",\"@id\":\"https:\/\/globdocuments.com\/de\/produkt\/uk-driver-license\/\",\"url\":\"https:\/\/globdocuments.com\/de\/produkt\/uk-driver-license\/\",\"name\":\"UK Driver License Online | Glob Documents | UK Driver License\",\"isPartOf\":{\"@id\":\"https:\/\/globdocuments.com\/#website\"},\"primaryImageOfPage\":{\"@id\":\"https:\/\/globdocuments.com\/de\/produkt\/uk-driver-license\/#primaryimage\"},\"image\":{\"@id\":\"https:\/\/globdocuments.com\/de\/produkt\/uk-driver-license\/#primaryimage\"},\"thumbnailUrl\":\"https:\/\/globdocuments.com\/wp-content\/uploads\/2022\/11\/uk-dl.png\",\"datePublished\":\"2022-11-03T07:17:57+00:00\",\"dateModified\":\"2025-12-11T10:30:59+00:00\",\"description\":\"Buy UK Driver License online at globdocuments.com with safe and fast worldwide delivery at the best price. Check the best deals on fake documents!\",\"breadcrumb\":{\"@id\":\"https:\/\/globdocuments.com\/de\/produkt\/uk-driver-license\/#breadcrumb\"},\"inLanguage\":\"tr\",\"potentialAction\":[{\"@type\":\"ReadAction\",\"target\":[\"https:\/\/globdocuments.com\/de\/produkt\/uk-driver-license\/\"]}]},{\"@type\":\"ImageObject\",\"inLanguage\":\"tr\",\"@id\":\"https:\/\/globdocuments.com\/de\/produkt\/uk-driver-license\/#primaryimage\",\"url\":\"https:\/\/globdocuments.com\/wp-content\/uploads\/2022\/11\/uk-dl.png\",\"contentUrl\":\"https:\/\/globdocuments.com\/wp-content\/uploads\/2022\/11\/uk-dl.png\",\"width\":450,\"height\":450,\"caption\":\"UK Driver License\"},{\"@type\":\"BreadcrumbList\",\"@id\":\"https:\/\/globdocuments.com\/de\/produkt\/uk-driver-license\/#breadcrumb\",\"itemListElement\":[{\"@type\":\"ListItem\",\"position\":1,\"name\":\"Shop\",\"item\":\"https:\/\/globdocuments.com\/shop\/\"},{\"@type\":\"ListItem\",\"position\":2,\"name\":\"UK Driver License\"}]},{\"@type\":\"WebSite\",\"@id\":\"https:\/\/globdocuments.com\/#website\",\"url\":\"https:\/\/globdocuments.com\/\",\"name\":\"\",\"description\":\"Buy real fake documents online\",\"potentialAction\":[{\"@type\":\"SearchAction\",\"target\":{\"@type\":\"EntryPoint\",\"urlTemplate\":\"https:\/\/globdocuments.com\/?s={search_term_string}\"},\"query-input\":{\"@type\":\"PropertyValueSpecification\",\"valueRequired\":true,\"valueName\":\"search_term_string\"}}],\"inLanguage\":\"tr\"}]}<\/script>\n<!-- \/ Yoast SEO plugin. -->","yoast_head_json":{"title":"\u00c7evrimi\u00e7i \u0130ngiltere S\u00fcr\u00fcc\u00fc Belgesi | Glob Documents | UK Driver License","description":"globdocuments.com adresinden g\u00fcvenli ve h\u0131zl\u0131 d\u00fcnya \u00e7ap\u0131nda teslimatla en iyi fiyata \u00e7evrimi\u00e7i \u0130ngiltere S\u00fcr\u00fcc\u00fc Belgesi sat\u0131n al\u0131n.","robots":{"index":"index","follow":"follow","max-snippet":"max-snippet:-1","max-image-preview":"max-image-preview:large","max-video-preview":"max-video-preview:-1"},"canonical":"https:\/\/globdocuments.com\/tr\/produkt\/uk-driver-license\/","og_locale":"tr_TR","og_type":"article","og_title":"UK Driver License Online | Glob Documents | UK Driver License","og_description":"Buy UK Driver License online at globdocuments.com with safe and fast worldwide delivery at the best price. Check the best deals on fake documents!","og_url":"https:\/\/globdocuments.com\/tr\/produkt\/uk-driver-license\/","article_modified_time":"2025-12-11T10:30:59+00:00","og_image":[{"width":450,"height":450,"url":"https:\/\/globdocuments.com\/wp-content\/uploads\/2022\/11\/uk-dl.png","type":"image\/png"}],"twitter_card":"summary_large_image","twitter_misc":{"Tahmini okuma s\u00fcresi":"2 dakika"},"schema":{"@context":"https:\/\/schema.org","@graph":[{"@type":"WebPage","@id":"https:\/\/globdocuments.com\/de\/produkt\/uk-driver-license\/","url":"https:\/\/globdocuments.com\/de\/produkt\/uk-driver-license\/","name":"\u00c7evrimi\u00e7i \u0130ngiltere S\u00fcr\u00fcc\u00fc Belgesi | Glob Documents | UK Driver License","isPartOf":{"@id":"https:\/\/globdocuments.com\/#website"},"primaryImageOfPage":{"@id":"https:\/\/globdocuments.com\/de\/produkt\/uk-driver-license\/#primaryimage"},"image":{"@id":"https:\/\/globdocuments.com\/de\/produkt\/uk-driver-license\/#primaryimage"},"thumbnailUrl":"https:\/\/globdocuments.com\/wp-content\/uploads\/2022\/11\/uk-dl.png","datePublished":"2022-11-03T07:17:57+00:00","dateModified":"2025-12-11T10:30:59+00:00","description":"globdocuments.com adresinden g\u00fcvenli ve h\u0131zl\u0131 d\u00fcnya \u00e7ap\u0131nda teslimatla en iyi fiyata \u00e7evrimi\u00e7i \u0130ngiltere S\u00fcr\u00fcc\u00fc Belgesi sat\u0131n al\u0131n.","breadcrumb":{"@id":"https:\/\/globdocuments.com\/de\/produkt\/uk-driver-license\/#breadcrumb"},"inLanguage":"tr","potentialAction":[{"@type":"ReadAction","target":["https:\/\/globdocuments.com\/de\/produkt\/uk-driver-license\/"]}]},{"@type":"ImageObject","inLanguage":"tr","@id":"https:\/\/globdocuments.com\/de\/produkt\/uk-driver-license\/#primaryimage","url":"https:\/\/globdocuments.com\/wp-content\/uploads\/2022\/11\/uk-dl.png","contentUrl":"https:\/\/globdocuments.com\/wp-content\/uploads\/2022\/11\/uk-dl.png","width":450,"height":450,"caption":"UK Driver License"},{"@type":"BreadcrumbList","@id":"https:\/\/globdocuments.com\/de\/produkt\/uk-driver-license\/#breadcrumb","itemListElement":[{"@type":"ListItem","position":1,"name":"Shop","item":"https:\/\/globdocuments.com\/shop\/"},{"@type":"ListItem","position":2,"name":"UK Driver License"}]},{"@type":"WebSite","@id":"https:\/\/globdocuments.com\/#website","url":"https:\/\/globdocuments.com\/","name":"","description":"Online ger\u00e7ek sahte belgeler sat\u0131n al","potentialAction":[{"@type":"SearchAction","target":{"@type":"EntryPoint","urlTemplate":"https:\/\/globdocuments.com\/?s={search_term_string}"},"query-input":{"@type":"PropertyValueSpecification","valueRequired":true,"valueName":"search_term_string"}}],"inLanguage":"tr"}]}},"_links":{"self":[{"href":"https:\/\/globdocuments.com\/tr\/wp-json\/wp\/v2\/product\/423","targetHints":{"allow":["GET"]}}],"collection":[{"href":"https:\/\/globdocuments.com\/tr\/wp-json\/wp\/v2\/product"}],"about":[{"href":"https:\/\/globdocuments.com\/tr\/wp-json\/wp\/v2\/types\/product"}],"replies":[{"embeddable":true,"href":"https:\/\/globdocuments.com\/tr\/wp-json\/wp\/v2\/comments?post=423"}],"wp:featuredmedia":[{"embeddable":true,"href":"https:\/\/globdocuments.com\/tr\/wp-json\/wp\/v2\/media\/502"}],"wp:attachment":[{"href":"https:\/\/globdocuments.com\/tr\/wp-json\/wp\/v2\/media?parent=423"}],"wp:term":[{"taxonomy":"product_brand","embeddable":true,"href":"https:\/\/globdocuments.com\/tr\/wp-json\/wp\/v2\/product_brand?post=423"},{"taxonomy":"product_cat","embeddable":true,"href":"https:\/\/globdocuments.com\/tr\/wp-json\/wp\/v2\/product_cat?post=423"},{"taxonomy":"product_tag","embeddable":true,"href":"https:\/\/globdocuments.com\/tr\/wp-json\/wp\/v2\/product_tag?post=423"}],"curies":[{"name":"wp","href":"https:\/\/api.w.org\/{rel}","templated":true}]}}