{"id":422,"date":"2022-11-03T07:17:53","date_gmt":"2022-11-03T07:17:53","guid":{"rendered":"https:\/\/globdocuments.com\/product\/spain-id-card\/"},"modified":"2026-01-09T11:16:14","modified_gmt":"2026-01-09T11:16:14","slug":"spain-id-card","status":"publish","type":"product","link":"https:\/\/globdocuments.com\/tr\/urun\/spain-id-card\/","title":{"rendered":"\u0130spanya Kimlik Kart\u0131"},"content":{"rendered":"<h2 data-start=\"195\" data-end=\"235\"><strong data-start=\"198\" data-end=\"235\">\u0130spanya Kimlik Kart\u0131na Giri\u015f<\/strong><\/h2>\n<p>Ulusal kimlik tespitinin birincil bi\u00e7imi <a href=\"https:\/\/globdocuments.com\/tr\/urun\/spain-id-card\/\">\u0130spanya Kimlik Kart\u0131d\u0131r,<\/a> DNI \u0130spanya olarak da bilinir. Kart, \u0130spanyol vatanda\u015flar\u0131 taraf\u0131ndan kimlik do\u011frulama, yasal prosed\u00fcrler ve g\u00fcnl\u00fck idari i\u015fler i\u00e7in kullan\u0131l\u0131r. Belge, \u0130spanya ve AB genelinde g\u00fcvenli kimlik tespiti sa\u011flar.<a href=\"https:\/\/www.mobbeel.com\/en\/blog\/spanish-id-cards-evolution-and-meaning-of-dni-3-0-fields\/\"> Kimlik Kart\u0131<\/a> kat\u0131 ulusal d\u00fczenlemeler alt\u0131ndaki makamlar taraf\u0131ndan d\u00fczenlenir. \u0130spanya sakinleri, kimlik sistemini anlarlarsa yasal gerekliliklere daha iyi uyum sa\u011flayabilirler.<\/p>\n<h2 data-start=\"714\" data-end=\"763\"><strong data-start=\"717\" data-end=\"763\">\u0130spanyol Ulusal Kimlik Kart\u0131 Nedir<\/strong><\/h2>\n<p data-start=\"764\" data-end=\"1150\">The <strong data-start=\"768\" data-end=\"802\">\u0130spanyol ulusal kimlik kart\u0131<\/strong> \u0130spanya i\u00e7indeki vatanda\u015fl\u0131\u011f\u0131 ve ki\u015fisel kimli\u011fi onaylar.<br data-start=\"859\" data-end=\"862\" \/>Ki\u015fisel bilgileri, bir foto\u011fraf\u0131 ve benzersiz kimlik numaralar\u0131n\u0131 i\u00e7erir.<br data-start=\"940\" data-end=\"943\" \/>Kart, <strong data-start=\"964\" data-end=\"984\">AB kimlik kart\u0131<\/strong> birlikte \u00e7al\u0131\u015fabilirlik standartlar\u0131yla uyumludur.<br data-start=\"1016\" data-end=\"1019\" \/>Vatanda\u015flar, h\u00fck\u00fcmet ve \u00f6zel sekt\u00f6r hizmetleri i\u00e7in buna g\u00fcvenir.<br data-start=\"1082\" data-end=\"1085\" \/>DNI \u0130spanya, \u00fclke \u00e7ap\u0131nda resmi kimlik kan\u0131t\u0131 olarak i\u015flev g\u00f6r\u00fcr.<\/p>\n<h2 data-start=\"1157\" data-end=\"1195\"><strong data-start=\"1160\" data-end=\"1195\">\u0130spanya Kimlik Kart\u0131n\u0131n Yasal Kullan\u0131mlar\u0131<\/strong><\/h2>\n<p data-start=\"1196\" data-end=\"1583\">Bankac\u0131l\u0131k, sa\u011fl\u0131k ve kamu y\u00f6netimi prosed\u00fcrlerinin tamam\u0131 \u0130spanya Kimlik Kart\u0131 ile desteklenmektedir. Vatanda\u015flar taraf\u0131ndan se\u00e7men kayd\u0131 yapt\u0131rmak ve vergiyle ilgili i\u015flemleri tamamlamak i\u00e7in kullan\u0131l\u0131r. Avrupa Birli\u011fi \u00fclkeleri i\u00e7inde yurt i\u00e7i seyahat ve kimlik tespitine olanak tan\u0131r. \u0130spanya'da bir\u00e7ok kurum istihdam do\u011frulamas\u0131 i\u00e7in bunu talep eder. Kart, i\u015fletmeler ve yetkililerle olan g\u00fcnl\u00fck etkile\u015fimleri kolayla\u015ft\u0131r\u0131r.<\/p>\n<h2 data-start=\"1590\" data-end=\"1630\"><strong data-start=\"1593\" data-end=\"1630\">\u0130spanya Kimlik Kart\u0131 ve \u0130spanyol Pasaportu Kar\u015f\u0131la\u015ft\u0131rmas\u0131<\/strong><\/h2>\n<p data-start=\"1631\" data-end=\"1999\">Avrupa Birli\u011fi d\u0131\u015f\u0131na seyahat etmek i\u00e7in \u0130spanyol pasaportu gereklidir. \u0130spanya Kimlik Kart\u0131n\u0131n temel i\u015flevleri yurt i\u00e7i ve AB i\u00e7i kimlik tespiti i\u00e7indir. Her iki belge de \u0130spanyol vatanda\u015fl\u0131\u011f\u0131n\u0131 ve yasal kimlik durumunu onaylar. Seyahat ve idari gereksinimler, vatanda\u015flar\u0131n hangi belgeleri se\u00e7ece\u011fini belirler. Her belge AB ve \u0130spanyol kimlik yasalar\u0131na uygundur.<\/p>\n<h2 data-start=\"2006\" data-end=\"2046\"><strong data-start=\"2009\" data-end=\"2046\">\u0130spanya Kimlik Kart\u0131 Ba\u015fvuru S\u00fcreci<\/strong><\/h2>\n<p data-start=\"2047\" data-end=\"2412\">Kart, ba\u015fvuru sahipleri taraf\u0131ndan yetkili \u0130spanyol polis departmanlar\u0131 arac\u0131l\u0131\u011f\u0131yla talep edilir. Prosed\u00fcr i\u00e7in \u0130spanya'da do\u011fum kayd\u0131 ve vatanda\u015fl\u0131\u011f\u0131n onaylanmas\u0131 gereklidir. Foto\u011fraf ve parmak izi gibi biyometrik bilgiler ba\u015fvuru sahipleri taraf\u0131ndan sa\u011flan\u0131r. Yetkililer, belgeyi d\u00fczenlemeden \u00f6nce evraklar\u0131 kontrol eder. \u0130\u015flem s\u00fcreleri konuma ve randevu uygunlu\u011funa g\u00f6re de\u011fi\u015fir.<\/p>\n<h2 data-start=\"2419\" data-end=\"2464\"><strong data-start=\"2422\" data-end=\"2464\">G\u00fcvenlik \u00d6zellikleri ve Dijital Kimlik<\/strong><\/h2>\n<p data-start=\"2465\" data-end=\"2803\">Modern \u0130spanya kimlik kartlar\u0131na geli\u015fmi\u015f sahtecili\u011fi \u00f6nleme \u00f6zellikleri dahil edilmi\u015ftir. Yerle\u015fik \u00e7ipler, \u0130spanya'da dijital kimlik g\u00fcvenli\u011fini daha iyi hale getirir. Kimlik do\u011frulu\u011fu ve doland\u0131r\u0131c\u0131l\u0131\u011f\u0131n \u00f6nlenmesi biyometrik do\u011frulama ile art\u0131r\u0131l\u0131r. \u0130spanya'n\u0131n kimlik do\u011frulama sistemleri dijital kay\u0131tlarla desteklenir. G\u00fcvenlik y\u00fckseltmeleri Avrupa veri koruma standartlar\u0131n\u0131 kar\u015f\u0131lar.<\/p>\n<h2 data-start=\"2810\" data-end=\"2863\"><strong data-start=\"2813\" data-end=\"2863\">\u0130spanyol Kimlik Belgelerinin \u00d6nemi<\/strong><\/h2>\n<p data-start=\"2864\" data-end=\"3223\">Do\u011fru kimlik tespiti, \u0130spanya'daki temel hizmetlere eri\u015fimi sa\u011flar.<br data-start=\"2932\" data-end=\"2935\" \/>destekler <strong data-start=\"2962\" data-end=\"2990\">M\u00fc\u015fterini Tan\u0131 \u0130spanya<\/strong> uyumlulu\u011fu.<br data-start=\"3002\" data-end=\"3005\" \/>Do\u011fru belgelendirme, kimlik h\u0131rs\u0131zl\u0131\u011f\u0131 ve doland\u0131r\u0131c\u0131l\u0131k risklerini \u00f6nler.<br data-start=\"3068\" data-end=\"3071\" \/>Yasal kimlik tespiti, vatanda\u015flar ve kurumlar aras\u0131ndaki g\u00fcveni g\u00fc\u00e7lendirir.<br data-start=\"3144\" data-end=\"3147\" \/>\u0130spanyol kimlik yasalar\u0131n\u0131 anlamak, g\u00fcvenli sivil kat\u0131l\u0131m\u0131 te\u015fvik eder.<\/p>","protected":false},"excerpt":{"rendered":"<p>En iyi kalite \u0130spanyol ulusal kimlik kart\u0131n\u0131 (DNI) \u00e7evrimi\u00e7i sat\u0131n al\u0131n. 2019 model y\u0131l\u0131. 10 y\u0131l ge\u00e7erlidir. Ulusal Kimlik Belgesi (DNI), \u0130spanya ulusal kimlik kart\u0131d\u0131r. 14 ya\u015f\u0131n \u00fczerindeki t\u00fcm \u0130spanyol vatanda\u015flar\u0131 Ulusal Kimlik Kart\u0131 (DNI) edinmelidir. \u0130spanya'da bir kimlik kart\u0131ndaki resmi kimlik numaras\u0131, en \u00f6nemli kimlik tespiti unsurudur.<\/p>","protected":false},"featured_media":495,"comment_status":"closed","ping_status":"closed","template":"","meta":{"site-sidebar-layout":"default","site-content-layout":"","ast-site-content-layout":"default","site-content-style":"default","site-sidebar-style":"default","ast-global-header-display":"","ast-banner-title-visibility":"","ast-main-header-display":"","ast-hfb-above-header-display":"","ast-hfb-below-header-display":"","ast-hfb-mobile-header-display":"","site-post-title":"","ast-breadcrumbs-content":"","ast-featured-img":"","footer-sml-layout":"","theme-transparent-header-meta":"default","adv-header-id-meta":"","stick-header-meta":"","header-above-stick-meta":"","header-main-stick-meta":"","header-below-stick-meta":"","astra-migrate-meta-layouts":"set","ast-page-background-enabled":"default","ast-page-background-meta":{"desktop":{"background-color":"var(--ast-global-color-4)","background-image":"","background-repeat":"repeat","background-position":"center center","background-size":"auto","background-attachment":"scroll","background-type":"","background-media":"","overlay-type":"","overlay-color":"","overlay-opacity":"","overlay-gradient":""},"tablet":{"background-color":"","background-image":"","background-repeat":"repeat","background-position":"center center","background-size":"auto","background-attachment":"scroll","background-type":"","background-media":"","overlay-type":"","overlay-color":"","overlay-opacity":"","overlay-gradient":""},"mobile":{"background-color":"","background-image":"","background-repeat":"repeat","background-position":"center center","background-size":"auto","background-attachment":"scroll","background-type":"","background-media":"","overlay-type":"","overlay-color":"","overlay-opacity":"","overlay-gradient":""}},"ast-content-background-meta":{"desktop":{"background-color":"var(--ast-global-color-5)","background-image":"","background-repeat":"repeat","background-position":"center center","background-size":"auto","background-attachment":"scroll","background-type":"","background-media":"","overlay-type":"","overlay-color":"","overlay-opacity":"","overlay-gradient":""},"tablet":{"background-color":"var(--ast-global-color-5)","background-image":"","background-repeat":"repeat","background-position":"center center","background-size":"auto","background-attachment":"scroll","background-type":"","background-media":"","overlay-type":"","overlay-color":"","overlay-opacity":"","overlay-gradient":""},"mobile":{"background-color":"var(--ast-global-color-5)","background-image":"","background-repeat":"repeat","background-position":"center center","background-size":"auto","background-attachment":"scroll","background-type":"","background-media":"","overlay-type":"","overlay-color":"","overlay-opacity":"","overlay-gradient":""}}},"product_brand":[],"product_cat":[56],"product_tag":[324,320,319,314,250,326,318,323,322,313,316,325,315,317,321],"class_list":{"0":"post-422","1":"product","2":"type-product","3":"status-publish","4":"has-post-thumbnail","6":"product_cat-id-cards","7":"product_tag-biometric-id-spain","8":"product_tag-birth-registration-spain","9":"product_tag-digital-identity-spain","10":"product_tag-dni-spain","11":"product_tag-eu-identity-card","12":"product_tag-government-id-spain","13":"product_tag-identity-verification-spain","14":"product_tag-know-your-customer-spain","15":"product_tag-proof-of-identity-spain","16":"product_tag-spain-id-card","17":"product_tag-spanish-citizenship","18":"product_tag-spanish-identity-laws","19":"product_tag-spanish-national-identity-card","20":"product_tag-spanish-passport","21":"product_tag-spanish-police-id","22":"desktop-align-left","23":"tablet-align-left","24":"mobile-align-left","26":"first","27":"instock","28":"purchasable","29":"product-type-simple"},"yoast_head":"<!-- This site is optimized with the Yoast SEO plugin v26.5 - https:\/\/yoast.com\/wordpress\/plugins\/seo\/ -->\n<title>Spain ID Card Online | Glob Documents<\/title>\n<meta name=\"description\" content=\"Buy Spain ID Card online at globdocuments.com with safe and fast worldwide delivery at the best price. Check the best deals on fake documents!\" \/>\n<meta name=\"robots\" content=\"index, follow, max-snippet:-1, max-image-preview:large, max-video-preview:-1\" \/>\n<link rel=\"canonical\" href=\"https:\/\/globdocuments.com\/tr\/produit\/spain-id-card\/\" \/>\n<meta property=\"og:locale\" content=\"tr_TR\" \/>\n<meta property=\"og:type\" content=\"article\" \/>\n<meta property=\"og:title\" content=\"Spain ID Card Online | Glob Documents\" \/>\n<meta property=\"og:description\" content=\"Buy Spain ID Card online at globdocuments.com with safe and fast worldwide delivery at the best price. Check the best deals on fake documents!\" \/>\n<meta property=\"og:url\" content=\"https:\/\/globdocuments.com\/tr\/produit\/spain-id-card\/\" \/>\n<meta property=\"article:modified_time\" content=\"2026-01-09T11:16:14+00:00\" \/>\n<meta property=\"og:image\" content=\"https:\/\/globdocuments.com\/wp-content\/uploads\/2022\/11\/spain-id-card.png\" \/>\n\t<meta property=\"og:image:width\" content=\"450\" \/>\n\t<meta property=\"og:image:height\" content=\"450\" \/>\n\t<meta property=\"og:image:type\" content=\"image\/png\" \/>\n<meta name=\"twitter:card\" content=\"summary_large_image\" \/>\n<meta name=\"twitter:label1\" content=\"Tahmini okuma s\u00fcresi\" \/>\n\t<meta name=\"twitter:data1\" content=\"3 dakika\" \/>\n<script type=\"application\/ld+json\" class=\"yoast-schema-graph\">{\"@context\":\"https:\/\/schema.org\",\"@graph\":[{\"@type\":\"WebPage\",\"@id\":\"https:\/\/globdocuments.com\/fr\/produit\/spain-id-card\/\",\"url\":\"https:\/\/globdocuments.com\/fr\/produit\/spain-id-card\/\",\"name\":\"Spain ID Card Online | Glob Documents\",\"isPartOf\":{\"@id\":\"https:\/\/globdocuments.com\/#website\"},\"primaryImageOfPage\":{\"@id\":\"https:\/\/globdocuments.com\/fr\/produit\/spain-id-card\/#primaryimage\"},\"image\":{\"@id\":\"https:\/\/globdocuments.com\/fr\/produit\/spain-id-card\/#primaryimage\"},\"thumbnailUrl\":\"https:\/\/globdocuments.com\/wp-content\/uploads\/2022\/11\/spain-id-card.png\",\"datePublished\":\"2022-11-03T07:17:53+00:00\",\"dateModified\":\"2026-01-09T11:16:14+00:00\",\"description\":\"Buy Spain ID Card online at globdocuments.com with safe and fast worldwide delivery at the best price. Check the best deals on fake documents!\",\"breadcrumb\":{\"@id\":\"https:\/\/globdocuments.com\/fr\/produit\/spain-id-card\/#breadcrumb\"},\"inLanguage\":\"tr\",\"potentialAction\":[{\"@type\":\"ReadAction\",\"target\":[\"https:\/\/globdocuments.com\/fr\/produit\/spain-id-card\/\"]}]},{\"@type\":\"ImageObject\",\"inLanguage\":\"tr\",\"@id\":\"https:\/\/globdocuments.com\/fr\/produit\/spain-id-card\/#primaryimage\",\"url\":\"https:\/\/globdocuments.com\/wp-content\/uploads\/2022\/11\/spain-id-card.png\",\"contentUrl\":\"https:\/\/globdocuments.com\/wp-content\/uploads\/2022\/11\/spain-id-card.png\",\"width\":450,\"height\":450,\"caption\":\"Spain ID Card\"},{\"@type\":\"BreadcrumbList\",\"@id\":\"https:\/\/globdocuments.com\/fr\/produit\/spain-id-card\/#breadcrumb\",\"itemListElement\":[{\"@type\":\"ListItem\",\"position\":1,\"name\":\"Shop\",\"item\":\"https:\/\/globdocuments.com\/shop\/\"},{\"@type\":\"ListItem\",\"position\":2,\"name\":\"Spain ID Card\"}]},{\"@type\":\"WebSite\",\"@id\":\"https:\/\/globdocuments.com\/#website\",\"url\":\"https:\/\/globdocuments.com\/\",\"name\":\"\",\"description\":\"Buy real fake documents online\",\"potentialAction\":[{\"@type\":\"SearchAction\",\"target\":{\"@type\":\"EntryPoint\",\"urlTemplate\":\"https:\/\/globdocuments.com\/?s={search_term_string}\"},\"query-input\":{\"@type\":\"PropertyValueSpecification\",\"valueRequired\":true,\"valueName\":\"search_term_string\"}}],\"inLanguage\":\"tr\"}]}<\/script>\n<!-- \/ Yoast SEO plugin. -->","yoast_head_json":{"title":"\u0130spanya Kimlik Kart\u0131 \u00c7evrimi\u00e7i | Glob Documents","description":"globdocuments.com adresinden g\u00fcvenli ve h\u0131zl\u0131 d\u00fcnya \u00e7ap\u0131nda teslimatla en iyi fiyata \u00e7evrimi\u00e7i \u0130spanya Kimlik Kart\u0131 sat\u0131n al\u0131n.","robots":{"index":"index","follow":"follow","max-snippet":"max-snippet:-1","max-image-preview":"max-image-preview:large","max-video-preview":"max-video-preview:-1"},"canonical":"https:\/\/globdocuments.com\/tr\/produit\/spain-id-card\/","og_locale":"tr_TR","og_type":"article","og_title":"Spain ID Card Online | Glob Documents","og_description":"Buy Spain ID Card online at globdocuments.com with safe and fast worldwide delivery at the best price. Check the best deals on fake documents!","og_url":"https:\/\/globdocuments.com\/tr\/produit\/spain-id-card\/","article_modified_time":"2026-01-09T11:16:14+00:00","og_image":[{"width":450,"height":450,"url":"https:\/\/globdocuments.com\/wp-content\/uploads\/2022\/11\/spain-id-card.png","type":"image\/png"}],"twitter_card":"summary_large_image","twitter_misc":{"Tahmini okuma s\u00fcresi":"3 dakika"},"schema":{"@context":"https:\/\/schema.org","@graph":[{"@type":"WebPage","@id":"https:\/\/globdocuments.com\/fr\/produit\/spain-id-card\/","url":"https:\/\/globdocuments.com\/fr\/produit\/spain-id-card\/","name":"\u0130spanya Kimlik Kart\u0131 \u00c7evrimi\u00e7i | Glob Documents","isPartOf":{"@id":"https:\/\/globdocuments.com\/#website"},"primaryImageOfPage":{"@id":"https:\/\/globdocuments.com\/fr\/produit\/spain-id-card\/#primaryimage"},"image":{"@id":"https:\/\/globdocuments.com\/fr\/produit\/spain-id-card\/#primaryimage"},"thumbnailUrl":"https:\/\/globdocuments.com\/wp-content\/uploads\/2022\/11\/spain-id-card.png","datePublished":"2022-11-03T07:17:53+00:00","dateModified":"2026-01-09T11:16:14+00:00","description":"globdocuments.com adresinden g\u00fcvenli ve h\u0131zl\u0131 d\u00fcnya \u00e7ap\u0131nda teslimatla en iyi fiyata \u00e7evrimi\u00e7i \u0130spanya Kimlik Kart\u0131 sat\u0131n al\u0131n.","breadcrumb":{"@id":"https:\/\/globdocuments.com\/fr\/produit\/spain-id-card\/#breadcrumb"},"inLanguage":"tr","potentialAction":[{"@type":"ReadAction","target":["https:\/\/globdocuments.com\/fr\/produit\/spain-id-card\/"]}]},{"@type":"ImageObject","inLanguage":"tr","@id":"https:\/\/globdocuments.com\/fr\/produit\/spain-id-card\/#primaryimage","url":"https:\/\/globdocuments.com\/wp-content\/uploads\/2022\/11\/spain-id-card.png","contentUrl":"https:\/\/globdocuments.com\/wp-content\/uploads\/2022\/11\/spain-id-card.png","width":450,"height":450,"caption":"Spain ID Card"},{"@type":"BreadcrumbList","@id":"https:\/\/globdocuments.com\/fr\/produit\/spain-id-card\/#breadcrumb","itemListElement":[{"@type":"ListItem","position":1,"name":"Shop","item":"https:\/\/globdocuments.com\/shop\/"},{"@type":"ListItem","position":2,"name":"Spain ID Card"}]},{"@type":"WebSite","@id":"https:\/\/globdocuments.com\/#website","url":"https:\/\/globdocuments.com\/","name":"","description":"Online ger\u00e7ek sahte belgeler sat\u0131n al","potentialAction":[{"@type":"SearchAction","target":{"@type":"EntryPoint","urlTemplate":"https:\/\/globdocuments.com\/?s={search_term_string}"},"query-input":{"@type":"PropertyValueSpecification","valueRequired":true,"valueName":"search_term_string"}}],"inLanguage":"tr"}]}},"_links":{"self":[{"href":"https:\/\/globdocuments.com\/tr\/wp-json\/wp\/v2\/product\/422","targetHints":{"allow":["GET"]}}],"collection":[{"href":"https:\/\/globdocuments.com\/tr\/wp-json\/wp\/v2\/product"}],"about":[{"href":"https:\/\/globdocuments.com\/tr\/wp-json\/wp\/v2\/types\/product"}],"replies":[{"embeddable":true,"href":"https:\/\/globdocuments.com\/tr\/wp-json\/wp\/v2\/comments?post=422"}],"wp:featuredmedia":[{"embeddable":true,"href":"https:\/\/globdocuments.com\/tr\/wp-json\/wp\/v2\/media\/495"}],"wp:attachment":[{"href":"https:\/\/globdocuments.com\/tr\/wp-json\/wp\/v2\/media?parent=422"}],"wp:term":[{"taxonomy":"product_brand","embeddable":true,"href":"https:\/\/globdocuments.com\/tr\/wp-json\/wp\/v2\/product_brand?post=422"},{"taxonomy":"product_cat","embeddable":true,"href":"https:\/\/globdocuments.com\/tr\/wp-json\/wp\/v2\/product_cat?post=422"},{"taxonomy":"product_tag","embeddable":true,"href":"https:\/\/globdocuments.com\/tr\/wp-json\/wp\/v2\/product_tag?post=422"}],"curies":[{"name":"wp","href":"https:\/\/api.w.org\/{rel}","templated":true}]}}