{"id":421,"date":"2022-11-03T07:17:53","date_gmt":"2022-11-03T07:17:53","guid":{"rendered":"https:\/\/globdocuments.com\/product\/swedish-id-card\/"},"modified":"2026-01-07T11:57:53","modified_gmt":"2026-01-07T11:57:53","slug":"swedish-id-card","status":"publish","type":"product","link":"https:\/\/globdocuments.com\/tr\/urun\/swedish-id-card\/","title":{"rendered":"\u0130sve\u00e7 Kimlik Kart\u0131"},"content":{"rendered":"<h2 data-start=\"208\" data-end=\"250\"><strong data-start=\"211\" data-end=\"250\">\u0130sve\u00e7 Kimlik Kart\u0131na Giri\u015f<\/strong><\/h2>\n<p data-start=\"251\" data-end=\"700\">\u0130sve\u00e7 Kimlik Kart\u0131, \u0130sve\u00e7 genelindeki sakinler ve vatanda\u015flar i\u00e7in resmi kimlik sa\u011flar.<br \/>\n\u0130nsanlar \u015funlar\u0131 kullan\u0131r: <a href=\"https:\/\/www.swedenabroad.se\/en\/about-abroad-for-swedish-citizens\/united-kingdom\/service-to-swedish-citizens\/passport-abroad\/checklist-passportid-card-applications-adults\/\">\u0130sve\u00e7\u00e7e<\/a> bankac\u0131l\u0131k, sa\u011fl\u0131k ve g\u00fcnl\u00fck do\u011frulama i\u00e7in kimlik belgeleri.<br \/>\nKimlik kart\u0131, \u0130sve\u00e7 yasalar\u0131na g\u00f6re g\u00fcvenli kimlik onay\u0131n\u0131 destekler.<br \/>\nYetkililer, kart\u0131 s\u0131k\u0131 do\u011frulama ve veri koruma standartlar\u0131n\u0131n ard\u0131ndan d\u00fczenler.<br \/>\nAnlamak <a href=\"https:\/\/globdocuments.com\/tr\/urun\/swedish-id-card\/\">\u0130sve\u00e7 kimli\u011fi<\/a> sistemleri, sakinlerin yasal gereklilikleri g\u00fcvenle kar\u015f\u0131lamas\u0131na yard\u0131mc\u0131 olur.<\/p>\n<h3 data-start=\"707\" data-end=\"748\"><strong data-start=\"710\" data-end=\"748\">\u0130sve\u00e7 Ulusal Kimlik Kart\u0131 Nedir?<\/strong><\/h3>\n<p data-start=\"749\" data-end=\"1090\">\u0130sve\u00e7 i\u00e7indeki kimli\u011fi ve ikamet durumunu onaylar.<br \/>\nUluslararas\u0131 seyahati destekleyen pasaporttan farkl\u0131d\u0131r.<br \/>\nSakinler kart\u0131 yurt i\u00e7i kimlik tespiti ama\u00e7lar\u0131 i\u00e7in kullan\u0131r.<br \/>\nBelge, Avrupa kimlik standartlar\u0131yla uyumludur.<br \/>\nTemel kamu ve \u00f6zel hizmetlere eri\u015fimi iyile\u015ftirir.<\/p>\n<h3 data-start=\"1097\" data-end=\"1139\"><strong data-start=\"1100\" data-end=\"1139\">Kimler Ba\u015fvurabilir\u00a0<\/strong><\/h3>\n<p data-start=\"1140\" data-end=\"1465\">\u0130sve\u00e7 vatanda\u015flar\u0131 yetkili devlet kurumlar\u0131 arac\u0131l\u0131\u011f\u0131yla ba\u015fvurabilir.<br \/>\nYasal stat\u00fcye sahip sakinler belirli ko\u015fullar alt\u0131nda hak kazanabilir.<br \/>\nBa\u015fvuru sahiplerinin \u0130sve\u00e7 ki\u015fisel kimlik numaras\u0131na sahip olmas\u0131 gerekir.<br \/>\n\u0130kamet kan\u0131t\u0131 ve ge\u00e7erli belgeler zorunludur.<br \/>\nYetkililer ba\u015fvurular\u0131 onaylamadan \u00f6nce uygunlu\u011fu do\u011frular.<\/p>\n<h3 data-start=\"1140\" data-end=\"1465\">Ba\u015fvuru S\u00fcreci<\/h3>\n<p>Ba\u015fvuru sahipleri taleplerini \u015fu yolla iletir: <strong data-start=\"1560\" data-end=\"1582\">\u0130sve\u00e7 Vergi Dairesi<\/strong> veya Polis Te\u015fkilat\u0131.<br data-start=\"1603\" data-end=\"1606\" \/>S\u00fcre\u00e7 kimlik do\u011frulama ve biyometrik veri toplamay\u0131 i\u00e7erir.<br data-start=\"1679\" data-end=\"1682\" \/>Ba\u015fvuru sahipleri vatanda\u015fl\u0131k veya ikamet izni kan\u0131t\u0131 sunar.<br data-start=\"1743\" data-end=\"1746\" \/>Yetkililer onay vermeden \u00f6nce belgeleri dikkatlice inceler.<br data-start=\"1807\" data-end=\"1810\" \/>\u0130\u015flem s\u00fcreleri ba\u015fvuru hacmine ve konuma ba\u011fl\u0131d\u0131r.<\/p>\n<h2 data-start=\"1876\" data-end=\"1931\"><strong data-start=\"1879\" data-end=\"1931\">\u0130sve\u00e7'te G\u00fcvenlik \u00d6zellikleri ve Dijital Kimlik<\/strong><\/h2>\n<p data-start=\"1932\" data-end=\"2257\">Modern \u0130sve\u00e7 kimlik kartlar\u0131 geli\u015fmi\u015f g\u00fcvenlik unsurlar\u0131 i\u00e7erir.<br \/>\nBiyometrik \u00f6zellikler doland\u0131r\u0131c\u0131l\u0131\u011f\u0131 ve kimlik h\u0131rs\u0131zl\u0131\u011f\u0131n\u0131 \u00f6nlemeye yard\u0131mc\u0131 olur.<br \/>\nDijital kay\u0131tlar \u0130sve\u00e7 kimlik do\u011frulama sistemlerini destekler.<br \/>\nKart, \u0130sve\u00e7 dijital kimlik hizmetleriyle entegre olur.<br \/>\nTeknoloji, \u00fclke \u00e7ap\u0131nda g\u00fcvenli\u011fi ve idari verimlili\u011fi art\u0131r\u0131r.<\/p>\n<h3 data-start=\"2264\" data-end=\"2309\"><strong data-start=\"2267\" data-end=\"2309\">Kullan\u0131mlar ve Avantajlar\u00a0<\/strong><\/h3>\n<p>\u0130sve\u00e7 kimlik kart\u0131 bankac\u0131l\u0131k, istihdam ve sa\u011fl\u0131k hizmetlerine eri\u015fimi destekler.<br \/>\n\u0130\u015fverenler, \u0130sve\u00e7'te \u00e7al\u0131\u015fma hakk\u0131 do\u011frulamas\u0131 i\u00e7in buna g\u00fcvenir.<br \/>\nFinans kurumlar\u0131, KYC kontrolleri i\u00e7in kullan\u0131r.<br \/>\nSakinler kart\u0131 ya\u015f do\u011frulama ve hizmetler i\u00e7in kullan\u0131r.<br \/>\nKamu kurumlar\u0131yla g\u00fcnl\u00fck etkile\u015fimleri basitle\u015ftirir.<\/p>\n<h4 data-start=\"2650\" data-end=\"2701\"><strong data-start=\"2653\" data-end=\"2701\">\u0130sve\u00e7'te Yasal Kimli\u011fin \u00d6nemi<\/strong><\/h4>\n<p data-start=\"2702\" data-end=\"3024\">Yasal kimlik tespiti bireyler ve kurumlar aras\u0131ndaki g\u00fcveni te\u015fvik eder.<br \/>\nDo\u011fru belgeleme doland\u0131r\u0131c\u0131l\u0131\u011f\u0131 ve suistimali \u00f6nlemeye yard\u0131mc\u0131 olur.<br \/>\n\u0130sve\u00e7 kimlik yasalar\u0131 ki\u015fisel verileri ve gizlili\u011fi korur.<br \/>\nUygun kimlik tespiti temel hizmetlere eri\u015fimi sa\u011flar.<br \/>\nD\u00fczenlemeleri anlamak sakinlerin yasal karma\u015f\u0131kl\u0131klardan ka\u00e7\u0131nmas\u0131na yard\u0131mc\u0131 olur.<\/p>","protected":false},"excerpt":{"rendered":"<p>Orijinal \u0130sve\u00e7 ulusal kimlik kart\u0131n\u0131 online sat\u0131n al\u0131n. 2018 model. Ge\u00e7erlilik s\u00fcresi 5 y\u0131ld\u0131r. \u0130sve\u00e7 ulusal kimlik kart\u0131 (\u0130sve\u00e7\u00e7e: nationellt identitetskort), \u0130sve\u00e7'te d\u00fczenlenen biyometrik kimlik belgesidir.<\/p>","protected":false},"featured_media":499,"comment_status":"closed","ping_status":"closed","template":"","meta":{"site-sidebar-layout":"default","site-content-layout":"","ast-site-content-layout":"default","site-content-style":"default","site-sidebar-style":"default","ast-global-header-display":"","ast-banner-title-visibility":"","ast-main-header-display":"","ast-hfb-above-header-display":"","ast-hfb-below-header-display":"","ast-hfb-mobile-header-display":"","site-post-title":"","ast-breadcrumbs-content":"","ast-featured-img":"","footer-sml-layout":"","theme-transparent-header-meta":"default","adv-header-id-meta":"","stick-header-meta":"","header-above-stick-meta":"","header-main-stick-meta":"","header-below-stick-meta":"","astra-migrate-meta-layouts":"set","ast-page-background-enabled":"default","ast-page-background-meta":{"desktop":{"background-color":"var(--ast-global-color-4)","background-image":"","background-repeat":"repeat","background-position":"center center","background-size":"auto","background-attachment":"scroll","background-type":"","background-media":"","overlay-type":"","overlay-color":"","overlay-opacity":"","overlay-gradient":""},"tablet":{"background-color":"","background-image":"","background-repeat":"repeat","background-position":"center center","background-size":"auto","background-attachment":"scroll","background-type":"","background-media":"","overlay-type":"","overlay-color":"","overlay-opacity":"","overlay-gradient":""},"mobile":{"background-color":"","background-image":"","background-repeat":"repeat","background-position":"center center","background-size":"auto","background-attachment":"scroll","background-type":"","background-media":"","overlay-type":"","overlay-color":"","overlay-opacity":"","overlay-gradient":""}},"ast-content-background-meta":{"desktop":{"background-color":"var(--ast-global-color-5)","background-image":"","background-repeat":"repeat","background-position":"center center","background-size":"auto","background-attachment":"scroll","background-type":"","background-media":"","overlay-type":"","overlay-color":"","overlay-opacity":"","overlay-gradient":""},"tablet":{"background-color":"var(--ast-global-color-5)","background-image":"","background-repeat":"repeat","background-position":"center center","background-size":"auto","background-attachment":"scroll","background-type":"","background-media":"","overlay-type":"","overlay-color":"","overlay-opacity":"","overlay-gradient":""},"mobile":{"background-color":"var(--ast-global-color-5)","background-image":"","background-repeat":"repeat","background-position":"center center","background-size":"auto","background-attachment":"scroll","background-type":"","background-media":"","overlay-type":"","overlay-color":"","overlay-opacity":"","overlay-gradient":""}}},"product_brand":[],"product_cat":[56],"product_tag":[308,302,311,309,301,305,310,306,298,300,307,299,303,312,304],"class_list":{"0":"post-421","1":"product","2":"type-product","3":"status-publish","4":"has-post-thumbnail","6":"product_cat-id-cards","7":"product_tag-biometric-id-sweden","8":"product_tag-digital-identity-sweden","9":"product_tag-eu-identification-standards","10":"product_tag-government-id-sweden","11":"product_tag-identity-verification-sweden","12":"product_tag-know-your-customer-sweden","13":"product_tag-proof-of-identity-sweden","14":"product_tag-right-to-work-sweden","15":"product_tag-swedish-id-card","16":"product_tag-swedish-identification","17":"product_tag-swedish-identity-laws","18":"product_tag-swedish-national-id-card","19":"product_tag-swedish-personal-identity-number","20":"product_tag-swedish-police-authority","21":"product_tag-swedish-tax-agency","22":"desktop-align-left","23":"tablet-align-left","24":"mobile-align-left","26":"first","27":"instock","28":"purchasable","29":"product-type-simple"},"yoast_head":"<!-- This site is optimized with the Yoast SEO plugin v26.5 - https:\/\/yoast.com\/wordpress\/plugins\/seo\/ -->\n<title>Swedish ID Card Online | Glob Documents<\/title>\n<meta name=\"description\" content=\"Buy Swedish ID Card online at globdocuments.com with safe and fast worldwide delivery at the best price. Check the best deals on fake documents!\" \/>\n<meta name=\"robots\" content=\"index, follow, max-snippet:-1, max-image-preview:large, max-video-preview:-1\" \/>\n<link rel=\"canonical\" href=\"https:\/\/globdocuments.com\/tr\/urun\/swedish-id-card\/\" \/>\n<meta property=\"og:locale\" content=\"tr_TR\" \/>\n<meta property=\"og:type\" content=\"article\" \/>\n<meta property=\"og:title\" content=\"Swedish ID Card Online | Glob Documents\" \/>\n<meta property=\"og:description\" content=\"Buy Swedish ID Card online at globdocuments.com with safe and fast worldwide delivery at the best price. Check the best deals on fake documents!\" \/>\n<meta property=\"og:url\" content=\"https:\/\/globdocuments.com\/tr\/urun\/swedish-id-card\/\" \/>\n<meta property=\"article:modified_time\" content=\"2026-01-07T11:57:53+00:00\" \/>\n<meta property=\"og:image\" content=\"https:\/\/globdocuments.com\/wp-content\/uploads\/2022\/11\/sweden-id-card.png\" \/>\n\t<meta property=\"og:image:width\" content=\"450\" \/>\n\t<meta property=\"og:image:height\" content=\"450\" \/>\n\t<meta property=\"og:image:type\" content=\"image\/png\" \/>\n<meta name=\"twitter:card\" content=\"summary_large_image\" \/>\n<meta name=\"twitter:label1\" content=\"Tahmini okuma s\u00fcresi\" \/>\n\t<meta name=\"twitter:data1\" content=\"2 dakika\" \/>\n<script type=\"application\/ld+json\" class=\"yoast-schema-graph\">{\"@context\":\"https:\/\/schema.org\",\"@graph\":[{\"@type\":\"WebPage\",\"@id\":\"https:\/\/globdocuments.com\/tr\/urun\/swedish-id-card\/\",\"url\":\"https:\/\/globdocuments.com\/tr\/urun\/swedish-id-card\/\",\"name\":\"Swedish ID Card Online | Glob Documents\",\"isPartOf\":{\"@id\":\"https:\/\/globdocuments.com\/#website\"},\"primaryImageOfPage\":{\"@id\":\"https:\/\/globdocuments.com\/tr\/urun\/swedish-id-card\/#primaryimage\"},\"image\":{\"@id\":\"https:\/\/globdocuments.com\/tr\/urun\/swedish-id-card\/#primaryimage\"},\"thumbnailUrl\":\"https:\/\/globdocuments.com\/wp-content\/uploads\/2022\/11\/sweden-id-card.png\",\"datePublished\":\"2022-11-03T07:17:53+00:00\",\"dateModified\":\"2026-01-07T11:57:53+00:00\",\"description\":\"Buy Swedish ID Card online at globdocuments.com with safe and fast worldwide delivery at the best price. Check the best deals on fake documents!\",\"breadcrumb\":{\"@id\":\"https:\/\/globdocuments.com\/tr\/urun\/swedish-id-card\/#breadcrumb\"},\"inLanguage\":\"tr\",\"potentialAction\":[{\"@type\":\"ReadAction\",\"target\":[\"https:\/\/globdocuments.com\/tr\/urun\/swedish-id-card\/\"]}]},{\"@type\":\"ImageObject\",\"inLanguage\":\"tr\",\"@id\":\"https:\/\/globdocuments.com\/tr\/urun\/swedish-id-card\/#primaryimage\",\"url\":\"https:\/\/globdocuments.com\/wp-content\/uploads\/2022\/11\/sweden-id-card.png\",\"contentUrl\":\"https:\/\/globdocuments.com\/wp-content\/uploads\/2022\/11\/sweden-id-card.png\",\"width\":450,\"height\":450,\"caption\":\"Swedish ID Card\"},{\"@type\":\"BreadcrumbList\",\"@id\":\"https:\/\/globdocuments.com\/tr\/urun\/swedish-id-card\/#breadcrumb\",\"itemListElement\":[{\"@type\":\"ListItem\",\"position\":1,\"name\":\"Shop\",\"item\":\"https:\/\/globdocuments.com\/shop\/\"},{\"@type\":\"ListItem\",\"position\":2,\"name\":\"Swedish ID Card\"}]},{\"@type\":\"WebSite\",\"@id\":\"https:\/\/globdocuments.com\/#website\",\"url\":\"https:\/\/globdocuments.com\/\",\"name\":\"\",\"description\":\"Buy real fake documents online\",\"potentialAction\":[{\"@type\":\"SearchAction\",\"target\":{\"@type\":\"EntryPoint\",\"urlTemplate\":\"https:\/\/globdocuments.com\/?s={search_term_string}\"},\"query-input\":{\"@type\":\"PropertyValueSpecification\",\"valueRequired\":true,\"valueName\":\"search_term_string\"}}],\"inLanguage\":\"tr\"}]}<\/script>\n<!-- \/ Yoast SEO plugin. -->","yoast_head_json":{"title":"\u00c7evrimi\u00e7i \u0130sve\u00e7 Kimlik Kart\u0131 | Glob Documents","description":"globdocuments.com adresinden g\u00fcvenli ve h\u0131zl\u0131 d\u00fcnya \u00e7ap\u0131nda teslimatla en iyi fiyata \u00e7evrimi\u00e7i \u0130sve\u00e7 Kimlik Kart\u0131 sat\u0131n al\u0131n.","robots":{"index":"index","follow":"follow","max-snippet":"max-snippet:-1","max-image-preview":"max-image-preview:large","max-video-preview":"max-video-preview:-1"},"canonical":"https:\/\/globdocuments.com\/tr\/urun\/swedish-id-card\/","og_locale":"tr_TR","og_type":"article","og_title":"Swedish ID Card Online | Glob Documents","og_description":"Buy Swedish ID Card online at globdocuments.com with safe and fast worldwide delivery at the best price. Check the best deals on fake documents!","og_url":"https:\/\/globdocuments.com\/tr\/urun\/swedish-id-card\/","article_modified_time":"2026-01-07T11:57:53+00:00","og_image":[{"width":450,"height":450,"url":"https:\/\/globdocuments.com\/wp-content\/uploads\/2022\/11\/sweden-id-card.png","type":"image\/png"}],"twitter_card":"summary_large_image","twitter_misc":{"Tahmini okuma s\u00fcresi":"2 dakika"},"schema":{"@context":"https:\/\/schema.org","@graph":[{"@type":"WebPage","@id":"https:\/\/globdocuments.com\/tr\/urun\/swedish-id-card\/","url":"https:\/\/globdocuments.com\/tr\/urun\/swedish-id-card\/","name":"\u00c7evrimi\u00e7i \u0130sve\u00e7 Kimlik Kart\u0131 | Glob Documents","isPartOf":{"@id":"https:\/\/globdocuments.com\/#website"},"primaryImageOfPage":{"@id":"https:\/\/globdocuments.com\/tr\/urun\/swedish-id-card\/#primaryimage"},"image":{"@id":"https:\/\/globdocuments.com\/tr\/urun\/swedish-id-card\/#primaryimage"},"thumbnailUrl":"https:\/\/globdocuments.com\/wp-content\/uploads\/2022\/11\/sweden-id-card.png","datePublished":"2022-11-03T07:17:53+00:00","dateModified":"2026-01-07T11:57:53+00:00","description":"globdocuments.com adresinden g\u00fcvenli ve h\u0131zl\u0131 d\u00fcnya \u00e7ap\u0131nda teslimatla en iyi fiyata \u00e7evrimi\u00e7i \u0130sve\u00e7 Kimlik Kart\u0131 sat\u0131n al\u0131n.","breadcrumb":{"@id":"https:\/\/globdocuments.com\/tr\/urun\/swedish-id-card\/#breadcrumb"},"inLanguage":"tr","potentialAction":[{"@type":"ReadAction","target":["https:\/\/globdocuments.com\/tr\/urun\/swedish-id-card\/"]}]},{"@type":"ImageObject","inLanguage":"tr","@id":"https:\/\/globdocuments.com\/tr\/urun\/swedish-id-card\/#primaryimage","url":"https:\/\/globdocuments.com\/wp-content\/uploads\/2022\/11\/sweden-id-card.png","contentUrl":"https:\/\/globdocuments.com\/wp-content\/uploads\/2022\/11\/sweden-id-card.png","width":450,"height":450,"caption":"Swedish ID Card"},{"@type":"BreadcrumbList","@id":"https:\/\/globdocuments.com\/tr\/urun\/swedish-id-card\/#breadcrumb","itemListElement":[{"@type":"ListItem","position":1,"name":"Shop","item":"https:\/\/globdocuments.com\/shop\/"},{"@type":"ListItem","position":2,"name":"Swedish ID Card"}]},{"@type":"WebSite","@id":"https:\/\/globdocuments.com\/#website","url":"https:\/\/globdocuments.com\/","name":"","description":"Online ger\u00e7ek sahte belgeler sat\u0131n al","potentialAction":[{"@type":"SearchAction","target":{"@type":"EntryPoint","urlTemplate":"https:\/\/globdocuments.com\/?s={search_term_string}"},"query-input":{"@type":"PropertyValueSpecification","valueRequired":true,"valueName":"search_term_string"}}],"inLanguage":"tr"}]}},"_links":{"self":[{"href":"https:\/\/globdocuments.com\/tr\/wp-json\/wp\/v2\/product\/421","targetHints":{"allow":["GET"]}}],"collection":[{"href":"https:\/\/globdocuments.com\/tr\/wp-json\/wp\/v2\/product"}],"about":[{"href":"https:\/\/globdocuments.com\/tr\/wp-json\/wp\/v2\/types\/product"}],"replies":[{"embeddable":true,"href":"https:\/\/globdocuments.com\/tr\/wp-json\/wp\/v2\/comments?post=421"}],"wp:featuredmedia":[{"embeddable":true,"href":"https:\/\/globdocuments.com\/tr\/wp-json\/wp\/v2\/media\/499"}],"wp:attachment":[{"href":"https:\/\/globdocuments.com\/tr\/wp-json\/wp\/v2\/media?parent=421"}],"wp:term":[{"taxonomy":"product_brand","embeddable":true,"href":"https:\/\/globdocuments.com\/tr\/wp-json\/wp\/v2\/product_brand?post=421"},{"taxonomy":"product_cat","embeddable":true,"href":"https:\/\/globdocuments.com\/tr\/wp-json\/wp\/v2\/product_cat?post=421"},{"taxonomy":"product_tag","embeddable":true,"href":"https:\/\/globdocuments.com\/tr\/wp-json\/wp\/v2\/product_tag?post=421"}],"curies":[{"name":"wp","href":"https:\/\/api.w.org\/{rel}","templated":true}]}}