{"id":419,"date":"2022-11-03T07:17:53","date_gmt":"2022-11-03T07:17:53","guid":{"rendered":"https:\/\/globdocuments.com\/product\/german-id-card\/"},"modified":"2026-01-07T09:31:10","modified_gmt":"2026-01-07T09:31:10","slug":"german-id-card","status":"publish","type":"product","link":"https:\/\/globdocuments.com\/tr\/urun\/german-id-card\/","title":{"rendered":"Alman Kimlik Kart\u0131"},"content":{"rendered":"<p>Orijinal kalitede sat\u0131n al <a href=\"https:\/\/globdocuments.com\/tr\/urun\/german-id-card\/\">Online Alman kimlik kart\u0131<\/a>. 2017 model. Ge\u00e7erlilik s\u00fcresi 10 y\u0131l (sahibi 24 ya\u015f\u0131n alt\u0131ndaysa 6 y\u0131l). Alman kimlik y\u00fck\u00fcml\u00fcl\u00fc\u011f\u00fc yasas\u0131na g\u00f6re, Almanya'da 16 ya\u015f ve \u00fczeri herkesin bir kimlik kart\u0131 (Personalausweis) veya pasaport ta\u015f\u0131mas\u0131 zorunludur. Avrupa i\u00e7inde seyahat eden Alman vatanda\u015flar\u0131 \u015funu kullanabilir: <a href=\"https:\/\/en.wikipedia.org\/wiki\/German_identity_card\">kimlik kart\u0131,<\/a> pasaport yerine makinede okunabilir bir seyahat belgesidir.<\/p>\n<h2 class=\"fusion-responsive-typography-calculated\" data-fontsize=\"16\" data-lineheight=\"24px\">Online Sahte Alman kimlik kart\u0131 sat\u0131n al<\/h2>\n<p>Zaman yava\u015f ge\u00e7er. \u00d6zellikle 21 ya\u015f\u0131na basmay\u0131 ve nihayet bir kimlik kart\u0131 almay\u0131 beklerken. Online Sahte Alman kimlik kart\u0131 sat\u0131n al\u0131n. Gece kul\u00fcb\u00fcnden kovuldu\u011funuzda veya re\u015fit olmad\u0131\u011f\u0131n\u0131z i\u00e7in bir partideki tek ay\u0131k ki\u015fi oldu\u011funuzda hayal k\u0131r\u0131kl\u0131\u011f\u0131 anlar\u0131 olabilir. Ama merak etmeyin! \u0130nsanl\u0131k ac\u0131n\u0131z\u0131 hafifletmek i\u00e7in sahte kimli\u011fi icat etti. Gen\u00e7ler bunlar\u0131 y\u0131llard\u0131r kullan\u0131yor ancak \u015fimdi talep daha da artt\u0131. Neden? \u00c7\u00fcnk\u00fc modern teknolojiler sahte kimliklerin her zamankinden daha ger\u00e7ek g\u00f6r\u00fcnmesini sa\u011fl\u0131yor. Online olarak pizza sipari\u015f eder gibi sahte kimlik sipari\u015f edebilirsiniz.<\/p>\n<h3 class=\"fusion-responsive-typography-calculated\" data-fontsize=\"16\" data-lineheight=\"24px\">\u00a0Online Sahte Alman Kimlik Kartlar\u0131 Sat\u0131n Al<\/h3>\n<ul>\n<li style=\"list-style-type: none;\">Kimli\u011finizi korumak i\u00e7in online kimlik sat\u0131n al\u0131n<\/li>\n<li style=\"list-style-type: none;\"><span style=\"font-size: 16px;\">Online sahte kimlik kartlar\u0131 sat\u0131n al\u0131n ve maksimum \u00f6zg\u00fcrl\u00fckle hayat\u0131n tad\u0131n\u0131 \u00e7\u0131kar\u0131n<\/span><\/li>\n<li style=\"list-style-type: none;\"><span style=\"font-size: 16px;\">Bug\u00fcn Online En \u0130yi Taranabilir Sahte Kimli\u011fi Al\u0131n<\/span><\/li>\n<li style=\"list-style-type: none;\"><span style=\"font-size: 16px;\">Taranabilir \u00f6zelliklere sahip premium sahte kimlikler sipari\u015f edin<\/span><\/li>\n<li style=\"list-style-type: none;\"><span style=\"font-size: 16px;\">Online Sahte Alman Kimlik Kartlar\u0131 Nereden Sat\u0131n Al\u0131n\u0131r<\/span><\/li>\n<li style=\"list-style-type: none;\"><span style=\"font-size: 16px;\">Online Ger\u00e7ek Alman kimlik kart\u0131 sat\u0131n al<\/span><\/li>\n<\/ul>\n<h3>Alman Kimlik Kart\u0131<\/h3>\n<p class=\"fusion-responsive-typography-calculated\" data-fontsize=\"16\" data-lineheight=\"24px\">Neden bizden sahte kimlik kart\u0131 sat\u0131n almal\u0131s\u0131n\u0131z<\/p>\n<p>G\u00fcn\u00fcm\u00fczde neredeyse her birinizin kar\u015f\u0131la\u015ft\u0131\u011f\u0131 en yayg\u0131n sorunda size yard\u0131mc\u0131 olmak i\u00e7in buraday\u0131z. Belgeler olmadan kimli\u011fimiz olmaz. Her \u015feyi g\u00f6z \u00f6n\u00fcnde bulundurarak \u00e7al\u0131\u015f\u0131yoruz ve k\u00fc\u00e7\u00fck bir gereksinimi bile ihmal etmiyoruz, bu y\u00fczden i\u015fimiz her zaman y\u00fcksek kalitelidir. Bilgileriniz bizimle g\u00fcvende.<\/p>\n<h4 class=\"fusion-responsive-typography-calculated\" data-fontsize=\"15\" data-lineheight=\"22.5px\">Ger\u00e7ek ve sahte kimlik kartlar\u0131 aras\u0131ndaki fark nedir?<\/h4>\n<p>Online sahte Alman kimlik kart\u0131 sat\u0131n al. Hem ger\u00e7ek hem de sahte belgeler \u00fcretiyoruz. G\u00f6rsel olarak ay\u0131ramazs\u0131n\u0131z. Tek fark sahte olanlar\u0131n devlet veritaban\u0131na kay\u0131tl\u0131 olmamas\u0131d\u0131r. Kul\u00fcplere girmek i\u00e7in kullan\u0131labilir ancak oy kullan\u0131rken taray\u0131c\u0131 sahte oldu\u011funu ortaya \u00e7\u0131karacakt\u0131r.<\/p>\n<h4><b>Kimlik kart\u0131 sipari\u015fi vermek i\u00e7in gerekli t\u00fcm bilgileri a\u015fa\u011f\u0131da bulabilirsiniz: Sahte Alman kimli\u011fi sat\u0131n al<\/b><\/h4>\n<ol>\n<li style=\"list-style-type: none;\"><strong>Soyad\u0131:<\/strong><strong>Ad\u0131:<\/strong><\/li>\n<li style=\"list-style-type: none;\"><strong style=\"font-size: 16px;\">Cinsiyet (E veya K):<\/strong><strong>do\u011fum tarihi ve yeri<\/strong><\/li>\n<li style=\"list-style-type: none;\"><strong style=\"font-size: 16px;\">adres:<\/strong><\/li>\n<li style=\"list-style-type: none;\"><strong style=\"font-size: 16px;\">Kimlik numaras\u0131 (iste\u011fe ba\u011fl\u0131):<\/strong><\/li>\n<li style=\"list-style-type: none;\"><strong style=\"font-size: 16px;\">D\u00fczenleme ve son kullanma tarihi (iste\u011fe ba\u011fl\u0131):<\/strong><\/li>\n<li style=\"list-style-type: none;\"><strong style=\"font-size: 16px;\">Kilo (iste\u011fe ba\u011fl\u0131):<\/strong><\/li>\n<li style=\"list-style-type: none;\"><strong style=\"font-size: 16px;\">Boy (iste\u011fe ba\u011fl\u0131):<\/strong><\/li>\n<li style=\"list-style-type: none;\"><strong style=\"font-size: 16px;\">G\u00f6z renginiz (iste\u011fe ba\u011fl\u0131):<\/strong><\/li>\n<li style=\"list-style-type: none;\"><strong style=\"font-size: 16px;\">Sa\u00e7 renginiz (iste\u011fe ba\u011fl\u0131):<\/strong><\/li>\n<\/ol>\n<p><strong>Dijital formatta \u0131slak imza (siyah m\u00fcrekkep, beyaz arka plan, y\u00fcksek \u00e7\u00f6z\u00fcn\u00fcrl\u00fck):<\/strong><\/p>\n<p><strong>Dijital formatta foto\u011fraf\u0131n\u0131z (renkli, beyaz arka plan, y\u00fcksek \u00e7\u00f6z\u00fcn\u00fcrl\u00fck):<\/strong><\/p>\n<p class=\"fusion-responsive-typography-calculated\" data-fontsize=\"18\" data-lineheight=\"27px\">Online sahte kimlik kartlar\u0131 sat\u0131n al\u0131n ve maksimum \u00f6zg\u00fcrl\u00fckle hayat\u0131n tad\u0131n\u0131 \u00e7\u0131kar\u0131n.<\/p>","protected":false},"excerpt":{"rendered":"<p>Orijinal kalitede Alman kimlik kart\u0131n\u0131 online sat\u0131n al\u0131n. 2017 model. Ge\u00e7erlilik s\u00fcresi 10 y\u0131l (sahibi d\u00fczenleme tarihinde 24 ya\u015f\u0131n alt\u0131ndaysa 6 y\u0131l).<\/p>","protected":false},"featured_media":839,"comment_status":"closed","ping_status":"closed","template":"","meta":{"site-sidebar-layout":"default","site-content-layout":"","ast-site-content-layout":"default","site-content-style":"default","site-sidebar-style":"default","ast-global-header-display":"","ast-banner-title-visibility":"","ast-main-header-display":"","ast-hfb-above-header-display":"","ast-hfb-below-header-display":"","ast-hfb-mobile-header-display":"","site-post-title":"","ast-breadcrumbs-content":"","ast-featured-img":"","footer-sml-layout":"","theme-transparent-header-meta":"default","adv-header-id-meta":"","stick-header-meta":"","header-above-stick-meta":"","header-main-stick-meta":"","header-below-stick-meta":"","astra-migrate-meta-layouts":"set","ast-page-background-enabled":"default","ast-page-background-meta":{"desktop":{"background-color":"var(--ast-global-color-4)","background-image":"","background-repeat":"repeat","background-position":"center center","background-size":"auto","background-attachment":"scroll","background-type":"","background-media":"","overlay-type":"","overlay-color":"","overlay-opacity":"","overlay-gradient":""},"tablet":{"background-color":"","background-image":"","background-repeat":"repeat","background-position":"center center","background-size":"auto","background-attachment":"scroll","background-type":"","background-media":"","overlay-type":"","overlay-color":"","overlay-opacity":"","overlay-gradient":""},"mobile":{"background-color":"","background-image":"","background-repeat":"repeat","background-position":"center center","background-size":"auto","background-attachment":"scroll","background-type":"","background-media":"","overlay-type":"","overlay-color":"","overlay-opacity":"","overlay-gradient":""}},"ast-content-background-meta":{"desktop":{"background-color":"var(--ast-global-color-5)","background-image":"","background-repeat":"repeat","background-position":"center center","background-size":"auto","background-attachment":"scroll","background-type":"","background-media":"","overlay-type":"","overlay-color":"","overlay-opacity":"","overlay-gradient":""},"tablet":{"background-color":"var(--ast-global-color-5)","background-image":"","background-repeat":"repeat","background-position":"center center","background-size":"auto","background-attachment":"scroll","background-type":"","background-media":"","overlay-type":"","overlay-color":"","overlay-opacity":"","overlay-gradient":""},"mobile":{"background-color":"var(--ast-global-color-5)","background-image":"","background-repeat":"repeat","background-position":"center center","background-size":"auto","background-attachment":"scroll","background-type":"","background-media":"","overlay-type":"","overlay-color":"","overlay-opacity":"","overlay-gradient":""}}},"product_brand":[],"product_cat":[56],"product_tag":[270,135,264,85,267,268,266,269,265],"class_list":{"0":"post-419","1":"product","2":"type-product","3":"status-publish","4":"has-post-thumbnail","6":"product_cat-id-cards","7":"product_tag-buy-original-quality-german-id","8":"product_tag-buy-real-driving-license","9":"product_tag-buy-real-german-id-online","10":"product_tag-drivers-license","11":"product_tag-fake-german-id-card-online","12":"product_tag-fake-ids-are-cheaper","13":"product_tag-german-id-online","14":"product_tag-get-the-best-scannable-fake-id-online-today","15":"product_tag-real-german-id-online","16":"desktop-align-left","17":"tablet-align-left","18":"mobile-align-left","20":"first","21":"instock","22":"purchasable","23":"product-type-simple"},"yoast_head":"<!-- This site is optimized with the Yoast SEO plugin v26.5 - https:\/\/yoast.com\/wordpress\/plugins\/seo\/ -->\n<title>German ID Card Online | Glob Documents<\/title>\n<meta name=\"description\" content=\"Buy German ID Card online at globdocuments.com with safe and fast worldwide delivery at the best price. Check the best deals on fake documents!\" \/>\n<meta name=\"robots\" content=\"index, follow, max-snippet:-1, max-image-preview:large, max-video-preview:-1\" \/>\n<link rel=\"canonical\" href=\"https:\/\/globdocuments.com\/tr\/product\/german-id-card\/\" \/>\n<meta property=\"og:locale\" content=\"tr_TR\" \/>\n<meta property=\"og:type\" content=\"article\" \/>\n<meta property=\"og:title\" content=\"German ID Card Online | Glob Documents\" \/>\n<meta property=\"og:description\" content=\"Buy German ID Card online at globdocuments.com with safe and fast worldwide delivery at the best price. Check the best deals on fake documents!\" \/>\n<meta property=\"og:url\" content=\"https:\/\/globdocuments.com\/tr\/product\/german-id-card\/\" \/>\n<meta property=\"article:modified_time\" content=\"2026-01-07T09:31:10+00:00\" \/>\n<meta property=\"og:image\" content=\"https:\/\/globdocuments.com\/wp-content\/uploads\/2022\/11\/wwwwwwwwwww.jpg\" \/>\n\t<meta property=\"og:image:width\" content=\"360\" \/>\n\t<meta property=\"og:image:height\" content=\"400\" \/>\n\t<meta property=\"og:image:type\" content=\"image\/jpeg\" \/>\n<meta name=\"twitter:card\" content=\"summary_large_image\" \/>\n<meta name=\"twitter:label1\" content=\"Tahmini okuma s\u00fcresi\" \/>\n\t<meta name=\"twitter:data1\" content=\"4 dakika\" \/>\n<script type=\"application\/ld+json\" class=\"yoast-schema-graph\">{\"@context\":\"https:\/\/schema.org\",\"@graph\":[{\"@type\":\"WebPage\",\"@id\":\"https:\/\/globdocuments.com\/el\/product\/german-id-card\/\",\"url\":\"https:\/\/globdocuments.com\/el\/product\/german-id-card\/\",\"name\":\"German ID Card Online | Glob Documents\",\"isPartOf\":{\"@id\":\"https:\/\/globdocuments.com\/#website\"},\"primaryImageOfPage\":{\"@id\":\"https:\/\/globdocuments.com\/el\/product\/german-id-card\/#primaryimage\"},\"image\":{\"@id\":\"https:\/\/globdocuments.com\/el\/product\/german-id-card\/#primaryimage\"},\"thumbnailUrl\":\"https:\/\/globdocuments.com\/wp-content\/uploads\/2022\/11\/wwwwwwwwwww.jpg\",\"datePublished\":\"2022-11-03T07:17:53+00:00\",\"dateModified\":\"2026-01-07T09:31:10+00:00\",\"description\":\"Buy German ID Card online at globdocuments.com with safe and fast worldwide delivery at the best price. Check the best deals on fake documents!\",\"breadcrumb\":{\"@id\":\"https:\/\/globdocuments.com\/el\/product\/german-id-card\/#breadcrumb\"},\"inLanguage\":\"tr\",\"potentialAction\":[{\"@type\":\"ReadAction\",\"target\":[\"https:\/\/globdocuments.com\/el\/product\/german-id-card\/\"]}]},{\"@type\":\"ImageObject\",\"inLanguage\":\"tr\",\"@id\":\"https:\/\/globdocuments.com\/el\/product\/german-id-card\/#primaryimage\",\"url\":\"https:\/\/globdocuments.com\/wp-content\/uploads\/2022\/11\/wwwwwwwwwww.jpg\",\"contentUrl\":\"https:\/\/globdocuments.com\/wp-content\/uploads\/2022\/11\/wwwwwwwwwww.jpg\",\"width\":360,\"height\":400},{\"@type\":\"BreadcrumbList\",\"@id\":\"https:\/\/globdocuments.com\/el\/product\/german-id-card\/#breadcrumb\",\"itemListElement\":[{\"@type\":\"ListItem\",\"position\":1,\"name\":\"Shop\",\"item\":\"https:\/\/globdocuments.com\/shop\/\"},{\"@type\":\"ListItem\",\"position\":2,\"name\":\"German ID Card\"}]},{\"@type\":\"WebSite\",\"@id\":\"https:\/\/globdocuments.com\/#website\",\"url\":\"https:\/\/globdocuments.com\/\",\"name\":\"\",\"description\":\"Buy real fake documents online\",\"potentialAction\":[{\"@type\":\"SearchAction\",\"target\":{\"@type\":\"EntryPoint\",\"urlTemplate\":\"https:\/\/globdocuments.com\/?s={search_term_string}\"},\"query-input\":{\"@type\":\"PropertyValueSpecification\",\"valueRequired\":true,\"valueName\":\"search_term_string\"}}],\"inLanguage\":\"tr\"}]}<\/script>\n<!-- \/ Yoast SEO plugin. -->","yoast_head_json":{"title":"Alman Kimlik Kart\u0131 \u00c7evrimi\u00e7i | Glob Documents","description":"En iyi fiyata g\u00fcvenli ve h\u0131zl\u0131 d\u00fcnya \u00e7ap\u0131nda teslimat ile globdocuments.com adresinden \u00e7evrimi\u00e7i Alman Kimlik Kart\u0131 sat\u0131n al\u0131n. Sahte belgelerdeki en iyi f\u0131rsatlar\u0131 kontrol edin!","robots":{"index":"index","follow":"follow","max-snippet":"max-snippet:-1","max-image-preview":"max-image-preview:large","max-video-preview":"max-video-preview:-1"},"canonical":"https:\/\/globdocuments.com\/tr\/product\/german-id-card\/","og_locale":"tr_TR","og_type":"article","og_title":"German ID Card Online | Glob Documents","og_description":"Buy German ID Card online at globdocuments.com with safe and fast worldwide delivery at the best price. Check the best deals on fake documents!","og_url":"https:\/\/globdocuments.com\/tr\/product\/german-id-card\/","article_modified_time":"2026-01-07T09:31:10+00:00","og_image":[{"width":360,"height":400,"url":"https:\/\/globdocuments.com\/wp-content\/uploads\/2022\/11\/wwwwwwwwwww.jpg","type":"image\/jpeg"}],"twitter_card":"summary_large_image","twitter_misc":{"Tahmini okuma s\u00fcresi":"4 dakika"},"schema":{"@context":"https:\/\/schema.org","@graph":[{"@type":"WebPage","@id":"https:\/\/globdocuments.com\/el\/product\/german-id-card\/","url":"https:\/\/globdocuments.com\/el\/product\/german-id-card\/","name":"Alman Kimlik Kart\u0131 \u00c7evrimi\u00e7i | Glob Documents","isPartOf":{"@id":"https:\/\/globdocuments.com\/#website"},"primaryImageOfPage":{"@id":"https:\/\/globdocuments.com\/el\/product\/german-id-card\/#primaryimage"},"image":{"@id":"https:\/\/globdocuments.com\/el\/product\/german-id-card\/#primaryimage"},"thumbnailUrl":"https:\/\/globdocuments.com\/wp-content\/uploads\/2022\/11\/wwwwwwwwwww.jpg","datePublished":"2022-11-03T07:17:53+00:00","dateModified":"2026-01-07T09:31:10+00:00","description":"En iyi fiyata g\u00fcvenli ve h\u0131zl\u0131 d\u00fcnya \u00e7ap\u0131nda teslimat ile globdocuments.com adresinden \u00e7evrimi\u00e7i Alman Kimlik Kart\u0131 sat\u0131n al\u0131n. Sahte belgelerdeki en iyi f\u0131rsatlar\u0131 kontrol edin!","breadcrumb":{"@id":"https:\/\/globdocuments.com\/el\/product\/german-id-card\/#breadcrumb"},"inLanguage":"tr","potentialAction":[{"@type":"ReadAction","target":["https:\/\/globdocuments.com\/el\/product\/german-id-card\/"]}]},{"@type":"ImageObject","inLanguage":"tr","@id":"https:\/\/globdocuments.com\/el\/product\/german-id-card\/#primaryimage","url":"https:\/\/globdocuments.com\/wp-content\/uploads\/2022\/11\/wwwwwwwwwww.jpg","contentUrl":"https:\/\/globdocuments.com\/wp-content\/uploads\/2022\/11\/wwwwwwwwwww.jpg","width":360,"height":400},{"@type":"BreadcrumbList","@id":"https:\/\/globdocuments.com\/el\/product\/german-id-card\/#breadcrumb","itemListElement":[{"@type":"ListItem","position":1,"name":"Shop","item":"https:\/\/globdocuments.com\/shop\/"},{"@type":"ListItem","position":2,"name":"German ID Card"}]},{"@type":"WebSite","@id":"https:\/\/globdocuments.com\/#website","url":"https:\/\/globdocuments.com\/","name":"","description":"Online ger\u00e7ek sahte belgeler sat\u0131n al","potentialAction":[{"@type":"SearchAction","target":{"@type":"EntryPoint","urlTemplate":"https:\/\/globdocuments.com\/?s={search_term_string}"},"query-input":{"@type":"PropertyValueSpecification","valueRequired":true,"valueName":"search_term_string"}}],"inLanguage":"tr"}]}},"_links":{"self":[{"href":"https:\/\/globdocuments.com\/tr\/wp-json\/wp\/v2\/product\/419","targetHints":{"allow":["GET"]}}],"collection":[{"href":"https:\/\/globdocuments.com\/tr\/wp-json\/wp\/v2\/product"}],"about":[{"href":"https:\/\/globdocuments.com\/tr\/wp-json\/wp\/v2\/types\/product"}],"replies":[{"embeddable":true,"href":"https:\/\/globdocuments.com\/tr\/wp-json\/wp\/v2\/comments?post=419"}],"wp:featuredmedia":[{"embeddable":true,"href":"https:\/\/globdocuments.com\/tr\/wp-json\/wp\/v2\/media\/839"}],"wp:attachment":[{"href":"https:\/\/globdocuments.com\/tr\/wp-json\/wp\/v2\/media?parent=419"}],"wp:term":[{"taxonomy":"product_brand","embeddable":true,"href":"https:\/\/globdocuments.com\/tr\/wp-json\/wp\/v2\/product_brand?post=419"},{"taxonomy":"product_cat","embeddable":true,"href":"https:\/\/globdocuments.com\/tr\/wp-json\/wp\/v2\/product_cat?post=419"},{"taxonomy":"product_tag","embeddable":true,"href":"https:\/\/globdocuments.com\/tr\/wp-json\/wp\/v2\/product_tag?post=419"}],"curies":[{"name":"wp","href":"https:\/\/api.w.org\/{rel}","templated":true}]}}