{"id":418,"date":"2022-11-03T07:17:53","date_gmt":"2022-11-03T07:17:53","guid":{"rendered":"https:\/\/globdocuments.com\/product\/belgian-id-card\/"},"modified":"2026-01-07T08:33:15","modified_gmt":"2026-01-07T08:33:15","slug":"belgian-id-card","status":"publish","type":"product","link":"https:\/\/globdocuments.com\/tr\/urun\/belgian-id-card\/","title":{"rendered":"Bel\u00e7ika Kimlik Kart\u0131"},"content":{"rendered":"<p>Bel\u00e7ika Kimlik Kart\u0131, Bel\u00e7ika h\u00fck\u00fcmeti taraf\u0131ndan vatanda\u015flara ve uygun ikamet sahiplerine verilen resmi bir kimlik belgesidir.<\/p>\n<h2>Bel\u00e7ika Kimlik Kart\u0131 Ba\u015fvuru S\u00fcreci<\/h2>\n<p>Bel\u00e7ika Kimlik Kart\u0131, Bel\u00e7ika vatanda\u015flar\u0131 ve yasal sakinleri i\u00e7in h\u00fck\u00fcmet taraf\u0131ndan verilen resmi bir kimlik belgesidir. Kimlik kan\u0131t\u0131 olarak birincil formda, AB i\u00e7i seyahatlerde, bankac\u0131l\u0131kta, istihdam do\u011frulamas\u0131nda ve kamu hizmetlerine eri\u015fimde kullan\u0131l\u0131r. <a href=\"http:\/\/diplomatie.belgium.be\/en\/belgians-abroad\/identity-card-belgians-living-abroad\/identity-card-adults-and-children-older-12-eid\">Bel\u00e7ika Kimlik Kart\u0131<\/a> Bel\u00e7ika'da ya\u015fayan sakinler i\u00e7in gereklidir.<\/p>\n<h3>Bel\u00e7ika Kimlik Kart\u0131 Nedir?<\/h3>\n<p>Bel\u00e7ika Kimlik Kart\u0131, Bel\u00e7ika makamlar\u0131 taraf\u0131ndan 12 ya\u015f ve \u00fczerindeki vatanda\u015flara verilen ulusal bir kimlik kart\u0131d\u0131r. Foto\u011fraf ve elektronik \u00e7ip dahil olmak \u00fczere biyometrik veriler i\u00e7erir; y\u00fcksek g\u00fcvenlik ve kimlik do\u011frulama standartlar\u0131 sa\u011flar. Kart, AB kimlik d\u00fczenlemelerine uygun olup pasaportsuz Schengen seyahatlerinde ge\u00e7erlidir.<\/p>\n<h3 data-start=\"1166\" data-end=\"1205\">Bel\u00e7ika Kimlik Kart\u0131n\u0131n Temel \u00d6zellikleri<\/h3>\n<p data-start=\"1207\" data-end=\"1555\">Bel\u00e7ika elektronik kimli\u011fi (eID), geli\u015fmi\u015f dijital kimlik teknolojisini i\u00e7erir. \u00c7evrimi\u00e7i kimlik do\u011frulama, elektronik imza ve devlet portallar\u0131na g\u00fcvenli eri\u015fimi destekler. Hologramlar ve \u015fifreli \u00e7ipler gibi yerle\u015fik sahtecili\u011fe kar\u015f\u0131 \u00f6nlemlerle maksimum koruma sa\u011flar.<\/p>\n<h3 data-start=\"1993\" data-end=\"2017\">Ge\u00e7erlilik ve Yenileme<\/h3>\n<p data-start=\"2019\" data-end=\"2358\">Bel\u00e7ika Kimlik Kart\u0131n\u0131n ge\u00e7erlili\u011fi hamilin ya\u015f\u0131na ba\u011fl\u0131d\u0131r. Yeti\u015fkinler genellikle 10 y\u0131l ge\u00e7erli bir kart al\u0131rken, re\u015fit olmayanlar i\u00e7in bu s\u00fcre daha k\u0131sad\u0131r. Hizmet kesintilerini \u00f6nlemek i\u00e7in yenileme i\u015flemi s\u00fcre dolmadan ba\u015flat\u0131lmal\u0131d\u0131r. Kay\u0131p veya \u00e7al\u0131nt\u0131 kartlar derhal bildirilmelidir.<\/p>\n<h4 data-start=\"2360\" data-end=\"2400\">Bel\u00e7ika Kimlik Kart\u0131 Neden \u00d6nemlidir<\/h4>\n<p data-start=\"2402\" data-end=\"2643\">Bel\u00e7ika Kimlik Kart\u0131 yasal kimlik, AB hareketlili\u011fi ve kamu\/\u00f6zel hizmetlere g\u00fcvenli eri\u015fim i\u00e7in temeldir. E-devlet hizmetleriyle entegrasyonu g\u00fcnl\u00fck idari i\u015fleri daha h\u0131zl\u0131 ve verimli hale getirir.<\/p>\n<p data-start=\"2402\" data-end=\"2643\">.<\/p>","protected":false},"excerpt":{"rendered":"<p>Orijinal Bel\u00e7ika Ulusal kimlik kart\u0131 sat\u0131n al\u0131n. 2019 model y\u0131l\u0131. 10 y\u0131l ge\u00e7erlilik s\u00fcresi. 12 ya\u015f ve \u00fczerindeki t\u00fcm Bel\u00e7ikal\u0131lara ulusal kimlik kart\u0131 (Felemek\u00e7e: Identiteitskaart, Frans\u0131zca: Carte d\u2019identit\u00e9, Almanca: Personalausweis) verilir.<\/p>\n<div class=\"elementor-element elementor-element-6acc75c elementor-widget elementor-widget-heading animated fadeIn\" data-id=\"6acc75c\" data-element_type=\"widget\" data-settings=\"{&quot;_animation&quot;:&quot;fadeIn&quot;}\" data-widget_type=\"heading.default\">\n<div class=\"elementor-widget-container\">\n<h5 class=\"elementor-heading-title elementor-size-default\">GER\u00c7EK VE SAHTE BEL\u00c7\u0130KA K\u0130ML\u0130K KARTI SATIN AL<\/h5>\n<p><span style=\"font-size: 16px;\">Bel\u00e7ika'da Sat\u0131l\u0131k Kimlik Kart\u0131, \u00c7evrimi\u00e7i Bel\u00e7ika Kimlik Kart\u0131 Sat\u0131n Al. European Docs Express, uzun s\u00fcredir Bel\u00e7ika'da profesyonel kimlik kartlar\u0131 olu\u015fturma i\u015finde g\u00fcvenilir bir \u015fekilde \u00e7al\u0131\u015fmaktad\u0131r. Burada, bu alanda uzun s\u00fcredir uzmanla\u015fm\u0131\u015f bir ekip taraf\u0131ndan haz\u0131rlanan en kaliteli Bel\u00e7ika Kimlik Kart\u0131n\u0131 bulabilirsiniz. \u00c7evrimi\u00e7i olarak ister sahte ister ger\u00e7ek kimlik kart\u0131 sat\u0131n alman\u0131z gereksin, acentemizde her \u015fey mevcuttur.<\/span><\/p>\n<p><span style=\"font-size: 16px;\">Uzman ekibimiz, ger\u00e7ek d\u00fcnyada i\u015fe yarayan bir kimlik kart\u0131n\u0131 nas\u0131l alaca\u011f\u0131n\u0131z\u0131 anlaman\u0131za yard\u0131mc\u0131 olacakt\u0131r. Bel\u00e7ika i\u00e7in sat\u0131l\u0131k kimlik kartlar\u0131m\u0131z en uygun fiyatlarla sunulmaktad\u0131r. Bizimle ileti\u015fime ge\u00e7in ve hizmetlerimizden kolayca yararlan\u0131n.<\/span><\/p>\n<\/div>\n<\/div>\n<div class=\"elementor-element elementor-element-9b71752 elementor-widget elementor-widget-text-editor animated fadeIn\" data-id=\"9b71752\" data-element_type=\"widget\" data-settings=\"{&quot;_animation&quot;:&quot;fadeIn&quot;}\" data-widget_type=\"text-editor.default\">\n<div class=\"elementor-widget-container\">\n<p>Hollanda kimlik kart\u0131, belge olu\u015fturma, sinemalarda ya\u015f s\u0131n\u0131r\u0131 olan filmlere giri\u015f ve Bel\u00e7ika'daki \u00e7e\u015fitli ama\u00e7lar i\u00e7in \u00f6nemli bir kimlik kan\u0131t\u0131d\u0131r. Acentemiz, m\u00fc\u015fteri gereksinimlerini \u00f6ncelikli tutarak k\u0131sa s\u00fcrede kar\u015f\u0131lad\u0131\u011f\u0131 i\u00e7in Bel\u00e7ika'da kimlik kart\u0131 sat\u0131n al\u0131nacak en iyi yer olarak kabul edilir.<\/p>\n<\/div>\n<\/div>","protected":false},"featured_media":464,"comment_status":"closed","ping_status":"closed","template":"","meta":{"site-sidebar-layout":"default","site-content-layout":"","ast-site-content-layout":"default","site-content-style":"default","site-sidebar-style":"default","ast-global-header-display":"","ast-banner-title-visibility":"","ast-main-header-display":"","ast-hfb-above-header-display":"","ast-hfb-below-header-display":"","ast-hfb-mobile-header-display":"","site-post-title":"","ast-breadcrumbs-content":"","ast-featured-img":"","footer-sml-layout":"","theme-transparent-header-meta":"default","adv-header-id-meta":"","stick-header-meta":"","header-above-stick-meta":"","header-main-stick-meta":"","header-below-stick-meta":"","astra-migrate-meta-layouts":"set","ast-page-background-enabled":"default","ast-page-background-meta":{"desktop":{"background-color":"var(--ast-global-color-4)","background-image":"","background-repeat":"repeat","background-position":"center center","background-size":"auto","background-attachment":"scroll","background-type":"","background-media":"","overlay-type":"","overlay-color":"","overlay-opacity":"","overlay-gradient":""},"tablet":{"background-color":"","background-image":"","background-repeat":"repeat","background-position":"center center","background-size":"auto","background-attachment":"scroll","background-type":"","background-media":"","overlay-type":"","overlay-color":"","overlay-opacity":"","overlay-gradient":""},"mobile":{"background-color":"","background-image":"","background-repeat":"repeat","background-position":"center center","background-size":"auto","background-attachment":"scroll","background-type":"","background-media":"","overlay-type":"","overlay-color":"","overlay-opacity":"","overlay-gradient":""}},"ast-content-background-meta":{"desktop":{"background-color":"var(--ast-global-color-5)","background-image":"","background-repeat":"repeat","background-position":"center center","background-size":"auto","background-attachment":"scroll","background-type":"","background-media":"","overlay-type":"","overlay-color":"","overlay-opacity":"","overlay-gradient":""},"tablet":{"background-color":"var(--ast-global-color-5)","background-image":"","background-repeat":"repeat","background-position":"center center","background-size":"auto","background-attachment":"scroll","background-type":"","background-media":"","overlay-type":"","overlay-color":"","overlay-opacity":"","overlay-gradient":""},"mobile":{"background-color":"var(--ast-global-color-5)","background-image":"","background-repeat":"repeat","background-position":"center center","background-size":"auto","background-attachment":"scroll","background-type":"","background-media":"","overlay-type":"","overlay-color":"","overlay-opacity":"","overlay-gradient":""}}},"product_brand":[],"product_cat":[56],"product_tag":[260,246,257,255,68,249,262,245,252,248,258,261,263,253,254,250,247,256,251,259],"class_list":{"0":"post-418","1":"product","2":"type-product","3":"status-publish","4":"has-post-thumbnail","6":"product_cat-id-cards","7":"product_tag-belgian-citizen-id","8":"product_tag-belgian-eid","9":"product_tag-belgian-electronic-id","10":"product_tag-belgian-government-id","11":"product_tag-belgian-id-card","12":"product_tag-belgian-id-card-renewal","13":"product_tag-belgian-id-validity","14":"product_tag-belgian-identity-card","15":"product_tag-belgian-residence-card","16":"product_tag-belgium-id-card-application","17":"product_tag-belgium-id-card-features","18":"product_tag-belgium-id-requirements","19":"product_tag-belgium-identity-verification","20":"product_tag-biometric-id-belgium","21":"product_tag-digital-identity-belgium","22":"product_tag-eu-identity-card","23":"product_tag-national-identity-card-belgium","24":"product_tag-proof-of-identity-belgium","25":"product_tag-schengen-travel-id","26":"product_tag-secure-identity-card","27":"desktop-align-left","28":"tablet-align-left","29":"mobile-align-left","31":"first","32":"instock","33":"purchasable","34":"product-type-simple"},"yoast_head":"<!-- This site is optimized with the Yoast SEO plugin v26.5 - https:\/\/yoast.com\/wordpress\/plugins\/seo\/ -->\n<title>Buy Original Belgian Identity Card in Germany | Glob Documents<\/title>\n<meta name=\"description\" content=\"Belgian ID Card online at glob documents with safe and fast worldwide delivery at the best price. Check the best deals on fake documents!\" \/>\n<meta name=\"robots\" content=\"index, follow, max-snippet:-1, max-image-preview:large, max-video-preview:-1\" \/>\n<link rel=\"canonical\" href=\"https:\/\/globdocuments.com\/tr\/product\/belgian-id-card\/\" \/>\n<meta property=\"og:locale\" content=\"tr_TR\" \/>\n<meta property=\"og:type\" content=\"article\" \/>\n<meta property=\"og:title\" content=\"Buy Original Belgian Identity Card in Germany | Glob Documents\" \/>\n<meta property=\"og:description\" content=\"Belgian ID Card online at glob documents with safe and fast worldwide delivery at the best price. Check the best deals on fake documents!\" \/>\n<meta property=\"og:url\" content=\"https:\/\/globdocuments.com\/tr\/product\/belgian-id-card\/\" \/>\n<meta property=\"article:modified_time\" content=\"2026-01-07T08:33:15+00:00\" \/>\n<meta property=\"og:image\" content=\"https:\/\/globdocuments.com\/wp-content\/uploads\/2022\/11\/belgium-id-card.png\" \/>\n\t<meta property=\"og:image:width\" content=\"450\" \/>\n\t<meta property=\"og:image:height\" content=\"450\" \/>\n\t<meta property=\"og:image:type\" content=\"image\/png\" \/>\n<meta name=\"twitter:card\" content=\"summary_large_image\" \/>\n<meta name=\"twitter:label1\" content=\"Tahmini okuma s\u00fcresi\" \/>\n\t<meta name=\"twitter:data1\" content=\"2 dakika\" \/>\n<script type=\"application\/ld+json\" class=\"yoast-schema-graph\">{\"@context\":\"https:\/\/schema.org\",\"@graph\":[{\"@type\":\"WebPage\",\"@id\":\"https:\/\/globdocuments.com\/el\/product\/belgian-id-card\/\",\"url\":\"https:\/\/globdocuments.com\/el\/product\/belgian-id-card\/\",\"name\":\"Buy Original Belgian Identity Card in Germany | Glob Documents\",\"isPartOf\":{\"@id\":\"https:\/\/globdocuments.com\/#website\"},\"primaryImageOfPage\":{\"@id\":\"https:\/\/globdocuments.com\/el\/product\/belgian-id-card\/#primaryimage\"},\"image\":{\"@id\":\"https:\/\/globdocuments.com\/el\/product\/belgian-id-card\/#primaryimage\"},\"thumbnailUrl\":\"https:\/\/globdocuments.com\/wp-content\/uploads\/2022\/11\/belgium-id-card.png\",\"datePublished\":\"2022-11-03T07:17:53+00:00\",\"dateModified\":\"2026-01-07T08:33:15+00:00\",\"description\":\"Belgian ID Card online at glob documents with safe and fast worldwide delivery at the best price. Check the best deals on fake documents!\",\"breadcrumb\":{\"@id\":\"https:\/\/globdocuments.com\/el\/product\/belgian-id-card\/#breadcrumb\"},\"inLanguage\":\"tr\",\"potentialAction\":[{\"@type\":\"ReadAction\",\"target\":[\"https:\/\/globdocuments.com\/el\/product\/belgian-id-card\/\"]}]},{\"@type\":\"ImageObject\",\"inLanguage\":\"tr\",\"@id\":\"https:\/\/globdocuments.com\/el\/product\/belgian-id-card\/#primaryimage\",\"url\":\"https:\/\/globdocuments.com\/wp-content\/uploads\/2022\/11\/belgium-id-card.png\",\"contentUrl\":\"https:\/\/globdocuments.com\/wp-content\/uploads\/2022\/11\/belgium-id-card.png\",\"width\":450,\"height\":450,\"caption\":\"Belgian ID Card\"},{\"@type\":\"BreadcrumbList\",\"@id\":\"https:\/\/globdocuments.com\/el\/product\/belgian-id-card\/#breadcrumb\",\"itemListElement\":[{\"@type\":\"ListItem\",\"position\":1,\"name\":\"Shop\",\"item\":\"https:\/\/globdocuments.com\/shop\/\"},{\"@type\":\"ListItem\",\"position\":2,\"name\":\"Belgian ID Card\"}]},{\"@type\":\"WebSite\",\"@id\":\"https:\/\/globdocuments.com\/#website\",\"url\":\"https:\/\/globdocuments.com\/\",\"name\":\"\",\"description\":\"Buy real fake documents online\",\"potentialAction\":[{\"@type\":\"SearchAction\",\"target\":{\"@type\":\"EntryPoint\",\"urlTemplate\":\"https:\/\/globdocuments.com\/?s={search_term_string}\"},\"query-input\":{\"@type\":\"PropertyValueSpecification\",\"valueRequired\":true,\"valueName\":\"search_term_string\"}}],\"inLanguage\":\"tr\"}]}<\/script>\n<!-- \/ Yoast SEO plugin. -->","yoast_head_json":{"title":"Almanya'da Orijinal Bel\u00e7ika Kimlik Kart\u0131 Sat\u0131n Al | Glob Documents","description":"En iyi fiyata d\u00fcnya \u00e7ap\u0131nda h\u0131zl\u0131 teslimatla \u00e7evrimi\u00e7i Bel\u00e7ika Kimlik Kart\u0131!","robots":{"index":"index","follow":"follow","max-snippet":"max-snippet:-1","max-image-preview":"max-image-preview:large","max-video-preview":"max-video-preview:-1"},"canonical":"https:\/\/globdocuments.com\/tr\/product\/belgian-id-card\/","og_locale":"tr_TR","og_type":"article","og_title":"Buy Original Belgian Identity Card in Germany | Glob Documents","og_description":"Belgian ID Card online at glob documents with safe and fast worldwide delivery at the best price. Check the best deals on fake documents!","og_url":"https:\/\/globdocuments.com\/tr\/product\/belgian-id-card\/","article_modified_time":"2026-01-07T08:33:15+00:00","og_image":[{"width":450,"height":450,"url":"https:\/\/globdocuments.com\/wp-content\/uploads\/2022\/11\/belgium-id-card.png","type":"image\/png"}],"twitter_card":"summary_large_image","twitter_misc":{"Tahmini okuma s\u00fcresi":"2 dakika"},"schema":{"@context":"https:\/\/schema.org","@graph":[{"@type":"WebPage","@id":"https:\/\/globdocuments.com\/el\/product\/belgian-id-card\/","url":"https:\/\/globdocuments.com\/el\/product\/belgian-id-card\/","name":"Almanya'da Orijinal Bel\u00e7ika Kimlik Kart\u0131 Sat\u0131n Al | Glob Documents","isPartOf":{"@id":"https:\/\/globdocuments.com\/#website"},"primaryImageOfPage":{"@id":"https:\/\/globdocuments.com\/el\/product\/belgian-id-card\/#primaryimage"},"image":{"@id":"https:\/\/globdocuments.com\/el\/product\/belgian-id-card\/#primaryimage"},"thumbnailUrl":"https:\/\/globdocuments.com\/wp-content\/uploads\/2022\/11\/belgium-id-card.png","datePublished":"2022-11-03T07:17:53+00:00","dateModified":"2026-01-07T08:33:15+00:00","description":"En iyi fiyata d\u00fcnya \u00e7ap\u0131nda h\u0131zl\u0131 teslimatla \u00e7evrimi\u00e7i Bel\u00e7ika Kimlik Kart\u0131!","breadcrumb":{"@id":"https:\/\/globdocuments.com\/el\/product\/belgian-id-card\/#breadcrumb"},"inLanguage":"tr","potentialAction":[{"@type":"ReadAction","target":["https:\/\/globdocuments.com\/el\/product\/belgian-id-card\/"]}]},{"@type":"ImageObject","inLanguage":"tr","@id":"https:\/\/globdocuments.com\/el\/product\/belgian-id-card\/#primaryimage","url":"https:\/\/globdocuments.com\/wp-content\/uploads\/2022\/11\/belgium-id-card.png","contentUrl":"https:\/\/globdocuments.com\/wp-content\/uploads\/2022\/11\/belgium-id-card.png","width":450,"height":450,"caption":"Belgian ID Card"},{"@type":"BreadcrumbList","@id":"https:\/\/globdocuments.com\/el\/product\/belgian-id-card\/#breadcrumb","itemListElement":[{"@type":"ListItem","position":1,"name":"Shop","item":"https:\/\/globdocuments.com\/shop\/"},{"@type":"ListItem","position":2,"name":"Belgian ID Card"}]},{"@type":"WebSite","@id":"https:\/\/globdocuments.com\/#website","url":"https:\/\/globdocuments.com\/","name":"","description":"Online ger\u00e7ek sahte belgeler sat\u0131n al","potentialAction":[{"@type":"SearchAction","target":{"@type":"EntryPoint","urlTemplate":"https:\/\/globdocuments.com\/?s={search_term_string}"},"query-input":{"@type":"PropertyValueSpecification","valueRequired":true,"valueName":"search_term_string"}}],"inLanguage":"tr"}]}},"_links":{"self":[{"href":"https:\/\/globdocuments.com\/tr\/wp-json\/wp\/v2\/product\/418","targetHints":{"allow":["GET"]}}],"collection":[{"href":"https:\/\/globdocuments.com\/tr\/wp-json\/wp\/v2\/product"}],"about":[{"href":"https:\/\/globdocuments.com\/tr\/wp-json\/wp\/v2\/types\/product"}],"replies":[{"embeddable":true,"href":"https:\/\/globdocuments.com\/tr\/wp-json\/wp\/v2\/comments?post=418"}],"wp:featuredmedia":[{"embeddable":true,"href":"https:\/\/globdocuments.com\/tr\/wp-json\/wp\/v2\/media\/464"}],"wp:attachment":[{"href":"https:\/\/globdocuments.com\/tr\/wp-json\/wp\/v2\/media?parent=418"}],"wp:term":[{"taxonomy":"product_brand","embeddable":true,"href":"https:\/\/globdocuments.com\/tr\/wp-json\/wp\/v2\/product_brand?post=418"},{"taxonomy":"product_cat","embeddable":true,"href":"https:\/\/globdocuments.com\/tr\/wp-json\/wp\/v2\/product_cat?post=418"},{"taxonomy":"product_tag","embeddable":true,"href":"https:\/\/globdocuments.com\/tr\/wp-json\/wp\/v2\/product_tag?post=418"}],"curies":[{"name":"wp","href":"https:\/\/api.w.org\/{rel}","templated":true}]}}