{"id":417,"date":"2022-11-03T07:17:53","date_gmt":"2022-11-03T07:17:53","guid":{"rendered":"https:\/\/globdocuments.com\/product\/uk-id-card\/"},"modified":"2026-01-07T11:05:24","modified_gmt":"2026-01-07T11:05:24","slug":"uk-id-card","status":"publish","type":"product","link":"https:\/\/globdocuments.com\/tr\/urun\/uk-id-card\/","title":{"rendered":"Birle\u015fik Krall\u0131k Kimlik Kart\u0131"},"content":{"rendered":"<h2 data-start=\"211\" data-end=\"248\"><strong data-start=\"214\" data-end=\"248\">Birle\u015fik Krall\u0131k (UK) Kimlik Kart\u0131na Giri\u015f<\/strong><\/h2>\n<p data-start=\"249\" data-end=\"837\">Birle\u015fik Krall\u0131k Kimlik Kart\u0131; Birle\u015fik Krall\u0131k genelindeki do\u011frulama, g\u00fcvenlik ve idari s\u00fcre\u00e7leri destekleyen resmi bir kimlik belgesi olarak hizmet eder.<br \/>\n\u0130nsanlar genellikle \u015fu aramalar\u0131 yapar: <a href=\"https:\/\/www.citizencard.com\/apply-for-a-uk-id-card-online\">Birle\u015fik Krall\u0131k<\/a> seyahat, istihdam kontrolleri ve g\u00fcnl\u00fck kimlik onay\u0131 i\u00e7in kimlik tespiti se\u00e7enekleri.<br \/>\nKimlik belgeleri, Birle\u015fik Krall\u0131k kimlik sistemi ve modern kamu hizmetleri i\u00e7inde kritik bir rol oynamaktad\u0131r.<br \/>\nYasal kimlik se\u00e7eneklerini anlamak, sakinlerin ve ziyaret\u00e7ilerin uyumluluk gerekliliklerini verimli bir \u015fekilde kar\u015f\u0131lamas\u0131na yard\u0131mc\u0131 olur.<br \/>\nBu k\u0131lavuz, \u015fununla ilgili yasal bilgileri a\u00e7\u0131klar: <a href=\"https:\/\/globdocuments.com\/tr\/urun\/uk-id-card\/\">Birle\u015fik Krall\u0131k kimli\u011fi<\/a> belgeler ve do\u011frulama prosed\u00fcrleri.<\/p>\n<h3 data-start=\"844\" data-end=\"883\"><strong data-start=\"847\" data-end=\"883\">Birle\u015fik Krall\u0131k Kimlik Kart\u0131 Sisteminin Tarih\u00e7esi<\/strong><\/h3>\n<p>Birle\u015fik Krall\u0131k ulusal kimlik kart\u0131 sistemi; g\u00fcvenlik, g\u00f6\u00e7 ve kimlik do\u011frulama endi\u015felerini ele alan yasalarla geli\u015fmi\u015ftir.<br \/>\n\u00d6nceki kimlik kart\u0131 programlar\u0131, bug\u00fcn\u00fcn dijital ve belge tabanl\u0131 do\u011frulama s\u00fcre\u00e7lerini etkilemi\u015ftir.<br \/>\nModern Birle\u015fik Krall\u0131k kimlik kontrolleri art\u0131k pasaportlara, biyometrik ikamet izinlerine ve s\u00fcr\u00fcc\u00fc belgelerine dayanmaktad\u0131r.<br \/>\nH\u00fck\u00fcmet reformlar\u0131 gizlilik, g\u00fcvenlik ve veri koruma standartlar\u0131na odaklanm\u0131\u015ft\u0131r.<br \/>\nBu de\u011fi\u015fiklikler, Birle\u015fik Krall\u0131k kimlik belgelerine y\u00f6nelik mevcut yakla\u015f\u0131m\u0131 \u015fekillendirmi\u015ftir.<\/p>\n<h3 data-start=\"1397\" data-end=\"1438\"><strong data-start=\"1400\" data-end=\"1438\">Birle\u015fik Krall\u0131k Kimlik Kart\u0131na Yasal Alternatifler<\/strong><\/h3>\n<p data-start=\"1439\" data-end=\"1900\">Birle\u015fik Krall\u0131k pasaportu, vatanda\u015flar i\u00e7in birincil yasal kimlik kan\u0131t\u0131 olmaya devam etmektedir.<br \/>\nBirle\u015fik Krall\u0131k s\u00fcr\u00fcc\u00fc belgesi, kamu ve \u00f6zel sekt\u00f6rde yayg\u0131n olarak kabul edilen foto\u011frafl\u0131 kimlik i\u015flevi g\u00f6r\u00fcr.<br \/>\n\u00d6\u011frenciler e\u011fitim ve kimlik tespiti ama\u00e7lar\u0131 i\u00e7in genellikle Birle\u015fik Krall\u0131k \u00f6\u011frenci kimlik kartlar\u0131na g\u00fcvenirler.<br \/>\nHer belge, Birle\u015fik Krall\u0131k d\u00fczenlemeleri uyar\u0131nca yasal kimlik do\u011frulamas\u0131n\u0131 destekler.<\/p>\n<h3 data-start=\"1907\" data-end=\"1945\"><strong data-start=\"1910\" data-end=\"1945\">Birle\u015fik Krall\u0131k Kimlik Do\u011frulama Gereksinimleri<\/strong><\/h3>\n<p data-start=\"1946\" data-end=\"2347\">Bankalar, hesap a\u00e7mak ve doland\u0131r\u0131c\u0131l\u0131\u011f\u0131 \u00f6nlemek i\u00e7in Birle\u015fik Krall\u0131k kimlik do\u011frulamas\u0131 talep eder.<br \/>\nEv sahipleri, kirac\u0131 uygunlu\u011funu onaylamak i\u00e7in kiralama hakk\u0131 kontrollerini takip eder.<br \/>\nKamu hizmetleri, kamu g\u00fcvenli\u011fi i\u00e7in \"M\u00fc\u015fterini Tan\u0131\" (KYC) Birle\u015fik Krall\u0131k standartlar\u0131n\u0131 uygular.<br \/>\nUygun belgelendirme, ulusal kimlik do\u011frulama yasalar\u0131na uyumu sa\u011flar.<\/p>\n<h3 data-start=\"1946\" data-end=\"2347\">Dijital Kimlik ve Online Do\u011frulama<\/h3>\n<p>Birle\u015fik Krall\u0131k h\u00fck\u00fcmeti \u015funu desteklemektedir: <strong data-start=\"2429\" data-end=\"2452\">dijital kimlik birle\u015fik krall\u0131k<\/strong> g\u00fcvenli \u00e7evrimi\u00e7i eri\u015fim hizmetleri.<br data-start=\"2487\" data-end=\"2490\" \/>Online kimlik do\u011frulamas\u0131 evrak i\u015flerini azalt\u0131r ve i\u015flem verimlili\u011fini art\u0131r\u0131r.<br data-start=\"2573\" data-end=\"2576\" \/>Biyometrik veriler, modern kimlik do\u011frulama sistemleri i\u00e7indeki g\u00fcvenli\u011fi art\u0131r\u0131r.<br data-start=\"2653\" data-end=\"2656\" \/>Dijital \u00e7\u00f6z\u00fcmler \u015funlarla uyumludur: <strong data-start=\"2685\" data-end=\"2712\">Birle\u015fik Krall\u0131k veri koruma yasalar\u0131<\/strong> ve gizlilik \u00e7er\u00e7eveleri.<br data-start=\"2736\" data-end=\"2739\" \/>Teknoloji, \u00fclke \u00e7ap\u0131nda kimlik onay\u0131n\u0131n nas\u0131l ger\u00e7ekle\u015fti\u011fini d\u00f6n\u00fc\u015ft\u00fcrmeye devam ediyor.<\/p>\n<h2 data-start=\"2824\" data-end=\"2872\"><strong data-start=\"2827\" data-end=\"2872\">Birle\u015fik Krall\u0131k Kimlik Belgelerinin \u00d6nemi<\/strong><\/h2>\n<p data-start=\"2873\" data-end=\"3287\">Ge\u00e7erli kimlik tespiti; seyahat, istihdam, sa\u011fl\u0131k hizmetlerine eri\u015fim ve finansal hizmetleri destekler.<br \/>\nBirle\u015fik Krall\u0131k kimlik belgeleri bireyler, kurumlar ve yetkililer aras\u0131ndaki g\u00fcveni g\u00fc\u00e7lendirir.<br \/>\nDo\u011fru kimlik do\u011frulamas\u0131, doland\u0131r\u0131c\u0131l\u0131\u011f\u0131 ve kimlik h\u0131rs\u0131zl\u0131\u011f\u0131n\u0131 \u00f6nler.<br \/>\nUygun belgelendirme, sakinlerin temel hizmetlere verimli bir \u015fekilde eri\u015fmesine yard\u0131mc\u0131 olur.<br \/>\nYasal kimlik kay\u0131tlar\u0131, sosyal ve ekonomik kat\u0131l\u0131m i\u00e7in hayati \u00f6nemini korumaktad\u0131r.<\/p>\n<h4 data-start=\"884\" data-end=\"1390\">Kimlik Belgelerini Se\u00e7erken Dikkat Edilmesi Gerekenler<\/h4>\n<p>Her zaman yetkili Birle\u015fik Krall\u0131k kurumlar\u0131 taraf\u0131ndan verilen, yasal olarak tan\u0131nan kimlik belgelerini se\u00e7in.<br \/>\nAlternatif Birle\u015fik Krall\u0131k kimlik \u00e7\u00f6z\u00fcmleri sundu\u011funu iddia eden resmi olmayan veya yan\u0131lt\u0131c\u0131 kaynaklardan ka\u00e7\u0131n\u0131n.<br \/>\nBirle\u015fik Krall\u0131k kimlik yasalar\u0131n\u0131 anlamak, bireyleri yasal komplikasyonlardan korur.<br \/>\nG\u00fcvenilir belgelendirme; i\u015fverenler, bankalar ve h\u00fck\u00fcmet daireleri ile sorunsuz etkile\u015fim sa\u011flar.<br \/>\nBilgili kalmak, g\u00fcvenli ve yasal kimlik do\u011frulama uygulamalar\u0131n\u0131 destekler.<\/p>","protected":false},"excerpt":{"rendered":"<p>Burada, \u00e7evrimi\u00e7i sahte \u0130ngiltere kimlik kartlar\u0131n\u0131n nas\u0131l sat\u0131n al\u0131naca\u011f\u0131 konusundaki sorununuzu g\u00fcvenle \u00e7\u00f6zebilirsiniz.<br \/>\nOrijinal ve sahte Kimlik Kart\u0131 (lar\u0131) \u00fcretmek i\u00e7in y\u00fcksek kaliteli ekipman ve malzemeler kullan\u0131yoruz.<\/p>","protected":false},"featured_media":840,"comment_status":"closed","ping_status":"closed","template":"","meta":{"site-sidebar-layout":"default","site-content-layout":"","ast-site-content-layout":"default","site-content-style":"default","site-sidebar-style":"default","ast-global-header-display":"","ast-banner-title-visibility":"","ast-main-header-display":"","ast-hfb-above-header-display":"","ast-hfb-below-header-display":"","ast-hfb-mobile-header-display":"","site-post-title":"","ast-breadcrumbs-content":"","ast-featured-img":"","footer-sml-layout":"","theme-transparent-header-meta":"default","adv-header-id-meta":"","stick-header-meta":"","header-above-stick-meta":"","header-main-stick-meta":"","header-below-stick-meta":"","astra-migrate-meta-layouts":"set","ast-page-background-enabled":"default","ast-page-background-meta":{"desktop":{"background-color":"var(--ast-global-color-4)","background-image":"","background-repeat":"repeat","background-position":"center center","background-size":"auto","background-attachment":"scroll","background-type":"","background-media":"","overlay-type":"","overlay-color":"","overlay-opacity":"","overlay-gradient":""},"tablet":{"background-color":"","background-image":"","background-repeat":"repeat","background-position":"center center","background-size":"auto","background-attachment":"scroll","background-type":"","background-media":"","overlay-type":"","overlay-color":"","overlay-opacity":"","overlay-gradient":""},"mobile":{"background-color":"","background-image":"","background-repeat":"repeat","background-position":"center center","background-size":"auto","background-attachment":"scroll","background-type":"","background-media":"","overlay-type":"","overlay-color":"","overlay-opacity":"","overlay-gradient":""}},"ast-content-background-meta":{"desktop":{"background-color":"var(--ast-global-color-5)","background-image":"","background-repeat":"repeat","background-position":"center center","background-size":"auto","background-attachment":"scroll","background-type":"","background-media":"","overlay-type":"","overlay-color":"","overlay-opacity":"","overlay-gradient":""},"tablet":{"background-color":"var(--ast-global-color-5)","background-image":"","background-repeat":"repeat","background-position":"center center","background-size":"auto","background-attachment":"scroll","background-type":"","background-media":"","overlay-type":"","overlay-color":"","overlay-opacity":"","overlay-gradient":""},"mobile":{"background-color":"var(--ast-global-color-5)","background-image":"","background-repeat":"repeat","background-position":"center center","background-size":"auto","background-attachment":"scroll","background-type":"","background-media":"","overlay-type":"","overlay-color":"","overlay-opacity":"","overlay-gradient":""}}},"product_brand":[],"product_cat":[56],"product_tag":[276,281,277,280,279,278,283,275,271,272,282,273,285,274,284],"class_list":{"0":"post-417","1":"product","2":"type-product","3":"status-publish","4":"has-post-thumbnail","6":"product_cat-id-cards","7":"product_tag-biometric-residence-permit","8":"product_tag-digital-identity-uk","9":"product_tag-identity-verification-uk","10":"product_tag-know-your-customer-uk","11":"product_tag-right-to-rent-checks","12":"product_tag-right-to-work-checks-uk","13":"product_tag-uk-data-protection-laws","14":"product_tag-uk-driving-licence","15":"product_tag-uk-id-card","16":"product_tag-uk-identification","17":"product_tag-uk-identity-laws","18":"product_tag-uk-identity-system","19":"product_tag-uk-national-identity-card","20":"product_tag-uk-passport","21":"product_tag-uk-student-id-card","22":"desktop-align-left","23":"tablet-align-left","24":"mobile-align-left","26":"first","27":"instock","28":"purchasable","29":"product-type-simple"},"yoast_head":"<!-- This site is optimized with the Yoast SEO plugin v26.5 - https:\/\/yoast.com\/wordpress\/plugins\/seo\/ -->\n<title>UK ID Card Online | Glob Documents<\/title>\n<meta name=\"description\" content=\"Buy UK ID Card online at globdocuments.com with safe and fast worldwide delivery at the best price. Check the best deals on fake documents!\" \/>\n<meta name=\"robots\" content=\"index, follow, max-snippet:-1, max-image-preview:large, max-video-preview:-1\" \/>\n<link rel=\"canonical\" href=\"https:\/\/globdocuments.com\/tr\/produkt\/uk-id-card\/\" \/>\n<meta property=\"og:locale\" content=\"tr_TR\" \/>\n<meta property=\"og:type\" content=\"article\" \/>\n<meta property=\"og:title\" content=\"UK ID Card Online | Glob Documents\" \/>\n<meta property=\"og:description\" content=\"Buy UK ID Card online at globdocuments.com with safe and fast worldwide delivery at the best price. Check the best deals on fake documents!\" \/>\n<meta property=\"og:url\" content=\"https:\/\/globdocuments.com\/tr\/produkt\/uk-id-card\/\" \/>\n<meta property=\"article:modified_time\" content=\"2026-01-07T11:05:24+00:00\" \/>\n<meta property=\"og:image\" content=\"https:\/\/globdocuments.com\/wp-content\/uploads\/2022\/11\/qqqqqqqqqq.jpg\" \/>\n\t<meta property=\"og:image:width\" content=\"360\" \/>\n\t<meta property=\"og:image:height\" content=\"400\" \/>\n\t<meta property=\"og:image:type\" content=\"image\/jpeg\" \/>\n<meta name=\"twitter:card\" content=\"summary_large_image\" \/>\n<meta name=\"twitter:label1\" content=\"Tahmini okuma s\u00fcresi\" \/>\n\t<meta name=\"twitter:data1\" content=\"2 dakika\" \/>\n<script type=\"application\/ld+json\" class=\"yoast-schema-graph\">{\"@context\":\"https:\/\/schema.org\",\"@graph\":[{\"@type\":\"WebPage\",\"@id\":\"https:\/\/globdocuments.com\/bg\/produkt\/uk-id-card\/\",\"url\":\"https:\/\/globdocuments.com\/bg\/produkt\/uk-id-card\/\",\"name\":\"UK ID Card Online | Glob Documents\",\"isPartOf\":{\"@id\":\"https:\/\/globdocuments.com\/#website\"},\"primaryImageOfPage\":{\"@id\":\"https:\/\/globdocuments.com\/bg\/produkt\/uk-id-card\/#primaryimage\"},\"image\":{\"@id\":\"https:\/\/globdocuments.com\/bg\/produkt\/uk-id-card\/#primaryimage\"},\"thumbnailUrl\":\"https:\/\/globdocuments.com\/wp-content\/uploads\/2022\/11\/qqqqqqqqqq.jpg\",\"datePublished\":\"2022-11-03T07:17:53+00:00\",\"dateModified\":\"2026-01-07T11:05:24+00:00\",\"description\":\"Buy UK ID Card online at globdocuments.com with safe and fast worldwide delivery at the best price. Check the best deals on fake documents!\",\"breadcrumb\":{\"@id\":\"https:\/\/globdocuments.com\/bg\/produkt\/uk-id-card\/#breadcrumb\"},\"inLanguage\":\"tr\",\"potentialAction\":[{\"@type\":\"ReadAction\",\"target\":[\"https:\/\/globdocuments.com\/bg\/produkt\/uk-id-card\/\"]}]},{\"@type\":\"ImageObject\",\"inLanguage\":\"tr\",\"@id\":\"https:\/\/globdocuments.com\/bg\/produkt\/uk-id-card\/#primaryimage\",\"url\":\"https:\/\/globdocuments.com\/wp-content\/uploads\/2022\/11\/qqqqqqqqqq.jpg\",\"contentUrl\":\"https:\/\/globdocuments.com\/wp-content\/uploads\/2022\/11\/qqqqqqqqqq.jpg\",\"width\":360,\"height\":400},{\"@type\":\"BreadcrumbList\",\"@id\":\"https:\/\/globdocuments.com\/bg\/produkt\/uk-id-card\/#breadcrumb\",\"itemListElement\":[{\"@type\":\"ListItem\",\"position\":1,\"name\":\"Shop\",\"item\":\"https:\/\/globdocuments.com\/shop\/\"},{\"@type\":\"ListItem\",\"position\":2,\"name\":\"UK ID Card\"}]},{\"@type\":\"WebSite\",\"@id\":\"https:\/\/globdocuments.com\/#website\",\"url\":\"https:\/\/globdocuments.com\/\",\"name\":\"\",\"description\":\"Buy real fake documents online\",\"potentialAction\":[{\"@type\":\"SearchAction\",\"target\":{\"@type\":\"EntryPoint\",\"urlTemplate\":\"https:\/\/globdocuments.com\/?s={search_term_string}\"},\"query-input\":{\"@type\":\"PropertyValueSpecification\",\"valueRequired\":true,\"valueName\":\"search_term_string\"}}],\"inLanguage\":\"tr\"}]}<\/script>\n<!-- \/ Yoast SEO plugin. -->","yoast_head_json":{"title":"\u0130ngiltere Kimlik Kart\u0131 \u00c7evrimi\u00e7i | Glob Documents","description":"En iyi fiyata g\u00fcvenli ve h\u0131zl\u0131 d\u00fcnya \u00e7ap\u0131nda teslimat ile globdocuments.com adresinden \u00e7evrimi\u00e7i \u0130ngiltere Kimlik Kart\u0131 sat\u0131n al\u0131n. Sahte belgelerdeki en iyi f\u0131rsatlar\u0131 kontrol edin!","robots":{"index":"index","follow":"follow","max-snippet":"max-snippet:-1","max-image-preview":"max-image-preview:large","max-video-preview":"max-video-preview:-1"},"canonical":"https:\/\/globdocuments.com\/tr\/produkt\/uk-id-card\/","og_locale":"tr_TR","og_type":"article","og_title":"UK ID Card Online | Glob Documents","og_description":"Buy UK ID Card online at globdocuments.com with safe and fast worldwide delivery at the best price. Check the best deals on fake documents!","og_url":"https:\/\/globdocuments.com\/tr\/produkt\/uk-id-card\/","article_modified_time":"2026-01-07T11:05:24+00:00","og_image":[{"width":360,"height":400,"url":"https:\/\/globdocuments.com\/wp-content\/uploads\/2022\/11\/qqqqqqqqqq.jpg","type":"image\/jpeg"}],"twitter_card":"summary_large_image","twitter_misc":{"Tahmini okuma s\u00fcresi":"2 dakika"},"schema":{"@context":"https:\/\/schema.org","@graph":[{"@type":"WebPage","@id":"https:\/\/globdocuments.com\/bg\/produkt\/uk-id-card\/","url":"https:\/\/globdocuments.com\/bg\/produkt\/uk-id-card\/","name":"\u0130ngiltere Kimlik Kart\u0131 \u00c7evrimi\u00e7i | Glob Documents","isPartOf":{"@id":"https:\/\/globdocuments.com\/#website"},"primaryImageOfPage":{"@id":"https:\/\/globdocuments.com\/bg\/produkt\/uk-id-card\/#primaryimage"},"image":{"@id":"https:\/\/globdocuments.com\/bg\/produkt\/uk-id-card\/#primaryimage"},"thumbnailUrl":"https:\/\/globdocuments.com\/wp-content\/uploads\/2022\/11\/qqqqqqqqqq.jpg","datePublished":"2022-11-03T07:17:53+00:00","dateModified":"2026-01-07T11:05:24+00:00","description":"En iyi fiyata g\u00fcvenli ve h\u0131zl\u0131 d\u00fcnya \u00e7ap\u0131nda teslimat ile globdocuments.com adresinden \u00e7evrimi\u00e7i \u0130ngiltere Kimlik Kart\u0131 sat\u0131n al\u0131n. Sahte belgelerdeki en iyi f\u0131rsatlar\u0131 kontrol edin!","breadcrumb":{"@id":"https:\/\/globdocuments.com\/bg\/produkt\/uk-id-card\/#breadcrumb"},"inLanguage":"tr","potentialAction":[{"@type":"ReadAction","target":["https:\/\/globdocuments.com\/bg\/produkt\/uk-id-card\/"]}]},{"@type":"ImageObject","inLanguage":"tr","@id":"https:\/\/globdocuments.com\/bg\/produkt\/uk-id-card\/#primaryimage","url":"https:\/\/globdocuments.com\/wp-content\/uploads\/2022\/11\/qqqqqqqqqq.jpg","contentUrl":"https:\/\/globdocuments.com\/wp-content\/uploads\/2022\/11\/qqqqqqqqqq.jpg","width":360,"height":400},{"@type":"BreadcrumbList","@id":"https:\/\/globdocuments.com\/bg\/produkt\/uk-id-card\/#breadcrumb","itemListElement":[{"@type":"ListItem","position":1,"name":"Shop","item":"https:\/\/globdocuments.com\/shop\/"},{"@type":"ListItem","position":2,"name":"UK ID Card"}]},{"@type":"WebSite","@id":"https:\/\/globdocuments.com\/#website","url":"https:\/\/globdocuments.com\/","name":"","description":"Online ger\u00e7ek sahte belgeler sat\u0131n al","potentialAction":[{"@type":"SearchAction","target":{"@type":"EntryPoint","urlTemplate":"https:\/\/globdocuments.com\/?s={search_term_string}"},"query-input":{"@type":"PropertyValueSpecification","valueRequired":true,"valueName":"search_term_string"}}],"inLanguage":"tr"}]}},"_links":{"self":[{"href":"https:\/\/globdocuments.com\/tr\/wp-json\/wp\/v2\/product\/417","targetHints":{"allow":["GET"]}}],"collection":[{"href":"https:\/\/globdocuments.com\/tr\/wp-json\/wp\/v2\/product"}],"about":[{"href":"https:\/\/globdocuments.com\/tr\/wp-json\/wp\/v2\/types\/product"}],"replies":[{"embeddable":true,"href":"https:\/\/globdocuments.com\/tr\/wp-json\/wp\/v2\/comments?post=417"}],"wp:featuredmedia":[{"embeddable":true,"href":"https:\/\/globdocuments.com\/tr\/wp-json\/wp\/v2\/media\/840"}],"wp:attachment":[{"href":"https:\/\/globdocuments.com\/tr\/wp-json\/wp\/v2\/media?parent=417"}],"wp:term":[{"taxonomy":"product_brand","embeddable":true,"href":"https:\/\/globdocuments.com\/tr\/wp-json\/wp\/v2\/product_brand?post=417"},{"taxonomy":"product_cat","embeddable":true,"href":"https:\/\/globdocuments.com\/tr\/wp-json\/wp\/v2\/product_cat?post=417"},{"taxonomy":"product_tag","embeddable":true,"href":"https:\/\/globdocuments.com\/tr\/wp-json\/wp\/v2\/product_tag?post=417"}],"curies":[{"name":"wp","href":"https:\/\/api.w.org\/{rel}","templated":true}]}}