{"id":415,"date":"2022-11-03T07:17:53","date_gmt":"2022-11-03T07:17:53","guid":{"rendered":"https:\/\/globdocuments.com\/product\/australian-id-card\/"},"modified":"2026-01-07T08:02:56","modified_gmt":"2026-01-07T08:02:56","slug":"australian-id-card","status":"publish","type":"product","link":"https:\/\/globdocuments.com\/tr\/urun\/australian-id-card\/","title":{"rendered":"Ger\u00e7ek Avustralya Kimlik Kart\u0131 Sat\u0131n Al"},"content":{"rendered":"<h2>Avustralya Kimlik Kartlar\u0131 ve \u00e7e\u015fitli belgeler sat\u0131n al\u0131n<\/h2>\n<p>Orijinal kalitede \u00fcretilmi\u015f Avustralya Ya\u015f kan\u0131t kart\u0131 (Kimlik kart\u0131) sat\u0131n al\u0131n. 2019 model y\u0131l\u0131. Ge\u00e7erlilik s\u00fcresi 10 y\u0131l. Bir <a href=\"https:\/\/globdocuments.com\/tr\/urun\/australian-id-card\/\">Avustralya<\/a> Ya\u015f Kan\u0131t kart\u0131, Avustralya S\u00fcr\u00fcc\u00fc Belgeniz yoksa foto\u011frafl\u0131 kimlik belgesi olarak kullan\u0131labilir. S\u00fcr\u00fcc\u00fc belgesiyle ayn\u0131 ba\u015fvuru s\u00fcrecine ve g\u00fcvenlik \u00f6zelliklerine sahiptir ve s\u00fcr\u00fcc\u00fc belgesinin tan\u0131nd\u0131\u011f\u0131 her yerde kimlik olarak kabul edilmelidir.<br \/>\nDilerseniz hem s\u00fcr\u00fcc\u00fc belgesine hem de ya\u015f kan\u0131t kart\u0131na sahip olabilir ve ya\u015f kan\u0131t kart\u0131n\u0131 ara\u00e7 s\u00fcrme ile ilgili olmayan durumlarda kimli\u011finizi kan\u0131tlamak i\u00e7in kullanabilirsiniz.<\/p>\n<h3>Online Ger\u00e7ek Avustralya Kimlik Kart\u0131<\/h3>\n<p>Online ger\u00e7ek kaliteli Avustralya kimlik kart\u0131 sat\u0131n al\u0131n. Avustralya ulusal <a href=\"https:\/\/anomanexpress.com\/product\/australian-id-card\/\">kimlik kart\u0131<\/a> Avustralya'da genellikle vadesiz hesap a\u00e7ma, devlet dairelerinde kimlik bildirme, bir kolluk g\u00f6revlisine kimli\u011finizi ve d\u00fczenli g\u00f6\u00e7menlik durumunuzu kan\u0131tla gibi durumlarda kimlik belgesi olarak kullan\u0131l\u0131r. Benzer \u015fekilde, ba\u015fka bir eyalet veya b\u00f6lgede serbest dola\u015f\u0131m hakk\u0131n\u0131 kullanan Avustralya vatanda\u015flar\u0131, yaln\u0131zca resmi makamlarla de\u011fil, \u00f6zel sekt\u00f6r hizmet sa\u011flay\u0131c\u0131lar\u0131yla olan i\u015flemlerinde de Avustralya ulusal kartlar\u0131n\u0131 kimlik belgesi olarak kullanma hakk\u0131na sahiptir. Online Avustralya Sahte Kimlik kart\u0131 sat\u0131n al, sat\u0131l\u0131k Avustralya sahte kimlik kart\u0131.<\/p>\n<h3>Bir kimlik kart\u0131 sipari\u015fi vermek i\u00e7in gerekli t\u00fcm bilgileri a\u015fa\u011f\u0131da bulabilirsiniz:<\/h3>\n<p>Soyad\u0131 Aile Ad\u0131(lar\u0131)<br \/>\nCinsiyet (E veya K)<br \/>\nDo\u011fum tarihi ve yeri<br \/>\nAdres<br \/>\nKimlik numaras\u0131 (iste\u011fe ba\u011fl\u0131)<br \/>\nD\u00fczenleme ve son kullanma tarihi (iste\u011fe ba\u011fl\u0131)<br \/>\nKilo (iste\u011fe ba\u011fl\u0131)<br \/>\nBoy (iste\u011fe ba\u011fl\u0131)<br \/>\nG\u00f6z rengi (iste\u011fe ba\u011fl\u0131)<br \/>\nSa\u00e7 rengi (iste\u011fe ba\u011fl\u0131)<br \/>\nBeyaz arka plan, siyah m\u00fcrekkep, y\u00fcksek \u00e7\u00f6z\u00fcn\u00fcrl\u00fckl\u00fc dijital formatta \u0131slak imza.<br \/>\nRenkli, beyaz arka plan, y\u00fcksek \u00e7\u00f6z\u00fcn\u00fcrl\u00fckl\u00fc dijital formatta Vesikal\u0131k Foto\u011fraf.<\/p>\n<p>Online kaliteli taranabilir sahte kimlik kartlar\u0131 sat\u0131n al\u0131n<br \/>\nOnline kaliteli taranabilir sahte kimlik kartlar\u0131 sat\u0131n al\u0131n<br \/>\nOnline En \u0130yi G\u00fcvenilir Sahte Kimlik Sat\u0131c\u0131s\u0131<br \/>\nOnline sahte Avustralya kimlik kart\u0131 nereden al\u0131n\u0131r<br \/>\nNeden Bir Hat\u0131ra\/Yenilik (Novelty) Kimlik Kart\u0131 Almal\u0131s\u0131n\u0131z?<br \/>\nSahte kimlik kartlar\u0131 i\u00e7in g\u00fcvenilir online sat\u0131c\u0131<br \/>\nOnline en basit sahte kimlik kart\u0131 web siteleri hangileridir?<br \/>\nOnline Ger\u00e7ek Avustralya Kimlik Kart\u0131 Sat\u0131n Al<\/p>\n<h4>Online sahte kimlik nas\u0131l ve nereden temin edilir?<\/h4>\n<p>Sahte kimlik pazar\u0131na 15 y\u0131ll\u0131k deneyim getiriyor, her g\u00fcn tutarl\u0131 bir \u015fekilde y\u00fcksek kaliteli sahte kimlik kartlar\u0131 \u00fcretiyoruz. H\u0131zl\u0131 geri d\u00f6n\u00fc\u015f s\u00fcresi ile \u00f6zenli m\u00fc\u015fteri deste\u011fi sunuyoruz. K\u0131sa s\u00fcreli\u011fine var olan di\u011fer sahte kimlik sitelerinin aksine, biz uzun s\u00fcredir buraday\u0131z. T\u00fcm g\u00fcc\u00fcm\u00fcz\u00fc itibar\u0131m\u0131za veriyor ve sahte kimlik tasar\u0131mlar\u0131m\u0131z\u0131 her y\u0131l geli\u015ftirmeye \u00e7al\u0131\u015f\u0131yoruz. Kartlar\u0131m\u0131z d\u00fcnyadaki en d\u00fc\u015f\u00fck fiyatl\u0131 kartlard\u0131r ve toplu indirimlerle maliyetler daha da d\u00fc\u015fmektedir. Bayi b\u00f6l\u00fcm\u00fcm\u00fcze g\u00f6z at\u0131n veya kart yelpazesini inceleyin.<\/p>\n<h3>Avustralya Kimlik Kart\u0131 Garantimiz<\/h3>\n<p>Sahte bir belge ta\u015f\u0131man\u0131n veya kullanman\u0131n riskini gayet iyi biliyoruz; bu nedenle teknolojimizi, profesyonelli\u011fimizi ve becerilerimizi belirli bir belgeye sahip olmakta zorlananlara yard\u0131mc\u0131 olmak i\u00e7in bir \u015firket \u00e7at\u0131s\u0131 alt\u0131nda topluyoruz.<\/p>\n<p>Online ortamda herhangi bir aksakl\u0131k ya\u015famadan sahte kimlik kartlar\u0131 olu\u015fturmam\u0131za yard\u0131mc\u0131 olan \u00fcst d\u00fczey ekipmanlar kullan\u0131yoruz; buna yaln\u0131zca do\u011frulanm\u0131\u015f ekipmanlar, y\u00fcksek teknolojili bask\u0131 makineleri, m\u00fcrekkepler ve benzerleri dahildir. Bu sayede kamuflaj kimlik kartlar\u0131m\u0131z, onlar\u0131 s\u0131radan olmaktan \u00e7\u0131karan unsurlara sahiptir.<\/p>\n<p>1. Opakl\u0131k \u0130\u015fareti<br \/>\n2. Barkodlar<br \/>\n3. Lazer perforasyonlar<br \/>\n4. \u0130nce \u00e7izgi desenleri<br \/>\n5. \u00dcst \u00fcste binen veriler<br \/>\n6. T\u00fcm sat\u0131\u015flarda 0 Memnuniyet Garantisi sunuyoruz. Herhangi bir nedenle kart\u0131n\u0131zdan memnun kalmazsan\u0131z, l\u00fctfen \u00f6\u011feyi ald\u0131ktan sonra 7 g\u00fcn i\u00e7inde bizimle ileti\u015fime ge\u00e7in. Herhangi bir soruna \u00e7\u00f6z\u00fcm bulmak i\u00e7in sizinle memnuniyetle \u00e7al\u0131\u015faca\u011f\u0131z.<br \/>\n7. Ayr\u0131ca teslimat\u0131m\u0131z 0 Garantilidir ve gizli paketleme yap\u0131yoruz<br \/>\n8. Ayr\u0131ca hedefimiz her zaman memnun bir m\u00fc\u015fteridir.<\/p>\n<p>Avustralya kimlik kart\u0131<\/p>","protected":false},"excerpt":{"rendered":"<p>Orijinal kalitede \u00fcretilmi\u015f Avustralya Ya\u015f kan\u0131t kart\u0131 (Kimlik kart\u0131) sat\u0131n al\u0131n. Model 2019 y\u0131l\u0131. Ge\u00e7erlilik s\u00fcresi 10 y\u0131l. Avustralya S\u00fcr\u00fcc\u00fc Belgeniz yoksa Avustralya Ya\u015f Kan\u0131t kart\u0131 foto\u011frafl\u0131 kimlik belgesi olarak kullan\u0131labilir.<br \/>\nYetenekli ekip \u00fcyelerimiz, ger\u00e7ek d\u00fcnyada i\u015fe yarayan sahte bir kimlik kart\u0131n\u0131n nas\u0131l al\u0131naca\u011f\u0131n\u0131 anlaman\u0131za yard\u0131mc\u0131 olacakt\u0131r. \u0130lgin\u00e7tir ki, ayr\u0131ca burada en basit maliyetlerle sat\u0131n al\u0131nabilir bir Avustralya kimlik kart\u0131m\u0131z da mevcut. Bu da bizimle ileti\u015fim kurabilece\u011finizi ve hizmetlerimizden rahat\u00e7a yararlanabilece\u011finizi g\u00f6steriyor.<br \/>\nAvustralya kimlik kart\u0131 genellikle herhangi bir belge olu\u015fturma, A S\u0131n\u0131f\u0131 filmler i\u00e7in sinema salonuna giri\u015f ve Avustralya'daki birka\u00e7 farkl\u0131 amac\u0131 kar\u015f\u0131lamak a\u00e7\u0131s\u0131ndan \u00f6nemli bir kimlik kan\u0131t\u0131d\u0131r. Acentemiz, m\u00fc\u015fterilerimizin gereksinimlerini \u00f6ncelikli tuttu\u011fumuz ve bunlar\u0131 k\u0131sa s\u00fcrede ger\u00e7ekle\u015ftirdi\u011fimiz i\u00e7in uzun s\u00fcredir Avustralya Kimlik Kart\u0131 sat\u0131n almak i\u00e7in en basit yer olarak kabul edilmektedir.<\/p>","protected":false},"featured_media":461,"comment_status":"closed","ping_status":"closed","template":"","meta":{"site-sidebar-layout":"default","site-content-layout":"","ast-site-content-layout":"default","site-content-style":"default","site-sidebar-style":"default","ast-global-header-display":"","ast-banner-title-visibility":"","ast-main-header-display":"","ast-hfb-above-header-display":"","ast-hfb-below-header-display":"","ast-hfb-mobile-header-display":"","site-post-title":"","ast-breadcrumbs-content":"","ast-featured-img":"","footer-sml-layout":"","theme-transparent-header-meta":"default","adv-header-id-meta":"","stick-header-meta":"","header-above-stick-meta":"","header-main-stick-meta":"","header-below-stick-meta":"","astra-migrate-meta-layouts":"set","ast-page-background-enabled":"default","ast-page-background-meta":{"desktop":{"background-color":"var(--ast-global-color-4)","background-image":"","background-repeat":"repeat","background-position":"center center","background-size":"auto","background-attachment":"scroll","background-type":"","background-media":"","overlay-type":"","overlay-color":"","overlay-opacity":"","overlay-gradient":""},"tablet":{"background-color":"","background-image":"","background-repeat":"repeat","background-position":"center center","background-size":"auto","background-attachment":"scroll","background-type":"","background-media":"","overlay-type":"","overlay-color":"","overlay-opacity":"","overlay-gradient":""},"mobile":{"background-color":"","background-image":"","background-repeat":"repeat","background-position":"center center","background-size":"auto","background-attachment":"scroll","background-type":"","background-media":"","overlay-type":"","overlay-color":"","overlay-opacity":"","overlay-gradient":""}},"ast-content-background-meta":{"desktop":{"background-color":"var(--ast-global-color-5)","background-image":"","background-repeat":"repeat","background-position":"center center","background-size":"auto","background-attachment":"scroll","background-type":"","background-media":"","overlay-type":"","overlay-color":"","overlay-opacity":"","overlay-gradient":""},"tablet":{"background-color":"var(--ast-global-color-5)","background-image":"","background-repeat":"repeat","background-position":"center center","background-size":"auto","background-attachment":"scroll","background-type":"","background-media":"","overlay-type":"","overlay-color":"","overlay-opacity":"","overlay-gradient":""},"mobile":{"background-color":"var(--ast-global-color-5)","background-image":"","background-repeat":"repeat","background-position":"center center","background-size":"auto","background-attachment":"scroll","background-type":"","background-media":"","overlay-type":"","overlay-color":"","overlay-opacity":"","overlay-gradient":""}}},"product_brand":[],"product_cat":[56],"product_tag":[81,186,82,241,238,242,135,85,173,196,239,240],"class_list":{"0":"post-415","1":"product","2":"type-product","3":"status-publish","4":"has-post-thumbnail","6":"product_cat-id-cards","7":"product_tag-australian-drivers-license","8":"product_tag-birth-certificates-in-australia","9":"product_tag-buy-a-fake-california-driving-license-online","10":"product_tag-buy-quality-scannable-fake-id-cards-online","11":"product_tag-buy-real-australian-id-card","12":"product_tag-buy-real-australian-id-card-online","13":"product_tag-buy-real-driving-license","14":"product_tag-drivers-license","15":"product_tag-eu-driving-license","16":"product_tag-identity-verification","17":"product_tag-the-best-reliable-fake-ids-seller-online","18":"product_tag-where-to-buy-fake-australia-id-card-online","19":"desktop-align-left","20":"tablet-align-left","21":"mobile-align-left","23":"first","24":"instock","25":"purchasable","26":"product-type-simple"},"yoast_head":"<!-- This site is optimized with the Yoast SEO plugin v26.5 - https:\/\/yoast.com\/wordpress\/plugins\/seo\/ -->\n<title>Shop Australian Age Proof Card in Germany | Glob Documents<\/title>\n<meta name=\"description\" content=\"Easily Buy an Australian ID Card in Germany with Glob Documents. Fast, secure, and discreet service you can trust. An buy your Id proof .\" \/>\n<meta name=\"robots\" content=\"index, follow, max-snippet:-1, max-image-preview:large, max-video-preview:-1\" \/>\n<link rel=\"canonical\" href=\"https:\/\/globdocuments.com\/tr\/produkt\/australian-id-card\/\" \/>\n<meta property=\"og:locale\" content=\"tr_TR\" \/>\n<meta property=\"og:type\" content=\"article\" \/>\n<meta property=\"og:title\" content=\"Shop Australian Age Proof Card in Germany | Glob Documents\" \/>\n<meta property=\"og:description\" content=\"Easily Buy an Australian ID Card in Germany with Glob Documents. Fast, secure, and discreet service you can trust. An buy your Id proof .\" \/>\n<meta property=\"og:url\" content=\"https:\/\/globdocuments.com\/tr\/produkt\/australian-id-card\/\" \/>\n<meta property=\"article:modified_time\" content=\"2026-01-07T08:02:56+00:00\" \/>\n<meta property=\"og:image\" content=\"https:\/\/globdocuments.com\/wp-content\/uploads\/2022\/11\/australian-id-card.png\" \/>\n\t<meta property=\"og:image:width\" content=\"450\" \/>\n\t<meta property=\"og:image:height\" content=\"450\" \/>\n\t<meta property=\"og:image:type\" content=\"image\/png\" \/>\n<meta name=\"twitter:card\" content=\"summary_large_image\" \/>\n<meta name=\"twitter:label1\" content=\"Tahmini okuma s\u00fcresi\" \/>\n\t<meta name=\"twitter:data1\" content=\"3 dakika\" \/>\n<script type=\"application\/ld+json\" class=\"yoast-schema-graph\">{\"@context\":\"https:\/\/schema.org\",\"@graph\":[{\"@type\":\"WebPage\",\"@id\":\"https:\/\/globdocuments.com\/de\/produkt\/australian-id-card\/\",\"url\":\"https:\/\/globdocuments.com\/de\/produkt\/australian-id-card\/\",\"name\":\"Shop Australian Age Proof Card in Germany | Glob Documents\",\"isPartOf\":{\"@id\":\"https:\/\/globdocuments.com\/#website\"},\"primaryImageOfPage\":{\"@id\":\"https:\/\/globdocuments.com\/de\/produkt\/australian-id-card\/#primaryimage\"},\"image\":{\"@id\":\"https:\/\/globdocuments.com\/de\/produkt\/australian-id-card\/#primaryimage\"},\"thumbnailUrl\":\"https:\/\/globdocuments.com\/wp-content\/uploads\/2022\/11\/australian-id-card.png\",\"datePublished\":\"2022-11-03T07:17:53+00:00\",\"dateModified\":\"2026-01-07T08:02:56+00:00\",\"description\":\"Easily Buy an Australian ID Card in Germany with Glob Documents. Fast, secure, and discreet service you can trust. An buy your Id proof .\",\"breadcrumb\":{\"@id\":\"https:\/\/globdocuments.com\/de\/produkt\/australian-id-card\/#breadcrumb\"},\"inLanguage\":\"tr\",\"potentialAction\":[{\"@type\":\"ReadAction\",\"target\":[\"https:\/\/globdocuments.com\/de\/produkt\/australian-id-card\/\"]}]},{\"@type\":\"ImageObject\",\"inLanguage\":\"tr\",\"@id\":\"https:\/\/globdocuments.com\/de\/produkt\/australian-id-card\/#primaryimage\",\"url\":\"https:\/\/globdocuments.com\/wp-content\/uploads\/2022\/11\/australian-id-card.png\",\"contentUrl\":\"https:\/\/globdocuments.com\/wp-content\/uploads\/2022\/11\/australian-id-card.png\",\"width\":450,\"height\":450,\"caption\":\"Buy Real Australian ID Card\"},{\"@type\":\"BreadcrumbList\",\"@id\":\"https:\/\/globdocuments.com\/de\/produkt\/australian-id-card\/#breadcrumb\",\"itemListElement\":[{\"@type\":\"ListItem\",\"position\":1,\"name\":\"Shop\",\"item\":\"https:\/\/globdocuments.com\/shop\/\"},{\"@type\":\"ListItem\",\"position\":2,\"name\":\"Buy Real Australian ID Card\"}]},{\"@type\":\"WebSite\",\"@id\":\"https:\/\/globdocuments.com\/#website\",\"url\":\"https:\/\/globdocuments.com\/\",\"name\":\"\",\"description\":\"Buy real fake documents online\",\"potentialAction\":[{\"@type\":\"SearchAction\",\"target\":{\"@type\":\"EntryPoint\",\"urlTemplate\":\"https:\/\/globdocuments.com\/?s={search_term_string}\"},\"query-input\":{\"@type\":\"PropertyValueSpecification\",\"valueRequired\":true,\"valueName\":\"search_term_string\"}}],\"inLanguage\":\"tr\"}]}<\/script>\n<!-- \/ Yoast SEO plugin. -->","yoast_head_json":{"title":"Almanya'da Avustralya Ya\u015f Kan\u0131t Kart\u0131 Sat\u0131n Al | Glob Documents","description":"Glob Documents ile Almanya'da kolayca bir Avustralya Kimlik Kart\u0131 sat\u0131n al\u0131n. G\u00fcvenebilece\u011finiz h\u0131zl\u0131, g\u00fcvenli ve gizli hizmet. Kimlik kan\u0131t\u0131n\u0131z\u0131 sat\u0131n al\u0131n.","robots":{"index":"index","follow":"follow","max-snippet":"max-snippet:-1","max-image-preview":"max-image-preview:large","max-video-preview":"max-video-preview:-1"},"canonical":"https:\/\/globdocuments.com\/tr\/produkt\/australian-id-card\/","og_locale":"tr_TR","og_type":"article","og_title":"Shop Australian Age Proof Card in Germany | Glob Documents","og_description":"Easily Buy an Australian ID Card in Germany with Glob Documents. Fast, secure, and discreet service you can trust. An buy your Id proof .","og_url":"https:\/\/globdocuments.com\/tr\/produkt\/australian-id-card\/","article_modified_time":"2026-01-07T08:02:56+00:00","og_image":[{"width":450,"height":450,"url":"https:\/\/globdocuments.com\/wp-content\/uploads\/2022\/11\/australian-id-card.png","type":"image\/png"}],"twitter_card":"summary_large_image","twitter_misc":{"Tahmini okuma s\u00fcresi":"3 dakika"},"schema":{"@context":"https:\/\/schema.org","@graph":[{"@type":"WebPage","@id":"https:\/\/globdocuments.com\/de\/produkt\/australian-id-card\/","url":"https:\/\/globdocuments.com\/de\/produkt\/australian-id-card\/","name":"Almanya'da Avustralya Ya\u015f Kan\u0131t Kart\u0131 Sat\u0131n Al | Glob Documents","isPartOf":{"@id":"https:\/\/globdocuments.com\/#website"},"primaryImageOfPage":{"@id":"https:\/\/globdocuments.com\/de\/produkt\/australian-id-card\/#primaryimage"},"image":{"@id":"https:\/\/globdocuments.com\/de\/produkt\/australian-id-card\/#primaryimage"},"thumbnailUrl":"https:\/\/globdocuments.com\/wp-content\/uploads\/2022\/11\/australian-id-card.png","datePublished":"2022-11-03T07:17:53+00:00","dateModified":"2026-01-07T08:02:56+00:00","description":"Glob Documents ile Almanya'da kolayca bir Avustralya Kimlik Kart\u0131 sat\u0131n al\u0131n. G\u00fcvenebilece\u011finiz h\u0131zl\u0131, g\u00fcvenli ve gizli hizmet. Kimlik kan\u0131t\u0131n\u0131z\u0131 sat\u0131n al\u0131n.","breadcrumb":{"@id":"https:\/\/globdocuments.com\/de\/produkt\/australian-id-card\/#breadcrumb"},"inLanguage":"tr","potentialAction":[{"@type":"ReadAction","target":["https:\/\/globdocuments.com\/de\/produkt\/australian-id-card\/"]}]},{"@type":"ImageObject","inLanguage":"tr","@id":"https:\/\/globdocuments.com\/de\/produkt\/australian-id-card\/#primaryimage","url":"https:\/\/globdocuments.com\/wp-content\/uploads\/2022\/11\/australian-id-card.png","contentUrl":"https:\/\/globdocuments.com\/wp-content\/uploads\/2022\/11\/australian-id-card.png","width":450,"height":450,"caption":"Buy Real Australian ID Card"},{"@type":"BreadcrumbList","@id":"https:\/\/globdocuments.com\/de\/produkt\/australian-id-card\/#breadcrumb","itemListElement":[{"@type":"ListItem","position":1,"name":"Shop","item":"https:\/\/globdocuments.com\/shop\/"},{"@type":"ListItem","position":2,"name":"Buy Real Australian ID Card"}]},{"@type":"WebSite","@id":"https:\/\/globdocuments.com\/#website","url":"https:\/\/globdocuments.com\/","name":"","description":"Online ger\u00e7ek sahte belgeler sat\u0131n al","potentialAction":[{"@type":"SearchAction","target":{"@type":"EntryPoint","urlTemplate":"https:\/\/globdocuments.com\/?s={search_term_string}"},"query-input":{"@type":"PropertyValueSpecification","valueRequired":true,"valueName":"search_term_string"}}],"inLanguage":"tr"}]}},"_links":{"self":[{"href":"https:\/\/globdocuments.com\/tr\/wp-json\/wp\/v2\/product\/415","targetHints":{"allow":["GET"]}}],"collection":[{"href":"https:\/\/globdocuments.com\/tr\/wp-json\/wp\/v2\/product"}],"about":[{"href":"https:\/\/globdocuments.com\/tr\/wp-json\/wp\/v2\/types\/product"}],"replies":[{"embeddable":true,"href":"https:\/\/globdocuments.com\/tr\/wp-json\/wp\/v2\/comments?post=415"}],"wp:featuredmedia":[{"embeddable":true,"href":"https:\/\/globdocuments.com\/tr\/wp-json\/wp\/v2\/media\/461"}],"wp:attachment":[{"href":"https:\/\/globdocuments.com\/tr\/wp-json\/wp\/v2\/media?parent=415"}],"wp:term":[{"taxonomy":"product_brand","embeddable":true,"href":"https:\/\/globdocuments.com\/tr\/wp-json\/wp\/v2\/product_brand?post=415"},{"taxonomy":"product_cat","embeddable":true,"href":"https:\/\/globdocuments.com\/tr\/wp-json\/wp\/v2\/product_cat?post=415"},{"taxonomy":"product_tag","embeddable":true,"href":"https:\/\/globdocuments.com\/tr\/wp-json\/wp\/v2\/product_tag?post=415"}],"curies":[{"name":"wp","href":"https:\/\/api.w.org\/{rel}","templated":true}]}}