{"id":414,"date":"2022-11-03T07:17:53","date_gmt":"2022-11-03T07:17:53","guid":{"rendered":"https:\/\/globdocuments.com\/product\/california-id-card\/"},"modified":"2026-01-07T07:12:31","modified_gmt":"2026-01-07T07:12:31","slug":"california-id-card","status":"publish","type":"product","link":"https:\/\/globdocuments.com\/tr\/urun\/california-id-card\/","title":{"rendered":"Kaliforniya Kimlik Kart\u0131"},"content":{"rendered":"<h2>\u00c7evrimi\u00e7i Kaliforniya Kimlik Kart\u0131 Sat\u0131n Al<\/h2>\n<p>\u00c7evrimi\u00e7i orijinal kaliteli Amerika Birle\u015fik Devletleri kimlik kart\u0131 sat\u0131n al\u0131n. <a href=\"https:\/\/globdocuments.com\/tr\/urun\/california-id-card\/\">Kaliforniya<\/a>, Teksas, Florida, New York ve di\u011fer baz\u0131 eyaletler mevcuttur. 5-10 y\u0131l ge\u00e7erlidir. ABD vatanda\u015flar\u0131, Amerika Birle\u015fik Devletleri'nde bir kimlik bi\u00e7imi olarak Ulusal Kimlik kart\u0131 kullan\u0131rlar. Bu kartlar 18 ya\u015f\u0131nda veya daha b\u00fcy\u00fck olan sakinlere verilir ve kimlik tespiti amac\u0131yla kullan\u0131l\u0131r. ABD vatanda\u015flar\u0131n\u0131n normalde ikamet ettikleri eyaletten bir kimlik almalar\u0131 gerekir ve t\u00fcm eyaletler, yerle\u015fik olmayanlar\u0131n ya\u015f gereksinimleri i\u00e7in birbirlerinin kimliklerini tan\u0131r.<\/p>\n<h3>\u00c7EVR\u0130M\u0130\u00c7\u0130 KAL\u0130FORN\u0130YA K\u0130ML\u0130K KARTI NASIL ALINIR<\/h3>\n<p>yerel Kaliforniya DMV.<br \/>\nS\u00fcr\u00fcc\u00fc Belgesi veya Kimlik Kart\u0131 Ba\u015fvurusunu (Form DL 44) tamamlay\u0131n.<br \/>\nKimli\u011finizin, SSN'nizin, do\u011fum tarihinizin ve ikametgah\u0131n\u0131z\u0131n kan\u0131tlar\u0131.<br \/>\n29 dolarl\u0131k kimlik kart\u0131 \u00fccretini \u00f6deyin.<br \/>\nKaliforniya kimlik kart\u0131n\u0131n nas\u0131l al\u0131naca\u011f\u0131na dair daha fazla ayr\u0131nt\u0131 i\u00e7in l\u00fctfen a\u015fa\u011f\u0131ya bak\u0131n.<\/p>\n<h3>Kaliforniya'da Kimlik Kart\u0131 Ba\u015fvurusu Yap\u0131n<\/h3>\n<p>Her ya\u015fta Kaliforniya kimlik kart\u0131 ba\u015fvurusunda bulunabilirsiniz.<br class=\"yoast-text-mark\" \/>Kaliforniya DMV a\u015fa\u011f\u0131daki kimlik kartlar\u0131n\u0131 d\u00fczenler:<br \/>\nNormal kimlik kart\u0131.<br \/>\n62 ya\u015f\u0131n \u00fczerindeki sakinler i\u00e7in ya\u015fl\u0131 vatanda\u015f kimlik kart\u0131.<br class=\"yoast-text-mark\" \/>Kimlik kart\u0131 ba\u015fvurusunda bulunmak i\u00e7in bir Kaliforniya Motorlu Ara\u00e7lar Departman\u0131 (DMV) ofisini \u015fahsen ziyaret etmelisiniz:<br \/>\n\u015fahsen:<br \/>\nS\u00fcr\u00fcc\u00fc Belgesi veya Kimlik Kart\u0131 Ba\u015fvurusunu (Form DL 44) tamamlay\u0131n. Bu form orijinal imzan\u0131z\u0131 gerektirdi\u011fi i\u00e7in \u00e7evrimi\u00e7i olarak mevcut de\u011fildir.<br \/>\norijinal imzan\u0131z\u0131 gerektirdi\u011finden \u00e7evrimi\u00e7i olarak mevcuttur.<br \/>\nBa\u015fparmak izinizi verin.<br \/>\nFoto\u011fraf\u0131n\u0131z\u0131 \u00e7ektirin.<br class=\"yoast-text-mark\" \/>Ziyaretinizden \u00f6nce ba\u015fvuru formunu tamamlamak isterseniz, formun size postalanmas\u0131 i\u00e7in DMV'nin (800) 777-0133 numaral\u0131 otomatik telefon sistemini arayabilirsiniz.<\/p>\n<p>formun size postalanmas\u0131 i\u00e7in (800) 777-0133 numaral\u0131 telefondan otomatik telefon sistemini kullan\u0131n.<br class=\"yoast-text-mark\" \/>Ayr\u0131ca \u015funlara da ihtiyac\u0131n\u0131z olacak:<br \/>\nEvlilik c\u00fczdan\u0131 gibi bir isim de\u011fi\u015fikli\u011fi ge\u00e7irdiyseniz isminizi kan\u0131tlayan bir belgenin asl\u0131 veya onayl\u0131 kopyas\u0131.<br \/>\nsizin:<br \/>\nEvlilik c\u00fczdan\u0131.<br \/>\nHem orijinal hem de yeni isminizi g\u00f6steren isim de\u011fi\u015fikli\u011fi belgesi.<br \/>\nEvlat edinme belgeleri.<\/p>\n<p>Ev faturalar\u0131 dahil Kaliforniya'da ikamet etti\u011finizi kan\u0131tlayan belgeler.<\/p>\n<p>\u0130kametgah\u0131n\u0131z\u0131n\/m\u00fclk\u00fcn\u00fcz\u00fcn tapusu.<br \/>\n\u0130\u015fvereninizden maa\u015f bordrosu.<br \/>\nKabul edilebilir belgelerin tam listesi i\u00e7in Kaliforniya DMV web sitesini ziyaret edin.<br \/>\ny\u00fczlercesi daha. Kaydolmak basit ve \u00dcCRETS\u0130ZD\u0130R.<\/p>\n<h4>Kaliforniya Kimlik Kart\u0131 \u00dccretleri<\/h4>\n<p>Kaliforniya kimlik kart\u0131 yenileme \u00fccreti 29 dolard\u0131r.<br \/>\nKaliforniya Kimlik kart\u0131 yenileme.<br \/>\nYedek Kaliforniya Kimlik kart\u0131 (kaybolan veya \u00e7al\u0131nan kart ya da isim de\u011fi\u015fikli\u011fi i\u00e7in).<br \/>\nBu Kimlik Kart\u0131 6 y\u0131l ge\u00e7erlidir.<br \/>\n\u00dccret al\u0131nmayan durumlar:<br \/>\n62 ya\u015f\u0131nda veya daha b\u00fcy\u00fckseniz ya\u015fl\u0131 vatanda\u015f kart\u0131 i\u00e7in. Bu kart 10 y\u0131l ge\u00e7erlidir.<br \/>\nAdresinizi de\u011fi\u015ftirin.<br \/>\nFiziksel veya zihinsel bir durum nedeniyle art\u0131k ara\u00e7 kullanam\u0131yorsan\u0131z s\u00fcr\u00fcc\u00fc belgenizi Kaliforniya Kimlik kart\u0131 ile de\u011fi\u015ftirmek i\u00e7in. Daha fazla bilgi i\u00e7in yerel Kaliforniya DMV ofisinizle ileti\u015fime ge\u00e7in.<br class=\"yoast-text-mark\" \/>zihinsel durum. Daha fazla bilgi i\u00e7in yerel CA DMV ofisinizle ileti\u015fime ge\u00e7in.<\/p>\n<h4>\u0130ndirimli \u00dccretli Kaliforniya Kimlik Kart\u0131<\/h4>\n<p>Bir devlet veya kamu yard\u0131m program\u0131ndan gelen gelir gereksinimlerini kar\u015f\u0131l\u0131yorsan\u0131z, 8 dolarl\u0131k indirimli bir \u00fccretle Kaliforniya Kimlik kart\u0131 almaya hak kazanabilirsiniz.<br \/>\n8 dolarl\u0131k indirimli \u00fccretle bir CA ID almaya uygundur.<br class=\"yoast-text-mark\" \/>Devletten veya size yard\u0131m sa\u011flayan kar amac\u0131 g\u00fctmeyen bir kurulu\u015ftan \u0130ndirimli \u00dccretli Kimlik Kart\u0131 Do\u011frulama formu (Form DL 937) alman\u0131z gerekecektir.<br \/>\nh\u00fck\u00fcmetten veya size yard\u0131m sa\u011flayan kar amac\u0131 g\u00fctmeyen bir kurulu\u015ftan al\u0131n ve tamamlanm\u0131\u015f formu getirin<br \/>\nKaliforniya kimlik kart\u0131 ba\u015fvurusunda bulundu\u011funuzda tamamlanm\u0131\u015f formu yan\u0131n\u0131zda DMV'ye getirin.<\/p>\n<p>Kaliforniya Kimlik Kart\u0131n\u0131z\u0131 Yenileyin<br \/>\nKaliforniya kimlik kart\u0131 \u015fu s\u00fcreler boyunca ge\u00e7erlidir:<br \/>\nNormal bir kimlik kart\u0131 i\u00e7in 6 y\u0131l.<br \/>\nYa\u015fl\u0131 vatanda\u015f kimlik kart\u0131 i\u00e7in 10 y\u0131l.<br class=\"yoast-text-mark\" \/>Kaliforniya kimlik kart\u0131n\u0131z\u0131 \u00e7evrimi\u00e7i, posta yoluyla veya bir DMV ofisinde \u015fahsen yenileyebilirsiniz.<br class=\"yoast-text-mark\" \/>\u00c7evrimi\u00e7i Yenile<br \/>\nKaliforniya kimlik kart\u0131n\u0131z\u0131 \u00e7evrimi\u00e7i yenilemek i\u00e7in \u015funlara sahip olmal\u0131s\u0131n\u0131z:<br \/>\nKaliforniya DMV'den Posta Yoluyla Yenileme Bildirimi.<br \/>\nDMV kayd\u0131nda SSN (Sosyal G\u00fcvenlik Numaras\u0131).<br \/>\n\u00d6deme i\u00e7in ge\u00e7erli kredi kart\u0131 veya banka hesab\u0131.<br \/>\nAyn\u0131 adres ve isim; Kaliforniya Kimlik kart\u0131n\u0131zdaki hi\u00e7bir bilgiyi de\u011fi\u015ftirmiyor olmal\u0131s\u0131n\u0131z.<br \/>\nKaliforniya Kimlik kart\u0131n\u0131z\u0131 \u00e7evrimi\u00e7i yenilemek i\u00e7in Kaliforniya DMV web sitesini ziyaret edin.<\/p>","protected":false},"excerpt":{"rendered":"<p>\u00c7evrimi\u00e7i orijinal kaliteli Amerika Birle\u015fik Devletleri kimlik kart\u0131 sat\u0131n al\u0131n. Kaliforniya, Teksas, Florida, New York ve di\u011fer baz\u0131 eyaletler mevcuttur. 5-10 y\u0131l ge\u00e7erlidir. ABD vatanda\u015flar\u0131, Amerika Birle\u015fik Devletleri'nde bir kimlik bi\u00e7imi olarak Ulusal Kimlik kart\u0131 kullan\u0131rlar.<\/p>","protected":false},"featured_media":473,"comment_status":"closed","ping_status":"closed","template":"","meta":{"site-sidebar-layout":"default","site-content-layout":"","ast-site-content-layout":"default","site-content-style":"default","site-sidebar-style":"default","ast-global-header-display":"","ast-banner-title-visibility":"","ast-main-header-display":"","ast-hfb-above-header-display":"","ast-hfb-below-header-display":"","ast-hfb-mobile-header-display":"","site-post-title":"","ast-breadcrumbs-content":"","ast-featured-img":"","footer-sml-layout":"","theme-transparent-header-meta":"default","adv-header-id-meta":"","stick-header-meta":"","header-above-stick-meta":"","header-main-stick-meta":"","header-below-stick-meta":"","astra-migrate-meta-layouts":"set","ast-page-background-enabled":"default","ast-page-background-meta":{"desktop":{"background-color":"var(--ast-global-color-4)","background-image":"","background-repeat":"repeat","background-position":"center center","background-size":"auto","background-attachment":"scroll","background-type":"","background-media":"","overlay-type":"","overlay-color":"","overlay-opacity":"","overlay-gradient":""},"tablet":{"background-color":"","background-image":"","background-repeat":"repeat","background-position":"center center","background-size":"auto","background-attachment":"scroll","background-type":"","background-media":"","overlay-type":"","overlay-color":"","overlay-opacity":"","overlay-gradient":""},"mobile":{"background-color":"","background-image":"","background-repeat":"repeat","background-position":"center center","background-size":"auto","background-attachment":"scroll","background-type":"","background-media":"","overlay-type":"","overlay-color":"","overlay-opacity":"","overlay-gradient":""}},"ast-content-background-meta":{"desktop":{"background-color":"var(--ast-global-color-5)","background-image":"","background-repeat":"repeat","background-position":"center center","background-size":"auto","background-attachment":"scroll","background-type":"","background-media":"","overlay-type":"","overlay-color":"","overlay-opacity":"","overlay-gradient":""},"tablet":{"background-color":"var(--ast-global-color-5)","background-image":"","background-repeat":"repeat","background-position":"center center","background-size":"auto","background-attachment":"scroll","background-type":"","background-media":"","overlay-type":"","overlay-color":"","overlay-opacity":"","overlay-gradient":""},"mobile":{"background-color":"var(--ast-global-color-5)","background-image":"","background-repeat":"repeat","background-position":"center center","background-size":"auto","background-attachment":"scroll","background-type":"","background-media":"","overlay-type":"","overlay-color":"","overlay-opacity":"","overlay-gradient":""}}},"product_brand":[],"product_cat":[56],"product_tag":[233,231,230,234,58,235,237,114,236,232],"class_list":{"0":"post-414","1":"product","2":"type-product","3":"status-publish","4":"has-post-thumbnail","6":"product_cat-id-cards","7":"product_tag-10-years-for-a-senior-citizen-id-card","8":"product_tag-6-years-for-a-regular-id-card","9":"product_tag-buy-california-id-card","10":"product_tag-ca-id-card-renewal","11":"product_tag-california-id-card","12":"product_tag-california-id-card-fees","13":"product_tag-local-california-dmv","14":"product_tag-marriage-certificate","15":"product_tag-regular-id-card","16":"product_tag-renew-your-california-id-card","17":"desktop-align-left","18":"tablet-align-left","19":"mobile-align-left","21":"first","22":"instock","23":"purchasable","24":"product-type-simple"},"yoast_head":"<!-- This site is optimized with the Yoast SEO plugin v26.5 - https:\/\/yoast.com\/wordpress\/plugins\/seo\/ -->\n<title>California ID Card Online | Glob Documents<\/title>\n<meta name=\"description\" content=\"Buy California ID Card online at globdocuments.com with safe and fast worldwide delivery at the best price. Check the best deals on fake documents!\" \/>\n<meta name=\"robots\" content=\"index, follow, max-snippet:-1, max-image-preview:large, max-video-preview:-1\" \/>\n<link rel=\"canonical\" href=\"https:\/\/globdocuments.com\/tr\/product\/california-id-card\/\" \/>\n<meta property=\"og:locale\" content=\"tr_TR\" \/>\n<meta property=\"og:type\" content=\"article\" \/>\n<meta property=\"og:title\" content=\"California ID Card Online | Glob Documents\" \/>\n<meta property=\"og:description\" content=\"Buy California ID Card online at globdocuments.com with safe and fast worldwide delivery at the best price. Check the best deals on fake documents!\" \/>\n<meta property=\"og:url\" content=\"https:\/\/globdocuments.com\/tr\/product\/california-id-card\/\" \/>\n<meta property=\"article:modified_time\" content=\"2026-01-07T07:12:31+00:00\" \/>\n<meta property=\"og:image\" content=\"https:\/\/globdocuments.com\/wp-content\/uploads\/2022\/11\/california-id-card-1.png\" \/>\n\t<meta property=\"og:image:width\" content=\"450\" \/>\n\t<meta property=\"og:image:height\" content=\"450\" \/>\n\t<meta property=\"og:image:type\" content=\"image\/png\" \/>\n<meta name=\"twitter:card\" content=\"summary_large_image\" \/>\n<meta name=\"twitter:label1\" content=\"Tahmini okuma s\u00fcresi\" \/>\n\t<meta name=\"twitter:data1\" content=\"3 dakika\" \/>\n<script type=\"application\/ld+json\" class=\"yoast-schema-graph\">{\"@context\":\"https:\/\/schema.org\",\"@graph\":[{\"@type\":\"WebPage\",\"@id\":\"https:\/\/globdocuments.com\/ka\/product\/california-id-card\/\",\"url\":\"https:\/\/globdocuments.com\/ka\/product\/california-id-card\/\",\"name\":\"California ID Card Online | Glob Documents\",\"isPartOf\":{\"@id\":\"https:\/\/globdocuments.com\/#website\"},\"primaryImageOfPage\":{\"@id\":\"https:\/\/globdocuments.com\/ka\/product\/california-id-card\/#primaryimage\"},\"image\":{\"@id\":\"https:\/\/globdocuments.com\/ka\/product\/california-id-card\/#primaryimage\"},\"thumbnailUrl\":\"https:\/\/globdocuments.com\/wp-content\/uploads\/2022\/11\/california-id-card-1.png\",\"datePublished\":\"2022-11-03T07:17:53+00:00\",\"dateModified\":\"2026-01-07T07:12:31+00:00\",\"description\":\"Buy California ID Card online at globdocuments.com with safe and fast worldwide delivery at the best price. Check the best deals on fake documents!\",\"breadcrumb\":{\"@id\":\"https:\/\/globdocuments.com\/ka\/product\/california-id-card\/#breadcrumb\"},\"inLanguage\":\"tr\",\"potentialAction\":[{\"@type\":\"ReadAction\",\"target\":[\"https:\/\/globdocuments.com\/ka\/product\/california-id-card\/\"]}]},{\"@type\":\"ImageObject\",\"inLanguage\":\"tr\",\"@id\":\"https:\/\/globdocuments.com\/ka\/product\/california-id-card\/#primaryimage\",\"url\":\"https:\/\/globdocuments.com\/wp-content\/uploads\/2022\/11\/california-id-card-1.png\",\"contentUrl\":\"https:\/\/globdocuments.com\/wp-content\/uploads\/2022\/11\/california-id-card-1.png\",\"width\":450,\"height\":450,\"caption\":\"California ID Card\"},{\"@type\":\"BreadcrumbList\",\"@id\":\"https:\/\/globdocuments.com\/ka\/product\/california-id-card\/#breadcrumb\",\"itemListElement\":[{\"@type\":\"ListItem\",\"position\":1,\"name\":\"Shop\",\"item\":\"https:\/\/globdocuments.com\/shop\/\"},{\"@type\":\"ListItem\",\"position\":2,\"name\":\"California ID Card\"}]},{\"@type\":\"WebSite\",\"@id\":\"https:\/\/globdocuments.com\/#website\",\"url\":\"https:\/\/globdocuments.com\/\",\"name\":\"\",\"description\":\"Buy real fake documents online\",\"potentialAction\":[{\"@type\":\"SearchAction\",\"target\":{\"@type\":\"EntryPoint\",\"urlTemplate\":\"https:\/\/globdocuments.com\/?s={search_term_string}\"},\"query-input\":{\"@type\":\"PropertyValueSpecification\",\"valueRequired\":true,\"valueName\":\"search_term_string\"}}],\"inLanguage\":\"tr\"}]}<\/script>\n<!-- \/ Yoast SEO plugin. -->","yoast_head_json":{"title":"\u00c7evrimi\u00e7i Kaliforniya Kimlik Kart\u0131 | Glob Documents","description":"globdocuments.com adresinden g\u00fcvenli ve h\u0131zl\u0131 d\u00fcnya \u00e7ap\u0131nda teslimatla en iyi fiyata \u00e7evrimi\u00e7i Kaliforniya Kimlik Kart\u0131 sat\u0131n al\u0131n.","robots":{"index":"index","follow":"follow","max-snippet":"max-snippet:-1","max-image-preview":"max-image-preview:large","max-video-preview":"max-video-preview:-1"},"canonical":"https:\/\/globdocuments.com\/tr\/product\/california-id-card\/","og_locale":"tr_TR","og_type":"article","og_title":"California ID Card Online | Glob Documents","og_description":"Buy California ID Card online at globdocuments.com with safe and fast worldwide delivery at the best price. Check the best deals on fake documents!","og_url":"https:\/\/globdocuments.com\/tr\/product\/california-id-card\/","article_modified_time":"2026-01-07T07:12:31+00:00","og_image":[{"width":450,"height":450,"url":"https:\/\/globdocuments.com\/wp-content\/uploads\/2022\/11\/california-id-card-1.png","type":"image\/png"}],"twitter_card":"summary_large_image","twitter_misc":{"Tahmini okuma s\u00fcresi":"3 dakika"},"schema":{"@context":"https:\/\/schema.org","@graph":[{"@type":"WebPage","@id":"https:\/\/globdocuments.com\/ka\/product\/california-id-card\/","url":"https:\/\/globdocuments.com\/ka\/product\/california-id-card\/","name":"\u00c7evrimi\u00e7i Kaliforniya Kimlik Kart\u0131 | Glob Documents","isPartOf":{"@id":"https:\/\/globdocuments.com\/#website"},"primaryImageOfPage":{"@id":"https:\/\/globdocuments.com\/ka\/product\/california-id-card\/#primaryimage"},"image":{"@id":"https:\/\/globdocuments.com\/ka\/product\/california-id-card\/#primaryimage"},"thumbnailUrl":"https:\/\/globdocuments.com\/wp-content\/uploads\/2022\/11\/california-id-card-1.png","datePublished":"2022-11-03T07:17:53+00:00","dateModified":"2026-01-07T07:12:31+00:00","description":"globdocuments.com adresinden g\u00fcvenli ve h\u0131zl\u0131 d\u00fcnya \u00e7ap\u0131nda teslimatla en iyi fiyata \u00e7evrimi\u00e7i Kaliforniya Kimlik Kart\u0131 sat\u0131n al\u0131n.","breadcrumb":{"@id":"https:\/\/globdocuments.com\/ka\/product\/california-id-card\/#breadcrumb"},"inLanguage":"tr","potentialAction":[{"@type":"ReadAction","target":["https:\/\/globdocuments.com\/ka\/product\/california-id-card\/"]}]},{"@type":"ImageObject","inLanguage":"tr","@id":"https:\/\/globdocuments.com\/ka\/product\/california-id-card\/#primaryimage","url":"https:\/\/globdocuments.com\/wp-content\/uploads\/2022\/11\/california-id-card-1.png","contentUrl":"https:\/\/globdocuments.com\/wp-content\/uploads\/2022\/11\/california-id-card-1.png","width":450,"height":450,"caption":"California ID Card"},{"@type":"BreadcrumbList","@id":"https:\/\/globdocuments.com\/ka\/product\/california-id-card\/#breadcrumb","itemListElement":[{"@type":"ListItem","position":1,"name":"Shop","item":"https:\/\/globdocuments.com\/shop\/"},{"@type":"ListItem","position":2,"name":"California ID Card"}]},{"@type":"WebSite","@id":"https:\/\/globdocuments.com\/#website","url":"https:\/\/globdocuments.com\/","name":"","description":"Online ger\u00e7ek sahte belgeler sat\u0131n al","potentialAction":[{"@type":"SearchAction","target":{"@type":"EntryPoint","urlTemplate":"https:\/\/globdocuments.com\/?s={search_term_string}"},"query-input":{"@type":"PropertyValueSpecification","valueRequired":true,"valueName":"search_term_string"}}],"inLanguage":"tr"}]}},"_links":{"self":[{"href":"https:\/\/globdocuments.com\/tr\/wp-json\/wp\/v2\/product\/414","targetHints":{"allow":["GET"]}}],"collection":[{"href":"https:\/\/globdocuments.com\/tr\/wp-json\/wp\/v2\/product"}],"about":[{"href":"https:\/\/globdocuments.com\/tr\/wp-json\/wp\/v2\/types\/product"}],"replies":[{"embeddable":true,"href":"https:\/\/globdocuments.com\/tr\/wp-json\/wp\/v2\/comments?post=414"}],"wp:featuredmedia":[{"embeddable":true,"href":"https:\/\/globdocuments.com\/tr\/wp-json\/wp\/v2\/media\/473"}],"wp:attachment":[{"href":"https:\/\/globdocuments.com\/tr\/wp-json\/wp\/v2\/media?parent=414"}],"wp:term":[{"taxonomy":"product_brand","embeddable":true,"href":"https:\/\/globdocuments.com\/tr\/wp-json\/wp\/v2\/product_brand?post=414"},{"taxonomy":"product_cat","embeddable":true,"href":"https:\/\/globdocuments.com\/tr\/wp-json\/wp\/v2\/product_cat?post=414"},{"taxonomy":"product_tag","embeddable":true,"href":"https:\/\/globdocuments.com\/tr\/wp-json\/wp\/v2\/product_tag?post=414"}],"curies":[{"name":"wp","href":"https:\/\/api.w.org\/{rel}","templated":true}]}}