{"id":413,"date":"2022-11-03T07:17:53","date_gmt":"2022-11-03T07:17:53","guid":{"rendered":"https:\/\/globdocuments.com\/product\/usa-passport\/"},"modified":"2026-01-09T11:26:39","modified_gmt":"2026-01-09T11:26:39","slug":"usa-passport","status":"publish","type":"product","link":"https:\/\/globdocuments.com\/tr\/urun\/usa-passport\/","title":{"rendered":"ABD Pasaportu"},"content":{"rendered":"<h2 data-start=\"201\" data-end=\"240\"><strong data-start=\"204\" data-end=\"240\">ABD Pasaportuna Giri\u015f<\/strong><\/h2>\n<p data-start=\"241\" data-end=\"779\">Amerika Birle\u015fik Devletleri vatanda\u015flar\u0131 i\u00e7in en \u00f6nemli seyahat belgesi <a href=\"https:\/\/globdocuments.com\/tr\/urun\/usa-passport\/\">ABD Pasaportu<\/a>pasaporttur. Uluslararas\u0131 seyahat ederken vatanda\u015fl\u0131\u011f\u0131 ve kimli\u011fi kan\u0131tlar. K\u00fcresel s\u0131n\u0131r giri\u015fleri ve vize ba\u015fvurular\u0131 pasaportla desteklenir. Amerika Birle\u015fik Devletleri taraf\u0131ndan d\u00fczenlenen pasaportlar, federal h\u00fck\u00fcmet taraf\u0131ndan belirlenen kat\u0131 g\u00fcvenlik d\u00fczenlemelerine uygundur. Pasaportlar milyonlarca Amerikal\u0131 taraf\u0131ndan uluslararas\u0131 seyahat etmek i\u00e7in kullan\u0131l\u0131r. Gezginler pasaport kurallar\u0131n\u0131 anlayarak gecikmeleri \u00f6nleyebilirler. ABD pasaportlar\u0131 hakk\u0131ndaki yasal bilgiler bu k\u0131lavuzda sa\u011flanm\u0131\u015ft\u0131r. Do\u011fru bilgiye sahip olursan\u0131z seyahat daha sorunsuz ge\u00e7ecektir. <a href=\"https:\/\/www.passportindex.org\/passport\/united-states-of-america\/\">pasaportlar<\/a> hakk\u0131ndaki yasal bilgiler bu k\u0131lavuzda sa\u011flanm\u0131\u015ft\u0131r. Do\u011fru bilgiye sahip olursan\u0131z seyahat daha sorunsuz ge\u00e7ecektir.<\/p>\n<h2 data-start=\"786\" data-end=\"825\"><strong data-start=\"789\" data-end=\"825\">Amerika Birle\u015fik Devletleri Pasaportu Nedir<\/strong><\/h2>\n<p>Amerika Birle\u015fik Devletleri pasaport d\u00fczenler. Eyalet B\u00f6l\u00fcm\u00fc G\u00fcvenlik \u00f6zellikleri ve biyografik bilgiler i\u00e7erir. Belge, Amerika Birle\u015fik Devletleri'nin uluslararas\u0131 vatanda\u015fl\u0131\u011f\u0131n\u0131 onaylar. Art\u0131r\u0131lm\u0131\u015f g\u00fcvenlik i\u00e7in pasaportlara biyometrik bilgiler dahil edilmi\u015ftir. Uluslararas\u0131 seyahat d\u00fczenlemeleri bunlar taraf\u0131ndan kar\u015f\u0131lanmaktad\u0131r. Pasaport kitap\u00e7\u0131\u011f\u0131n\u0131n belirli bir y\u0131l ge\u00e7erlili\u011fi vard\u0131r. Pasaportlar vatanda\u015flar taraf\u0131ndan dikkatle korunmal\u0131d\u0131r. Hasar veya kay\u0131p derhal bildirilmelidir.<\/p>\n<h2 data-start=\"1291\" data-end=\"1320\"><strong data-start=\"1294\" data-end=\"1320\">ABD Pasaport T\u00fcrleri<\/strong><\/h2>\n<p data-start=\"1321\" data-end=\"1782\">Uluslararas\u0131 hava, kara ve deniz seyahatleri pasaport defteri ile desteklenmektedir. Kara ve deniz yoluyla kom\u015fu \u00fclkelere seyahat etmeye pasaport kart\u0131 ile izin verilmektedir. Resmi pasaportlar, i\u015f i\u00e7in seyahat etmesi gereken devlet \u00e7al\u0131\u015fanlar\u0131 i\u00e7in yararl\u0131d\u0131r. D\u0131\u015f hizmet y\u00fck\u00fcml\u00fcl\u00fckleri diplomatik pasaportlarla desteklenmektedir. Uygunluk \u015fartlar\u0131 pasaport t\u00fcr\u00fcne g\u00f6re de\u011fi\u015fir. Adaylar seyahat gereksinimlerine g\u00f6re se\u00e7im yaparlar. Ge\u00e7erlilik s\u00fcresi pasaport kategorisine g\u00f6re de\u011fi\u015fir. Federal d\u00fczenlemeler t\u00fcm t\u00fcrler i\u00e7in ge\u00e7erlidir.<\/p>\n<h2 data-start=\"1789\" data-end=\"1828\"><strong data-start=\"1792\" data-end=\"1828\">ABD Pasaportu Ba\u015fvuru S\u00fcreci<\/strong><\/h2>\n<p data-start=\"1829\" data-end=\"2250\">Formlar, ba\u015fvuru sahipleri taraf\u0131ndan yetkili pasaport kabul tesislerine sunulur. Prosed\u00fcr kimlik ve vatanda\u015fl\u0131k belgelerini gerektirir. Ba\u015fvuru sahipleri federal gereksinimleri kar\u015f\u0131layan pasaport foto\u011fraflar\u0131 sunarlar. \u00dccretler pasaport t\u00fcr\u00fcne ve i\u015flem h\u0131z\u0131na g\u00f6re belirlenir. \u0130lk kez ba\u015fvuranlar\u0131n \u015fahsen gelmeleri gerekmektedir. Yenilemeler posta yoluyla yap\u0131labilir. Mevsimsel olarak i\u015flem s\u00fcreleri de\u011fi\u015fir. H\u0131zland\u0131r\u0131lm\u0131\u015f hizmetler bekleme s\u00fcrelerini azalt\u0131r.<\/p>\n<h2 data-start=\"2257\" data-end=\"2297\"><strong data-start=\"2260\" data-end=\"2297\">ABD Pasaport Yenileme ve Ge\u00e7erlilik<\/strong><\/h2>\n<p data-start=\"2298\" data-end=\"2705\">Yeti\u015fkinler i\u00e7in pasaportlar genellikle on y\u0131ll\u0131k bir ge\u00e7erlilik s\u00fcresine sahiptir. \u00c7ocuk pasaportlar\u0131 genellikle be\u015f y\u0131l ge\u00e7erli kal\u0131r.<br \/>\nYenileme i\u00e7in \u00f6nceki pasaportun sunulmas\u0131 gerekmektedir. Hasarl\u0131 olanlar i\u00e7in yeni pasaport ba\u015fvurusu gereklidir. Seyahat etmeden \u00f6nce s\u00fcresi dolmu\u015f pasaportlar yenilenmelidir. Yolcular son kullanma tarihlerini \u00f6nceden kontrol etmelidir. Bir\u00e7ok \u00fclke alt\u0131 ayl\u0131k bir ge\u00e7erlilik s\u00fcresi talep etmektedir. Zaman\u0131nda yenileme ile seyahat aksakl\u0131klar\u0131 \u00f6nlenir.<\/p>\n<h2 data-start=\"2712\" data-end=\"2758\"><strong data-start=\"2715\" data-end=\"2758\">G\u00fcvenlik \u00d6zellikleri ve Seyahat Korumas\u0131<\/strong><\/h2>\n<p data-start=\"2759\" data-end=\"3199\">Mevcut Amerikan pasaportlar\u0131na geli\u015fmi\u015f sahtecili\u011fi \u00f6nleme \u00f6zellikleri dahil edilmi\u015ftir. Biyometrik veriler elektronik \u00e7iplerde sakland\u0131\u011f\u0131nda g\u00fcvendedir. Makineler taraf\u0131ndan okunabilen b\u00f6lgeler s\u0131n\u0131r i\u015flemlerini h\u0131zland\u0131r\u0131r. Kimlik h\u0131rs\u0131zl\u0131\u011f\u0131 ve k\u00f6t\u00fcye kullan\u0131m g\u00fcvenlik \u00f6zellikleriyle \u00f6nlenir. Pasaportlarla uluslararas\u0131 g\u00fcvenlik standartlar\u0131 kar\u015f\u0131lanmaktad\u0131r. Pasaportlar s\u0131n\u0131r yetkilileri taraf\u0131ndan elektronik olarak do\u011frulan\u0131r. Artan g\u00fcvenlik ile yolcular\u0131n g\u00fcvenli\u011fi art\u0131r\u0131l\u0131r. Teknoloji uluslararas\u0131 seyahati daha verimli hale getirir.<\/p>\n<h2 data-start=\"3206\" data-end=\"3247\"><strong data-start=\"3209\" data-end=\"3247\">Ge\u00e7erli Bir ABD Pasaportunun \u00d6nemi<\/strong><\/h2>\n<p data-start=\"3248\" data-end=\"3693\">Uluslararas\u0131 seyahat etmek ge\u00e7erli bir pasaportla m\u00fcmk\u00fcnd\u00fcr. G\u00f6\u00e7menlik ve vize ba\u015fvurular\u0131na yard\u0131mc\u0131 olur. Bankalar ve di\u011fer kurumlar pasaport kimli\u011fi talep edebilir. Acil durumlarda pasaportlar vatanda\u015fl\u0131k kan\u0131t\u0131 olarak hizmet eder. ABD konsolosluklar\u0131ndan yard\u0131m almay\u0131 m\u00fcmk\u00fcn k\u0131larlar. Yasal olarak yolcular yeterli belgelerle korunur. Pasaportla k\u00fcresel hareketlilik f\u0131rsatlar\u0131 artar. Sorumlu kullan\u0131m ile uzun vadeli seyahat faydalar\u0131 sa\u011flan\u0131r.<\/p>","protected":false},"excerpt":{"rendered":"<p>\u0130\u00e7inde RFID \u00e7ipi bulunan y\u00fcksek kaliteli Amerika Birle\u015fik Devletleri biyometrik pasaportunu \u00e7evrimi\u00e7i sat\u0131n al\u0131n. 2019 model y\u0131l\u0131. 10 y\u0131l ge\u00e7erlidir. Bir pasaporta 32 sayfa vard\u0131r. S\u0131k seyahat edenler 100 USD ek \u00fccretle 52 sayfal\u0131k pasaport talep edebilirler. Amerika Birle\u015fik Devletleri pasaportlar\u0131, Amerika Birle\u015fik Devletleri vatanda\u015flar\u0131na verilen pasaportlard\u0131r.<\/p>","protected":false},"featured_media":570,"comment_status":"closed","ping_status":"closed","template":"","meta":{"site-sidebar-layout":"default","site-content-layout":"","ast-site-content-layout":"default","site-content-style":"default","site-sidebar-style":"default","ast-global-header-display":"","ast-banner-title-visibility":"","ast-main-header-display":"","ast-hfb-above-header-display":"","ast-hfb-below-header-display":"","ast-hfb-mobile-header-display":"","site-post-title":"","ast-breadcrumbs-content":"","ast-featured-img":"","footer-sml-layout":"","theme-transparent-header-meta":"default","adv-header-id-meta":"","stick-header-meta":"","header-above-stick-meta":"","header-main-stick-meta":"","header-below-stick-meta":"","astra-migrate-meta-layouts":"set","ast-page-background-enabled":"default","ast-page-background-meta":{"desktop":{"background-color":"var(--ast-global-color-4)","background-image":"","background-repeat":"repeat","background-position":"center center","background-size":"auto","background-attachment":"scroll","background-type":"","background-media":"","overlay-type":"","overlay-color":"","overlay-opacity":"","overlay-gradient":""},"tablet":{"background-color":"","background-image":"","background-repeat":"repeat","background-position":"center center","background-size":"auto","background-attachment":"scroll","background-type":"","background-media":"","overlay-type":"","overlay-color":"","overlay-opacity":"","overlay-gradient":""},"mobile":{"background-color":"","background-image":"","background-repeat":"repeat","background-position":"center center","background-size":"auto","background-attachment":"scroll","background-type":"","background-media":"","overlay-type":"","overlay-color":"","overlay-opacity":"","overlay-gradient":""}},"ast-content-background-meta":{"desktop":{"background-color":"var(--ast-global-color-5)","background-image":"","background-repeat":"repeat","background-position":"center center","background-size":"auto","background-attachment":"scroll","background-type":"","background-media":"","overlay-type":"","overlay-color":"","overlay-opacity":"","overlay-gradient":""},"tablet":{"background-color":"var(--ast-global-color-5)","background-image":"","background-repeat":"repeat","background-position":"center center","background-size":"auto","background-attachment":"scroll","background-type":"","background-media":"","overlay-type":"","overlay-color":"","overlay-opacity":"","overlay-gradient":""},"mobile":{"background-color":"var(--ast-global-color-5)","background-image":"","background-repeat":"repeat","background-position":"center center","background-size":"auto","background-attachment":"scroll","background-type":"","background-media":"","overlay-type":"","overlay-color":"","overlay-opacity":"","overlay-gradient":""}}},"product_brand":[],"product_cat":[30],"product_tag":[337,336,334,339,331,335,330,338,333,341,332,329,340,328,327],"class_list":{"0":"post-413","1":"product","2":"type-product","3":"status-publish","4":"has-post-thumbnail","6":"product_cat-passport","7":"product_tag-biometric-passport-usa","8":"product_tag-expedited-passport-usa","9":"product_tag-international-travel-document","10":"product_tag-passport-acceptance-facility","11":"product_tag-passport-card-usa","12":"product_tag-passport-processing-time-usa","13":"product_tag-passport-renewal-usa","14":"product_tag-passport-validity-usa","15":"product_tag-proof-of-citizenship-usa","16":"product_tag-travel-document-usa","17":"product_tag-u-s-department-of-state-passport","18":"product_tag-u-s-passport-application","19":"product_tag-u-s-passport-requirements","20":"product_tag-united-states-passport","21":"product_tag-usa-passport","22":"desktop-align-left","23":"tablet-align-left","24":"mobile-align-left","26":"first","27":"instock","28":"purchasable","29":"product-type-simple"},"yoast_head":"<!-- This site is optimized with the Yoast SEO plugin v26.5 - https:\/\/yoast.com\/wordpress\/plugins\/seo\/ -->\n<title>USA Passport Online | Glob Documents<\/title>\n<meta name=\"description\" content=\"Buy USA Passport online at globdocuments.com with safe and fast worldwide delivery at the best price. Check the best deals on fake documents!\" \/>\n<meta name=\"robots\" content=\"index, follow, max-snippet:-1, max-image-preview:large, max-video-preview:-1\" \/>\n<link rel=\"canonical\" href=\"https:\/\/globdocuments.com\/tr\/urun\/usa-passport\/\" \/>\n<meta property=\"og:locale\" content=\"tr_TR\" \/>\n<meta property=\"og:type\" content=\"article\" \/>\n<meta property=\"og:title\" content=\"USA Passport Online | Glob Documents\" \/>\n<meta property=\"og:description\" content=\"Buy USA Passport online at globdocuments.com with safe and fast worldwide delivery at the best price. Check the best deals on fake documents!\" \/>\n<meta property=\"og:url\" content=\"https:\/\/globdocuments.com\/tr\/urun\/usa-passport\/\" \/>\n<meta property=\"article:modified_time\" content=\"2026-01-09T11:26:39+00:00\" \/>\n<meta property=\"og:image\" content=\"https:\/\/globdocuments.com\/wp-content\/uploads\/2022\/11\/p-u-s.jpg\" \/>\n\t<meta property=\"og:image:width\" content=\"450\" \/>\n\t<meta property=\"og:image:height\" content=\"450\" \/>\n\t<meta property=\"og:image:type\" content=\"image\/jpeg\" \/>\n<meta name=\"twitter:card\" content=\"summary_large_image\" \/>\n<meta name=\"twitter:label1\" content=\"Tahmini okuma s\u00fcresi\" \/>\n\t<meta name=\"twitter:data1\" content=\"3 dakika\" \/>\n<script type=\"application\/ld+json\" class=\"yoast-schema-graph\">{\"@context\":\"https:\/\/schema.org\",\"@graph\":[{\"@type\":\"WebPage\",\"@id\":\"https:\/\/globdocuments.com\/tr\/urun\/usa-passport\/\",\"url\":\"https:\/\/globdocuments.com\/tr\/urun\/usa-passport\/\",\"name\":\"USA Passport Online | Glob Documents\",\"isPartOf\":{\"@id\":\"https:\/\/globdocuments.com\/#website\"},\"primaryImageOfPage\":{\"@id\":\"https:\/\/globdocuments.com\/tr\/urun\/usa-passport\/#primaryimage\"},\"image\":{\"@id\":\"https:\/\/globdocuments.com\/tr\/urun\/usa-passport\/#primaryimage\"},\"thumbnailUrl\":\"https:\/\/globdocuments.com\/wp-content\/uploads\/2022\/11\/p-u-s.jpg\",\"datePublished\":\"2022-11-03T07:17:53+00:00\",\"dateModified\":\"2026-01-09T11:26:39+00:00\",\"description\":\"Buy USA Passport online at globdocuments.com with safe and fast worldwide delivery at the best price. Check the best deals on fake documents!\",\"breadcrumb\":{\"@id\":\"https:\/\/globdocuments.com\/tr\/urun\/usa-passport\/#breadcrumb\"},\"inLanguage\":\"tr\",\"potentialAction\":[{\"@type\":\"ReadAction\",\"target\":[\"https:\/\/globdocuments.com\/tr\/urun\/usa-passport\/\"]}]},{\"@type\":\"ImageObject\",\"inLanguage\":\"tr\",\"@id\":\"https:\/\/globdocuments.com\/tr\/urun\/usa-passport\/#primaryimage\",\"url\":\"https:\/\/globdocuments.com\/wp-content\/uploads\/2022\/11\/p-u-s.jpg\",\"contentUrl\":\"https:\/\/globdocuments.com\/wp-content\/uploads\/2022\/11\/p-u-s.jpg\",\"width\":450,\"height\":450,\"caption\":\"USA Passport\"},{\"@type\":\"BreadcrumbList\",\"@id\":\"https:\/\/globdocuments.com\/tr\/urun\/usa-passport\/#breadcrumb\",\"itemListElement\":[{\"@type\":\"ListItem\",\"position\":1,\"name\":\"Shop\",\"item\":\"https:\/\/globdocuments.com\/shop\/\"},{\"@type\":\"ListItem\",\"position\":2,\"name\":\"USA Passport\"}]},{\"@type\":\"WebSite\",\"@id\":\"https:\/\/globdocuments.com\/#website\",\"url\":\"https:\/\/globdocuments.com\/\",\"name\":\"\",\"description\":\"Buy real fake documents online\",\"potentialAction\":[{\"@type\":\"SearchAction\",\"target\":{\"@type\":\"EntryPoint\",\"urlTemplate\":\"https:\/\/globdocuments.com\/?s={search_term_string}\"},\"query-input\":{\"@type\":\"PropertyValueSpecification\",\"valueRequired\":true,\"valueName\":\"search_term_string\"}}],\"inLanguage\":\"tr\"}]}<\/script>\n<!-- \/ Yoast SEO plugin. -->","yoast_head_json":{"title":"\u00c7evrimi\u00e7i ABD Pasaportu | Glob Documents","description":"globdocuments.com adresinden g\u00fcvenli ve h\u0131zl\u0131 d\u00fcnya \u00e7ap\u0131nda teslimatla en iyi fiyata \u00e7evrimi\u00e7i ABD Pasaportu sat\u0131n al\u0131n.","robots":{"index":"index","follow":"follow","max-snippet":"max-snippet:-1","max-image-preview":"max-image-preview:large","max-video-preview":"max-video-preview:-1"},"canonical":"https:\/\/globdocuments.com\/tr\/urun\/usa-passport\/","og_locale":"tr_TR","og_type":"article","og_title":"USA Passport Online | Glob Documents","og_description":"Buy USA Passport online at globdocuments.com with safe and fast worldwide delivery at the best price. Check the best deals on fake documents!","og_url":"https:\/\/globdocuments.com\/tr\/urun\/usa-passport\/","article_modified_time":"2026-01-09T11:26:39+00:00","og_image":[{"width":450,"height":450,"url":"https:\/\/globdocuments.com\/wp-content\/uploads\/2022\/11\/p-u-s.jpg","type":"image\/jpeg"}],"twitter_card":"summary_large_image","twitter_misc":{"Tahmini okuma s\u00fcresi":"3 dakika"},"schema":{"@context":"https:\/\/schema.org","@graph":[{"@type":"WebPage","@id":"https:\/\/globdocuments.com\/tr\/urun\/usa-passport\/","url":"https:\/\/globdocuments.com\/tr\/urun\/usa-passport\/","name":"\u00c7evrimi\u00e7i ABD Pasaportu | Glob Documents","isPartOf":{"@id":"https:\/\/globdocuments.com\/#website"},"primaryImageOfPage":{"@id":"https:\/\/globdocuments.com\/tr\/urun\/usa-passport\/#primaryimage"},"image":{"@id":"https:\/\/globdocuments.com\/tr\/urun\/usa-passport\/#primaryimage"},"thumbnailUrl":"https:\/\/globdocuments.com\/wp-content\/uploads\/2022\/11\/p-u-s.jpg","datePublished":"2022-11-03T07:17:53+00:00","dateModified":"2026-01-09T11:26:39+00:00","description":"globdocuments.com adresinden g\u00fcvenli ve h\u0131zl\u0131 d\u00fcnya \u00e7ap\u0131nda teslimatla en iyi fiyata \u00e7evrimi\u00e7i ABD Pasaportu sat\u0131n al\u0131n.","breadcrumb":{"@id":"https:\/\/globdocuments.com\/tr\/urun\/usa-passport\/#breadcrumb"},"inLanguage":"tr","potentialAction":[{"@type":"ReadAction","target":["https:\/\/globdocuments.com\/tr\/urun\/usa-passport\/"]}]},{"@type":"ImageObject","inLanguage":"tr","@id":"https:\/\/globdocuments.com\/tr\/urun\/usa-passport\/#primaryimage","url":"https:\/\/globdocuments.com\/wp-content\/uploads\/2022\/11\/p-u-s.jpg","contentUrl":"https:\/\/globdocuments.com\/wp-content\/uploads\/2022\/11\/p-u-s.jpg","width":450,"height":450,"caption":"USA Passport"},{"@type":"BreadcrumbList","@id":"https:\/\/globdocuments.com\/tr\/urun\/usa-passport\/#breadcrumb","itemListElement":[{"@type":"ListItem","position":1,"name":"Shop","item":"https:\/\/globdocuments.com\/shop\/"},{"@type":"ListItem","position":2,"name":"USA Passport"}]},{"@type":"WebSite","@id":"https:\/\/globdocuments.com\/#website","url":"https:\/\/globdocuments.com\/","name":"","description":"Online ger\u00e7ek sahte belgeler sat\u0131n al","potentialAction":[{"@type":"SearchAction","target":{"@type":"EntryPoint","urlTemplate":"https:\/\/globdocuments.com\/?s={search_term_string}"},"query-input":{"@type":"PropertyValueSpecification","valueRequired":true,"valueName":"search_term_string"}}],"inLanguage":"tr"}]}},"_links":{"self":[{"href":"https:\/\/globdocuments.com\/tr\/wp-json\/wp\/v2\/product\/413","targetHints":{"allow":["GET"]}}],"collection":[{"href":"https:\/\/globdocuments.com\/tr\/wp-json\/wp\/v2\/product"}],"about":[{"href":"https:\/\/globdocuments.com\/tr\/wp-json\/wp\/v2\/types\/product"}],"replies":[{"embeddable":true,"href":"https:\/\/globdocuments.com\/tr\/wp-json\/wp\/v2\/comments?post=413"}],"wp:featuredmedia":[{"embeddable":true,"href":"https:\/\/globdocuments.com\/tr\/wp-json\/wp\/v2\/media\/570"}],"wp:attachment":[{"href":"https:\/\/globdocuments.com\/tr\/wp-json\/wp\/v2\/media?parent=413"}],"wp:term":[{"taxonomy":"product_brand","embeddable":true,"href":"https:\/\/globdocuments.com\/tr\/wp-json\/wp\/v2\/product_brand?post=413"},{"taxonomy":"product_cat","embeddable":true,"href":"https:\/\/globdocuments.com\/tr\/wp-json\/wp\/v2\/product_cat?post=413"},{"taxonomy":"product_tag","embeddable":true,"href":"https:\/\/globdocuments.com\/tr\/wp-json\/wp\/v2\/product_tag?post=413"}],"curies":[{"name":"wp","href":"https:\/\/api.w.org\/{rel}","templated":true}]}}