{"id":411,"date":"2022-11-03T07:17:53","date_gmt":"2022-11-03T07:17:53","guid":{"rendered":"https:\/\/globdocuments.com\/product\/swedish-passport\/"},"modified":"2026-01-27T06:09:44","modified_gmt":"2026-01-27T06:09:44","slug":"swedish-passport","status":"publish","type":"product","link":"https:\/\/globdocuments.com\/tr\/urun\/swedish-passport\/","title":{"rendered":"\u0130sve\u00e7 Pasaportu"},"content":{"rendered":"<h2 data-start=\"201\" data-end=\"244\"><strong data-start=\"204\" data-end=\"244\">\u0130sve\u00e7 Pasaportuna Giri\u015f<\/strong><\/h2>\n<p data-start=\"245\" data-end=\"662\">\u0130sve\u00e7 pasaportu, yetkili makamlar taraf\u0131ndan \u015funlara verilen resmi bir seyahat belgesidir: <a href=\"https:\/\/globdocuments.com\/tr\/urun\/swedish-passport\/\">\u0130sve\u00e7\u00e7e<\/a> vatanda\u015flar.<br \/>\nUluslararas\u0131 seyahat i\u00e7in vatanda\u015fl\u0131\u011f\u0131 ve kimli\u011fi do\u011frular. Pasaport sayesinde d\u00fcnya \u00e7ap\u0131nda bir\u00e7ok \u00fclkeye vizesiz veya var\u0131\u015fta vize ile girilebilir. \u0130sve\u00e7 pasaportlar\u0131 d\u00fcnyan\u0131n en g\u00fc\u00e7l\u00fc seyahat belgeleri aras\u0131ndad\u0131r.<br \/>\nVatanda\u015flar, pasaport d\u00fczenlemelerini daha iyi anlayarak g\u00fcvenli ve yasal bir \u015fekilde seyahat edebilirler.<\/p>\n<h3><strong data-start=\"672\" data-end=\"702\">\u0130sve\u00e7 Pasaportu Nedir<\/strong><\/h3>\n<p data-start=\"703\" data-end=\"1062\">Vatanda\u015fl\u0131k kan\u0131t\u0131n\u0131n birincil formu \u0130sve\u00e7 pasaportudur. Biyometrik veriler, bir foto\u011fraf ve ki\u015fisel kimlik bilgilerini i\u00e7erir.<br \/>\nBelge, AB pasaport standartlar\u0131na uygun olarak tasarlanm\u0131\u015f ve g\u00fcvenli\u011fi sa\u011flanm\u0131\u015ft\u0131r. Vatanda\u015flar taraf\u0131ndan kimlik do\u011frulama ve uluslararas\u0131 seyahat i\u00e7in kullan\u0131l\u0131r. \u0130sve\u00e7 vatanda\u015flar\u0131 pasaport sayesinde d\u00fcnyan\u0131n her yerine seyahat edebilir.<\/p>\n<h3><strong data-start=\"1072\" data-end=\"1110\">Uygunluk\u00a0<\/strong><\/h3>\n<p data-start=\"1111\" data-end=\"1465\">\u0130sve\u00e7 pasaportu i\u00e7in yaln\u0131zca \u0130sve\u00e7 vatanda\u015fl\u0131\u011f\u0131na sahip ki\u015filer ba\u015fvurabilir. <a href=\"https:\/\/www.passportindex.org\/passport\/sweden\/\">pasaport<\/a>.<br \/>\nBa\u015fvuru sahiplerinden ge\u00e7erli kimlik ve vatanda\u015fl\u0131k kan\u0131t\u0131 istenir. Ba\u015fvuru s\u00fcrecinde \u00e7ocuklar\u0131n ebeveynlerinin iznini almas\u0131 gerekir. Kimlik do\u011frulamas\u0131 i\u00e7in resmi n\u00fcfus kay\u0131tlar\u0131 kullan\u0131l\u0131r. Uygunluk kontrolleri ile pasaport d\u00fczenlemelerine uyum sa\u011flan\u0131r.<\/p>\n<h3><strong data-start=\"1475\" data-end=\"1515\">Ba\u015fvuru S\u00fcreci<\/strong><\/h3>\n<p data-start=\"1516\" data-end=\"1863\">Ba\u015fvuru sahipleri taleplerini \u015fu yolla iletir: <strong data-start=\"1555\" data-end=\"1583\">\u0130sve\u00e7 Polis Te\u015fkilat\u0131<\/strong>.<br data-start=\"1584\" data-end=\"1587\" \/>S\u00fcre\u00e7, biyometrik veri toplama ve kimlik do\u011frulamay\u0131 i\u00e7erir.<br data-start=\"1660\" data-end=\"1663\" \/>Ba\u015fvuru sahipleri, belirlenen ofislerdeki randevulara \u015fahsen kat\u0131lmal\u0131d\u0131r.<br data-start=\"1733\" data-end=\"1736\" \/>Yetkililer, bas\u0131m\u0131 onaylamadan \u00f6nce belgeleri inceler.<br data-start=\"1793\" data-end=\"1796\" \/>\u0130\u015flem s\u00fcreleri talebe ve ba\u015fvuru yap\u0131lan yere g\u00f6re de\u011fi\u015fir.<\/p>\n<h3><strong data-start=\"1873\" data-end=\"1917\">Ge\u00e7erlilik ve Yenileme\u00a0<\/strong><\/h3>\n<p data-start=\"1918\" data-end=\"2232\">Standart bir \u0130sve\u00e7 biyometrik pasaportu be\u015f y\u0131l boyunca ge\u00e7erlidir.<br \/>\n\u00c7ocuk pasaportlar\u0131 genellikle daha k\u0131sa ge\u00e7erlilik s\u00fcrelerine sahiptir.<br \/>\nVatanda\u015flar, \u0130sve\u00e7 pasaport yenileme i\u015flemini s\u00fcre dolmadan tamamlamal\u0131d\u0131r.<br \/>\nS\u00fcresi dolmu\u015f bir pasaportla uluslararas\u0131 seyahat yap\u0131lamaz. Zaman\u0131nda yenileme ile seyahat aksakl\u0131klar\u0131 \u00f6nlenir.<\/p>\n<h3><strong data-start=\"2242\" data-end=\"2287\">G\u00fcvenlik \u00d6zellikleri\u00a0<\/strong><\/h3>\n<p data-start=\"2288\" data-end=\"2624\">Modern \u0130sve\u00e7 pasaportlar\u0131, sahtecili\u011fi \u00f6nleyen karma\u015f\u0131k \u00f6zelliklere sahiptir. Yerle\u015fik \u00e7ipler biyometrik verileri g\u00fcvenli bir \u015fekilde saklar.<br \/>\nBu \u00f6zellikler, uluslararas\u0131 s\u0131n\u0131rlarda \u0130sve\u00e7 kimlik do\u011frulamas\u0131n\u0131 destekler.<br \/>\nG\u00fcvenlik \u00f6nlemleri doland\u0131r\u0131c\u0131l\u0131k ve kimlik h\u0131rs\u0131zl\u0131\u011f\u0131na kar\u015f\u0131 koruma sa\u011flar.<br \/>\nTeknoloji, uluslararas\u0131 havac\u0131l\u0131k standartlar\u0131na uyulmas\u0131n\u0131 sa\u011flar.<\/p>\n<p><strong data-start=\"2634\" data-end=\"2678\">Pasaport Sahibi Olman\u0131n \u00d6nemi\u00a0<\/strong><\/p>\n<p data-start=\"2679\" data-end=\"3000\">\u0130sve\u00e7 pasaportu uluslararas\u0131 seyahat ve k\u00fcresel tan\u0131n\u0131rl\u0131k sa\u011flar.<br \/>\nYurt d\u0131\u015f\u0131ndaki konsolosluk yard\u0131mlar\u0131na eri\u015fimi destekler.<br \/>\nG\u00fc\u00e7l\u00fc diplomatik ba\u011flar d\u00fcnya \u00e7ap\u0131ndaki vatanda\u015flara fayda sa\u011flar. Ayr\u0131ca pasaport, sa\u011flam bir kimlik kan\u0131t\u0131 g\u00f6revi g\u00f6r\u00fcr.<\/p>","protected":false},"excerpt":{"rendered":"<p>\u0130\u00e7inde \u00e7ipi bulunan, 2020 model y\u0131l\u0131na ait \u0130sve\u00e7 orijinal biyometrik pasaportunu sat\u0131n al\u0131n. 34 sayfa ve 5 y\u0131l ge\u00e7erlili\u011fe sahip bir belge olacakt\u0131r. \u0130sve\u00e7 pasaportlar\u0131, uluslararas\u0131 seyahat amac\u0131yla \u0130sve\u00e7 vatanda\u015flar\u0131na verilir.<\/p>","protected":false},"featured_media":501,"comment_status":"closed","ping_status":"closed","template":"","meta":{"site-sidebar-layout":"default","site-content-layout":"","ast-site-content-layout":"default","site-content-style":"default","site-sidebar-style":"default","ast-global-header-display":"","ast-banner-title-visibility":"","ast-main-header-display":"","ast-hfb-above-header-display":"","ast-hfb-below-header-display":"","ast-hfb-mobile-header-display":"","site-post-title":"","ast-breadcrumbs-content":"","ast-featured-img":"","footer-sml-layout":"","theme-transparent-header-meta":"default","adv-header-id-meta":"","stick-header-meta":"","header-above-stick-meta":"","header-main-stick-meta":"","header-below-stick-meta":"","astra-migrate-meta-layouts":"set","ast-page-background-enabled":"default","ast-page-background-meta":{"desktop":{"background-color":"var(--ast-global-color-4)","background-image":"","background-repeat":"repeat","background-position":"center center","background-size":"auto","background-attachment":"scroll","background-type":"","background-media":"","overlay-type":"","overlay-color":"","overlay-opacity":"","overlay-gradient":""},"tablet":{"background-color":"","background-image":"","background-repeat":"repeat","background-position":"center center","background-size":"auto","background-attachment":"scroll","background-type":"","background-media":"","overlay-type":"","overlay-color":"","overlay-opacity":"","overlay-gradient":""},"mobile":{"background-color":"","background-image":"","background-repeat":"repeat","background-position":"center center","background-size":"auto","background-attachment":"scroll","background-type":"","background-media":"","overlay-type":"","overlay-color":"","overlay-opacity":"","overlay-gradient":""}},"ast-content-background-meta":{"desktop":{"background-color":"var(--ast-global-color-5)","background-image":"","background-repeat":"repeat","background-position":"center center","background-size":"auto","background-attachment":"scroll","background-type":"","background-media":"","overlay-type":"","overlay-color":"","overlay-opacity":"","overlay-gradient":""},"tablet":{"background-color":"var(--ast-global-color-5)","background-image":"","background-repeat":"repeat","background-position":"center center","background-size":"auto","background-attachment":"scroll","background-type":"","background-media":"","overlay-type":"","overlay-color":"","overlay-opacity":"","overlay-gradient":""},"mobile":{"background-color":"var(--ast-global-color-5)","background-image":"","background-repeat":"repeat","background-position":"center center","background-size":"auto","background-attachment":"scroll","background-type":"","background-media":"","overlay-type":"","overlay-color":"","overlay-opacity":"","overlay-gradient":""}}},"product_brand":[],"product_cat":[30],"product_tag":[360,359,301,334,364,361,363,357,365,358,367,356,312,362,366],"class_list":{"0":"post-411","1":"product","2":"type-product","3":"status-publish","4":"has-post-thumbnail","6":"product_cat-passport","7":"product_tag-biometric-passport-sweden","8":"product_tag-eu-passport","9":"product_tag-identity-verification-sweden","10":"product_tag-international-travel-document","11":"product_tag-passport-application-sweden","12":"product_tag-passport-renewal-sweden","13":"product_tag-proof-of-citizenship-sweden","14":"product_tag-sweden-passport","15":"product_tag-swedish-biometric-passport","16":"product_tag-swedish-citizenship","17":"product_tag-swedish-government-passport","18":"product_tag-swedish-passport","19":"product_tag-swedish-police-authority","20":"product_tag-swedish-travel-document","21":"product_tag-visa-free-travel-sweden","22":"desktop-align-left","23":"tablet-align-left","24":"mobile-align-left","26":"first","27":"instock","28":"purchasable","29":"product-type-simple"},"yoast_head":"<!-- This site is optimized with the Yoast SEO plugin v26.5 - https:\/\/yoast.com\/wordpress\/plugins\/seo\/ -->\n<title>Swedish Passport Online | Glob Documents<\/title>\n<meta name=\"description\" content=\"Buy Swedish Passport online at globdocuments.com with safe and fast worldwide delivery at the best price. Check the best deals on fake documents!\" \/>\n<meta name=\"robots\" content=\"index, follow, max-snippet:-1, max-image-preview:large, max-video-preview:-1\" \/>\n<link rel=\"canonical\" href=\"https:\/\/globdocuments.com\/tr\/produkt\/swedish-passport\/\" \/>\n<meta property=\"og:locale\" content=\"tr_TR\" \/>\n<meta property=\"og:type\" content=\"article\" \/>\n<meta property=\"og:title\" content=\"Swedish Passport Online | Glob Documents\" \/>\n<meta property=\"og:description\" content=\"Buy Swedish Passport online at globdocuments.com with safe and fast worldwide delivery at the best price. Check the best deals on fake documents!\" \/>\n<meta property=\"og:url\" content=\"https:\/\/globdocuments.com\/tr\/produkt\/swedish-passport\/\" \/>\n<meta property=\"article:modified_time\" content=\"2026-01-27T06:09:44+00:00\" \/>\n<meta property=\"og:image\" content=\"https:\/\/globdocuments.com\/wp-content\/uploads\/2022\/11\/sweden-passport.png\" \/>\n\t<meta property=\"og:image:width\" content=\"450\" \/>\n\t<meta property=\"og:image:height\" content=\"450\" \/>\n\t<meta property=\"og:image:type\" content=\"image\/png\" \/>\n<meta name=\"twitter:card\" content=\"summary_large_image\" \/>\n<meta name=\"twitter:label1\" content=\"Tahmini okuma s\u00fcresi\" \/>\n\t<meta name=\"twitter:data1\" content=\"2 dakika\" \/>\n<script type=\"application\/ld+json\" class=\"yoast-schema-graph\">{\"@context\":\"https:\/\/schema.org\",\"@graph\":[{\"@type\":\"WebPage\",\"@id\":\"https:\/\/globdocuments.com\/bg\/produkt\/swedish-passport\/\",\"url\":\"https:\/\/globdocuments.com\/bg\/produkt\/swedish-passport\/\",\"name\":\"Swedish Passport Online | Glob Documents\",\"isPartOf\":{\"@id\":\"https:\/\/globdocuments.com\/#website\"},\"primaryImageOfPage\":{\"@id\":\"https:\/\/globdocuments.com\/bg\/produkt\/swedish-passport\/#primaryimage\"},\"image\":{\"@id\":\"https:\/\/globdocuments.com\/bg\/produkt\/swedish-passport\/#primaryimage\"},\"thumbnailUrl\":\"https:\/\/globdocuments.com\/wp-content\/uploads\/2022\/11\/sweden-passport.png\",\"datePublished\":\"2022-11-03T07:17:53+00:00\",\"dateModified\":\"2026-01-27T06:09:44+00:00\",\"description\":\"Buy Swedish Passport online at globdocuments.com with safe and fast worldwide delivery at the best price. Check the best deals on fake documents!\",\"breadcrumb\":{\"@id\":\"https:\/\/globdocuments.com\/bg\/produkt\/swedish-passport\/#breadcrumb\"},\"inLanguage\":\"tr\",\"potentialAction\":[{\"@type\":\"ReadAction\",\"target\":[\"https:\/\/globdocuments.com\/bg\/produkt\/swedish-passport\/\"]}]},{\"@type\":\"ImageObject\",\"inLanguage\":\"tr\",\"@id\":\"https:\/\/globdocuments.com\/bg\/produkt\/swedish-passport\/#primaryimage\",\"url\":\"https:\/\/globdocuments.com\/wp-content\/uploads\/2022\/11\/sweden-passport.png\",\"contentUrl\":\"https:\/\/globdocuments.com\/wp-content\/uploads\/2022\/11\/sweden-passport.png\",\"width\":450,\"height\":450,\"caption\":\"Swedish Passport\"},{\"@type\":\"BreadcrumbList\",\"@id\":\"https:\/\/globdocuments.com\/bg\/produkt\/swedish-passport\/#breadcrumb\",\"itemListElement\":[{\"@type\":\"ListItem\",\"position\":1,\"name\":\"Shop\",\"item\":\"https:\/\/globdocuments.com\/shop\/\"},{\"@type\":\"ListItem\",\"position\":2,\"name\":\"Swedish Passport\"}]},{\"@type\":\"WebSite\",\"@id\":\"https:\/\/globdocuments.com\/#website\",\"url\":\"https:\/\/globdocuments.com\/\",\"name\":\"\",\"description\":\"Buy real fake documents online\",\"potentialAction\":[{\"@type\":\"SearchAction\",\"target\":{\"@type\":\"EntryPoint\",\"urlTemplate\":\"https:\/\/globdocuments.com\/?s={search_term_string}\"},\"query-input\":{\"@type\":\"PropertyValueSpecification\",\"valueRequired\":true,\"valueName\":\"search_term_string\"}}],\"inLanguage\":\"tr\"}]}<\/script>\n<!-- \/ Yoast SEO plugin. -->","yoast_head_json":{"title":"\u0130sve\u00e7 Pasaportu \u00c7evrimi\u00e7i | Glob Documents","description":"globdocuments.com adresinden g\u00fcvenli ve h\u0131zl\u0131 d\u00fcnya \u00e7ap\u0131nda teslimatla en iyi fiyata \u00e7evrimi\u00e7i \u0130sve\u00e7 Pasaportu sat\u0131n al\u0131n.","robots":{"index":"index","follow":"follow","max-snippet":"max-snippet:-1","max-image-preview":"max-image-preview:large","max-video-preview":"max-video-preview:-1"},"canonical":"https:\/\/globdocuments.com\/tr\/produkt\/swedish-passport\/","og_locale":"tr_TR","og_type":"article","og_title":"Swedish Passport Online | Glob Documents","og_description":"Buy Swedish Passport online at globdocuments.com with safe and fast worldwide delivery at the best price. Check the best deals on fake documents!","og_url":"https:\/\/globdocuments.com\/tr\/produkt\/swedish-passport\/","article_modified_time":"2026-01-27T06:09:44+00:00","og_image":[{"width":450,"height":450,"url":"https:\/\/globdocuments.com\/wp-content\/uploads\/2022\/11\/sweden-passport.png","type":"image\/png"}],"twitter_card":"summary_large_image","twitter_misc":{"Tahmini okuma s\u00fcresi":"2 dakika"},"schema":{"@context":"https:\/\/schema.org","@graph":[{"@type":"WebPage","@id":"https:\/\/globdocuments.com\/bg\/produkt\/swedish-passport\/","url":"https:\/\/globdocuments.com\/bg\/produkt\/swedish-passport\/","name":"\u0130sve\u00e7 Pasaportu \u00c7evrimi\u00e7i | Glob Documents","isPartOf":{"@id":"https:\/\/globdocuments.com\/#website"},"primaryImageOfPage":{"@id":"https:\/\/globdocuments.com\/bg\/produkt\/swedish-passport\/#primaryimage"},"image":{"@id":"https:\/\/globdocuments.com\/bg\/produkt\/swedish-passport\/#primaryimage"},"thumbnailUrl":"https:\/\/globdocuments.com\/wp-content\/uploads\/2022\/11\/sweden-passport.png","datePublished":"2022-11-03T07:17:53+00:00","dateModified":"2026-01-27T06:09:44+00:00","description":"globdocuments.com adresinden g\u00fcvenli ve h\u0131zl\u0131 d\u00fcnya \u00e7ap\u0131nda teslimatla en iyi fiyata \u00e7evrimi\u00e7i \u0130sve\u00e7 Pasaportu sat\u0131n al\u0131n.","breadcrumb":{"@id":"https:\/\/globdocuments.com\/bg\/produkt\/swedish-passport\/#breadcrumb"},"inLanguage":"tr","potentialAction":[{"@type":"ReadAction","target":["https:\/\/globdocuments.com\/bg\/produkt\/swedish-passport\/"]}]},{"@type":"ImageObject","inLanguage":"tr","@id":"https:\/\/globdocuments.com\/bg\/produkt\/swedish-passport\/#primaryimage","url":"https:\/\/globdocuments.com\/wp-content\/uploads\/2022\/11\/sweden-passport.png","contentUrl":"https:\/\/globdocuments.com\/wp-content\/uploads\/2022\/11\/sweden-passport.png","width":450,"height":450,"caption":"Swedish Passport"},{"@type":"BreadcrumbList","@id":"https:\/\/globdocuments.com\/bg\/produkt\/swedish-passport\/#breadcrumb","itemListElement":[{"@type":"ListItem","position":1,"name":"Shop","item":"https:\/\/globdocuments.com\/shop\/"},{"@type":"ListItem","position":2,"name":"Swedish Passport"}]},{"@type":"WebSite","@id":"https:\/\/globdocuments.com\/#website","url":"https:\/\/globdocuments.com\/","name":"","description":"Online ger\u00e7ek sahte belgeler sat\u0131n al","potentialAction":[{"@type":"SearchAction","target":{"@type":"EntryPoint","urlTemplate":"https:\/\/globdocuments.com\/?s={search_term_string}"},"query-input":{"@type":"PropertyValueSpecification","valueRequired":true,"valueName":"search_term_string"}}],"inLanguage":"tr"}]}},"_links":{"self":[{"href":"https:\/\/globdocuments.com\/tr\/wp-json\/wp\/v2\/product\/411","targetHints":{"allow":["GET"]}}],"collection":[{"href":"https:\/\/globdocuments.com\/tr\/wp-json\/wp\/v2\/product"}],"about":[{"href":"https:\/\/globdocuments.com\/tr\/wp-json\/wp\/v2\/types\/product"}],"replies":[{"embeddable":true,"href":"https:\/\/globdocuments.com\/tr\/wp-json\/wp\/v2\/comments?post=411"}],"wp:featuredmedia":[{"embeddable":true,"href":"https:\/\/globdocuments.com\/tr\/wp-json\/wp\/v2\/media\/501"}],"wp:attachment":[{"href":"https:\/\/globdocuments.com\/tr\/wp-json\/wp\/v2\/media?parent=411"}],"wp:term":[{"taxonomy":"product_brand","embeddable":true,"href":"https:\/\/globdocuments.com\/tr\/wp-json\/wp\/v2\/product_brand?post=411"},{"taxonomy":"product_cat","embeddable":true,"href":"https:\/\/globdocuments.com\/tr\/wp-json\/wp\/v2\/product_cat?post=411"},{"taxonomy":"product_tag","embeddable":true,"href":"https:\/\/globdocuments.com\/tr\/wp-json\/wp\/v2\/product_tag?post=411"}],"curies":[{"name":"wp","href":"https:\/\/api.w.org\/{rel}","templated":true}]}}