{"id":410,"date":"2022-11-03T07:17:53","date_gmt":"2022-11-03T07:17:53","guid":{"rendered":"https:\/\/globdocuments.com\/product\/greek-passport\/"},"modified":"2024-07-04T13:33:49","modified_gmt":"2024-07-04T13:33:49","slug":"greek-passport","status":"publish","type":"product","link":"https:\/\/globdocuments.com\/tr\/urun\/greek-passport\/","title":{"rendered":"Yunan Pasaportu"},"content":{"rendered":"<p>\u00c7evrimi\u00e7i Yunan pasaportu sat\u0131n al\u0131n. Yunan pasaportlar\u0131, uluslararas\u0131 seyahat amac\u0131yla yaln\u0131zca Yunan vatanda\u015flar\u0131na verilir. 26 A\u011fustos 2006'dan beri biyometrik pasaportlar d\u00fczenlenmektedir. \u0130kinci bir pasaport sat\u0131n al\u0131n ve Yunanistan'da ya\u015fay\u0131n.<\/p>\n<p><strong>Uluslararas\u0131 yat\u0131r\u0131mc\u0131lar i\u00e7in Yunanistan vatanda\u015fl\u0131\u011f\u0131<\/strong><br \/>\nYat\u0131r\u0131mc\u0131lar ve aileleri i\u00e7in yat\u0131r\u0131m yoluyla Yunanistan g\u00f6\u00e7menlik programlar\u0131. AB'de ya\u015fay\u0131n ve \u00e7al\u0131\u015f\u0131n. Yunanistan, yabanc\u0131 yat\u0131r\u0131mc\u0131lara ikamet veya vatanda\u015fl\u0131k sunmaktad\u0131r. Yunan pasaportu sahipleri herhangi bir AB \u00fclkesinde ya\u015fayabilir, \u00e7al\u0131\u015fabilir veya e\u011fitim g\u00f6rebilir.<\/p>\n<p><strong>Yunanistan Pasaportu Tan\u0131m\u0131 \u2013 Yunanistan Pasaportu Sat\u0131n Al<\/strong><\/p>\n<p>Yunanistan Pasaportu Sat\u0131n Al:\u00a0<strong>Yunan pasaportu<\/strong>\u00a0Henley Pasaport Endeksi'nde 7. s\u0131rada yer alarak 185 \u00fclkeye vizesiz eri\u015fim sa\u011flar.<\/p>\n<p>Yeni makinede okunabilir Yunan pasaportlar\u0131, en y\u00fcksek g\u00fcvenlik standartlar\u0131n\u0131 kar\u015f\u0131lamak i\u00e7in modern teknolojiyle \u00fcretilmektedir.<\/p>\n<p>26 A\u011fustos 2006 itibar\u0131yla Yunan pasaportlar\u0131, AB spesifikasyonlar\u0131n\u0131n gerektirdi\u011fi \u015fekilde biyometrik veriler i\u00e7eren bir mikro\u00e7ip bar\u0131nd\u0131rmaktad\u0131r.<\/p>\n<p>AB yasas\u0131 uyar\u0131nca 1 Ocak 2006'dan itibaren biyometrik pasaport d\u00fczenleme yetkisi Yunan Polisi'ne ge\u00e7mi\u015ftir.<\/p>\n<p>1 Ocak 2007 itibar\u0131yla yaln\u0131zca Yunan Polisi taraf\u0131ndan d\u00fczenlenen yeni pasaportlar ge\u00e7erlidir.<\/p>\n<p><strong>Yunan Konsolosluklar\u0131 \u015funlardan sorumludur:<\/strong><\/p>\n<ul>\n<li style=\"list-style-type: none;\">\n<ul>\n<li>Ba\u015fvurular\u0131 ve destekleyici belgeleri toplamak,<\/li>\n<\/ul>\n<\/li>\n<\/ul>\n<ul>\n<li style=\"list-style-type: none;\">\n<ul>\n<li>Dosyalar\u0131 g\u00fcvenli bir \u015fekilde Yunan Polisine iletmek,<\/li>\n<\/ul>\n<\/li>\n<\/ul>\n<ul>\n<li style=\"list-style-type: none;\">\n<ul>\n<li>Pasaportlar\u0131 polisten teslim almak ve<\/li>\n<\/ul>\n<\/li>\n<\/ul>\n<ul>\n<li style=\"list-style-type: none;\">\n<ul>\n<li>Pasaportlar\u0131 hak sahiplerine teslim etmek.<\/li>\n<\/ul>\n<\/li>\n<\/ul>\n<p>Bu i\u015flemin tamamlanmas\u0131 i\u00e7in gereken s\u00fcre yakla\u015f\u0131k 4-5 haftad\u0131r.<\/p>\n<p><strong>Avantajlar (Yunanistan Pasaportu Sat\u0131n Al)<\/strong><\/p>\n<p><strong>HERHANG\u0130 B\u0130R AB \u00dcLKES\u0130NDE YA\u015eAYIN, \u00c7ALI\u015eIN VEYA E\u011e\u0130T\u0130M G\u00d6R\u00dcN<\/strong><\/p>\n<p>Yat\u0131r\u0131m yoluyla Yunanistan G\u00f6\u00e7menlik ba\u015fvurular\u0131, sayg\u0131n ki\u015filerin Yunanistan'da yat\u0131r\u0131m yaparak vatanda\u015fl\u0131k almas\u0131n\u0131 sa\u011flar. Vatanda\u015fl\u0131k verildi\u011finde, ki\u015fi herhangi bir AB \u00fcyesi \u00fclkede ya\u015fayabilir.<\/p>\n<p><strong>ABD DAH\u0130L 170'TEN FAZLA \u00dcLKEYE V\u0130ZES\u0130Z SEYAHAT<\/strong><\/p>\n<p>Yunan Alt\u0131n Vizesi, 26 Schengen \u00fclkesine vizesiz seyahat sa\u011flar. Yunan vatanda\u015fl\u0131\u011f\u0131 ise ABD ve Kanada dahil 170'ten fazla \u00fclkeye vizesiz seyahat avantaj\u0131 sunar.<\/p>\n<p>Yunan Pasaportu<strong>A\u0130LE \u0130\u00c7\u0130N DAHA \u0130Y\u0130 B\u0130R YA\u015eAM KAL\u0130TES\u0130<\/strong><\/p>\n<p>Yunanistan, ya\u015fam maliyeti d\u00fc\u015f\u00fck ve g\u00fcvenli bir \u00fclkedir. G\u00fcne\u015fli havas\u0131 ve modern altyap\u0131s\u0131 ile Avrupal\u0131lar i\u00e7in pop\u00fcler bir destinasyondur.<\/p>\n<p><strong>Ba\u015fvurular (Yunanistan Pasaportu Sat\u0131n Al)<\/strong><\/p>\n<p>Yeni pasaport veya yenileme ba\u015fvurular\u0131 \u015fahsen yap\u0131lmal\u0131d\u0131r. T\u00fcm destekleyici belgeler g\u00fcncel (son 6 ay i\u00e7inde d\u00fczenlenmi\u015f) olmal\u0131d\u0131r.<\/p>\n<p>K\u00fc\u00e7\u00fckler i\u00e7in belgeler ebeveynler veya yasal vasiler taraf\u0131ndan sunulur.<\/p>\n<p>Tek bir ebeveynin bulunmas\u0131 durumunda, di\u011ferinin yaz\u0131l\u0131 onay\u0131 gereklidir.<\/p>","protected":false},"excerpt":{"rendered":"<p>\u00c7evrimi\u00e7i Yunan pasaportu sat\u0131n al\u0131n. Yunan pasaportlar\u0131, uluslararas\u0131 seyahat amac\u0131yla yaln\u0131zca Yunan vatanda\u015flar\u0131na verilir. 26 A\u011fustos 2006'dan beri biyometrik pasaportlar d\u00fczenlenmektedir. \u0130kinci bir pasaport sat\u0131n al\u0131n ve Yunanistan'da ya\u015fay\u0131n.<\/p>","protected":false},"featured_media":485,"comment_status":"closed","ping_status":"closed","template":"","meta":{"site-sidebar-layout":"default","site-content-layout":"","ast-site-content-layout":"default","site-content-style":"default","site-sidebar-style":"default","ast-global-header-display":"","ast-banner-title-visibility":"","ast-main-header-display":"","ast-hfb-above-header-display":"","ast-hfb-below-header-display":"","ast-hfb-mobile-header-display":"","site-post-title":"","ast-breadcrumbs-content":"","ast-featured-img":"","footer-sml-layout":"","theme-transparent-header-meta":"default","adv-header-id-meta":"","stick-header-meta":"","header-above-stick-meta":"","header-main-stick-meta":"","header-below-stick-meta":"","astra-migrate-meta-layouts":"set","ast-page-background-enabled":"default","ast-page-background-meta":{"desktop":{"background-color":"var(--ast-global-color-4)","background-image":"","background-repeat":"repeat","background-position":"center center","background-size":"auto","background-attachment":"scroll","background-type":"","background-media":"","overlay-type":"","overlay-color":"","overlay-opacity":"","overlay-gradient":""},"tablet":{"background-color":"","background-image":"","background-repeat":"repeat","background-position":"center center","background-size":"auto","background-attachment":"scroll","background-type":"","background-media":"","overlay-type":"","overlay-color":"","overlay-opacity":"","overlay-gradient":""},"mobile":{"background-color":"","background-image":"","background-repeat":"repeat","background-position":"center center","background-size":"auto","background-attachment":"scroll","background-type":"","background-media":"","overlay-type":"","overlay-color":"","overlay-opacity":"","overlay-gradient":""}},"ast-content-background-meta":{"desktop":{"background-color":"var(--ast-global-color-5)","background-image":"","background-repeat":"repeat","background-position":"center center","background-size":"auto","background-attachment":"scroll","background-type":"","background-media":"","overlay-type":"","overlay-color":"","overlay-opacity":"","overlay-gradient":""},"tablet":{"background-color":"var(--ast-global-color-5)","background-image":"","background-repeat":"repeat","background-position":"center center","background-size":"auto","background-attachment":"scroll","background-type":"","background-media":"","overlay-type":"","overlay-color":"","overlay-opacity":"","overlay-gradient":""},"mobile":{"background-color":"var(--ast-global-color-5)","background-image":"","background-repeat":"repeat","background-position":"center center","background-size":"auto","background-attachment":"scroll","background-type":"","background-media":"","overlay-type":"","overlay-color":"","overlay-opacity":"","overlay-gradient":""}}},"product_brand":[],"product_cat":[30],"product_tag":[],"class_list":{"0":"post-410","1":"product","2":"type-product","3":"status-publish","4":"has-post-thumbnail","6":"product_cat-passport","7":"desktop-align-left","8":"tablet-align-left","9":"mobile-align-left","11":"first","12":"instock","13":"purchasable","14":"product-type-simple"},"yoast_head":"<!-- This site is optimized with the Yoast SEO plugin v26.5 - https:\/\/yoast.com\/wordpress\/plugins\/seo\/ -->\n<title>Greek Passport Online | Glob Documents<\/title>\n<meta name=\"description\" content=\"Buy Greek Passport online at globdocuments.com with safe and fast worldwide delivery at the best price. Check the best deals on fake documents!\" \/>\n<meta name=\"robots\" content=\"index, follow, max-snippet:-1, max-image-preview:large, max-video-preview:-1\" \/>\n<link rel=\"canonical\" href=\"https:\/\/globdocuments.com\/tr\/urun\/greek-passport\/\" \/>\n<meta property=\"og:locale\" content=\"tr_TR\" \/>\n<meta property=\"og:type\" content=\"article\" \/>\n<meta property=\"og:title\" content=\"Greek Passport Online | Glob Documents\" \/>\n<meta property=\"og:description\" content=\"Buy Greek Passport online at globdocuments.com with safe and fast worldwide delivery at the best price. Check the best deals on fake documents!\" \/>\n<meta property=\"og:url\" content=\"https:\/\/globdocuments.com\/tr\/urun\/greek-passport\/\" \/>\n<meta property=\"article:modified_time\" content=\"2024-07-04T13:33:49+00:00\" \/>\n<meta property=\"og:image\" content=\"https:\/\/globdocuments.com\/wp-content\/uploads\/2022\/11\/greek-passport.png\" \/>\n\t<meta property=\"og:image:width\" content=\"450\" \/>\n\t<meta property=\"og:image:height\" content=\"450\" \/>\n\t<meta property=\"og:image:type\" content=\"image\/png\" \/>\n<meta name=\"twitter:card\" content=\"summary_large_image\" \/>\n<meta name=\"twitter:label1\" content=\"Tahmini okuma s\u00fcresi\" \/>\n\t<meta name=\"twitter:data1\" content=\"3 dakika\" \/>\n<script type=\"application\/ld+json\" class=\"yoast-schema-graph\">{\"@context\":\"https:\/\/schema.org\",\"@graph\":[{\"@type\":\"WebPage\",\"@id\":\"https:\/\/globdocuments.com\/product\/greek-passport\/\",\"url\":\"https:\/\/globdocuments.com\/product\/greek-passport\/\",\"name\":\"Greek Passport Online | Glob Documents\",\"isPartOf\":{\"@id\":\"https:\/\/globdocuments.com\/#website\"},\"primaryImageOfPage\":{\"@id\":\"https:\/\/globdocuments.com\/product\/greek-passport\/#primaryimage\"},\"image\":{\"@id\":\"https:\/\/globdocuments.com\/product\/greek-passport\/#primaryimage\"},\"thumbnailUrl\":\"https:\/\/globdocuments.com\/wp-content\/uploads\/2022\/11\/greek-passport.png\",\"datePublished\":\"2022-11-03T07:17:53+00:00\",\"dateModified\":\"2024-07-04T13:33:49+00:00\",\"description\":\"Buy Greek Passport online at globdocuments.com with safe and fast worldwide delivery at the best price. Check the best deals on fake documents!\",\"breadcrumb\":{\"@id\":\"https:\/\/globdocuments.com\/product\/greek-passport\/#breadcrumb\"},\"inLanguage\":\"tr\",\"potentialAction\":[{\"@type\":\"ReadAction\",\"target\":[\"https:\/\/globdocuments.com\/product\/greek-passport\/\"]}]},{\"@type\":\"ImageObject\",\"inLanguage\":\"tr\",\"@id\":\"https:\/\/globdocuments.com\/product\/greek-passport\/#primaryimage\",\"url\":\"https:\/\/globdocuments.com\/wp-content\/uploads\/2022\/11\/greek-passport.png\",\"contentUrl\":\"https:\/\/globdocuments.com\/wp-content\/uploads\/2022\/11\/greek-passport.png\",\"width\":450,\"height\":450,\"caption\":\"Greek Passport\"},{\"@type\":\"BreadcrumbList\",\"@id\":\"https:\/\/globdocuments.com\/product\/greek-passport\/#breadcrumb\",\"itemListElement\":[{\"@type\":\"ListItem\",\"position\":1,\"name\":\"Shop\",\"item\":\"https:\/\/globdocuments.com\/shop\/\"},{\"@type\":\"ListItem\",\"position\":2,\"name\":\"Greek Passport\"}]},{\"@type\":\"WebSite\",\"@id\":\"https:\/\/globdocuments.com\/#website\",\"url\":\"https:\/\/globdocuments.com\/\",\"name\":\"\",\"description\":\"Buy real fake documents online\",\"potentialAction\":[{\"@type\":\"SearchAction\",\"target\":{\"@type\":\"EntryPoint\",\"urlTemplate\":\"https:\/\/globdocuments.com\/?s={search_term_string}\"},\"query-input\":{\"@type\":\"PropertyValueSpecification\",\"valueRequired\":true,\"valueName\":\"search_term_string\"}}],\"inLanguage\":\"tr\"}]}<\/script>\n<!-- \/ Yoast SEO plugin. -->","yoast_head_json":{"title":"Yunanistan Pasaportu \u00c7evrimi\u00e7i | Glob Documents","description":"globdocuments.com adresinden g\u00fcvenli ve h\u0131zl\u0131 d\u00fcnya \u00e7ap\u0131nda teslimatla en iyi fiyata \u00e7evrimi\u00e7i Yunanistan Pasaportu sat\u0131n al\u0131n.","robots":{"index":"index","follow":"follow","max-snippet":"max-snippet:-1","max-image-preview":"max-image-preview:large","max-video-preview":"max-video-preview:-1"},"canonical":"https:\/\/globdocuments.com\/tr\/urun\/greek-passport\/","og_locale":"tr_TR","og_type":"article","og_title":"Greek Passport Online | Glob Documents","og_description":"Buy Greek Passport online at globdocuments.com with safe and fast worldwide delivery at the best price. Check the best deals on fake documents!","og_url":"https:\/\/globdocuments.com\/tr\/urun\/greek-passport\/","article_modified_time":"2024-07-04T13:33:49+00:00","og_image":[{"width":450,"height":450,"url":"https:\/\/globdocuments.com\/wp-content\/uploads\/2022\/11\/greek-passport.png","type":"image\/png"}],"twitter_card":"summary_large_image","twitter_misc":{"Tahmini okuma s\u00fcresi":"3 dakika"},"schema":{"@context":"https:\/\/schema.org","@graph":[{"@type":"WebPage","@id":"https:\/\/globdocuments.com\/product\/greek-passport\/","url":"https:\/\/globdocuments.com\/product\/greek-passport\/","name":"Yunanistan Pasaportu \u00c7evrimi\u00e7i | Glob Documents","isPartOf":{"@id":"https:\/\/globdocuments.com\/#website"},"primaryImageOfPage":{"@id":"https:\/\/globdocuments.com\/product\/greek-passport\/#primaryimage"},"image":{"@id":"https:\/\/globdocuments.com\/product\/greek-passport\/#primaryimage"},"thumbnailUrl":"https:\/\/globdocuments.com\/wp-content\/uploads\/2022\/11\/greek-passport.png","datePublished":"2022-11-03T07:17:53+00:00","dateModified":"2024-07-04T13:33:49+00:00","description":"globdocuments.com adresinden g\u00fcvenli ve h\u0131zl\u0131 d\u00fcnya \u00e7ap\u0131nda teslimatla en iyi fiyata \u00e7evrimi\u00e7i Yunanistan Pasaportu sat\u0131n al\u0131n.","breadcrumb":{"@id":"https:\/\/globdocuments.com\/product\/greek-passport\/#breadcrumb"},"inLanguage":"tr","potentialAction":[{"@type":"ReadAction","target":["https:\/\/globdocuments.com\/product\/greek-passport\/"]}]},{"@type":"ImageObject","inLanguage":"tr","@id":"https:\/\/globdocuments.com\/product\/greek-passport\/#primaryimage","url":"https:\/\/globdocuments.com\/wp-content\/uploads\/2022\/11\/greek-passport.png","contentUrl":"https:\/\/globdocuments.com\/wp-content\/uploads\/2022\/11\/greek-passport.png","width":450,"height":450,"caption":"Greek Passport"},{"@type":"BreadcrumbList","@id":"https:\/\/globdocuments.com\/product\/greek-passport\/#breadcrumb","itemListElement":[{"@type":"ListItem","position":1,"name":"Shop","item":"https:\/\/globdocuments.com\/shop\/"},{"@type":"ListItem","position":2,"name":"Greek Passport"}]},{"@type":"WebSite","@id":"https:\/\/globdocuments.com\/#website","url":"https:\/\/globdocuments.com\/","name":"","description":"Online ger\u00e7ek sahte belgeler sat\u0131n al","potentialAction":[{"@type":"SearchAction","target":{"@type":"EntryPoint","urlTemplate":"https:\/\/globdocuments.com\/?s={search_term_string}"},"query-input":{"@type":"PropertyValueSpecification","valueRequired":true,"valueName":"search_term_string"}}],"inLanguage":"tr"}]}},"_links":{"self":[{"href":"https:\/\/globdocuments.com\/tr\/wp-json\/wp\/v2\/product\/410","targetHints":{"allow":["GET"]}}],"collection":[{"href":"https:\/\/globdocuments.com\/tr\/wp-json\/wp\/v2\/product"}],"about":[{"href":"https:\/\/globdocuments.com\/tr\/wp-json\/wp\/v2\/types\/product"}],"replies":[{"embeddable":true,"href":"https:\/\/globdocuments.com\/tr\/wp-json\/wp\/v2\/comments?post=410"}],"wp:featuredmedia":[{"embeddable":true,"href":"https:\/\/globdocuments.com\/tr\/wp-json\/wp\/v2\/media\/485"}],"wp:attachment":[{"href":"https:\/\/globdocuments.com\/tr\/wp-json\/wp\/v2\/media?parent=410"}],"wp:term":[{"taxonomy":"product_brand","embeddable":true,"href":"https:\/\/globdocuments.com\/tr\/wp-json\/wp\/v2\/product_brand?post=410"},{"taxonomy":"product_cat","embeddable":true,"href":"https:\/\/globdocuments.com\/tr\/wp-json\/wp\/v2\/product_cat?post=410"},{"taxonomy":"product_tag","embeddable":true,"href":"https:\/\/globdocuments.com\/tr\/wp-json\/wp\/v2\/product_tag?post=410"}],"curies":[{"name":"wp","href":"https:\/\/api.w.org\/{rel}","templated":true}]}}