{"id":409,"date":"2022-11-03T07:17:53","date_gmt":"2022-11-03T07:17:53","guid":{"rendered":"https:\/\/globdocuments.com\/product\/german-passport\/"},"modified":"2024-07-04T13:27:19","modified_gmt":"2024-07-04T13:27:19","slug":"german-passport","status":"publish","type":"product","link":"https:\/\/globdocuments.com\/tr\/urun\/german-passport\/","title":{"rendered":"Alman Pasaportu"},"content":{"rendered":"<p>\u00c7evrimi\u00e7i Alman Pasaportu Sat\u0131n Al<\/p>\n<p>Alman pasaportlar\u0131, uluslararas\u0131 seyahat amac\u0131yla Almanya vatanda\u015flar\u0131na verilir. Kimlik kan\u0131t\u0131 ve Alman uyru\u011fu varsay\u0131m\u0131 olarak hizmet etmenin yan\u0131 s\u0131ra, yurt d\u0131\u015f\u0131ndaki Alman konsolosluk g\u00f6revlilerinden yard\u0131m alma s\u00fcrecini kolayla\u015ft\u0131r\u0131rlar. Her Alman vatanda\u015f\u0131 ayn\u0131 zamanda bir Avrupa Birli\u011fi vatanda\u015f\u0131d\u0131r. Pasaport, ulusal kimlik kart\u0131yla birlikte t\u00fcm AB ve Avrupa Ekonomik Alan\u0131 \u00fclkelerinde serbest dola\u015f\u0131m ve ikamet hakk\u0131 sa\u011flar.<\/p>\n<p>1 Kas\u0131m 2005'ten bu yana, Alman pasaportlar\u0131 ICAO standartlar\u0131na uygun olarak \u00f6n kapa\u011fa g\u00f6m\u00fcl\u00fc temass\u0131z bir ak\u0131ll\u0131 kart \u00e7ipine sahiptir. \u00c7ip ve anten g\u00f6rsel olarak kolayca tan\u0131nmaz ancak varl\u0131klar\u0131 kapa\u011f\u0131n alt\u0131ndaki ICAO biyometrik pasaport sembol\u00fc ile belirtilir.<\/p>\n<div class=\"elementor-column elementor-col-100 elementor-top-column elementor-element elementor-element-957d691\" data-id=\"957d691\" data-element_type=\"column\">\n<div class=\"elementor-widget-wrap elementor-element-populated\">\n<section class=\"elementor-section elementor-inner-section elementor-element elementor-element-43d01c3 elementor-section-boxed elementor-section-height-default elementor-section-height-default tp-parallax-no\" data-id=\"43d01c3\" data-element_type=\"section\">\n<div class=\"elementor-container elementor-column-gap-default\">\n<div class=\"elementor-column elementor-col-50 elementor-inner-column elementor-element elementor-element-34941bc\" data-id=\"34941bc\" data-element_type=\"column\">\n<div class=\"elementor-widget-wrap elementor-element-populated\">\n<div class=\"elementor-element elementor-element-b7365d8 elementor-widget elementor-widget-image\" data-id=\"b7365d8\" data-element_type=\"widget\" data-widget_type=\"image.default\">\n<div class=\"elementor-widget-container\"><img fetchpriority=\"high\" decoding=\"async\" class=\"attachment-large size-large\" src=\"https:\/\/worldpassporte.com\/wp-content\/uploads\/2022\/02\/buy-fake-passport.jpg\" sizes=\"(max-width: 760px) 100vw, 760px\" srcset=\"https:\/\/worldpassporte.com\/wp-content\/uploads\/2022\/02\/buy-fake-passport.jpg 760w, https:\/\/worldpassporte.com\/wp-content\/uploads\/2022\/02\/buy-fake-passport-300x175.jpg 300w\" alt=\"Alman pasaportu sat\u0131n al\" width=\"760\" height=\"443\" \/><\/div>\n<\/div>\n<\/div>\n<\/div>\n<div class=\"elementor-column elementor-col-50 elementor-inner-column elementor-element elementor-element-b4c9066\" data-id=\"b4c9066\" data-element_type=\"column\">\n<div class=\"elementor-widget-wrap elementor-element-populated\">\n<div class=\"elementor-element elementor-element-e8e0d5d elementor-widget elementor-widget-heading\" data-id=\"e8e0d5d\" data-element_type=\"widget\" data-widget_type=\"heading.default\">\n<div class=\"elementor-widget-container\">\n<h2 class=\"elementor-heading-title elementor-size-default\">Biyometrik Kay\u0131tl\u0131 Alman Pasaportu<\/h2>\n<h2 class=\"elementor-heading-title elementor-size-default\"><span style=\"font-size: 16px;\">Alman pasaportlar\u0131nda Kas\u0131m 2005'ten beri ICAO standartlar\u0131na uygun temass\u0131z \u00e7ip bulunmaktad\u0131r. Bu \u00e7ip, dijital imza ile korunan foto\u011fraf dahil t\u00fcm verileri i\u00e7erir. \u00c7evrimi\u00e7i biyometrik Alman pasaportu sat\u0131n al\u0131n.<\/span><\/h2>\n<\/div>\n<\/div>\n<div class=\"elementor-element elementor-element-11af8c9 elementor-widget elementor-widget-text-editor\" data-id=\"11af8c9\" data-element_type=\"widget\" data-widget_type=\"text-editor.default\"><\/div>\n<\/div>\n<\/div>\n<\/div>\n<\/section>\n<\/div>\n<\/div>\n<section class=\"elementor-section elementor-top-section elementor-element elementor-element-6097b03 elementor-section-boxed elementor-section-height-default elementor-section-height-default tp-parallax-no\" data-id=\"6097b03\" data-element_type=\"section\">\n<div class=\"elementor-column elementor-col-100 elementor-top-column elementor-element elementor-element-f807c5e\" data-id=\"f807c5e\" data-element_type=\"column\">\n<div class=\"elementor-widget-wrap elementor-element-populated\">\n<section class=\"elementor-section elementor-inner-section elementor-element elementor-element-4a8659a elementor-section-boxed elementor-section-height-default elementor-section-height-default tp-parallax-no\" data-id=\"4a8659a\" data-element_type=\"section\">\n<div class=\"elementor-container elementor-column-gap-default\">\n<div class=\"elementor-column elementor-col-100 elementor-inner-column elementor-element elementor-element-1b2bcb5\" data-id=\"1b2bcb5\" data-element_type=\"column\">\n<div class=\"elementor-widget-wrap elementor-element-populated\">\n<div class=\"elementor-widget-container\">\n<h2 class=\"elementor-heading-title elementor-size-default\">Alman Pasaportu<\/h2>\n<\/div>\n<div class=\"elementor-element elementor-element-c6ffd1c elementor-widget elementor-widget-text-editor\" data-id=\"c6ffd1c\" data-element_type=\"widget\" data-widget_type=\"text-editor.default\">\n<div class=\"elementor-widget-container\">\n<p>Alman pasaportlar\u0131 uluslararas\u0131 seyahat i\u00e7in d\u00fczenlenir. Kimlik kan\u0131t\u0131 olmas\u0131n\u0131n yan\u0131 s\u0131ra yurt d\u0131\u015f\u0131nda konsolosluk deste\u011fi almay\u0131 kolayla\u015ft\u0131r\u0131r. AB vatanda\u015fl\u0131\u011f\u0131 sayesinde t\u00fcm \u00fcye \u00fclkelerde serbest dola\u015f\u0131m ve ikamet hakk\u0131 tan\u0131r. Alman pasaportu sat\u0131n al.<\/p>\n<p>G\u00fcvenlik konusunun yan\u0131 s\u0131ra, di\u011fer \u00fclkelere seyahat ederken \u015funlar \u00f6nemlidir:\u00a0<strong>\u00e7evrimi\u00e7i Alman pasaportu sat\u0131n al<\/strong>Sadece seyahat i\u00e7in de\u011fil, banka i\u015flemleri gibi resmi i\u015flerde de kullan\u0131l\u0131r. D\u00fcnyan\u0131n en g\u00fc\u00e7l\u00fc pasaportlar\u0131ndan biri olarak kabul edilir. Sahibine, \u00e7al\u0131\u015fma iznine gerek duymadan AB i\u00e7inde herhangi bir yerde ya\u015fama ve \u00e7al\u0131\u015fma imkan\u0131 verir.<\/p>\n<p>\u00c7evrimi\u00e7i Alman pasaportu sat\u0131n almak i\u00e7in neye ihtiyac\u0131m\u0131z var?<\/p>\n<p>\u015eunlar\u0131 sa\u011flaman\u0131z gerekir<br \/>\n<strong>-Ge\u00e7erli bir kimlik belgesi<\/strong><br \/>\n<strong>-\u0130kametgah belgesi<\/strong><br \/>\n<strong>-Adli sicil kayd\u0131 olmad\u0131\u011f\u0131na dair belge<\/strong><br \/>\n<strong>-Aile \u00fcyelerinin milliyetleri<\/strong><\/p>\n<p>Sahte Alman Pasaportunu Nas\u0131l Ay\u0131rt Ederiz?<\/p>\n<p>Sahte bir Alman pasaportunu ay\u0131rt etmenin en kolay yolu sayfan\u0131n alt\u0131ndaki m\u00fch\u00fcrd\u00fcr. Ger\u00e7ek pasaportlarda koyu mavi m\u00fcrekkeple d\u00f6rt k\u00f6\u015feli bir y\u0131ld\u0131z bulunurken, sahtelerinde gri veya macenta renkli be\u015f k\u00f6\u015feli bir y\u0131ld\u0131z bulunur. Di\u011fer belirtiler ise kalitesiz grafikler ve d\u00fczensiz sayfalard\u0131r.<\/p>\n<p>K\u0131sacas\u0131 sahtesi ger\u00e7e\u011fiyle ayn\u0131 de\u011fildir \u00e7\u00fcnk\u00fc ayn\u0131 g\u00fcvenlik \u00f6zelliklerine sahip de\u011fildir. Ad, do\u011fum tarihi, cinsiyet gibi bilgiler sahte pasaport \u00fcreticisi taraf\u0131ndan doldurulur. Bu nedenle internetten belge al\u0131rken dikkatli olunmal\u0131d\u0131r. Ger\u00e7ek bir pasaportta her detay olmas\u0131 gerekti\u011fi gibidir ve bir\u00e7ok g\u00fcvenlik \u00f6zelli\u011fi bulunur.<\/p>\n<\/div>\n<\/div>\n<\/div>\n<\/div>\n<\/div>\n<\/section>\n<\/div>\n<\/div>\n<\/section>","protected":false},"excerpt":{"rendered":"<p>Alman pasaportlar\u0131, uluslararas\u0131 seyahat amac\u0131yla Almanya vatanda\u015flar\u0131na verilir. Alman pasaportu, Alman kimlik kart\u0131 ve Alman Acil Seyahat Belgesi'nin yan\u0131 s\u0131ra, Alman makamlar\u0131n\u0131n Alman vatanda\u015flar\u0131ndan kimlik kan\u0131t\u0131 olarak rutin olarak kabul edece\u011fi di\u011fer tek resmi belgedir.<\/p>","protected":false},"featured_media":479,"comment_status":"closed","ping_status":"closed","template":"","meta":{"site-sidebar-layout":"default","site-content-layout":"","ast-site-content-layout":"default","site-content-style":"default","site-sidebar-style":"default","ast-global-header-display":"","ast-banner-title-visibility":"","ast-main-header-display":"","ast-hfb-above-header-display":"","ast-hfb-below-header-display":"","ast-hfb-mobile-header-display":"","site-post-title":"","ast-breadcrumbs-content":"","ast-featured-img":"","footer-sml-layout":"","theme-transparent-header-meta":"default","adv-header-id-meta":"","stick-header-meta":"","header-above-stick-meta":"","header-main-stick-meta":"","header-below-stick-meta":"","astra-migrate-meta-layouts":"set","ast-page-background-enabled":"default","ast-page-background-meta":{"desktop":{"background-color":"var(--ast-global-color-4)","background-image":"","background-repeat":"repeat","background-position":"center center","background-size":"auto","background-attachment":"scroll","background-type":"","background-media":"","overlay-type":"","overlay-color":"","overlay-opacity":"","overlay-gradient":""},"tablet":{"background-color":"","background-image":"","background-repeat":"repeat","background-position":"center center","background-size":"auto","background-attachment":"scroll","background-type":"","background-media":"","overlay-type":"","overlay-color":"","overlay-opacity":"","overlay-gradient":""},"mobile":{"background-color":"","background-image":"","background-repeat":"repeat","background-position":"center center","background-size":"auto","background-attachment":"scroll","background-type":"","background-media":"","overlay-type":"","overlay-color":"","overlay-opacity":"","overlay-gradient":""}},"ast-content-background-meta":{"desktop":{"background-color":"var(--ast-global-color-5)","background-image":"","background-repeat":"repeat","background-position":"center center","background-size":"auto","background-attachment":"scroll","background-type":"","background-media":"","overlay-type":"","overlay-color":"","overlay-opacity":"","overlay-gradient":""},"tablet":{"background-color":"var(--ast-global-color-5)","background-image":"","background-repeat":"repeat","background-position":"center center","background-size":"auto","background-attachment":"scroll","background-type":"","background-media":"","overlay-type":"","overlay-color":"","overlay-opacity":"","overlay-gradient":""},"mobile":{"background-color":"var(--ast-global-color-5)","background-image":"","background-repeat":"repeat","background-position":"center center","background-size":"auto","background-attachment":"scroll","background-type":"","background-media":"","overlay-type":"","overlay-color":"","overlay-opacity":"","overlay-gradient":""}}},"product_brand":[],"product_cat":[30],"product_tag":[],"class_list":{"0":"post-409","1":"product","2":"type-product","3":"status-publish","4":"has-post-thumbnail","6":"product_cat-passport","7":"desktop-align-left","8":"tablet-align-left","9":"mobile-align-left","11":"first","12":"instock","13":"purchasable","14":"product-type-simple"},"yoast_head":"<!-- This site is optimized with the Yoast SEO plugin v26.5 - https:\/\/yoast.com\/wordpress\/plugins\/seo\/ -->\n<title>German Passport Online | Glob Documents<\/title>\n<meta name=\"description\" content=\"Buy German Passport online at globdocuments.com with safe and fast worldwide delivery at the best price. Check the best deals on fake documents!\" \/>\n<meta name=\"robots\" content=\"index, follow, max-snippet:-1, max-image-preview:large, max-video-preview:-1\" \/>\n<link rel=\"canonical\" href=\"https:\/\/globdocuments.com\/tr\/product\/german-passport\/\" \/>\n<meta property=\"og:locale\" content=\"tr_TR\" \/>\n<meta property=\"og:type\" content=\"article\" \/>\n<meta property=\"og:title\" content=\"German Passport Online | Glob Documents\" \/>\n<meta property=\"og:description\" content=\"Buy German Passport online at globdocuments.com with safe and fast worldwide delivery at the best price. Check the best deals on fake documents!\" \/>\n<meta property=\"og:url\" content=\"https:\/\/globdocuments.com\/tr\/product\/german-passport\/\" \/>\n<meta property=\"article:modified_time\" content=\"2024-07-04T13:27:19+00:00\" \/>\n<meta property=\"og:image\" content=\"https:\/\/globdocuments.com\/wp-content\/uploads\/2022\/11\/german-passport.png\" \/>\n\t<meta property=\"og:image:width\" content=\"450\" \/>\n\t<meta property=\"og:image:height\" content=\"450\" \/>\n\t<meta property=\"og:image:type\" content=\"image\/png\" \/>\n<meta name=\"twitter:card\" content=\"summary_large_image\" \/>\n<meta name=\"twitter:label1\" content=\"Tahmini okuma s\u00fcresi\" \/>\n\t<meta name=\"twitter:data1\" content=\"4 dakika\" \/>\n<script type=\"application\/ld+json\" class=\"yoast-schema-graph\">{\"@context\":\"https:\/\/schema.org\",\"@graph\":[{\"@type\":\"WebPage\",\"@id\":\"https:\/\/globdocuments.com\/ka\/product\/german-passport\/\",\"url\":\"https:\/\/globdocuments.com\/ka\/product\/german-passport\/\",\"name\":\"German Passport Online | Glob Documents\",\"isPartOf\":{\"@id\":\"https:\/\/globdocuments.com\/#website\"},\"primaryImageOfPage\":{\"@id\":\"https:\/\/globdocuments.com\/ka\/product\/german-passport\/#primaryimage\"},\"image\":{\"@id\":\"https:\/\/globdocuments.com\/ka\/product\/german-passport\/#primaryimage\"},\"thumbnailUrl\":\"https:\/\/globdocuments.com\/wp-content\/uploads\/2022\/11\/german-passport.png\",\"datePublished\":\"2022-11-03T07:17:53+00:00\",\"dateModified\":\"2024-07-04T13:27:19+00:00\",\"description\":\"Buy German Passport online at globdocuments.com with safe and fast worldwide delivery at the best price. Check the best deals on fake documents!\",\"breadcrumb\":{\"@id\":\"https:\/\/globdocuments.com\/ka\/product\/german-passport\/#breadcrumb\"},\"inLanguage\":\"tr\",\"potentialAction\":[{\"@type\":\"ReadAction\",\"target\":[\"https:\/\/globdocuments.com\/ka\/product\/german-passport\/\"]}]},{\"@type\":\"ImageObject\",\"inLanguage\":\"tr\",\"@id\":\"https:\/\/globdocuments.com\/ka\/product\/german-passport\/#primaryimage\",\"url\":\"https:\/\/globdocuments.com\/wp-content\/uploads\/2022\/11\/german-passport.png\",\"contentUrl\":\"https:\/\/globdocuments.com\/wp-content\/uploads\/2022\/11\/german-passport.png\",\"width\":450,\"height\":450,\"caption\":\"German Passport\"},{\"@type\":\"BreadcrumbList\",\"@id\":\"https:\/\/globdocuments.com\/ka\/product\/german-passport\/#breadcrumb\",\"itemListElement\":[{\"@type\":\"ListItem\",\"position\":1,\"name\":\"Shop\",\"item\":\"https:\/\/globdocuments.com\/shop\/\"},{\"@type\":\"ListItem\",\"position\":2,\"name\":\"German Passport\"}]},{\"@type\":\"WebSite\",\"@id\":\"https:\/\/globdocuments.com\/#website\",\"url\":\"https:\/\/globdocuments.com\/\",\"name\":\"\",\"description\":\"Buy real fake documents online\",\"potentialAction\":[{\"@type\":\"SearchAction\",\"target\":{\"@type\":\"EntryPoint\",\"urlTemplate\":\"https:\/\/globdocuments.com\/?s={search_term_string}\"},\"query-input\":{\"@type\":\"PropertyValueSpecification\",\"valueRequired\":true,\"valueName\":\"search_term_string\"}}],\"inLanguage\":\"tr\"}]}<\/script>\n<!-- \/ Yoast SEO plugin. -->","yoast_head_json":{"title":"Alman Pasaportu \u00c7evrimi\u00e7i | Glob Documents","description":"globdocuments.com adresinden g\u00fcvenli ve h\u0131zl\u0131 d\u00fcnya \u00e7ap\u0131nda teslimatla en iyi fiyata \u00e7evrimi\u00e7i Alman Pasaportu sat\u0131n al\u0131n.","robots":{"index":"index","follow":"follow","max-snippet":"max-snippet:-1","max-image-preview":"max-image-preview:large","max-video-preview":"max-video-preview:-1"},"canonical":"https:\/\/globdocuments.com\/tr\/product\/german-passport\/","og_locale":"tr_TR","og_type":"article","og_title":"German Passport Online | Glob Documents","og_description":"Buy German Passport online at globdocuments.com with safe and fast worldwide delivery at the best price. Check the best deals on fake documents!","og_url":"https:\/\/globdocuments.com\/tr\/product\/german-passport\/","article_modified_time":"2024-07-04T13:27:19+00:00","og_image":[{"width":450,"height":450,"url":"https:\/\/globdocuments.com\/wp-content\/uploads\/2022\/11\/german-passport.png","type":"image\/png"}],"twitter_card":"summary_large_image","twitter_misc":{"Tahmini okuma s\u00fcresi":"4 dakika"},"schema":{"@context":"https:\/\/schema.org","@graph":[{"@type":"WebPage","@id":"https:\/\/globdocuments.com\/ka\/product\/german-passport\/","url":"https:\/\/globdocuments.com\/ka\/product\/german-passport\/","name":"Alman Pasaportu \u00c7evrimi\u00e7i | Glob Documents","isPartOf":{"@id":"https:\/\/globdocuments.com\/#website"},"primaryImageOfPage":{"@id":"https:\/\/globdocuments.com\/ka\/product\/german-passport\/#primaryimage"},"image":{"@id":"https:\/\/globdocuments.com\/ka\/product\/german-passport\/#primaryimage"},"thumbnailUrl":"https:\/\/globdocuments.com\/wp-content\/uploads\/2022\/11\/german-passport.png","datePublished":"2022-11-03T07:17:53+00:00","dateModified":"2024-07-04T13:27:19+00:00","description":"globdocuments.com adresinden g\u00fcvenli ve h\u0131zl\u0131 d\u00fcnya \u00e7ap\u0131nda teslimatla en iyi fiyata \u00e7evrimi\u00e7i Alman Pasaportu sat\u0131n al\u0131n.","breadcrumb":{"@id":"https:\/\/globdocuments.com\/ka\/product\/german-passport\/#breadcrumb"},"inLanguage":"tr","potentialAction":[{"@type":"ReadAction","target":["https:\/\/globdocuments.com\/ka\/product\/german-passport\/"]}]},{"@type":"ImageObject","inLanguage":"tr","@id":"https:\/\/globdocuments.com\/ka\/product\/german-passport\/#primaryimage","url":"https:\/\/globdocuments.com\/wp-content\/uploads\/2022\/11\/german-passport.png","contentUrl":"https:\/\/globdocuments.com\/wp-content\/uploads\/2022\/11\/german-passport.png","width":450,"height":450,"caption":"German Passport"},{"@type":"BreadcrumbList","@id":"https:\/\/globdocuments.com\/ka\/product\/german-passport\/#breadcrumb","itemListElement":[{"@type":"ListItem","position":1,"name":"Shop","item":"https:\/\/globdocuments.com\/shop\/"},{"@type":"ListItem","position":2,"name":"German Passport"}]},{"@type":"WebSite","@id":"https:\/\/globdocuments.com\/#website","url":"https:\/\/globdocuments.com\/","name":"","description":"Online ger\u00e7ek sahte belgeler sat\u0131n al","potentialAction":[{"@type":"SearchAction","target":{"@type":"EntryPoint","urlTemplate":"https:\/\/globdocuments.com\/?s={search_term_string}"},"query-input":{"@type":"PropertyValueSpecification","valueRequired":true,"valueName":"search_term_string"}}],"inLanguage":"tr"}]}},"_links":{"self":[{"href":"https:\/\/globdocuments.com\/tr\/wp-json\/wp\/v2\/product\/409","targetHints":{"allow":["GET"]}}],"collection":[{"href":"https:\/\/globdocuments.com\/tr\/wp-json\/wp\/v2\/product"}],"about":[{"href":"https:\/\/globdocuments.com\/tr\/wp-json\/wp\/v2\/types\/product"}],"replies":[{"embeddable":true,"href":"https:\/\/globdocuments.com\/tr\/wp-json\/wp\/v2\/comments?post=409"}],"wp:featuredmedia":[{"embeddable":true,"href":"https:\/\/globdocuments.com\/tr\/wp-json\/wp\/v2\/media\/479"}],"wp:attachment":[{"href":"https:\/\/globdocuments.com\/tr\/wp-json\/wp\/v2\/media?parent=409"}],"wp:term":[{"taxonomy":"product_brand","embeddable":true,"href":"https:\/\/globdocuments.com\/tr\/wp-json\/wp\/v2\/product_brand?post=409"},{"taxonomy":"product_cat","embeddable":true,"href":"https:\/\/globdocuments.com\/tr\/wp-json\/wp\/v2\/product_cat?post=409"},{"taxonomy":"product_tag","embeddable":true,"href":"https:\/\/globdocuments.com\/tr\/wp-json\/wp\/v2\/product_tag?post=409"}],"curies":[{"name":"wp","href":"https:\/\/api.w.org\/{rel}","templated":true}]}}