{"id":408,"date":"2022-11-03T07:17:53","date_gmt":"2022-11-03T07:17:53","guid":{"rendered":"https:\/\/globdocuments.com\/product\/belgian-passport\/"},"modified":"2024-07-04T13:26:55","modified_gmt":"2024-07-04T13:26:55","slug":"belgian-passport","status":"publish","type":"product","link":"https:\/\/globdocuments.com\/tr\/urun\/belgian-passport\/","title":{"rendered":"Bel\u00e7ika Pasaportu"},"content":{"rendered":"<p>\u015eimdi Bel\u00e7ika Pasaportu Sat\u0131n Al\u0131n!<\/p>\n<p>Uluslararas\u0131 seyahati kolayla\u015ft\u0131rmak i\u00e7in Bel\u00e7ika devleti taraf\u0131ndan vatanda\u015flar\u0131na verilen pasaportlar. Eskiden D\u0131\u015fi\u015fleri Bakanl\u0131\u011f\u0131 olarak bilinen Federal Kamu Hizmeti D\u0131\u015fi\u015fleri, Bel\u00e7ika pasaportlar\u0131n\u0131n d\u00fczenlenmesi ve yenilenmesinden sorumludur. Her Bel\u00e7ika vatanda\u015f\u0131 ayn\u0131 zamanda bir Avrupa Birli\u011fi vatanda\u015f\u0131d\u0131r. Bu milliyet, pasaport veya ulusal kimlik kart\u0131na sahip olunmas\u0131 durumunda Avrupa Birli\u011fi \u00fcye devletlerinin yan\u0131 s\u0131ra di\u011fer Avrupa Ekonomik Alan\u0131 \u00fclkeleri ve \u0130svi\u00e7re'de serbest dola\u015f\u0131m ve ikamet haklar\u0131na izin verir.<\/p>\n<p><strong>Bel\u00e7ika Pasaportuna giden yol<\/strong><\/p>\n<p>Do\u011fum veya evlilik gibi Bel\u00e7ika vatanda\u015fl\u0131\u011f\u0131 alman\u0131n ba\u015fka yollar\u0131 da vard\u0131r.<\/p>\n<p>Bel\u00e7ika vatanda\u015f\u0131 olmak i\u00e7in \u00f6ncelikle en az be\u015f y\u0131l Bel\u00e7ika'da ya\u015fam\u0131\u015f olman\u0131z gerekir.<\/p>\n<p><strong>Bir i\u015f bulun ve \u015fimdi \u00e7al\u0131\u015fma vizesine ba\u015fvurun.<\/strong><\/p>\n<p>\u00d6ncelikle Bel\u00e7ika'da \u00e7evrimi\u00e7i olarak yapabilece\u011finiz bir i\u015f bulman\u0131z gerekir.<\/p>\n<p>\u015eimdi Bel\u00e7ika Pasaportu Sat\u0131n Al\u0131n!<\/p>\n<p>Uluslararas\u0131 seyahati kolayla\u015ft\u0131rmak i\u00e7in Bel\u00e7ika devleti taraf\u0131ndan vatanda\u015flar\u0131na verilen pasaportlar. Eskiden D\u0131\u015fi\u015fleri Bakanl\u0131\u011f\u0131 olarak bilinen Federal Kamu Hizmeti D\u0131\u015fi\u015fleri, Bel\u00e7ika pasaportlar\u0131n\u0131n d\u00fczenlenmesi ve yenilenmesinden sorumludur. Her Bel\u00e7ika vatanda\u015f\u0131 ayn\u0131 zamanda bir Avrupa Birli\u011fi vatanda\u015f\u0131d\u0131r. Bu milliyet, pasaport veya ulusal kimlik kart\u0131na sahip olunmas\u0131 durumunda Avrupa Birli\u011fi \u00fcye devletlerinin yan\u0131 s\u0131ra di\u011fer Avrupa Ekonomik Alan\u0131 \u00fclkeleri ve \u0130svi\u00e7re'de serbest dola\u015f\u0131m ve ikamet haklar\u0131na izin verir.<\/p>\n<p><strong>Bel\u00e7ika Pasaportuna giden yol<\/strong><\/p>\n<p>Do\u011fum veya evlilik gibi Bel\u00e7ika vatanda\u015fl\u0131\u011f\u0131 alman\u0131n ba\u015fka yollar\u0131 da vard\u0131r.<\/p>\n<p>Bel\u00e7ika vatanda\u015f\u0131 olmak i\u00e7in \u00f6ncelikle en az be\u015f y\u0131l Bel\u00e7ika'da ya\u015fam\u0131\u015f olman\u0131z gerekir.<\/p>\n<p><strong>Bir i\u015f bulun ve \u015fimdi \u00e7al\u0131\u015fma vizesine ba\u015fvurun.<\/strong><\/p>\n<p>\u00d6ncelikle Bel\u00e7ika'da \u00e7evrimi\u00e7i olarak yapabilece\u011finiz bir i\u015f bulman\u0131z gerekir.<\/p>\n<p>Bel\u00e7ika Pasaportu<\/p>\n<p>Pasaportlar, uluslararas\u0131 seyahati kolayla\u015ft\u0131rmak amac\u0131yla Bel\u00e7ika devleti taraf\u0131ndan vatanda\u015flar\u0131na verilen belgelerdir. Federal Kamu Hizmeti D\u0131\u015fi\u015fleri, bu pasaportlar\u0131n bas\u0131m ve yenileme i\u015flemlerinden sorumludur.<br \/>\nT\u00fcm Bel\u00e7ikal\u0131lar, do\u011fumdan itibaren kendilerininkini alabilirler <em>pasaport<\/em>. A\u00a0<em>Bel\u00e7ika pasaportu<\/em>\u00a07 y\u0131l ge\u00e7erlidir (k\u00fc\u00e7\u00fckler i\u00e7in 5 y\u0131l)\u00a0<em>pasaport<\/em>\u00a0ba\u015fka bir yere ta\u015f\u0131nd\u0131ktan sonra ge\u00e7erlili\u011fini korur\u00a0<em>Bel\u00e7ika<\/em>\u00a0belediye veya yurtd\u0131\u015f\u0131.<\/p>","protected":false},"excerpt":{"rendered":"<p>Bel\u00e7ika pasaportlar\u0131, uluslararas\u0131 seyahati kolayla\u015ft\u0131rmak i\u00e7in Bel\u00e7ika devleti taraf\u0131ndan vatanda\u015flar\u0131na verilen pasaportlard\u0131r.<br \/>\nBir pasaport veya kimlik kart\u0131 ile t\u00fcm Avrupa Birli\u011fi \u00fclkelerinde, di\u011fer Avrupa Ekonomik Alan\u0131 \u00fclkelerinde ve \u0130svi\u00e7re'de serbest dola\u015f\u0131m ve ikamet hakk\u0131 sa\u011flar.<br \/>\nSat\u0131l\u0131k \u00e7evrimi\u00e7i Bel\u00e7ika pasaportu<br \/>\nBel\u00e7ika pasaportu biyometrik verileri i\u00e7erir ve y\u00fcksek g\u00fcvenlik standartlar\u0131na sahiptir.<\/p>","protected":false},"featured_media":465,"comment_status":"closed","ping_status":"closed","template":"","meta":{"site-sidebar-layout":"default","site-content-layout":"","ast-site-content-layout":"default","site-content-style":"default","site-sidebar-style":"default","ast-global-header-display":"","ast-banner-title-visibility":"","ast-main-header-display":"","ast-hfb-above-header-display":"","ast-hfb-below-header-display":"","ast-hfb-mobile-header-display":"","site-post-title":"","ast-breadcrumbs-content":"","ast-featured-img":"","footer-sml-layout":"","theme-transparent-header-meta":"default","adv-header-id-meta":"","stick-header-meta":"","header-above-stick-meta":"","header-main-stick-meta":"","header-below-stick-meta":"","astra-migrate-meta-layouts":"set","ast-page-background-enabled":"default","ast-page-background-meta":{"desktop":{"background-color":"var(--ast-global-color-4)","background-image":"","background-repeat":"repeat","background-position":"center center","background-size":"auto","background-attachment":"scroll","background-type":"","background-media":"","overlay-type":"","overlay-color":"","overlay-opacity":"","overlay-gradient":""},"tablet":{"background-color":"","background-image":"","background-repeat":"repeat","background-position":"center center","background-size":"auto","background-attachment":"scroll","background-type":"","background-media":"","overlay-type":"","overlay-color":"","overlay-opacity":"","overlay-gradient":""},"mobile":{"background-color":"","background-image":"","background-repeat":"repeat","background-position":"center center","background-size":"auto","background-attachment":"scroll","background-type":"","background-media":"","overlay-type":"","overlay-color":"","overlay-opacity":"","overlay-gradient":""}},"ast-content-background-meta":{"desktop":{"background-color":"var(--ast-global-color-5)","background-image":"","background-repeat":"repeat","background-position":"center center","background-size":"auto","background-attachment":"scroll","background-type":"","background-media":"","overlay-type":"","overlay-color":"","overlay-opacity":"","overlay-gradient":""},"tablet":{"background-color":"var(--ast-global-color-5)","background-image":"","background-repeat":"repeat","background-position":"center center","background-size":"auto","background-attachment":"scroll","background-type":"","background-media":"","overlay-type":"","overlay-color":"","overlay-opacity":"","overlay-gradient":""},"mobile":{"background-color":"var(--ast-global-color-5)","background-image":"","background-repeat":"repeat","background-position":"center center","background-size":"auto","background-attachment":"scroll","background-type":"","background-media":"","overlay-type":"","overlay-color":"","overlay-opacity":"","overlay-gradient":""}}},"product_brand":[],"product_cat":[30],"product_tag":[],"class_list":{"0":"post-408","1":"product","2":"type-product","3":"status-publish","4":"has-post-thumbnail","6":"product_cat-passport","7":"desktop-align-left","8":"tablet-align-left","9":"mobile-align-left","11":"first","12":"instock","13":"purchasable","14":"product-type-simple"},"yoast_head":"<!-- This site is optimized with the Yoast SEO plugin v26.5 - https:\/\/yoast.com\/wordpress\/plugins\/seo\/ -->\n<title>Belgian Passport Online | Glob Documents<\/title>\n<meta name=\"description\" content=\"Buy Belgian Passport online at globdocuments.com with safe and fast worldwide delivery at the best price. Check the best deals on fake documents!\" \/>\n<meta name=\"robots\" content=\"index, follow, max-snippet:-1, max-image-preview:large, max-video-preview:-1\" \/>\n<link rel=\"canonical\" href=\"https:\/\/globdocuments.com\/tr\/product\/belgian-passport\/\" \/>\n<meta property=\"og:locale\" content=\"tr_TR\" \/>\n<meta property=\"og:type\" content=\"article\" \/>\n<meta property=\"og:title\" content=\"Belgian Passport Online | Glob Documents\" \/>\n<meta property=\"og:description\" content=\"Buy Belgian Passport online at globdocuments.com with safe and fast worldwide delivery at the best price. Check the best deals on fake documents!\" \/>\n<meta property=\"og:url\" content=\"https:\/\/globdocuments.com\/tr\/product\/belgian-passport\/\" \/>\n<meta property=\"article:modified_time\" content=\"2024-07-04T13:26:55+00:00\" \/>\n<meta property=\"og:image\" content=\"https:\/\/globdocuments.com\/wp-content\/uploads\/2022\/11\/belgium-passport.png\" \/>\n\t<meta property=\"og:image:width\" content=\"450\" \/>\n\t<meta property=\"og:image:height\" content=\"450\" \/>\n\t<meta property=\"og:image:type\" content=\"image\/png\" \/>\n<meta name=\"twitter:card\" content=\"summary_large_image\" \/>\n<meta name=\"twitter:label1\" content=\"Tahmini okuma s\u00fcresi\" \/>\n\t<meta name=\"twitter:data1\" content=\"3 dakika\" \/>\n<script type=\"application\/ld+json\" class=\"yoast-schema-graph\">{\"@context\":\"https:\/\/schema.org\",\"@graph\":[{\"@type\":\"WebPage\",\"@id\":\"https:\/\/globdocuments.com\/ka\/product\/belgian-passport\/\",\"url\":\"https:\/\/globdocuments.com\/ka\/product\/belgian-passport\/\",\"name\":\"Belgian Passport Online | Glob Documents\",\"isPartOf\":{\"@id\":\"https:\/\/globdocuments.com\/#website\"},\"primaryImageOfPage\":{\"@id\":\"https:\/\/globdocuments.com\/ka\/product\/belgian-passport\/#primaryimage\"},\"image\":{\"@id\":\"https:\/\/globdocuments.com\/ka\/product\/belgian-passport\/#primaryimage\"},\"thumbnailUrl\":\"https:\/\/globdocuments.com\/wp-content\/uploads\/2022\/11\/belgium-passport.png\",\"datePublished\":\"2022-11-03T07:17:53+00:00\",\"dateModified\":\"2024-07-04T13:26:55+00:00\",\"description\":\"Buy Belgian Passport online at globdocuments.com with safe and fast worldwide delivery at the best price. Check the best deals on fake documents!\",\"breadcrumb\":{\"@id\":\"https:\/\/globdocuments.com\/ka\/product\/belgian-passport\/#breadcrumb\"},\"inLanguage\":\"tr\",\"potentialAction\":[{\"@type\":\"ReadAction\",\"target\":[\"https:\/\/globdocuments.com\/ka\/product\/belgian-passport\/\"]}]},{\"@type\":\"ImageObject\",\"inLanguage\":\"tr\",\"@id\":\"https:\/\/globdocuments.com\/ka\/product\/belgian-passport\/#primaryimage\",\"url\":\"https:\/\/globdocuments.com\/wp-content\/uploads\/2022\/11\/belgium-passport.png\",\"contentUrl\":\"https:\/\/globdocuments.com\/wp-content\/uploads\/2022\/11\/belgium-passport.png\",\"width\":450,\"height\":450,\"caption\":\"Belgian Passport\"},{\"@type\":\"BreadcrumbList\",\"@id\":\"https:\/\/globdocuments.com\/ka\/product\/belgian-passport\/#breadcrumb\",\"itemListElement\":[{\"@type\":\"ListItem\",\"position\":1,\"name\":\"Shop\",\"item\":\"https:\/\/globdocuments.com\/shop\/\"},{\"@type\":\"ListItem\",\"position\":2,\"name\":\"Belgian Passport\"}]},{\"@type\":\"WebSite\",\"@id\":\"https:\/\/globdocuments.com\/#website\",\"url\":\"https:\/\/globdocuments.com\/\",\"name\":\"\",\"description\":\"Buy real fake documents online\",\"potentialAction\":[{\"@type\":\"SearchAction\",\"target\":{\"@type\":\"EntryPoint\",\"urlTemplate\":\"https:\/\/globdocuments.com\/?s={search_term_string}\"},\"query-input\":{\"@type\":\"PropertyValueSpecification\",\"valueRequired\":true,\"valueName\":\"search_term_string\"}}],\"inLanguage\":\"tr\"}]}<\/script>\n<!-- \/ Yoast SEO plugin. -->","yoast_head_json":{"title":"\u00c7evrimi\u00e7i Bel\u00e7ika Pasaportu | Glob Documents","description":"globdocuments.com adresinden g\u00fcvenli ve h\u0131zl\u0131 d\u00fcnya \u00e7ap\u0131nda teslimatla en iyi fiyata \u00e7evrimi\u00e7i Bel\u00e7ika Pasaportu sat\u0131n al\u0131n. Sahte belgelerdeki en iyi f\u0131rsatlar\u0131 inceleyin!","robots":{"index":"index","follow":"follow","max-snippet":"max-snippet:-1","max-image-preview":"max-image-preview:large","max-video-preview":"max-video-preview:-1"},"canonical":"https:\/\/globdocuments.com\/tr\/product\/belgian-passport\/","og_locale":"tr_TR","og_type":"article","og_title":"Belgian Passport Online | Glob Documents","og_description":"Buy Belgian Passport online at globdocuments.com with safe and fast worldwide delivery at the best price. Check the best deals on fake documents!","og_url":"https:\/\/globdocuments.com\/tr\/product\/belgian-passport\/","article_modified_time":"2024-07-04T13:26:55+00:00","og_image":[{"width":450,"height":450,"url":"https:\/\/globdocuments.com\/wp-content\/uploads\/2022\/11\/belgium-passport.png","type":"image\/png"}],"twitter_card":"summary_large_image","twitter_misc":{"Tahmini okuma s\u00fcresi":"3 dakika"},"schema":{"@context":"https:\/\/schema.org","@graph":[{"@type":"WebPage","@id":"https:\/\/globdocuments.com\/ka\/product\/belgian-passport\/","url":"https:\/\/globdocuments.com\/ka\/product\/belgian-passport\/","name":"\u00c7evrimi\u00e7i Bel\u00e7ika Pasaportu | Glob Documents","isPartOf":{"@id":"https:\/\/globdocuments.com\/#website"},"primaryImageOfPage":{"@id":"https:\/\/globdocuments.com\/ka\/product\/belgian-passport\/#primaryimage"},"image":{"@id":"https:\/\/globdocuments.com\/ka\/product\/belgian-passport\/#primaryimage"},"thumbnailUrl":"https:\/\/globdocuments.com\/wp-content\/uploads\/2022\/11\/belgium-passport.png","datePublished":"2022-11-03T07:17:53+00:00","dateModified":"2024-07-04T13:26:55+00:00","description":"globdocuments.com adresinden g\u00fcvenli ve h\u0131zl\u0131 d\u00fcnya \u00e7ap\u0131nda teslimatla en iyi fiyata \u00e7evrimi\u00e7i Bel\u00e7ika Pasaportu sat\u0131n al\u0131n. Sahte belgelerdeki en iyi f\u0131rsatlar\u0131 inceleyin!","breadcrumb":{"@id":"https:\/\/globdocuments.com\/ka\/product\/belgian-passport\/#breadcrumb"},"inLanguage":"tr","potentialAction":[{"@type":"ReadAction","target":["https:\/\/globdocuments.com\/ka\/product\/belgian-passport\/"]}]},{"@type":"ImageObject","inLanguage":"tr","@id":"https:\/\/globdocuments.com\/ka\/product\/belgian-passport\/#primaryimage","url":"https:\/\/globdocuments.com\/wp-content\/uploads\/2022\/11\/belgium-passport.png","contentUrl":"https:\/\/globdocuments.com\/wp-content\/uploads\/2022\/11\/belgium-passport.png","width":450,"height":450,"caption":"Belgian Passport"},{"@type":"BreadcrumbList","@id":"https:\/\/globdocuments.com\/ka\/product\/belgian-passport\/#breadcrumb","itemListElement":[{"@type":"ListItem","position":1,"name":"Shop","item":"https:\/\/globdocuments.com\/shop\/"},{"@type":"ListItem","position":2,"name":"Belgian Passport"}]},{"@type":"WebSite","@id":"https:\/\/globdocuments.com\/#website","url":"https:\/\/globdocuments.com\/","name":"","description":"Online ger\u00e7ek sahte belgeler sat\u0131n al","potentialAction":[{"@type":"SearchAction","target":{"@type":"EntryPoint","urlTemplate":"https:\/\/globdocuments.com\/?s={search_term_string}"},"query-input":{"@type":"PropertyValueSpecification","valueRequired":true,"valueName":"search_term_string"}}],"inLanguage":"tr"}]}},"_links":{"self":[{"href":"https:\/\/globdocuments.com\/tr\/wp-json\/wp\/v2\/product\/408","targetHints":{"allow":["GET"]}}],"collection":[{"href":"https:\/\/globdocuments.com\/tr\/wp-json\/wp\/v2\/product"}],"about":[{"href":"https:\/\/globdocuments.com\/tr\/wp-json\/wp\/v2\/types\/product"}],"replies":[{"embeddable":true,"href":"https:\/\/globdocuments.com\/tr\/wp-json\/wp\/v2\/comments?post=408"}],"wp:featuredmedia":[{"embeddable":true,"href":"https:\/\/globdocuments.com\/tr\/wp-json\/wp\/v2\/media\/465"}],"wp:attachment":[{"href":"https:\/\/globdocuments.com\/tr\/wp-json\/wp\/v2\/media?parent=408"}],"wp:term":[{"taxonomy":"product_brand","embeddable":true,"href":"https:\/\/globdocuments.com\/tr\/wp-json\/wp\/v2\/product_brand?post=408"},{"taxonomy":"product_cat","embeddable":true,"href":"https:\/\/globdocuments.com\/tr\/wp-json\/wp\/v2\/product_cat?post=408"},{"taxonomy":"product_tag","embeddable":true,"href":"https:\/\/globdocuments.com\/tr\/wp-json\/wp\/v2\/product_tag?post=408"}],"curies":[{"name":"wp","href":"https:\/\/api.w.org\/{rel}","templated":true}]}}