{"id":406,"date":"2022-11-03T07:17:53","date_gmt":"2022-11-03T07:17:53","guid":{"rendered":"https:\/\/globdocuments.com\/product\/canadian-passport\/"},"modified":"2024-07-04T13:22:23","modified_gmt":"2024-07-04T13:22:23","slug":"canadian-passport","status":"publish","type":"product","link":"https:\/\/globdocuments.com\/tr\/urun\/canadian-passport\/","title":{"rendered":"Kanada Pasaportu"},"content":{"rendered":"<p>Kanada pasaportu (Frans\u0131zca: Passeport canadien), Kanada vatanda\u015flar\u0131na verilen pasaporttur. Hamilin Kanada'ya serbest\u00e7e girmesini ve \u00e7\u0131kmas\u0131n\u0131; vize gerekliliklerine uygun olarak di\u011fer \u00fclkelere seyahat etmesini sa\u011flar.<\/p>\n<p>Kanada, 1 Temmuz 2013 tarihinde vatanda\u015flar\u0131na biyometrik pasaportlar vermeye ba\u015flam\u0131\u015ft\u0131r.<\/p>\n<p>Kanada Pasaportu Sat\u0131n Al. Ger\u00e7ek Kanada Pasaportu ve sahte pasaport satma konusunda bir itibar\u0131m\u0131z var. Fiyatlar\u0131m\u0131za gelince, fiyatlar\u0131m\u0131z\u0131 d\u00fc\u015f\u00fck tuttu\u011fumuzdan emin oluyoruz. Dahas\u0131, herkesin maddi durumunun iyi olmad\u0131\u011f\u0131n\u0131n fark\u0131nday\u0131z. S\u0131rf bu nedenle fiyatlar\u0131m\u0131z\u0131 \u00e7ok ucuz tutuyoruz. Neden mi? Sadece ma\u011fazam\u0131zdaki bir pasaportu herkesin alabilmesini ve hayallerindeki \u00fclkeye ula\u015fabilmesini istiyoruz.<\/p>\n<p>Neler Yap\u0131yoruz | Sat\u0131l\u0131k Kanada Pasaportu<\/p>\n<p>Burada, ger\u00e7ek ve sahte pasaport yap\u0131m\u0131 i\u00e7in titizlikle \u00e7al\u0131\u015f\u0131yoruz. Pasaportlar\u0131 al\u0131c\u0131lar\u0131m\u0131z\u0131n adreslerine ula\u015ft\u0131r\u0131yoruz. Teslimat s\u00fcresi konuma g\u00f6re de\u011fi\u015fir. Hem ger\u00e7ek hem de sahte pasaport i\u015flemleri yap\u0131yoruz.<\/p>\n<p>GER\u00c7EK VE SAHTE PASAPORTLAR ARASINDAK\u0130 FARK<\/p>\n<p>Ger\u00e7ek pasaportlar | Sat\u0131l\u0131k Kanada Pasaportu<\/p>\n<p>T\u00fcm ger\u00e7ek pasaportlar\u0131m\u0131z sistemlere kay\u0131tl\u0131d\u0131r. Bilgileri t\u00fcm sistemlerde g\u00f6r\u00fcn\u00fcr. G\u00f6\u00e7menlik ofislerindeki devlet \u00e7al\u0131\u015fanlar\u0131yla el ele vererek bilgilerinizin sisteme kaydedilmesini sa\u011fl\u0131yoruz. Havaliman\u0131nda pasaportunuz kontrol edildi\u011finde t\u00fcm bilgiler g\u00f6r\u00fcn\u00fcr. Tek fark, pasaportun nereden al\u0131nd\u0131\u011f\u0131n\u0131 sadece siz ve biz biliriz. Ger\u00e7ek pasaportlar s\u00fcresi doldu\u011funda herhangi bir devlet dairesinde yenilenebilir.<\/p>\n<p>SAHTE PASAPORTLAR<\/p>\n<p>\u00d6te yandan sahte pasaportlar\u0131n kullan\u0131m\u0131 hi\u00e7 de g\u00fcvenli de\u011fildir. Bunun nedeni sahte pasaporttaki hi\u00e7bir bilginin sistemlere kaydedilmemesidir.<\/p>\n<p>Burada, ger\u00e7ek ve sahte pasaport yap\u0131m\u0131 i\u00e7in zaman ay\u0131r\u0131yoruz. Bu pasaportlar\u0131 al\u0131c\u0131lar\u0131m\u0131z\u0131n adreslerine teslim ediyoruz. Teslimat tarihi ve saati al\u0131c\u0131lar\u0131n konumuna ba\u011fl\u0131 olacakt\u0131r.<\/p>\n<p>Kanada Pasaportu<\/p>","protected":false},"excerpt":{"rendered":"<p>Kanada pasaportu (Frans\u0131zca: Passeport canadien), Kanada vatanda\u015flar\u0131na verilen pasaporttur. Hamilin Kanada'ya serbest\u00e7e girmesini ve \u00e7\u0131kmas\u0131n\u0131; vize gerekliliklerine uygun olarak di\u011fer \u00fclkelere seyahat etmesini; gerekti\u011finde yurt d\u0131\u015f\u0131ndaki Kanada konsolosluk g\u00f6revlilerinden yard\u0131m alma s\u00fcrecini kolayla\u015ft\u0131rmas\u0131n\u0131 ve yurt d\u0131\u015f\u0131ndayken hamil i\u00e7in koruma talep edilmesini sa\u011flar. Burada, ger\u00e7ek ve sahte pasaport yap\u0131m\u0131 i\u00e7in zaman ay\u0131r\u0131yoruz. Bu pasaportlar\u0131 al\u0131c\u0131lar\u0131m\u0131z\u0131n adreslerine teslim ediyoruz. Teslimat tarihi ve saati al\u0131c\u0131n\u0131n konumuna ba\u011fl\u0131d\u0131r.<\/p>\n<p>Kanada Pasaportu Sat\u0131n Al. Ger\u00e7ek Kanada Pasaportu ve sahte pasaport satma konusunda bir itibar\u0131m\u0131z var. Fiyatlar\u0131m\u0131za gelince, fiyatlar\u0131m\u0131z\u0131 d\u00fc\u015f\u00fck tuttu\u011fumuzdan emin oluyoruz. Dahas\u0131, herkesin maddi durumunun iyi olmad\u0131\u011f\u0131n\u0131n fark\u0131nday\u0131z. S\u0131rf bu nedenle fiyatlar\u0131m\u0131z\u0131 \u00e7ok ucuz tutuyoruz. Neden mi? Sadece ma\u011fazam\u0131zdaki bir pasaportu herkesin alabilmesini ve hayallerindeki \u00fclkeye ula\u015fabilmesini istiyoruz.<\/p>","protected":false},"featured_media":475,"comment_status":"closed","ping_status":"closed","template":"","meta":{"site-sidebar-layout":"default","site-content-layout":"","ast-site-content-layout":"default","site-content-style":"default","site-sidebar-style":"default","ast-global-header-display":"","ast-banner-title-visibility":"","ast-main-header-display":"","ast-hfb-above-header-display":"","ast-hfb-below-header-display":"","ast-hfb-mobile-header-display":"","site-post-title":"","ast-breadcrumbs-content":"","ast-featured-img":"","footer-sml-layout":"","theme-transparent-header-meta":"default","adv-header-id-meta":"","stick-header-meta":"","header-above-stick-meta":"","header-main-stick-meta":"","header-below-stick-meta":"","astra-migrate-meta-layouts":"set","ast-page-background-enabled":"default","ast-page-background-meta":{"desktop":{"background-color":"var(--ast-global-color-4)","background-image":"","background-repeat":"repeat","background-position":"center center","background-size":"auto","background-attachment":"scroll","background-type":"","background-media":"","overlay-type":"","overlay-color":"","overlay-opacity":"","overlay-gradient":""},"tablet":{"background-color":"","background-image":"","background-repeat":"repeat","background-position":"center center","background-size":"auto","background-attachment":"scroll","background-type":"","background-media":"","overlay-type":"","overlay-color":"","overlay-opacity":"","overlay-gradient":""},"mobile":{"background-color":"","background-image":"","background-repeat":"repeat","background-position":"center center","background-size":"auto","background-attachment":"scroll","background-type":"","background-media":"","overlay-type":"","overlay-color":"","overlay-opacity":"","overlay-gradient":""}},"ast-content-background-meta":{"desktop":{"background-color":"var(--ast-global-color-5)","background-image":"","background-repeat":"repeat","background-position":"center center","background-size":"auto","background-attachment":"scroll","background-type":"","background-media":"","overlay-type":"","overlay-color":"","overlay-opacity":"","overlay-gradient":""},"tablet":{"background-color":"var(--ast-global-color-5)","background-image":"","background-repeat":"repeat","background-position":"center center","background-size":"auto","background-attachment":"scroll","background-type":"","background-media":"","overlay-type":"","overlay-color":"","overlay-opacity":"","overlay-gradient":""},"mobile":{"background-color":"var(--ast-global-color-5)","background-image":"","background-repeat":"repeat","background-position":"center center","background-size":"auto","background-attachment":"scroll","background-type":"","background-media":"","overlay-type":"","overlay-color":"","overlay-opacity":"","overlay-gradient":""}}},"product_brand":[],"product_cat":[30],"product_tag":[],"class_list":{"0":"post-406","1":"product","2":"type-product","3":"status-publish","4":"has-post-thumbnail","6":"product_cat-passport","7":"desktop-align-left","8":"tablet-align-left","9":"mobile-align-left","11":"first","12":"instock","13":"purchasable","14":"product-type-simple"},"yoast_head":"<!-- This site is optimized with the Yoast SEO plugin v26.5 - https:\/\/yoast.com\/wordpress\/plugins\/seo\/ -->\n<title>Canadian Passport Online | Glob Documents<\/title>\n<meta name=\"description\" content=\"Buy Canadian Passport online at globdocuments.com with safe and fast worldwide delivery at the best price. Check the best deals on fake documents!\" \/>\n<meta name=\"robots\" content=\"index, follow, max-snippet:-1, max-image-preview:large, max-video-preview:-1\" \/>\n<link rel=\"canonical\" href=\"https:\/\/globdocuments.com\/tr\/urun\/canadian-passport\/\" \/>\n<meta property=\"og:locale\" content=\"tr_TR\" \/>\n<meta property=\"og:type\" content=\"article\" \/>\n<meta property=\"og:title\" content=\"Canadian Passport Online | Glob Documents\" \/>\n<meta property=\"og:description\" content=\"Buy Canadian Passport online at globdocuments.com with safe and fast worldwide delivery at the best price. Check the best deals on fake documents!\" \/>\n<meta property=\"og:url\" content=\"https:\/\/globdocuments.com\/tr\/urun\/canadian-passport\/\" \/>\n<meta property=\"article:modified_time\" content=\"2024-07-04T13:22:23+00:00\" \/>\n<meta property=\"og:image\" content=\"https:\/\/globdocuments.com\/wp-content\/uploads\/2022\/11\/canada-passport.png\" \/>\n\t<meta property=\"og:image:width\" content=\"450\" \/>\n\t<meta property=\"og:image:height\" content=\"450\" \/>\n\t<meta property=\"og:image:type\" content=\"image\/png\" \/>\n<meta name=\"twitter:card\" content=\"summary_large_image\" \/>\n<meta name=\"twitter:label1\" content=\"Tahmini okuma s\u00fcresi\" \/>\n\t<meta name=\"twitter:data1\" content=\"3 dakika\" \/>\n<script type=\"application\/ld+json\" class=\"yoast-schema-graph\">{\"@context\":\"https:\/\/schema.org\",\"@graph\":[{\"@type\":\"WebPage\",\"@id\":\"https:\/\/globdocuments.com\/product\/canadian-passport\/\",\"url\":\"https:\/\/globdocuments.com\/product\/canadian-passport\/\",\"name\":\"Canadian Passport Online | Glob Documents\",\"isPartOf\":{\"@id\":\"https:\/\/globdocuments.com\/#website\"},\"primaryImageOfPage\":{\"@id\":\"https:\/\/globdocuments.com\/product\/canadian-passport\/#primaryimage\"},\"image\":{\"@id\":\"https:\/\/globdocuments.com\/product\/canadian-passport\/#primaryimage\"},\"thumbnailUrl\":\"https:\/\/globdocuments.com\/wp-content\/uploads\/2022\/11\/canada-passport.png\",\"datePublished\":\"2022-11-03T07:17:53+00:00\",\"dateModified\":\"2024-07-04T13:22:23+00:00\",\"description\":\"Buy Canadian Passport online at globdocuments.com with safe and fast worldwide delivery at the best price. Check the best deals on fake documents!\",\"breadcrumb\":{\"@id\":\"https:\/\/globdocuments.com\/product\/canadian-passport\/#breadcrumb\"},\"inLanguage\":\"tr\",\"potentialAction\":[{\"@type\":\"ReadAction\",\"target\":[\"https:\/\/globdocuments.com\/product\/canadian-passport\/\"]}]},{\"@type\":\"ImageObject\",\"inLanguage\":\"tr\",\"@id\":\"https:\/\/globdocuments.com\/product\/canadian-passport\/#primaryimage\",\"url\":\"https:\/\/globdocuments.com\/wp-content\/uploads\/2022\/11\/canada-passport.png\",\"contentUrl\":\"https:\/\/globdocuments.com\/wp-content\/uploads\/2022\/11\/canada-passport.png\",\"width\":450,\"height\":450,\"caption\":\"Canadian Passport\"},{\"@type\":\"BreadcrumbList\",\"@id\":\"https:\/\/globdocuments.com\/product\/canadian-passport\/#breadcrumb\",\"itemListElement\":[{\"@type\":\"ListItem\",\"position\":1,\"name\":\"Shop\",\"item\":\"https:\/\/globdocuments.com\/shop\/\"},{\"@type\":\"ListItem\",\"position\":2,\"name\":\"Canadian Passport\"}]},{\"@type\":\"WebSite\",\"@id\":\"https:\/\/globdocuments.com\/#website\",\"url\":\"https:\/\/globdocuments.com\/\",\"name\":\"\",\"description\":\"Buy real fake documents online\",\"potentialAction\":[{\"@type\":\"SearchAction\",\"target\":{\"@type\":\"EntryPoint\",\"urlTemplate\":\"https:\/\/globdocuments.com\/?s={search_term_string}\"},\"query-input\":{\"@type\":\"PropertyValueSpecification\",\"valueRequired\":true,\"valueName\":\"search_term_string\"}}],\"inLanguage\":\"tr\"}]}<\/script>\n<!-- \/ Yoast SEO plugin. -->","yoast_head_json":{"title":"\u00c7evrimi\u00e7i Kanada Pasaportu | Glob Documents","description":"globdocuments.com adresinden g\u00fcvenli ve h\u0131zl\u0131 d\u00fcnya \u00e7ap\u0131nda teslimatla en iyi fiyata \u00e7evrimi\u00e7i Kanada Pasaportu sat\u0131n al\u0131n.","robots":{"index":"index","follow":"follow","max-snippet":"max-snippet:-1","max-image-preview":"max-image-preview:large","max-video-preview":"max-video-preview:-1"},"canonical":"https:\/\/globdocuments.com\/tr\/urun\/canadian-passport\/","og_locale":"tr_TR","og_type":"article","og_title":"Canadian Passport Online | Glob Documents","og_description":"Buy Canadian Passport online at globdocuments.com with safe and fast worldwide delivery at the best price. Check the best deals on fake documents!","og_url":"https:\/\/globdocuments.com\/tr\/urun\/canadian-passport\/","article_modified_time":"2024-07-04T13:22:23+00:00","og_image":[{"width":450,"height":450,"url":"https:\/\/globdocuments.com\/wp-content\/uploads\/2022\/11\/canada-passport.png","type":"image\/png"}],"twitter_card":"summary_large_image","twitter_misc":{"Tahmini okuma s\u00fcresi":"3 dakika"},"schema":{"@context":"https:\/\/schema.org","@graph":[{"@type":"WebPage","@id":"https:\/\/globdocuments.com\/product\/canadian-passport\/","url":"https:\/\/globdocuments.com\/product\/canadian-passport\/","name":"\u00c7evrimi\u00e7i Kanada Pasaportu | Glob Documents","isPartOf":{"@id":"https:\/\/globdocuments.com\/#website"},"primaryImageOfPage":{"@id":"https:\/\/globdocuments.com\/product\/canadian-passport\/#primaryimage"},"image":{"@id":"https:\/\/globdocuments.com\/product\/canadian-passport\/#primaryimage"},"thumbnailUrl":"https:\/\/globdocuments.com\/wp-content\/uploads\/2022\/11\/canada-passport.png","datePublished":"2022-11-03T07:17:53+00:00","dateModified":"2024-07-04T13:22:23+00:00","description":"globdocuments.com adresinden g\u00fcvenli ve h\u0131zl\u0131 d\u00fcnya \u00e7ap\u0131nda teslimatla en iyi fiyata \u00e7evrimi\u00e7i Kanada Pasaportu sat\u0131n al\u0131n.","breadcrumb":{"@id":"https:\/\/globdocuments.com\/product\/canadian-passport\/#breadcrumb"},"inLanguage":"tr","potentialAction":[{"@type":"ReadAction","target":["https:\/\/globdocuments.com\/product\/canadian-passport\/"]}]},{"@type":"ImageObject","inLanguage":"tr","@id":"https:\/\/globdocuments.com\/product\/canadian-passport\/#primaryimage","url":"https:\/\/globdocuments.com\/wp-content\/uploads\/2022\/11\/canada-passport.png","contentUrl":"https:\/\/globdocuments.com\/wp-content\/uploads\/2022\/11\/canada-passport.png","width":450,"height":450,"caption":"Canadian Passport"},{"@type":"BreadcrumbList","@id":"https:\/\/globdocuments.com\/product\/canadian-passport\/#breadcrumb","itemListElement":[{"@type":"ListItem","position":1,"name":"Shop","item":"https:\/\/globdocuments.com\/shop\/"},{"@type":"ListItem","position":2,"name":"Canadian Passport"}]},{"@type":"WebSite","@id":"https:\/\/globdocuments.com\/#website","url":"https:\/\/globdocuments.com\/","name":"","description":"Online ger\u00e7ek sahte belgeler sat\u0131n al","potentialAction":[{"@type":"SearchAction","target":{"@type":"EntryPoint","urlTemplate":"https:\/\/globdocuments.com\/?s={search_term_string}"},"query-input":{"@type":"PropertyValueSpecification","valueRequired":true,"valueName":"search_term_string"}}],"inLanguage":"tr"}]}},"_links":{"self":[{"href":"https:\/\/globdocuments.com\/tr\/wp-json\/wp\/v2\/product\/406","targetHints":{"allow":["GET"]}}],"collection":[{"href":"https:\/\/globdocuments.com\/tr\/wp-json\/wp\/v2\/product"}],"about":[{"href":"https:\/\/globdocuments.com\/tr\/wp-json\/wp\/v2\/types\/product"}],"replies":[{"embeddable":true,"href":"https:\/\/globdocuments.com\/tr\/wp-json\/wp\/v2\/comments?post=406"}],"wp:featuredmedia":[{"embeddable":true,"href":"https:\/\/globdocuments.com\/tr\/wp-json\/wp\/v2\/media\/475"}],"wp:attachment":[{"href":"https:\/\/globdocuments.com\/tr\/wp-json\/wp\/v2\/media?parent=406"}],"wp:term":[{"taxonomy":"product_brand","embeddable":true,"href":"https:\/\/globdocuments.com\/tr\/wp-json\/wp\/v2\/product_brand?post=406"},{"taxonomy":"product_cat","embeddable":true,"href":"https:\/\/globdocuments.com\/tr\/wp-json\/wp\/v2\/product_cat?post=406"},{"taxonomy":"product_tag","embeddable":true,"href":"https:\/\/globdocuments.com\/tr\/wp-json\/wp\/v2\/product_tag?post=406"}],"curies":[{"name":"wp","href":"https:\/\/api.w.org\/{rel}","templated":true}]}}