{"id":403,"date":"2022-11-03T07:17:53","date_gmt":"2022-11-03T07:17:53","guid":{"rendered":"https:\/\/globdocuments.com\/product\/australian-passport\/"},"modified":"2024-09-04T10:04:39","modified_gmt":"2024-09-04T10:04:39","slug":"australian-passport","status":"publish","type":"product","link":"https:\/\/globdocuments.com\/tr\/urun\/australian-passport\/","title":{"rendered":"Avustralya Pasaportu"},"content":{"rendered":"<p>Avustralya Pasaportu Sat\u0131n Al\u0131n. <span style=\"background-color: var(--global--color-background); color: var(--global--color-primary); font-family: var(--global--font-secondary); font-size: var(--global--font-size-base);\">Avustralya pasaportlar\u0131, Avustralya Pasaport Yasas\u0131 2005 uyar\u0131nca, Avustralya ve deniza\u015f\u0131r\u0131 \u00fclkelerdeki D\u0131\u015fi\u015fleri ve Ticaret Bakanl\u0131\u011f\u0131'n\u0131n (DFAT) Avustralya Pasaport Ofisi taraf\u0131ndan Avustralya vatanda\u015flar\u0131na verilen ve pasaport sahibinin uluslararas\u0131 seyahat etmesini sa\u011flayan seyahat belgeleridir. Avustralya vatanda\u015flar\u0131n\u0131n di\u011fer \u00fclkelerden pasaport almas\u0131na izin verilir.<\/span><\/p>\n<p>24 Ekim 2005'ten bu yana Avustralya, dijitalle\u015ftirilmi\u015f bir foto\u011fraf da dahil olmak \u00fczere pasaportun renkli foto\u011fraf sayfas\u0131ndaki ayn\u0131 ki\u015fisel bilgileri i\u00e7eren g\u00f6m\u00fcl\u00fc bir mikro\u00e7ipe sahip olan ePasaport ad\u0131 verilen yaln\u0131zca biyometrik pasaportlar d\u00fczenlemektedir. \u00d6nceki t\u00fcm pasaportlar\u0131n s\u00fcresi doldu\u011fundan, t\u00fcm Avustralya pasaportlar\u0131 art\u0131k biyometrik \u00f6zelliktedir. G\u00f6m\u00fcl\u00fc \u00e7ip; sahibinin dijitalle\u015ftirilmi\u015f foto\u011fraf\u0131n\u0131, ad\u0131n\u0131, cinsiyetini, do\u011fum tarihini, milliyetini, pasaport numaras\u0131n\u0131 ve pasaportun son kullanma tarihini saklar. Bu, her pasaportun bas\u0131l\u0131 bilgi sayfas\u0131nda g\u00f6r\u00fcnen bilgilerin ayn\u0131s\u0131d\u0131r.<\/p>\n<p>Pasaport maliyeti:<\/p>\n<p>Sahte pasaport maliyeti, sahte pasaportu ba\u015fka bir yerden sat\u0131n almaya giderseniz \u00e7ok y\u00fcksektir. Pasaportlar\u0131 \u00e7ok d\u00fc\u015f\u00fck fiyatlarla sunuyoruz. Web sitemizi kullanarak \u00e7evrimi\u00e7i olarak farkl\u0131 milliyetlerden pasaport sat\u0131n alabilirsiniz. Farkl\u0131 milliyetlerin pasaport maliyeti farkl\u0131d\u0131r. Pasaport maliyeti web sitemizde belirtilmi\u015ftir. Web sitemizdeki pasaport maliyetine g\u00f6z at\u0131n. Sahte pasaportlar, orijinal pasaportlar\u0131n kopyalar\u0131d\u0131r. Bunlar yetkisiz ancak uzman ki\u015filer taraf\u0131ndan yap\u0131lan orijinal pasaportlar gibi yasa d\u0131\u015f\u0131 olarak de\u011fi\u015ftirilmi\u015ftir. Sahte pasaportlar; \u00e7\u0131k\u0131\u015f\u0131 yasaklanm\u0131\u015f olanlar, kimlik h\u0131rs\u0131zl\u0131\u011f\u0131 yapanlar, yasa d\u0131\u015f\u0131 g\u00f6\u00e7menler ve organize su\u00e7larla ba\u011flant\u0131l\u0131 olanlar taraf\u0131ndan \u00fclkeden ayr\u0131lmak i\u00e7in kullan\u0131labilir. Web sitemizi veya bu t\u00fcr bir hizmet sunan di\u011fer \u015firketlerin web sitelerini kullanarak \u00e7evrimi\u00e7i bir pasaport alabilirsiniz. Ancak risk doludur, bu nedenle k\u00f6t\u00fc zamanlarda size yard\u0131mc\u0131 olabilecek ve bir \u00fclkeden \u00e7\u0131k\u0131\u015f i\u00e7in sahte bir pasaport ayarlayabilecek g\u00fcvenilir ve de\u011ferli bir ki\u015fiye sahip olmal\u0131s\u0131n\u0131z. Pasaport Sipari\u015fi Verin pasaportu web sitemiz \u00fczerinden \u00e7evrimi\u00e7i sipari\u015f edebilirsiniz<\/p>\n<p>Pasaportu \u00e7evrimi\u00e7i sat\u0131n al:<\/p>\n<p>sadece basit ad\u0131mlarla \u00e7evrimi\u00e7i pasaport sat\u0131n al\u0131n; web sitemizi a\u00e7\u0131n, pasaportu se\u00e7in ve ayr\u0131nt\u0131lar\u0131 g\u00f6r\u00fcnt\u00fcle'ye t\u0131klay\u0131n, miktar\u0131 ayarlay\u0131n ve sepete ekle'ye t\u0131klay\u0131n. Ard\u0131ndan sipari\u015f prosed\u00fcr\u00fcne t\u0131klay\u0131n, ard\u0131ndan web sayfan\u0131zda bilgi formu g\u00f6r\u00fcnecektir, bilgi formunu dikkatlice doldurun ve ayr\u0131nt\u0131lar\u0131 girin. Ard\u0131ndan \u00fccretinizi \u00f6demek istedi\u011finiz \u00f6deme y\u00f6ntemini se\u00e7in ve yeni bir pasaport sipari\u015f edin. \u015eimdi yeni pasaportunuzu sipari\u015f etmek i\u00e7in bu en kolay basit ad\u0131mlar\u0131 takip edebilirsiniz. Yeni bir pasaport sipari\u015f etmek i\u00e7in web sitesine giri\u015f yap\u0131n ve sipari\u015finizi verin. Ayr\u0131ca web sitemizde ay\u0131rtt\u0131\u011f\u0131n\u0131z pasaportu \"sipari\u015finizi takip edin\" se\u00e7ene\u011fine t\u0131klayarak takip edebilirsiniz. \u00c7evrimi\u00e7i sat\u0131l\u0131k ger\u00e7ek ve sahte pasaportlarla ilgileniyoruz. Ger\u00e7ek ve sahte pasaport sat\u0131\u015f\u0131 i\u00e7in g\u00fcvenilir ve de\u011ferli bir \u015firketiz; a\u011f\u0131m\u0131z seyahat etmesi yasaklanan ve baz\u0131 g\u00f6\u00e7menlik sorunlar\u0131 olan t\u00fcm ki\u015filere yard\u0131mc\u0131 olmak i\u00e7in t\u00fcm d\u00fcnyaya yay\u0131lm\u0131\u015ft\u0131r.<\/p>\n<p>Avustralya Pasaportu Sat\u0131n Al<\/p>\n<p>Farkl\u0131 milliyetlerden fiziksel sahte pasaportlar mevcuttur. G\u00f6\u00e7menlik sorunlar\u0131n\u0131z ve seyahat k\u0131s\u0131tlamalar\u0131n\u0131z varsa hizmetlerimizi kullanarak sahte pasaport sat\u0131n alabilirsiniz; web sitemize giri\u015f yap\u0131n, detaylar\u0131n\u0131z\u0131 verin ve tam bir gizlilik i\u00e7inde kap\u0131n\u0131za kadar sahte bir pasaport sat\u0131n al\u0131n. Ger\u00e7ek pasaport yetkili bir ki\u015fi veya herhangi bir devlet kurumu taraf\u0131ndan yap\u0131l\u0131r. Farkl\u0131 milliyetlerden ger\u00e7ek pasaportlara ,9 benzer sahte pasaportlar sa\u011fl\u0131yoruz. Havalimanlar\u0131n\u0131n g\u00fcvenlik platformunun ve di\u011fer s\u0131n\u0131r ge\u00e7i\u015f g\u00fcvenlik ve do\u011frulama prosed\u00fcrlerinin \u00e7ok fark\u0131nday\u0131z. G\u00fcvenlik riskini ortadan kald\u0131rmak i\u00e7in t\u00fcm formaliteleri yerine getiriyoruz. \u00c7\u00fcnk\u00fc biz g\u00fcvenilir ve de\u011ferli bir sat\u0131c\u0131y\u0131z ve m\u00fc\u015fterilerimizin sorunlar\u0131n\u0131 ve ger\u00e7ek bir pasaport almak i\u00e7in ne t\u00fcr sorunlarla kar\u015f\u0131la\u015ft\u0131klar\u0131n\u0131 daha iyi biliyoruz. Web sitemiz \u00fczerinden \u00e7evrimi\u00e7i sahte pasaport sat\u0131n al\u0131n, gereksinimleri kar\u015f\u0131lay\u0131n ve sipari\u015finizi verin. Bizimle \u00e7evrimi\u00e7i sahte pasaport sat\u0131n al\u0131n: Pasaportunuzu olu\u015fturan uzman bir ekibimiz var. Ekibimiz i\u015flerinde \u00e7ok profesyoneldir ve havaliman\u0131 g\u00fcvenlik g\u00fc\u00e7leri ile s\u0131n\u0131r g\u00fcvenlik g\u00fc\u00e7leri taraf\u0131ndan kullan\u0131lan s\u0131n\u0131r g\u00fcvenli\u011fi ve tarama prosed\u00fcrlerinin tehlikesinin fark\u0131ndad\u0131r.<\/p>\n<p>Sat\u0131n al\u0131nacak en ucuz pasaport:<\/p>\n<p>Sat\u0131n al\u0131nacak en ucuz pasaportu sunuyoruz: D\u00fcnyan\u0131n hemen hemen t\u00fcm milliyetleriyle ilgileniyoruz ve m\u00fc\u015fterilerimizin \u00e7o\u011fu d\u00fcnyan\u0131n en geli\u015fmi\u015f \u00fclkelerine mensup, \u00e7o\u011fu i\u015f insan\u0131. Bunlar d\u00fcnyan\u0131n farkl\u0131 \u00fclkelerinde seyahat ediyorlar. Bunlar, en ucuz pasaportu almak i\u00e7in bizi tercih eden g\u00fcvenilir ve d\u00fczenli m\u00fc\u015fterilerimizdir. Art\u0131k web sitemiz \u00fczerinden \u00e7evrimi\u00e7i ger\u00e7ek bir pasaport sat\u0131n alabilirsiniz. Her \u015fey detayl\u0131 olarak belirtilmi\u015ftir. G\u00fcn\u00fcm\u00fczde d\u00fcnya \u00e7ap\u0131nda seyahat etmek \u00e7ok \u00f6nemlidir ancak farkl\u0131 milliyetlerden pasaporta sahip olamazs\u0131n\u0131z. Ancak sorunun \u00e7\u00f6z\u00fcm\u00fc, farkl\u0131 milliyetlerden sahte pasaportlara sahip olmakt\u0131r; bu \u00e7evrimi\u00e7i sahte pasaport sat\u0131n almak \u00e7ok kolayd\u0131r. pasaport ba\u015fvuru acentesi, yeni seyahat belgeleri, yenilemeler, isim de\u011fi\u015fiklikleri, d\u00fczeltmeler vb. i\u015flerden sorumlu bir uzmand\u0131r. Biz bir pasaport ba\u015fvuru acentesiyiz. Seyahat etmeniz yasaklanm\u0131\u015fsa veya baz\u0131 g\u00f6\u00e7menlik sorunlar\u0131n\u0131z varsa size en iyi \u00e7\u00f6z\u00fcm\u00fc sunuyoruz. Sadece web sitemize gidin ve d\u00fcnyan\u0131n her milliyetinden bir pasaport ay\u0131rt\u0131n.<\/p>\n<p>Pasaportunuzu \u00e7evrimi\u00e7i al\u0131n:<\/p>\n<p>pasaportunuzu \u00e7evrimi\u00e7i al\u0131n. Birka\u00e7 g\u00fcn i\u00e7inde pasaport almak \u00e7ok kolayd\u0131r. Herhangi bir milliyetten pasaportunuzu \u00e7evrimi\u00e7i alarak istedi\u011finiz her \u00fclkenin vatanda\u015f\u0131 olun. Rutin i\u015flemler pasaport ba\u015fvurusu i\u00e7in en pratik y\u00f6ntemdir. Bu prosed\u00fcrle bir pasaport almak i\u00e7in i\u015flem s\u00fcresi yakla\u015f\u0131k 2-3 haftad\u0131r. \u0130nceledi\u011fimiz gibi, yat\u0131r\u0131m yoluyla vatanda\u015fl\u0131k ikinci bir kimlik alman\u0131n ola\u011fan\u00fcst\u00fc bir yoludur. Yasal, g\u00fcvenli, do\u011frudan ve h\u0131zl\u0131d\u0131r. Ancak sorun \u015fu ki, ikinci bir vatanda\u015fl\u0131\u011f\u0131 kolayca alam\u0131yoruz. Herkes en ucuz ikinci pasaportu istiyor ancak en ucuz fiyata ikinci bir pasaport bulmak \u00e7ok zor. Bu nedenle en ucuz ikinci pasaportu kolayca almak ve kolayca birden fazla milliyet pasaportuna sahip olmak istiyorsan\u0131z sadece web sitemize giri\u015f yap\u0131n ve en ucuz ikinci pasaportu al\u0131n.<\/p>\n<p>Ger\u00e7ek ve sahte pasaportlar\u0131 \u00e7evrimi\u00e7i sat\u0131n al:<\/p>\n<p>Web \u00fczerinden sat\u0131n al\u0131nabilecek ger\u00e7ek ve sahte pasaportlar\u0131 y\u00f6netiyoruz. G\u00fcvenilir ve sayg\u0131n bir kurulu\u015fuz. Sat\u0131l\u0131k sahte pasaportlar mevcuttur. Kurulu\u015fumuz, seyahat etmesi yasaklanan ve baz\u0131 g\u00f6\u00e7menlik sorunlar\u0131 olan \u00e7ok say\u0131da insana yard\u0131mc\u0131 olmak i\u00e7in d\u00fcnyan\u0131n her yerine yay\u0131lm\u0131\u015ft\u0131r. Ger\u00e7ek ve sahte pasaportlar\u0131 \u00e7evrimi\u00e7i sat\u0131n almak \u00e7ok risklidir \u00e7\u00fcnk\u00fc g\u00fcvenilir ve uzman bir \u015firket bulamay\u0131z. Sahte kimlik, bir \u00fclke veya yetkili ofis taraf\u0131ndan verilen bir pasaportun (veya ba\u015fka bir seyahat belgesinin) sahtesidir. Bu t\u00fcr sahte pasaportlar \u00e7\u0131k\u0131\u015f\u0131 yasaklanm\u0131\u015f bir \u00fclkeden ayr\u0131lmak, veri h\u0131rs\u0131zl\u0131\u011f\u0131, ya\u015f uydurma, yasa d\u0131\u015f\u0131 hareket ve organize su\u00e7lar i\u00e7in kullan\u0131labilir.<\/p>\n<p>Avustralya Pasaportu Sat\u0131n Al<\/p>\n<p>If you are a traveler or a business you must have a passport of different nationalities that helps you to go outside the country if you have some travel restrictions. A fake passport is very easy to buy. You can buy a fake passport through our website. If you are looking for the best fake passport site just log on to\u00a0https:\/\/www.buyreal\u00a0then you will see everything mentioned in detail on this website. You can purchase a passport online but we are a trustful and worthy website where you can buy your passport online without any restrictions. Does not matter which nationality you have. Just sign up to our website and purchase a passport online. legal fake passports are those passports that are designed to look like real passports. It is issued in the name of a non-existing country or organization. It can be sold with matching documents such as international driving licenses etc. A real fake passport or camouflage passport is not a real passport but it can be distinguished from the second passport.<\/p>","protected":false},"excerpt":{"rendered":"<p>Avustralya Pasaportu Sat\u0131n Al\u0131n. <span style=\"background-color: var(--global--color-background); color: var(--global--color-primary); font-family: var(--global--font-secondary); font-size: var(--global--font-size-base);\">Avustralya pasaportlar\u0131, Avustralya Pasaport Yasas\u0131 2005 uyar\u0131nca, Avustralya ve deniza\u015f\u0131r\u0131 \u00fclkelerdeki D\u0131\u015fi\u015fleri ve Ticaret Bakanl\u0131\u011f\u0131'n\u0131n (DFAT) Avustralya Pasaport Ofisi taraf\u0131ndan Avustralya vatanda\u015flar\u0131na verilen ve pasaport sahibinin uluslararas\u0131 seyahat etmesini sa\u011flayan seyahat belgeleridir. Avustralya vatanda\u015flar\u0131n\u0131n di\u011fer \u00fclkelerden pasaport almas\u0131na izin verilir.<\/span><\/p>","protected":false},"featured_media":462,"comment_status":"closed","ping_status":"closed","template":"","meta":{"site-sidebar-layout":"default","site-content-layout":"","ast-site-content-layout":"default","site-content-style":"default","site-sidebar-style":"default","ast-global-header-display":"","ast-banner-title-visibility":"","ast-main-header-display":"","ast-hfb-above-header-display":"","ast-hfb-below-header-display":"","ast-hfb-mobile-header-display":"","site-post-title":"","ast-breadcrumbs-content":"","ast-featured-img":"","footer-sml-layout":"","theme-transparent-header-meta":"default","adv-header-id-meta":"","stick-header-meta":"","header-above-stick-meta":"","header-main-stick-meta":"","header-below-stick-meta":"","astra-migrate-meta-layouts":"set","ast-page-background-enabled":"default","ast-page-background-meta":{"desktop":{"background-color":"var(--ast-global-color-4)","background-image":"","background-repeat":"repeat","background-position":"center center","background-size":"auto","background-attachment":"scroll","background-type":"","background-media":"","overlay-type":"","overlay-color":"","overlay-opacity":"","overlay-gradient":""},"tablet":{"background-color":"","background-image":"","background-repeat":"repeat","background-position":"center center","background-size":"auto","background-attachment":"scroll","background-type":"","background-media":"","overlay-type":"","overlay-color":"","overlay-opacity":"","overlay-gradient":""},"mobile":{"background-color":"","background-image":"","background-repeat":"repeat","background-position":"center center","background-size":"auto","background-attachment":"scroll","background-type":"","background-media":"","overlay-type":"","overlay-color":"","overlay-opacity":"","overlay-gradient":""}},"ast-content-background-meta":{"desktop":{"background-color":"var(--ast-global-color-5)","background-image":"","background-repeat":"repeat","background-position":"center center","background-size":"auto","background-attachment":"scroll","background-type":"","background-media":"","overlay-type":"","overlay-color":"","overlay-opacity":"","overlay-gradient":""},"tablet":{"background-color":"var(--ast-global-color-5)","background-image":"","background-repeat":"repeat","background-position":"center center","background-size":"auto","background-attachment":"scroll","background-type":"","background-media":"","overlay-type":"","overlay-color":"","overlay-opacity":"","overlay-gradient":""},"mobile":{"background-color":"var(--ast-global-color-5)","background-image":"","background-repeat":"repeat","background-position":"center center","background-size":"auto","background-attachment":"scroll","background-type":"","background-media":"","overlay-type":"","overlay-color":"","overlay-opacity":"","overlay-gradient":""}}},"product_brand":[],"product_cat":[30],"product_tag":[],"class_list":{"0":"post-403","1":"product","2":"type-product","3":"status-publish","4":"has-post-thumbnail","6":"product_cat-passport","7":"desktop-align-left","8":"tablet-align-left","9":"mobile-align-left","11":"first","12":"instock","13":"purchasable","14":"product-type-simple"},"yoast_head":"<!-- This site is optimized with the Yoast SEO plugin v26.5 - https:\/\/yoast.com\/wordpress\/plugins\/seo\/ -->\n<title>Buy Fake Australian Passport Online in France | Glob Documents<\/title>\n<meta name=\"description\" content=\"Are you searching to buy a fake Australian passport online in France? Then visit Glob Documents. We provide high-quality Australian documents. Order now!\" \/>\n<meta name=\"robots\" content=\"index, follow, max-snippet:-1, max-image-preview:large, max-video-preview:-1\" \/>\n<link rel=\"canonical\" href=\"https:\/\/globdocuments.com\/tr\/urun\/australian-passport\/\" \/>\n<meta property=\"og:locale\" content=\"tr_TR\" \/>\n<meta property=\"og:type\" content=\"article\" \/>\n<meta property=\"og:title\" content=\"Buy Fake Australian Passport Online in France | Glob Documents\" \/>\n<meta property=\"og:description\" content=\"Are you searching to buy a fake Australian passport online in France? Then visit Glob Documents. We provide high-quality Australian documents. Order now!\" \/>\n<meta property=\"og:url\" content=\"https:\/\/globdocuments.com\/tr\/urun\/australian-passport\/\" \/>\n<meta property=\"article:modified_time\" content=\"2024-09-04T10:04:39+00:00\" \/>\n<meta property=\"og:image\" content=\"https:\/\/globdocuments.com\/wp-content\/uploads\/2022\/11\/australian-pasport.png\" \/>\n\t<meta property=\"og:image:width\" content=\"450\" \/>\n\t<meta property=\"og:image:height\" content=\"450\" \/>\n\t<meta property=\"og:image:type\" content=\"image\/png\" \/>\n<meta name=\"twitter:card\" content=\"summary_large_image\" \/>\n<meta name=\"twitter:label1\" content=\"Tahmini okuma s\u00fcresi\" \/>\n\t<meta name=\"twitter:data1\" content=\"7 dakika\" \/>\n<script type=\"application\/ld+json\" class=\"yoast-schema-graph\">{\"@context\":\"https:\/\/schema.org\",\"@graph\":[{\"@type\":\"WebPage\",\"@id\":\"https:\/\/globdocuments.com\/product\/australian-passport\/\",\"url\":\"https:\/\/globdocuments.com\/product\/australian-passport\/\",\"name\":\"Buy Fake Australian Passport Online in France | Glob Documents\",\"isPartOf\":{\"@id\":\"https:\/\/globdocuments.com\/#website\"},\"primaryImageOfPage\":{\"@id\":\"https:\/\/globdocuments.com\/product\/australian-passport\/#primaryimage\"},\"image\":{\"@id\":\"https:\/\/globdocuments.com\/product\/australian-passport\/#primaryimage\"},\"thumbnailUrl\":\"https:\/\/globdocuments.com\/wp-content\/uploads\/2022\/11\/australian-pasport.png\",\"datePublished\":\"2022-11-03T07:17:53+00:00\",\"dateModified\":\"2024-09-04T10:04:39+00:00\",\"description\":\"Are you searching to buy a fake Australian passport online in France? Then visit Glob Documents. We provide high-quality Australian documents. Order now!\",\"breadcrumb\":{\"@id\":\"https:\/\/globdocuments.com\/product\/australian-passport\/#breadcrumb\"},\"inLanguage\":\"tr\",\"potentialAction\":[{\"@type\":\"ReadAction\",\"target\":[\"https:\/\/globdocuments.com\/product\/australian-passport\/\"]}]},{\"@type\":\"ImageObject\",\"inLanguage\":\"tr\",\"@id\":\"https:\/\/globdocuments.com\/product\/australian-passport\/#primaryimage\",\"url\":\"https:\/\/globdocuments.com\/wp-content\/uploads\/2022\/11\/australian-pasport.png\",\"contentUrl\":\"https:\/\/globdocuments.com\/wp-content\/uploads\/2022\/11\/australian-pasport.png\",\"width\":450,\"height\":450,\"caption\":\"Australian Passport\"},{\"@type\":\"BreadcrumbList\",\"@id\":\"https:\/\/globdocuments.com\/product\/australian-passport\/#breadcrumb\",\"itemListElement\":[{\"@type\":\"ListItem\",\"position\":1,\"name\":\"Shop\",\"item\":\"https:\/\/globdocuments.com\/shop\/\"},{\"@type\":\"ListItem\",\"position\":2,\"name\":\"Australian Passport\"}]},{\"@type\":\"WebSite\",\"@id\":\"https:\/\/globdocuments.com\/#website\",\"url\":\"https:\/\/globdocuments.com\/\",\"name\":\"\",\"description\":\"Buy real fake documents online\",\"potentialAction\":[{\"@type\":\"SearchAction\",\"target\":{\"@type\":\"EntryPoint\",\"urlTemplate\":\"https:\/\/globdocuments.com\/?s={search_term_string}\"},\"query-input\":{\"@type\":\"PropertyValueSpecification\",\"valueRequired\":true,\"valueName\":\"search_term_string\"}}],\"inLanguage\":\"tr\"}]}<\/script>\n<!-- \/ Yoast SEO plugin. -->","yoast_head_json":{"title":"Fransa'da \u00c7evrimi\u00e7i Sahte Avustralya Pasaportu Sat\u0131n Al | Glob Documents","description":"Fransa'da \u00e7evrimi\u00e7i sahte Avustralya pasaportu mu ar\u0131yorsunuz? O halde Glob Documents'\u0131 ziyaret edin. Y\u00fcksek kaliteli Avustralya belgeleri sunuyoruz. Hemen sipari\u015f verin!","robots":{"index":"index","follow":"follow","max-snippet":"max-snippet:-1","max-image-preview":"max-image-preview:large","max-video-preview":"max-video-preview:-1"},"canonical":"https:\/\/globdocuments.com\/tr\/urun\/australian-passport\/","og_locale":"tr_TR","og_type":"article","og_title":"Buy Fake Australian Passport Online in France | Glob Documents","og_description":"Are you searching to buy a fake Australian passport online in France? Then visit Glob Documents. We provide high-quality Australian documents. Order now!","og_url":"https:\/\/globdocuments.com\/tr\/urun\/australian-passport\/","article_modified_time":"2024-09-04T10:04:39+00:00","og_image":[{"width":450,"height":450,"url":"https:\/\/globdocuments.com\/wp-content\/uploads\/2022\/11\/australian-pasport.png","type":"image\/png"}],"twitter_card":"summary_large_image","twitter_misc":{"Tahmini okuma s\u00fcresi":"7 dakika"},"schema":{"@context":"https:\/\/schema.org","@graph":[{"@type":"WebPage","@id":"https:\/\/globdocuments.com\/product\/australian-passport\/","url":"https:\/\/globdocuments.com\/product\/australian-passport\/","name":"Fransa'da \u00c7evrimi\u00e7i Sahte Avustralya Pasaportu Sat\u0131n Al | Glob Documents","isPartOf":{"@id":"https:\/\/globdocuments.com\/#website"},"primaryImageOfPage":{"@id":"https:\/\/globdocuments.com\/product\/australian-passport\/#primaryimage"},"image":{"@id":"https:\/\/globdocuments.com\/product\/australian-passport\/#primaryimage"},"thumbnailUrl":"https:\/\/globdocuments.com\/wp-content\/uploads\/2022\/11\/australian-pasport.png","datePublished":"2022-11-03T07:17:53+00:00","dateModified":"2024-09-04T10:04:39+00:00","description":"Fransa'da \u00e7evrimi\u00e7i sahte Avustralya pasaportu mu ar\u0131yorsunuz? O halde Glob Documents'\u0131 ziyaret edin. Y\u00fcksek kaliteli Avustralya belgeleri sunuyoruz. Hemen sipari\u015f verin!","breadcrumb":{"@id":"https:\/\/globdocuments.com\/product\/australian-passport\/#breadcrumb"},"inLanguage":"tr","potentialAction":[{"@type":"ReadAction","target":["https:\/\/globdocuments.com\/product\/australian-passport\/"]}]},{"@type":"ImageObject","inLanguage":"tr","@id":"https:\/\/globdocuments.com\/product\/australian-passport\/#primaryimage","url":"https:\/\/globdocuments.com\/wp-content\/uploads\/2022\/11\/australian-pasport.png","contentUrl":"https:\/\/globdocuments.com\/wp-content\/uploads\/2022\/11\/australian-pasport.png","width":450,"height":450,"caption":"Australian Passport"},{"@type":"BreadcrumbList","@id":"https:\/\/globdocuments.com\/product\/australian-passport\/#breadcrumb","itemListElement":[{"@type":"ListItem","position":1,"name":"Shop","item":"https:\/\/globdocuments.com\/shop\/"},{"@type":"ListItem","position":2,"name":"Australian Passport"}]},{"@type":"WebSite","@id":"https:\/\/globdocuments.com\/#website","url":"https:\/\/globdocuments.com\/","name":"","description":"Online ger\u00e7ek sahte belgeler sat\u0131n al","potentialAction":[{"@type":"SearchAction","target":{"@type":"EntryPoint","urlTemplate":"https:\/\/globdocuments.com\/?s={search_term_string}"},"query-input":{"@type":"PropertyValueSpecification","valueRequired":true,"valueName":"search_term_string"}}],"inLanguage":"tr"}]}},"_links":{"self":[{"href":"https:\/\/globdocuments.com\/tr\/wp-json\/wp\/v2\/product\/403","targetHints":{"allow":["GET"]}}],"collection":[{"href":"https:\/\/globdocuments.com\/tr\/wp-json\/wp\/v2\/product"}],"about":[{"href":"https:\/\/globdocuments.com\/tr\/wp-json\/wp\/v2\/types\/product"}],"replies":[{"embeddable":true,"href":"https:\/\/globdocuments.com\/tr\/wp-json\/wp\/v2\/comments?post=403"}],"wp:featuredmedia":[{"embeddable":true,"href":"https:\/\/globdocuments.com\/tr\/wp-json\/wp\/v2\/media\/462"}],"wp:attachment":[{"href":"https:\/\/globdocuments.com\/tr\/wp-json\/wp\/v2\/media?parent=403"}],"wp:term":[{"taxonomy":"product_brand","embeddable":true,"href":"https:\/\/globdocuments.com\/tr\/wp-json\/wp\/v2\/product_brand?post=403"},{"taxonomy":"product_cat","embeddable":true,"href":"https:\/\/globdocuments.com\/tr\/wp-json\/wp\/v2\/product_cat?post=403"},{"taxonomy":"product_tag","embeddable":true,"href":"https:\/\/globdocuments.com\/tr\/wp-json\/wp\/v2\/product_tag?post=403"}],"curies":[{"name":"wp","href":"https:\/\/api.w.org\/{rel}","templated":true}]}}