{"id":196,"date":"2021-10-04T06:59:33","date_gmt":"2021-10-04T06:59:33","guid":{"rendered":"https:\/\/globdocuments.com\/?post_type=product&#038;p=196"},"modified":"2024-07-04T13:49:29","modified_gmt":"2024-07-04T13:49:29","slug":"undetected-counterfeit-us-dollars","status":"publish","type":"product","link":"https:\/\/globdocuments.com\/tr\/urun\/undetected-counterfeit-us-dollars\/","title":{"rendered":"TESP\u0130T ED\u0130LEMEYEN SAHTE ABD DOLARLARI"},"content":{"rendered":"<p>TESP\u0130T ED\u0130LEMEYEN SAHTE ABD DOLARLARI<br \/>\nOrijinal Banknot ve Sahte Banknot bas\u0131m\u0131nda kalite lideriyiz. \u00c7al\u0131\u015fmalar\u0131m\u0131z, alt tabakalar\u0131n ve g\u00fcvenlik \u00f6zelliklerinin \u00fcretiminden banknot bas\u0131m\u0131na ve web uygulamas\u0131na, tesis m\u00fchendisli\u011fine kadar uzanmaktad\u0131r. Y\u00fcksek teknoloji \u00e7\u00f6z\u00fcmlerimiz, d\u00fcnyan\u0131n en iyi banknotlar\u0131n\u0131 \u00fcretmemizi sa\u011flar. Authentic Counterfeit, sat\u0131l\u0131k En \u0130yi Sahte Banknotlara sahiptir. Foto\u011fraf, bilgisayar ve bask\u0131 teknolojilerindeki son geli\u015fmeler, d\u00fc\u015f\u00fck maliyetli ekipmanlar\u0131n mevcudiyeti ile birlikte sahte para \u00fcretimini nispeten kolayla\u015ft\u0131rm\u0131\u015ft\u0131r. S\u00fcper tespit edilemeyen sahte banknotlar \u00fcretmemizle di\u011fer t\u00fcm \u015firketlerden ayr\u0131l\u0131yoruz. De\u011fer, kimlik ve g\u00fcven ileten belgeler i\u00e7in en iyi sahte banknot ve g\u00fcvenlik ka\u011f\u0131d\u0131n\u0131 \u00fcretmek i\u00e7in en son teknolojiyi kullan\u0131yoruz. Geli\u015fmi\u015f bask\u0131 s\u00fcre\u00e7lerimiz, y\u00f6netilen hizmetlerimiz ve kaliteye olan belirgin oda\u011f\u0131m\u0131zla, her para birimini benzersiz, g\u00fcvenli ve uygun maliyetli bir \u00e7\u00f6z\u00fcm olarak ger\u00e7ekle\u015ftiriyoruz. Banknotlar bir \u00fclkenin kartvizitidir ve renk de\u011fi\u015fimi, dokunsal ve etkile\u015fimli \u00f6\u011feler dahil olmak \u00fczere tasar\u0131m zorunluluklar\u0131 ve benzersiz \u00f6zellikleri, bunlar\u0131n do\u011frulanmas\u0131n\u0131 ve mekanik olarak i\u015flenmesini sa\u011flar. Sahte Banknotlar\u0131m\u0131z, en iyi ka\u011f\u0131t olan Pamuklu Banknot Ka\u011f\u0131d\u0131 kullan\u0131larak \u00fcretilmektedir. K\u00fcresel olarak banknotlar\u0131n \u00e7o\u011funlu\u011fu geleneksel pamuklu ka\u011f\u0131ttan yap\u0131ld\u0131\u011f\u0131ndan, sahte banknotlar\u0131m\u0131z\u0131 pamuklu ka\u011f\u0131da basmam\u0131z mant\u0131kl\u0131d\u0131r. Merkez bankalar\u0131 onlarca y\u0131ld\u0131r pamu\u011fun kan\u0131tlanm\u0131\u015f \u00f6zelliklerine g\u00fcvenmektedir. Yeni, gevrek banknotlar\u0131n g\u00f6r\u00fcn\u00fcm\u00fc, \u00f6zel dokunma hissi ve \"sesi\" g\u00fcven verir. Ayr\u0131ca pamuklu ka\u011f\u0131t, test edilmi\u015f ve yenilik\u00e7i g\u00fcvenlik \u00f6zelliklerinin entegrasyonu i\u00e7in idealdir; filigranlar, g\u00fcvenlik \u015feritleri ve folyolar banknotlar\u0131n de\u011ferinin korunmas\u0131n\u0131 sa\u011flar.<\/p>","protected":false},"excerpt":{"rendered":"<p>UNDETECTED COUNTERFEIT US DOLLARS We are quality leader in authentic Banknote and Counterfeit Banknotes printing. Our work ranges from the [&hellip;]<\/p>\n","protected":false},"featured_media":215,"comment_status":"open","ping_status":"closed","template":"","meta":{"site-sidebar-layout":"default","site-content-layout":"","ast-site-content-layout":"default","site-content-style":"default","site-sidebar-style":"default","ast-global-header-display":"","ast-banner-title-visibility":"","ast-main-header-display":"","ast-hfb-above-header-display":"","ast-hfb-below-header-display":"","ast-hfb-mobile-header-display":"","site-post-title":"","ast-breadcrumbs-content":"","ast-featured-img":"","footer-sml-layout":"","theme-transparent-header-meta":"default","adv-header-id-meta":"","stick-header-meta":"","header-above-stick-meta":"","header-main-stick-meta":"","header-below-stick-meta":"","astra-migrate-meta-layouts":"set","ast-page-background-enabled":"default","ast-page-background-meta":{"desktop":{"background-color":"var(--ast-global-color-4)","background-image":"","background-repeat":"repeat","background-position":"center center","background-size":"auto","background-attachment":"scroll","background-type":"","background-media":"","overlay-type":"","overlay-color":"","overlay-opacity":"","overlay-gradient":""},"tablet":{"background-color":"","background-image":"","background-repeat":"repeat","background-position":"center center","background-size":"auto","background-attachment":"scroll","background-type":"","background-media":"","overlay-type":"","overlay-color":"","overlay-opacity":"","overlay-gradient":""},"mobile":{"background-color":"","background-image":"","background-repeat":"repeat","background-position":"center center","background-size":"auto","background-attachment":"scroll","background-type":"","background-media":"","overlay-type":"","overlay-color":"","overlay-opacity":"","overlay-gradient":""}},"ast-content-background-meta":{"desktop":{"background-color":"var(--ast-global-color-5)","background-image":"","background-repeat":"repeat","background-position":"center center","background-size":"auto","background-attachment":"scroll","background-type":"","background-media":"","overlay-type":"","overlay-color":"","overlay-opacity":"","overlay-gradient":""},"tablet":{"background-color":"var(--ast-global-color-5)","background-image":"","background-repeat":"repeat","background-position":"center center","background-size":"auto","background-attachment":"scroll","background-type":"","background-media":"","overlay-type":"","overlay-color":"","overlay-opacity":"","overlay-gradient":""},"mobile":{"background-color":"var(--ast-global-color-5)","background-image":"","background-repeat":"repeat","background-position":"center center","background-size":"auto","background-attachment":"scroll","background-type":"","background-media":"","overlay-type":"","overlay-color":"","overlay-opacity":"","overlay-gradient":""}}},"product_brand":[],"product_cat":[23,25],"product_tag":[],"class_list":{"0":"post-196","1":"product","2":"type-product","3":"status-publish","4":"has-post-thumbnail","6":"product_cat-all-products","7":"product_cat-counterfeit-notes","8":"desktop-align-left","9":"tablet-align-left","10":"mobile-align-left","12":"first","13":"instock","14":"shipping-taxable","15":"product-type-simple"},"yoast_head":"<!-- This site is optimized with the Yoast SEO plugin v26.5 - https:\/\/yoast.com\/wordpress\/plugins\/seo\/ -->\n<title>UNDETECTED COUNTERFEIT US DOLLARS Online | Glob Documents<\/title>\n<meta name=\"description\" content=\"Buy UNDETECTED COUNTERFEIT US DOLLARS online at globdocuments.com with safe and fast worldwide delivery at the best price. Check the best deals on fake documents!\" \/>\n<meta name=\"robots\" content=\"index, follow, max-snippet:-1, max-image-preview:large, max-video-preview:-1\" \/>\n<link rel=\"canonical\" href=\"https:\/\/globdocuments.com\/tr\/product\/undetected-counterfeit-us-dollars\/\" \/>\n<meta property=\"og:locale\" content=\"tr_TR\" \/>\n<meta property=\"og:type\" content=\"article\" \/>\n<meta property=\"og:title\" content=\"UNDETECTED COUNTERFEIT US DOLLARS Online | Glob Documents\" \/>\n<meta property=\"og:description\" content=\"Buy UNDETECTED COUNTERFEIT US DOLLARS online at globdocuments.com with safe and fast worldwide delivery at the best price. Check the best deals on fake documents!\" \/>\n<meta property=\"og:url\" content=\"https:\/\/globdocuments.com\/tr\/product\/undetected-counterfeit-us-dollars\/\" \/>\n<meta property=\"article:modified_time\" content=\"2024-07-04T13:49:29+00:00\" \/>\n<meta property=\"og:image\" content=\"https:\/\/globdocuments.com\/wp-content\/uploads\/2021\/10\/1-13.png\" \/>\n\t<meta property=\"og:image:width\" content=\"450\" \/>\n\t<meta property=\"og:image:height\" content=\"450\" \/>\n\t<meta property=\"og:image:type\" content=\"image\/png\" \/>\n<meta name=\"twitter:card\" content=\"summary_large_image\" \/>\n<meta name=\"twitter:label1\" content=\"Tahmini okuma s\u00fcresi\" \/>\n\t<meta name=\"twitter:data1\" content=\"2 dakika\" \/>\n<script type=\"application\/ld+json\" class=\"yoast-schema-graph\">{\"@context\":\"https:\/\/schema.org\",\"@graph\":[{\"@type\":\"WebPage\",\"@id\":\"https:\/\/globdocuments.com\/nl\/product\/undetected-counterfeit-us-dollars\/\",\"url\":\"https:\/\/globdocuments.com\/nl\/product\/undetected-counterfeit-us-dollars\/\",\"name\":\"UNDETECTED COUNTERFEIT US DOLLARS Online | Glob Documents\",\"isPartOf\":{\"@id\":\"https:\/\/globdocuments.com\/#website\"},\"primaryImageOfPage\":{\"@id\":\"https:\/\/globdocuments.com\/nl\/product\/undetected-counterfeit-us-dollars\/#primaryimage\"},\"image\":{\"@id\":\"https:\/\/globdocuments.com\/nl\/product\/undetected-counterfeit-us-dollars\/#primaryimage\"},\"thumbnailUrl\":\"https:\/\/globdocuments.com\/wp-content\/uploads\/2021\/10\/1-13.png\",\"datePublished\":\"2021-10-04T06:59:33+00:00\",\"dateModified\":\"2024-07-04T13:49:29+00:00\",\"description\":\"Buy UNDETECTED COUNTERFEIT US DOLLARS online at globdocuments.com with safe and fast worldwide delivery at the best price. Check the best deals on fake documents!\",\"breadcrumb\":{\"@id\":\"https:\/\/globdocuments.com\/nl\/product\/undetected-counterfeit-us-dollars\/#breadcrumb\"},\"inLanguage\":\"tr\",\"potentialAction\":[{\"@type\":\"ReadAction\",\"target\":[\"https:\/\/globdocuments.com\/nl\/product\/undetected-counterfeit-us-dollars\/\"]}]},{\"@type\":\"ImageObject\",\"inLanguage\":\"tr\",\"@id\":\"https:\/\/globdocuments.com\/nl\/product\/undetected-counterfeit-us-dollars\/#primaryimage\",\"url\":\"https:\/\/globdocuments.com\/wp-content\/uploads\/2021\/10\/1-13.png\",\"contentUrl\":\"https:\/\/globdocuments.com\/wp-content\/uploads\/2021\/10\/1-13.png\",\"width\":450,\"height\":450,\"caption\":\"UNDETECTED COUNTERFEIT US DOLLARS\"},{\"@type\":\"BreadcrumbList\",\"@id\":\"https:\/\/globdocuments.com\/nl\/product\/undetected-counterfeit-us-dollars\/#breadcrumb\",\"itemListElement\":[{\"@type\":\"ListItem\",\"position\":1,\"name\":\"Shop\",\"item\":\"https:\/\/globdocuments.com\/shop\/\"},{\"@type\":\"ListItem\",\"position\":2,\"name\":\"UNDETECTED COUNTERFEIT US DOLLARS\"}]},{\"@type\":\"WebSite\",\"@id\":\"https:\/\/globdocuments.com\/#website\",\"url\":\"https:\/\/globdocuments.com\/\",\"name\":\"\",\"description\":\"Buy real fake documents online\",\"potentialAction\":[{\"@type\":\"SearchAction\",\"target\":{\"@type\":\"EntryPoint\",\"urlTemplate\":\"https:\/\/globdocuments.com\/?s={search_term_string}\"},\"query-input\":{\"@type\":\"PropertyValueSpecification\",\"valueRequired\":true,\"valueName\":\"search_term_string\"}}],\"inLanguage\":\"tr\"}]}<\/script>\n<!-- \/ Yoast SEO plugin. -->","yoast_head_json":{"title":"Online TESP\u0130T ED\u0130LEMEYEN SAHTE ABD DOLARLARI | Glob Documents","description":"globdocuments.com adresinden g\u00fcvenli ve h\u0131zl\u0131 d\u00fcnya \u00e7ap\u0131nda teslimat ile en iyi fiyata online TESP\u0130T ED\u0130LEMEYEN SAHTE ABD DOLARI sat\u0131n al\u0131n. Sahte belgelerdeki en iyi f\u0131rsatlar\u0131 kontrol edin!","robots":{"index":"index","follow":"follow","max-snippet":"max-snippet:-1","max-image-preview":"max-image-preview:large","max-video-preview":"max-video-preview:-1"},"canonical":"https:\/\/globdocuments.com\/tr\/product\/undetected-counterfeit-us-dollars\/","og_locale":"tr_TR","og_type":"article","og_title":"UNDETECTED COUNTERFEIT US DOLLARS Online | Glob Documents","og_description":"Buy UNDETECTED COUNTERFEIT US DOLLARS online at globdocuments.com with safe and fast worldwide delivery at the best price. Check the best deals on fake documents!","og_url":"https:\/\/globdocuments.com\/tr\/product\/undetected-counterfeit-us-dollars\/","article_modified_time":"2024-07-04T13:49:29+00:00","og_image":[{"width":450,"height":450,"url":"https:\/\/globdocuments.com\/wp-content\/uploads\/2021\/10\/1-13.png","type":"image\/png"}],"twitter_card":"summary_large_image","twitter_misc":{"Tahmini okuma s\u00fcresi":"2 dakika"},"schema":{"@context":"https:\/\/schema.org","@graph":[{"@type":"WebPage","@id":"https:\/\/globdocuments.com\/nl\/product\/undetected-counterfeit-us-dollars\/","url":"https:\/\/globdocuments.com\/nl\/product\/undetected-counterfeit-us-dollars\/","name":"Online TESP\u0130T ED\u0130LEMEYEN SAHTE ABD DOLARLARI | Glob Documents","isPartOf":{"@id":"https:\/\/globdocuments.com\/#website"},"primaryImageOfPage":{"@id":"https:\/\/globdocuments.com\/nl\/product\/undetected-counterfeit-us-dollars\/#primaryimage"},"image":{"@id":"https:\/\/globdocuments.com\/nl\/product\/undetected-counterfeit-us-dollars\/#primaryimage"},"thumbnailUrl":"https:\/\/globdocuments.com\/wp-content\/uploads\/2021\/10\/1-13.png","datePublished":"2021-10-04T06:59:33+00:00","dateModified":"2024-07-04T13:49:29+00:00","description":"globdocuments.com adresinden g\u00fcvenli ve h\u0131zl\u0131 d\u00fcnya \u00e7ap\u0131nda teslimat ile en iyi fiyata online TESP\u0130T ED\u0130LEMEYEN SAHTE ABD DOLARI sat\u0131n al\u0131n. Sahte belgelerdeki en iyi f\u0131rsatlar\u0131 kontrol edin!","breadcrumb":{"@id":"https:\/\/globdocuments.com\/nl\/product\/undetected-counterfeit-us-dollars\/#breadcrumb"},"inLanguage":"tr","potentialAction":[{"@type":"ReadAction","target":["https:\/\/globdocuments.com\/nl\/product\/undetected-counterfeit-us-dollars\/"]}]},{"@type":"ImageObject","inLanguage":"tr","@id":"https:\/\/globdocuments.com\/nl\/product\/undetected-counterfeit-us-dollars\/#primaryimage","url":"https:\/\/globdocuments.com\/wp-content\/uploads\/2021\/10\/1-13.png","contentUrl":"https:\/\/globdocuments.com\/wp-content\/uploads\/2021\/10\/1-13.png","width":450,"height":450,"caption":"UNDETECTED COUNTERFEIT US DOLLARS"},{"@type":"BreadcrumbList","@id":"https:\/\/globdocuments.com\/nl\/product\/undetected-counterfeit-us-dollars\/#breadcrumb","itemListElement":[{"@type":"ListItem","position":1,"name":"Shop","item":"https:\/\/globdocuments.com\/shop\/"},{"@type":"ListItem","position":2,"name":"UNDETECTED COUNTERFEIT US DOLLARS"}]},{"@type":"WebSite","@id":"https:\/\/globdocuments.com\/#website","url":"https:\/\/globdocuments.com\/","name":"","description":"Online ger\u00e7ek sahte belgeler sat\u0131n al","potentialAction":[{"@type":"SearchAction","target":{"@type":"EntryPoint","urlTemplate":"https:\/\/globdocuments.com\/?s={search_term_string}"},"query-input":{"@type":"PropertyValueSpecification","valueRequired":true,"valueName":"search_term_string"}}],"inLanguage":"tr"}]}},"_links":{"self":[{"href":"https:\/\/globdocuments.com\/tr\/wp-json\/wp\/v2\/product\/196","targetHints":{"allow":["GET"]}}],"collection":[{"href":"https:\/\/globdocuments.com\/tr\/wp-json\/wp\/v2\/product"}],"about":[{"href":"https:\/\/globdocuments.com\/tr\/wp-json\/wp\/v2\/types\/product"}],"replies":[{"embeddable":true,"href":"https:\/\/globdocuments.com\/tr\/wp-json\/wp\/v2\/comments?post=196"}],"wp:featuredmedia":[{"embeddable":true,"href":"https:\/\/globdocuments.com\/tr\/wp-json\/wp\/v2\/media\/215"}],"wp:attachment":[{"href":"https:\/\/globdocuments.com\/tr\/wp-json\/wp\/v2\/media?parent=196"}],"wp:term":[{"taxonomy":"product_brand","embeddable":true,"href":"https:\/\/globdocuments.com\/tr\/wp-json\/wp\/v2\/product_brand?post=196"},{"taxonomy":"product_cat","embeddable":true,"href":"https:\/\/globdocuments.com\/tr\/wp-json\/wp\/v2\/product_cat?post=196"},{"taxonomy":"product_tag","embeddable":true,"href":"https:\/\/globdocuments.com\/tr\/wp-json\/wp\/v2\/product_tag?post=196"}],"curies":[{"name":"wp","href":"https:\/\/api.w.org\/{rel}","templated":true}]}}