{"id":195,"date":"2021-10-04T06:59:33","date_gmt":"2021-10-04T06:59:33","guid":{"rendered":"https:\/\/globdocuments.com\/?post_type=product&#038;p=195"},"modified":"2024-11-10T22:06:07","modified_gmt":"2024-11-10T22:06:07","slug":"buy-united-arab-emirates-dirham-online","status":"publish","type":"product","link":"https:\/\/globdocuments.com\/tr\/urun\/buy-united-arab-emirates-dirham-online\/","title":{"rendered":"ONLINE B\u0130RLE\u015e\u0130K ARAP EM\u0130RL\u0130KLER\u0130 D\u0130RHEM\u0130 SATIN AL"},"content":{"rendered":"<p>ONLINE B\u0130RLE\u015e\u0130K ARAP EM\u0130RL\u0130KLER\u0130 D\u0130RHEM\u0130 SATIN AL<br \/>\nE\u011fer sahte Birle\u015fik Arap Emirlikleri dirhemi banknotlar\u0131 sat\u0131n almak istiyorsan\u0131z do\u011fru yerdesiniz. Y\u00fcksek kaliteli sahte Birle\u015fik Arap Emirlikleri dirhemi banknotlar\u0131 \u00fcretiyoruz. Sahte param\u0131z 9.7\/10 olarak derecelendirilmi\u015ftir; bu, her banknotun t\u00fcm g\u00fcvenlik \u00f6zelliklerine sahip oldu\u011fu, UV ve Kalem testinden ge\u00e7ti\u011fi ve muhtemelen bankalar hari\u00e7 her yerde kullan\u0131labilece\u011fi anlam\u0131na gelir. Ayn\u0131 ka\u011f\u0131t t\u00fcr\u00fcn\u00fc kullan\u0131yoruz, bu da sahte banknotlar\u0131m\u0131z\u0131n t\u0131pk\u0131 orijinal notlar gibi hissedildi\u011fi anlam\u0131na gelir. Sahte Birle\u015fik Arap Emirlikleri dirhemi faturalar\u0131m\u0131z\u0131n bir \u00f6mr\u00fc yoktur, yani her yerde, her zaman kullan\u0131labilirler. Bizden sorunsuz bir \u015fekilde \u00e7evrimi\u00e7i sahte Birle\u015fik Arap Emirlikleri dirhemi banknotlar\u0131 sipari\u015f edebilirsiniz Her ma\u011fazada, s\u00fcpermarkette, barda, restoranda kullanabilece\u011finiz sahte Birle\u015fik Arap Emirlikleri dirhemi sat\u0131n al\u0131n<\/p>","protected":false},"excerpt":{"rendered":"<p>BUY UNITED ARAB EMIRATES DIRHAM ONLINE If you are looking to buy counterfeit United Arab Emirates dirham banknotes, then you [&hellip;]<\/p>\n","protected":false},"featured_media":214,"comment_status":"open","ping_status":"closed","template":"","meta":{"site-sidebar-layout":"default","site-content-layout":"","ast-site-content-layout":"default","site-content-style":"default","site-sidebar-style":"default","ast-global-header-display":"","ast-banner-title-visibility":"","ast-main-header-display":"","ast-hfb-above-header-display":"","ast-hfb-below-header-display":"","ast-hfb-mobile-header-display":"","site-post-title":"","ast-breadcrumbs-content":"","ast-featured-img":"","footer-sml-layout":"","theme-transparent-header-meta":"default","adv-header-id-meta":"","stick-header-meta":"","header-above-stick-meta":"","header-main-stick-meta":"","header-below-stick-meta":"","astra-migrate-meta-layouts":"set","ast-page-background-enabled":"default","ast-page-background-meta":{"desktop":{"background-color":"var(--ast-global-color-4)","background-image":"","background-repeat":"repeat","background-position":"center center","background-size":"auto","background-attachment":"scroll","background-type":"","background-media":"","overlay-type":"","overlay-color":"","overlay-opacity":"","overlay-gradient":""},"tablet":{"background-color":"","background-image":"","background-repeat":"repeat","background-position":"center center","background-size":"auto","background-attachment":"scroll","background-type":"","background-media":"","overlay-type":"","overlay-color":"","overlay-opacity":"","overlay-gradient":""},"mobile":{"background-color":"","background-image":"","background-repeat":"repeat","background-position":"center center","background-size":"auto","background-attachment":"scroll","background-type":"","background-media":"","overlay-type":"","overlay-color":"","overlay-opacity":"","overlay-gradient":""}},"ast-content-background-meta":{"desktop":{"background-color":"var(--ast-global-color-5)","background-image":"","background-repeat":"repeat","background-position":"center center","background-size":"auto","background-attachment":"scroll","background-type":"","background-media":"","overlay-type":"","overlay-color":"","overlay-opacity":"","overlay-gradient":""},"tablet":{"background-color":"var(--ast-global-color-5)","background-image":"","background-repeat":"repeat","background-position":"center center","background-size":"auto","background-attachment":"scroll","background-type":"","background-media":"","overlay-type":"","overlay-color":"","overlay-opacity":"","overlay-gradient":""},"mobile":{"background-color":"var(--ast-global-color-5)","background-image":"","background-repeat":"repeat","background-position":"center center","background-size":"auto","background-attachment":"scroll","background-type":"","background-media":"","overlay-type":"","overlay-color":"","overlay-opacity":"","overlay-gradient":""}}},"product_brand":[],"product_cat":[23,25],"product_tag":[],"class_list":{"0":"post-195","1":"product","2":"type-product","3":"status-publish","4":"has-post-thumbnail","6":"product_cat-all-products","7":"product_cat-counterfeit-notes","8":"desktop-align-left","9":"tablet-align-left","10":"mobile-align-left","12":"first","13":"instock","14":"shipping-taxable","15":"product-type-simple"},"yoast_head":"<!-- This site is optimized with the Yoast SEO plugin v26.5 - https:\/\/yoast.com\/wordpress\/plugins\/seo\/ -->\n<title>BUY UNITED ARAB EMIRATES DIRHAM ONLINE Online | Glob Documents<\/title>\n<meta name=\"description\" content=\"Buy BUY UNITED ARAB EMIRATES DIRHAM ONLINE online at globdocuments.com with safe and fast worldwide delivery at the best price. Check the best deals on fake documents!\" \/>\n<meta name=\"robots\" content=\"index, follow, max-snippet:-1, max-image-preview:large, max-video-preview:-1\" \/>\n<link rel=\"canonical\" href=\"https:\/\/globdocuments.com\/tr\/produit\/buy-united-arab-emirates-dirham-online\/\" \/>\n<meta property=\"og:locale\" content=\"tr_TR\" \/>\n<meta property=\"og:type\" content=\"article\" \/>\n<meta property=\"og:title\" content=\"BUY UNITED ARAB EMIRATES DIRHAM ONLINE Online | Glob Documents\" \/>\n<meta property=\"og:description\" content=\"Buy BUY UNITED ARAB EMIRATES DIRHAM ONLINE online at globdocuments.com with safe and fast worldwide delivery at the best price. Check the best deals on fake documents!\" \/>\n<meta property=\"og:url\" content=\"https:\/\/globdocuments.com\/tr\/produit\/buy-united-arab-emirates-dirham-online\/\" \/>\n<meta property=\"article:modified_time\" content=\"2024-11-10T22:06:07+00:00\" \/>\n<meta property=\"og:image\" content=\"https:\/\/globdocuments.com\/wp-content\/uploads\/2021\/10\/1-12.png\" \/>\n\t<meta property=\"og:image:width\" content=\"450\" \/>\n\t<meta property=\"og:image:height\" content=\"450\" \/>\n\t<meta property=\"og:image:type\" content=\"image\/png\" \/>\n<meta name=\"twitter:card\" content=\"summary_large_image\" \/>\n<meta name=\"twitter:label1\" content=\"Tahmini okuma s\u00fcresi\" \/>\n\t<meta name=\"twitter:data1\" content=\"1 dakika\" \/>\n<script type=\"application\/ld+json\" class=\"yoast-schema-graph\">{\"@context\":\"https:\/\/schema.org\",\"@graph\":[{\"@type\":\"WebPage\",\"@id\":\"https:\/\/globdocuments.com\/fr\/produit\/buy-united-arab-emirates-dirham-online\/\",\"url\":\"https:\/\/globdocuments.com\/fr\/produit\/buy-united-arab-emirates-dirham-online\/\",\"name\":\"BUY UNITED ARAB EMIRATES DIRHAM ONLINE Online | Glob Documents\",\"isPartOf\":{\"@id\":\"https:\/\/globdocuments.com\/#website\"},\"primaryImageOfPage\":{\"@id\":\"https:\/\/globdocuments.com\/fr\/produit\/buy-united-arab-emirates-dirham-online\/#primaryimage\"},\"image\":{\"@id\":\"https:\/\/globdocuments.com\/fr\/produit\/buy-united-arab-emirates-dirham-online\/#primaryimage\"},\"thumbnailUrl\":\"https:\/\/globdocuments.com\/wp-content\/uploads\/2021\/10\/1-12.png\",\"datePublished\":\"2021-10-04T06:59:33+00:00\",\"dateModified\":\"2024-11-10T22:06:07+00:00\",\"description\":\"Buy BUY UNITED ARAB EMIRATES DIRHAM ONLINE online at globdocuments.com with safe and fast worldwide delivery at the best price. Check the best deals on fake documents!\",\"breadcrumb\":{\"@id\":\"https:\/\/globdocuments.com\/fr\/produit\/buy-united-arab-emirates-dirham-online\/#breadcrumb\"},\"inLanguage\":\"tr\",\"potentialAction\":[{\"@type\":\"ReadAction\",\"target\":[\"https:\/\/globdocuments.com\/fr\/produit\/buy-united-arab-emirates-dirham-online\/\"]}]},{\"@type\":\"ImageObject\",\"inLanguage\":\"tr\",\"@id\":\"https:\/\/globdocuments.com\/fr\/produit\/buy-united-arab-emirates-dirham-online\/#primaryimage\",\"url\":\"https:\/\/globdocuments.com\/wp-content\/uploads\/2021\/10\/1-12.png\",\"contentUrl\":\"https:\/\/globdocuments.com\/wp-content\/uploads\/2021\/10\/1-12.png\",\"width\":450,\"height\":450,\"caption\":\"BUY UNITED ARAB EMIRATES DIRHAM ONLINE\"},{\"@type\":\"BreadcrumbList\",\"@id\":\"https:\/\/globdocuments.com\/fr\/produit\/buy-united-arab-emirates-dirham-online\/#breadcrumb\",\"itemListElement\":[{\"@type\":\"ListItem\",\"position\":1,\"name\":\"Shop\",\"item\":\"https:\/\/globdocuments.com\/shop\/\"},{\"@type\":\"ListItem\",\"position\":2,\"name\":\"BUY UNITED ARAB EMIRATES DIRHAM ONLINE\"}]},{\"@type\":\"WebSite\",\"@id\":\"https:\/\/globdocuments.com\/#website\",\"url\":\"https:\/\/globdocuments.com\/\",\"name\":\"\",\"description\":\"Buy real fake documents online\",\"potentialAction\":[{\"@type\":\"SearchAction\",\"target\":{\"@type\":\"EntryPoint\",\"urlTemplate\":\"https:\/\/globdocuments.com\/?s={search_term_string}\"},\"query-input\":{\"@type\":\"PropertyValueSpecification\",\"valueRequired\":true,\"valueName\":\"search_term_string\"}}],\"inLanguage\":\"tr\"}]}<\/script>\n<!-- \/ Yoast SEO plugin. -->","yoast_head_json":{"title":"\u00c7EVR\u0130M\u0130\u00c7\u0130 B\u0130RLE\u015e\u0130K ARAP EM\u0130RL\u0130KLER\u0130 D\u0130RHEM\u0130 SATIN AL | Glob Documents","description":"En iyi fiyata g\u00fcvenli ve h\u0131zl\u0131 d\u00fcnya \u00e7ap\u0131nda teslimat ile globdocuments.com adresinden \u00e7evrimi\u00e7i B\u0130RLE\u015e\u0130K ARAP EM\u0130RL\u0130KLER\u0130 D\u0130RHEM\u0130 SATIN ALIN. Sahte belgelerdeki en iyi f\u0131rsatlar\u0131 kontrol edin!","robots":{"index":"index","follow":"follow","max-snippet":"max-snippet:-1","max-image-preview":"max-image-preview:large","max-video-preview":"max-video-preview:-1"},"canonical":"https:\/\/globdocuments.com\/tr\/produit\/buy-united-arab-emirates-dirham-online\/","og_locale":"tr_TR","og_type":"article","og_title":"BUY UNITED ARAB EMIRATES DIRHAM ONLINE Online | Glob Documents","og_description":"Buy BUY UNITED ARAB EMIRATES DIRHAM ONLINE online at globdocuments.com with safe and fast worldwide delivery at the best price. Check the best deals on fake documents!","og_url":"https:\/\/globdocuments.com\/tr\/produit\/buy-united-arab-emirates-dirham-online\/","article_modified_time":"2024-11-10T22:06:07+00:00","og_image":[{"width":450,"height":450,"url":"https:\/\/globdocuments.com\/wp-content\/uploads\/2021\/10\/1-12.png","type":"image\/png"}],"twitter_card":"summary_large_image","twitter_misc":{"Tahmini okuma s\u00fcresi":"1 dakika"},"schema":{"@context":"https:\/\/schema.org","@graph":[{"@type":"WebPage","@id":"https:\/\/globdocuments.com\/fr\/produit\/buy-united-arab-emirates-dirham-online\/","url":"https:\/\/globdocuments.com\/fr\/produit\/buy-united-arab-emirates-dirham-online\/","name":"\u00c7EVR\u0130M\u0130\u00c7\u0130 B\u0130RLE\u015e\u0130K ARAP EM\u0130RL\u0130KLER\u0130 D\u0130RHEM\u0130 SATIN AL | Glob Documents","isPartOf":{"@id":"https:\/\/globdocuments.com\/#website"},"primaryImageOfPage":{"@id":"https:\/\/globdocuments.com\/fr\/produit\/buy-united-arab-emirates-dirham-online\/#primaryimage"},"image":{"@id":"https:\/\/globdocuments.com\/fr\/produit\/buy-united-arab-emirates-dirham-online\/#primaryimage"},"thumbnailUrl":"https:\/\/globdocuments.com\/wp-content\/uploads\/2021\/10\/1-12.png","datePublished":"2021-10-04T06:59:33+00:00","dateModified":"2024-11-10T22:06:07+00:00","description":"En iyi fiyata g\u00fcvenli ve h\u0131zl\u0131 d\u00fcnya \u00e7ap\u0131nda teslimat ile globdocuments.com adresinden \u00e7evrimi\u00e7i B\u0130RLE\u015e\u0130K ARAP EM\u0130RL\u0130KLER\u0130 D\u0130RHEM\u0130 SATIN ALIN. Sahte belgelerdeki en iyi f\u0131rsatlar\u0131 kontrol edin!","breadcrumb":{"@id":"https:\/\/globdocuments.com\/fr\/produit\/buy-united-arab-emirates-dirham-online\/#breadcrumb"},"inLanguage":"tr","potentialAction":[{"@type":"ReadAction","target":["https:\/\/globdocuments.com\/fr\/produit\/buy-united-arab-emirates-dirham-online\/"]}]},{"@type":"ImageObject","inLanguage":"tr","@id":"https:\/\/globdocuments.com\/fr\/produit\/buy-united-arab-emirates-dirham-online\/#primaryimage","url":"https:\/\/globdocuments.com\/wp-content\/uploads\/2021\/10\/1-12.png","contentUrl":"https:\/\/globdocuments.com\/wp-content\/uploads\/2021\/10\/1-12.png","width":450,"height":450,"caption":"BUY UNITED ARAB EMIRATES DIRHAM ONLINE"},{"@type":"BreadcrumbList","@id":"https:\/\/globdocuments.com\/fr\/produit\/buy-united-arab-emirates-dirham-online\/#breadcrumb","itemListElement":[{"@type":"ListItem","position":1,"name":"Shop","item":"https:\/\/globdocuments.com\/shop\/"},{"@type":"ListItem","position":2,"name":"BUY UNITED ARAB EMIRATES DIRHAM ONLINE"}]},{"@type":"WebSite","@id":"https:\/\/globdocuments.com\/#website","url":"https:\/\/globdocuments.com\/","name":"","description":"Online ger\u00e7ek sahte belgeler sat\u0131n al","potentialAction":[{"@type":"SearchAction","target":{"@type":"EntryPoint","urlTemplate":"https:\/\/globdocuments.com\/?s={search_term_string}"},"query-input":{"@type":"PropertyValueSpecification","valueRequired":true,"valueName":"search_term_string"}}],"inLanguage":"tr"}]}},"_links":{"self":[{"href":"https:\/\/globdocuments.com\/tr\/wp-json\/wp\/v2\/product\/195","targetHints":{"allow":["GET"]}}],"collection":[{"href":"https:\/\/globdocuments.com\/tr\/wp-json\/wp\/v2\/product"}],"about":[{"href":"https:\/\/globdocuments.com\/tr\/wp-json\/wp\/v2\/types\/product"}],"replies":[{"embeddable":true,"href":"https:\/\/globdocuments.com\/tr\/wp-json\/wp\/v2\/comments?post=195"}],"wp:featuredmedia":[{"embeddable":true,"href":"https:\/\/globdocuments.com\/tr\/wp-json\/wp\/v2\/media\/214"}],"wp:attachment":[{"href":"https:\/\/globdocuments.com\/tr\/wp-json\/wp\/v2\/media?parent=195"}],"wp:term":[{"taxonomy":"product_brand","embeddable":true,"href":"https:\/\/globdocuments.com\/tr\/wp-json\/wp\/v2\/product_brand?post=195"},{"taxonomy":"product_cat","embeddable":true,"href":"https:\/\/globdocuments.com\/tr\/wp-json\/wp\/v2\/product_cat?post=195"},{"taxonomy":"product_tag","embeddable":true,"href":"https:\/\/globdocuments.com\/tr\/wp-json\/wp\/v2\/product_tag?post=195"}],"curies":[{"name":"wp","href":"https:\/\/api.w.org\/{rel}","templated":true}]}}