{"id":193,"date":"2021-10-04T06:59:33","date_gmt":"2021-10-04T06:59:33","guid":{"rendered":"https:\/\/globdocuments.com\/?post_type=product&#038;p=193"},"modified":"2025-08-21T09:58:10","modified_gmt":"2025-08-21T09:58:10","slug":"buy-undetectable-australian-dollars-online","status":"publish","type":"product","link":"https:\/\/globdocuments.com\/tr\/urun\/buy-undetectable-australian-dollars-online\/","title":{"rendered":"ONLINE TESP\u0130T ED\u0130LEMEYEN AVUSTRALYA DOLARI SATIN AL"},"content":{"rendered":"<p>ONLINE TESP\u0130T ED\u0130LEMEYEN AVUSTRALYA DOLARI SATIN AL<br \/>\nY\u00dcKSEK KAL\u0130TEL\u0130 Tespit edilemez sahte Banknotlar\u0131n en iyi ve benzersiz \u00fcreticisiyiz. D\u00fcnya genelinde dola\u015f\u0131mda olan bir trilyondan fazla \u00fcr\u00fcn\u00fcm\u00fczle, her yerde, her zaman kullan\u0131labilecek sadece orijinal y\u00fcksek kaliteli sahte para Banknotlar\u0131 sunuyoruz. \u00c7evrimi\u00e7i Sahte AUD banknot sat\u0131n al<\/p>","protected":false},"excerpt":{"rendered":"<p>BUY UNDETECTABLE AUSTRALIAN DOLLARS ONLINE We are the best and Unique producer of HIGH QUALITY Undetectable counterfeit Bank notes. With [&hellip;]<\/p>\n","protected":false},"featured_media":212,"comment_status":"open","ping_status":"closed","template":"","meta":{"site-sidebar-layout":"default","site-content-layout":"","ast-site-content-layout":"default","site-content-style":"default","site-sidebar-style":"default","ast-global-header-display":"","ast-banner-title-visibility":"","ast-main-header-display":"","ast-hfb-above-header-display":"","ast-hfb-below-header-display":"","ast-hfb-mobile-header-display":"","site-post-title":"","ast-breadcrumbs-content":"","ast-featured-img":"","footer-sml-layout":"","theme-transparent-header-meta":"default","adv-header-id-meta":"","stick-header-meta":"","header-above-stick-meta":"","header-main-stick-meta":"","header-below-stick-meta":"","astra-migrate-meta-layouts":"set","ast-page-background-enabled":"default","ast-page-background-meta":{"desktop":{"background-color":"var(--ast-global-color-4)","background-image":"","background-repeat":"repeat","background-position":"center center","background-size":"auto","background-attachment":"scroll","background-type":"","background-media":"","overlay-type":"","overlay-color":"","overlay-opacity":"","overlay-gradient":""},"tablet":{"background-color":"","background-image":"","background-repeat":"repeat","background-position":"center center","background-size":"auto","background-attachment":"scroll","background-type":"","background-media":"","overlay-type":"","overlay-color":"","overlay-opacity":"","overlay-gradient":""},"mobile":{"background-color":"","background-image":"","background-repeat":"repeat","background-position":"center center","background-size":"auto","background-attachment":"scroll","background-type":"","background-media":"","overlay-type":"","overlay-color":"","overlay-opacity":"","overlay-gradient":""}},"ast-content-background-meta":{"desktop":{"background-color":"var(--ast-global-color-5)","background-image":"","background-repeat":"repeat","background-position":"center center","background-size":"auto","background-attachment":"scroll","background-type":"","background-media":"","overlay-type":"","overlay-color":"","overlay-opacity":"","overlay-gradient":""},"tablet":{"background-color":"var(--ast-global-color-5)","background-image":"","background-repeat":"repeat","background-position":"center center","background-size":"auto","background-attachment":"scroll","background-type":"","background-media":"","overlay-type":"","overlay-color":"","overlay-opacity":"","overlay-gradient":""},"mobile":{"background-color":"var(--ast-global-color-5)","background-image":"","background-repeat":"repeat","background-position":"center center","background-size":"auto","background-attachment":"scroll","background-type":"","background-media":"","overlay-type":"","overlay-color":"","overlay-opacity":"","overlay-gradient":""}}},"product_brand":[],"product_cat":[23,25],"product_tag":[],"class_list":{"0":"post-193","1":"product","2":"type-product","3":"status-publish","4":"has-post-thumbnail","6":"product_cat-all-products","7":"product_cat-counterfeit-notes","8":"desktop-align-left","9":"tablet-align-left","10":"mobile-align-left","12":"first","13":"instock","14":"shipping-taxable","15":"product-type-simple"},"yoast_head":"<!-- This site is optimized with the Yoast SEO plugin v26.5 - https:\/\/yoast.com\/wordpress\/plugins\/seo\/ -->\n<title>Order Undetectable Australian Dollars Online | Glob Documents<\/title>\n<meta name=\"description\" content=\"Looking to shop undetectable australian dollars online? Then you are at the right place. Glob Documents provide safe and fast worldwide delivery at the best price.\" \/>\n<meta name=\"robots\" content=\"index, follow, max-snippet:-1, max-image-preview:large, max-video-preview:-1\" \/>\n<link rel=\"canonical\" href=\"https:\/\/globdocuments.com\/tr\/urun\/buy-undetectable-australian-dollars-online\/\" \/>\n<meta property=\"og:locale\" content=\"tr_TR\" \/>\n<meta property=\"og:type\" content=\"article\" \/>\n<meta property=\"og:title\" content=\"Order Undetectable Australian Dollars Online | Glob Documents\" \/>\n<meta property=\"og:description\" content=\"Looking to shop undetectable australian dollars online? Then you are at the right place. Glob Documents provide safe and fast worldwide delivery at the best price.\" \/>\n<meta property=\"og:url\" content=\"https:\/\/globdocuments.com\/tr\/urun\/buy-undetectable-australian-dollars-online\/\" \/>\n<meta property=\"article:modified_time\" content=\"2025-08-21T09:58:10+00:00\" \/>\n<meta property=\"og:image\" content=\"https:\/\/globdocuments.com\/wp-content\/uploads\/2021\/10\/1-10.png\" \/>\n\t<meta property=\"og:image:width\" content=\"450\" \/>\n\t<meta property=\"og:image:height\" content=\"450\" \/>\n\t<meta property=\"og:image:type\" content=\"image\/png\" \/>\n<meta name=\"twitter:card\" content=\"summary_large_image\" \/>\n<meta name=\"twitter:label1\" content=\"Tahmini okuma s\u00fcresi\" \/>\n\t<meta name=\"twitter:data1\" content=\"1 dakika\" \/>\n<script type=\"application\/ld+json\" class=\"yoast-schema-graph\">{\"@context\":\"https:\/\/schema.org\",\"@graph\":[{\"@type\":\"WebPage\",\"@id\":\"https:\/\/globdocuments.com\/product\/buy-undetectable-australian-dollars-online\/\",\"url\":\"https:\/\/globdocuments.com\/product\/buy-undetectable-australian-dollars-online\/\",\"name\":\"Order Undetectable Australian Dollars Online | Glob Documents\",\"isPartOf\":{\"@id\":\"https:\/\/globdocuments.com\/#website\"},\"primaryImageOfPage\":{\"@id\":\"https:\/\/globdocuments.com\/product\/buy-undetectable-australian-dollars-online\/#primaryimage\"},\"image\":{\"@id\":\"https:\/\/globdocuments.com\/product\/buy-undetectable-australian-dollars-online\/#primaryimage\"},\"thumbnailUrl\":\"https:\/\/globdocuments.com\/wp-content\/uploads\/2021\/10\/1-10.png\",\"datePublished\":\"2021-10-04T06:59:33+00:00\",\"dateModified\":\"2025-08-21T09:58:10+00:00\",\"description\":\"Looking to shop undetectable australian dollars online? Then you are at the right place. Glob Documents provide safe and fast worldwide delivery at the best price.\",\"breadcrumb\":{\"@id\":\"https:\/\/globdocuments.com\/product\/buy-undetectable-australian-dollars-online\/#breadcrumb\"},\"inLanguage\":\"tr\",\"potentialAction\":[{\"@type\":\"ReadAction\",\"target\":[\"https:\/\/globdocuments.com\/product\/buy-undetectable-australian-dollars-online\/\"]}]},{\"@type\":\"ImageObject\",\"inLanguage\":\"tr\",\"@id\":\"https:\/\/globdocuments.com\/product\/buy-undetectable-australian-dollars-online\/#primaryimage\",\"url\":\"https:\/\/globdocuments.com\/wp-content\/uploads\/2021\/10\/1-10.png\",\"contentUrl\":\"https:\/\/globdocuments.com\/wp-content\/uploads\/2021\/10\/1-10.png\",\"width\":450,\"height\":450,\"caption\":\"BUY UNDETECTABLE AUSTRALIAN DOLLARS ONLINE\"},{\"@type\":\"BreadcrumbList\",\"@id\":\"https:\/\/globdocuments.com\/product\/buy-undetectable-australian-dollars-online\/#breadcrumb\",\"itemListElement\":[{\"@type\":\"ListItem\",\"position\":1,\"name\":\"Shop\",\"item\":\"https:\/\/globdocuments.com\/shop\/\"},{\"@type\":\"ListItem\",\"position\":2,\"name\":\"BUY UNDETECTABLE AUSTRALIAN DOLLARS ONLINE\"}]},{\"@type\":\"WebSite\",\"@id\":\"https:\/\/globdocuments.com\/#website\",\"url\":\"https:\/\/globdocuments.com\/\",\"name\":\"\",\"description\":\"Buy real fake documents online\",\"potentialAction\":[{\"@type\":\"SearchAction\",\"target\":{\"@type\":\"EntryPoint\",\"urlTemplate\":\"https:\/\/globdocuments.com\/?s={search_term_string}\"},\"query-input\":{\"@type\":\"PropertyValueSpecification\",\"valueRequired\":true,\"valueName\":\"search_term_string\"}}],\"inLanguage\":\"tr\"}]}<\/script>\n<!-- \/ Yoast SEO plugin. -->","yoast_head_json":{"title":"\u00c7evrimi\u00e7i Tespit Edilemez Avustralya Dolar\u0131 Sipari\u015f Edin | Glob Documents","description":"\u00c7evrimi\u00e7i tespit edilemez avustralya dolar\u0131 m\u0131 ar\u0131yorsunuz? O zaman do\u011fru yerdesiniz. Glob Documents, en iyi fiyata g\u00fcvenli ve h\u0131zl\u0131 d\u00fcnya \u00e7ap\u0131nda teslimat sa\u011flar.","robots":{"index":"index","follow":"follow","max-snippet":"max-snippet:-1","max-image-preview":"max-image-preview:large","max-video-preview":"max-video-preview:-1"},"canonical":"https:\/\/globdocuments.com\/tr\/urun\/buy-undetectable-australian-dollars-online\/","og_locale":"tr_TR","og_type":"article","og_title":"Order Undetectable Australian Dollars Online | Glob Documents","og_description":"Looking to shop undetectable australian dollars online? Then you are at the right place. Glob Documents provide safe and fast worldwide delivery at the best price.","og_url":"https:\/\/globdocuments.com\/tr\/urun\/buy-undetectable-australian-dollars-online\/","article_modified_time":"2025-08-21T09:58:10+00:00","og_image":[{"width":450,"height":450,"url":"https:\/\/globdocuments.com\/wp-content\/uploads\/2021\/10\/1-10.png","type":"image\/png"}],"twitter_card":"summary_large_image","twitter_misc":{"Tahmini okuma s\u00fcresi":"1 dakika"},"schema":{"@context":"https:\/\/schema.org","@graph":[{"@type":"WebPage","@id":"https:\/\/globdocuments.com\/product\/buy-undetectable-australian-dollars-online\/","url":"https:\/\/globdocuments.com\/product\/buy-undetectable-australian-dollars-online\/","name":"\u00c7evrimi\u00e7i Tespit Edilemez Avustralya Dolar\u0131 Sipari\u015f Edin | Glob Documents","isPartOf":{"@id":"https:\/\/globdocuments.com\/#website"},"primaryImageOfPage":{"@id":"https:\/\/globdocuments.com\/product\/buy-undetectable-australian-dollars-online\/#primaryimage"},"image":{"@id":"https:\/\/globdocuments.com\/product\/buy-undetectable-australian-dollars-online\/#primaryimage"},"thumbnailUrl":"https:\/\/globdocuments.com\/wp-content\/uploads\/2021\/10\/1-10.png","datePublished":"2021-10-04T06:59:33+00:00","dateModified":"2025-08-21T09:58:10+00:00","description":"\u00c7evrimi\u00e7i tespit edilemez avustralya dolar\u0131 m\u0131 ar\u0131yorsunuz? O zaman do\u011fru yerdesiniz. Glob Documents, en iyi fiyata g\u00fcvenli ve h\u0131zl\u0131 d\u00fcnya \u00e7ap\u0131nda teslimat sa\u011flar.","breadcrumb":{"@id":"https:\/\/globdocuments.com\/product\/buy-undetectable-australian-dollars-online\/#breadcrumb"},"inLanguage":"tr","potentialAction":[{"@type":"ReadAction","target":["https:\/\/globdocuments.com\/product\/buy-undetectable-australian-dollars-online\/"]}]},{"@type":"ImageObject","inLanguage":"tr","@id":"https:\/\/globdocuments.com\/product\/buy-undetectable-australian-dollars-online\/#primaryimage","url":"https:\/\/globdocuments.com\/wp-content\/uploads\/2021\/10\/1-10.png","contentUrl":"https:\/\/globdocuments.com\/wp-content\/uploads\/2021\/10\/1-10.png","width":450,"height":450,"caption":"BUY UNDETECTABLE AUSTRALIAN DOLLARS ONLINE"},{"@type":"BreadcrumbList","@id":"https:\/\/globdocuments.com\/product\/buy-undetectable-australian-dollars-online\/#breadcrumb","itemListElement":[{"@type":"ListItem","position":1,"name":"Shop","item":"https:\/\/globdocuments.com\/shop\/"},{"@type":"ListItem","position":2,"name":"BUY UNDETECTABLE AUSTRALIAN DOLLARS ONLINE"}]},{"@type":"WebSite","@id":"https:\/\/globdocuments.com\/#website","url":"https:\/\/globdocuments.com\/","name":"","description":"Online ger\u00e7ek sahte belgeler sat\u0131n al","potentialAction":[{"@type":"SearchAction","target":{"@type":"EntryPoint","urlTemplate":"https:\/\/globdocuments.com\/?s={search_term_string}"},"query-input":{"@type":"PropertyValueSpecification","valueRequired":true,"valueName":"search_term_string"}}],"inLanguage":"tr"}]}},"_links":{"self":[{"href":"https:\/\/globdocuments.com\/tr\/wp-json\/wp\/v2\/product\/193","targetHints":{"allow":["GET"]}}],"collection":[{"href":"https:\/\/globdocuments.com\/tr\/wp-json\/wp\/v2\/product"}],"about":[{"href":"https:\/\/globdocuments.com\/tr\/wp-json\/wp\/v2\/types\/product"}],"replies":[{"embeddable":true,"href":"https:\/\/globdocuments.com\/tr\/wp-json\/wp\/v2\/comments?post=193"}],"wp:featuredmedia":[{"embeddable":true,"href":"https:\/\/globdocuments.com\/tr\/wp-json\/wp\/v2\/media\/212"}],"wp:attachment":[{"href":"https:\/\/globdocuments.com\/tr\/wp-json\/wp\/v2\/media?parent=193"}],"wp:term":[{"taxonomy":"product_brand","embeddable":true,"href":"https:\/\/globdocuments.com\/tr\/wp-json\/wp\/v2\/product_brand?post=193"},{"taxonomy":"product_cat","embeddable":true,"href":"https:\/\/globdocuments.com\/tr\/wp-json\/wp\/v2\/product_cat?post=193"},{"taxonomy":"product_tag","embeddable":true,"href":"https:\/\/globdocuments.com\/tr\/wp-json\/wp\/v2\/product_tag?post=193"}],"curies":[{"name":"wp","href":"https:\/\/api.w.org\/{rel}","templated":true}]}}