{"id":192,"date":"2021-10-04T06:59:33","date_gmt":"2021-10-04T06:59:33","guid":{"rendered":"https:\/\/globdocuments.com\/?post_type=product&#038;p=192"},"modified":"2025-08-21T09:57:33","modified_gmt":"2025-08-21T09:57:33","slug":"buy-fake-swiss-franc-online","status":"publish","type":"product","link":"https:\/\/globdocuments.com\/tr\/urun\/buy-fake-swiss-franc-online\/","title":{"rendered":"ONLINE SAHTE \u0130SV\u0130\u00c7RE FRANGI SATIN AL"},"content":{"rendered":"<p>ONLINE SAHTE \u0130SV\u0130\u00c7RE FRANGI SATIN AL<br \/>\nG\u00fcvenlik \u015eeridi, Kabartma Bask\u0131, Mikro Bask\u0131, Portre Filigran\u0131, Renk De\u011fi\u015ftiren m\u00fcrekkep, Kalem testinden ge\u00e7ti, Orijinal banknotlarla ayn\u0131 boyut ve kal\u0131nl\u0131kta, Farkl\u0131 seri numaralar\u0131, Banknotlar zaten i\u015flem g\u00f6rm\u00fc\u015f olarak gelir, Banknotlar sevk edilmeden \u00f6nce eskitilir, Banknotlar ATM makinelerinden ge\u00e7er, Casinolarda, ma\u011fazalarda, benzin istasyonlar\u0131nda kullan\u0131labilir.<\/p>","protected":false},"excerpt":{"rendered":"<p>BUY FAKE SWISS FRANC ONLINE Security Thread, Raised Printing, Micro Printing, Portrait Watermark, Color Shifting ink, Pen test Passed, Dimension [&hellip;]<\/p>\n","protected":false},"featured_media":211,"comment_status":"open","ping_status":"closed","template":"","meta":{"site-sidebar-layout":"default","site-content-layout":"","ast-site-content-layout":"default","site-content-style":"default","site-sidebar-style":"default","ast-global-header-display":"","ast-banner-title-visibility":"","ast-main-header-display":"","ast-hfb-above-header-display":"","ast-hfb-below-header-display":"","ast-hfb-mobile-header-display":"","site-post-title":"","ast-breadcrumbs-content":"","ast-featured-img":"","footer-sml-layout":"","theme-transparent-header-meta":"default","adv-header-id-meta":"","stick-header-meta":"","header-above-stick-meta":"","header-main-stick-meta":"","header-below-stick-meta":"","astra-migrate-meta-layouts":"set","ast-page-background-enabled":"default","ast-page-background-meta":{"desktop":{"background-color":"var(--ast-global-color-4)","background-image":"","background-repeat":"repeat","background-position":"center center","background-size":"auto","background-attachment":"scroll","background-type":"","background-media":"","overlay-type":"","overlay-color":"","overlay-opacity":"","overlay-gradient":""},"tablet":{"background-color":"","background-image":"","background-repeat":"repeat","background-position":"center center","background-size":"auto","background-attachment":"scroll","background-type":"","background-media":"","overlay-type":"","overlay-color":"","overlay-opacity":"","overlay-gradient":""},"mobile":{"background-color":"","background-image":"","background-repeat":"repeat","background-position":"center center","background-size":"auto","background-attachment":"scroll","background-type":"","background-media":"","overlay-type":"","overlay-color":"","overlay-opacity":"","overlay-gradient":""}},"ast-content-background-meta":{"desktop":{"background-color":"var(--ast-global-color-5)","background-image":"","background-repeat":"repeat","background-position":"center center","background-size":"auto","background-attachment":"scroll","background-type":"","background-media":"","overlay-type":"","overlay-color":"","overlay-opacity":"","overlay-gradient":""},"tablet":{"background-color":"var(--ast-global-color-5)","background-image":"","background-repeat":"repeat","background-position":"center center","background-size":"auto","background-attachment":"scroll","background-type":"","background-media":"","overlay-type":"","overlay-color":"","overlay-opacity":"","overlay-gradient":""},"mobile":{"background-color":"var(--ast-global-color-5)","background-image":"","background-repeat":"repeat","background-position":"center center","background-size":"auto","background-attachment":"scroll","background-type":"","background-media":"","overlay-type":"","overlay-color":"","overlay-opacity":"","overlay-gradient":""}}},"product_brand":[],"product_cat":[23,25],"product_tag":[],"class_list":{"0":"post-192","1":"product","2":"type-product","3":"status-publish","4":"has-post-thumbnail","6":"product_cat-all-products","7":"product_cat-counterfeit-notes","8":"desktop-align-left","9":"tablet-align-left","10":"mobile-align-left","12":"first","13":"instock","14":"shipping-taxable","15":"product-type-simple"},"yoast_head":"<!-- This site is optimized with the Yoast SEO plugin v26.5 - https:\/\/yoast.com\/wordpress\/plugins\/seo\/ -->\n<title>Buy Swiss Francs Online in Germany | Glob Documents<\/title>\n<meta name=\"description\" content=\"Searching to buy fake swiss franc online? Then you are at the right place. Glob Documents provide safe and fast worldwide delivery at the best price.\" \/>\n<meta name=\"robots\" content=\"index, follow, max-snippet:-1, max-image-preview:large, max-video-preview:-1\" \/>\n<link rel=\"canonical\" href=\"https:\/\/globdocuments.com\/tr\/produkt\/buy-fake-swiss-franc-online\/\" \/>\n<meta property=\"og:locale\" content=\"tr_TR\" \/>\n<meta property=\"og:type\" content=\"article\" \/>\n<meta property=\"og:title\" content=\"Buy Swiss Francs Online in Germany | Glob Documents\" \/>\n<meta property=\"og:description\" content=\"Searching to buy fake swiss franc online? Then you are at the right place. Glob Documents provide safe and fast worldwide delivery at the best price.\" \/>\n<meta property=\"og:url\" content=\"https:\/\/globdocuments.com\/tr\/produkt\/buy-fake-swiss-franc-online\/\" \/>\n<meta property=\"article:modified_time\" content=\"2025-08-21T09:57:33+00:00\" \/>\n<meta property=\"og:image\" content=\"https:\/\/globdocuments.com\/wp-content\/uploads\/2021\/10\/1-9.png\" \/>\n\t<meta property=\"og:image:width\" content=\"450\" \/>\n\t<meta property=\"og:image:height\" content=\"450\" \/>\n\t<meta property=\"og:image:type\" content=\"image\/png\" \/>\n<meta name=\"twitter:card\" content=\"summary_large_image\" \/>\n<meta name=\"twitter:label1\" content=\"Tahmini okuma s\u00fcresi\" \/>\n\t<meta name=\"twitter:data1\" content=\"1 dakika\" \/>\n<script type=\"application\/ld+json\" class=\"yoast-schema-graph\">{\"@context\":\"https:\/\/schema.org\",\"@graph\":[{\"@type\":\"WebPage\",\"@id\":\"https:\/\/globdocuments.com\/de\/produkt\/buy-fake-swiss-franc-online\/\",\"url\":\"https:\/\/globdocuments.com\/de\/produkt\/buy-fake-swiss-franc-online\/\",\"name\":\"Buy Swiss Francs Online in Germany | Glob Documents\",\"isPartOf\":{\"@id\":\"https:\/\/globdocuments.com\/#website\"},\"primaryImageOfPage\":{\"@id\":\"https:\/\/globdocuments.com\/de\/produkt\/buy-fake-swiss-franc-online\/#primaryimage\"},\"image\":{\"@id\":\"https:\/\/globdocuments.com\/de\/produkt\/buy-fake-swiss-franc-online\/#primaryimage\"},\"thumbnailUrl\":\"https:\/\/globdocuments.com\/wp-content\/uploads\/2021\/10\/1-9.png\",\"datePublished\":\"2021-10-04T06:59:33+00:00\",\"dateModified\":\"2025-08-21T09:57:33+00:00\",\"description\":\"Searching to buy fake swiss franc online? Then you are at the right place. Glob Documents provide safe and fast worldwide delivery at the best price.\",\"breadcrumb\":{\"@id\":\"https:\/\/globdocuments.com\/de\/produkt\/buy-fake-swiss-franc-online\/#breadcrumb\"},\"inLanguage\":\"tr\",\"potentialAction\":[{\"@type\":\"ReadAction\",\"target\":[\"https:\/\/globdocuments.com\/de\/produkt\/buy-fake-swiss-franc-online\/\"]}]},{\"@type\":\"ImageObject\",\"inLanguage\":\"tr\",\"@id\":\"https:\/\/globdocuments.com\/de\/produkt\/buy-fake-swiss-franc-online\/#primaryimage\",\"url\":\"https:\/\/globdocuments.com\/wp-content\/uploads\/2021\/10\/1-9.png\",\"contentUrl\":\"https:\/\/globdocuments.com\/wp-content\/uploads\/2021\/10\/1-9.png\",\"width\":450,\"height\":450,\"caption\":\"BUY FAKE SWISS FRANC ONLINE\"},{\"@type\":\"BreadcrumbList\",\"@id\":\"https:\/\/globdocuments.com\/de\/produkt\/buy-fake-swiss-franc-online\/#breadcrumb\",\"itemListElement\":[{\"@type\":\"ListItem\",\"position\":1,\"name\":\"Shop\",\"item\":\"https:\/\/globdocuments.com\/shop\/\"},{\"@type\":\"ListItem\",\"position\":2,\"name\":\"BUY FAKE SWISS FRANC ONLINE\"}]},{\"@type\":\"WebSite\",\"@id\":\"https:\/\/globdocuments.com\/#website\",\"url\":\"https:\/\/globdocuments.com\/\",\"name\":\"\",\"description\":\"Buy real fake documents online\",\"potentialAction\":[{\"@type\":\"SearchAction\",\"target\":{\"@type\":\"EntryPoint\",\"urlTemplate\":\"https:\/\/globdocuments.com\/?s={search_term_string}\"},\"query-input\":{\"@type\":\"PropertyValueSpecification\",\"valueRequired\":true,\"valueName\":\"search_term_string\"}}],\"inLanguage\":\"tr\"}]}<\/script>\n<!-- \/ Yoast SEO plugin. -->","yoast_head_json":{"title":"Almanya'da Online \u0130svi\u00e7re Frang\u0131 Sat\u0131n Al | Glob Documents","description":"Online sahte isvi\u00e7re frang\u0131 sat\u0131n almak m\u0131 istiyorsunuz? O halde do\u011fru yerdesiniz. Glob Documents, en iyi fiyata g\u00fcvenli ve h\u0131zl\u0131 d\u00fcnya \u00e7ap\u0131nda teslimat sa\u011flar.","robots":{"index":"index","follow":"follow","max-snippet":"max-snippet:-1","max-image-preview":"max-image-preview:large","max-video-preview":"max-video-preview:-1"},"canonical":"https:\/\/globdocuments.com\/tr\/produkt\/buy-fake-swiss-franc-online\/","og_locale":"tr_TR","og_type":"article","og_title":"Buy Swiss Francs Online in Germany | Glob Documents","og_description":"Searching to buy fake swiss franc online? Then you are at the right place. Glob Documents provide safe and fast worldwide delivery at the best price.","og_url":"https:\/\/globdocuments.com\/tr\/produkt\/buy-fake-swiss-franc-online\/","article_modified_time":"2025-08-21T09:57:33+00:00","og_image":[{"width":450,"height":450,"url":"https:\/\/globdocuments.com\/wp-content\/uploads\/2021\/10\/1-9.png","type":"image\/png"}],"twitter_card":"summary_large_image","twitter_misc":{"Tahmini okuma s\u00fcresi":"1 dakika"},"schema":{"@context":"https:\/\/schema.org","@graph":[{"@type":"WebPage","@id":"https:\/\/globdocuments.com\/de\/produkt\/buy-fake-swiss-franc-online\/","url":"https:\/\/globdocuments.com\/de\/produkt\/buy-fake-swiss-franc-online\/","name":"Almanya'da Online \u0130svi\u00e7re Frang\u0131 Sat\u0131n Al | Glob Documents","isPartOf":{"@id":"https:\/\/globdocuments.com\/#website"},"primaryImageOfPage":{"@id":"https:\/\/globdocuments.com\/de\/produkt\/buy-fake-swiss-franc-online\/#primaryimage"},"image":{"@id":"https:\/\/globdocuments.com\/de\/produkt\/buy-fake-swiss-franc-online\/#primaryimage"},"thumbnailUrl":"https:\/\/globdocuments.com\/wp-content\/uploads\/2021\/10\/1-9.png","datePublished":"2021-10-04T06:59:33+00:00","dateModified":"2025-08-21T09:57:33+00:00","description":"Online sahte isvi\u00e7re frang\u0131 sat\u0131n almak m\u0131 istiyorsunuz? O halde do\u011fru yerdesiniz. Glob Documents, en iyi fiyata g\u00fcvenli ve h\u0131zl\u0131 d\u00fcnya \u00e7ap\u0131nda teslimat sa\u011flar.","breadcrumb":{"@id":"https:\/\/globdocuments.com\/de\/produkt\/buy-fake-swiss-franc-online\/#breadcrumb"},"inLanguage":"tr","potentialAction":[{"@type":"ReadAction","target":["https:\/\/globdocuments.com\/de\/produkt\/buy-fake-swiss-franc-online\/"]}]},{"@type":"ImageObject","inLanguage":"tr","@id":"https:\/\/globdocuments.com\/de\/produkt\/buy-fake-swiss-franc-online\/#primaryimage","url":"https:\/\/globdocuments.com\/wp-content\/uploads\/2021\/10\/1-9.png","contentUrl":"https:\/\/globdocuments.com\/wp-content\/uploads\/2021\/10\/1-9.png","width":450,"height":450,"caption":"BUY FAKE SWISS FRANC ONLINE"},{"@type":"BreadcrumbList","@id":"https:\/\/globdocuments.com\/de\/produkt\/buy-fake-swiss-franc-online\/#breadcrumb","itemListElement":[{"@type":"ListItem","position":1,"name":"Shop","item":"https:\/\/globdocuments.com\/shop\/"},{"@type":"ListItem","position":2,"name":"BUY FAKE SWISS FRANC ONLINE"}]},{"@type":"WebSite","@id":"https:\/\/globdocuments.com\/#website","url":"https:\/\/globdocuments.com\/","name":"","description":"Online ger\u00e7ek sahte belgeler sat\u0131n al","potentialAction":[{"@type":"SearchAction","target":{"@type":"EntryPoint","urlTemplate":"https:\/\/globdocuments.com\/?s={search_term_string}"},"query-input":{"@type":"PropertyValueSpecification","valueRequired":true,"valueName":"search_term_string"}}],"inLanguage":"tr"}]}},"_links":{"self":[{"href":"https:\/\/globdocuments.com\/tr\/wp-json\/wp\/v2\/product\/192","targetHints":{"allow":["GET"]}}],"collection":[{"href":"https:\/\/globdocuments.com\/tr\/wp-json\/wp\/v2\/product"}],"about":[{"href":"https:\/\/globdocuments.com\/tr\/wp-json\/wp\/v2\/types\/product"}],"replies":[{"embeddable":true,"href":"https:\/\/globdocuments.com\/tr\/wp-json\/wp\/v2\/comments?post=192"}],"wp:featuredmedia":[{"embeddable":true,"href":"https:\/\/globdocuments.com\/tr\/wp-json\/wp\/v2\/media\/211"}],"wp:attachment":[{"href":"https:\/\/globdocuments.com\/tr\/wp-json\/wp\/v2\/media?parent=192"}],"wp:term":[{"taxonomy":"product_brand","embeddable":true,"href":"https:\/\/globdocuments.com\/tr\/wp-json\/wp\/v2\/product_brand?post=192"},{"taxonomy":"product_cat","embeddable":true,"href":"https:\/\/globdocuments.com\/tr\/wp-json\/wp\/v2\/product_cat?post=192"},{"taxonomy":"product_tag","embeddable":true,"href":"https:\/\/globdocuments.com\/tr\/wp-json\/wp\/v2\/product_tag?post=192"}],"curies":[{"name":"wp","href":"https:\/\/api.w.org\/{rel}","templated":true}]}}