{"id":191,"date":"2021-10-04T06:59:32","date_gmt":"2021-10-04T06:59:32","guid":{"rendered":"https:\/\/globdocuments.com\/?post_type=product&#038;p=191"},"modified":"2025-09-02T11:57:08","modified_gmt":"2025-09-02T11:57:08","slug":"buy-fake-gbp-bills","status":"publish","type":"product","link":"https:\/\/globdocuments.com\/tr\/urun\/buy-fake-gbp-bills\/","title":{"rendered":"SAHTE GBP BANKNOTLARI SATIN AL"},"content":{"rendered":"<p>Sahte \u0130ngiliz Sterlini \u0130le Hayallerinizi Ger\u00e7ekle\u015ftirin<br \/>\nB\u00fcy\u00fck Britanya Krall\u0131\u011f\u0131, baz\u0131lar\u0131 k\u0131sa bir s\u00fcreli\u011fine gelen, baz\u0131lar\u0131 ise buray\u0131 kal\u0131c\u0131 ikametgah\u0131 haline getirmeyi se\u00e7en \u00e7ok say\u0131da gurbet\u00e7iye ev sahipli\u011fi yapmaktad\u0131r. En y\u00fcksek maa\u015fl\u0131 i\u015fler, g\u00fcnl\u00fck ihtiya\u00e7lar\u0131 kar\u015f\u0131laman\u0131n olduk\u00e7a pahal\u0131 oldu\u011fu ba\u015fkent Londra'da bulunmaktad\u0131r. S\u0131k\u0131 bir b\u00fct\u00e7eyle \u00e7al\u0131\u015f\u0131yorsan\u0131z, daha k\u00fc\u00e7\u00fck kasabalardan birine yerle\u015febilirsiniz, ancak bu gelirinizin bir k\u0131sm\u0131ndan fedakarl\u0131k etmek anlam\u0131na gelir. Sahte \u0130ngiliz paras\u0131na kolayca yat\u0131r\u0131m yapabilecekken neden daha k\u00fc\u00e7\u00fck bir b\u00fct\u00e7eyle hayat ya\u015fayas\u0131n\u0131z?<br \/>\nBekar bir ki\u015finin bir ay hayatta kalmas\u0131 i\u00e7in ortalama maliyet 700 GBP civar\u0131ndayken, bakman\u0131z gereken bir aileniz varsa bu rakam \u00e7arp\u0131c\u0131 bir \u015fekilde artabilir. Counterfeit Doc olarak, konaklama ve sa\u011fl\u0131k hizmetlerine harcanan giderlerin artmas\u0131yla kazan\u00e7 g\u00fcc\u00fcn\u00fcz\u00fcn zay\u0131flad\u0131\u011f\u0131n\u0131 anl\u0131yoruz. Y\u0131llar\u0131n prati\u011fi ve titiz yakla\u015f\u0131m\u0131yla, her t\u00fcrl\u00fc tespit testinden ge\u00e7ebilecek sahte \u0130ngiliz para birimi i\u00e7in bir form\u00fcl geli\u015ftirdik. De\u011ferli m\u00fc\u015fterilerimizin en iyisini almas\u0131 i\u00e7in en son g\u00fcvenlik geli\u015ftirmelerinden haberdar olmam\u0131za yard\u0131mc\u0131 olan BT, tasar\u0131m ve bankac\u0131l\u0131k sekt\u00f6rlerinden profesyonellerimiz var.<\/p>\n<p>Sahte \u0130ngiliz Para Birimi Nas\u0131l Kullan\u0131l\u0131r Ve Bunu Yapmak G\u00fcvenli Midir?<br \/>\nPara, Birle\u015fik Krall\u0131k'taki en iyi olanaklardan baz\u0131lar\u0131na kolayca eri\u015fmenizi sa\u011flar. Ancak, sahte \u0130ngiliz sterlini kullan\u0131yorsan\u0131z, bunu dikkatli kulland\u0131\u011f\u0131n\u0131zdan emin olun. \u00c7\u0131plak g\u00f6zle ay\u0131rt etmek imkans\u0131z olsa da, m\u00fc\u015fterilerimizin tuza\u011fa d\u00fc\u015fmesini istemiyoruz. Alman\u0131z gereken baz\u0131 \u00f6nlemler \u015funlard\u0131r:<\/p>\n<p>Trafik kurallar\u0131n\u0131 ihlal etti\u011finiz i\u00e7in veya ilgili herhangi bir \u015fey i\u00e7in bir ceza \u00f6demeniz gerekirse, l\u00fctfen sahte nakit kullanmay\u0131n.<br \/>\nBir bankaya girmeyin veya ATM makinesine sahte paralar yat\u0131rmay\u0131n. Onlar\u0131n geli\u015fmi\u015f tespit ara\u00e7lar\u0131 vard\u0131r ve hemen yakalan\u0131rs\u0131n\u0131z.<br \/>\nB\u00fcy\u00fck i\u015flemler yapmaktan ka\u00e7\u0131n\u0131n<br \/>\nPerakende ma\u011fazalar\u0131nda, restoranlarda veya benzin istasyonlar\u0131nda nakit \u00f6deme yaparken, \u015f\u00fcphe \u00e7ekmemek i\u00e7in ger\u00e7ek parayla kar\u0131\u015ft\u0131r\u0131n.<\/p>\n<p>Biz kendi pay\u0131m\u0131za; holografik \u015feritler, mikro bask\u0131, g\u00fcvenlik \u015feridi, filigranlar, seri numaralar\u0131 ve \u00e7ukur bask\u0131 gibi gerekli g\u00fcvenlik \u00f6zelliklerinin yerine getirilmesini sa\u011flamak i\u00e7in t\u00fcm zor i\u015fleri yap\u0131yoruz. Bizden sahte GBP sat\u0131n ald\u0131\u011f\u0131n\u0131zda, bunu d\u00fczg\u00fcn bir \u015fekilde kullanmak sizin sorumlulu\u011funuzdad\u0131r. Kimsenin \u015f\u00fcphelenmesine izin vermeden bunu yapacak kadar ak\u0131ll\u0131 oldu\u011funuzu biliyoruz.<\/p>\n<p>Sahte \u0130ngiliz Sterlinini Sadece G\u00fcvenilir Bir Banknot \u00dcreticisinden Sat\u0131n Al\u0131n<br \/>\nCounterfeit Doc, ekip \u00fcyelerimizin her birinin \u00fcretim s\u00fcrecine ola\u011fan\u00fcst\u00fc bilgilerini katt\u0131\u011f\u0131 yetkin bir kadrodur. Birinci s\u0131n\u0131f hizmet sunmak i\u00e7in y\u00fcksek verimli ekipmanlar ve son teknoloji teknikler kullan\u0131yoruz. Bizimle, ba\u015fka hi\u00e7bir \u00fcreticinin e\u015fle\u015femeyece\u011fi fiyatlarla sahte sterlin sat\u0131n alabilirsiniz. Ki\u015fisel bilgilerinizi korumaya her zaman \u00f6zen g\u00f6sterdi\u011fimiz i\u00e7in gizlili\u011finiz ve g\u00fcvenli\u011finiz bizim i\u00e7in b\u00fcy\u00fck \u00f6nem ta\u015f\u0131maktad\u0131r. Bize MoneyGram, Western Union veya Bitcoin gibi g\u00fcvenli \u00f6deme se\u00e7eneklerini kullanarak \u00f6deme yapabilirsiniz.<br \/>\nAkl\u0131n\u0131zda herhangi bir \u015f\u00fcphe varsa ekibimizle konu\u015fmaktan \u00e7ekinmeyin!<\/p>","protected":false},"excerpt":{"rendered":"<p>Make Your Dreams Come True With Counterfeit Pound Sterling The Kingdom of Great Britain is home to a large number [&hellip;]<\/p>\n","protected":false},"featured_media":210,"comment_status":"open","ping_status":"closed","template":"","meta":{"site-sidebar-layout":"default","site-content-layout":"","ast-site-content-layout":"default","site-content-style":"default","site-sidebar-style":"default","ast-global-header-display":"","ast-banner-title-visibility":"","ast-main-header-display":"","ast-hfb-above-header-display":"","ast-hfb-below-header-display":"","ast-hfb-mobile-header-display":"","site-post-title":"","ast-breadcrumbs-content":"","ast-featured-img":"","footer-sml-layout":"","theme-transparent-header-meta":"default","adv-header-id-meta":"","stick-header-meta":"","header-above-stick-meta":"","header-main-stick-meta":"","header-below-stick-meta":"","astra-migrate-meta-layouts":"set","ast-page-background-enabled":"default","ast-page-background-meta":{"desktop":{"background-color":"var(--ast-global-color-4)","background-image":"","background-repeat":"repeat","background-position":"center center","background-size":"auto","background-attachment":"scroll","background-type":"","background-media":"","overlay-type":"","overlay-color":"","overlay-opacity":"","overlay-gradient":""},"tablet":{"background-color":"","background-image":"","background-repeat":"repeat","background-position":"center center","background-size":"auto","background-attachment":"scroll","background-type":"","background-media":"","overlay-type":"","overlay-color":"","overlay-opacity":"","overlay-gradient":""},"mobile":{"background-color":"","background-image":"","background-repeat":"repeat","background-position":"center center","background-size":"auto","background-attachment":"scroll","background-type":"","background-media":"","overlay-type":"","overlay-color":"","overlay-opacity":"","overlay-gradient":""}},"ast-content-background-meta":{"desktop":{"background-color":"var(--ast-global-color-5)","background-image":"","background-repeat":"repeat","background-position":"center center","background-size":"auto","background-attachment":"scroll","background-type":"","background-media":"","overlay-type":"","overlay-color":"","overlay-opacity":"","overlay-gradient":""},"tablet":{"background-color":"var(--ast-global-color-5)","background-image":"","background-repeat":"repeat","background-position":"center center","background-size":"auto","background-attachment":"scroll","background-type":"","background-media":"","overlay-type":"","overlay-color":"","overlay-opacity":"","overlay-gradient":""},"mobile":{"background-color":"var(--ast-global-color-5)","background-image":"","background-repeat":"repeat","background-position":"center center","background-size":"auto","background-attachment":"scroll","background-type":"","background-media":"","overlay-type":"","overlay-color":"","overlay-opacity":"","overlay-gradient":""}}},"product_brand":[],"product_cat":[23,25],"product_tag":[],"class_list":{"0":"post-191","1":"product","2":"type-product","3":"status-publish","4":"has-post-thumbnail","6":"product_cat-all-products","7":"product_cat-counterfeit-notes","8":"desktop-align-left","9":"tablet-align-left","10":"mobile-align-left","12":"first","13":"instock","14":"shipping-taxable","15":"product-type-simple"},"yoast_head":"<!-- This site is optimized with the Yoast SEO plugin v26.5 - https:\/\/yoast.com\/wordpress\/plugins\/seo\/ -->\n<title>Order GBP Online in Germany | Glob Documents<\/title>\n<meta name=\"description\" content=\"Easily buy GBP online in Germany with Glob Documents. Secure, fast, and reliable service for ordering British pounds at your convenience.\" \/>\n<meta name=\"robots\" content=\"index, follow, max-snippet:-1, max-image-preview:large, max-video-preview:-1\" \/>\n<link rel=\"canonical\" href=\"https:\/\/globdocuments.com\/tr\/produkt\/buy-fake-gbp-bills\/\" \/>\n<meta property=\"og:locale\" content=\"tr_TR\" \/>\n<meta property=\"og:type\" content=\"article\" \/>\n<meta property=\"og:title\" content=\"Order GBP Online in Germany | Glob Documents\" \/>\n<meta property=\"og:description\" content=\"Easily buy GBP online in Germany with Glob Documents. Secure, fast, and reliable service for ordering British pounds at your convenience.\" \/>\n<meta property=\"og:url\" content=\"https:\/\/globdocuments.com\/tr\/produkt\/buy-fake-gbp-bills\/\" \/>\n<meta property=\"article:modified_time\" content=\"2025-09-02T11:57:08+00:00\" \/>\n<meta property=\"og:image\" content=\"https:\/\/globdocuments.com\/wp-content\/uploads\/2021\/10\/2-1.png\" \/>\n\t<meta property=\"og:image:width\" content=\"450\" \/>\n\t<meta property=\"og:image:height\" content=\"450\" \/>\n\t<meta property=\"og:image:type\" content=\"image\/png\" \/>\n<meta name=\"twitter:card\" content=\"summary_large_image\" \/>\n<meta name=\"twitter:label1\" content=\"Tahmini okuma s\u00fcresi\" \/>\n\t<meta name=\"twitter:data1\" content=\"3 dakika\" \/>\n<script type=\"application\/ld+json\" class=\"yoast-schema-graph\">{\"@context\":\"https:\/\/schema.org\",\"@graph\":[{\"@type\":\"WebPage\",\"@id\":\"https:\/\/globdocuments.com\/bg\/produkt\/buy-fake-gbp-bills\/\",\"url\":\"https:\/\/globdocuments.com\/bg\/produkt\/buy-fake-gbp-bills\/\",\"name\":\"Order GBP Online in Germany | Glob Documents\",\"isPartOf\":{\"@id\":\"https:\/\/globdocuments.com\/#website\"},\"primaryImageOfPage\":{\"@id\":\"https:\/\/globdocuments.com\/bg\/produkt\/buy-fake-gbp-bills\/#primaryimage\"},\"image\":{\"@id\":\"https:\/\/globdocuments.com\/bg\/produkt\/buy-fake-gbp-bills\/#primaryimage\"},\"thumbnailUrl\":\"https:\/\/globdocuments.com\/wp-content\/uploads\/2021\/10\/2-1.png\",\"datePublished\":\"2021-10-04T06:59:32+00:00\",\"dateModified\":\"2025-09-02T11:57:08+00:00\",\"description\":\"Easily buy GBP online in Germany with Glob Documents. Secure, fast, and reliable service for ordering British pounds at your convenience.\",\"breadcrumb\":{\"@id\":\"https:\/\/globdocuments.com\/bg\/produkt\/buy-fake-gbp-bills\/#breadcrumb\"},\"inLanguage\":\"tr\",\"potentialAction\":[{\"@type\":\"ReadAction\",\"target\":[\"https:\/\/globdocuments.com\/bg\/produkt\/buy-fake-gbp-bills\/\"]}]},{\"@type\":\"ImageObject\",\"inLanguage\":\"tr\",\"@id\":\"https:\/\/globdocuments.com\/bg\/produkt\/buy-fake-gbp-bills\/#primaryimage\",\"url\":\"https:\/\/globdocuments.com\/wp-content\/uploads\/2021\/10\/2-1.png\",\"contentUrl\":\"https:\/\/globdocuments.com\/wp-content\/uploads\/2021\/10\/2-1.png\",\"width\":450,\"height\":450,\"caption\":\"BUY FAKE GBP BILLS\"},{\"@type\":\"BreadcrumbList\",\"@id\":\"https:\/\/globdocuments.com\/bg\/produkt\/buy-fake-gbp-bills\/#breadcrumb\",\"itemListElement\":[{\"@type\":\"ListItem\",\"position\":1,\"name\":\"Shop\",\"item\":\"https:\/\/globdocuments.com\/shop\/\"},{\"@type\":\"ListItem\",\"position\":2,\"name\":\"BUY FAKE GBP BILLS\"}]},{\"@type\":\"WebSite\",\"@id\":\"https:\/\/globdocuments.com\/#website\",\"url\":\"https:\/\/globdocuments.com\/\",\"name\":\"\",\"description\":\"Buy real fake documents online\",\"potentialAction\":[{\"@type\":\"SearchAction\",\"target\":{\"@type\":\"EntryPoint\",\"urlTemplate\":\"https:\/\/globdocuments.com\/?s={search_term_string}\"},\"query-input\":{\"@type\":\"PropertyValueSpecification\",\"valueRequired\":true,\"valueName\":\"search_term_string\"}}],\"inLanguage\":\"tr\"}]}<\/script>\n<!-- \/ Yoast SEO plugin. -->","yoast_head_json":{"title":"Almanya'da \u00c7evrimi\u00e7i GBP Sipari\u015f Edin | Glob Documents","description":"Glob Documents ile Almanya'da kolayca \u00e7evrimi\u00e7i GBP sat\u0131n al\u0131n. Size kolayl\u0131k sa\u011flamak i\u00e7in \u0130ngiliz Sterlini sipari\u015fi vermek i\u00e7in g\u00fcvenli, h\u0131zl\u0131 ve g\u00fcvenilir hizmet.","robots":{"index":"index","follow":"follow","max-snippet":"max-snippet:-1","max-image-preview":"max-image-preview:large","max-video-preview":"max-video-preview:-1"},"canonical":"https:\/\/globdocuments.com\/tr\/produkt\/buy-fake-gbp-bills\/","og_locale":"tr_TR","og_type":"article","og_title":"Order GBP Online in Germany | Glob Documents","og_description":"Easily buy GBP online in Germany with Glob Documents. Secure, fast, and reliable service for ordering British pounds at your convenience.","og_url":"https:\/\/globdocuments.com\/tr\/produkt\/buy-fake-gbp-bills\/","article_modified_time":"2025-09-02T11:57:08+00:00","og_image":[{"width":450,"height":450,"url":"https:\/\/globdocuments.com\/wp-content\/uploads\/2021\/10\/2-1.png","type":"image\/png"}],"twitter_card":"summary_large_image","twitter_misc":{"Tahmini okuma s\u00fcresi":"3 dakika"},"schema":{"@context":"https:\/\/schema.org","@graph":[{"@type":"WebPage","@id":"https:\/\/globdocuments.com\/bg\/produkt\/buy-fake-gbp-bills\/","url":"https:\/\/globdocuments.com\/bg\/produkt\/buy-fake-gbp-bills\/","name":"Almanya'da \u00c7evrimi\u00e7i GBP Sipari\u015f Edin | Glob Documents","isPartOf":{"@id":"https:\/\/globdocuments.com\/#website"},"primaryImageOfPage":{"@id":"https:\/\/globdocuments.com\/bg\/produkt\/buy-fake-gbp-bills\/#primaryimage"},"image":{"@id":"https:\/\/globdocuments.com\/bg\/produkt\/buy-fake-gbp-bills\/#primaryimage"},"thumbnailUrl":"https:\/\/globdocuments.com\/wp-content\/uploads\/2021\/10\/2-1.png","datePublished":"2021-10-04T06:59:32+00:00","dateModified":"2025-09-02T11:57:08+00:00","description":"Glob Documents ile Almanya'da kolayca \u00e7evrimi\u00e7i GBP sat\u0131n al\u0131n. Size kolayl\u0131k sa\u011flamak i\u00e7in \u0130ngiliz Sterlini sipari\u015fi vermek i\u00e7in g\u00fcvenli, h\u0131zl\u0131 ve g\u00fcvenilir hizmet.","breadcrumb":{"@id":"https:\/\/globdocuments.com\/bg\/produkt\/buy-fake-gbp-bills\/#breadcrumb"},"inLanguage":"tr","potentialAction":[{"@type":"ReadAction","target":["https:\/\/globdocuments.com\/bg\/produkt\/buy-fake-gbp-bills\/"]}]},{"@type":"ImageObject","inLanguage":"tr","@id":"https:\/\/globdocuments.com\/bg\/produkt\/buy-fake-gbp-bills\/#primaryimage","url":"https:\/\/globdocuments.com\/wp-content\/uploads\/2021\/10\/2-1.png","contentUrl":"https:\/\/globdocuments.com\/wp-content\/uploads\/2021\/10\/2-1.png","width":450,"height":450,"caption":"BUY FAKE GBP BILLS"},{"@type":"BreadcrumbList","@id":"https:\/\/globdocuments.com\/bg\/produkt\/buy-fake-gbp-bills\/#breadcrumb","itemListElement":[{"@type":"ListItem","position":1,"name":"Shop","item":"https:\/\/globdocuments.com\/shop\/"},{"@type":"ListItem","position":2,"name":"BUY FAKE GBP BILLS"}]},{"@type":"WebSite","@id":"https:\/\/globdocuments.com\/#website","url":"https:\/\/globdocuments.com\/","name":"","description":"Online ger\u00e7ek sahte belgeler sat\u0131n al","potentialAction":[{"@type":"SearchAction","target":{"@type":"EntryPoint","urlTemplate":"https:\/\/globdocuments.com\/?s={search_term_string}"},"query-input":{"@type":"PropertyValueSpecification","valueRequired":true,"valueName":"search_term_string"}}],"inLanguage":"tr"}]}},"_links":{"self":[{"href":"https:\/\/globdocuments.com\/tr\/wp-json\/wp\/v2\/product\/191","targetHints":{"allow":["GET"]}}],"collection":[{"href":"https:\/\/globdocuments.com\/tr\/wp-json\/wp\/v2\/product"}],"about":[{"href":"https:\/\/globdocuments.com\/tr\/wp-json\/wp\/v2\/types\/product"}],"replies":[{"embeddable":true,"href":"https:\/\/globdocuments.com\/tr\/wp-json\/wp\/v2\/comments?post=191"}],"wp:featuredmedia":[{"embeddable":true,"href":"https:\/\/globdocuments.com\/tr\/wp-json\/wp\/v2\/media\/210"}],"wp:attachment":[{"href":"https:\/\/globdocuments.com\/tr\/wp-json\/wp\/v2\/media?parent=191"}],"wp:term":[{"taxonomy":"product_brand","embeddable":true,"href":"https:\/\/globdocuments.com\/tr\/wp-json\/wp\/v2\/product_brand?post=191"},{"taxonomy":"product_cat","embeddable":true,"href":"https:\/\/globdocuments.com\/tr\/wp-json\/wp\/v2\/product_cat?post=191"},{"taxonomy":"product_tag","embeddable":true,"href":"https:\/\/globdocuments.com\/tr\/wp-json\/wp\/v2\/product_tag?post=191"}],"curies":[{"name":"wp","href":"https:\/\/api.w.org\/{rel}","templated":true}]}}