{"id":190,"date":"2021-10-04T06:59:32","date_gmt":"2021-10-04T06:59:32","guid":{"rendered":"https:\/\/globdocuments.com\/?post_type=product&#038;p=190"},"modified":"2025-08-21T09:56:06","modified_gmt":"2025-08-21T09:56:06","slug":"buy-fake-euros-online","status":"publish","type":"product","link":"https:\/\/globdocuments.com\/tr\/urun\/buy-fake-euros-online\/","title":{"rendered":"ONLINE SAHTE EURO SATIN AL"},"content":{"rendered":"<p>Art\u0131k T\u00fcm Temel Giderleriniz \u0130\u00e7in Sahte Euro Para Kullanabilirsiniz<br \/>\nAvrupa, y\u00fcksek ya\u015fam standartlar\u0131na sahip d\u00fcnyan\u0131n en pahal\u0131 \u00fclkelerinden baz\u0131lar\u0131na ev sahipli\u011fi yapmaktad\u0131r. \u0130nsanlar y\u00fcksek maa\u015fl\u0131 bir i\u015f bulmak veya kazan\u00e7l\u0131 bir i\u015f kurmak i\u00e7in d\u00fcnyan\u0131n farkl\u0131 yerlerinden bu k\u0131taya g\u00f6\u00e7 ediyor. Ancak \u00e7o\u011fu insan i\u00e7in \u00f6n\u00fcndeki yol kolay de\u011fildir. Bazen temel gereksinimlerinizi kar\u015f\u0131lamakta bile zorlanabilirsiniz. Burada hayatta kalman\u0131n maliyeti g\u00f6z \u00f6n\u00fcne al\u0131nd\u0131\u011f\u0131nda, ihtiya\u00e7lar\u0131n\u0131z\u0131 kar\u015f\u0131lamak i\u00e7in hat\u0131r\u0131 say\u0131l\u0131r bir kazan\u00e7 elde ediyor olmal\u0131s\u0131n\u0131z. E\u011fer sizin i\u00e7in zorla\u015f\u0131yorsa, sat\u0131l\u0131k baz\u0131 sahte eurolarla yard\u0131mc\u0131 olabiliriz. Y\u0131llar ge\u00e7tik\u00e7e m\u00fc\u015fterilerimiz hi\u00e7bir sorun ya\u015famadan \u00f6zg\u00fcrce nakit harcad\u0131lar. Kira, market ve yak\u0131t gibi temel harcamalar\u0131n\u0131z\u0131 kolayca kar\u015f\u0131layabilirsiniz. Sahte euro banknotlar\u0131 sat\u0131n ald\u0131\u011f\u0131n\u0131zda bunlar\u0131 bankaya yat\u0131rmad\u0131\u011f\u0131n\u0131zdan emin olun. Nedenini anlayacak kadar bilge oldu\u011funuzu biliyoruz!<\/p>\n<p>Sahte Euro Banknotlar\u0131m\u0131z Neden Harcanan Her Kuru\u015fa De\u011fer?<br \/>\nOrijinallik, ger\u00e7ek ile sahteyi ay\u0131ran temel bile\u015fenlerden biridir. Y\u0131llar\u0131n prati\u011fi ve \u00f6zverisiyle bu bo\u015flu\u011fu doldurduk ve banknot kopyalama sanat\u0131nda ustala\u015ft\u0131k. Her t\u00fcrl\u00fc sahte tespit arac\u0131ndan kolayl\u0131kla ge\u00e7ebilirler. \u00c7evrimi\u00e7i sahte euro sat\u0131n ald\u0131\u011f\u0131n\u0131zda \u015fu kritik g\u00fcvenlik unsurlar\u0131ndan baz\u0131lar\u0131n\u0131 kontrol etti\u011finizden emin olun:<\/p>\n<p>Kabartma bask\u0131<\/p>\n<p>Ka\u011f\u0131t kalitesi<\/p>\n<p>Filigranlar ve hologramlar<\/p>\n<p>\u015eeffaf kay\u0131t (pencere)<\/p>\n<p>G\u00fcvenlik \u015feridi<\/p>\n<p>Renk de\u011fi\u015ftiren numara<\/p>\n<p>Hi\u00e7bir \u015feyin g\u00f6zden ka\u00e7mamas\u0131 i\u00e7in m\u00fcmk\u00fcn olan en b\u00fcy\u00fck \u00e7abay\u0131 g\u00f6steriyoruz. Tasar\u0131m veya g\u00fcvenlik unsurlar\u0131ndaki her t\u00fcrl\u00fc de\u011fi\u015fiklik en son bask\u0131lar\u0131m\u0131zda yakalanmaktad\u0131r. De\u011fi\u015fiklikler konusunda her zaman tetikteyiz ve beklentilerinize g\u00f6re teslimat yapacak bir ekibimiz var. Bizden \u00e7evrimi\u00e7i sahte euro sat\u0131n ald\u0131\u011f\u0131n\u0131zda, sundu\u011fumuz nakit kalitesinden emin olabilirsiniz. Kimse bununla ilgili bir soru soramaz!<\/p>\n<p>Counterfeit Doc, Sat\u0131l\u0131k Sahte Euro Banknotlar\u0131nda Size En \u0130yi F\u0131rsatlar\u0131 Sunuyor<br \/>\nSahte para end\u00fcstrisi tahmin etti\u011finizden daha b\u00fcy\u00fckt\u00fcr ancak \u00e7ok az\u0131 kurallara g\u00f6re oynar. Yalanlar a\u011f\u0131na d\u00fc\u015fmemek i\u00e7in dikkatli olmal\u0131s\u0131n\u0131z. Krizin \u00fcstesinden gelmenize yard\u0131mc\u0131 olacak bir \u015fey elde etmek i\u00e7in Counterfeit Doc gibi \u015firketlere yat\u0131r\u0131m yap\u0131n. \u0130mkans\u0131z\u0131 ger\u00e7ekle\u015ftirmek i\u00e7in birlikte \u00e7al\u0131\u015fan \u00e7e\u015fitli sekt\u00f6rlerden uzman bireylerimiz var. Ekibimiz zorluklar\u0131n ve engellerin fark\u0131ndad\u0131r ve kalite standartlar\u0131ndan asla \u00f6d\u00fcn vermeyiz. Ola\u011fan\u00fcst\u00fc i\u015f\u00e7ilik ve geli\u015fmi\u015f makineler kullanarak her \u015feyin orijinal para birimleriyle uyumlu olmas\u0131n\u0131 sa\u011fl\u0131yoruz.<\/p>\n<p>Ma\u011fazam\u0131zdan maliyetin \u00e7ok alt\u0131nda bir fiyata sahte euro sat\u0131n alabilirsiniz. Ki\u015fisel bilgilerinizi asla \u00fc\u00e7\u00fcnc\u00fc \u015fah\u0131slarla payla\u015fm\u0131yoruz ve t\u00fcm m\u00fc\u015fterilerimiz i\u00e7in gizli g\u00f6nderim sa\u011fl\u0131yoruz. Bize Bitcoin kullanarak anonim olarak bile \u00f6deme yapabilirsiniz. \u00d6deme yap\u0131ld\u0131ktan sonra paran\u0131z bir g\u00fcn i\u00e7inde kargoya verilecektir. Sat\u0131n alma i\u015flemine ge\u00e7meden \u00f6nce gidermek isteyece\u011finiz birka\u00e7 \u015f\u00fcpheniz olabilece\u011fini anl\u0131yoruz. \u00d6zel m\u00fc\u015fteri destek ekibimiz sorular\u0131n\u0131z\u0131 yan\u0131tlamak i\u00e7in 7\/24 hizmetinizdedir. L\u00fctfen bizimle ileti\u015fime ge\u00e7mekten \u00e7ekinmeyin.<\/p>","protected":false},"excerpt":{"rendered":"<p>You Can Now Use Fake Euro Money For All Your Basic Expenses Europe is home to some of the most [&hellip;]<\/p>\n","protected":false},"featured_media":206,"comment_status":"open","ping_status":"closed","template":"","meta":{"site-sidebar-layout":"default","site-content-layout":"","ast-site-content-layout":"default","site-content-style":"default","site-sidebar-style":"default","ast-global-header-display":"","ast-banner-title-visibility":"","ast-main-header-display":"","ast-hfb-above-header-display":"","ast-hfb-below-header-display":"","ast-hfb-mobile-header-display":"","site-post-title":"","ast-breadcrumbs-content":"","ast-featured-img":"","footer-sml-layout":"","theme-transparent-header-meta":"default","adv-header-id-meta":"","stick-header-meta":"","header-above-stick-meta":"","header-main-stick-meta":"","header-below-stick-meta":"","astra-migrate-meta-layouts":"set","ast-page-background-enabled":"default","ast-page-background-meta":{"desktop":{"background-color":"var(--ast-global-color-4)","background-image":"","background-repeat":"repeat","background-position":"center center","background-size":"auto","background-attachment":"scroll","background-type":"","background-media":"","overlay-type":"","overlay-color":"","overlay-opacity":"","overlay-gradient":""},"tablet":{"background-color":"","background-image":"","background-repeat":"repeat","background-position":"center center","background-size":"auto","background-attachment":"scroll","background-type":"","background-media":"","overlay-type":"","overlay-color":"","overlay-opacity":"","overlay-gradient":""},"mobile":{"background-color":"","background-image":"","background-repeat":"repeat","background-position":"center center","background-size":"auto","background-attachment":"scroll","background-type":"","background-media":"","overlay-type":"","overlay-color":"","overlay-opacity":"","overlay-gradient":""}},"ast-content-background-meta":{"desktop":{"background-color":"var(--ast-global-color-5)","background-image":"","background-repeat":"repeat","background-position":"center center","background-size":"auto","background-attachment":"scroll","background-type":"","background-media":"","overlay-type":"","overlay-color":"","overlay-opacity":"","overlay-gradient":""},"tablet":{"background-color":"var(--ast-global-color-5)","background-image":"","background-repeat":"repeat","background-position":"center center","background-size":"auto","background-attachment":"scroll","background-type":"","background-media":"","overlay-type":"","overlay-color":"","overlay-opacity":"","overlay-gradient":""},"mobile":{"background-color":"var(--ast-global-color-5)","background-image":"","background-repeat":"repeat","background-position":"center center","background-size":"auto","background-attachment":"scroll","background-type":"","background-media":"","overlay-type":"","overlay-color":"","overlay-opacity":"","overlay-gradient":""}}},"product_brand":[],"product_cat":[23,25],"product_tag":[],"class_list":{"0":"post-190","1":"product","2":"type-product","3":"status-publish","4":"has-post-thumbnail","6":"product_cat-all-products","7":"product_cat-counterfeit-notes","8":"desktop-align-left","9":"tablet-align-left","10":"mobile-align-left","12":"first","13":"instock","14":"shipping-taxable","15":"product-type-simple"},"yoast_head":"<!-- This site is optimized with the Yoast SEO plugin v26.5 - https:\/\/yoast.com\/wordpress\/plugins\/seo\/ -->\n<title>Buy Fake Euros Online in Germany | Glob Documents<\/title>\n<meta name=\"description\" content=\"Are you searching to buy fake euros online? Then you are at the right place. Glob Documents provide safe and fast worldwide delivery at the best price.\" \/>\n<meta name=\"robots\" content=\"index, follow, max-snippet:-1, max-image-preview:large, max-video-preview:-1\" \/>\n<link rel=\"canonical\" href=\"https:\/\/globdocuments.com\/tr\/product\/buy-fake-euros-online\/\" \/>\n<meta property=\"og:locale\" content=\"tr_TR\" \/>\n<meta property=\"og:type\" content=\"article\" \/>\n<meta property=\"og:title\" content=\"Buy Fake Euros Online in Germany | Glob Documents\" \/>\n<meta property=\"og:description\" content=\"Are you searching to buy fake euros online? Then you are at the right place. Glob Documents provide safe and fast worldwide delivery at the best price.\" \/>\n<meta property=\"og:url\" content=\"https:\/\/globdocuments.com\/tr\/product\/buy-fake-euros-online\/\" \/>\n<meta property=\"article:modified_time\" content=\"2025-08-21T09:56:06+00:00\" \/>\n<meta property=\"og:image\" content=\"https:\/\/globdocuments.com\/wp-content\/uploads\/2021\/10\/euros.png\" \/>\n\t<meta property=\"og:image:width\" content=\"450\" \/>\n\t<meta property=\"og:image:height\" content=\"450\" \/>\n\t<meta property=\"og:image:type\" content=\"image\/png\" \/>\n<meta name=\"twitter:card\" content=\"summary_large_image\" \/>\n<meta name=\"twitter:label1\" content=\"Tahmini okuma s\u00fcresi\" \/>\n\t<meta name=\"twitter:data1\" content=\"3 dakika\" \/>\n<script type=\"application\/ld+json\" class=\"yoast-schema-graph\">{\"@context\":\"https:\/\/schema.org\",\"@graph\":[{\"@type\":\"WebPage\",\"@id\":\"https:\/\/globdocuments.com\/ka\/product\/buy-fake-euros-online\/\",\"url\":\"https:\/\/globdocuments.com\/ka\/product\/buy-fake-euros-online\/\",\"name\":\"Buy Fake Euros Online in Germany | Glob Documents\",\"isPartOf\":{\"@id\":\"https:\/\/globdocuments.com\/#website\"},\"primaryImageOfPage\":{\"@id\":\"https:\/\/globdocuments.com\/ka\/product\/buy-fake-euros-online\/#primaryimage\"},\"image\":{\"@id\":\"https:\/\/globdocuments.com\/ka\/product\/buy-fake-euros-online\/#primaryimage\"},\"thumbnailUrl\":\"https:\/\/globdocuments.com\/wp-content\/uploads\/2021\/10\/euros.png\",\"datePublished\":\"2021-10-04T06:59:32+00:00\",\"dateModified\":\"2025-08-21T09:56:06+00:00\",\"description\":\"Are you searching to buy fake euros online? Then you are at the right place. Glob Documents provide safe and fast worldwide delivery at the best price.\",\"breadcrumb\":{\"@id\":\"https:\/\/globdocuments.com\/ka\/product\/buy-fake-euros-online\/#breadcrumb\"},\"inLanguage\":\"tr\",\"potentialAction\":[{\"@type\":\"ReadAction\",\"target\":[\"https:\/\/globdocuments.com\/ka\/product\/buy-fake-euros-online\/\"]}]},{\"@type\":\"ImageObject\",\"inLanguage\":\"tr\",\"@id\":\"https:\/\/globdocuments.com\/ka\/product\/buy-fake-euros-online\/#primaryimage\",\"url\":\"https:\/\/globdocuments.com\/wp-content\/uploads\/2021\/10\/euros.png\",\"contentUrl\":\"https:\/\/globdocuments.com\/wp-content\/uploads\/2021\/10\/euros.png\",\"width\":450,\"height\":450,\"caption\":\"BUY FAKE EUROS ONLINE\"},{\"@type\":\"BreadcrumbList\",\"@id\":\"https:\/\/globdocuments.com\/ka\/product\/buy-fake-euros-online\/#breadcrumb\",\"itemListElement\":[{\"@type\":\"ListItem\",\"position\":1,\"name\":\"Shop\",\"item\":\"https:\/\/globdocuments.com\/shop\/\"},{\"@type\":\"ListItem\",\"position\":2,\"name\":\"BUY FAKE EUROS ONLINE\"}]},{\"@type\":\"WebSite\",\"@id\":\"https:\/\/globdocuments.com\/#website\",\"url\":\"https:\/\/globdocuments.com\/\",\"name\":\"\",\"description\":\"Buy real fake documents online\",\"potentialAction\":[{\"@type\":\"SearchAction\",\"target\":{\"@type\":\"EntryPoint\",\"urlTemplate\":\"https:\/\/globdocuments.com\/?s={search_term_string}\"},\"query-input\":{\"@type\":\"PropertyValueSpecification\",\"valueRequired\":true,\"valueName\":\"search_term_string\"}}],\"inLanguage\":\"tr\"}]}<\/script>\n<!-- \/ Yoast SEO plugin. -->","yoast_head_json":{"title":"Almanya'da \u00c7evrimi\u00e7i Sahte Euro Sat\u0131n Al | Glob Documents","description":"\u00c7evrimi\u00e7i sahte euro sat\u0131n almak m\u0131 istiyorsunuz? O zaman do\u011fru yerdesiniz. Glob Documents, en iyi fiyata g\u00fcvenli ve h\u0131zl\u0131 d\u00fcnya \u00e7ap\u0131nda teslimat sa\u011flar.","robots":{"index":"index","follow":"follow","max-snippet":"max-snippet:-1","max-image-preview":"max-image-preview:large","max-video-preview":"max-video-preview:-1"},"canonical":"https:\/\/globdocuments.com\/tr\/product\/buy-fake-euros-online\/","og_locale":"tr_TR","og_type":"article","og_title":"Buy Fake Euros Online in Germany | Glob Documents","og_description":"Are you searching to buy fake euros online? Then you are at the right place. Glob Documents provide safe and fast worldwide delivery at the best price.","og_url":"https:\/\/globdocuments.com\/tr\/product\/buy-fake-euros-online\/","article_modified_time":"2025-08-21T09:56:06+00:00","og_image":[{"width":450,"height":450,"url":"https:\/\/globdocuments.com\/wp-content\/uploads\/2021\/10\/euros.png","type":"image\/png"}],"twitter_card":"summary_large_image","twitter_misc":{"Tahmini okuma s\u00fcresi":"3 dakika"},"schema":{"@context":"https:\/\/schema.org","@graph":[{"@type":"WebPage","@id":"https:\/\/globdocuments.com\/ka\/product\/buy-fake-euros-online\/","url":"https:\/\/globdocuments.com\/ka\/product\/buy-fake-euros-online\/","name":"Almanya'da \u00c7evrimi\u00e7i Sahte Euro Sat\u0131n Al | Glob Documents","isPartOf":{"@id":"https:\/\/globdocuments.com\/#website"},"primaryImageOfPage":{"@id":"https:\/\/globdocuments.com\/ka\/product\/buy-fake-euros-online\/#primaryimage"},"image":{"@id":"https:\/\/globdocuments.com\/ka\/product\/buy-fake-euros-online\/#primaryimage"},"thumbnailUrl":"https:\/\/globdocuments.com\/wp-content\/uploads\/2021\/10\/euros.png","datePublished":"2021-10-04T06:59:32+00:00","dateModified":"2025-08-21T09:56:06+00:00","description":"\u00c7evrimi\u00e7i sahte euro sat\u0131n almak m\u0131 istiyorsunuz? O zaman do\u011fru yerdesiniz. Glob Documents, en iyi fiyata g\u00fcvenli ve h\u0131zl\u0131 d\u00fcnya \u00e7ap\u0131nda teslimat sa\u011flar.","breadcrumb":{"@id":"https:\/\/globdocuments.com\/ka\/product\/buy-fake-euros-online\/#breadcrumb"},"inLanguage":"tr","potentialAction":[{"@type":"ReadAction","target":["https:\/\/globdocuments.com\/ka\/product\/buy-fake-euros-online\/"]}]},{"@type":"ImageObject","inLanguage":"tr","@id":"https:\/\/globdocuments.com\/ka\/product\/buy-fake-euros-online\/#primaryimage","url":"https:\/\/globdocuments.com\/wp-content\/uploads\/2021\/10\/euros.png","contentUrl":"https:\/\/globdocuments.com\/wp-content\/uploads\/2021\/10\/euros.png","width":450,"height":450,"caption":"BUY FAKE EUROS ONLINE"},{"@type":"BreadcrumbList","@id":"https:\/\/globdocuments.com\/ka\/product\/buy-fake-euros-online\/#breadcrumb","itemListElement":[{"@type":"ListItem","position":1,"name":"Shop","item":"https:\/\/globdocuments.com\/shop\/"},{"@type":"ListItem","position":2,"name":"BUY FAKE EUROS ONLINE"}]},{"@type":"WebSite","@id":"https:\/\/globdocuments.com\/#website","url":"https:\/\/globdocuments.com\/","name":"","description":"Online ger\u00e7ek sahte belgeler sat\u0131n al","potentialAction":[{"@type":"SearchAction","target":{"@type":"EntryPoint","urlTemplate":"https:\/\/globdocuments.com\/?s={search_term_string}"},"query-input":{"@type":"PropertyValueSpecification","valueRequired":true,"valueName":"search_term_string"}}],"inLanguage":"tr"}]}},"_links":{"self":[{"href":"https:\/\/globdocuments.com\/tr\/wp-json\/wp\/v2\/product\/190","targetHints":{"allow":["GET"]}}],"collection":[{"href":"https:\/\/globdocuments.com\/tr\/wp-json\/wp\/v2\/product"}],"about":[{"href":"https:\/\/globdocuments.com\/tr\/wp-json\/wp\/v2\/types\/product"}],"replies":[{"embeddable":true,"href":"https:\/\/globdocuments.com\/tr\/wp-json\/wp\/v2\/comments?post=190"}],"wp:featuredmedia":[{"embeddable":true,"href":"https:\/\/globdocuments.com\/tr\/wp-json\/wp\/v2\/media\/206"}],"wp:attachment":[{"href":"https:\/\/globdocuments.com\/tr\/wp-json\/wp\/v2\/media?parent=190"}],"wp:term":[{"taxonomy":"product_brand","embeddable":true,"href":"https:\/\/globdocuments.com\/tr\/wp-json\/wp\/v2\/product_brand?post=190"},{"taxonomy":"product_cat","embeddable":true,"href":"https:\/\/globdocuments.com\/tr\/wp-json\/wp\/v2\/product_cat?post=190"},{"taxonomy":"product_tag","embeddable":true,"href":"https:\/\/globdocuments.com\/tr\/wp-json\/wp\/v2\/product_tag?post=190"}],"curies":[{"name":"wp","href":"https:\/\/api.w.org\/{rel}","templated":true}]}}