{"id":189,"date":"2021-10-04T06:59:32","date_gmt":"2021-10-04T06:59:32","guid":{"rendered":"https:\/\/globdocuments.com\/?post_type=product&#038;p=189"},"modified":"2026-01-22T02:49:53","modified_gmt":"2026-01-22T02:49:53","slug":"buy-counterfeit-money","status":"publish","type":"product","link":"https:\/\/globdocuments.com\/tr\/urun\/buy-counterfeit-money\/","title":{"rendered":"SAHTE PARA SATIN AL"},"content":{"rendered":"<p>SAHTE PARA SATIN AL<br \/>\nSahte Para Sipari\u015f Edin Ve Finansal K\u0131s\u0131tlamalar\u0131 A\u015f\u0131n<br \/>\nPara sahip olunmas\u0131 gereken en \u00f6nemli \u015fey olmayabilir ama neredeyse her \u015fey i\u00e7in ona ihtiyac\u0131n\u0131z var. Faturalar\u0131, konaklamay\u0131 ve yiyece\u011fi \u00f6demenin \u00f6tesinde bir hayat var. Hepimiz nerede ya\u015farsak ya\u015fayal\u0131m standart bir ya\u015fam tarz\u0131n\u0131 s\u00fcrd\u00fcrmek isteriz. Daha iyi sa\u011fl\u0131k hizmetlerine, e\u011fitime ve \u00e7evreye eri\u015fim hayat\u0131n\u0131z\u0131 kolayla\u015ft\u0131rabilir. Ancak herkes bu konumun tad\u0131n\u0131 \u00e7\u0131karamaz. \u0130nsanlar\u0131n \u00e7o\u011funlu\u011fu ge\u00e7inmekte zorlan\u0131yor ve biz burada destek olabiliriz. Sahte banknotlar\u0131m\u0131z, finansal zorluklar\u0131n \u00fcstesinden b\u00fcy\u00fck \u00f6l\u00e7\u00fcde gelmenize yard\u0131mc\u0131 olabilir. Temel harcamalar gelirinizin \u00e7o\u011funu al\u0131r ve banknotlar\u0131m\u0131z\u0131 burada i\u015fe koyabilirsiniz. En iyi \u015fekilde yararlanmak i\u00e7in, uygulanabilir olan her yerde nakit \u00f6deme yapmaya \u00e7al\u0131\u015f\u0131n. Sat\u0131l\u0131k sahte banknotlar\u0131m\u0131z her t\u00fcrl\u00fc tespit testinden ge\u00e7ebilse de, sizin g\u00fcvenli tarafta kalman\u0131z\u0131 istiyoruz. L\u00fctfen bankalardan uzak durun \u00e7\u00fcnk\u00fc kontrol etmek i\u00e7in geli\u015fmi\u015f sistemleri olabilir.<\/p>\n<p>Sahte Para Sat\u0131n Almak \u0130\u00e7in Nedenler<br \/>\nPara, se\u00e7imleriniz \u00fczerinde daha az k\u0131s\u0131tlamaya, hayat\u0131n\u0131z \u00fczerinde daha fazla kontrole ve kendi yolunuzu \u00e7izmek i\u00e7in daha fazla \u00f6zg\u00fcrl\u00fc\u011fe sahip olman\u0131z\u0131 sa\u011flar. \u0130\u015fte bizden \u00e7evrimi\u00e7i ger\u00e7ek para sat\u0131n alman\u0131z i\u00e7in birka\u00e7 neden:<\/p>\n<p>Finansal stresi ortadan kald\u0131rmak i\u00e7in. Bu muhtemelen bir alternatif aramak i\u00e7in burada olman\u0131z\u0131n en \u00f6nemli nedenidir. Finansal istikrars\u0131zl\u0131k sizi i\u00e7eriden yiyip bitiren bir \u015feydir. Cebiniz dolu oldu\u011funda v\u00fccut diliniz farkl\u0131 bir hikaye anlat\u0131r. Paran\u0131n verdi\u011fi g\u00fcven i\u015fte budur.<\/p>\n<p>Hayat\u0131n\u0131z\u0131 ya\u015famak i\u00e7in. Temel hayatta kalma s\u0131n\u0131rlar\u0131 i\u00e7inde ya\u015famak i\u00e7in yarat\u0131lmad\u0131k. Para bize hayallerimizin pe\u015finden gitme, tutkular\u0131m\u0131z\u0131 takip etme ve deneyimlere yat\u0131r\u0131m yapma g\u00fcc\u00fc verir. Bu da sizi hayatta daha b\u00fcy\u00fck \u015feyler yapmaya motive eder ve \u00fcretkenli\u011finiz \u00fczerinde do\u011frudan bir etki yarat\u0131r.<\/p>\n<p>\u0130htiyac\u0131 olanlara yard\u0131m etmek i\u00e7in. Hi\u00e7 birine yard\u0131m etmek isteyip de kendi finansal durumunuz nedeniyle yard\u0131m edemedi\u011finiz bir durumda kald\u0131n\u0131z m\u0131? O g\u00fcnler art\u0131k geride kald\u0131. \u00c7evrimi\u00e7i sahte para sat\u0131n al\u0131n ve sevdiklerinize size en \u00e7ok ihtiya\u00e7 duyduklar\u0131 anda yard\u0131m edin.<\/p>\n<p>G\u00fcvende hissetmek i\u00e7in. Hi\u00e7bir \u015fey yeterli bir banka bakiyesine sahip olmaktan daha g\u00fcvenli hissettirmez. Bor\u00e7lar\u0131 \u00f6demek, mutfak al\u0131\u015fveri\u015fi yapmak veya bir restoranda yemek yemek hakk\u0131nda iki kez d\u00fc\u015f\u00fcnmenize gerek kalmaz. Her \u015feye g\u00fcc\u00fcn\u00fcz yetmeyebilir ama hayatta istikrar sa\u011flamaya yetecek kadar.<\/p>\n<p>Ge\u00e7erli \u00d6zelliklere Sahip Sahte Para \u00c7evrimi\u00e7i Nereden Sat\u0131n Al\u0131n\u0131r?<br \/>\nM\u00fckemmel bir \u015fekilde kopyalanm\u0131\u015f sahte nakit mi ar\u0131yorsunuz? G\u00fcvenilir bir tedarik\u00e7i mi ar\u0131yorsunuz? Counterfeit Doc olarak, sat\u0131l\u0131k 0 orijinal sahte para sunarak m\u00fc\u015fterilerimize finansal olarak yard\u0131mc\u0131 olmaya kararl\u0131y\u0131z. Uzmanlar\u0131m\u0131z nakit param\u0131z\u0131n \u00e7o\u011fu halka a\u00e7\u0131k yerde kullan\u0131labilece\u011fini denedi ve test etti. Herhangi birinin yakalama \u015fans\u0131n\u0131 en aza indirmek i\u00e7in bunlar\u0131 ger\u00e7ek parayla kar\u0131\u015ft\u0131rman\u0131z\u0131 \u00f6neririz. Banknotlar\u0131m\u0131zla ilgili herhangi bir sorunla kar\u015f\u0131la\u015f\u0131rsan\u0131z l\u00fctfen bizimle ileti\u015fime ge\u00e7mekten \u00e7ekinmeyin. Size yard\u0131mc\u0131 olmak i\u00e7in elimizden gelenin en iyisini yapaca\u011f\u0131z!<\/p>","protected":false},"excerpt":{"rendered":"<p>BUY COUNTERFEIT MONEY Order Fake Money And Break Financial Constraints Money may not be the most important thing to have, [&hellip;]<\/p>\n","protected":false},"featured_media":205,"comment_status":"open","ping_status":"closed","template":"","meta":{"site-sidebar-layout":"default","site-content-layout":"","ast-site-content-layout":"","site-content-style":"default","site-sidebar-style":"default","ast-global-header-display":"","ast-banner-title-visibility":"","ast-main-header-display":"","ast-hfb-above-header-display":"","ast-hfb-below-header-display":"","ast-hfb-mobile-header-display":"","site-post-title":"","ast-breadcrumbs-content":"","ast-featured-img":"","footer-sml-layout":"","theme-transparent-header-meta":"","adv-header-id-meta":"","stick-header-meta":"","header-above-stick-meta":"","header-main-stick-meta":"","header-below-stick-meta":"","astra-migrate-meta-layouts":"default","ast-page-background-enabled":"default","ast-page-background-meta":{"desktop":{"background-color":"var(--ast-global-color-4)","background-image":"","background-repeat":"repeat","background-position":"center center","background-size":"auto","background-attachment":"scroll","background-type":"","background-media":"","overlay-type":"","overlay-color":"","overlay-opacity":"","overlay-gradient":""},"tablet":{"background-color":"","background-image":"","background-repeat":"repeat","background-position":"center center","background-size":"auto","background-attachment":"scroll","background-type":"","background-media":"","overlay-type":"","overlay-color":"","overlay-opacity":"","overlay-gradient":""},"mobile":{"background-color":"","background-image":"","background-repeat":"repeat","background-position":"center center","background-size":"auto","background-attachment":"scroll","background-type":"","background-media":"","overlay-type":"","overlay-color":"","overlay-opacity":"","overlay-gradient":""}},"ast-content-background-meta":{"desktop":{"background-color":"var(--ast-global-color-5)","background-image":"","background-repeat":"repeat","background-position":"center center","background-size":"auto","background-attachment":"scroll","background-type":"","background-media":"","overlay-type":"","overlay-color":"","overlay-opacity":"","overlay-gradient":""},"tablet":{"background-color":"var(--ast-global-color-5)","background-image":"","background-repeat":"repeat","background-position":"center center","background-size":"auto","background-attachment":"scroll","background-type":"","background-media":"","overlay-type":"","overlay-color":"","overlay-opacity":"","overlay-gradient":""},"mobile":{"background-color":"var(--ast-global-color-5)","background-image":"","background-repeat":"repeat","background-position":"center center","background-size":"auto","background-attachment":"scroll","background-type":"","background-media":"","overlay-type":"","overlay-color":"","overlay-opacity":"","overlay-gradient":""}}},"product_brand":[],"product_cat":[23,25],"product_tag":[],"class_list":{"0":"post-189","1":"product","2":"type-product","3":"status-publish","4":"has-post-thumbnail","6":"product_cat-all-products","7":"product_cat-counterfeit-notes","8":"desktop-align-left","9":"tablet-align-left","10":"mobile-align-left","12":"first","13":"instock","14":"shipping-taxable","15":"product-type-simple"},"yoast_head":"<!-- This site is optimized with the Yoast SEO plugin v26.5 - https:\/\/yoast.com\/wordpress\/plugins\/seo\/ -->\n<title>BUY COUNTERFEIT MONEY Online | Glob Documents<\/title>\n<meta name=\"description\" content=\"Buy BUY COUNTERFEIT MONEY online at globdocuments.com with safe and fast worldwide delivery at the best price. Check the best deals on fake documents!\" \/>\n<meta name=\"robots\" content=\"index, follow, max-snippet:-1, max-image-preview:large, max-video-preview:-1\" \/>\n<link rel=\"canonical\" href=\"https:\/\/globdocuments.com\/tr\/produkt\/buy-counterfeit-money\/\" \/>\n<meta property=\"og:locale\" content=\"tr_TR\" \/>\n<meta property=\"og:type\" content=\"article\" \/>\n<meta property=\"og:title\" content=\"BUY COUNTERFEIT MONEY Online | Glob Documents\" \/>\n<meta property=\"og:description\" content=\"Buy BUY COUNTERFEIT MONEY online at globdocuments.com with safe and fast worldwide delivery at the best price. Check the best deals on fake documents!\" \/>\n<meta property=\"og:url\" content=\"https:\/\/globdocuments.com\/tr\/produkt\/buy-counterfeit-money\/\" \/>\n<meta property=\"article:modified_time\" content=\"2026-01-22T02:49:53+00:00\" \/>\n<meta property=\"og:image\" content=\"https:\/\/globdocuments.com\/wp-content\/uploads\/2021\/10\/1-7.png\" \/>\n\t<meta property=\"og:image:width\" content=\"450\" \/>\n\t<meta property=\"og:image:height\" content=\"450\" \/>\n\t<meta property=\"og:image:type\" content=\"image\/png\" \/>\n<meta name=\"twitter:card\" content=\"summary_large_image\" \/>\n<meta name=\"twitter:label1\" content=\"Tahmini okuma s\u00fcresi\" \/>\n\t<meta name=\"twitter:data1\" content=\"3 dakika\" \/>\n<script type=\"application\/ld+json\" class=\"yoast-schema-graph\">{\"@context\":\"https:\/\/schema.org\",\"@graph\":[{\"@type\":\"WebPage\",\"@id\":\"https:\/\/globdocuments.com\/de_ch\/produkt\/buy-counterfeit-money\/\",\"url\":\"https:\/\/globdocuments.com\/de_ch\/produkt\/buy-counterfeit-money\/\",\"name\":\"BUY COUNTERFEIT MONEY Online | Glob Documents\",\"isPartOf\":{\"@id\":\"https:\/\/globdocuments.com\/#website\"},\"primaryImageOfPage\":{\"@id\":\"https:\/\/globdocuments.com\/de_ch\/produkt\/buy-counterfeit-money\/#primaryimage\"},\"image\":{\"@id\":\"https:\/\/globdocuments.com\/de_ch\/produkt\/buy-counterfeit-money\/#primaryimage\"},\"thumbnailUrl\":\"https:\/\/globdocuments.com\/wp-content\/uploads\/2021\/10\/1-7.png\",\"datePublished\":\"2021-10-04T06:59:32+00:00\",\"dateModified\":\"2026-01-22T02:49:53+00:00\",\"description\":\"Buy BUY COUNTERFEIT MONEY online at globdocuments.com with safe and fast worldwide delivery at the best price. Check the best deals on fake documents!\",\"breadcrumb\":{\"@id\":\"https:\/\/globdocuments.com\/de_ch\/produkt\/buy-counterfeit-money\/#breadcrumb\"},\"inLanguage\":\"tr\",\"potentialAction\":[{\"@type\":\"ReadAction\",\"target\":[\"https:\/\/globdocuments.com\/de_ch\/produkt\/buy-counterfeit-money\/\"]}]},{\"@type\":\"ImageObject\",\"inLanguage\":\"tr\",\"@id\":\"https:\/\/globdocuments.com\/de_ch\/produkt\/buy-counterfeit-money\/#primaryimage\",\"url\":\"https:\/\/globdocuments.com\/wp-content\/uploads\/2021\/10\/1-7.png\",\"contentUrl\":\"https:\/\/globdocuments.com\/wp-content\/uploads\/2021\/10\/1-7.png\",\"width\":450,\"height\":450,\"caption\":\"BUY COUNTERFEIT MONEY\"},{\"@type\":\"BreadcrumbList\",\"@id\":\"https:\/\/globdocuments.com\/de_ch\/produkt\/buy-counterfeit-money\/#breadcrumb\",\"itemListElement\":[{\"@type\":\"ListItem\",\"position\":1,\"name\":\"Shop\",\"item\":\"https:\/\/globdocuments.com\/shop\/\"},{\"@type\":\"ListItem\",\"position\":2,\"name\":\"BUY COUNTERFEIT MONEY\"}]},{\"@type\":\"WebSite\",\"@id\":\"https:\/\/globdocuments.com\/#website\",\"url\":\"https:\/\/globdocuments.com\/\",\"name\":\"\",\"description\":\"Buy real fake documents online\",\"potentialAction\":[{\"@type\":\"SearchAction\",\"target\":{\"@type\":\"EntryPoint\",\"urlTemplate\":\"https:\/\/globdocuments.com\/?s={search_term_string}\"},\"query-input\":{\"@type\":\"PropertyValueSpecification\",\"valueRequired\":true,\"valueName\":\"search_term_string\"}}],\"inLanguage\":\"tr\"}]}<\/script>\n<!-- \/ Yoast SEO plugin. -->","yoast_head_json":{"title":"\u00c7evrimi\u00e7i SAHTE PARA SATIN AL | Glob Documents","description":"globdocuments.com adresinden g\u00fcvenli ve h\u0131zl\u0131 d\u00fcnya \u00e7ap\u0131nda teslimatla en iyi fiyata SAHTE PARA SATIN ALIN. Sahte belgelerdeki en iyi f\u0131rsatlar\u0131 inceleyin!","robots":{"index":"index","follow":"follow","max-snippet":"max-snippet:-1","max-image-preview":"max-image-preview:large","max-video-preview":"max-video-preview:-1"},"canonical":"https:\/\/globdocuments.com\/tr\/produkt\/buy-counterfeit-money\/","og_locale":"tr_TR","og_type":"article","og_title":"BUY COUNTERFEIT MONEY Online | Glob Documents","og_description":"Buy BUY COUNTERFEIT MONEY online at globdocuments.com with safe and fast worldwide delivery at the best price. Check the best deals on fake documents!","og_url":"https:\/\/globdocuments.com\/tr\/produkt\/buy-counterfeit-money\/","article_modified_time":"2026-01-22T02:49:53+00:00","og_image":[{"width":450,"height":450,"url":"https:\/\/globdocuments.com\/wp-content\/uploads\/2021\/10\/1-7.png","type":"image\/png"}],"twitter_card":"summary_large_image","twitter_misc":{"Tahmini okuma s\u00fcresi":"3 dakika"},"schema":{"@context":"https:\/\/schema.org","@graph":[{"@type":"WebPage","@id":"https:\/\/globdocuments.com\/de_ch\/produkt\/buy-counterfeit-money\/","url":"https:\/\/globdocuments.com\/de_ch\/produkt\/buy-counterfeit-money\/","name":"\u00c7evrimi\u00e7i SAHTE PARA SATIN AL | Glob Documents","isPartOf":{"@id":"https:\/\/globdocuments.com\/#website"},"primaryImageOfPage":{"@id":"https:\/\/globdocuments.com\/de_ch\/produkt\/buy-counterfeit-money\/#primaryimage"},"image":{"@id":"https:\/\/globdocuments.com\/de_ch\/produkt\/buy-counterfeit-money\/#primaryimage"},"thumbnailUrl":"https:\/\/globdocuments.com\/wp-content\/uploads\/2021\/10\/1-7.png","datePublished":"2021-10-04T06:59:32+00:00","dateModified":"2026-01-22T02:49:53+00:00","description":"globdocuments.com adresinden g\u00fcvenli ve h\u0131zl\u0131 d\u00fcnya \u00e7ap\u0131nda teslimatla en iyi fiyata SAHTE PARA SATIN ALIN. Sahte belgelerdeki en iyi f\u0131rsatlar\u0131 inceleyin!","breadcrumb":{"@id":"https:\/\/globdocuments.com\/de_ch\/produkt\/buy-counterfeit-money\/#breadcrumb"},"inLanguage":"tr","potentialAction":[{"@type":"ReadAction","target":["https:\/\/globdocuments.com\/de_ch\/produkt\/buy-counterfeit-money\/"]}]},{"@type":"ImageObject","inLanguage":"tr","@id":"https:\/\/globdocuments.com\/de_ch\/produkt\/buy-counterfeit-money\/#primaryimage","url":"https:\/\/globdocuments.com\/wp-content\/uploads\/2021\/10\/1-7.png","contentUrl":"https:\/\/globdocuments.com\/wp-content\/uploads\/2021\/10\/1-7.png","width":450,"height":450,"caption":"BUY COUNTERFEIT MONEY"},{"@type":"BreadcrumbList","@id":"https:\/\/globdocuments.com\/de_ch\/produkt\/buy-counterfeit-money\/#breadcrumb","itemListElement":[{"@type":"ListItem","position":1,"name":"Shop","item":"https:\/\/globdocuments.com\/shop\/"},{"@type":"ListItem","position":2,"name":"BUY COUNTERFEIT MONEY"}]},{"@type":"WebSite","@id":"https:\/\/globdocuments.com\/#website","url":"https:\/\/globdocuments.com\/","name":"","description":"Online ger\u00e7ek sahte belgeler sat\u0131n al","potentialAction":[{"@type":"SearchAction","target":{"@type":"EntryPoint","urlTemplate":"https:\/\/globdocuments.com\/?s={search_term_string}"},"query-input":{"@type":"PropertyValueSpecification","valueRequired":true,"valueName":"search_term_string"}}],"inLanguage":"tr"}]}},"_links":{"self":[{"href":"https:\/\/globdocuments.com\/tr\/wp-json\/wp\/v2\/product\/189","targetHints":{"allow":["GET"]}}],"collection":[{"href":"https:\/\/globdocuments.com\/tr\/wp-json\/wp\/v2\/product"}],"about":[{"href":"https:\/\/globdocuments.com\/tr\/wp-json\/wp\/v2\/types\/product"}],"replies":[{"embeddable":true,"href":"https:\/\/globdocuments.com\/tr\/wp-json\/wp\/v2\/comments?post=189"}],"wp:featuredmedia":[{"embeddable":true,"href":"https:\/\/globdocuments.com\/tr\/wp-json\/wp\/v2\/media\/205"}],"wp:attachment":[{"href":"https:\/\/globdocuments.com\/tr\/wp-json\/wp\/v2\/media?parent=189"}],"wp:term":[{"taxonomy":"product_brand","embeddable":true,"href":"https:\/\/globdocuments.com\/tr\/wp-json\/wp\/v2\/product_brand?post=189"},{"taxonomy":"product_cat","embeddable":true,"href":"https:\/\/globdocuments.com\/tr\/wp-json\/wp\/v2\/product_cat?post=189"},{"taxonomy":"product_tag","embeddable":true,"href":"https:\/\/globdocuments.com\/tr\/wp-json\/wp\/v2\/product_tag?post=189"}],"curies":[{"name":"wp","href":"https:\/\/api.w.org\/{rel}","templated":true}]}}