{"id":188,"date":"2021-10-04T06:59:32","date_gmt":"2021-10-04T06:59:32","guid":{"rendered":"https:\/\/globdocuments.com\/?post_type=product&#038;p=188"},"modified":"2025-09-02T11:56:29","modified_gmt":"2025-09-02T11:56:29","slug":"buy-canadian-dollars-online","status":"publish","type":"product","link":"https:\/\/globdocuments.com\/tr\/urun\/buy-canadian-dollars-online\/","title":{"rendered":"ONLINE KANADA DOLARI SATIN AL"},"content":{"rendered":"<p>ONLINE KANADA DOLARI SATIN AL<br \/>\n\u0130stedi\u011finiz Her \u015eeyi Alabilmek \u0130\u00e7in Sahte Kanada Para Birimi Sat\u0131n Al\u0131n<br \/>\nKanada gibi bir \u00fclkede ya\u015famak herkesin hayalidir. Sa\u011fl\u0131kl\u0131 bir ekonomi, istikrarl\u0131 siyasi ve ticari ortam, nefes kesen do\u011fa ve di\u011fer pek \u00e7ok avantaj bu destinasyonu g\u00f6\u00e7menler i\u00e7in son derece \u00e7ekici k\u0131lmaktad\u0131r. Sundu\u011fu t\u00fcm faydalara ra\u011fmen, \"B\u00fcy\u00fck Beyaz Kuzey\" ya\u015fanacak en pahal\u0131 yerlerden biridir. Orada yeni bir ba\u015flang\u0131\u00e7 yapmaya karar verirseniz birka\u00e7 s\u00fcrprizle kar\u015f\u0131la\u015fabilirsiniz. G\u0131da, kamu hizmetleri ve konaklama fiyatlar\u0131 sizi haz\u0131rl\u0131ks\u0131z yakalayabilir. \u0130\u015fte tam da bu y\u00fczden finansal durumunuzla ilgilenmeli ve \u00e7ok \u00f6nceden sahte Kanada para birimi sipari\u015f etmelisiniz. \u0130flas etme endi\u015fesi duymadan yeni bir \u00fclkeye ta\u015f\u0131n\u0131n. Bizimle, ay sonunu nas\u0131l getirece\u011finizi d\u00fc\u015f\u00fcnmenize gerek kalmayacak. L\u00fcks otellerden \u015f\u0131k k\u0131yafetlere ve g\u00f6steri\u015fli arabalara kadar her \u015feyden yararlanabilirsiniz.<\/p>\n<p>Counterfeit Doc. hayalinizi ger\u00e7ekle\u015ftirecek. Birinci s\u0131n\u0131f kalitede, tespit edilemeyen sahte Kanada paras\u0131n\u0131 uygun fiyata sat\u0131yoruz. Tekrar ray\u0131na oturman\u0131za ve b\u00fct\u00e7e yapmay\u0131 unutman\u0131za yard\u0131mc\u0131 olaca\u011f\u0131z. Art\u0131k bu muhte\u015fem \u00fclkede hayat\u0131n\u0131z\u0131n tad\u0131n\u0131 \u00e7\u0131kar\u0131rken, sonu\u00e7lar\u0131n\u0131 d\u00fc\u015f\u00fcnmeden \u00f6zg\u00fcrce para harcayabileceksiniz.<\/p>\n<p>Fark Yaratan Sahte Kanada Banknotlar\u0131<br \/>\nSahte banknotlar\u0131m\u0131z t\u0131pk\u0131 ger\u00e7ekleri gibi g\u00f6r\u00fcn\u00fcr ve \u00fczerlerinde 3D \u015feritler, filigranlar, g\u00fcvenlik \u015feritleri ve ince \u00e7izgi desenleri dahil olmak \u00fczere t\u00fcm ayn\u0131 \u00f6zel g\u00fcvenlik \u00f6zelliklerine sahiptir. Dahas\u0131, m\u00fc\u015fterilerimizin ma\u011fazam\u0131zdan yapt\u0131klar\u0131 al\u0131\u015fveri\u015flerden en iyi \u015fekilde yararlanmalar\u0131n\u0131 sa\u011flamak i\u00e7in en \u00fcst d\u00fczey bask\u0131 ve grav\u00fcr teknolojilerini kullan\u0131yoruz. Ger\u00e7ek Avustralya banknotlar\u0131 ile sahte para birimlerimiz aras\u0131ndaki tek fark, sonuncular\u0131n Merkez Bankas\u0131 taraf\u0131ndan bas\u0131lmam\u0131\u015f olmas\u0131d\u0131r, bu da onlar\u0131 yasal k\u0131lmaz. Do\u011fruyu s\u00f6ylemek gerekirse, t\u00fcm para sadece ka\u011f\u0131tt\u0131r. Ancak, bunun yasal olup olmad\u0131\u011f\u0131na karar verme hakk\u0131 sadece h\u00fck\u00fcmete aittir.<\/p>\n<p>Counterfeit Doc. olarak, \u00fcst\u00fcn kaliteli sahte Kanada dolar\u0131 \u00fcretmek i\u00e7in t\u00fcm bilgi ve deneyimlerini kullanan d\u00fcnya \u00e7ap\u0131nda uzmanlar istihdam ediyoruz. Modern ve yenilik\u00e7i ekipmanlar\u0131m\u0131z, uluslararas\u0131 kalite standartlar\u0131na uygun A s\u0131n\u0131f\u0131 \u00fcr\u00fcnler olu\u015fturmam\u0131za olanak tan\u0131r. Bu nedenle Counterfeit Doc.'tan al\u0131\u015fveri\u015f yaparken, sat\u0131l\u0131k sahte CAD paralar\u0131m\u0131z\u0131n polis taraf\u0131ndan yakalanma endi\u015fesi duymadan her yerde \u00f6deme yapman\u0131za imkan tan\u0131yaca\u011f\u0131ndan kesinlikle emin olabilirsiniz.<\/p>\n<p>Finansal Olarak Ba\u011f\u0131ms\u0131z Olmak \u0130\u00e7in Ma\u011fazam\u0131zdan Sahte Kanada Dolar\u0131 Sat\u0131n Al\u0131n<br \/>\nSundu\u011fumuz para biriminin kullan\u0131m\u0131 a\u015fa\u011f\u0131daki nedenlerden dolay\u0131 tamamen g\u00fcvenlidir:<\/p>\n<p>Ger\u00e7ek para ile ayn\u0131 ka\u011f\u0131ttan \u00fcretilirler ( pamuk ve keten)<\/p>\n<p>Seri numaralar\u0131nda uygun m\u00fch\u00fcrler ve yaz\u0131 tipleri kullan\u0131l\u0131r<\/p>\n<p>Hologramlar, metalik \u015feritler ve filigranlar uygulan\u0131r<\/p>\n<p>UV \u0131\u015f\u0131\u011f\u0131 ve kalem kontrolleri dahil t\u00fcm g\u00fcvenlik testlerinden ge\u00e7erler.<\/p>\n<p>Web sitemiz size en keyifli al\u0131\u015fveri\u015f deneyimini sunmak i\u00e7in \u00f6zel olarak tasarlanm\u0131\u015ft\u0131r. \u0130htiyac\u0131n\u0131z olan para birimini, gerekli miktar\u0131 kolayca se\u00e7ebilir ve birka\u00e7 basit ad\u0131mda sipari\u015finizi verebilirsiniz. Bizden sahte Kanada dolar\u0131 sat\u0131n almak kolay ve g\u00fcvenlidir. Sat\u0131l\u0131k sahte CAD paralar\u0131m\u0131z\u0131n kap\u0131n\u0131za kadar h\u0131zl\u0131, g\u00fcvenli ve gizli bir \u015fekilde teslim edilmesini sa\u011fl\u0131yoruz. \u015eirketimiz, t\u00fcm m\u00fc\u015fterilerimize i\u00e7 huzuru i\u00e7in tam anonimlik garanti eder. G\u00fcvenli\u011fi \u00e7ok ciddiye al\u0131yoruz, bu nedenle gizlili\u011finizin hi\u00e7bir \u015fekilde tehlikeye girmeyece\u011fini bilerek i\u00e7iniz rahat olabilir.<\/p>\n<p>\u00dcst\u00fcn kaliteli sahte Kanada banknotlar\u0131 i\u00e7in al\u0131\u015fveri\u015f yap\u0131n ve hayat\u0131n\u0131z\u0131n en iyi versiyonunun tad\u0131n\u0131 \u00e7\u0131kar\u0131n.<\/p>","protected":false},"excerpt":{"rendered":"<p>BUY CANADIAN DOLLARS ONLINE Buy Fake Canadian Currencies To Be Able To Afford Anything You Want Living in a country [&hellip;]<\/p>\n","protected":false},"featured_media":204,"comment_status":"open","ping_status":"closed","template":"","meta":{"site-sidebar-layout":"default","site-content-layout":"","ast-site-content-layout":"default","site-content-style":"default","site-sidebar-style":"default","ast-global-header-display":"","ast-banner-title-visibility":"","ast-main-header-display":"","ast-hfb-above-header-display":"","ast-hfb-below-header-display":"","ast-hfb-mobile-header-display":"","site-post-title":"","ast-breadcrumbs-content":"","ast-featured-img":"","footer-sml-layout":"","theme-transparent-header-meta":"default","adv-header-id-meta":"","stick-header-meta":"","header-above-stick-meta":"","header-main-stick-meta":"","header-below-stick-meta":"","astra-migrate-meta-layouts":"set","ast-page-background-enabled":"default","ast-page-background-meta":{"desktop":{"background-color":"var(--ast-global-color-4)","background-image":"","background-repeat":"repeat","background-position":"center center","background-size":"auto","background-attachment":"scroll","background-type":"","background-media":"","overlay-type":"","overlay-color":"","overlay-opacity":"","overlay-gradient":""},"tablet":{"background-color":"","background-image":"","background-repeat":"repeat","background-position":"center center","background-size":"auto","background-attachment":"scroll","background-type":"","background-media":"","overlay-type":"","overlay-color":"","overlay-opacity":"","overlay-gradient":""},"mobile":{"background-color":"","background-image":"","background-repeat":"repeat","background-position":"center center","background-size":"auto","background-attachment":"scroll","background-type":"","background-media":"","overlay-type":"","overlay-color":"","overlay-opacity":"","overlay-gradient":""}},"ast-content-background-meta":{"desktop":{"background-color":"var(--ast-global-color-5)","background-image":"","background-repeat":"repeat","background-position":"center center","background-size":"auto","background-attachment":"scroll","background-type":"","background-media":"","overlay-type":"","overlay-color":"","overlay-opacity":"","overlay-gradient":""},"tablet":{"background-color":"var(--ast-global-color-5)","background-image":"","background-repeat":"repeat","background-position":"center center","background-size":"auto","background-attachment":"scroll","background-type":"","background-media":"","overlay-type":"","overlay-color":"","overlay-opacity":"","overlay-gradient":""},"mobile":{"background-color":"var(--ast-global-color-5)","background-image":"","background-repeat":"repeat","background-position":"center center","background-size":"auto","background-attachment":"scroll","background-type":"","background-media":"","overlay-type":"","overlay-color":"","overlay-opacity":"","overlay-gradient":""}}},"product_brand":[],"product_cat":[23,25],"product_tag":[],"class_list":{"0":"post-188","1":"product","2":"type-product","3":"status-publish","4":"has-post-thumbnail","6":"product_cat-all-products","7":"product_cat-counterfeit-notes","8":"desktop-align-left","9":"tablet-align-left","10":"mobile-align-left","12":"first","13":"instock","14":"shipping-taxable","15":"product-type-simple"},"yoast_head":"<!-- This site is optimized with the Yoast SEO plugin v26.5 - https:\/\/yoast.com\/wordpress\/plugins\/seo\/ -->\n<title>Shop canadian dollars online in Germany | Glob Documents<\/title>\n<meta name=\"description\" content=\"Buy canadian dollars online in Germany at Glob Documents with safe and fast worldwide delivery at the best price. Check the best deals on fake documents!\" \/>\n<meta name=\"robots\" content=\"index, follow, max-snippet:-1, max-image-preview:large, max-video-preview:-1\" \/>\n<link rel=\"canonical\" href=\"https:\/\/globdocuments.com\/tr\/producto\/buy-canadian-dollars-online\/\" \/>\n<meta property=\"og:locale\" content=\"tr_TR\" \/>\n<meta property=\"og:type\" content=\"article\" \/>\n<meta property=\"og:title\" content=\"Shop canadian dollars online in Germany | Glob Documents\" \/>\n<meta property=\"og:description\" content=\"Buy canadian dollars online in Germany at Glob Documents with safe and fast worldwide delivery at the best price. Check the best deals on fake documents!\" \/>\n<meta property=\"og:url\" content=\"https:\/\/globdocuments.com\/tr\/producto\/buy-canadian-dollars-online\/\" \/>\n<meta property=\"article:modified_time\" content=\"2025-09-02T11:56:29+00:00\" \/>\n<meta property=\"og:image\" content=\"https:\/\/globdocuments.com\/wp-content\/uploads\/2021\/10\/2.png\" \/>\n\t<meta property=\"og:image:width\" content=\"450\" \/>\n\t<meta property=\"og:image:height\" content=\"450\" \/>\n\t<meta property=\"og:image:type\" content=\"image\/png\" \/>\n<meta name=\"twitter:card\" content=\"summary_large_image\" \/>\n<meta name=\"twitter:label1\" content=\"Tahmini okuma s\u00fcresi\" \/>\n\t<meta name=\"twitter:data1\" content=\"3 dakika\" \/>\n<script type=\"application\/ld+json\" class=\"yoast-schema-graph\">{\"@context\":\"https:\/\/schema.org\",\"@graph\":[{\"@type\":\"WebPage\",\"@id\":\"https:\/\/globdocuments.com\/es\/producto\/buy-canadian-dollars-online\/\",\"url\":\"https:\/\/globdocuments.com\/es\/producto\/buy-canadian-dollars-online\/\",\"name\":\"Shop canadian dollars online in Germany | Glob Documents\",\"isPartOf\":{\"@id\":\"https:\/\/globdocuments.com\/#website\"},\"primaryImageOfPage\":{\"@id\":\"https:\/\/globdocuments.com\/es\/producto\/buy-canadian-dollars-online\/#primaryimage\"},\"image\":{\"@id\":\"https:\/\/globdocuments.com\/es\/producto\/buy-canadian-dollars-online\/#primaryimage\"},\"thumbnailUrl\":\"https:\/\/globdocuments.com\/wp-content\/uploads\/2021\/10\/2.png\",\"datePublished\":\"2021-10-04T06:59:32+00:00\",\"dateModified\":\"2025-09-02T11:56:29+00:00\",\"description\":\"Buy canadian dollars online in Germany at Glob Documents with safe and fast worldwide delivery at the best price. Check the best deals on fake documents!\",\"breadcrumb\":{\"@id\":\"https:\/\/globdocuments.com\/es\/producto\/buy-canadian-dollars-online\/#breadcrumb\"},\"inLanguage\":\"tr\",\"potentialAction\":[{\"@type\":\"ReadAction\",\"target\":[\"https:\/\/globdocuments.com\/es\/producto\/buy-canadian-dollars-online\/\"]}]},{\"@type\":\"ImageObject\",\"inLanguage\":\"tr\",\"@id\":\"https:\/\/globdocuments.com\/es\/producto\/buy-canadian-dollars-online\/#primaryimage\",\"url\":\"https:\/\/globdocuments.com\/wp-content\/uploads\/2021\/10\/2.png\",\"contentUrl\":\"https:\/\/globdocuments.com\/wp-content\/uploads\/2021\/10\/2.png\",\"width\":450,\"height\":450,\"caption\":\"BUY CANADIAN DOLLARS ONLINE\"},{\"@type\":\"BreadcrumbList\",\"@id\":\"https:\/\/globdocuments.com\/es\/producto\/buy-canadian-dollars-online\/#breadcrumb\",\"itemListElement\":[{\"@type\":\"ListItem\",\"position\":1,\"name\":\"Shop\",\"item\":\"https:\/\/globdocuments.com\/shop\/\"},{\"@type\":\"ListItem\",\"position\":2,\"name\":\"BUY CANADIAN DOLLARS ONLINE\"}]},{\"@type\":\"WebSite\",\"@id\":\"https:\/\/globdocuments.com\/#website\",\"url\":\"https:\/\/globdocuments.com\/\",\"name\":\"\",\"description\":\"Buy real fake documents online\",\"potentialAction\":[{\"@type\":\"SearchAction\",\"target\":{\"@type\":\"EntryPoint\",\"urlTemplate\":\"https:\/\/globdocuments.com\/?s={search_term_string}\"},\"query-input\":{\"@type\":\"PropertyValueSpecification\",\"valueRequired\":true,\"valueName\":\"search_term_string\"}}],\"inLanguage\":\"tr\"}]}<\/script>\n<!-- \/ Yoast SEO plugin. -->","yoast_head_json":{"title":"Almanya'da Online Kanada Dolar\u0131 Al\u0131n | Glob Documents","description":"Almanya'da Glob Documents'tan g\u00fcvenli ve h\u0131zl\u0131 d\u00fcnya \u00e7ap\u0131nda teslimat ile en iyi fiyata online kanada dolar\u0131 sat\u0131n al\u0131n. Sahte belgelerdeki en iyi f\u0131rsatlar\u0131 kontrol edin!","robots":{"index":"index","follow":"follow","max-snippet":"max-snippet:-1","max-image-preview":"max-image-preview:large","max-video-preview":"max-video-preview:-1"},"canonical":"https:\/\/globdocuments.com\/tr\/producto\/buy-canadian-dollars-online\/","og_locale":"tr_TR","og_type":"article","og_title":"Shop canadian dollars online in Germany | Glob Documents","og_description":"Buy canadian dollars online in Germany at Glob Documents with safe and fast worldwide delivery at the best price. Check the best deals on fake documents!","og_url":"https:\/\/globdocuments.com\/tr\/producto\/buy-canadian-dollars-online\/","article_modified_time":"2025-09-02T11:56:29+00:00","og_image":[{"width":450,"height":450,"url":"https:\/\/globdocuments.com\/wp-content\/uploads\/2021\/10\/2.png","type":"image\/png"}],"twitter_card":"summary_large_image","twitter_misc":{"Tahmini okuma s\u00fcresi":"3 dakika"},"schema":{"@context":"https:\/\/schema.org","@graph":[{"@type":"WebPage","@id":"https:\/\/globdocuments.com\/es\/producto\/buy-canadian-dollars-online\/","url":"https:\/\/globdocuments.com\/es\/producto\/buy-canadian-dollars-online\/","name":"Almanya'da Online Kanada Dolar\u0131 Al\u0131n | Glob Documents","isPartOf":{"@id":"https:\/\/globdocuments.com\/#website"},"primaryImageOfPage":{"@id":"https:\/\/globdocuments.com\/es\/producto\/buy-canadian-dollars-online\/#primaryimage"},"image":{"@id":"https:\/\/globdocuments.com\/es\/producto\/buy-canadian-dollars-online\/#primaryimage"},"thumbnailUrl":"https:\/\/globdocuments.com\/wp-content\/uploads\/2021\/10\/2.png","datePublished":"2021-10-04T06:59:32+00:00","dateModified":"2025-09-02T11:56:29+00:00","description":"Almanya'da Glob Documents'tan g\u00fcvenli ve h\u0131zl\u0131 d\u00fcnya \u00e7ap\u0131nda teslimat ile en iyi fiyata online kanada dolar\u0131 sat\u0131n al\u0131n. Sahte belgelerdeki en iyi f\u0131rsatlar\u0131 kontrol edin!","breadcrumb":{"@id":"https:\/\/globdocuments.com\/es\/producto\/buy-canadian-dollars-online\/#breadcrumb"},"inLanguage":"tr","potentialAction":[{"@type":"ReadAction","target":["https:\/\/globdocuments.com\/es\/producto\/buy-canadian-dollars-online\/"]}]},{"@type":"ImageObject","inLanguage":"tr","@id":"https:\/\/globdocuments.com\/es\/producto\/buy-canadian-dollars-online\/#primaryimage","url":"https:\/\/globdocuments.com\/wp-content\/uploads\/2021\/10\/2.png","contentUrl":"https:\/\/globdocuments.com\/wp-content\/uploads\/2021\/10\/2.png","width":450,"height":450,"caption":"BUY CANADIAN DOLLARS ONLINE"},{"@type":"BreadcrumbList","@id":"https:\/\/globdocuments.com\/es\/producto\/buy-canadian-dollars-online\/#breadcrumb","itemListElement":[{"@type":"ListItem","position":1,"name":"Shop","item":"https:\/\/globdocuments.com\/shop\/"},{"@type":"ListItem","position":2,"name":"BUY CANADIAN DOLLARS ONLINE"}]},{"@type":"WebSite","@id":"https:\/\/globdocuments.com\/#website","url":"https:\/\/globdocuments.com\/","name":"","description":"Online ger\u00e7ek sahte belgeler sat\u0131n al","potentialAction":[{"@type":"SearchAction","target":{"@type":"EntryPoint","urlTemplate":"https:\/\/globdocuments.com\/?s={search_term_string}"},"query-input":{"@type":"PropertyValueSpecification","valueRequired":true,"valueName":"search_term_string"}}],"inLanguage":"tr"}]}},"_links":{"self":[{"href":"https:\/\/globdocuments.com\/tr\/wp-json\/wp\/v2\/product\/188","targetHints":{"allow":["GET"]}}],"collection":[{"href":"https:\/\/globdocuments.com\/tr\/wp-json\/wp\/v2\/product"}],"about":[{"href":"https:\/\/globdocuments.com\/tr\/wp-json\/wp\/v2\/types\/product"}],"replies":[{"embeddable":true,"href":"https:\/\/globdocuments.com\/tr\/wp-json\/wp\/v2\/comments?post=188"}],"wp:featuredmedia":[{"embeddable":true,"href":"https:\/\/globdocuments.com\/tr\/wp-json\/wp\/v2\/media\/204"}],"wp:attachment":[{"href":"https:\/\/globdocuments.com\/tr\/wp-json\/wp\/v2\/media?parent=188"}],"wp:term":[{"taxonomy":"product_brand","embeddable":true,"href":"https:\/\/globdocuments.com\/tr\/wp-json\/wp\/v2\/product_brand?post=188"},{"taxonomy":"product_cat","embeddable":true,"href":"https:\/\/globdocuments.com\/tr\/wp-json\/wp\/v2\/product_cat?post=188"},{"taxonomy":"product_tag","embeddable":true,"href":"https:\/\/globdocuments.com\/tr\/wp-json\/wp\/v2\/product_tag?post=188"}],"curies":[{"name":"wp","href":"https:\/\/api.w.org\/{rel}","templated":true}]}}