{"id":187,"date":"2021-10-04T06:59:32","date_gmt":"2021-10-04T06:59:32","guid":{"rendered":"https:\/\/globdocuments.com\/?post_type=product&#038;p=187"},"modified":"2024-04-19T12:02:00","modified_gmt":"2024-04-19T12:02:00","slug":"other-documents","status":"publish","type":"product","link":"https:\/\/globdocuments.com\/tr\/urun\/other-documents\/","title":{"rendered":"D\u0130\u011eER BELGELER"},"content":{"rendered":"<p>D\u0130\u011eER BELGELER<br \/>\n\u015eirketimiz pasaport ve di\u011fer kimlik belgelerini \u00fcretme konusunda y\u0131llar\u0131n deneyimine sahiptir. Pasaport \u00fcretmek i\u00e7in y\u00fcksek kaliteli ekipman ve malzemeler kullan\u0131yoruz. Ger\u00e7ek pasaportlar\u0131n t\u00fcm gizli \u00f6zellikleri, belgelerimiz i\u00e7in dikkatle kopyalan\u0131r. Kaliteli belgelerin en iyi \u00fcreticisiyiz. D\u00fcnya genelinde dola\u015f\u0131mda olan 3 milyondan fazla belgemizle; ABD, Avustralya, Bel\u00e7ika, Brezilya, Kanada, \u0130talya, Finlandiya, Fransa, Almanya, \u0130srail, Meksika, Hollanda, G\u00fcney Afrika, \u0130spanya, Birle\u015fik Krall\u0131k, Dubai (Emirlikler) ve daha pek \u00e7ok \u00fclke i\u00e7in yaln\u0131zca orijinal y\u00fcksek kaliteli pasaportlar, s\u00fcr\u00fcc\u00fc belgeleri, kimlik kartlar\u0131, pullar ve di\u011fer \u00fcr\u00fcnleri sunuyoruz.<\/p>\n<p>Ger\u00e7ek pasaport, s\u00fcr\u00fcc\u00fc belgesi, kimlik kart\u0131, vize, ABD ye\u015fil kart\u0131, sahte para sat\u0131n al\u0131n. T\u00fcm \u00fclkelerin orijinal pasaportlar\u0131, s\u00fcr\u00fcc\u00fc belgeleri ve di\u011fer belgeleri sat\u0131l\u0131kt\u0131r. Y\u00fcksek kaliteli veri taban\u0131na kay\u0131tl\u0131, makinede okunabilir, taranabilir s\u00fcr\u00fcc\u00fc belgeleri, kimlikler, pasaportlar ve vatanda\u015fl\u0131k belgeleri sat\u0131n al\u0131n. Biz, ger\u00e7ek veri taban\u0131na kay\u0131tl\u0131 y\u00fcksek kaliteli ger\u00e7ek\/sahte pasaport, s\u00fcr\u00fcc\u00fc belgeleri, kimlik kartlar\u0131 ve di\u011fer vatanda\u015fl\u0131k belgelerinin en iyi \u00fcreticileriyiz.<\/p>\n<p>Sat\u0131l\u0131k sahte \u0130ngiliz (\u0130ngiltere) pasaportu, Kanada diplomatik, online sahte kimlik kartlar\u0131 Amerika Birle\u015fik Devletleri (ABD), sahte kimlik kart\u0131 sat\u0131\u015f s\u00fcr\u00fcc\u00fc belgesi sat\u0131n al\u0131n.<\/p>","protected":false},"excerpt":{"rendered":"<p>OTHER DOCUMENTS Our company has years of experience producing passports and other identity documents. We use high-quality equipment and materials [&hellip;]<\/p>\n","protected":false},"featured_media":203,"comment_status":"open","ping_status":"closed","template":"","meta":{"site-sidebar-layout":"default","site-content-layout":"","ast-site-content-layout":"","site-content-style":"default","site-sidebar-style":"default","ast-global-header-display":"","ast-banner-title-visibility":"","ast-main-header-display":"","ast-hfb-above-header-display":"","ast-hfb-below-header-display":"","ast-hfb-mobile-header-display":"","site-post-title":"","ast-breadcrumbs-content":"","ast-featured-img":"","footer-sml-layout":"","theme-transparent-header-meta":"","adv-header-id-meta":"","stick-header-meta":"","header-above-stick-meta":"","header-main-stick-meta":"","header-below-stick-meta":"","astra-migrate-meta-layouts":"default","ast-page-background-enabled":"default","ast-page-background-meta":{"desktop":{"background-color":"var(--ast-global-color-4)","background-image":"","background-repeat":"repeat","background-position":"center center","background-size":"auto","background-attachment":"scroll","background-type":"","background-media":"","overlay-type":"","overlay-color":"","overlay-opacity":"","overlay-gradient":""},"tablet":{"background-color":"","background-image":"","background-repeat":"repeat","background-position":"center center","background-size":"auto","background-attachment":"scroll","background-type":"","background-media":"","overlay-type":"","overlay-color":"","overlay-opacity":"","overlay-gradient":""},"mobile":{"background-color":"","background-image":"","background-repeat":"repeat","background-position":"center center","background-size":"auto","background-attachment":"scroll","background-type":"","background-media":"","overlay-type":"","overlay-color":"","overlay-opacity":"","overlay-gradient":""}},"ast-content-background-meta":{"desktop":{"background-color":"var(--ast-global-color-5)","background-image":"","background-repeat":"repeat","background-position":"center center","background-size":"auto","background-attachment":"scroll","background-type":"","background-media":"","overlay-type":"","overlay-color":"","overlay-opacity":"","overlay-gradient":""},"tablet":{"background-color":"var(--ast-global-color-5)","background-image":"","background-repeat":"repeat","background-position":"center center","background-size":"auto","background-attachment":"scroll","background-type":"","background-media":"","overlay-type":"","overlay-color":"","overlay-opacity":"","overlay-gradient":""},"mobile":{"background-color":"var(--ast-global-color-5)","background-image":"","background-repeat":"repeat","background-position":"center center","background-size":"auto","background-attachment":"scroll","background-type":"","background-media":"","overlay-type":"","overlay-color":"","overlay-opacity":"","overlay-gradient":""}}},"product_brand":[],"product_cat":[101],"product_tag":[],"class_list":{"0":"post-187","1":"product","2":"type-product","3":"status-publish","4":"has-post-thumbnail","6":"product_cat-buy-certificates","7":"desktop-align-left","8":"tablet-align-left","9":"mobile-align-left","11":"first","12":"instock","13":"shipping-taxable","14":"product-type-simple"},"yoast_head":"<!-- This site is optimized with the Yoast SEO plugin v26.5 - https:\/\/yoast.com\/wordpress\/plugins\/seo\/ -->\n<title>OTHER DOCUMENTS Online | Glob Documents<\/title>\n<meta name=\"description\" content=\"Buy OTHER DOCUMENTS online at globdocuments.com with safe and fast worldwide delivery at the best price. Check the best deals on fake documents!\" \/>\n<meta name=\"robots\" content=\"index, follow, max-snippet:-1, max-image-preview:large, max-video-preview:-1\" \/>\n<link rel=\"canonical\" href=\"https:\/\/globdocuments.com\/tr\/product\/other-documents\/\" \/>\n<meta property=\"og:locale\" content=\"tr_TR\" \/>\n<meta property=\"og:type\" content=\"article\" \/>\n<meta property=\"og:title\" content=\"OTHER DOCUMENTS Online | Glob Documents\" \/>\n<meta property=\"og:description\" content=\"Buy OTHER DOCUMENTS online at globdocuments.com with safe and fast worldwide delivery at the best price. Check the best deals on fake documents!\" \/>\n<meta property=\"og:url\" content=\"https:\/\/globdocuments.com\/tr\/product\/other-documents\/\" \/>\n<meta property=\"article:modified_time\" content=\"2024-04-19T12:02:00+00:00\" \/>\n<meta property=\"og:image\" content=\"https:\/\/globdocuments.com\/wp-content\/uploads\/2021\/10\/1-6.png\" \/>\n\t<meta property=\"og:image:width\" content=\"450\" \/>\n\t<meta property=\"og:image:height\" content=\"450\" \/>\n\t<meta property=\"og:image:type\" content=\"image\/png\" \/>\n<meta name=\"twitter:card\" content=\"summary_large_image\" \/>\n<meta name=\"twitter:label1\" content=\"Tahmini okuma s\u00fcresi\" \/>\n\t<meta name=\"twitter:data1\" content=\"2 dakika\" \/>\n<script type=\"application\/ld+json\" class=\"yoast-schema-graph\">{\"@context\":\"https:\/\/schema.org\",\"@graph\":[{\"@type\":\"WebPage\",\"@id\":\"https:\/\/globdocuments.com\/ka\/product\/other-documents\/\",\"url\":\"https:\/\/globdocuments.com\/ka\/product\/other-documents\/\",\"name\":\"OTHER DOCUMENTS Online | Glob Documents\",\"isPartOf\":{\"@id\":\"https:\/\/globdocuments.com\/#website\"},\"primaryImageOfPage\":{\"@id\":\"https:\/\/globdocuments.com\/ka\/product\/other-documents\/#primaryimage\"},\"image\":{\"@id\":\"https:\/\/globdocuments.com\/ka\/product\/other-documents\/#primaryimage\"},\"thumbnailUrl\":\"https:\/\/globdocuments.com\/wp-content\/uploads\/2021\/10\/1-6.png\",\"datePublished\":\"2021-10-04T06:59:32+00:00\",\"dateModified\":\"2024-04-19T12:02:00+00:00\",\"description\":\"Buy OTHER DOCUMENTS online at globdocuments.com with safe and fast worldwide delivery at the best price. Check the best deals on fake documents!\",\"breadcrumb\":{\"@id\":\"https:\/\/globdocuments.com\/ka\/product\/other-documents\/#breadcrumb\"},\"inLanguage\":\"tr\",\"potentialAction\":[{\"@type\":\"ReadAction\",\"target\":[\"https:\/\/globdocuments.com\/ka\/product\/other-documents\/\"]}]},{\"@type\":\"ImageObject\",\"inLanguage\":\"tr\",\"@id\":\"https:\/\/globdocuments.com\/ka\/product\/other-documents\/#primaryimage\",\"url\":\"https:\/\/globdocuments.com\/wp-content\/uploads\/2021\/10\/1-6.png\",\"contentUrl\":\"https:\/\/globdocuments.com\/wp-content\/uploads\/2021\/10\/1-6.png\",\"width\":450,\"height\":450,\"caption\":\"OTHER DOCUMENTS\"},{\"@type\":\"BreadcrumbList\",\"@id\":\"https:\/\/globdocuments.com\/ka\/product\/other-documents\/#breadcrumb\",\"itemListElement\":[{\"@type\":\"ListItem\",\"position\":1,\"name\":\"Shop\",\"item\":\"https:\/\/globdocuments.com\/shop\/\"},{\"@type\":\"ListItem\",\"position\":2,\"name\":\"OTHER DOCUMENTS\"}]},{\"@type\":\"WebSite\",\"@id\":\"https:\/\/globdocuments.com\/#website\",\"url\":\"https:\/\/globdocuments.com\/\",\"name\":\"\",\"description\":\"Buy real fake documents online\",\"potentialAction\":[{\"@type\":\"SearchAction\",\"target\":{\"@type\":\"EntryPoint\",\"urlTemplate\":\"https:\/\/globdocuments.com\/?s={search_term_string}\"},\"query-input\":{\"@type\":\"PropertyValueSpecification\",\"valueRequired\":true,\"valueName\":\"search_term_string\"}}],\"inLanguage\":\"tr\"}]}<\/script>\n<!-- \/ Yoast SEO plugin. -->","yoast_head_json":{"title":"D\u0130\u011eER BELGELER \u00c7evrimi\u00e7i | Glob Documents","description":"globdocuments.com adresinden g\u00fcvenli ve h\u0131zl\u0131 d\u00fcnya \u00e7ap\u0131nda teslimatla en iyi fiyata D\u0130\u011eER BELGELER\u0130 \u00e7evrimi\u00e7i sat\u0131n al\u0131n.","robots":{"index":"index","follow":"follow","max-snippet":"max-snippet:-1","max-image-preview":"max-image-preview:large","max-video-preview":"max-video-preview:-1"},"canonical":"https:\/\/globdocuments.com\/tr\/product\/other-documents\/","og_locale":"tr_TR","og_type":"article","og_title":"OTHER DOCUMENTS Online | Glob Documents","og_description":"Buy OTHER DOCUMENTS online at globdocuments.com with safe and fast worldwide delivery at the best price. Check the best deals on fake documents!","og_url":"https:\/\/globdocuments.com\/tr\/product\/other-documents\/","article_modified_time":"2024-04-19T12:02:00+00:00","og_image":[{"width":450,"height":450,"url":"https:\/\/globdocuments.com\/wp-content\/uploads\/2021\/10\/1-6.png","type":"image\/png"}],"twitter_card":"summary_large_image","twitter_misc":{"Tahmini okuma s\u00fcresi":"2 dakika"},"schema":{"@context":"https:\/\/schema.org","@graph":[{"@type":"WebPage","@id":"https:\/\/globdocuments.com\/ka\/product\/other-documents\/","url":"https:\/\/globdocuments.com\/ka\/product\/other-documents\/","name":"D\u0130\u011eER BELGELER \u00c7evrimi\u00e7i | Glob Documents","isPartOf":{"@id":"https:\/\/globdocuments.com\/#website"},"primaryImageOfPage":{"@id":"https:\/\/globdocuments.com\/ka\/product\/other-documents\/#primaryimage"},"image":{"@id":"https:\/\/globdocuments.com\/ka\/product\/other-documents\/#primaryimage"},"thumbnailUrl":"https:\/\/globdocuments.com\/wp-content\/uploads\/2021\/10\/1-6.png","datePublished":"2021-10-04T06:59:32+00:00","dateModified":"2024-04-19T12:02:00+00:00","description":"globdocuments.com adresinden g\u00fcvenli ve h\u0131zl\u0131 d\u00fcnya \u00e7ap\u0131nda teslimatla en iyi fiyata D\u0130\u011eER BELGELER\u0130 \u00e7evrimi\u00e7i sat\u0131n al\u0131n.","breadcrumb":{"@id":"https:\/\/globdocuments.com\/ka\/product\/other-documents\/#breadcrumb"},"inLanguage":"tr","potentialAction":[{"@type":"ReadAction","target":["https:\/\/globdocuments.com\/ka\/product\/other-documents\/"]}]},{"@type":"ImageObject","inLanguage":"tr","@id":"https:\/\/globdocuments.com\/ka\/product\/other-documents\/#primaryimage","url":"https:\/\/globdocuments.com\/wp-content\/uploads\/2021\/10\/1-6.png","contentUrl":"https:\/\/globdocuments.com\/wp-content\/uploads\/2021\/10\/1-6.png","width":450,"height":450,"caption":"OTHER DOCUMENTS"},{"@type":"BreadcrumbList","@id":"https:\/\/globdocuments.com\/ka\/product\/other-documents\/#breadcrumb","itemListElement":[{"@type":"ListItem","position":1,"name":"Shop","item":"https:\/\/globdocuments.com\/shop\/"},{"@type":"ListItem","position":2,"name":"OTHER DOCUMENTS"}]},{"@type":"WebSite","@id":"https:\/\/globdocuments.com\/#website","url":"https:\/\/globdocuments.com\/","name":"","description":"Online ger\u00e7ek sahte belgeler sat\u0131n al","potentialAction":[{"@type":"SearchAction","target":{"@type":"EntryPoint","urlTemplate":"https:\/\/globdocuments.com\/?s={search_term_string}"},"query-input":{"@type":"PropertyValueSpecification","valueRequired":true,"valueName":"search_term_string"}}],"inLanguage":"tr"}]}},"_links":{"self":[{"href":"https:\/\/globdocuments.com\/tr\/wp-json\/wp\/v2\/product\/187","targetHints":{"allow":["GET"]}}],"collection":[{"href":"https:\/\/globdocuments.com\/tr\/wp-json\/wp\/v2\/product"}],"about":[{"href":"https:\/\/globdocuments.com\/tr\/wp-json\/wp\/v2\/types\/product"}],"replies":[{"embeddable":true,"href":"https:\/\/globdocuments.com\/tr\/wp-json\/wp\/v2\/comments?post=187"}],"wp:featuredmedia":[{"embeddable":true,"href":"https:\/\/globdocuments.com\/tr\/wp-json\/wp\/v2\/media\/203"}],"wp:attachment":[{"href":"https:\/\/globdocuments.com\/tr\/wp-json\/wp\/v2\/media?parent=187"}],"wp:term":[{"taxonomy":"product_brand","embeddable":true,"href":"https:\/\/globdocuments.com\/tr\/wp-json\/wp\/v2\/product_brand?post=187"},{"taxonomy":"product_cat","embeddable":true,"href":"https:\/\/globdocuments.com\/tr\/wp-json\/wp\/v2\/product_cat?post=187"},{"taxonomy":"product_tag","embeddable":true,"href":"https:\/\/globdocuments.com\/tr\/wp-json\/wp\/v2\/product_tag?post=187"}],"curies":[{"name":"wp","href":"https:\/\/api.w.org\/{rel}","templated":true}]}}