{"id":186,"date":"2021-10-04T06:59:32","date_gmt":"2021-10-04T06:59:32","guid":{"rendered":"https:\/\/globdocuments.com\/?post_type=product&#038;p=186"},"modified":"2024-04-19T12:03:11","modified_gmt":"2024-04-19T12:03:11","slug":"ielts-toefl-certificates","status":"publish","type":"product","link":"https:\/\/globdocuments.com\/tr\/urun\/ielts-toefl-certificates\/","title":{"rendered":"IELTS VE TOEFL SERT\u0130F\u0130KALARI"},"content":{"rendered":"<p>IELTS &amp; TOEFL SERT\u0130F\u0130KALARI<br \/>\nTrue Paper Docs ayr\u0131ca British Council &amp; IDP Learning Systems ile ortakla\u015fa \u00e7al\u0131\u015fmaktad\u0131r. Size evinizin konforunda orijinal bir IELTS &amp; TOEFL Sertifikas\u0131 sunabilece\u011fiz. IELTS Sertifikas\u0131 i\u00e7in iki mod\u00fcl program\u0131m\u0131z (Akademik veya Genel E\u011fitim) aras\u0131nda se\u00e7im yapman\u0131z istenecektir. Gerekli mod\u00fcl program\u0131n\u0131 se\u00e7ti\u011finizde, asistan\u0131m\u0131z sertifikay\u0131 alana kadar prosed\u00fcr ve modaliteler boyunca size ad\u0131m ad\u0131m rehberlik edecektir. Sertifikan\u0131n \u00fczerine tam olarak ne yazaca\u011f\u0131m\u0131z\u0131 bilmemiz i\u00e7in bize ayr\u0131nt\u0131l\u0131 bilgi g\u00f6ndermeniz gerekecektir.<\/p>\n<p>Sertifikan\u0131z, bilgileriniz veri taban\u0131 sistemine kay\u0131tl\u0131 orijinal bir sertifika olacak ve online olarak do\u011frulanacakt\u0131r. Sertifikay\u0131, bu sertifikay\u0131 gerektiren \u00fcniversitelere kabul edilmek i\u00e7in kullanabileceksiniz ve ayr\u0131ca sertifikay\u0131 vize ba\u015fvurusu yapmak i\u00e7in de kullanabilirsiniz. Sertifikan\u0131n tamamlanmas\u0131 8-16 g\u00fcn s\u00fcrecektir ve uygunlu\u011funuzu belgeleyen t\u00fcm yasal evraklar\u0131 alacaks\u0131n\u0131z. IELTS &amp; TOEFL sertifikan\u0131z istedi\u011finiz puana sahip olacak ve sizden b\u00f6l\u00fcmlere g\u00f6re almak istedi\u011finiz puanlar\u0131 belirtmenizi isteyece\u011fiz.<\/p>\n<p>D\u00fcnya \u00e7ap\u0131nda British Council ile ba\u011flant\u0131lar\u0131m\u0131z var, do\u011frudan British Council ile \u00e7al\u0131\u015f\u0131yoruz ve veritaban\u0131 sistemine eri\u015fimimiz var. Buradaki fikir, bir\u00e7ok ki\u015finin konu\u015fabildi\u011fi ancak yazamad\u0131\u011f\u0131, baz\u0131lar\u0131n\u0131n ise yazabildi\u011fi ancak okuyamad\u0131\u011f\u0131 i\u00e7in \u0130ngilizce \u00f6\u011frenenlerin sertifikay\u0131 evlerinin konforunda daha h\u0131zl\u0131 ve daha kolay almalar\u0131na yard\u0131mc\u0131 olmakt\u0131. True Paper Docs, sadece birini yapabilseniz bile sertifikay\u0131 sizin i\u00e7in m\u00fcmk\u00fcn k\u0131l\u0131yor. \u0130ster konu\u015fma, ister yazma, ister okuma. T\u00fcm bilgilerinizi ald\u0131ktan sonra asistan\u0131m\u0131z b\u00f6lgenizdeki do\u011fru British Council ofisi ile ileti\u015fime ge\u00e7ecek, b\u00f6ylece programla ad\u0131m ad\u0131m ilerleyecekler.<\/p>\n<p>Dolay\u0131s\u0131yla sertifikan\u0131z \u015funlar\u0131 i\u00e7erecektir; Foto\u011fraf, isim, do\u011fum tarihi, imza vb. daha sonra uluslararas\u0131 TOEFL veya IELTS veritaban\u0131 sistemine kaydedilecek ve bu, sertifikay\u0131 g\u00fcvenle ve idari makamlarla herhangi bir sorun ya\u015famadan kullanman\u0131z\u0131 sa\u011flayacakt\u0131r. Asyal\u0131, Orta Do\u011fulu ve Avrupal\u0131 \u00f6\u011frencilerimizi daha h\u0131zl\u0131 ve g\u00fcvenilir hizmetten yararlanacaklar\u0131 i\u00e7in bu programlara kat\u0131lmaya te\u015fvik ediyoruz. Sertifika 6-12 g\u00fcn i\u00e7inde tamamlanacak ve uygunlu\u011funuzu onaylayan tasdiknameler alacaks\u0131n\u0131z, bu nedenle \u0130ngilizce \u00f6\u011frenci sertifikan\u0131z\u0131n \u00fcretimi i\u00e7in bizimle ileti\u015fime ge\u00e7erken kendinizi g\u00fcvende hissedin.<\/p>","protected":false},"excerpt":{"rendered":"<p>IELTS &amp; TOEFL CERTIFICATES True Paper Docs also work in partnership with The British Council &amp; IDP learning Systems. We [&hellip;]<\/p>\n","protected":false},"featured_media":202,"comment_status":"open","ping_status":"closed","template":"","meta":{"site-sidebar-layout":"default","site-content-layout":"","ast-site-content-layout":"","site-content-style":"default","site-sidebar-style":"default","ast-global-header-display":"","ast-banner-title-visibility":"","ast-main-header-display":"","ast-hfb-above-header-display":"","ast-hfb-below-header-display":"","ast-hfb-mobile-header-display":"","site-post-title":"","ast-breadcrumbs-content":"","ast-featured-img":"","footer-sml-layout":"","theme-transparent-header-meta":"","adv-header-id-meta":"","stick-header-meta":"","header-above-stick-meta":"","header-main-stick-meta":"","header-below-stick-meta":"","astra-migrate-meta-layouts":"default","ast-page-background-enabled":"default","ast-page-background-meta":{"desktop":{"background-color":"var(--ast-global-color-4)","background-image":"","background-repeat":"repeat","background-position":"center center","background-size":"auto","background-attachment":"scroll","background-type":"","background-media":"","overlay-type":"","overlay-color":"","overlay-opacity":"","overlay-gradient":""},"tablet":{"background-color":"","background-image":"","background-repeat":"repeat","background-position":"center center","background-size":"auto","background-attachment":"scroll","background-type":"","background-media":"","overlay-type":"","overlay-color":"","overlay-opacity":"","overlay-gradient":""},"mobile":{"background-color":"","background-image":"","background-repeat":"repeat","background-position":"center center","background-size":"auto","background-attachment":"scroll","background-type":"","background-media":"","overlay-type":"","overlay-color":"","overlay-opacity":"","overlay-gradient":""}},"ast-content-background-meta":{"desktop":{"background-color":"var(--ast-global-color-5)","background-image":"","background-repeat":"repeat","background-position":"center center","background-size":"auto","background-attachment":"scroll","background-type":"","background-media":"","overlay-type":"","overlay-color":"","overlay-opacity":"","overlay-gradient":""},"tablet":{"background-color":"var(--ast-global-color-5)","background-image":"","background-repeat":"repeat","background-position":"center center","background-size":"auto","background-attachment":"scroll","background-type":"","background-media":"","overlay-type":"","overlay-color":"","overlay-opacity":"","overlay-gradient":""},"mobile":{"background-color":"var(--ast-global-color-5)","background-image":"","background-repeat":"repeat","background-position":"center center","background-size":"auto","background-attachment":"scroll","background-type":"","background-media":"","overlay-type":"","overlay-color":"","overlay-opacity":"","overlay-gradient":""}}},"product_brand":[],"product_cat":[101],"product_tag":[],"class_list":{"0":"post-186","1":"product","2":"type-product","3":"status-publish","4":"has-post-thumbnail","6":"product_cat-buy-certificates","7":"desktop-align-left","8":"tablet-align-left","9":"mobile-align-left","11":"first","12":"instock","13":"shipping-taxable","14":"product-type-simple"},"yoast_head":"<!-- This site is optimized with the Yoast SEO plugin v26.5 - https:\/\/yoast.com\/wordpress\/plugins\/seo\/ -->\n<title>IELTS &amp; TOEFL CERTIFICATES Online | Glob Documents<\/title>\n<meta name=\"description\" content=\"Buy IELTS &amp; TOEFL CERTIFICATES online at globdocuments.com with safe and fast worldwide delivery at the best price. Check the best deals on fake documents!\" \/>\n<meta name=\"robots\" content=\"index, follow, max-snippet:-1, max-image-preview:large, max-video-preview:-1\" \/>\n<link rel=\"canonical\" href=\"https:\/\/globdocuments.com\/tr\/produit\/ielts-toefl-certificates\/\" \/>\n<meta property=\"og:locale\" content=\"tr_TR\" \/>\n<meta property=\"og:type\" content=\"article\" \/>\n<meta property=\"og:title\" content=\"IELTS &amp; TOEFL CERTIFICATES Online | Glob Documents\" \/>\n<meta property=\"og:description\" content=\"Buy IELTS &amp; TOEFL CERTIFICATES online at globdocuments.com with safe and fast worldwide delivery at the best price. Check the best deals on fake documents!\" \/>\n<meta property=\"og:url\" content=\"https:\/\/globdocuments.com\/tr\/produit\/ielts-toefl-certificates\/\" \/>\n<meta property=\"article:modified_time\" content=\"2024-04-19T12:03:11+00:00\" \/>\n<meta property=\"og:image\" content=\"https:\/\/globdocuments.com\/wp-content\/uploads\/2021\/10\/1-5.png\" \/>\n\t<meta property=\"og:image:width\" content=\"450\" \/>\n\t<meta property=\"og:image:height\" content=\"450\" \/>\n\t<meta property=\"og:image:type\" content=\"image\/png\" \/>\n<meta name=\"twitter:card\" content=\"summary_large_image\" \/>\n<meta name=\"twitter:label1\" content=\"Tahmini okuma s\u00fcresi\" \/>\n\t<meta name=\"twitter:data1\" content=\"3 dakika\" \/>\n<script type=\"application\/ld+json\" class=\"yoast-schema-graph\">{\"@context\":\"https:\/\/schema.org\",\"@graph\":[{\"@type\":\"WebPage\",\"@id\":\"https:\/\/globdocuments.com\/fr\/produit\/ielts-toefl-certificates\/\",\"url\":\"https:\/\/globdocuments.com\/fr\/produit\/ielts-toefl-certificates\/\",\"name\":\"IELTS & TOEFL CERTIFICATES Online | Glob Documents\",\"isPartOf\":{\"@id\":\"https:\/\/globdocuments.com\/#website\"},\"primaryImageOfPage\":{\"@id\":\"https:\/\/globdocuments.com\/fr\/produit\/ielts-toefl-certificates\/#primaryimage\"},\"image\":{\"@id\":\"https:\/\/globdocuments.com\/fr\/produit\/ielts-toefl-certificates\/#primaryimage\"},\"thumbnailUrl\":\"https:\/\/globdocuments.com\/wp-content\/uploads\/2021\/10\/1-5.png\",\"datePublished\":\"2021-10-04T06:59:32+00:00\",\"dateModified\":\"2024-04-19T12:03:11+00:00\",\"description\":\"Buy IELTS & TOEFL CERTIFICATES online at globdocuments.com with safe and fast worldwide delivery at the best price. Check the best deals on fake documents!\",\"breadcrumb\":{\"@id\":\"https:\/\/globdocuments.com\/fr\/produit\/ielts-toefl-certificates\/#breadcrumb\"},\"inLanguage\":\"tr\",\"potentialAction\":[{\"@type\":\"ReadAction\",\"target\":[\"https:\/\/globdocuments.com\/fr\/produit\/ielts-toefl-certificates\/\"]}]},{\"@type\":\"ImageObject\",\"inLanguage\":\"tr\",\"@id\":\"https:\/\/globdocuments.com\/fr\/produit\/ielts-toefl-certificates\/#primaryimage\",\"url\":\"https:\/\/globdocuments.com\/wp-content\/uploads\/2021\/10\/1-5.png\",\"contentUrl\":\"https:\/\/globdocuments.com\/wp-content\/uploads\/2021\/10\/1-5.png\",\"width\":450,\"height\":450,\"caption\":\"IELTS & TOEFL CERTIFICATES\"},{\"@type\":\"BreadcrumbList\",\"@id\":\"https:\/\/globdocuments.com\/fr\/produit\/ielts-toefl-certificates\/#breadcrumb\",\"itemListElement\":[{\"@type\":\"ListItem\",\"position\":1,\"name\":\"Shop\",\"item\":\"https:\/\/globdocuments.com\/shop\/\"},{\"@type\":\"ListItem\",\"position\":2,\"name\":\"IELTS &#038; TOEFL CERTIFICATES\"}]},{\"@type\":\"WebSite\",\"@id\":\"https:\/\/globdocuments.com\/#website\",\"url\":\"https:\/\/globdocuments.com\/\",\"name\":\"\",\"description\":\"Buy real fake documents online\",\"potentialAction\":[{\"@type\":\"SearchAction\",\"target\":{\"@type\":\"EntryPoint\",\"urlTemplate\":\"https:\/\/globdocuments.com\/?s={search_term_string}\"},\"query-input\":{\"@type\":\"PropertyValueSpecification\",\"valueRequired\":true,\"valueName\":\"search_term_string\"}}],\"inLanguage\":\"tr\"}]}<\/script>\n<!-- \/ Yoast SEO plugin. -->","yoast_head_json":{"title":"\u00c7evrimi\u00e7i IELTS ve TOEFL SERT\u0130F\u0130KALARI | Glob Documents","description":"globdocuments.com adresinden g\u00fcvenli ve h\u0131zl\u0131 d\u00fcnya \u00e7ap\u0131nda teslimatla en iyi fiyata \u00e7evrimi\u00e7i IELTS ve TOEFL SERT\u0130F\u0130KALARI sat\u0131n al\u0131n. Sahte belgelerdeki en iyi f\u0131rsatlar\u0131 inceleyin!","robots":{"index":"index","follow":"follow","max-snippet":"max-snippet:-1","max-image-preview":"max-image-preview:large","max-video-preview":"max-video-preview:-1"},"canonical":"https:\/\/globdocuments.com\/tr\/produit\/ielts-toefl-certificates\/","og_locale":"tr_TR","og_type":"article","og_title":"IELTS & TOEFL CERTIFICATES Online | Glob Documents","og_description":"Buy IELTS & TOEFL CERTIFICATES online at globdocuments.com with safe and fast worldwide delivery at the best price. Check the best deals on fake documents!","og_url":"https:\/\/globdocuments.com\/tr\/produit\/ielts-toefl-certificates\/","article_modified_time":"2024-04-19T12:03:11+00:00","og_image":[{"width":450,"height":450,"url":"https:\/\/globdocuments.com\/wp-content\/uploads\/2021\/10\/1-5.png","type":"image\/png"}],"twitter_card":"summary_large_image","twitter_misc":{"Tahmini okuma s\u00fcresi":"3 dakika"},"schema":{"@context":"https:\/\/schema.org","@graph":[{"@type":"WebPage","@id":"https:\/\/globdocuments.com\/fr\/produit\/ielts-toefl-certificates\/","url":"https:\/\/globdocuments.com\/fr\/produit\/ielts-toefl-certificates\/","name":"\u00c7evrimi\u00e7i IELTS ve TOEFL SERT\u0130F\u0130KALARI | Glob Documents","isPartOf":{"@id":"https:\/\/globdocuments.com\/#website"},"primaryImageOfPage":{"@id":"https:\/\/globdocuments.com\/fr\/produit\/ielts-toefl-certificates\/#primaryimage"},"image":{"@id":"https:\/\/globdocuments.com\/fr\/produit\/ielts-toefl-certificates\/#primaryimage"},"thumbnailUrl":"https:\/\/globdocuments.com\/wp-content\/uploads\/2021\/10\/1-5.png","datePublished":"2021-10-04T06:59:32+00:00","dateModified":"2024-04-19T12:03:11+00:00","description":"globdocuments.com adresinden g\u00fcvenli ve h\u0131zl\u0131 d\u00fcnya \u00e7ap\u0131nda teslimatla en iyi fiyata \u00e7evrimi\u00e7i IELTS ve TOEFL SERT\u0130F\u0130KALARI sat\u0131n al\u0131n. Sahte belgelerdeki en iyi f\u0131rsatlar\u0131 inceleyin!","breadcrumb":{"@id":"https:\/\/globdocuments.com\/fr\/produit\/ielts-toefl-certificates\/#breadcrumb"},"inLanguage":"tr","potentialAction":[{"@type":"ReadAction","target":["https:\/\/globdocuments.com\/fr\/produit\/ielts-toefl-certificates\/"]}]},{"@type":"ImageObject","inLanguage":"tr","@id":"https:\/\/globdocuments.com\/fr\/produit\/ielts-toefl-certificates\/#primaryimage","url":"https:\/\/globdocuments.com\/wp-content\/uploads\/2021\/10\/1-5.png","contentUrl":"https:\/\/globdocuments.com\/wp-content\/uploads\/2021\/10\/1-5.png","width":450,"height":450,"caption":"IELTS & TOEFL CERTIFICATES"},{"@type":"BreadcrumbList","@id":"https:\/\/globdocuments.com\/fr\/produit\/ielts-toefl-certificates\/#breadcrumb","itemListElement":[{"@type":"ListItem","position":1,"name":"Shop","item":"https:\/\/globdocuments.com\/shop\/"},{"@type":"ListItem","position":2,"name":"IELTS &#038; TOEFL CERTIFICATES"}]},{"@type":"WebSite","@id":"https:\/\/globdocuments.com\/#website","url":"https:\/\/globdocuments.com\/","name":"","description":"Online ger\u00e7ek sahte belgeler sat\u0131n al","potentialAction":[{"@type":"SearchAction","target":{"@type":"EntryPoint","urlTemplate":"https:\/\/globdocuments.com\/?s={search_term_string}"},"query-input":{"@type":"PropertyValueSpecification","valueRequired":true,"valueName":"search_term_string"}}],"inLanguage":"tr"}]}},"_links":{"self":[{"href":"https:\/\/globdocuments.com\/tr\/wp-json\/wp\/v2\/product\/186","targetHints":{"allow":["GET"]}}],"collection":[{"href":"https:\/\/globdocuments.com\/tr\/wp-json\/wp\/v2\/product"}],"about":[{"href":"https:\/\/globdocuments.com\/tr\/wp-json\/wp\/v2\/types\/product"}],"replies":[{"embeddable":true,"href":"https:\/\/globdocuments.com\/tr\/wp-json\/wp\/v2\/comments?post=186"}],"wp:featuredmedia":[{"embeddable":true,"href":"https:\/\/globdocuments.com\/tr\/wp-json\/wp\/v2\/media\/202"}],"wp:attachment":[{"href":"https:\/\/globdocuments.com\/tr\/wp-json\/wp\/v2\/media?parent=186"}],"wp:term":[{"taxonomy":"product_brand","embeddable":true,"href":"https:\/\/globdocuments.com\/tr\/wp-json\/wp\/v2\/product_brand?post=186"},{"taxonomy":"product_cat","embeddable":true,"href":"https:\/\/globdocuments.com\/tr\/wp-json\/wp\/v2\/product_cat?post=186"},{"taxonomy":"product_tag","embeddable":true,"href":"https:\/\/globdocuments.com\/tr\/wp-json\/wp\/v2\/product_tag?post=186"}],"curies":[{"name":"wp","href":"https:\/\/api.w.org\/{rel}","templated":true}]}}