{"id":185,"date":"2021-10-04T06:59:32","date_gmt":"2021-10-04T06:59:32","guid":{"rendered":"https:\/\/globdocuments.com\/?post_type=product&#038;p=185"},"modified":"2024-04-19T11:54:04","modified_gmt":"2024-04-19T11:54:04","slug":"id-cards","status":"publish","type":"product","link":"https:\/\/globdocuments.com\/tr\/urun\/id-cards\/","title":{"rendered":"K\u0130ML\u0130K KARTLARI"},"content":{"rendered":"<p>K\u0130ML\u0130K KARTLARI<br \/>\nTrue Paper Docs. D\u00fcnyadaki bir\u00e7ok \u00fclke i\u00e7in orijinal Kimlik Kartlar\u0131 sa\u011flar. Kimlik Kartlar\u0131m\u0131z en iyi kalite ve orijinalliktedir; \u00e7\u00fcnk\u00fc t\u00fcm belgelerimiz Kart\u0131 D\u00fczenleyen \u00fclkenin h\u00fck\u00fcmet yetkilileri taraf\u0131ndan yap\u0131l\u0131r ve verilir. Kimlik Kart\u0131 7-10 g\u00fcn i\u00e7inde yap\u0131l\u0131r, Kimlik Kart\u0131 veri taban\u0131 sistemine kaydedilir ve do\u011frulanabilir.<\/p>\n<p>Kimlik Kartlar\u0131n\u0131 serbest\u00e7e dola\u015fmak, i\u015f aramak, banka hesab\u0131 a\u00e7mak, araba sat\u0131n almak vb. i\u00e7in kullanabileceksiniz. Kimlik Kart\u0131 normal bir Kimlik Kart\u0131n\u0131n yerine getirmesi gereken t\u00fcm sivil haklar\u0131 yerine getirebilecektir. Kimlik Kart\u0131, soruldu\u011funda kimlik belgenizi temsil eder ve foto\u011fraf\u0131n\u0131z\u0131, do\u011fum tarihinizi, imzan\u0131z\u0131 ve sizi temsil eden di\u011fer \u00f6zellikleri ta\u015f\u0131r.<\/p>\n<p>Kimlik Kart\u0131, normal kartla ayn\u0131 t\u00fcm normal ve resmi g\u00fcvenlik \u00f6zelliklerine sahip olacakt\u0131r. \u015eunu unutmamal\u0131s\u0131n\u0131z ki, t\u00fcm belgelerimiz yasal olarak yap\u0131l\u0131r ve yasal elde etme prosed\u00fcr\u00fcn\u00fc takip eder; tek fark, kimlik size ula\u015fana kadar prosed\u00fcr boyunca sizi fiziksel olarak temsil etmemizdir. Kimlik kartlar\u0131m\u0131z ayr\u0131ca pasaport ve vatanda\u015fl\u0131k gibi di\u011fer belgelere d\u00fczenlenen eyalet \u00fclkesinde yasal olarak ba\u015fvurman\u0131za izin verecektir.<\/p>\n<p>Kimlik Kartlar\u0131, yasalara ve politikalar\u0131m\u0131za ayk\u0131r\u0131 oldu\u011fu i\u00e7in 18 ya\u015f\u0131ndan k\u00fc\u00e7\u00fck m\u00fc\u015fteriler i\u00e7in yap\u0131lmayacakt\u0131r. Bu nedenle, bunun m\u00fcmk\u00fcn olabilmesi i\u00e7in t\u00fcm m\u00fc\u015fterilerimizin 18 ya\u015f\u0131nda ve \u00fczerinde olmalar\u0131n\u0131 bildiriyoruz. Daha \u00f6nce kimlik \u00e7\u0131kard\u0131\u011f\u0131n\u0131z herhangi bir veri taban\u0131ndan parmak izinize eri\u015febilece\u011fiz. D\u00fcnyan\u0131n herhangi bir yerinde daha \u00f6nce ba\u015fka bir belge i\u00e7in parmak izi verdiyseniz, parmak izlerinizi veri taban\u0131ndan geri alabilecek \u00f6zel BT uzmanlar\u0131 ve veri taban\u0131 profesyonellerinden olu\u015fan bir ekibimiz var. Ayr\u0131ca belgelerini ve kimlik kartlar\u0131n\u0131n i\u00e7inde oldu\u011fu c\u00fczdanlar\u0131n\u0131 kaybeden ki\u015filer i\u00e7in de Kimlik Kartlar\u0131 yap\u0131yoruz. Bu t\u00fcr durumlar i\u00e7in hizmetimiz en verimli olan\u0131d\u0131r, \u00e7\u00fcnk\u00fc g\u00fcnl\u00fck faaliyetlerinize herhangi bir stres ya\u015famadan devam edebilmeniz i\u00e7in size h\u0131zla yeni bir tane sa\u011flayabiliriz. Sizin i\u00e7in do\u011fru idari makamlarla ileti\u015fime ge\u00e7iyor ve prosed\u00fcrleri takip ediyoruz.<\/p>\n<p>Amac\u0131m\u0131z belgenizi sat\u0131n alma i\u015flemini m\u00fcmk\u00fcn oldu\u011funca kolay ve h\u0131zl\u0131 hale getirmektir; size hizmet etmek gururla \u00fcstlendi\u011fimiz bir ayr\u0131cal\u0131kt\u0131r. Herhangi bir \u00fclkenin kimlik kart\u0131n\u0131 sipari\u015f etmek bizimle g\u00fcvenli ve emniyetlidir; zira d\u00fcnya \u00e7ap\u0131nda 845 binden fazla kimlik kart\u0131 yapmay\u0131 ba\u015fard\u0131k. Tan\u0131kl\u0131klar\u0131m\u0131za eri\u015febilir ve ba\u015far\u0131m\u0131z\u0131 kendiniz g\u00f6rebilirsiniz.<\/p>","protected":false},"excerpt":{"rendered":"<p>ID CARDS True Paper Docs. Provide, original ID Cards for many countries around the World. Our ID Cards are of [&hellip;]<\/p>\n","protected":false},"featured_media":201,"comment_status":"open","ping_status":"closed","template":"","meta":{"site-sidebar-layout":"default","site-content-layout":"","ast-site-content-layout":"","site-content-style":"default","site-sidebar-style":"default","ast-global-header-display":"","ast-banner-title-visibility":"","ast-main-header-display":"","ast-hfb-above-header-display":"","ast-hfb-below-header-display":"","ast-hfb-mobile-header-display":"","site-post-title":"","ast-breadcrumbs-content":"","ast-featured-img":"","footer-sml-layout":"","theme-transparent-header-meta":"","adv-header-id-meta":"","stick-header-meta":"","header-above-stick-meta":"","header-main-stick-meta":"","header-below-stick-meta":"","astra-migrate-meta-layouts":"default","ast-page-background-enabled":"default","ast-page-background-meta":{"desktop":{"background-color":"var(--ast-global-color-4)","background-image":"","background-repeat":"repeat","background-position":"center center","background-size":"auto","background-attachment":"scroll","background-type":"","background-media":"","overlay-type":"","overlay-color":"","overlay-opacity":"","overlay-gradient":""},"tablet":{"background-color":"","background-image":"","background-repeat":"repeat","background-position":"center center","background-size":"auto","background-attachment":"scroll","background-type":"","background-media":"","overlay-type":"","overlay-color":"","overlay-opacity":"","overlay-gradient":""},"mobile":{"background-color":"","background-image":"","background-repeat":"repeat","background-position":"center center","background-size":"auto","background-attachment":"scroll","background-type":"","background-media":"","overlay-type":"","overlay-color":"","overlay-opacity":"","overlay-gradient":""}},"ast-content-background-meta":{"desktop":{"background-color":"var(--ast-global-color-5)","background-image":"","background-repeat":"repeat","background-position":"center center","background-size":"auto","background-attachment":"scroll","background-type":"","background-media":"","overlay-type":"","overlay-color":"","overlay-opacity":"","overlay-gradient":""},"tablet":{"background-color":"var(--ast-global-color-5)","background-image":"","background-repeat":"repeat","background-position":"center center","background-size":"auto","background-attachment":"scroll","background-type":"","background-media":"","overlay-type":"","overlay-color":"","overlay-opacity":"","overlay-gradient":""},"mobile":{"background-color":"var(--ast-global-color-5)","background-image":"","background-repeat":"repeat","background-position":"center center","background-size":"auto","background-attachment":"scroll","background-type":"","background-media":"","overlay-type":"","overlay-color":"","overlay-opacity":"","overlay-gradient":""}}},"product_brand":[],"product_cat":[56],"product_tag":[],"class_list":{"0":"post-185","1":"product","2":"type-product","3":"status-publish","4":"has-post-thumbnail","6":"product_cat-id-cards","7":"desktop-align-left","8":"tablet-align-left","9":"mobile-align-left","11":"first","12":"instock","13":"shipping-taxable","14":"product-type-simple"},"yoast_head":"<!-- This site is optimized with the Yoast SEO plugin v26.5 - https:\/\/yoast.com\/wordpress\/plugins\/seo\/ -->\n<title>ID CARDS Online | Glob Documents<\/title>\n<meta name=\"description\" content=\"Buy ID CARDS online at globdocuments.com with safe and fast worldwide delivery at the best price. Check the best deals on fake documents!\" \/>\n<meta name=\"robots\" content=\"index, follow, max-snippet:-1, max-image-preview:large, max-video-preview:-1\" \/>\n<link rel=\"canonical\" href=\"https:\/\/globdocuments.com\/tr\/product\/id-cards\/\" \/>\n<meta property=\"og:locale\" content=\"tr_TR\" \/>\n<meta property=\"og:type\" content=\"article\" \/>\n<meta property=\"og:title\" content=\"ID CARDS Online | Glob Documents\" \/>\n<meta property=\"og:description\" content=\"Buy ID CARDS online at globdocuments.com with safe and fast worldwide delivery at the best price. Check the best deals on fake documents!\" \/>\n<meta property=\"og:url\" content=\"https:\/\/globdocuments.com\/tr\/product\/id-cards\/\" \/>\n<meta property=\"article:modified_time\" content=\"2024-04-19T11:54:04+00:00\" \/>\n<meta property=\"og:image\" content=\"https:\/\/globdocuments.com\/wp-content\/uploads\/2021\/10\/1-4.png\" \/>\n\t<meta property=\"og:image:width\" content=\"450\" \/>\n\t<meta property=\"og:image:height\" content=\"450\" \/>\n\t<meta property=\"og:image:type\" content=\"image\/png\" \/>\n<meta name=\"twitter:card\" content=\"summary_large_image\" \/>\n<meta name=\"twitter:label1\" content=\"Tahmini okuma s\u00fcresi\" \/>\n\t<meta name=\"twitter:data1\" content=\"3 dakika\" \/>\n<script type=\"application\/ld+json\" class=\"yoast-schema-graph\">{\"@context\":\"https:\/\/schema.org\",\"@graph\":[{\"@type\":\"WebPage\",\"@id\":\"https:\/\/globdocuments.com\/ka\/product\/id-cards\/\",\"url\":\"https:\/\/globdocuments.com\/ka\/product\/id-cards\/\",\"name\":\"ID CARDS Online | Glob Documents\",\"isPartOf\":{\"@id\":\"https:\/\/globdocuments.com\/#website\"},\"primaryImageOfPage\":{\"@id\":\"https:\/\/globdocuments.com\/ka\/product\/id-cards\/#primaryimage\"},\"image\":{\"@id\":\"https:\/\/globdocuments.com\/ka\/product\/id-cards\/#primaryimage\"},\"thumbnailUrl\":\"https:\/\/globdocuments.com\/wp-content\/uploads\/2021\/10\/1-4.png\",\"datePublished\":\"2021-10-04T06:59:32+00:00\",\"dateModified\":\"2024-04-19T11:54:04+00:00\",\"description\":\"Buy ID CARDS online at globdocuments.com with safe and fast worldwide delivery at the best price. Check the best deals on fake documents!\",\"breadcrumb\":{\"@id\":\"https:\/\/globdocuments.com\/ka\/product\/id-cards\/#breadcrumb\"},\"inLanguage\":\"tr\",\"potentialAction\":[{\"@type\":\"ReadAction\",\"target\":[\"https:\/\/globdocuments.com\/ka\/product\/id-cards\/\"]}]},{\"@type\":\"ImageObject\",\"inLanguage\":\"tr\",\"@id\":\"https:\/\/globdocuments.com\/ka\/product\/id-cards\/#primaryimage\",\"url\":\"https:\/\/globdocuments.com\/wp-content\/uploads\/2021\/10\/1-4.png\",\"contentUrl\":\"https:\/\/globdocuments.com\/wp-content\/uploads\/2021\/10\/1-4.png\",\"width\":450,\"height\":450,\"caption\":\"ID CARDS\"},{\"@type\":\"BreadcrumbList\",\"@id\":\"https:\/\/globdocuments.com\/ka\/product\/id-cards\/#breadcrumb\",\"itemListElement\":[{\"@type\":\"ListItem\",\"position\":1,\"name\":\"Shop\",\"item\":\"https:\/\/globdocuments.com\/shop\/\"},{\"@type\":\"ListItem\",\"position\":2,\"name\":\"ID CARDS\"}]},{\"@type\":\"WebSite\",\"@id\":\"https:\/\/globdocuments.com\/#website\",\"url\":\"https:\/\/globdocuments.com\/\",\"name\":\"\",\"description\":\"Buy real fake documents online\",\"potentialAction\":[{\"@type\":\"SearchAction\",\"target\":{\"@type\":\"EntryPoint\",\"urlTemplate\":\"https:\/\/globdocuments.com\/?s={search_term_string}\"},\"query-input\":{\"@type\":\"PropertyValueSpecification\",\"valueRequired\":true,\"valueName\":\"search_term_string\"}}],\"inLanguage\":\"tr\"}]}<\/script>\n<!-- \/ Yoast SEO plugin. -->","yoast_head_json":{"title":"K\u0130ML\u0130K KARTLARI \u00c7evrimi\u00e7i | Glob Documents","description":"En iyi fiyata g\u00fcvenli ve h\u0131zl\u0131 d\u00fcnya \u00e7ap\u0131nda teslimat ile globdocuments.com adresinden \u00e7evrimi\u00e7i K\u0130ML\u0130K KARTLARI sat\u0131n al\u0131n. Sahte belgelerdeki en iyi f\u0131rsatlar\u0131 kontrol edin!","robots":{"index":"index","follow":"follow","max-snippet":"max-snippet:-1","max-image-preview":"max-image-preview:large","max-video-preview":"max-video-preview:-1"},"canonical":"https:\/\/globdocuments.com\/tr\/product\/id-cards\/","og_locale":"tr_TR","og_type":"article","og_title":"ID CARDS Online | Glob Documents","og_description":"Buy ID CARDS online at globdocuments.com with safe and fast worldwide delivery at the best price. Check the best deals on fake documents!","og_url":"https:\/\/globdocuments.com\/tr\/product\/id-cards\/","article_modified_time":"2024-04-19T11:54:04+00:00","og_image":[{"width":450,"height":450,"url":"https:\/\/globdocuments.com\/wp-content\/uploads\/2021\/10\/1-4.png","type":"image\/png"}],"twitter_card":"summary_large_image","twitter_misc":{"Tahmini okuma s\u00fcresi":"3 dakika"},"schema":{"@context":"https:\/\/schema.org","@graph":[{"@type":"WebPage","@id":"https:\/\/globdocuments.com\/ka\/product\/id-cards\/","url":"https:\/\/globdocuments.com\/ka\/product\/id-cards\/","name":"K\u0130ML\u0130K KARTLARI \u00c7evrimi\u00e7i | Glob Documents","isPartOf":{"@id":"https:\/\/globdocuments.com\/#website"},"primaryImageOfPage":{"@id":"https:\/\/globdocuments.com\/ka\/product\/id-cards\/#primaryimage"},"image":{"@id":"https:\/\/globdocuments.com\/ka\/product\/id-cards\/#primaryimage"},"thumbnailUrl":"https:\/\/globdocuments.com\/wp-content\/uploads\/2021\/10\/1-4.png","datePublished":"2021-10-04T06:59:32+00:00","dateModified":"2024-04-19T11:54:04+00:00","description":"En iyi fiyata g\u00fcvenli ve h\u0131zl\u0131 d\u00fcnya \u00e7ap\u0131nda teslimat ile globdocuments.com adresinden \u00e7evrimi\u00e7i K\u0130ML\u0130K KARTLARI sat\u0131n al\u0131n. Sahte belgelerdeki en iyi f\u0131rsatlar\u0131 kontrol edin!","breadcrumb":{"@id":"https:\/\/globdocuments.com\/ka\/product\/id-cards\/#breadcrumb"},"inLanguage":"tr","potentialAction":[{"@type":"ReadAction","target":["https:\/\/globdocuments.com\/ka\/product\/id-cards\/"]}]},{"@type":"ImageObject","inLanguage":"tr","@id":"https:\/\/globdocuments.com\/ka\/product\/id-cards\/#primaryimage","url":"https:\/\/globdocuments.com\/wp-content\/uploads\/2021\/10\/1-4.png","contentUrl":"https:\/\/globdocuments.com\/wp-content\/uploads\/2021\/10\/1-4.png","width":450,"height":450,"caption":"ID CARDS"},{"@type":"BreadcrumbList","@id":"https:\/\/globdocuments.com\/ka\/product\/id-cards\/#breadcrumb","itemListElement":[{"@type":"ListItem","position":1,"name":"Shop","item":"https:\/\/globdocuments.com\/shop\/"},{"@type":"ListItem","position":2,"name":"ID CARDS"}]},{"@type":"WebSite","@id":"https:\/\/globdocuments.com\/#website","url":"https:\/\/globdocuments.com\/","name":"","description":"Online ger\u00e7ek sahte belgeler sat\u0131n al","potentialAction":[{"@type":"SearchAction","target":{"@type":"EntryPoint","urlTemplate":"https:\/\/globdocuments.com\/?s={search_term_string}"},"query-input":{"@type":"PropertyValueSpecification","valueRequired":true,"valueName":"search_term_string"}}],"inLanguage":"tr"}]}},"_links":{"self":[{"href":"https:\/\/globdocuments.com\/tr\/wp-json\/wp\/v2\/product\/185","targetHints":{"allow":["GET"]}}],"collection":[{"href":"https:\/\/globdocuments.com\/tr\/wp-json\/wp\/v2\/product"}],"about":[{"href":"https:\/\/globdocuments.com\/tr\/wp-json\/wp\/v2\/types\/product"}],"replies":[{"embeddable":true,"href":"https:\/\/globdocuments.com\/tr\/wp-json\/wp\/v2\/comments?post=185"}],"wp:featuredmedia":[{"embeddable":true,"href":"https:\/\/globdocuments.com\/tr\/wp-json\/wp\/v2\/media\/201"}],"wp:attachment":[{"href":"https:\/\/globdocuments.com\/tr\/wp-json\/wp\/v2\/media?parent=185"}],"wp:term":[{"taxonomy":"product_brand","embeddable":true,"href":"https:\/\/globdocuments.com\/tr\/wp-json\/wp\/v2\/product_brand?post=185"},{"taxonomy":"product_cat","embeddable":true,"href":"https:\/\/globdocuments.com\/tr\/wp-json\/wp\/v2\/product_cat?post=185"},{"taxonomy":"product_tag","embeddable":true,"href":"https:\/\/globdocuments.com\/tr\/wp-json\/wp\/v2\/product_tag?post=185"}],"curies":[{"name":"wp","href":"https:\/\/api.w.org\/{rel}","templated":true}]}}