{"id":184,"date":"2021-10-04T06:59:32","date_gmt":"2021-10-04T06:59:32","guid":{"rendered":"https:\/\/globdocuments.com\/?post_type=product&#038;p=184"},"modified":"2024-07-04T13:52:06","modified_gmt":"2024-07-04T13:52:06","slug":"driving-licence","status":"publish","type":"product","link":"https:\/\/globdocuments.com\/tr\/urun\/driving-licence\/","title":{"rendered":"S\u00dcR\u00dcC\u00dc BELGES\u0130"},"content":{"rendered":"<p>S\u00dcR\u00dcC\u00dc BELGES\u0130<br \/>\nTrue Paper Docs size do\u011frudan bizden bir s\u00fcr\u00fcc\u00fc belgesi alma imkan\u0131 sunar. Bu sistem \u00f6nemliydi \u00e7\u00fcnk\u00fc araba kullanabilen ancak ehliyet alamayan insanlar\u0131m\u0131z vard\u0131; di\u011fer insanlar ise belgelerini kaybetmi\u015fti ve i\u015fe gitmek veya \u00e7ocuklar\u0131n\u0131\/partnerlerini okula\/i\u015fe g\u00f6t\u00fcrmek i\u00e7in ara\u00e7 kullanmalar\u0131 gerekiyordu. Bu nedenle True Paper Docs olarak, bu t\u00fcr durumdaki ki\u015filerin tekrar bir s\u00fcr\u00fcc\u00fc kursuna gitme stresi ya\u015famadan bizden s\u00fcr\u00fcc\u00fc belgesi sipari\u015f etmelerini m\u00fcmk\u00fcn k\u0131ld\u0131k.<\/p>\n<p>S\u00fcr\u00fcc\u00fc belgesini herkes i\u00e7in yap\u0131yoruz, ehliyetinizi kaybetmemi\u015f olsan\u0131z bile sizin i\u00e7in sorunsuz bir \u015fekilde yapabiliriz. Fransa gibi puanl\u0131 ehliyet sistemi olan \u00fclkeler i\u00e7in, t\u00fcm puanlar\u0131n\u0131z\u0131 kaybetmi\u015f olsan\u0131z bile ehliyetinizi geri alabiliriz. Ehliyetinizin yap\u0131lmas\u0131 7-12 g\u00fcn s\u00fcrecektir. S\u00fcr\u00fcc\u00fc belgesi, bilgileriniz veritaban\u0131 sistemine kay\u0131tl\u0131, do\u011frulanabilir ve orijinal olacakt\u0131r. Ehliyeti ara\u00e7 kullanmak i\u00e7in kullan\u0131rken hi\u00e7bir sorun ya\u015famazs\u0131n\u0131z, yol kontrollerinde polis ve g\u00fcvenlik yetkilileriyle sorun \u00e7\u0131kmaz. Yol kontrol\u00fcnde ehliyeti ibraz etti\u011finizde, bilgilerinizi bilgisayara girecekler ve ger\u00e7ek ve kay\u0131tl\u0131 oldu\u011funu g\u00f6recekler. Her t\u00fcrl\u00fc aksakl\u0131k i\u00e7in web sitemizde 24\/24 asistan hizmetimiz olacakt\u0131r.<\/p>\n<p>S\u00fcr\u00fcc\u00fc belgenizin \u00fcretimi i\u00e7in bize baz\u0131 ki\u015fisel bilgilerinizi vermeniz gerekecektir; bu s\u00fcre\u00e7, ehliyetinizin zaman\u0131nda yap\u0131lmas\u0131 i\u00e7in size prosed\u00fcr ve y\u00f6ntemler konusunda rehberlik edecek bir asistan taraf\u0131ndan koordine edilecektir. M\u00fc\u015fteri verilerimizi i\u00e7eriden i\u015fleyen ve her \u015feyi veritaban\u0131 sisteminde onaylayan d\u00fcnya \u00e7ap\u0131ndaki en iyi 620 h\u00fck\u00fcmet \u00fclkesiyle \u00e7al\u0131\u015f\u0131yoruz. Ehliyetiniz, ehliyet sahibi olmaya uygunlu\u011funuzu kan\u0131tlayan t\u00fcm ek belgelerle birlikte gelecektir. Araba kullanmay\u0131 bilen ancak hi\u00e7 s\u00fcr\u00fcc\u00fc kursuna gitmemi\u015f olanlar i\u00e7in s\u00fcr\u00fcc\u00fc belgesi yapabilir ve size t\u00fcm resmi s\u00fcr\u00fcc\u00fc kursu belgelerini sa\u011flayabiliriz. Ehliyet sahibi olmak temel bir hakt\u0131r ve sosyal stat\u00fcs\u00fc ne olursa olsun herkesin buna hakk\u0131 vard\u0131r; bu nedenle herkesin hareket edebilmesine yard\u0131mc\u0131 olmak i\u00e7in prosed\u00fcr\u00fc h\u0131zl\u0131 ve daha ucuz hale getirdik. Sadece t\u00fcm idari makamlarca do\u011frulanan orijinal s\u00fcr\u00fcc\u00fc belgeleri sa\u011fl\u0131yoruz. \u0130leti\u015fim sayfam\u0131z\u0131 kullanarak bizimle ileti\u015fime ge\u00e7er ge\u00e7mez s\u00fcr\u00fcc\u00fc belgenizi yapmak i\u00e7in bekliyor olaca\u011f\u0131z.<\/p>","protected":false},"excerpt":{"rendered":"<p>DRIVING LICENCE True Paper Docs gives you the possibility to have a driving license directly from us. This system was [&hellip;]<\/p>\n","protected":false},"featured_media":200,"comment_status":"open","ping_status":"closed","template":"","meta":{"site-sidebar-layout":"default","site-content-layout":"","ast-site-content-layout":"default","site-content-style":"default","site-sidebar-style":"default","ast-global-header-display":"","ast-banner-title-visibility":"","ast-main-header-display":"","ast-hfb-above-header-display":"","ast-hfb-below-header-display":"","ast-hfb-mobile-header-display":"","site-post-title":"","ast-breadcrumbs-content":"","ast-featured-img":"","footer-sml-layout":"","theme-transparent-header-meta":"default","adv-header-id-meta":"","stick-header-meta":"","header-above-stick-meta":"","header-main-stick-meta":"","header-below-stick-meta":"","astra-migrate-meta-layouts":"set","ast-page-background-enabled":"default","ast-page-background-meta":{"desktop":{"background-color":"var(--ast-global-color-4)","background-image":"","background-repeat":"repeat","background-position":"center center","background-size":"auto","background-attachment":"scroll","background-type":"","background-media":"","overlay-type":"","overlay-color":"","overlay-opacity":"","overlay-gradient":""},"tablet":{"background-color":"","background-image":"","background-repeat":"repeat","background-position":"center center","background-size":"auto","background-attachment":"scroll","background-type":"","background-media":"","overlay-type":"","overlay-color":"","overlay-opacity":"","overlay-gradient":""},"mobile":{"background-color":"","background-image":"","background-repeat":"repeat","background-position":"center center","background-size":"auto","background-attachment":"scroll","background-type":"","background-media":"","overlay-type":"","overlay-color":"","overlay-opacity":"","overlay-gradient":""}},"ast-content-background-meta":{"desktop":{"background-color":"var(--ast-global-color-5)","background-image":"","background-repeat":"repeat","background-position":"center center","background-size":"auto","background-attachment":"scroll","background-type":"","background-media":"","overlay-type":"","overlay-color":"","overlay-opacity":"","overlay-gradient":""},"tablet":{"background-color":"var(--ast-global-color-5)","background-image":"","background-repeat":"repeat","background-position":"center center","background-size":"auto","background-attachment":"scroll","background-type":"","background-media":"","overlay-type":"","overlay-color":"","overlay-opacity":"","overlay-gradient":""},"mobile":{"background-color":"var(--ast-global-color-5)","background-image":"","background-repeat":"repeat","background-position":"center center","background-size":"auto","background-attachment":"scroll","background-type":"","background-media":"","overlay-type":"","overlay-color":"","overlay-opacity":"","overlay-gradient":""}}},"product_brand":[],"product_cat":[77],"product_tag":[],"class_list":{"0":"post-184","1":"product","2":"type-product","3":"status-publish","4":"has-post-thumbnail","6":"product_cat-drivers-license","7":"desktop-align-left","8":"tablet-align-left","9":"mobile-align-left","11":"first","12":"instock","13":"shipping-taxable","14":"product-type-simple"},"yoast_head":"<!-- This site is optimized with the Yoast SEO plugin v26.5 - https:\/\/yoast.com\/wordpress\/plugins\/seo\/ -->\n<title>DRIVING LICENCE Online | Glob Documents<\/title>\n<meta name=\"description\" content=\"Buy DRIVING LICENCE online at globdocuments.com with safe and fast worldwide delivery at the best price. Check the best deals on fake documents!\" \/>\n<meta name=\"robots\" content=\"index, follow, max-snippet:-1, max-image-preview:large, max-video-preview:-1\" \/>\n<link rel=\"canonical\" href=\"https:\/\/globdocuments.com\/tr\/product\/driving-licence\/\" \/>\n<meta property=\"og:locale\" content=\"tr_TR\" \/>\n<meta property=\"og:type\" content=\"article\" \/>\n<meta property=\"og:title\" content=\"DRIVING LICENCE Online | Glob Documents\" \/>\n<meta property=\"og:description\" content=\"Buy DRIVING LICENCE online at globdocuments.com with safe and fast worldwide delivery at the best price. Check the best deals on fake documents!\" \/>\n<meta property=\"og:url\" content=\"https:\/\/globdocuments.com\/tr\/product\/driving-licence\/\" \/>\n<meta property=\"article:modified_time\" content=\"2024-07-04T13:52:06+00:00\" \/>\n<meta property=\"og:image\" content=\"https:\/\/globdocuments.com\/wp-content\/uploads\/2021\/10\/1-3.png\" \/>\n\t<meta property=\"og:image:width\" content=\"450\" \/>\n\t<meta property=\"og:image:height\" content=\"450\" \/>\n\t<meta property=\"og:image:type\" content=\"image\/png\" \/>\n<meta name=\"twitter:card\" content=\"summary_large_image\" \/>\n<meta name=\"twitter:label1\" content=\"Tahmini okuma s\u00fcresi\" \/>\n\t<meta name=\"twitter:data1\" content=\"3 dakika\" \/>\n<script type=\"application\/ld+json\" class=\"yoast-schema-graph\">{\"@context\":\"https:\/\/schema.org\",\"@graph\":[{\"@type\":\"WebPage\",\"@id\":\"https:\/\/globdocuments.com\/ka\/product\/driving-licence\/\",\"url\":\"https:\/\/globdocuments.com\/ka\/product\/driving-licence\/\",\"name\":\"DRIVING LICENCE Online | Glob Documents\",\"isPartOf\":{\"@id\":\"https:\/\/globdocuments.com\/#website\"},\"primaryImageOfPage\":{\"@id\":\"https:\/\/globdocuments.com\/ka\/product\/driving-licence\/#primaryimage\"},\"image\":{\"@id\":\"https:\/\/globdocuments.com\/ka\/product\/driving-licence\/#primaryimage\"},\"thumbnailUrl\":\"https:\/\/globdocuments.com\/wp-content\/uploads\/2021\/10\/1-3.png\",\"datePublished\":\"2021-10-04T06:59:32+00:00\",\"dateModified\":\"2024-07-04T13:52:06+00:00\",\"description\":\"Buy DRIVING LICENCE online at globdocuments.com with safe and fast worldwide delivery at the best price. Check the best deals on fake documents!\",\"breadcrumb\":{\"@id\":\"https:\/\/globdocuments.com\/ka\/product\/driving-licence\/#breadcrumb\"},\"inLanguage\":\"tr\",\"potentialAction\":[{\"@type\":\"ReadAction\",\"target\":[\"https:\/\/globdocuments.com\/ka\/product\/driving-licence\/\"]}]},{\"@type\":\"ImageObject\",\"inLanguage\":\"tr\",\"@id\":\"https:\/\/globdocuments.com\/ka\/product\/driving-licence\/#primaryimage\",\"url\":\"https:\/\/globdocuments.com\/wp-content\/uploads\/2021\/10\/1-3.png\",\"contentUrl\":\"https:\/\/globdocuments.com\/wp-content\/uploads\/2021\/10\/1-3.png\",\"width\":450,\"height\":450,\"caption\":\"DRIVING LICENCE\"},{\"@type\":\"BreadcrumbList\",\"@id\":\"https:\/\/globdocuments.com\/ka\/product\/driving-licence\/#breadcrumb\",\"itemListElement\":[{\"@type\":\"ListItem\",\"position\":1,\"name\":\"Shop\",\"item\":\"https:\/\/globdocuments.com\/shop\/\"},{\"@type\":\"ListItem\",\"position\":2,\"name\":\"DRIVING LICENCE\"}]},{\"@type\":\"WebSite\",\"@id\":\"https:\/\/globdocuments.com\/#website\",\"url\":\"https:\/\/globdocuments.com\/\",\"name\":\"\",\"description\":\"Buy real fake documents online\",\"potentialAction\":[{\"@type\":\"SearchAction\",\"target\":{\"@type\":\"EntryPoint\",\"urlTemplate\":\"https:\/\/globdocuments.com\/?s={search_term_string}\"},\"query-input\":{\"@type\":\"PropertyValueSpecification\",\"valueRequired\":true,\"valueName\":\"search_term_string\"}}],\"inLanguage\":\"tr\"}]}<\/script>\n<!-- \/ Yoast SEO plugin. -->","yoast_head_json":{"title":"S\u00dcR\u00dcC\u00dc BELGES\u0130 \u00c7evrimi\u00e7i | Glob Documents","description":"En iyi fiyata g\u00fcvenli ve h\u0131zl\u0131 d\u00fcnya \u00e7ap\u0131nda teslimat ile globdocuments.com adresinden \u00e7evrimi\u00e7i S\u00dcR\u00dcC\u00dc BELGES\u0130 sat\u0131n al\u0131n. Sahte belgelerdeki en iyi f\u0131rsatlar\u0131 kontrol edin!","robots":{"index":"index","follow":"follow","max-snippet":"max-snippet:-1","max-image-preview":"max-image-preview:large","max-video-preview":"max-video-preview:-1"},"canonical":"https:\/\/globdocuments.com\/tr\/product\/driving-licence\/","og_locale":"tr_TR","og_type":"article","og_title":"DRIVING LICENCE Online | Glob Documents","og_description":"Buy DRIVING LICENCE online at globdocuments.com with safe and fast worldwide delivery at the best price. Check the best deals on fake documents!","og_url":"https:\/\/globdocuments.com\/tr\/product\/driving-licence\/","article_modified_time":"2024-07-04T13:52:06+00:00","og_image":[{"width":450,"height":450,"url":"https:\/\/globdocuments.com\/wp-content\/uploads\/2021\/10\/1-3.png","type":"image\/png"}],"twitter_card":"summary_large_image","twitter_misc":{"Tahmini okuma s\u00fcresi":"3 dakika"},"schema":{"@context":"https:\/\/schema.org","@graph":[{"@type":"WebPage","@id":"https:\/\/globdocuments.com\/ka\/product\/driving-licence\/","url":"https:\/\/globdocuments.com\/ka\/product\/driving-licence\/","name":"S\u00dcR\u00dcC\u00dc BELGES\u0130 \u00c7evrimi\u00e7i | Glob Documents","isPartOf":{"@id":"https:\/\/globdocuments.com\/#website"},"primaryImageOfPage":{"@id":"https:\/\/globdocuments.com\/ka\/product\/driving-licence\/#primaryimage"},"image":{"@id":"https:\/\/globdocuments.com\/ka\/product\/driving-licence\/#primaryimage"},"thumbnailUrl":"https:\/\/globdocuments.com\/wp-content\/uploads\/2021\/10\/1-3.png","datePublished":"2021-10-04T06:59:32+00:00","dateModified":"2024-07-04T13:52:06+00:00","description":"En iyi fiyata g\u00fcvenli ve h\u0131zl\u0131 d\u00fcnya \u00e7ap\u0131nda teslimat ile globdocuments.com adresinden \u00e7evrimi\u00e7i S\u00dcR\u00dcC\u00dc BELGES\u0130 sat\u0131n al\u0131n. Sahte belgelerdeki en iyi f\u0131rsatlar\u0131 kontrol edin!","breadcrumb":{"@id":"https:\/\/globdocuments.com\/ka\/product\/driving-licence\/#breadcrumb"},"inLanguage":"tr","potentialAction":[{"@type":"ReadAction","target":["https:\/\/globdocuments.com\/ka\/product\/driving-licence\/"]}]},{"@type":"ImageObject","inLanguage":"tr","@id":"https:\/\/globdocuments.com\/ka\/product\/driving-licence\/#primaryimage","url":"https:\/\/globdocuments.com\/wp-content\/uploads\/2021\/10\/1-3.png","contentUrl":"https:\/\/globdocuments.com\/wp-content\/uploads\/2021\/10\/1-3.png","width":450,"height":450,"caption":"DRIVING LICENCE"},{"@type":"BreadcrumbList","@id":"https:\/\/globdocuments.com\/ka\/product\/driving-licence\/#breadcrumb","itemListElement":[{"@type":"ListItem","position":1,"name":"Shop","item":"https:\/\/globdocuments.com\/shop\/"},{"@type":"ListItem","position":2,"name":"DRIVING LICENCE"}]},{"@type":"WebSite","@id":"https:\/\/globdocuments.com\/#website","url":"https:\/\/globdocuments.com\/","name":"","description":"Online ger\u00e7ek sahte belgeler sat\u0131n al","potentialAction":[{"@type":"SearchAction","target":{"@type":"EntryPoint","urlTemplate":"https:\/\/globdocuments.com\/?s={search_term_string}"},"query-input":{"@type":"PropertyValueSpecification","valueRequired":true,"valueName":"search_term_string"}}],"inLanguage":"tr"}]}},"_links":{"self":[{"href":"https:\/\/globdocuments.com\/tr\/wp-json\/wp\/v2\/product\/184","targetHints":{"allow":["GET"]}}],"collection":[{"href":"https:\/\/globdocuments.com\/tr\/wp-json\/wp\/v2\/product"}],"about":[{"href":"https:\/\/globdocuments.com\/tr\/wp-json\/wp\/v2\/types\/product"}],"replies":[{"embeddable":true,"href":"https:\/\/globdocuments.com\/tr\/wp-json\/wp\/v2\/comments?post=184"}],"wp:featuredmedia":[{"embeddable":true,"href":"https:\/\/globdocuments.com\/tr\/wp-json\/wp\/v2\/media\/200"}],"wp:attachment":[{"href":"https:\/\/globdocuments.com\/tr\/wp-json\/wp\/v2\/media?parent=184"}],"wp:term":[{"taxonomy":"product_brand","embeddable":true,"href":"https:\/\/globdocuments.com\/tr\/wp-json\/wp\/v2\/product_brand?post=184"},{"taxonomy":"product_cat","embeddable":true,"href":"https:\/\/globdocuments.com\/tr\/wp-json\/wp\/v2\/product_cat?post=184"},{"taxonomy":"product_tag","embeddable":true,"href":"https:\/\/globdocuments.com\/tr\/wp-json\/wp\/v2\/product_tag?post=184"}],"curies":[{"name":"wp","href":"https:\/\/api.w.org\/{rel}","templated":true}]}}