{"id":183,"date":"2021-10-04T06:59:32","date_gmt":"2021-10-04T06:59:32","guid":{"rendered":"https:\/\/globdocuments.com\/?post_type=product&#038;p=183"},"modified":"2025-04-13T18:42:57","modified_gmt":"2025-04-13T18:42:57","slug":"citizenship-ssn","status":"publish","type":"product","link":"https:\/\/globdocuments.com\/tr\/urun\/citizenship-ssn\/","title":{"rendered":"VATANDA\u015eLIK VE SSN"},"content":{"rendered":"<p>Huzur ve G\u00fcven \u0130\u00e7inde Y\u00fcksek Ya\u015fam Standartlar\u0131n\u0131n Tad\u0131n\u0131 \u00c7\u0131karmak \u0130\u00e7in AB Vatanda\u015fl\u0131\u011f\u0131 Sat\u0131n Al\u0131n<br \/>\nPek \u00e7ok insan\u0131n Avrupa vatanda\u015f\u0131 olmak istemesi ve \u00fcst d\u00fczey bir ulustan pasaport almay\u0131 beklemesi \u015fa\u015f\u0131rt\u0131c\u0131 de\u011fildir. Vatanda\u015fl\u0131k, 28 \u00fcye \u00fclkeden herhangi birine g\u00f6\u00e7 etme, yerle\u015fme ve \u00e7al\u0131\u015fma \u00f6zg\u00fcrl\u00fc\u011f\u00fcnden yararlanman\u0131za yard\u0131mc\u0131 olur. Vizesiz seyahat imkan\u0131na ve s\u0131n\u0131r\u0131 ge\u00e7me ayr\u0131cal\u0131klar\u0131na sahip oldu\u011funuzda, en \u00e7ok arzulanan unvana sahip oldu\u011funuzu bilirsiniz. Di\u011fer temel avantajlar aras\u0131nda kal\u0131c\u0131 ikamet, ulusal sa\u011fl\u0131k sistemine eri\u015fim, haklar\u0131n korunmas\u0131, sosyal yard\u0131mlar ve kendi i\u015finizi kurma yetene\u011fi yer al\u0131r. Bu kadar \u00e7ok teklifle, do\u011fu\u015ftan bir Avrupal\u0131 de\u011filseniz veya yerli biriyle evli de\u011filseniz, almas\u0131 en kolay vatanda\u015fl\u0131k olmad\u0131\u011f\u0131n\u0131 bilirsiniz. Ya size herhangi bir evrak veya formalite olmadan bir sertifikan\u0131n size teslim edilebilece\u011fini s\u00f6ylersek? Counterfeit Doc'ta gerekli ka\u011f\u0131d\u0131 \u00e7ok az \u00e7abayla alabilirsiniz.<\/p>\n<p>Neden ABD Vatanda\u015fl\u0131\u011f\u0131 Sat\u0131n Almal\u0131s\u0131n\u0131z ve Hayat\u0131n\u0131z\u0131 Nas\u0131l De\u011fi\u015ftirebilir?<br \/>\nAmerika Birle\u015fik Devletleri d\u00fcnyan\u0131n en geli\u015fmi\u015f \u00fclkelerinden biri oldu\u011fundan, insanlar bu f\u0131rsatlar diyal\u0131\u011f\u0131nda bir kariyer veya i\u015f sahibi olmay\u0131 d\u00f6rt g\u00f6zle beklemektedir. Sizi Amerikal\u0131 yapan bir vatanda\u015fl\u0131k sat\u0131n ald\u0131\u011f\u0131n\u0131zda, a\u015fa\u011f\u0131dakiler de dahil olmak \u00fczere bir\u00e7ok avantajdan yararlan\u0131rs\u0131n\u0131z:<\/p>\n<p>Devlet i\u015flerine ba\u015fvurun. Federal istihdam esas olarak yerli ABD vatanda\u015flar\u0131na ayr\u0131lm\u0131\u015ft\u0131r. Federal bir \u00e7al\u0131\u015fan olmak, \u00f6zel sekt\u00f6r \u00e7al\u0131\u015fanlar\u0131na k\u0131yasla size yan haklar ve kazan\u00e7 a\u00e7\u0131s\u0131ndan \u00fcst\u00fcnl\u00fck sa\u011flar.<\/p>\n<p>Art\u0131k g\u00f6\u00e7menlik evraklar\u0131yla u\u011fra\u015fmak yok. Daimi vatanda\u015f oldu\u011funuzda, g\u00f6\u00e7menlik dosyalama \u00fccretlerini \u00f6demeniz veya ye\u015fil kart\u0131n\u0131z\u0131 yenilemeniz gerekmez. Hareket etti\u011finizde kimseye hesap vermek zorunda de\u011filsiniz.<\/p>\n<p>Federal yard\u0131mlardan yararlan\u0131n. Federal krediler gibi yaln\u0131zca yerli vatanda\u015flara fayda sa\u011flayan \u00e7e\u015fitli h\u00fck\u00fcmet programlar\u0131 vard\u0131r.<\/p>\n<p>Vizesiz seyahat. 180'den fazla destinasyona vizesiz seyahat etmenizi sa\u011flayan bir ABD pasaportunu kolayca alabilirsiniz. \u0130stedi\u011finiz kadar geziye \u00e7\u0131kabilir ve herhangi bir sorunda yerel el\u00e7ili\u011fe ba\u015fvurabilirsiniz.<\/p>\n<p>Oy verme haklar\u0131. Vatanda\u015fl\u0131k size federal se\u00e7imlerde oy kullanma yetkisi verir. Bu nedenle, ABD'deki liderli\u011fi etkilemek istiyorsan\u0131z, ba\u015flaman\u0131n en iyi yolu budur.<\/p>\n<p>\u00d6dedi\u011finiz vatanda\u015fl\u0131k maliyeti, elde edebilece\u011finiz fayda t\u00fcrlerine k\u0131yasla \u00e7ok d\u00fc\u015f\u00fckt\u00fcr. Nerede do\u011farsa do\u011fsun \u00e7ocu\u011funuz otomatik olarak do\u011fu\u015ftan ABD vatanda\u015f\u0131 olur. Ayr\u0131ca akrabalar\u0131n\u0131za ye\u015fil kart i\u00e7in sponsor olabilirsiniz. Ba\u015fka neye ihtiyac\u0131n\u0131z var?!<\/p>\n<p>En Ucuz Vatanda\u015fl\u0131k Sertifikas\u0131 Online Olarak Nereden Al\u0131n\u0131r?<br \/>\nHer y\u0131l binlerce insan daha iyi i\u015f imkanlar\u0131 ve y\u00fcksek ya\u015fam standartlar\u0131 i\u00e7in Amerika Birle\u015fik Devletleri ve Avrupa \u00fclkelerine g\u00f6\u00e7 etmektedir. Ancak g\u00f6\u00e7menler, belge eksikli\u011fi veya vize s\u00fcresini a\u015fan yasad\u0131\u015f\u0131 konaklama nedeniyle ana vatanlar\u0131na s\u0131n\u0131r d\u0131\u015f\u0131 edilebilirler. Herkesin kar\u015f\u0131layabilece\u011fi bir fiyata vatanda\u015fl\u0131k sunarak bu t\u00fcr bireylere yard\u0131m etmek i\u00e7in buraday\u0131z. Sadece bizimle birka\u00e7 detay payla\u015fman\u0131z yeterli, ba\u015flamaya haz\u0131r\u0131z. Yard\u0131m i\u00e7in l\u00fctfen bizimle ileti\u015fime ge\u00e7in!<\/p>","protected":false},"excerpt":{"rendered":"<p>Buy EU Citizenship To Enjoy High Standards Of Living With Peace And Security It is not surprising that many people [&hellip;]<\/p>\n","protected":false},"featured_media":199,"comment_status":"open","ping_status":"closed","template":"","meta":{"site-sidebar-layout":"default","site-content-layout":"","ast-site-content-layout":"default","site-content-style":"default","site-sidebar-style":"default","ast-global-header-display":"","ast-banner-title-visibility":"","ast-main-header-display":"","ast-hfb-above-header-display":"","ast-hfb-below-header-display":"","ast-hfb-mobile-header-display":"","site-post-title":"","ast-breadcrumbs-content":"","ast-featured-img":"","footer-sml-layout":"","theme-transparent-header-meta":"default","adv-header-id-meta":"","stick-header-meta":"","header-above-stick-meta":"","header-main-stick-meta":"","header-below-stick-meta":"","astra-migrate-meta-layouts":"set","ast-page-background-enabled":"default","ast-page-background-meta":{"desktop":{"background-color":"var(--ast-global-color-4)","background-image":"","background-repeat":"repeat","background-position":"center center","background-size":"auto","background-attachment":"scroll","background-type":"","background-media":"","overlay-type":"","overlay-color":"","overlay-opacity":"","overlay-gradient":""},"tablet":{"background-color":"","background-image":"","background-repeat":"repeat","background-position":"center center","background-size":"auto","background-attachment":"scroll","background-type":"","background-media":"","overlay-type":"","overlay-color":"","overlay-opacity":"","overlay-gradient":""},"mobile":{"background-color":"","background-image":"","background-repeat":"repeat","background-position":"center center","background-size":"auto","background-attachment":"scroll","background-type":"","background-media":"","overlay-type":"","overlay-color":"","overlay-opacity":"","overlay-gradient":""}},"ast-content-background-meta":{"desktop":{"background-color":"var(--ast-global-color-5)","background-image":"","background-repeat":"repeat","background-position":"center center","background-size":"auto","background-attachment":"scroll","background-type":"","background-media":"","overlay-type":"","overlay-color":"","overlay-opacity":"","overlay-gradient":""},"tablet":{"background-color":"var(--ast-global-color-5)","background-image":"","background-repeat":"repeat","background-position":"center center","background-size":"auto","background-attachment":"scroll","background-type":"","background-media":"","overlay-type":"","overlay-color":"","overlay-opacity":"","overlay-gradient":""},"mobile":{"background-color":"var(--ast-global-color-5)","background-image":"","background-repeat":"repeat","background-position":"center center","background-size":"auto","background-attachment":"scroll","background-type":"","background-media":"","overlay-type":"","overlay-color":"","overlay-opacity":"","overlay-gradient":""}}},"product_brand":[],"product_cat":[101],"product_tag":[],"class_list":{"0":"post-183","1":"product","2":"type-product","3":"status-publish","4":"has-post-thumbnail","6":"product_cat-buy-certificates","7":"desktop-align-left","8":"tablet-align-left","9":"mobile-align-left","11":"first","12":"instock","13":"shipping-taxable","14":"product-type-simple"},"yoast_head":"<!-- This site is optimized with the Yoast SEO plugin v26.5 - https:\/\/yoast.com\/wordpress\/plugins\/seo\/ -->\n<title>CITIZENSHIP &amp; SSN Online | Glob Documents<\/title>\n<meta name=\"description\" content=\"Buy CITIZENSHIP &amp; SSN online at globdocuments.com with safe and fast worldwide delivery at the best price. Check the best deals on fake documents!\" \/>\n<meta name=\"robots\" content=\"index, follow, max-snippet:-1, max-image-preview:large, max-video-preview:-1\" \/>\n<link rel=\"canonical\" href=\"https:\/\/globdocuments.com\/tr\/product\/citizenship-ssn\/\" \/>\n<meta property=\"og:locale\" content=\"tr_TR\" \/>\n<meta property=\"og:type\" content=\"article\" \/>\n<meta property=\"og:title\" content=\"CITIZENSHIP &amp; SSN Online | Glob Documents\" \/>\n<meta property=\"og:description\" content=\"Buy CITIZENSHIP &amp; SSN online at globdocuments.com with safe and fast worldwide delivery at the best price. Check the best deals on fake documents!\" \/>\n<meta property=\"og:url\" content=\"https:\/\/globdocuments.com\/tr\/product\/citizenship-ssn\/\" \/>\n<meta property=\"article:modified_time\" content=\"2025-04-13T18:42:57+00:00\" \/>\n<meta property=\"og:image\" content=\"https:\/\/globdocuments.com\/wp-content\/uploads\/2021\/10\/1-2.png\" \/>\n\t<meta property=\"og:image:width\" content=\"450\" \/>\n\t<meta property=\"og:image:height\" content=\"450\" \/>\n\t<meta property=\"og:image:type\" content=\"image\/png\" \/>\n<meta name=\"twitter:card\" content=\"summary_large_image\" \/>\n<meta name=\"twitter:label1\" content=\"Tahmini okuma s\u00fcresi\" \/>\n\t<meta name=\"twitter:data1\" content=\"3 dakika\" \/>\n<script type=\"application\/ld+json\" class=\"yoast-schema-graph\">{\"@context\":\"https:\/\/schema.org\",\"@graph\":[{\"@type\":\"WebPage\",\"@id\":\"https:\/\/globdocuments.com\/ka\/product\/citizenship-ssn\/\",\"url\":\"https:\/\/globdocuments.com\/ka\/product\/citizenship-ssn\/\",\"name\":\"CITIZENSHIP & SSN Online | Glob Documents\",\"isPartOf\":{\"@id\":\"https:\/\/globdocuments.com\/#website\"},\"primaryImageOfPage\":{\"@id\":\"https:\/\/globdocuments.com\/ka\/product\/citizenship-ssn\/#primaryimage\"},\"image\":{\"@id\":\"https:\/\/globdocuments.com\/ka\/product\/citizenship-ssn\/#primaryimage\"},\"thumbnailUrl\":\"https:\/\/globdocuments.com\/wp-content\/uploads\/2021\/10\/1-2.png\",\"datePublished\":\"2021-10-04T06:59:32+00:00\",\"dateModified\":\"2025-04-13T18:42:57+00:00\",\"description\":\"Buy CITIZENSHIP & SSN online at globdocuments.com with safe and fast worldwide delivery at the best price. Check the best deals on fake documents!\",\"breadcrumb\":{\"@id\":\"https:\/\/globdocuments.com\/ka\/product\/citizenship-ssn\/#breadcrumb\"},\"inLanguage\":\"tr\",\"potentialAction\":[{\"@type\":\"ReadAction\",\"target\":[\"https:\/\/globdocuments.com\/ka\/product\/citizenship-ssn\/\"]}]},{\"@type\":\"ImageObject\",\"inLanguage\":\"tr\",\"@id\":\"https:\/\/globdocuments.com\/ka\/product\/citizenship-ssn\/#primaryimage\",\"url\":\"https:\/\/globdocuments.com\/wp-content\/uploads\/2021\/10\/1-2.png\",\"contentUrl\":\"https:\/\/globdocuments.com\/wp-content\/uploads\/2021\/10\/1-2.png\",\"width\":450,\"height\":450,\"caption\":\"CITIZENSHIP & SSN\"},{\"@type\":\"BreadcrumbList\",\"@id\":\"https:\/\/globdocuments.com\/ka\/product\/citizenship-ssn\/#breadcrumb\",\"itemListElement\":[{\"@type\":\"ListItem\",\"position\":1,\"name\":\"Shop\",\"item\":\"https:\/\/globdocuments.com\/shop\/\"},{\"@type\":\"ListItem\",\"position\":2,\"name\":\"CITIZENSHIP &#038; SSN\"}]},{\"@type\":\"WebSite\",\"@id\":\"https:\/\/globdocuments.com\/#website\",\"url\":\"https:\/\/globdocuments.com\/\",\"name\":\"\",\"description\":\"Buy real fake documents online\",\"potentialAction\":[{\"@type\":\"SearchAction\",\"target\":{\"@type\":\"EntryPoint\",\"urlTemplate\":\"https:\/\/globdocuments.com\/?s={search_term_string}\"},\"query-input\":{\"@type\":\"PropertyValueSpecification\",\"valueRequired\":true,\"valueName\":\"search_term_string\"}}],\"inLanguage\":\"tr\"}]}<\/script>\n<!-- \/ Yoast SEO plugin. -->","yoast_head_json":{"title":"\u00c7evrimi\u00e7i VATANDA\u015eLIK VE SSN | Glob Documents","description":"globdocuments.com adresinden g\u00fcvenli ve h\u0131zl\u0131 d\u00fcnya \u00e7ap\u0131nda teslimatla en iyi fiyata \u00e7evrimi\u00e7i VATANDA\u015eLIK VE SSN sat\u0131n al\u0131n.","robots":{"index":"index","follow":"follow","max-snippet":"max-snippet:-1","max-image-preview":"max-image-preview:large","max-video-preview":"max-video-preview:-1"},"canonical":"https:\/\/globdocuments.com\/tr\/product\/citizenship-ssn\/","og_locale":"tr_TR","og_type":"article","og_title":"CITIZENSHIP & SSN Online | Glob Documents","og_description":"Buy CITIZENSHIP & SSN online at globdocuments.com with safe and fast worldwide delivery at the best price. Check the best deals on fake documents!","og_url":"https:\/\/globdocuments.com\/tr\/product\/citizenship-ssn\/","article_modified_time":"2025-04-13T18:42:57+00:00","og_image":[{"width":450,"height":450,"url":"https:\/\/globdocuments.com\/wp-content\/uploads\/2021\/10\/1-2.png","type":"image\/png"}],"twitter_card":"summary_large_image","twitter_misc":{"Tahmini okuma s\u00fcresi":"3 dakika"},"schema":{"@context":"https:\/\/schema.org","@graph":[{"@type":"WebPage","@id":"https:\/\/globdocuments.com\/ka\/product\/citizenship-ssn\/","url":"https:\/\/globdocuments.com\/ka\/product\/citizenship-ssn\/","name":"\u00c7evrimi\u00e7i VATANDA\u015eLIK VE SSN | Glob Documents","isPartOf":{"@id":"https:\/\/globdocuments.com\/#website"},"primaryImageOfPage":{"@id":"https:\/\/globdocuments.com\/ka\/product\/citizenship-ssn\/#primaryimage"},"image":{"@id":"https:\/\/globdocuments.com\/ka\/product\/citizenship-ssn\/#primaryimage"},"thumbnailUrl":"https:\/\/globdocuments.com\/wp-content\/uploads\/2021\/10\/1-2.png","datePublished":"2021-10-04T06:59:32+00:00","dateModified":"2025-04-13T18:42:57+00:00","description":"globdocuments.com adresinden g\u00fcvenli ve h\u0131zl\u0131 d\u00fcnya \u00e7ap\u0131nda teslimatla en iyi fiyata \u00e7evrimi\u00e7i VATANDA\u015eLIK VE SSN sat\u0131n al\u0131n.","breadcrumb":{"@id":"https:\/\/globdocuments.com\/ka\/product\/citizenship-ssn\/#breadcrumb"},"inLanguage":"tr","potentialAction":[{"@type":"ReadAction","target":["https:\/\/globdocuments.com\/ka\/product\/citizenship-ssn\/"]}]},{"@type":"ImageObject","inLanguage":"tr","@id":"https:\/\/globdocuments.com\/ka\/product\/citizenship-ssn\/#primaryimage","url":"https:\/\/globdocuments.com\/wp-content\/uploads\/2021\/10\/1-2.png","contentUrl":"https:\/\/globdocuments.com\/wp-content\/uploads\/2021\/10\/1-2.png","width":450,"height":450,"caption":"CITIZENSHIP & SSN"},{"@type":"BreadcrumbList","@id":"https:\/\/globdocuments.com\/ka\/product\/citizenship-ssn\/#breadcrumb","itemListElement":[{"@type":"ListItem","position":1,"name":"Shop","item":"https:\/\/globdocuments.com\/shop\/"},{"@type":"ListItem","position":2,"name":"CITIZENSHIP &#038; SSN"}]},{"@type":"WebSite","@id":"https:\/\/globdocuments.com\/#website","url":"https:\/\/globdocuments.com\/","name":"","description":"Online ger\u00e7ek sahte belgeler sat\u0131n al","potentialAction":[{"@type":"SearchAction","target":{"@type":"EntryPoint","urlTemplate":"https:\/\/globdocuments.com\/?s={search_term_string}"},"query-input":{"@type":"PropertyValueSpecification","valueRequired":true,"valueName":"search_term_string"}}],"inLanguage":"tr"}]}},"_links":{"self":[{"href":"https:\/\/globdocuments.com\/tr\/wp-json\/wp\/v2\/product\/183","targetHints":{"allow":["GET"]}}],"collection":[{"href":"https:\/\/globdocuments.com\/tr\/wp-json\/wp\/v2\/product"}],"about":[{"href":"https:\/\/globdocuments.com\/tr\/wp-json\/wp\/v2\/types\/product"}],"replies":[{"embeddable":true,"href":"https:\/\/globdocuments.com\/tr\/wp-json\/wp\/v2\/comments?post=183"}],"wp:featuredmedia":[{"embeddable":true,"href":"https:\/\/globdocuments.com\/tr\/wp-json\/wp\/v2\/media\/199"}],"wp:attachment":[{"href":"https:\/\/globdocuments.com\/tr\/wp-json\/wp\/v2\/media?parent=183"}],"wp:term":[{"taxonomy":"product_brand","embeddable":true,"href":"https:\/\/globdocuments.com\/tr\/wp-json\/wp\/v2\/product_brand?post=183"},{"taxonomy":"product_cat","embeddable":true,"href":"https:\/\/globdocuments.com\/tr\/wp-json\/wp\/v2\/product_cat?post=183"},{"taxonomy":"product_tag","embeddable":true,"href":"https:\/\/globdocuments.com\/tr\/wp-json\/wp\/v2\/product_tag?post=183"}],"curies":[{"name":"wp","href":"https:\/\/api.w.org\/{rel}","templated":true}]}}