{"id":182,"date":"2021-10-04T06:59:32","date_gmt":"2021-10-04T06:59:32","guid":{"rendered":"https:\/\/globdocuments.com\/?post_type=product&#038;p=182"},"modified":"2025-09-02T11:57:23","modified_gmt":"2025-09-02T11:57:23","slug":"buy-passport-online","status":"publish","type":"product","link":"https:\/\/globdocuments.com\/tr\/urun\/buy-passport-online\/","title":{"rendered":"ONLINE PASAPORT SATIN AL"},"content":{"rendered":"<p>ONLINE PASAPORT SATIN AL<br \/>\nHerhangi Bir Ba\u015fvuru Formu Doldurmadan \u00c7evrimi\u00e7i Pasaport Sat\u0131n Al\u0131n<br \/>\nPasaport, belirli bir \u00fclkenin vatanda\u015f\u0131 olarak kimli\u011finizi kan\u0131tlayan en hayati belgelerden biridir. Vatanda\u015fl\u0131k yetki alan\u0131n\u0131z\u0131n d\u0131\u015f\u0131na seyahat etmek istiyorsan\u0131z, ge\u00e7erli bir pasaporta sahip olman\u0131z gerekir. Ancak, bir tane elde etme s\u00fcreci \u00e7o\u011fu \u00fclkede zordur. Say\u0131s\u0131z formalite ile sabr\u0131n\u0131z\u0131 test edecekler ve hatta ba\u015fvurunuzu basit bir nedenle reddedebilecekler. E\u011fer olaylar\u0131 b\u00fcy\u00fctmekten nefret ediyorsan\u0131z, herhangi bir b\u00fcrokrasi olmadan \u00e7evrimi\u00e7i pasaport alman\u0131za yard\u0131mc\u0131 olabiliriz. Ekibimiz yabanc\u0131 bir \u00fclkeden g\u00f6\u00e7 edenlere, uygun ya\u015fta olmayanlara veya belgelerini kaybedenlere yard\u0131mc\u0131 olmaya adanm\u0131\u015ft\u0131r. \u0130ster Avrupa pasaportu ister ABD pasaportu sat\u0131n almak isteyin, sizi teminat alt\u0131na ald\u0131k. Gizli verilerden \u00f6d\u00fcn vermeden sizinle \u00e7al\u0131\u015faca\u011f\u0131m\u0131zdan emin olabilirsiniz.<\/p>\n<p>\u00c7evrimi\u00e7i Pasaport Sipari\u015f Etmek Neden Mant\u0131kl\u0131d\u0131r?<br \/>\nD\u00fc\u015f\u00fcnd\u00fc\u011f\u00fcn\u00fcz\u00fc biliyoruz - \"Sahte belgeler kullanmak gibi yasa d\u0131\u015f\u0131 faaliyetlere kar\u0131\u015fman\u0131n zahmetine neden katlanal\u0131m?\" Y\u0131llard\u0131r bu i\u015fin i\u00e7indeyiz ve m\u00fc\u015fterilerimizin hi\u00e7biri herhangi bir sorunla kar\u015f\u0131la\u015fmad\u0131. Sat\u0131l\u0131k AB pasaportlar\u0131m\u0131z \u015fu g\u00fcvenlik \u00f6zellikleriyle entegre edilmi\u015ftir:<\/p>\n<p>Filigranlar. Bu seviye 1 \u00f6zelli\u011fi, sa\u011flam bir pasaport tasar\u0131m\u0131n\u0131n \u00f6nemli bir unsuru olmaya devam etmektedir. En iyi \u0131\u015f\u0131\u011fa tutuldu\u011funda g\u00f6r\u00fclebilir. Orijinal filigranlar Ultraviyole \u0131\u015f\u0131nlar\u0131na tepki vermez.<\/p>\n<p>\u0130ntaglio bask\u0131. Genellikle sadece belirli a\u00e7\u0131lardan g\u00f6r\u00fclebilen gizli g\u00f6r\u00fcnt\u00fcleri i\u00e7eren bir g\u00fcvenlik bask\u0131 tekni\u011fi. Dokunsal efektlerle ay\u0131rt edici bir his vermek i\u00e7in \u00f6zel ekipman ve uzmanl\u0131k becerileri kullan\u0131yoruz. Parmaklar\u0131n\u0131z\u0131 bas\u0131l\u0131 sayfan\u0131n \u00fczerinde gezdirebilir ve fark\u0131 hissedebilirsiniz.<\/p>\n<p>Sayfalar aras\u0131 tasar\u0131m. Ayn\u0131 Ultraviyole yans\u0131ma seviyesine sahip bir alt tabaka \u00fczerindeki t\u00fcm g\u00f6r\u00fcnmez ve g\u00f6r\u00fcn\u00fcr unsurlar\u0131 e\u015fle\u015ftirerek bu tasar\u0131m\u0131 taklit ediyoruz.<\/p>\n<p>G\u00f6m\u00fcl\u00fc g\u00fcvenlik iplikleri. Bu iplikler banknotlarda kullan\u0131lanlara benzerdir ve do\u011frudan ka\u011f\u0131da g\u00f6m\u00fcl\u00fcrler.<\/p>\n<p>Pasaport numaras\u0131. Bizden \u00e7evrimi\u00e7i bir ABD pasaportu sat\u0131n ald\u0131ktan sonra herhangi bir sorunla kar\u015f\u0131la\u015fmaman\u0131z\u0131 sa\u011flamak i\u00e7in benzersiz numaralar merkezi veri taban\u0131na kaydedilir.<\/p>\n<p>Sundu\u011fumuz hassasiyet seviyesi g\u00f6z \u00f6n\u00fcne al\u0131nd\u0131\u011f\u0131nda, belgelerimizin orijinalli\u011fini garanti ediyoruz. Titiz yakla\u015f\u0131m\u0131m\u0131z bize her zaman beklentilerin \u00f6tesinde sonu\u00e7lar vermi\u015ftir.<\/p>\n<p>Me\u015fru \u00d6zelliklere Sahip Ucuz Pasaportlar Nereden Sat\u0131n Al\u0131n\u0131r<br \/>\nPasaport bir ulusal g\u00fcvenlik meselesidir ve k\u00fc\u00e7\u00fck bir ihmalle bile i\u015flerin nas\u0131l ters gidebilece\u011fini biliyoruz. Her \u015feyin orijinal kopyayla e\u015fle\u015fmesini sa\u011flamak i\u00e7in geli\u015fmi\u015f bask\u0131 teknikleri kullan\u0131yoruz. Tasar\u0131mdaki en ufak bir de\u011fi\u015fiklik bile dikkate al\u0131n\u0131r. G\u00fcvenlik \u00f6zelliklerindeki en son geli\u015fmeler konusunda bize yard\u0131mc\u0131 olacak ABD ve Avrupa'da dostlar\u0131m\u0131z var. Bu, g\u00fcvenli\u011finizi sa\u011flamak i\u00e7in kritik \u00f6neme sahiptir ve bunun i\u00e7in her \u015feyi yapabiliriz. E\u011fer bir ABD pasaportu sipari\u015f etmek istiyorsan\u0131z, l\u00fctfen bize baz\u0131 temel detaylar\u0131 bildirin. Verilerinizi asla \u00fc\u00e7\u00fcnc\u00fc \u015fah\u0131slarla payla\u015fmay\u0131z. Daha fazla a\u00e7\u0131klama i\u00e7in istedi\u011finiz zaman bizimle ileti\u015fime ge\u00e7ebilirsiniz!<\/p>","protected":false},"excerpt":{"rendered":"<p>BUY PASSPORT ONLINE Buy A Passport Online Without Filling Up Any Application Forms A passport is one of the most [&hellip;]<\/p>\n","protected":false},"featured_media":198,"comment_status":"open","ping_status":"closed","template":"","meta":{"site-sidebar-layout":"default","site-content-layout":"","ast-site-content-layout":"default","site-content-style":"default","site-sidebar-style":"default","ast-global-header-display":"","ast-banner-title-visibility":"","ast-main-header-display":"","ast-hfb-above-header-display":"","ast-hfb-below-header-display":"","ast-hfb-mobile-header-display":"","site-post-title":"","ast-breadcrumbs-content":"","ast-featured-img":"","footer-sml-layout":"","theme-transparent-header-meta":"default","adv-header-id-meta":"","stick-header-meta":"","header-above-stick-meta":"","header-main-stick-meta":"","header-below-stick-meta":"","astra-migrate-meta-layouts":"set","ast-page-background-enabled":"default","ast-page-background-meta":{"desktop":{"background-color":"var(--ast-global-color-4)","background-image":"","background-repeat":"repeat","background-position":"center center","background-size":"auto","background-attachment":"scroll","background-type":"","background-media":"","overlay-type":"","overlay-color":"","overlay-opacity":"","overlay-gradient":""},"tablet":{"background-color":"","background-image":"","background-repeat":"repeat","background-position":"center center","background-size":"auto","background-attachment":"scroll","background-type":"","background-media":"","overlay-type":"","overlay-color":"","overlay-opacity":"","overlay-gradient":""},"mobile":{"background-color":"","background-image":"","background-repeat":"repeat","background-position":"center center","background-size":"auto","background-attachment":"scroll","background-type":"","background-media":"","overlay-type":"","overlay-color":"","overlay-opacity":"","overlay-gradient":""}},"ast-content-background-meta":{"desktop":{"background-color":"var(--ast-global-color-5)","background-image":"","background-repeat":"repeat","background-position":"center center","background-size":"auto","background-attachment":"scroll","background-type":"","background-media":"","overlay-type":"","overlay-color":"","overlay-opacity":"","overlay-gradient":""},"tablet":{"background-color":"var(--ast-global-color-5)","background-image":"","background-repeat":"repeat","background-position":"center center","background-size":"auto","background-attachment":"scroll","background-type":"","background-media":"","overlay-type":"","overlay-color":"","overlay-opacity":"","overlay-gradient":""},"mobile":{"background-color":"var(--ast-global-color-5)","background-image":"","background-repeat":"repeat","background-position":"center center","background-size":"auto","background-attachment":"scroll","background-type":"","background-media":"","overlay-type":"","overlay-color":"","overlay-opacity":"","overlay-gradient":""}}},"product_brand":[],"product_cat":[30],"product_tag":[],"class_list":{"0":"post-182","1":"product","2":"type-product","3":"status-publish","4":"has-post-thumbnail","6":"product_cat-passport","7":"desktop-align-left","8":"tablet-align-left","9":"mobile-align-left","11":"first","12":"instock","13":"shipping-taxable","14":"product-type-simple"},"yoast_head":"<!-- This site is optimized with the Yoast SEO plugin v26.5 - https:\/\/yoast.com\/wordpress\/plugins\/seo\/ -->\n<title>BUY PASSPORT ONLINE Online | Glob Documents<\/title>\n<meta name=\"description\" content=\"Buy BUY PASSPORT ONLINE online at globdocuments.com with safe and fast worldwide delivery at the best price. Check the best deals on fake documents!\" \/>\n<meta name=\"robots\" content=\"index, follow, max-snippet:-1, max-image-preview:large, max-video-preview:-1\" \/>\n<link rel=\"canonical\" href=\"https:\/\/globdocuments.com\/tr\/product\/buy-passport-online\/\" \/>\n<meta property=\"og:locale\" content=\"tr_TR\" \/>\n<meta property=\"og:type\" content=\"article\" \/>\n<meta property=\"og:title\" content=\"BUY PASSPORT ONLINE Online | Glob Documents\" \/>\n<meta property=\"og:description\" content=\"Buy BUY PASSPORT ONLINE online at globdocuments.com with safe and fast worldwide delivery at the best price. Check the best deals on fake documents!\" \/>\n<meta property=\"og:url\" content=\"https:\/\/globdocuments.com\/tr\/product\/buy-passport-online\/\" \/>\n<meta property=\"article:modified_time\" content=\"2025-09-02T11:57:23+00:00\" \/>\n<meta property=\"og:image\" content=\"https:\/\/globdocuments.com\/wp-content\/uploads\/2021\/10\/1-1.png\" \/>\n\t<meta property=\"og:image:width\" content=\"450\" \/>\n\t<meta property=\"og:image:height\" content=\"450\" \/>\n\t<meta property=\"og:image:type\" content=\"image\/png\" \/>\n<meta name=\"twitter:card\" content=\"summary_large_image\" \/>\n<meta name=\"twitter:label1\" content=\"Tahmini okuma s\u00fcresi\" \/>\n\t<meta name=\"twitter:data1\" content=\"3 dakika\" \/>\n<script type=\"application\/ld+json\" class=\"yoast-schema-graph\">{\"@context\":\"https:\/\/schema.org\",\"@graph\":[{\"@type\":\"WebPage\",\"@id\":\"https:\/\/globdocuments.com\/ka\/product\/buy-passport-online\/\",\"url\":\"https:\/\/globdocuments.com\/ka\/product\/buy-passport-online\/\",\"name\":\"BUY PASSPORT ONLINE Online | Glob Documents\",\"isPartOf\":{\"@id\":\"https:\/\/globdocuments.com\/#website\"},\"primaryImageOfPage\":{\"@id\":\"https:\/\/globdocuments.com\/ka\/product\/buy-passport-online\/#primaryimage\"},\"image\":{\"@id\":\"https:\/\/globdocuments.com\/ka\/product\/buy-passport-online\/#primaryimage\"},\"thumbnailUrl\":\"https:\/\/globdocuments.com\/wp-content\/uploads\/2021\/10\/1-1.png\",\"datePublished\":\"2021-10-04T06:59:32+00:00\",\"dateModified\":\"2025-09-02T11:57:23+00:00\",\"description\":\"Buy BUY PASSPORT ONLINE online at globdocuments.com with safe and fast worldwide delivery at the best price. Check the best deals on fake documents!\",\"breadcrumb\":{\"@id\":\"https:\/\/globdocuments.com\/ka\/product\/buy-passport-online\/#breadcrumb\"},\"inLanguage\":\"tr\",\"potentialAction\":[{\"@type\":\"ReadAction\",\"target\":[\"https:\/\/globdocuments.com\/ka\/product\/buy-passport-online\/\"]}]},{\"@type\":\"ImageObject\",\"inLanguage\":\"tr\",\"@id\":\"https:\/\/globdocuments.com\/ka\/product\/buy-passport-online\/#primaryimage\",\"url\":\"https:\/\/globdocuments.com\/wp-content\/uploads\/2021\/10\/1-1.png\",\"contentUrl\":\"https:\/\/globdocuments.com\/wp-content\/uploads\/2021\/10\/1-1.png\",\"width\":450,\"height\":450,\"caption\":\"BUY PASSPORT ONLINE\"},{\"@type\":\"BreadcrumbList\",\"@id\":\"https:\/\/globdocuments.com\/ka\/product\/buy-passport-online\/#breadcrumb\",\"itemListElement\":[{\"@type\":\"ListItem\",\"position\":1,\"name\":\"Shop\",\"item\":\"https:\/\/globdocuments.com\/shop\/\"},{\"@type\":\"ListItem\",\"position\":2,\"name\":\"BUY PASSPORT ONLINE\"}]},{\"@type\":\"WebSite\",\"@id\":\"https:\/\/globdocuments.com\/#website\",\"url\":\"https:\/\/globdocuments.com\/\",\"name\":\"\",\"description\":\"Buy real fake documents online\",\"potentialAction\":[{\"@type\":\"SearchAction\",\"target\":{\"@type\":\"EntryPoint\",\"urlTemplate\":\"https:\/\/globdocuments.com\/?s={search_term_string}\"},\"query-input\":{\"@type\":\"PropertyValueSpecification\",\"valueRequired\":true,\"valueName\":\"search_term_string\"}}],\"inLanguage\":\"tr\"}]}<\/script>\n<!-- \/ Yoast SEO plugin. -->","yoast_head_json":{"title":"\u00c7EVR\u0130M\u0130\u00c7\u0130 PASAPORT SATIN AL | Glob Documents","description":"En iyi fiyata g\u00fcvenli ve h\u0131zl\u0131 d\u00fcnya \u00e7ap\u0131nda teslimat ile globdocuments.com adresinden \u00e7evrimi\u00e7i PASAPORT SATIN ALIN. Sahte belgelerdeki en iyi f\u0131rsatlar\u0131 kontrol edin!","robots":{"index":"index","follow":"follow","max-snippet":"max-snippet:-1","max-image-preview":"max-image-preview:large","max-video-preview":"max-video-preview:-1"},"canonical":"https:\/\/globdocuments.com\/tr\/product\/buy-passport-online\/","og_locale":"tr_TR","og_type":"article","og_title":"BUY PASSPORT ONLINE Online | Glob Documents","og_description":"Buy BUY PASSPORT ONLINE online at globdocuments.com with safe and fast worldwide delivery at the best price. Check the best deals on fake documents!","og_url":"https:\/\/globdocuments.com\/tr\/product\/buy-passport-online\/","article_modified_time":"2025-09-02T11:57:23+00:00","og_image":[{"width":450,"height":450,"url":"https:\/\/globdocuments.com\/wp-content\/uploads\/2021\/10\/1-1.png","type":"image\/png"}],"twitter_card":"summary_large_image","twitter_misc":{"Tahmini okuma s\u00fcresi":"3 dakika"},"schema":{"@context":"https:\/\/schema.org","@graph":[{"@type":"WebPage","@id":"https:\/\/globdocuments.com\/ka\/product\/buy-passport-online\/","url":"https:\/\/globdocuments.com\/ka\/product\/buy-passport-online\/","name":"\u00c7EVR\u0130M\u0130\u00c7\u0130 PASAPORT SATIN AL | Glob Documents","isPartOf":{"@id":"https:\/\/globdocuments.com\/#website"},"primaryImageOfPage":{"@id":"https:\/\/globdocuments.com\/ka\/product\/buy-passport-online\/#primaryimage"},"image":{"@id":"https:\/\/globdocuments.com\/ka\/product\/buy-passport-online\/#primaryimage"},"thumbnailUrl":"https:\/\/globdocuments.com\/wp-content\/uploads\/2021\/10\/1-1.png","datePublished":"2021-10-04T06:59:32+00:00","dateModified":"2025-09-02T11:57:23+00:00","description":"En iyi fiyata g\u00fcvenli ve h\u0131zl\u0131 d\u00fcnya \u00e7ap\u0131nda teslimat ile globdocuments.com adresinden \u00e7evrimi\u00e7i PASAPORT SATIN ALIN. Sahte belgelerdeki en iyi f\u0131rsatlar\u0131 kontrol edin!","breadcrumb":{"@id":"https:\/\/globdocuments.com\/ka\/product\/buy-passport-online\/#breadcrumb"},"inLanguage":"tr","potentialAction":[{"@type":"ReadAction","target":["https:\/\/globdocuments.com\/ka\/product\/buy-passport-online\/"]}]},{"@type":"ImageObject","inLanguage":"tr","@id":"https:\/\/globdocuments.com\/ka\/product\/buy-passport-online\/#primaryimage","url":"https:\/\/globdocuments.com\/wp-content\/uploads\/2021\/10\/1-1.png","contentUrl":"https:\/\/globdocuments.com\/wp-content\/uploads\/2021\/10\/1-1.png","width":450,"height":450,"caption":"BUY PASSPORT ONLINE"},{"@type":"BreadcrumbList","@id":"https:\/\/globdocuments.com\/ka\/product\/buy-passport-online\/#breadcrumb","itemListElement":[{"@type":"ListItem","position":1,"name":"Shop","item":"https:\/\/globdocuments.com\/shop\/"},{"@type":"ListItem","position":2,"name":"BUY PASSPORT ONLINE"}]},{"@type":"WebSite","@id":"https:\/\/globdocuments.com\/#website","url":"https:\/\/globdocuments.com\/","name":"","description":"Online ger\u00e7ek sahte belgeler sat\u0131n al","potentialAction":[{"@type":"SearchAction","target":{"@type":"EntryPoint","urlTemplate":"https:\/\/globdocuments.com\/?s={search_term_string}"},"query-input":{"@type":"PropertyValueSpecification","valueRequired":true,"valueName":"search_term_string"}}],"inLanguage":"tr"}]}},"_links":{"self":[{"href":"https:\/\/globdocuments.com\/tr\/wp-json\/wp\/v2\/product\/182","targetHints":{"allow":["GET"]}}],"collection":[{"href":"https:\/\/globdocuments.com\/tr\/wp-json\/wp\/v2\/product"}],"about":[{"href":"https:\/\/globdocuments.com\/tr\/wp-json\/wp\/v2\/types\/product"}],"replies":[{"embeddable":true,"href":"https:\/\/globdocuments.com\/tr\/wp-json\/wp\/v2\/comments?post=182"}],"wp:featuredmedia":[{"embeddable":true,"href":"https:\/\/globdocuments.com\/tr\/wp-json\/wp\/v2\/media\/198"}],"wp:attachment":[{"href":"https:\/\/globdocuments.com\/tr\/wp-json\/wp\/v2\/media?parent=182"}],"wp:term":[{"taxonomy":"product_brand","embeddable":true,"href":"https:\/\/globdocuments.com\/tr\/wp-json\/wp\/v2\/product_brand?post=182"},{"taxonomy":"product_cat","embeddable":true,"href":"https:\/\/globdocuments.com\/tr\/wp-json\/wp\/v2\/product_cat?post=182"},{"taxonomy":"product_tag","embeddable":true,"href":"https:\/\/globdocuments.com\/tr\/wp-json\/wp\/v2\/product_tag?post=182"}],"curies":[{"name":"wp","href":"https:\/\/api.w.org\/{rel}","templated":true}]}}