{"id":181,"date":"2021-10-04T06:59:32","date_gmt":"2021-10-04T06:59:32","guid":{"rendered":"https:\/\/globdocuments.com\/?post_type=product&#038;p=181"},"modified":"2025-06-15T16:26:48","modified_gmt":"2025-06-15T16:26:48","slug":"buy-counterfeit-money-at-counterfeit-doc-store","status":"publish","type":"product","link":"https:\/\/globdocuments.com\/tr\/urun\/buy-counterfeit-money-at-counterfeit-doc-store\/","title":{"rendered":"COUNTERFEIT DOC MA\u011eAZASINDAN SAHTE PARA SATIN AL"},"content":{"rendered":"<p>COUNTERFEIT DOC MA\u011eAZASINDAN SAHTE PARA SATIN AL<br \/>\nSat\u0131l\u0131k Sahte Banknotlarla Hayat Hedeflerinize Ula\u015f\u0131n Ve Giderlerinizi Kar\u015f\u0131lay\u0131n<br \/>\nE\u011fer paran\u0131n hayat\u0131n en \u00f6nemli par\u00e7as\u0131 oldu\u011funu s\u00f6ylerseniz \u00e7o\u011fu insan buna kat\u0131l\u0131r. Neden olmas\u0131n! Sadece temel ihtiya\u00e7lar\u0131m\u0131z\u0131 kar\u015f\u0131lamakla kalmaz, ayn\u0131 zamanda hayallere, daha iyi e\u011fitime, iyi sa\u011fl\u0131k hizmetlerine ve y\u00fcksek ya\u015fam standartlar\u0131na ula\u015fmam\u0131za da yard\u0131mc\u0131 olur. Herhangi bir bor\u00e7 veya kriz i\u00e7inde olmad\u0131\u011f\u0131m\u0131zda finansal g\u00fcvenli\u011fe sahip olmak ve hayatta kendi yolumuzu se\u00e7mek m\u00fcmk\u00fcnd\u00fcr. Bir\u00e7ok gereksiz ac\u0131 bu ka\u011f\u0131t par\u00e7as\u0131yla ortadan kald\u0131r\u0131labilir ancak \u00e7o\u011fumuz b\u00fct\u00e7emizi kontrol alt\u0131na almak i\u00e7in bir fare yar\u0131\u015f\u0131na gireriz.<br \/>\n\u0130yi bir ya\u015fam aray\u0131\u015f\u0131 pahal\u0131 bir u\u011fra\u015ft\u0131r ancak sat\u0131l\u0131k sahte para ile bunu tersine \u00e7evirebilirsiniz. Size tuhaf m\u0131 geliyor? \u015ea\u015f\u0131rmay\u0131n! D\u00fcnyan\u0131n her yerindeki insanlar sahte banknotlar\u0131 kendi avantajlar\u0131na kullan\u0131yor. Counterfeit Doc gibi sayg\u0131n tedarik\u00e7iler sayesinde, \u015fu para birimleri dahil olmak \u00fczere \u00e7evrimi\u00e7i sahte para sipari\u015f edebilirsiniz:<\/p>\n<p>Avustralya dolar\u0131<br \/>\n\u0130ngiliz sterlini<br \/>\nEuro<br \/>\nABD dolar\u0131<\/p>\n<p>Ekibimiz ger\u00e7ek para basma konusunda derinlemesine bilgiye sahiptir, bu nedenle g\u00fcvenli\u011finizin asla tehlikeye at\u0131lmayaca\u011f\u0131ndan emin olabilirsiniz.<\/p>\n<p>Sahte Banknotlar\u0131m\u0131zla Yapabilece\u011finiz Her \u015eey<br \/>\nBirinin mutlu olmas\u0131 i\u00e7in ne kadar para gerekir? Bu sorunun kesin bir cevab\u0131 yok. Ancak \u00e7evrimi\u00e7i sahte para sipari\u015f etme se\u00e7ene\u011fiyle, \u015fimdiye kadar sadece uzak bir r\u00fcya olan pek \u00e7ok \u015feyi kesinlikle yapabilirsiniz. Bunlardan baz\u0131lar\u0131 \u015funlard\u0131r:<\/p>\n<p>Finansal y\u00fck\u00fc ortadan kald\u0131r\u0131n. Bir ma\u011fazadan al\u0131\u015fveri\u015f yaparken, yeme\u011fe \u00e7\u0131karken veya kiran\u0131z\u0131 \u00f6derken iki kez d\u00fc\u015f\u00fcnmek zorunda kalmad\u0131\u011f\u0131n\u0131zda kendinize finansal olarak istikrarl\u0131 bir ki\u015fi diyebilirsiniz. Temel ihtiya\u00e7lar\u0131 sat\u0131n almak i\u00e7in yeterli paraya sahip olmak, mutlulu\u011funuzu ve \u00f6zg\u00fcveninizi b\u00fcy\u00fck \u00f6l\u00e7\u00fcde art\u0131r\u0131r.<br \/>\nDeneyimlere yat\u0131r\u0131m yap\u0131n. Hayat sadece g\u00fcnl\u00fck ev i\u015flerinden ibaret de\u011fildir. Hepimiz d\u00fcnyay\u0131 gezmek, gemi seyahatine \u00e7\u0131kmak veya sadece aktif bir sosyal hayat\u0131n tad\u0131n\u0131 \u00e7\u0131karmak gibi belirli deneyimlere kat\u0131larak an\u0131lar biriktirmek isteriz. Kendinizi motive tutmak i\u00e7in hobilerinize ve ilgi alanlar\u0131n\u0131za yat\u0131r\u0131m yapmay\u0131 d\u00fc\u015f\u00fcn\u00fcn.<br \/>\n\u0130nsanlara yard\u0131m edin. \u0130htiya\u00e7 an\u0131nda birine yard\u0131m etmek harika bir duygu olabilir ve bu ancak daha y\u00fcksek servet seviyeleriyle m\u00fcmk\u00fcnd\u00fcr.<br \/>\n\u0130\u015finizi kolayla\u015ft\u0131ran \u015feyler sat\u0131n al\u0131n. \u00c7e\u015fitli ma\u011fazalardan almay\u0131 diledi\u011fimiz o kadar \u00e7ok \u015fey var ki ama b\u00fct\u00e7e bizi geri tutuyor. Bizden sahte para sat\u0131n ald\u0131\u011f\u0131n\u0131zda durum b\u00f6yle de\u011fildir. Anlams\u0131z g\u00f6revleri ortadan kald\u0131ran \u015feylere harcamak i\u00e7in kullanabilirsiniz.<\/p>\n<p>\u00c7evrimi\u00e7i Ger\u00e7ek Para Sat\u0131n Al\u0131n Ve \u0130kinci Kez D\u00fc\u015f\u00fcnmeden Yasal Olarak Kullan\u0131n<\/p>\n<p>Counterfeit Doc olarak teslim etti\u011fimiz banknotlar\u0131n kalitesinin arkas\u0131nday\u0131z ancak gereksiz risk almaman\u0131z\u0131 \u00f6neririz. Bizden \u00e7evrimi\u00e7i sahte para sat\u0131n ald\u0131\u011f\u0131n\u0131z an, bunlar\u0131 asla bankalarda kullanmayaca\u011f\u0131n\u0131za dair s\u00f6z verin. Ayr\u0131ca ceza \u00f6demekten veya b\u00fcy\u00fck i\u015flemlerden ka\u00e7\u0131n\u0131n. Bunun d\u0131\u015f\u0131nda s\u00fcpermarketler, benzin istasyonlar\u0131, restoranlar, barlar veya yol kenar\u0131ndaki d\u00fckkanlar dahil her yerde kullanabilirsiniz. Yakalanma ihtimalini en aza indirmek i\u00e7in ger\u00e7ek parayla kar\u0131\u015ft\u0131r\u0131n.<br \/>\nHerhangi bir \u015f\u00fcpheniz varsa l\u00fctfen ekibimizle ileti\u015fime ge\u00e7in!<\/p>","protected":false},"excerpt":{"rendered":"<p>BUY COUNTERFEIT MONEY AT COUNTERFEIT DOC STORE Achieve Your Life Goals And Support Your Expenses With Counterfeit Notes For Sale [&hellip;]<\/p>\n","protected":false},"featured_media":197,"comment_status":"open","ping_status":"closed","template":"","meta":{"site-sidebar-layout":"default","site-content-layout":"","ast-site-content-layout":"","site-content-style":"default","site-sidebar-style":"default","ast-global-header-display":"","ast-banner-title-visibility":"","ast-main-header-display":"","ast-hfb-above-header-display":"","ast-hfb-below-header-display":"","ast-hfb-mobile-header-display":"","site-post-title":"","ast-breadcrumbs-content":"","ast-featured-img":"","footer-sml-layout":"","theme-transparent-header-meta":"","adv-header-id-meta":"","stick-header-meta":"","header-above-stick-meta":"","header-main-stick-meta":"","header-below-stick-meta":"","astra-migrate-meta-layouts":"default","ast-page-background-enabled":"default","ast-page-background-meta":{"desktop":{"background-color":"var(--ast-global-color-4)","background-image":"","background-repeat":"repeat","background-position":"center center","background-size":"auto","background-attachment":"scroll","background-type":"","background-media":"","overlay-type":"","overlay-color":"","overlay-opacity":"","overlay-gradient":""},"tablet":{"background-color":"","background-image":"","background-repeat":"repeat","background-position":"center center","background-size":"auto","background-attachment":"scroll","background-type":"","background-media":"","overlay-type":"","overlay-color":"","overlay-opacity":"","overlay-gradient":""},"mobile":{"background-color":"","background-image":"","background-repeat":"repeat","background-position":"center center","background-size":"auto","background-attachment":"scroll","background-type":"","background-media":"","overlay-type":"","overlay-color":"","overlay-opacity":"","overlay-gradient":""}},"ast-content-background-meta":{"desktop":{"background-color":"var(--ast-global-color-5)","background-image":"","background-repeat":"repeat","background-position":"center center","background-size":"auto","background-attachment":"scroll","background-type":"","background-media":"","overlay-type":"","overlay-color":"","overlay-opacity":"","overlay-gradient":""},"tablet":{"background-color":"var(--ast-global-color-5)","background-image":"","background-repeat":"repeat","background-position":"center center","background-size":"auto","background-attachment":"scroll","background-type":"","background-media":"","overlay-type":"","overlay-color":"","overlay-opacity":"","overlay-gradient":""},"mobile":{"background-color":"var(--ast-global-color-5)","background-image":"","background-repeat":"repeat","background-position":"center center","background-size":"auto","background-attachment":"scroll","background-type":"","background-media":"","overlay-type":"","overlay-color":"","overlay-opacity":"","overlay-gradient":""}}},"product_brand":[],"product_cat":[23,25],"product_tag":[],"class_list":{"0":"post-181","1":"product","2":"type-product","3":"status-publish","4":"has-post-thumbnail","6":"product_cat-all-products","7":"product_cat-counterfeit-notes","8":"desktop-align-left","9":"tablet-align-left","10":"mobile-align-left","12":"first","13":"instock","14":"shipping-taxable","15":"product-type-simple"},"yoast_head":"<!-- This site is optimized with the Yoast SEO plugin v26.5 - https:\/\/yoast.com\/wordpress\/plugins\/seo\/ -->\n<title>BUY COUNTERFEIT MONEY AT COUNTERFEIT DOC STORE Online | Glob Documents<\/title>\n<meta name=\"description\" content=\"Buy BUY COUNTERFEIT MONEY AT COUNTERFEIT DOC STORE online at globdocuments.com with safe and fast worldwide delivery at the best price. Check the best deals on fake documents!\" \/>\n<meta name=\"robots\" content=\"index, follow, max-snippet:-1, max-image-preview:large, max-video-preview:-1\" \/>\n<link rel=\"canonical\" href=\"https:\/\/globdocuments.com\/tr\/urun\/buy-counterfeit-money-at-counterfeit-doc-store\/\" \/>\n<meta property=\"og:locale\" content=\"tr_TR\" \/>\n<meta property=\"og:type\" content=\"article\" \/>\n<meta property=\"og:title\" content=\"BUY COUNTERFEIT MONEY AT COUNTERFEIT DOC STORE Online | Glob Documents\" \/>\n<meta property=\"og:description\" content=\"Buy BUY COUNTERFEIT MONEY AT COUNTERFEIT DOC STORE online at globdocuments.com with safe and fast worldwide delivery at the best price. Check the best deals on fake documents!\" \/>\n<meta property=\"og:url\" content=\"https:\/\/globdocuments.com\/tr\/urun\/buy-counterfeit-money-at-counterfeit-doc-store\/\" \/>\n<meta property=\"article:modified_time\" content=\"2025-06-15T16:26:48+00:00\" \/>\n<meta property=\"og:image\" content=\"https:\/\/globdocuments.com\/wp-content\/uploads\/2021\/10\/1.png\" \/>\n\t<meta property=\"og:image:width\" content=\"450\" \/>\n\t<meta property=\"og:image:height\" content=\"450\" \/>\n\t<meta property=\"og:image:type\" content=\"image\/png\" \/>\n<meta name=\"twitter:card\" content=\"summary_large_image\" \/>\n<meta name=\"twitter:label1\" content=\"Tahmini okuma s\u00fcresi\" \/>\n\t<meta name=\"twitter:data1\" content=\"3 dakika\" \/>\n<script type=\"application\/ld+json\" class=\"yoast-schema-graph\">{\"@context\":\"https:\/\/schema.org\",\"@graph\":[{\"@type\":\"WebPage\",\"@id\":\"https:\/\/globdocuments.com\/product\/buy-counterfeit-money-at-counterfeit-doc-store\/\",\"url\":\"https:\/\/globdocuments.com\/product\/buy-counterfeit-money-at-counterfeit-doc-store\/\",\"name\":\"BUY COUNTERFEIT MONEY AT COUNTERFEIT DOC STORE Online | Glob Documents\",\"isPartOf\":{\"@id\":\"https:\/\/globdocuments.com\/#website\"},\"primaryImageOfPage\":{\"@id\":\"https:\/\/globdocuments.com\/product\/buy-counterfeit-money-at-counterfeit-doc-store\/#primaryimage\"},\"image\":{\"@id\":\"https:\/\/globdocuments.com\/product\/buy-counterfeit-money-at-counterfeit-doc-store\/#primaryimage\"},\"thumbnailUrl\":\"https:\/\/globdocuments.com\/wp-content\/uploads\/2021\/10\/1.png\",\"datePublished\":\"2021-10-04T06:59:32+00:00\",\"dateModified\":\"2025-06-15T16:26:48+00:00\",\"description\":\"Buy BUY COUNTERFEIT MONEY AT COUNTERFEIT DOC STORE online at globdocuments.com with safe and fast worldwide delivery at the best price. Check the best deals on fake documents!\",\"breadcrumb\":{\"@id\":\"https:\/\/globdocuments.com\/product\/buy-counterfeit-money-at-counterfeit-doc-store\/#breadcrumb\"},\"inLanguage\":\"tr\",\"potentialAction\":[{\"@type\":\"ReadAction\",\"target\":[\"https:\/\/globdocuments.com\/product\/buy-counterfeit-money-at-counterfeit-doc-store\/\"]}]},{\"@type\":\"ImageObject\",\"inLanguage\":\"tr\",\"@id\":\"https:\/\/globdocuments.com\/product\/buy-counterfeit-money-at-counterfeit-doc-store\/#primaryimage\",\"url\":\"https:\/\/globdocuments.com\/wp-content\/uploads\/2021\/10\/1.png\",\"contentUrl\":\"https:\/\/globdocuments.com\/wp-content\/uploads\/2021\/10\/1.png\",\"width\":450,\"height\":450,\"caption\":\"BUY COUNTERFEIT MONEY AT COUNTERFEIT DOC STORE\"},{\"@type\":\"BreadcrumbList\",\"@id\":\"https:\/\/globdocuments.com\/product\/buy-counterfeit-money-at-counterfeit-doc-store\/#breadcrumb\",\"itemListElement\":[{\"@type\":\"ListItem\",\"position\":1,\"name\":\"Shop\",\"item\":\"https:\/\/globdocuments.com\/shop\/\"},{\"@type\":\"ListItem\",\"position\":2,\"name\":\"BUY COUNTERFEIT MONEY AT COUNTERFEIT DOC STORE\"}]},{\"@type\":\"WebSite\",\"@id\":\"https:\/\/globdocuments.com\/#website\",\"url\":\"https:\/\/globdocuments.com\/\",\"name\":\"\",\"description\":\"Buy real fake documents online\",\"potentialAction\":[{\"@type\":\"SearchAction\",\"target\":{\"@type\":\"EntryPoint\",\"urlTemplate\":\"https:\/\/globdocuments.com\/?s={search_term_string}\"},\"query-input\":{\"@type\":\"PropertyValueSpecification\",\"valueRequired\":true,\"valueName\":\"search_term_string\"}}],\"inLanguage\":\"tr\"}]}<\/script>\n<!-- \/ Yoast SEO plugin. -->","yoast_head_json":{"title":"COUNTERFEIT DOC MA\u011eAZASINDAN SAHTE PARA SATIN ALIN \u00c7evrimi\u00e7i | Glob Documents","description":"globdocuments.com adresinden g\u00fcvenli ve h\u0131zl\u0131 d\u00fcnya \u00e7ap\u0131nda teslimatla en iyi fiyata COUNTERFEIT DOC MA\u011eAZASINDAN SAHTE PARA SATIN ALIN.","robots":{"index":"index","follow":"follow","max-snippet":"max-snippet:-1","max-image-preview":"max-image-preview:large","max-video-preview":"max-video-preview:-1"},"canonical":"https:\/\/globdocuments.com\/tr\/urun\/buy-counterfeit-money-at-counterfeit-doc-store\/","og_locale":"tr_TR","og_type":"article","og_title":"BUY COUNTERFEIT MONEY AT COUNTERFEIT DOC STORE Online | Glob Documents","og_description":"Buy BUY COUNTERFEIT MONEY AT COUNTERFEIT DOC STORE online at globdocuments.com with safe and fast worldwide delivery at the best price. Check the best deals on fake documents!","og_url":"https:\/\/globdocuments.com\/tr\/urun\/buy-counterfeit-money-at-counterfeit-doc-store\/","article_modified_time":"2025-06-15T16:26:48+00:00","og_image":[{"width":450,"height":450,"url":"https:\/\/globdocuments.com\/wp-content\/uploads\/2021\/10\/1.png","type":"image\/png"}],"twitter_card":"summary_large_image","twitter_misc":{"Tahmini okuma s\u00fcresi":"3 dakika"},"schema":{"@context":"https:\/\/schema.org","@graph":[{"@type":"WebPage","@id":"https:\/\/globdocuments.com\/product\/buy-counterfeit-money-at-counterfeit-doc-store\/","url":"https:\/\/globdocuments.com\/product\/buy-counterfeit-money-at-counterfeit-doc-store\/","name":"COUNTERFEIT DOC MA\u011eAZASINDAN SAHTE PARA SATIN ALIN \u00c7evrimi\u00e7i | Glob Documents","isPartOf":{"@id":"https:\/\/globdocuments.com\/#website"},"primaryImageOfPage":{"@id":"https:\/\/globdocuments.com\/product\/buy-counterfeit-money-at-counterfeit-doc-store\/#primaryimage"},"image":{"@id":"https:\/\/globdocuments.com\/product\/buy-counterfeit-money-at-counterfeit-doc-store\/#primaryimage"},"thumbnailUrl":"https:\/\/globdocuments.com\/wp-content\/uploads\/2021\/10\/1.png","datePublished":"2021-10-04T06:59:32+00:00","dateModified":"2025-06-15T16:26:48+00:00","description":"globdocuments.com adresinden g\u00fcvenli ve h\u0131zl\u0131 d\u00fcnya \u00e7ap\u0131nda teslimatla en iyi fiyata COUNTERFEIT DOC MA\u011eAZASINDAN SAHTE PARA SATIN ALIN.","breadcrumb":{"@id":"https:\/\/globdocuments.com\/product\/buy-counterfeit-money-at-counterfeit-doc-store\/#breadcrumb"},"inLanguage":"tr","potentialAction":[{"@type":"ReadAction","target":["https:\/\/globdocuments.com\/product\/buy-counterfeit-money-at-counterfeit-doc-store\/"]}]},{"@type":"ImageObject","inLanguage":"tr","@id":"https:\/\/globdocuments.com\/product\/buy-counterfeit-money-at-counterfeit-doc-store\/#primaryimage","url":"https:\/\/globdocuments.com\/wp-content\/uploads\/2021\/10\/1.png","contentUrl":"https:\/\/globdocuments.com\/wp-content\/uploads\/2021\/10\/1.png","width":450,"height":450,"caption":"BUY COUNTERFEIT MONEY AT COUNTERFEIT DOC STORE"},{"@type":"BreadcrumbList","@id":"https:\/\/globdocuments.com\/product\/buy-counterfeit-money-at-counterfeit-doc-store\/#breadcrumb","itemListElement":[{"@type":"ListItem","position":1,"name":"Shop","item":"https:\/\/globdocuments.com\/shop\/"},{"@type":"ListItem","position":2,"name":"BUY COUNTERFEIT MONEY AT COUNTERFEIT DOC STORE"}]},{"@type":"WebSite","@id":"https:\/\/globdocuments.com\/#website","url":"https:\/\/globdocuments.com\/","name":"","description":"Online ger\u00e7ek sahte belgeler sat\u0131n al","potentialAction":[{"@type":"SearchAction","target":{"@type":"EntryPoint","urlTemplate":"https:\/\/globdocuments.com\/?s={search_term_string}"},"query-input":{"@type":"PropertyValueSpecification","valueRequired":true,"valueName":"search_term_string"}}],"inLanguage":"tr"}]}},"_links":{"self":[{"href":"https:\/\/globdocuments.com\/tr\/wp-json\/wp\/v2\/product\/181","targetHints":{"allow":["GET"]}}],"collection":[{"href":"https:\/\/globdocuments.com\/tr\/wp-json\/wp\/v2\/product"}],"about":[{"href":"https:\/\/globdocuments.com\/tr\/wp-json\/wp\/v2\/types\/product"}],"replies":[{"embeddable":true,"href":"https:\/\/globdocuments.com\/tr\/wp-json\/wp\/v2\/comments?post=181"}],"wp:featuredmedia":[{"embeddable":true,"href":"https:\/\/globdocuments.com\/tr\/wp-json\/wp\/v2\/media\/197"}],"wp:attachment":[{"href":"https:\/\/globdocuments.com\/tr\/wp-json\/wp\/v2\/media?parent=181"}],"wp:term":[{"taxonomy":"product_brand","embeddable":true,"href":"https:\/\/globdocuments.com\/tr\/wp-json\/wp\/v2\/product_brand?post=181"},{"taxonomy":"product_cat","embeddable":true,"href":"https:\/\/globdocuments.com\/tr\/wp-json\/wp\/v2\/product_cat?post=181"},{"taxonomy":"product_tag","embeddable":true,"href":"https:\/\/globdocuments.com\/tr\/wp-json\/wp\/v2\/product_tag?post=181"}],"curies":[{"name":"wp","href":"https:\/\/api.w.org\/{rel}","templated":true}]}}