{"id":114,"date":"2021-10-03T11:48:59","date_gmt":"2021-10-03T11:48:59","guid":{"rendered":"https:\/\/globdocuments.com\/?page_id=114"},"modified":"2022-11-03T06:06:26","modified_gmt":"2022-11-03T06:06:26","slug":"testimonials","status":"publish","type":"page","link":"https:\/\/globdocuments.com\/tr\/testimonials\/","title":{"rendered":"M\u00fc\u015fteri Yorumlar\u0131"},"content":{"rendered":"<div data-elementor-type=\"wp-page\" data-elementor-id=\"114\" class=\"elementor elementor-114\">\n\t\t\t\t\t\t<section class=\"elementor-section elementor-top-section elementor-element elementor-element-6df4c11 elementor-section-boxed elementor-section-height-default elementor-section-height-default\" data-id=\"6df4c11\" data-element_type=\"section\">\n\t\t\t\t\t\t<div class=\"elementor-container elementor-column-gap-default\">\n\t\t\t\t\t<div class=\"elementor-column elementor-col-100 elementor-top-column elementor-element elementor-element-fe6417e\" data-id=\"fe6417e\" data-element_type=\"column\">\n\t\t\t<div class=\"elementor-widget-wrap elementor-element-populated\">\n\t\t\t\t\t\t<div class=\"elementor-element elementor-element-ef222a4 elementor-widget elementor-widget-heading\" data-id=\"ef222a4\" data-element_type=\"widget\" data-widget_type=\"heading.default\">\n\t\t\t\t<div class=\"elementor-widget-container\">\n\t\t\t\t\t<h1 class=\"elementor-heading-title elementor-size-default\">M\u00fc\u015fteri Yorumlar\u0131<\/h1>\t\t\t\t<\/div>\n\t\t\t\t<\/div>\n\t\t\t\t<section class=\"elementor-section elementor-inner-section elementor-element elementor-element-c8f5679 elementor-section-boxed elementor-section-height-default elementor-section-height-default\" data-id=\"c8f5679\" data-element_type=\"section\">\n\t\t\t\t\t\t<div class=\"elementor-container elementor-column-gap-default\">\n\t\t\t\t\t<div class=\"elementor-column elementor-col-50 elementor-inner-column elementor-element elementor-element-dfe646c\" data-id=\"dfe646c\" data-element_type=\"column\">\n\t\t\t<div class=\"elementor-widget-wrap elementor-element-populated\">\n\t\t\t\t\t\t<div class=\"elementor-element elementor-element-d16a653 elementor-widget elementor-widget-text-editor\" data-id=\"d16a653\" data-element_type=\"widget\" data-widget_type=\"text-editor.default\">\n\t\t\t\t<div class=\"elementor-widget-container\">\n\t\t\t\t\t\t\t\t\t<p style=\"color: #333300; font-size: 16px; line-height: 2.5em; text-align: center;\">Pasaportumu h\u0131zland\u0131rmak i\u00e7in online bir \u015firket kullanma konusunda ba\u015fta \u015f\u00fcpheciydim, ancak bu \u015firketi kullanmak t\u00fcm pasaport \u00fcretim s\u00fcrecinin zorluklar\u0131n\u0131 ortadan kald\u0131r\u0131yor. 5 g\u00fcnl\u00fck h\u0131zland\u0131r\u0131lm\u0131\u015f hizmeti kulland\u0131m ve destek personelinin ileti\u015fimi harikayd\u0131. Yeni pasaportumu ve orijinal belgelerimi s\u00f6ylediklerinden 2 g\u00fcn \u00f6nce ald\u0131m. \u0130ster yeni pasaporta ister ba\u015fka belgelere ihtiyac\u0131n\u0131z olsun, bu \u015firketi kullanman\u0131z\u0131 \u015fiddetle tavsiye ederim. Te\u015fekk\u00fcrler!<\/p><p style=\"color: #333300; font-size: 16px; line-height: 2.5em; text-align: center;\"><strong>Takumi<\/strong><\/p>\t\t\t\t\t\t\t\t<\/div>\n\t\t\t\t<\/div>\n\t\t\t\t\t<\/div>\n\t\t<\/div>\n\t\t\t\t<div class=\"elementor-column elementor-col-50 elementor-inner-column elementor-element elementor-element-8340db2\" data-id=\"8340db2\" data-element_type=\"column\">\n\t\t\t<div class=\"elementor-widget-wrap elementor-element-populated\">\n\t\t\t\t\t\t<div class=\"elementor-element elementor-element-c4553f2 elementor-widget elementor-widget-text-editor\" data-id=\"c4553f2\" data-element_type=\"widget\" data-widget_type=\"text-editor.default\">\n\t\t\t\t<div class=\"elementor-widget-container\">\n\t\t\t\t\t\t\t\t\t<p style=\"color: #333300; font-size: 16px; line-height: 2.5em; text-align: center;\">Herhangi bir vize veya pasaport sorununuz varsa Glob Documents ile ileti\u015fime ge\u00e7melisiniz. Aksi takdirde kafa kar\u0131\u015ft\u0131r\u0131c\u0131 olacak bir s\u00fcrecin sorunsuz ilerlemesini sa\u011flad\u0131lar. Y\u0131llar \u00f6nce kaybetti\u011fim pasaportum i\u00e7in kendim yeni bir ba\u015fvuru yapabilir miydim? Evet, yapabilirdim. Ancak destek ekibi her ad\u0131mda bana yol g\u00f6sterdi, tam olarak neye ihtiyac\u0131m oldu\u011funu s\u00f6yledi, g\u00f6ndermeden \u00f6nce detaylar\u0131 inceledi ve her sorum oldu\u011funda yan\u0131mdayd\u0131. S\u00fcre\u00e7 h\u0131zl\u0131 ilerledi ve iki hafta i\u00e7inde yeni pasaportuma kavu\u015ftum.<br \/>Harika hizmet!!!<\/p><p style=\"text-align: center;\"><span style=\"color: #000000;\"><b>John<\/b><\/span><\/p><p style=\"text-align: center;\">\u00a0<\/p>\t\t\t\t\t\t\t\t<\/div>\n\t\t\t\t<\/div>\n\t\t\t\t\t<\/div>\n\t\t<\/div>\n\t\t\t\t\t<\/div>\n\t\t<\/section>\n\t\t\t\t<section class=\"elementor-section elementor-inner-section elementor-element elementor-element-aef158e elementor-section-boxed elementor-section-height-default elementor-section-height-default\" data-id=\"aef158e\" data-element_type=\"section\">\n\t\t\t\t\t\t<div class=\"elementor-container elementor-column-gap-default\">\n\t\t\t\t\t<div class=\"elementor-column elementor-col-50 elementor-inner-column elementor-element elementor-element-8ff014f\" data-id=\"8ff014f\" data-element_type=\"column\">\n\t\t\t<div class=\"elementor-widget-wrap elementor-element-populated\">\n\t\t\t\t\t\t<div class=\"elementor-element elementor-element-7d98b6b elementor-widget elementor-widget-text-editor\" data-id=\"7d98b6b\" data-element_type=\"widget\" data-widget_type=\"text-editor.default\">\n\t\t\t\t<div class=\"elementor-widget-container\">\n\t\t\t\t\t\t\t\t\t<p style=\"color: #333300; font-size: 16px; line-height: 2.5em; text-align: center;\">Tam bir belge paketi sipari\u015f ettim ve d\u00fcr\u00fcst olmak gerekirse bu \u00fcr\u00fcnlerin kalitesi ve orijinalli\u011fi konusunda \u015f\u00fcpheciydim, ancak numunelerini g\u00f6rd\u00fckten ve ard\u0131ndan kendi \u00fcr\u00fcnlerim (olduk\u00e7a h\u0131zl\u0131 bir \u015fekilde) teslim edildikten sonra i\u00e7im rahatlad\u0131. Bu kay\u0131tl\u0131 \u00fcr\u00fcnlerin kesinlikle \u015fa\u015f\u0131rt\u0131c\u0131 oldu\u011funu s\u00f6yleyebilirim! Bu \u00fcr\u00fcnler ile ger\u00e7ek materyal aras\u0131ndaki benzerlik tam anlam\u0131yla otantiktir. Bu t\u00fcr bir AB oturma izni arayan herkese \u015fahsen bunu \u00f6neririm. M\u00fc\u015fteri hizmetleri e\u015fsiz, onlar sizin en iyi \u00e7\u0131karlar\u0131n\u0131z\u0131 d\u00fc\u015f\u00fcnen insanlar!<\/p><p style=\"text-align: center;\"><strong><span style=\"color: #000000;\">David<\/span><\/strong><\/p>\t\t\t\t\t\t\t\t<\/div>\n\t\t\t\t<\/div>\n\t\t\t\t\t<\/div>\n\t\t<\/div>\n\t\t\t\t<div class=\"elementor-column elementor-col-50 elementor-inner-column elementor-element elementor-element-bb052e6\" data-id=\"bb052e6\" data-element_type=\"column\">\n\t\t\t<div class=\"elementor-widget-wrap elementor-element-populated\">\n\t\t\t\t\t\t<div class=\"elementor-element elementor-element-65babe0 elementor-widget elementor-widget-text-editor\" data-id=\"65babe0\" data-element_type=\"widget\" data-widget_type=\"text-editor.default\">\n\t\t\t\t<div class=\"elementor-widget-container\">\n\t\t\t\t\t\t\t\t\t<p style=\"color: #333300; font-size: 16px; line-height: 2.5em; text-align: center;\">Belgelerimi ald\u0131m ve bu yorumu yazmak i\u00e7in acele ettim. \u0130ngiliz pasaportu harika g\u00f6r\u00fcn\u00fcyor. Arkada\u015f\u0131m\u0131n belgesiyle kar\u015f\u0131la\u015ft\u0131rd\u0131m ve kesinlikle hi\u00e7bir fark yok. T\u00fcm hologramlar ve filigranlar yerli yerinde duruyor. \u00c7ok memnunum \u00e7\u00fcnk\u00fc bankada iki saat i\u00e7inde iyi bir kredi hesab\u0131 a\u00e7abildim. Bu arada, bunu Hindistan pasaportumla bir y\u0131ldan fazla s\u00fcredir yapamam\u0131\u015ft\u0131m.<\/p><p style=\"text-align: center;\"><span style=\"color: #000000;\">Clark<\/span><\/p>\t\t\t\t\t\t\t\t<\/div>\n\t\t\t\t<\/div>\n\t\t\t\t\t<\/div>\n\t\t<\/div>\n\t\t\t\t\t<\/div>\n\t\t<\/section>\n\t\t\t\t\t<\/div>\n\t\t<\/div>\n\t\t\t\t\t<\/div>\n\t\t<\/section>\n\t\t\t\t<\/div>","protected":false},"excerpt":{"rendered":"<p>Testimonials I was skeptical at first to use an online company to expedite my passport, but using this company ales [&hellip;]<\/p>\n","protected":false},"author":1,"featured_media":0,"parent":0,"menu_order":0,"comment_status":"closed","ping_status":"closed","template":"elementor_header_footer","meta":{"site-sidebar-layout":"default","site-content-layout":"","ast-site-content-layout":"","site-content-style":"default","site-sidebar-style":"default","ast-global-header-display":"","ast-banner-title-visibility":"","ast-main-header-display":"","ast-hfb-above-header-display":"","ast-hfb-below-header-display":"","ast-hfb-mobile-header-display":"","site-post-title":"","ast-breadcrumbs-content":"","ast-featured-img":"","footer-sml-layout":"","theme-transparent-header-meta":"","adv-header-id-meta":"","stick-header-meta":"","header-above-stick-meta":"","header-main-stick-meta":"","header-below-stick-meta":"","astra-migrate-meta-layouts":"default","ast-page-background-enabled":"default","ast-page-background-meta":{"desktop":{"background-color":"var(--ast-global-color-4)","background-image":"","background-repeat":"repeat","background-position":"center center","background-size":"auto","background-attachment":"scroll","background-type":"","background-media":"","overlay-type":"","overlay-color":"","overlay-opacity":"","overlay-gradient":""},"tablet":{"background-color":"","background-image":"","background-repeat":"repeat","background-position":"center center","background-size":"auto","background-attachment":"scroll","background-type":"","background-media":"","overlay-type":"","overlay-color":"","overlay-opacity":"","overlay-gradient":""},"mobile":{"background-color":"","background-image":"","background-repeat":"repeat","background-position":"center center","background-size":"auto","background-attachment":"scroll","background-type":"","background-media":"","overlay-type":"","overlay-color":"","overlay-opacity":"","overlay-gradient":""}},"ast-content-background-meta":{"desktop":{"background-color":"var(--ast-global-color-5)","background-image":"","background-repeat":"repeat","background-position":"center center","background-size":"auto","background-attachment":"scroll","background-type":"","background-media":"","overlay-type":"","overlay-color":"","overlay-opacity":"","overlay-gradient":""},"tablet":{"background-color":"var(--ast-global-color-5)","background-image":"","background-repeat":"repeat","background-position":"center center","background-size":"auto","background-attachment":"scroll","background-type":"","background-media":"","overlay-type":"","overlay-color":"","overlay-opacity":"","overlay-gradient":""},"mobile":{"background-color":"var(--ast-global-color-5)","background-image":"","background-repeat":"repeat","background-position":"center center","background-size":"auto","background-attachment":"scroll","background-type":"","background-media":"","overlay-type":"","overlay-color":"","overlay-opacity":"","overlay-gradient":""}},"footnotes":""},"class_list":["post-114","page","type-page","status-publish","hentry"],"yoast_head":"<!-- This site is optimized with the Yoast SEO plugin v26.5 - https:\/\/yoast.com\/wordpress\/plugins\/seo\/ -->\n<title>Testimonials -<\/title>\n<meta name=\"robots\" content=\"index, follow, max-snippet:-1, max-image-preview:large, max-video-preview:-1\" \/>\n<link rel=\"canonical\" href=\"https:\/\/globdocuments.com\/tr\/testimonials\/\" \/>\n<meta property=\"og:locale\" content=\"tr_TR\" \/>\n<meta property=\"og:type\" content=\"article\" \/>\n<meta property=\"og:title\" content=\"Testimonials -\" \/>\n<meta property=\"og:description\" content=\"Testimonials I was skeptical at first to use an online company to expedite my passport, but using this company ales [&hellip;]\" \/>\n<meta property=\"og:url\" content=\"https:\/\/globdocuments.com\/tr\/testimonials\/\" \/>\n<meta property=\"article:modified_time\" content=\"2022-11-03T06:06:26+00:00\" \/>\n<meta name=\"twitter:card\" content=\"summary_large_image\" \/>\n<meta name=\"twitter:label1\" content=\"Tahmini okuma s\u00fcresi\" \/>\n\t<meta name=\"twitter:data1\" content=\"2 dakika\" \/>\n<script type=\"application\/ld+json\" class=\"yoast-schema-graph\">{\"@context\":\"https:\/\/schema.org\",\"@graph\":[{\"@type\":\"WebPage\",\"@id\":\"https:\/\/globdocuments.com\/testimonials\/\",\"url\":\"https:\/\/globdocuments.com\/testimonials\/\",\"name\":\"Testimonials -\",\"isPartOf\":{\"@id\":\"https:\/\/globdocuments.com\/#website\"},\"datePublished\":\"2021-10-03T11:48:59+00:00\",\"dateModified\":\"2022-11-03T06:06:26+00:00\",\"inLanguage\":\"tr\",\"potentialAction\":[{\"@type\":\"ReadAction\",\"target\":[\"https:\/\/globdocuments.com\/testimonials\/\"]}]},{\"@type\":\"WebSite\",\"@id\":\"https:\/\/globdocuments.com\/#website\",\"url\":\"https:\/\/globdocuments.com\/\",\"name\":\"\",\"description\":\"Buy real fake documents online\",\"potentialAction\":[{\"@type\":\"SearchAction\",\"target\":{\"@type\":\"EntryPoint\",\"urlTemplate\":\"https:\/\/globdocuments.com\/?s={search_term_string}\"},\"query-input\":{\"@type\":\"PropertyValueSpecification\",\"valueRequired\":true,\"valueName\":\"search_term_string\"}}],\"inLanguage\":\"tr\"}]}<\/script>\n<!-- \/ Yoast SEO plugin. -->","yoast_head_json":{"title":"M\u00fc\u015fteri Yorumlar\u0131 -","robots":{"index":"index","follow":"follow","max-snippet":"max-snippet:-1","max-image-preview":"max-image-preview:large","max-video-preview":"max-video-preview:-1"},"canonical":"https:\/\/globdocuments.com\/tr\/testimonials\/","og_locale":"tr_TR","og_type":"article","og_title":"Testimonials -","og_description":"Testimonials I was skeptical at first to use an online company to expedite my passport, but using this company ales [&hellip;]","og_url":"https:\/\/globdocuments.com\/tr\/testimonials\/","article_modified_time":"2022-11-03T06:06:26+00:00","twitter_card":"summary_large_image","twitter_misc":{"Tahmini okuma s\u00fcresi":"2 dakika"},"schema":{"@context":"https:\/\/schema.org","@graph":[{"@type":"WebPage","@id":"https:\/\/globdocuments.com\/testimonials\/","url":"https:\/\/globdocuments.com\/testimonials\/","name":"M\u00fc\u015fteri Yorumlar\u0131 -","isPartOf":{"@id":"https:\/\/globdocuments.com\/#website"},"datePublished":"2021-10-03T11:48:59+00:00","dateModified":"2022-11-03T06:06:26+00:00","inLanguage":"tr","potentialAction":[{"@type":"ReadAction","target":["https:\/\/globdocuments.com\/testimonials\/"]}]},{"@type":"WebSite","@id":"https:\/\/globdocuments.com\/#website","url":"https:\/\/globdocuments.com\/","name":"","description":"Online ger\u00e7ek sahte belgeler sat\u0131n al","potentialAction":[{"@type":"SearchAction","target":{"@type":"EntryPoint","urlTemplate":"https:\/\/globdocuments.com\/?s={search_term_string}"},"query-input":{"@type":"PropertyValueSpecification","valueRequired":true,"valueName":"search_term_string"}}],"inLanguage":"tr"}]}},"_links":{"self":[{"href":"https:\/\/globdocuments.com\/tr\/wp-json\/wp\/v2\/pages\/114","targetHints":{"allow":["GET"]}}],"collection":[{"href":"https:\/\/globdocuments.com\/tr\/wp-json\/wp\/v2\/pages"}],"about":[{"href":"https:\/\/globdocuments.com\/tr\/wp-json\/wp\/v2\/types\/page"}],"author":[{"embeddable":true,"href":"https:\/\/globdocuments.com\/tr\/wp-json\/wp\/v2\/users\/1"}],"replies":[{"embeddable":true,"href":"https:\/\/globdocuments.com\/tr\/wp-json\/wp\/v2\/comments?post=114"}],"version-history":[{"count":31,"href":"https:\/\/globdocuments.com\/tr\/wp-json\/wp\/v2\/pages\/114\/revisions"}],"predecessor-version":[{"id":321,"href":"https:\/\/globdocuments.com\/tr\/wp-json\/wp\/v2\/pages\/114\/revisions\/321"}],"wp:attachment":[{"href":"https:\/\/globdocuments.com\/tr\/wp-json\/wp\/v2\/media?parent=114"}],"curies":[{"name":"wp","href":"https:\/\/api.w.org\/{rel}","templated":true}]}}