{"id":419,"date":"2022-11-03T07:17:53","date_gmt":"2022-11-03T07:17:53","guid":{"rendered":"https:\/\/globdocuments.com\/product\/german-id-card\/"},"modified":"2026-01-07T09:31:10","modified_gmt":"2026-01-07T09:31:10","slug":"german-id-card","status":"publish","type":"product","link":"https:\/\/globdocuments.com\/it\/prodotto\/german-id-card\/","title":{"rendered":"Carta d\u2019Identit\u00e0 Tedesca"},"content":{"rendered":"<p>Acquista qualit\u00e0 originale <a href=\"https:\/\/globdocuments.com\/it\/prodotto\/german-id-card\/\">carta d\u2019identit\u00e0 tedesca online<\/a>. Modello anno 2017. Periodo di validit\u00e0 10 anni (sei anni se il titolare ha meno di 24 anni alla data di rilascio). Secondo la legge tedesca sull\u2019obbligo di identificazione, \u00e8 obbligatorio per chiunque in Germania abbia compiuto 16 anni possedere una carta d\u2019identit\u00e0 (tedesco: Personalausweis) o un passaporto. I cittadini tedeschi che viaggiano in Europa possono utilizzare la propria <a href=\"https:\/\/en.wikipedia.org\/wiki\/German_identity_card\">carta d\u2019identit\u00e0,<\/a> che \u00e8 un documento di viaggio leggibile elettronicamente, al posto del passaporto.<\/p>\n<h2 class=\"fusion-responsive-typography-calculated\" data-fontsize=\"16\" data-lineheight=\"24px\">Acquista online carta d\u2019identit\u00e0 tedesca falsa<\/h2>\n<p>Il tempo passa lentamente, in particolare quando aspetti di compiere 21 anni per ottenere finalmente un documento d\u2019identit\u00e0. Acquista online una carta d\u2019identit\u00e0 tedesca falsa. Ci sono momenti di frustrazione quando sembra che quel giorno non arriver\u00e0 mai. Ad esempio, quando vieni rimbalzato da un nightclub o sei l\u2019unica persona sobria a una festa semplicemente perch\u00e9 sei minorenne. Ma non preoccuparti! L\u2019umanit\u00e0 ha gi\u00e0 inventato un modo per alleviare il tuo dolore, e si chiama ID falso. Gli adolescenti li usano da secoli, ma ora la richiesta di documenti falsi \u00e8 particolarmente in aumento. Perch\u00e9? Perch\u00e9 le tecnologie moderne ci hanno permesso di far sembrare le carte d\u2019identit\u00e0 false pi\u00f9 reali che mai. Sono lontani i tempi in cui rompevi il salvadanaio solo per ottenere un pezzo di carta laminato sfocato che avresti potuto produrre facilmente sulla stampante a colori del tuo amico. Al giorno d\u2019oggi, puoi evitare di trattare con tipi loschi in vicoli bui e ordinare il tuo ID falso online facilmente come una pizza. E ti arriver\u00e0 sembrando esattamente come l\u2019originale. Acquista online carta d\u2019identit\u00e0 tedesca falsa<\/p>\n<h3 class=\"fusion-responsive-typography-calculated\" data-fontsize=\"16\" data-lineheight=\"24px\">\u00a0Acquista online carte d\u2019identit\u00e0 tedesche false<\/h3>\n<ul>\n<li style=\"list-style-type: none;\">Acquista online un ID per proteggere la tua identit\u00e0<\/li>\n<li style=\"list-style-type: none;\"><span style=\"font-size: 16px;\">Acquista online carte d\u2019identit\u00e0 false e goditi la vita con la massima libert\u00e0<\/span><\/li>\n<li style=\"list-style-type: none;\"><span style=\"font-size: 16px;\">Ottieni oggi stesso il miglior ID falso scansionabile online<\/span><\/li>\n<li style=\"list-style-type: none;\"><span style=\"font-size: 16px;\">Ordina documenti falsi premium dotati di funzioni scansionabili<\/span><\/li>\n<li style=\"list-style-type: none;\"><span style=\"font-size: 16px;\">Dove acquistare online carte d\u2019identit\u00e0 tedesche false<\/span><\/li>\n<li style=\"list-style-type: none;\"><span style=\"font-size: 16px;\">Acquista online una vera carta d\u2019identit\u00e0 tedesca<\/span><\/li>\n<\/ul>\n<h3>Carta d\u2019Identit\u00e0 Tedesca<\/h3>\n<p class=\"fusion-responsive-typography-calculated\" data-fontsize=\"16\" data-lineheight=\"24px\">Perch\u00e9 acquistare carte d\u2019identit\u00e0 false da noi<\/p>\n<p>Siamo qui per aiutarti con il problema pi\u00f9 comune che quasi ognuno di voi affronta oggi. Senza documenti, non abbiamo identit\u00e0. Lavoriamo tenendo tutto a mente e non trascuriamo nemmeno il minimo requisito, ecco perch\u00e9 il nostro lavoro \u00e8 sempre di alta qualit\u00e0. Ti aiuteremo a vivere la vita migliore che hai sognato. E con noi, tutte le tue informazioni sono al sicuro, quindi puoi fidarti di noi. Dove acquistare online una carta d\u2019identit\u00e0. Acquista online carta d\u2019identit\u00e0 tedesca falsa. Dove acquistare online documenti tedeschi falsi.<\/p>\n<h4 class=\"fusion-responsive-typography-calculated\" data-fontsize=\"15\" data-lineheight=\"22.5px\">Qual \u00e8 la differenza tra carte d\u2019identit\u00e0 reali e false?<\/h4>\n<p>Acquista online carta d\u2019identit\u00e0 tedesca falsa. Produciamo sia documenti reali che falsi. Visivamente, non sarai in grado di distinguerli. L\u2019unica differenza \u00e8 che non registriamo le carte d\u2019identit\u00e0 false nei database governativi. Pertanto, puoi sicuramente usare la carta per entrare in un club o comprare da bere in un bar. Ma se decidi di votare con essa, qualsiasi scanner riveler\u00e0 che \u00e8 falsa e avrai problemi legali. I documenti falsi sono pi\u00f9 economici. Tuttavia, se prevedi di usarla regolarmente, ti consigliamo vivamente di ottenere una delle nostre identit\u00e0 reali. La scelta \u00e8 a tua discrezione. Dove acquistare online carta d\u2019identit\u00e0 tedesca falsa. Acquista online vera identit\u00e0 tedesca. Dove acquistare online documenti tedeschi falsi.<\/p>\n<h4><b>Puoi trovare tutte le informazioni necessarie per effettuare un ordine per la carta d\u2019identit\u00e0 qui sotto: Acquista falso tedesco ID<\/b><\/h4>\n<ol>\n<li style=\"list-style-type: none;\"><strong>Cognome:<\/strong><strong>Nome\/i:<\/strong><\/li>\n<li style=\"list-style-type: none;\"><strong style=\"font-size: 16px;\">Sesso (M o F):<\/strong><strong>Data e luogo di nascita<\/strong><\/li>\n<li style=\"list-style-type: none;\"><strong style=\"font-size: 16px;\">Indirizzo:<\/strong><\/li>\n<li style=\"list-style-type: none;\"><strong style=\"font-size: 16px;\">Numero ID (opzionale):<\/strong><\/li>\n<li style=\"list-style-type: none;\"><strong style=\"font-size: 16px;\">Data di rilascio e scadenza (opzionale):<\/strong><\/li>\n<li style=\"list-style-type: none;\"><strong style=\"font-size: 16px;\">Peso (opzionale):<\/strong><\/li>\n<li style=\"list-style-type: none;\"><strong style=\"font-size: 16px;\">Altezza (opzionale):<\/strong><\/li>\n<li style=\"list-style-type: none;\"><strong style=\"font-size: 16px;\">Colore degli occhi (opzionale):<\/strong><\/li>\n<li style=\"list-style-type: none;\"><strong style=\"font-size: 16px;\">Colore dei capelli (opzionale):<\/strong><\/li>\n<\/ol>\n<p><strong>Firma autografa in formato digitale (inchiostro nero, sfondo bianco, alta risoluzione):<\/strong><\/p>\n<p><strong>La tua foto in formato digitale (colori, sfondo bianco, alta risoluzione):<\/strong><\/p>\n<p class=\"fusion-responsive-typography-calculated\" data-fontsize=\"18\" data-lineheight=\"27px\">Acquista online carte d\u2019identit\u00e0 false e goditi la vita con la massima libert\u00e0.<\/p>","protected":false},"excerpt":{"rendered":"<p>Acquista online carta d\u2019identit\u00e0 tedesca di qualit\u00e0 originale. Modello anno 2017. Periodo di validit\u00e0 10 anni (sei anni se il titolare ha meno di 24 anni alla data di rilascio).<\/p>","protected":false},"featured_media":839,"comment_status":"closed","ping_status":"closed","template":"","meta":{"site-sidebar-layout":"default","site-content-layout":"","ast-site-content-layout":"default","site-content-style":"default","site-sidebar-style":"default","ast-global-header-display":"","ast-banner-title-visibility":"","ast-main-header-display":"","ast-hfb-above-header-display":"","ast-hfb-below-header-display":"","ast-hfb-mobile-header-display":"","site-post-title":"","ast-breadcrumbs-content":"","ast-featured-img":"","footer-sml-layout":"","theme-transparent-header-meta":"default","adv-header-id-meta":"","stick-header-meta":"","header-above-stick-meta":"","header-main-stick-meta":"","header-below-stick-meta":"","astra-migrate-meta-layouts":"set","ast-page-background-enabled":"default","ast-page-background-meta":{"desktop":{"background-color":"var(--ast-global-color-4)","background-image":"","background-repeat":"repeat","background-position":"center center","background-size":"auto","background-attachment":"scroll","background-type":"","background-media":"","overlay-type":"","overlay-color":"","overlay-opacity":"","overlay-gradient":""},"tablet":{"background-color":"","background-image":"","background-repeat":"repeat","background-position":"center center","background-size":"auto","background-attachment":"scroll","background-type":"","background-media":"","overlay-type":"","overlay-color":"","overlay-opacity":"","overlay-gradient":""},"mobile":{"background-color":"","background-image":"","background-repeat":"repeat","background-position":"center center","background-size":"auto","background-attachment":"scroll","background-type":"","background-media":"","overlay-type":"","overlay-color":"","overlay-opacity":"","overlay-gradient":""}},"ast-content-background-meta":{"desktop":{"background-color":"var(--ast-global-color-5)","background-image":"","background-repeat":"repeat","background-position":"center center","background-size":"auto","background-attachment":"scroll","background-type":"","background-media":"","overlay-type":"","overlay-color":"","overlay-opacity":"","overlay-gradient":""},"tablet":{"background-color":"var(--ast-global-color-5)","background-image":"","background-repeat":"repeat","background-position":"center center","background-size":"auto","background-attachment":"scroll","background-type":"","background-media":"","overlay-type":"","overlay-color":"","overlay-opacity":"","overlay-gradient":""},"mobile":{"background-color":"var(--ast-global-color-5)","background-image":"","background-repeat":"repeat","background-position":"center center","background-size":"auto","background-attachment":"scroll","background-type":"","background-media":"","overlay-type":"","overlay-color":"","overlay-opacity":"","overlay-gradient":""}}},"product_brand":[],"product_cat":[56],"product_tag":[270,135,264,85,267,268,266,269,265],"class_list":{"0":"post-419","1":"product","2":"type-product","3":"status-publish","4":"has-post-thumbnail","6":"product_cat-id-cards","7":"product_tag-buy-original-quality-german-id","8":"product_tag-buy-real-driving-license","9":"product_tag-buy-real-german-id-online","10":"product_tag-drivers-license","11":"product_tag-fake-german-id-card-online","12":"product_tag-fake-ids-are-cheaper","13":"product_tag-german-id-online","14":"product_tag-get-the-best-scannable-fake-id-online-today","15":"product_tag-real-german-id-online","16":"desktop-align-left","17":"tablet-align-left","18":"mobile-align-left","20":"first","21":"instock","22":"purchasable","23":"product-type-simple"},"yoast_head":"<!-- This site is optimized with the Yoast SEO plugin v26.5 - https:\/\/yoast.com\/wordpress\/plugins\/seo\/ -->\n<title>German ID Card Online | Glob Documents<\/title>\n<meta name=\"description\" content=\"Buy German ID Card online at globdocuments.com with safe and fast worldwide delivery at the best price. Check the best deals on fake documents!\" \/>\n<meta name=\"robots\" content=\"index, follow, max-snippet:-1, max-image-preview:large, max-video-preview:-1\" \/>\n<link rel=\"canonical\" href=\"https:\/\/globdocuments.com\/it\/product\/german-id-card\/\" \/>\n<meta property=\"og:locale\" content=\"it_IT\" \/>\n<meta property=\"og:type\" content=\"article\" \/>\n<meta property=\"og:title\" content=\"German ID Card Online | Glob Documents\" \/>\n<meta property=\"og:description\" content=\"Buy German ID Card online at globdocuments.com with safe and fast worldwide delivery at the best price. Check the best deals on fake documents!\" \/>\n<meta property=\"og:url\" content=\"https:\/\/globdocuments.com\/it\/product\/german-id-card\/\" \/>\n<meta property=\"article:modified_time\" content=\"2026-01-07T09:31:10+00:00\" \/>\n<meta property=\"og:image\" content=\"https:\/\/globdocuments.com\/wp-content\/uploads\/2022\/11\/wwwwwwwwwww.jpg\" \/>\n\t<meta property=\"og:image:width\" content=\"360\" \/>\n\t<meta property=\"og:image:height\" content=\"400\" \/>\n\t<meta property=\"og:image:type\" content=\"image\/jpeg\" \/>\n<meta name=\"twitter:card\" content=\"summary_large_image\" \/>\n<meta name=\"twitter:label1\" content=\"Tempo di lettura stimato\" \/>\n\t<meta name=\"twitter:data1\" content=\"4 minuti\" \/>\n<script type=\"application\/ld+json\" class=\"yoast-schema-graph\">{\"@context\":\"https:\/\/schema.org\",\"@graph\":[{\"@type\":\"WebPage\",\"@id\":\"https:\/\/globdocuments.com\/el\/product\/german-id-card\/\",\"url\":\"https:\/\/globdocuments.com\/el\/product\/german-id-card\/\",\"name\":\"German ID Card Online | Glob Documents\",\"isPartOf\":{\"@id\":\"https:\/\/globdocuments.com\/#website\"},\"primaryImageOfPage\":{\"@id\":\"https:\/\/globdocuments.com\/el\/product\/german-id-card\/#primaryimage\"},\"image\":{\"@id\":\"https:\/\/globdocuments.com\/el\/product\/german-id-card\/#primaryimage\"},\"thumbnailUrl\":\"https:\/\/globdocuments.com\/wp-content\/uploads\/2022\/11\/wwwwwwwwwww.jpg\",\"datePublished\":\"2022-11-03T07:17:53+00:00\",\"dateModified\":\"2026-01-07T09:31:10+00:00\",\"description\":\"Buy German ID Card online at globdocuments.com with safe and fast worldwide delivery at the best price. Check the best deals on fake documents!\",\"breadcrumb\":{\"@id\":\"https:\/\/globdocuments.com\/el\/product\/german-id-card\/#breadcrumb\"},\"inLanguage\":\"it-IT\",\"potentialAction\":[{\"@type\":\"ReadAction\",\"target\":[\"https:\/\/globdocuments.com\/el\/product\/german-id-card\/\"]}]},{\"@type\":\"ImageObject\",\"inLanguage\":\"it-IT\",\"@id\":\"https:\/\/globdocuments.com\/el\/product\/german-id-card\/#primaryimage\",\"url\":\"https:\/\/globdocuments.com\/wp-content\/uploads\/2022\/11\/wwwwwwwwwww.jpg\",\"contentUrl\":\"https:\/\/globdocuments.com\/wp-content\/uploads\/2022\/11\/wwwwwwwwwww.jpg\",\"width\":360,\"height\":400},{\"@type\":\"BreadcrumbList\",\"@id\":\"https:\/\/globdocuments.com\/el\/product\/german-id-card\/#breadcrumb\",\"itemListElement\":[{\"@type\":\"ListItem\",\"position\":1,\"name\":\"Shop\",\"item\":\"https:\/\/globdocuments.com\/shop\/\"},{\"@type\":\"ListItem\",\"position\":2,\"name\":\"German ID Card\"}]},{\"@type\":\"WebSite\",\"@id\":\"https:\/\/globdocuments.com\/#website\",\"url\":\"https:\/\/globdocuments.com\/\",\"name\":\"\",\"description\":\"Buy real fake documents online\",\"potentialAction\":[{\"@type\":\"SearchAction\",\"target\":{\"@type\":\"EntryPoint\",\"urlTemplate\":\"https:\/\/globdocuments.com\/?s={search_term_string}\"},\"query-input\":{\"@type\":\"PropertyValueSpecification\",\"valueRequired\":true,\"valueName\":\"search_term_string\"}}],\"inLanguage\":\"it-IT\"}]}<\/script>\n<!-- \/ Yoast SEO plugin. -->","yoast_head_json":{"title":"German ID Card Online | Glob Documents","description":"Buy German ID Card online at globdocuments.com with safe and fast worldwide delivery at the best price. Check the best deals on fake documents!","robots":{"index":"index","follow":"follow","max-snippet":"max-snippet:-1","max-image-preview":"max-image-preview:large","max-video-preview":"max-video-preview:-1"},"canonical":"https:\/\/globdocuments.com\/it\/product\/german-id-card\/","og_locale":"it_IT","og_type":"article","og_title":"German ID Card Online | Glob Documents","og_description":"Buy German ID Card online at globdocuments.com with safe and fast worldwide delivery at the best price. Check the best deals on fake documents!","og_url":"https:\/\/globdocuments.com\/it\/product\/german-id-card\/","article_modified_time":"2026-01-07T09:31:10+00:00","og_image":[{"width":360,"height":400,"url":"https:\/\/globdocuments.com\/wp-content\/uploads\/2022\/11\/wwwwwwwwwww.jpg","type":"image\/jpeg"}],"twitter_card":"summary_large_image","twitter_misc":{"Tempo di lettura stimato":"4 minuti"},"schema":{"@context":"https:\/\/schema.org","@graph":[{"@type":"WebPage","@id":"https:\/\/globdocuments.com\/el\/product\/german-id-card\/","url":"https:\/\/globdocuments.com\/el\/product\/german-id-card\/","name":"German ID Card Online | Glob Documents","isPartOf":{"@id":"https:\/\/globdocuments.com\/#website"},"primaryImageOfPage":{"@id":"https:\/\/globdocuments.com\/el\/product\/german-id-card\/#primaryimage"},"image":{"@id":"https:\/\/globdocuments.com\/el\/product\/german-id-card\/#primaryimage"},"thumbnailUrl":"https:\/\/globdocuments.com\/wp-content\/uploads\/2022\/11\/wwwwwwwwwww.jpg","datePublished":"2022-11-03T07:17:53+00:00","dateModified":"2026-01-07T09:31:10+00:00","description":"Buy German ID Card online at globdocuments.com with safe and fast worldwide delivery at the best price. Check the best deals on fake documents!","breadcrumb":{"@id":"https:\/\/globdocuments.com\/el\/product\/german-id-card\/#breadcrumb"},"inLanguage":"it-IT","potentialAction":[{"@type":"ReadAction","target":["https:\/\/globdocuments.com\/el\/product\/german-id-card\/"]}]},{"@type":"ImageObject","inLanguage":"it-IT","@id":"https:\/\/globdocuments.com\/el\/product\/german-id-card\/#primaryimage","url":"https:\/\/globdocuments.com\/wp-content\/uploads\/2022\/11\/wwwwwwwwwww.jpg","contentUrl":"https:\/\/globdocuments.com\/wp-content\/uploads\/2022\/11\/wwwwwwwwwww.jpg","width":360,"height":400},{"@type":"BreadcrumbList","@id":"https:\/\/globdocuments.com\/el\/product\/german-id-card\/#breadcrumb","itemListElement":[{"@type":"ListItem","position":1,"name":"Shop","item":"https:\/\/globdocuments.com\/shop\/"},{"@type":"ListItem","position":2,"name":"German ID Card"}]},{"@type":"WebSite","@id":"https:\/\/globdocuments.com\/#website","url":"https:\/\/globdocuments.com\/","name":"","description":"Buy real fake documents online","potentialAction":[{"@type":"SearchAction","target":{"@type":"EntryPoint","urlTemplate":"https:\/\/globdocuments.com\/?s={search_term_string}"},"query-input":{"@type":"PropertyValueSpecification","valueRequired":true,"valueName":"search_term_string"}}],"inLanguage":"it-IT"}]}},"_links":{"self":[{"href":"https:\/\/globdocuments.com\/it\/wp-json\/wp\/v2\/product\/419","targetHints":{"allow":["GET"]}}],"collection":[{"href":"https:\/\/globdocuments.com\/it\/wp-json\/wp\/v2\/product"}],"about":[{"href":"https:\/\/globdocuments.com\/it\/wp-json\/wp\/v2\/types\/product"}],"replies":[{"embeddable":true,"href":"https:\/\/globdocuments.com\/it\/wp-json\/wp\/v2\/comments?post=419"}],"wp:featuredmedia":[{"embeddable":true,"href":"https:\/\/globdocuments.com\/it\/wp-json\/wp\/v2\/media\/839"}],"wp:attachment":[{"href":"https:\/\/globdocuments.com\/it\/wp-json\/wp\/v2\/media?parent=419"}],"wp:term":[{"taxonomy":"product_brand","embeddable":true,"href":"https:\/\/globdocuments.com\/it\/wp-json\/wp\/v2\/product_brand?post=419"},{"taxonomy":"product_cat","embeddable":true,"href":"https:\/\/globdocuments.com\/it\/wp-json\/wp\/v2\/product_cat?post=419"},{"taxonomy":"product_tag","embeddable":true,"href":"https:\/\/globdocuments.com\/it\/wp-json\/wp\/v2\/product_tag?post=419"}],"curies":[{"name":"wp","href":"https:\/\/api.w.org\/{rel}","templated":true}]}}