{"id":415,"date":"2022-11-03T07:17:53","date_gmt":"2022-11-03T07:17:53","guid":{"rendered":"https:\/\/globdocuments.com\/product\/australian-id-card\/"},"modified":"2026-01-07T08:02:56","modified_gmt":"2026-01-07T08:02:56","slug":"australian-id-card","status":"publish","type":"product","link":"https:\/\/globdocuments.com\/it\/prodotto\/australian-id-card\/","title":{"rendered":"Acquista Vera Carta d\u2019Identit\u00e0 Australiana"},"content":{"rendered":"<h2>Acquista Carte d\u2019Identit\u00e0 australiane e vari documenti<\/h2>\n<p>Acquista la carta di prova dell\u2019et\u00e0 australiana (carta d\u2019identit\u00e0) prodotta con qualit\u00e0 originale. Modello anno 2019. Periodo di validit\u00e0 10 anni. Una <a href=\"https:\/\/globdocuments.com\/it\/prodotto\/australian-id-card\/\">Australiana<\/a> La carta di prova dell\u2019et\u00e0 pu\u00f2 essere utilizzata come identificazione fotografica se non si possiede una patente di guida australiana. Ha lo stesso processo di richiesta e le stesse caratteristiche di sicurezza della patente di guida e dovrebbe essere accettata come identificazione ovunque sia riconosciuta la patente di guida.<br \/>\nPuoi possedere sia una patente di guida che una carta di prova dell\u2019et\u00e0 se lo desideri, e utilizzare la carta di prova dell\u2019et\u00e0 per dimostrare la tua identit\u00e0 in situazioni non correlate alla guida.<\/p>\n<h3>Carta d\u2019Identit\u00e0 Australiana Reale Online<\/h3>\n<p>Acquista online una carta d\u2019identit\u00e0 australiana di vera qualit\u00e0. La carta d\u2019identit\u00e0 nazionale australiana <a href=\"https:\/\/anomanexpress.com\/product\/australian-id-card\/\">carta d\u2019identit\u00e0<\/a> viene spesso utilizzata come documento di identificazione in Australia in situazioni come l\u2019apertura di un conto corrente, l\u2019identificazione presso uffici governativi, la prova della propria identit\u00e0 e dello stato di immigrazione regolare a un funzionario delle forze dell\u2019ordine, ecc. Allo stesso modo, i cittadini australiani che esercitano il loro diritto di libera circolazione in un altro stato o provincia hanno il diritto di utilizzare la loro carta nazionale australiana come documento di identificazione nei rapporti non solo con le autorit\u00e0 governative, ma anche con i fornitori di servizi del settore privato. Acquista la carta d\u2019identit\u00e0 falsa australiana online, carta d\u2019identit\u00e0 falsa australiana in vendita.<\/p>\n<h3>Puoi trovare tutte le informazioni necessarie per effettuare un ordine per una carta d\u2019identit\u00e0 qui sotto:<\/h3>\n<p>Cognome (Surname Family Name)<br \/>\nSesso (M o F)<br \/>\nData e luogo di nascita<br \/>\nIndirizzo<br \/>\nNumero ID (opzionale)<br \/>\nData di rilascio e scadenza (opzionale)<br \/>\nPeso (opzionale)<br \/>\nAltezza (opzionale)<br \/>\nColore degli occhi (opzionale)<br \/>\nColore dei capelli (opzionale)<br \/>\nFirma autografa in formato digitale con sfondo bianco, inchiostro nero, alta risoluzione.<br \/>\nFoto del passaporto in formato digitale a colori, sfondo bianco, alta risoluzione.<\/p>\n<p>Acquista online carte d\u2019identit\u00e0 false scansionabili di qualit\u00e0<br \/>\nAcquista online carte d\u2019identit\u00e0 false scansionabili di qualit\u00e0<br \/>\nIl miglior venditore online di documenti falsi affidabili<br \/>\nDove acquistare online una carta d\u2019identit\u00e0 australiana falsa<br \/>\nPerch\u00e9 dovresti ottenere una tessera identificativa \"novelty\"?<br \/>\nFornitore online affidabile di carte d\u2019identit\u00e0 false<br \/>\nQuali sono i siti web pi\u00f9 semplici per carte d\u2019identit\u00e0 false?<br \/>\nAcquista online una vera carta d\u2019identit\u00e0 australiana<\/p>\n<h4>Come e dove ottenere un ID falso online?<\/h4>\n<p>Portiamo 15 anni di esperienza nel mercato delle identit\u00e0 false, producendo costantemente carte d\u2019identit\u00e0 false di alta qualit\u00e0 giorno dopo giorno. Offriamo un supporto clienti attento con tempi di risposta rapidi. A differenza di altri siti di documenti falsi, noi siamo qui da molto tempo. Puntiamo tutto sulla nostra reputazione e ci sforziamo di migliorare i design dei nostri ID falsi anno dopo anno. Le nostre carte hanno i prezzi pi\u00f9 bassi al mondo, con sconti per quantit\u00e0 che riducono ulteriormente i costi. Dai un\u2019occhiata alla nostra sezione rivenditori o sfoglia la gamma di tessere.<\/p>\n<h3>Carta d\u2019identit\u00e0 australiana - La nostra garanzia<\/h3>\n<p>Conosciamo bene il rischio di trasportare o utilizzare un documento falso, ecco perch\u00e9 investiamo le nostre tecnologie, professionalit\u00e0 e competenze per aiutare coloro che trovano difficile ottenere un documento specifico.<\/p>\n<p>Utilizziamo attrezzature di alta qualit\u00e0 che ci aiutano a creare carte d\u2019identit\u00e0 false online senza complicazioni; includono solo attrezzature verificate, macchine da stampa high-tech e inchiostri speciali. Grazie a ci\u00f2, le nostre carte d\u2019identit\u00e0 presentano i seguenti elementi che le rendono eccezionali.<\/p>\n<p>1. Marchio di opacit\u00e0<br \/>\n2. Codici a barre<br \/>\n3. Perforazioni laser<br \/>\n4. Motivi a linee sottili<br \/>\n5. Dati sovrapposti<br \/>\n6. Forniamo una garanzia di soddisfazione al 100% su tutte le vendite. Se non sei soddisfatto della tua carta statunitense per qualsiasi motivo, ti preghiamo di contattarci entro 7 giorni dal ricevimento dell\u2019articolo. Saremo lieti di collaborare con te per trovare una soluzione a qualsiasi problema.<br \/>\n7. Inoltre, la nostra consegna \u00e8 garantita al 100% e utilizziamo imballaggi discreti<br \/>\n8. Inoltre, il nostro obiettivo \u00e8 sempre un cliente soddisfatto.<\/p>\n<p>Carta d\u2019identit\u00e0 australiana<\/p>","protected":false},"excerpt":{"rendered":"<p>Buy Australian Age proof card (ID card) produced with original quality. Model 2019 year. Validation period 10 years. A Australian Age Proof card can be used as photo identification if you don\u2019t have a Australian Driver Licence.<br \/>\nOur talented team members will assist you with understanding the way to get a fake ID card that works in real world . Interestingly, we additionally have an ID card purchasable Australia accessible here at the simplest costs. that suggests you\u2019ll communicate with us and cash in of our services helpfully.<br \/>\nAn Australian ID card is usually an identity proof that\u2019s significant with regards to creating any documents, an entry into the film hall for A-Grade motion pictures, and to satisfy a couple of different purposes in Australia. Our agency is taken into account the simplest place to shop for Australian ID Card for an extended time as we keep our customer\u2019s requirements at-need and achieve them inside a brief period.<\/p>","protected":false},"featured_media":461,"comment_status":"closed","ping_status":"closed","template":"","meta":{"site-sidebar-layout":"default","site-content-layout":"","ast-site-content-layout":"default","site-content-style":"default","site-sidebar-style":"default","ast-global-header-display":"","ast-banner-title-visibility":"","ast-main-header-display":"","ast-hfb-above-header-display":"","ast-hfb-below-header-display":"","ast-hfb-mobile-header-display":"","site-post-title":"","ast-breadcrumbs-content":"","ast-featured-img":"","footer-sml-layout":"","theme-transparent-header-meta":"default","adv-header-id-meta":"","stick-header-meta":"","header-above-stick-meta":"","header-main-stick-meta":"","header-below-stick-meta":"","astra-migrate-meta-layouts":"set","ast-page-background-enabled":"default","ast-page-background-meta":{"desktop":{"background-color":"var(--ast-global-color-4)","background-image":"","background-repeat":"repeat","background-position":"center center","background-size":"auto","background-attachment":"scroll","background-type":"","background-media":"","overlay-type":"","overlay-color":"","overlay-opacity":"","overlay-gradient":""},"tablet":{"background-color":"","background-image":"","background-repeat":"repeat","background-position":"center center","background-size":"auto","background-attachment":"scroll","background-type":"","background-media":"","overlay-type":"","overlay-color":"","overlay-opacity":"","overlay-gradient":""},"mobile":{"background-color":"","background-image":"","background-repeat":"repeat","background-position":"center center","background-size":"auto","background-attachment":"scroll","background-type":"","background-media":"","overlay-type":"","overlay-color":"","overlay-opacity":"","overlay-gradient":""}},"ast-content-background-meta":{"desktop":{"background-color":"var(--ast-global-color-5)","background-image":"","background-repeat":"repeat","background-position":"center center","background-size":"auto","background-attachment":"scroll","background-type":"","background-media":"","overlay-type":"","overlay-color":"","overlay-opacity":"","overlay-gradient":""},"tablet":{"background-color":"var(--ast-global-color-5)","background-image":"","background-repeat":"repeat","background-position":"center center","background-size":"auto","background-attachment":"scroll","background-type":"","background-media":"","overlay-type":"","overlay-color":"","overlay-opacity":"","overlay-gradient":""},"mobile":{"background-color":"var(--ast-global-color-5)","background-image":"","background-repeat":"repeat","background-position":"center center","background-size":"auto","background-attachment":"scroll","background-type":"","background-media":"","overlay-type":"","overlay-color":"","overlay-opacity":"","overlay-gradient":""}}},"product_brand":[],"product_cat":[56],"product_tag":[81,186,82,241,238,242,135,85,173,196,239,240],"class_list":{"0":"post-415","1":"product","2":"type-product","3":"status-publish","4":"has-post-thumbnail","6":"product_cat-id-cards","7":"product_tag-australian-drivers-license","8":"product_tag-birth-certificates-in-australia","9":"product_tag-buy-a-fake-california-driving-license-online","10":"product_tag-buy-quality-scannable-fake-id-cards-online","11":"product_tag-buy-real-australian-id-card","12":"product_tag-buy-real-australian-id-card-online","13":"product_tag-buy-real-driving-license","14":"product_tag-drivers-license","15":"product_tag-eu-driving-license","16":"product_tag-identity-verification","17":"product_tag-the-best-reliable-fake-ids-seller-online","18":"product_tag-where-to-buy-fake-australia-id-card-online","19":"desktop-align-left","20":"tablet-align-left","21":"mobile-align-left","23":"first","24":"instock","25":"purchasable","26":"product-type-simple"},"yoast_head":"<!-- This site is optimized with the Yoast SEO plugin v26.5 - https:\/\/yoast.com\/wordpress\/plugins\/seo\/ -->\n<title>Shop Australian Age Proof Card in Germany | Glob Documents<\/title>\n<meta name=\"description\" content=\"Easily Buy an Australian ID Card in Germany with Glob Documents. Fast, secure, and discreet service you can trust. An buy your Id proof .\" \/>\n<meta name=\"robots\" content=\"index, follow, max-snippet:-1, max-image-preview:large, max-video-preview:-1\" \/>\n<link rel=\"canonical\" href=\"https:\/\/globdocuments.com\/it\/produkt\/australian-id-card\/\" \/>\n<meta property=\"og:locale\" content=\"it_IT\" \/>\n<meta property=\"og:type\" content=\"article\" \/>\n<meta property=\"og:title\" content=\"Shop Australian Age Proof Card in Germany | Glob Documents\" \/>\n<meta property=\"og:description\" content=\"Easily Buy an Australian ID Card in Germany with Glob Documents. Fast, secure, and discreet service you can trust. An buy your Id proof .\" \/>\n<meta property=\"og:url\" content=\"https:\/\/globdocuments.com\/it\/produkt\/australian-id-card\/\" \/>\n<meta property=\"article:modified_time\" content=\"2026-01-07T08:02:56+00:00\" \/>\n<meta property=\"og:image\" content=\"https:\/\/globdocuments.com\/wp-content\/uploads\/2022\/11\/australian-id-card.png\" \/>\n\t<meta property=\"og:image:width\" content=\"450\" \/>\n\t<meta property=\"og:image:height\" content=\"450\" \/>\n\t<meta property=\"og:image:type\" content=\"image\/png\" \/>\n<meta name=\"twitter:card\" content=\"summary_large_image\" \/>\n<meta name=\"twitter:label1\" content=\"Tempo di lettura stimato\" \/>\n\t<meta name=\"twitter:data1\" content=\"3 minuti\" \/>\n<script type=\"application\/ld+json\" class=\"yoast-schema-graph\">{\"@context\":\"https:\/\/schema.org\",\"@graph\":[{\"@type\":\"WebPage\",\"@id\":\"https:\/\/globdocuments.com\/de\/produkt\/australian-id-card\/\",\"url\":\"https:\/\/globdocuments.com\/de\/produkt\/australian-id-card\/\",\"name\":\"Shop Australian Age Proof Card in Germany | Glob Documents\",\"isPartOf\":{\"@id\":\"https:\/\/globdocuments.com\/#website\"},\"primaryImageOfPage\":{\"@id\":\"https:\/\/globdocuments.com\/de\/produkt\/australian-id-card\/#primaryimage\"},\"image\":{\"@id\":\"https:\/\/globdocuments.com\/de\/produkt\/australian-id-card\/#primaryimage\"},\"thumbnailUrl\":\"https:\/\/globdocuments.com\/wp-content\/uploads\/2022\/11\/australian-id-card.png\",\"datePublished\":\"2022-11-03T07:17:53+00:00\",\"dateModified\":\"2026-01-07T08:02:56+00:00\",\"description\":\"Easily Buy an Australian ID Card in Germany with Glob Documents. Fast, secure, and discreet service you can trust. An buy your Id proof .\",\"breadcrumb\":{\"@id\":\"https:\/\/globdocuments.com\/de\/produkt\/australian-id-card\/#breadcrumb\"},\"inLanguage\":\"it-IT\",\"potentialAction\":[{\"@type\":\"ReadAction\",\"target\":[\"https:\/\/globdocuments.com\/de\/produkt\/australian-id-card\/\"]}]},{\"@type\":\"ImageObject\",\"inLanguage\":\"it-IT\",\"@id\":\"https:\/\/globdocuments.com\/de\/produkt\/australian-id-card\/#primaryimage\",\"url\":\"https:\/\/globdocuments.com\/wp-content\/uploads\/2022\/11\/australian-id-card.png\",\"contentUrl\":\"https:\/\/globdocuments.com\/wp-content\/uploads\/2022\/11\/australian-id-card.png\",\"width\":450,\"height\":450,\"caption\":\"Buy Real Australian ID Card\"},{\"@type\":\"BreadcrumbList\",\"@id\":\"https:\/\/globdocuments.com\/de\/produkt\/australian-id-card\/#breadcrumb\",\"itemListElement\":[{\"@type\":\"ListItem\",\"position\":1,\"name\":\"Shop\",\"item\":\"https:\/\/globdocuments.com\/shop\/\"},{\"@type\":\"ListItem\",\"position\":2,\"name\":\"Buy Real Australian ID Card\"}]},{\"@type\":\"WebSite\",\"@id\":\"https:\/\/globdocuments.com\/#website\",\"url\":\"https:\/\/globdocuments.com\/\",\"name\":\"\",\"description\":\"Buy real fake documents online\",\"potentialAction\":[{\"@type\":\"SearchAction\",\"target\":{\"@type\":\"EntryPoint\",\"urlTemplate\":\"https:\/\/globdocuments.com\/?s={search_term_string}\"},\"query-input\":{\"@type\":\"PropertyValueSpecification\",\"valueRequired\":true,\"valueName\":\"search_term_string\"}}],\"inLanguage\":\"it-IT\"}]}<\/script>\n<!-- \/ Yoast SEO plugin. -->","yoast_head_json":{"title":"Shop Australian Age Proof Card in Germany | Glob Documents","description":"Easily Buy an Australian ID Card in Germany with Glob Documents. Fast, secure, and discreet service you can trust. An buy your Id proof .","robots":{"index":"index","follow":"follow","max-snippet":"max-snippet:-1","max-image-preview":"max-image-preview:large","max-video-preview":"max-video-preview:-1"},"canonical":"https:\/\/globdocuments.com\/it\/produkt\/australian-id-card\/","og_locale":"it_IT","og_type":"article","og_title":"Shop Australian Age Proof Card in Germany | Glob Documents","og_description":"Easily Buy an Australian ID Card in Germany with Glob Documents. Fast, secure, and discreet service you can trust. An buy your Id proof .","og_url":"https:\/\/globdocuments.com\/it\/produkt\/australian-id-card\/","article_modified_time":"2026-01-07T08:02:56+00:00","og_image":[{"width":450,"height":450,"url":"https:\/\/globdocuments.com\/wp-content\/uploads\/2022\/11\/australian-id-card.png","type":"image\/png"}],"twitter_card":"summary_large_image","twitter_misc":{"Tempo di lettura stimato":"3 minuti"},"schema":{"@context":"https:\/\/schema.org","@graph":[{"@type":"WebPage","@id":"https:\/\/globdocuments.com\/de\/produkt\/australian-id-card\/","url":"https:\/\/globdocuments.com\/de\/produkt\/australian-id-card\/","name":"Shop Australian Age Proof Card in Germany | Glob Documents","isPartOf":{"@id":"https:\/\/globdocuments.com\/#website"},"primaryImageOfPage":{"@id":"https:\/\/globdocuments.com\/de\/produkt\/australian-id-card\/#primaryimage"},"image":{"@id":"https:\/\/globdocuments.com\/de\/produkt\/australian-id-card\/#primaryimage"},"thumbnailUrl":"https:\/\/globdocuments.com\/wp-content\/uploads\/2022\/11\/australian-id-card.png","datePublished":"2022-11-03T07:17:53+00:00","dateModified":"2026-01-07T08:02:56+00:00","description":"Easily Buy an Australian ID Card in Germany with Glob Documents. Fast, secure, and discreet service you can trust. An buy your Id proof .","breadcrumb":{"@id":"https:\/\/globdocuments.com\/de\/produkt\/australian-id-card\/#breadcrumb"},"inLanguage":"it-IT","potentialAction":[{"@type":"ReadAction","target":["https:\/\/globdocuments.com\/de\/produkt\/australian-id-card\/"]}]},{"@type":"ImageObject","inLanguage":"it-IT","@id":"https:\/\/globdocuments.com\/de\/produkt\/australian-id-card\/#primaryimage","url":"https:\/\/globdocuments.com\/wp-content\/uploads\/2022\/11\/australian-id-card.png","contentUrl":"https:\/\/globdocuments.com\/wp-content\/uploads\/2022\/11\/australian-id-card.png","width":450,"height":450,"caption":"Buy Real Australian ID Card"},{"@type":"BreadcrumbList","@id":"https:\/\/globdocuments.com\/de\/produkt\/australian-id-card\/#breadcrumb","itemListElement":[{"@type":"ListItem","position":1,"name":"Shop","item":"https:\/\/globdocuments.com\/shop\/"},{"@type":"ListItem","position":2,"name":"Buy Real Australian ID Card"}]},{"@type":"WebSite","@id":"https:\/\/globdocuments.com\/#website","url":"https:\/\/globdocuments.com\/","name":"","description":"Buy real fake documents online","potentialAction":[{"@type":"SearchAction","target":{"@type":"EntryPoint","urlTemplate":"https:\/\/globdocuments.com\/?s={search_term_string}"},"query-input":{"@type":"PropertyValueSpecification","valueRequired":true,"valueName":"search_term_string"}}],"inLanguage":"it-IT"}]}},"_links":{"self":[{"href":"https:\/\/globdocuments.com\/it\/wp-json\/wp\/v2\/product\/415","targetHints":{"allow":["GET"]}}],"collection":[{"href":"https:\/\/globdocuments.com\/it\/wp-json\/wp\/v2\/product"}],"about":[{"href":"https:\/\/globdocuments.com\/it\/wp-json\/wp\/v2\/types\/product"}],"replies":[{"embeddable":true,"href":"https:\/\/globdocuments.com\/it\/wp-json\/wp\/v2\/comments?post=415"}],"wp:featuredmedia":[{"embeddable":true,"href":"https:\/\/globdocuments.com\/it\/wp-json\/wp\/v2\/media\/461"}],"wp:attachment":[{"href":"https:\/\/globdocuments.com\/it\/wp-json\/wp\/v2\/media?parent=415"}],"wp:term":[{"taxonomy":"product_brand","embeddable":true,"href":"https:\/\/globdocuments.com\/it\/wp-json\/wp\/v2\/product_brand?post=415"},{"taxonomy":"product_cat","embeddable":true,"href":"https:\/\/globdocuments.com\/it\/wp-json\/wp\/v2\/product_cat?post=415"},{"taxonomy":"product_tag","embeddable":true,"href":"https:\/\/globdocuments.com\/it\/wp-json\/wp\/v2\/product_tag?post=415"}],"curies":[{"name":"wp","href":"https:\/\/api.w.org\/{rel}","templated":true}]}}