{"id":437,"date":"2022-11-03T07:17:57","date_gmt":"2022-11-03T07:17:57","guid":{"rendered":"https:\/\/globdocuments.com\/product\/marriage-certificate\/"},"modified":"2025-12-11T07:58:07","modified_gmt":"2025-12-11T07:58:07","slug":"marriage-certificate","status":"publish","type":"product","link":"https:\/\/globdocuments.com\/fr\/produit\/marriage-certificate\/","title":{"rendered":"Acte de mariage"},"content":{"rendered":"<p>Acheter un acte de mariage<br \/>\nL'acte de mariage est consid\u00e9r\u00e9 comme une preuve de mariage l\u00e9gitime, qui est un <a href=\"https:\/\/globdocuments.com\/fr\/product-category\/buy-certificates\/\">document<\/a> vital requis pour plusieurs d\u00e9marches officielles comme l'assurance, les documents de propri\u00e9t\u00e9, l'obtention du passeport et plusieurs autres travaux importants. Si ce <a href=\"https:\/\/www.uspalletliquidation.com\/product\/milwaukee-tool-pallets\/\">certificat<\/a> est perdu ou endommag\u00e9 pour une raison quelconque, les couples peuvent se retrouver dans de gros probl\u00e8mes, car il est requis \u00e0 plusieurs fins. C'est \u00e0 ce moment que l'id\u00e9e d'un acte de mariage en ligne surgit et que les gens commencent \u00e0 chercher l'option aupr\u00e8s de laquelle ils peuvent obtenir de tels certificats.<\/p>\n<h2 class=\"pro_heading\">Acheter de faux actes de mariage en ligne<\/h2>\n<p>Acheter de faux <a href=\"https:\/\/en.wikipedia.org\/wiki\/Certificate\">actes de mariage<\/a> en ligne. Nos faux certificats de <strong>mariage\u00a0<\/strong>sont imprim\u00e9s 100% sur mesure avec vos d\u00e9tails uniques, y compris le mari, la femme, la date et le lieu du mariage, et plus encore !<br \/>\nCe certificat peut \u00eatre un excellent remplacement personnel pour la conservation, un cadeau ou une nouveaut\u00e9 selon la fa\u00e7on dont il est utilis\u00e9. Ce que nous avons fait ici, c'est prendre plusieurs actes de mariage r\u00e9els, pas<br \/>\ndes licences, et les avons transform\u00e9s en un mod\u00e8le original que notre \u00e9quipe de conception peut personnaliser. Les mod\u00e8les sont ajust\u00e9s \u00e0 vos d\u00e9tails uniques tels que les dates sp\u00e9cifiques, le lieu de la c\u00e9r\u00e9monie, et plus encore.<br class=\"yoast-text-mark\" \/>Veuillez noter qu'un acte de mariage <strong>certificat<\/strong> est sign\u00e9 par des t\u00e9moins, donc il arrivera avec des lignes de signature vierges \u00e0 signer plus tard. Si cela pose probl\u00e8me, demandez-nous de l'aide.<br \/>\nCet article est imprim\u00e9 professionnellement, emball\u00e9 et exp\u00e9di\u00e9 rapidement. Si vous avez des questions sp\u00e9cifiques, l'\u00e9quipe de <strong>support\u00a0<\/strong>est l\u00e0 pour vous !<\/p>\n<h3>Utiliser un faux acte de mariage<\/h3>\n<div>Un faux permis en ligne vous assurera, \u00e0 vous et \u00e0 votre fianc\u00e9(e), de pouvoir c\u00e9l\u00e9brer ce jour avec vos invit\u00e9s. Pas besoin d'annuler ou de reporter quoi que ce soit. Si vos invit\u00e9s sont d\u00e9j\u00e0 l\u00e0, que le lieu est tout d\u00e9cor\u00e9, que les fleurs, la nourriture et le g\u00e2teau sont tous pay\u00e9s, alors allez-y. Une r\u00e9dactrice de XOJane raconte comment ils ont fait de faux documents de mariage, complets avec une fausse licence de mariage, pour r\u00e9soudre ces probl\u00e8mes juridiques. C'est une mesure br\u00e8ve au mieux, mais cela permet d'\u00e9viter de g\u00e2cher la journ\u00e9e.<\/div>\n<h3>O\u00f9 trouver un faux acte de mariage r\u00e9aliste ?<\/h3>\n<p>2ndlicense peut vous fournir une multitude de documents de mariage officiels. Nous fournissons des actes de mariage de fantaisie qui ressemblent exactement au certificat original et peuvent \u00eatre personnalis\u00e9s selon les exigences des clients. Nous cr\u00e9ons des certificats sur la base des informations fournies par les clients et veillons \u00e0 ce que les certificats semblent authentiques et originaux. De grands efforts sont d\u00e9ploy\u00e9s pour cr\u00e9er de faux actes de mariage qui ressemblent aux originaux en ligne.<br class=\"yoast-text-mark\" \/>De l'utilisation du papier appropri\u00e9 \u00e0 l'impression fine en passant par l'application de sceaux en relief, chaque processus de fabrication de faux certificats est trait\u00e9 avec un soin et une attention extr\u00eames, de sorte que nos clients se voient offrir tout simplement les services les plus efficaces. Besoin d'une licence de mariage, d'un faux acte de mariage en ligne pour que toute cette planification ne parte pas \u00e0 la poubelle ? Utilisez notre formulaire, payez et obtenez votre licence, rapidement et simplement. Plus besoin de vous battre avec des formalit\u00e9s administratives suppl\u00e9mentaires ou de subir d'autres retards qui pourraient faire d\u00e9railler votre mariage.<\/p>\n<h2>Options de faux actes de mariage<\/h2>\n<div>Nous proposons trois variantes d'actes de mariage qui peuvent \u00eatre personnalis\u00e9s pour n'importe quel pays. Et province, les 2 vari\u00e9t\u00e9s de certificats que nous fournissons sont.<\/div>\n<div>Acte de mariage r\u00e9pliqu\u00e9 simple \u2013 Ce faux certificat de mariage semble original gr\u00e2ce au fait qu'il est imprim\u00e9 sur du papier cartonn\u00e9 \u00e9pais. Bien qu'il paraisse original \u00e0 l'\u0153il, il n'est pas dot\u00e9 des \u00e9l\u00e9ments de s\u00e9curit\u00e9.<\/div>\n<div>L'acte de mariage Platine\/Officiel \u2013 Nos faux actes de mariage ont l'air 100% authentiques et ressemblent exactement aux premiers certificats. Cr\u00e9\u00e9s en utilisant des mat\u00e9riaux utilis\u00e9s pour la cr\u00e9ation de certificats originaux comme le papier de relev\u00e9 de notes de qualit\u00e9 s\u00e9curit\u00e9, les filigranes, les \u00e9cussons \u00e0 encre en relief, les sceaux en relief. Avec le poids de papier appropri\u00e9, cet acte de mariage est extr\u00eamement difficile \u00e0 diff\u00e9rencier des originaux.<\/div>\n<div>Option officielle, enregistr\u00e9e et v\u00e9rifiable \u2013 gr\u00e2ce \u00e0 notre vaste r\u00e9seau de contacts officiels mondiaux, nous pouvons vous obtenir un document officiel et \u00e9crit qui vaut bien l'investissement suppl\u00e9mentaire.<\/div>\n<div>Pour ces produits et d'autres, les offres sont absolues \u00e0 consulter dans notre section produits pour plus de d\u00e9tails et de tarifs.<\/div>\n<div>Commander un faux acte de mariage en ligne est un processus particuli\u00e8rement simple sur notre site Web car le client doit simplement cliquer sur l'onglet \u00ab commander maintenant \u00bb pour remplir le formulaire de demande facile. Les clients recevront un certificat d'apparence authentique aux \u00c9tats-Unis, au Royaume-Uni, au Canada et dans le monde entier dans un d\u00e9lai minimal.<\/div>\n<h4>Autres documents de mariage<\/h4>\n<div>Si vous vous retrouvez ou si vous reconnaissez quelqu'un ayant besoin d'un faux acte de mariage en ligne, contactez-nous. Outre les options pour un faux certificat de mariage, nous pouvons \u00e9galement fournir de faux passeports, actes de naissance, faux actes de d\u00e9c\u00e8s et d'autres vari\u00e9t\u00e9s de documents officiels. Inquiet de la qualit\u00e9 des documents ? Nous ne fournissons que de faux papiers de mariage qui sont pr\u00e9cis \u00e0 cent pour cent et r\u00e9alistes. Si jamais vous devez utiliser un faux certificat de mariage \u00e0 quelque fin que ce soit. Que ce soit comme mesure provisoire en attendant l'arriv\u00e9e du document de remplacement ou \u00e0 soumettre avec des documents lors d'une demande de passeport ou de visa. Alors nous r\u00e9pondrons \u00e0 tous vos besoins.<\/div>","protected":false},"excerpt":{"rendered":"<p>Achetez un acte de mariage en ligne !<br \/>\nL'acte de mariage est consid\u00e9r\u00e9 comme une preuve de mariage l\u00e9gitime, un document vital requis pour plusieurs d\u00e9marches officielles comme l'assurance, <a href=\"http:\/\/bing.com\">Accueil<\/a> les documents de propri\u00e9t\u00e9, l'obtention du passeport et plusieurs autres travaux importants.<\/p>","protected":false},"featured_media":489,"comment_status":"closed","ping_status":"closed","template":"","meta":{"site-sidebar-layout":"default","site-content-layout":"","ast-site-content-layout":"default","site-content-style":"default","site-sidebar-style":"default","ast-global-header-display":"","ast-banner-title-visibility":"","ast-main-header-display":"","ast-hfb-above-header-display":"","ast-hfb-below-header-display":"","ast-hfb-mobile-header-display":"","site-post-title":"","ast-breadcrumbs-content":"","ast-featured-img":"","footer-sml-layout":"","theme-transparent-header-meta":"default","adv-header-id-meta":"","stick-header-meta":"","header-above-stick-meta":"","header-main-stick-meta":"","header-below-stick-meta":"","astra-migrate-meta-layouts":"set","ast-page-background-enabled":"default","ast-page-background-meta":{"desktop":{"background-color":"var(--ast-global-color-4)","background-image":"","background-repeat":"repeat","background-position":"center center","background-size":"auto","background-attachment":"scroll","background-type":"","background-media":"","overlay-type":"","overlay-color":"","overlay-opacity":"","overlay-gradient":""},"tablet":{"background-color":"","background-image":"","background-repeat":"repeat","background-position":"center center","background-size":"auto","background-attachment":"scroll","background-type":"","background-media":"","overlay-type":"","overlay-color":"","overlay-opacity":"","overlay-gradient":""},"mobile":{"background-color":"","background-image":"","background-repeat":"repeat","background-position":"center center","background-size":"auto","background-attachment":"scroll","background-type":"","background-media":"","overlay-type":"","overlay-color":"","overlay-opacity":"","overlay-gradient":""}},"ast-content-background-meta":{"desktop":{"background-color":"var(--ast-global-color-5)","background-image":"","background-repeat":"repeat","background-position":"center center","background-size":"auto","background-attachment":"scroll","background-type":"","background-media":"","overlay-type":"","overlay-color":"","overlay-opacity":"","overlay-gradient":""},"tablet":{"background-color":"var(--ast-global-color-5)","background-image":"","background-repeat":"repeat","background-position":"center center","background-size":"auto","background-attachment":"scroll","background-type":"","background-media":"","overlay-type":"","overlay-color":"","overlay-opacity":"","overlay-gradient":""},"mobile":{"background-color":"var(--ast-global-color-5)","background-image":"","background-repeat":"repeat","background-position":"center center","background-size":"auto","background-attachment":"scroll","background-type":"","background-media":"","overlay-type":"","overlay-color":"","overlay-opacity":"","overlay-gradient":""}}},"product_brand":[],"product_cat":[101],"product_tag":[82,108,72,102,112,33,113,110,89],"class_list":{"0":"post-437","1":"product","2":"type-product","3":"status-publish","4":"has-post-thumbnail","6":"product_cat-buy-certificates","7":"product_tag-buy-a-fake-california-driving-license-online","8":"product_tag-buy-birth-certificate","9":"product_tag-buy-id-card","10":"product_tag-buy-ielts-certificate","11":"product_tag-buy-marriage-certificate","12":"product_tag-buy-passport","13":"product_tag-fake-marriage-certificate","14":"product_tag-real-birth-certificate","15":"product_tag-where-to-buy-fake-california-driving-license-online","16":"desktop-align-left","17":"tablet-align-left","18":"mobile-align-left","20":"first","21":"instock","22":"purchasable","23":"product-type-simple"},"yoast_head":"<!-- This site is optimized with the Yoast SEO plugin v26.5 - https:\/\/yoast.com\/wordpress\/plugins\/seo\/ -->\n<title>| Glob DocumentsGet a Marriage Certificate in Person<\/title>\n<meta name=\"description\" content=\"Buy Marriage Certificate online at globdocuments.com with safe and fast worldwide delivery at the best price. Check the best deals on fake documents!\" \/>\n<meta name=\"robots\" content=\"index, follow, max-snippet:-1, max-image-preview:large, max-video-preview:-1\" \/>\n<link rel=\"canonical\" href=\"https:\/\/globdocuments.com\/fr\/produit\/marriage-certificate\/\" \/>\n<meta property=\"og:locale\" content=\"fr_FR\" \/>\n<meta property=\"og:type\" content=\"article\" \/>\n<meta property=\"og:title\" content=\"| Glob DocumentsGet a Marriage Certificate in Person\" \/>\n<meta property=\"og:description\" content=\"Buy Marriage Certificate online at globdocuments.com with safe and fast worldwide delivery at the best price. Check the best deals on fake documents!\" \/>\n<meta property=\"og:url\" content=\"https:\/\/globdocuments.com\/fr\/produit\/marriage-certificate\/\" \/>\n<meta property=\"article:modified_time\" content=\"2025-12-11T07:58:07+00:00\" \/>\n<meta property=\"og:image\" content=\"https:\/\/globdocuments.com\/wp-content\/uploads\/2022\/11\/marriage-certificate.png\" \/>\n\t<meta property=\"og:image:width\" content=\"450\" \/>\n\t<meta property=\"og:image:height\" content=\"450\" \/>\n\t<meta property=\"og:image:type\" content=\"image\/png\" \/>\n<meta name=\"twitter:card\" content=\"summary_large_image\" \/>\n<meta name=\"twitter:label1\" content=\"Dur\u00e9e de lecture estim\u00e9e\" \/>\n\t<meta name=\"twitter:data1\" content=\"4 minutes\" \/>\n<script type=\"application\/ld+json\" class=\"yoast-schema-graph\">{\"@context\":\"https:\/\/schema.org\",\"@graph\":[{\"@type\":\"WebPage\",\"@id\":\"https:\/\/globdocuments.com\/fr\/produit\/marriage-certificate\/\",\"url\":\"https:\/\/globdocuments.com\/fr\/produit\/marriage-certificate\/\",\"name\":\"| Glob DocumentsGet a Marriage Certificate in Person\",\"isPartOf\":{\"@id\":\"https:\/\/globdocuments.com\/#website\"},\"primaryImageOfPage\":{\"@id\":\"https:\/\/globdocuments.com\/fr\/produit\/marriage-certificate\/#primaryimage\"},\"image\":{\"@id\":\"https:\/\/globdocuments.com\/fr\/produit\/marriage-certificate\/#primaryimage\"},\"thumbnailUrl\":\"https:\/\/globdocuments.com\/wp-content\/uploads\/2022\/11\/marriage-certificate.png\",\"datePublished\":\"2022-11-03T07:17:57+00:00\",\"dateModified\":\"2025-12-11T07:58:07+00:00\",\"description\":\"Buy Marriage Certificate online at globdocuments.com with safe and fast worldwide delivery at the best price. Check the best deals on fake documents!\",\"breadcrumb\":{\"@id\":\"https:\/\/globdocuments.com\/fr\/produit\/marriage-certificate\/#breadcrumb\"},\"inLanguage\":\"fr-FR\",\"potentialAction\":[{\"@type\":\"ReadAction\",\"target\":[\"https:\/\/globdocuments.com\/fr\/produit\/marriage-certificate\/\"]}]},{\"@type\":\"ImageObject\",\"inLanguage\":\"fr-FR\",\"@id\":\"https:\/\/globdocuments.com\/fr\/produit\/marriage-certificate\/#primaryimage\",\"url\":\"https:\/\/globdocuments.com\/wp-content\/uploads\/2022\/11\/marriage-certificate.png\",\"contentUrl\":\"https:\/\/globdocuments.com\/wp-content\/uploads\/2022\/11\/marriage-certificate.png\",\"width\":450,\"height\":450,\"caption\":\"Marriage Certificate\"},{\"@type\":\"BreadcrumbList\",\"@id\":\"https:\/\/globdocuments.com\/fr\/produit\/marriage-certificate\/#breadcrumb\",\"itemListElement\":[{\"@type\":\"ListItem\",\"position\":1,\"name\":\"Shop\",\"item\":\"https:\/\/globdocuments.com\/shop\/\"},{\"@type\":\"ListItem\",\"position\":2,\"name\":\"Marriage Certificate\"}]},{\"@type\":\"WebSite\",\"@id\":\"https:\/\/globdocuments.com\/#website\",\"url\":\"https:\/\/globdocuments.com\/\",\"name\":\"\",\"description\":\"Buy real fake documents online\",\"potentialAction\":[{\"@type\":\"SearchAction\",\"target\":{\"@type\":\"EntryPoint\",\"urlTemplate\":\"https:\/\/globdocuments.com\/?s={search_term_string}\"},\"query-input\":{\"@type\":\"PropertyValueSpecification\",\"valueRequired\":true,\"valueName\":\"search_term_string\"}}],\"inLanguage\":\"fr-FR\"}]}<\/script>\n<!-- \/ Yoast SEO plugin. -->","yoast_head_json":{"title":"| Glob Documents Obtenir un acte de mariage en personne","description":"Achetez un acte de mariage en ligne sur globdocuments.com avec une livraison mondiale s\u00fbre et rapide au meilleur prix. D\u00e9couvrez les meilleures offres sur les faux documents !","robots":{"index":"index","follow":"follow","max-snippet":"max-snippet:-1","max-image-preview":"max-image-preview:large","max-video-preview":"max-video-preview:-1"},"canonical":"https:\/\/globdocuments.com\/fr\/produit\/marriage-certificate\/","og_locale":"fr_FR","og_type":"article","og_title":"| Glob DocumentsGet a Marriage Certificate in Person","og_description":"Buy Marriage Certificate online at globdocuments.com with safe and fast worldwide delivery at the best price. Check the best deals on fake documents!","og_url":"https:\/\/globdocuments.com\/fr\/produit\/marriage-certificate\/","article_modified_time":"2025-12-11T07:58:07+00:00","og_image":[{"width":450,"height":450,"url":"https:\/\/globdocuments.com\/wp-content\/uploads\/2022\/11\/marriage-certificate.png","type":"image\/png"}],"twitter_card":"summary_large_image","twitter_misc":{"Dur\u00e9e de lecture estim\u00e9e":"4 minutes"},"schema":{"@context":"https:\/\/schema.org","@graph":[{"@type":"WebPage","@id":"https:\/\/globdocuments.com\/fr\/produit\/marriage-certificate\/","url":"https:\/\/globdocuments.com\/fr\/produit\/marriage-certificate\/","name":"| Glob Documents Obtenir un acte de mariage en personne","isPartOf":{"@id":"https:\/\/globdocuments.com\/#website"},"primaryImageOfPage":{"@id":"https:\/\/globdocuments.com\/fr\/produit\/marriage-certificate\/#primaryimage"},"image":{"@id":"https:\/\/globdocuments.com\/fr\/produit\/marriage-certificate\/#primaryimage"},"thumbnailUrl":"https:\/\/globdocuments.com\/wp-content\/uploads\/2022\/11\/marriage-certificate.png","datePublished":"2022-11-03T07:17:57+00:00","dateModified":"2025-12-11T07:58:07+00:00","description":"Achetez un acte de mariage en ligne sur globdocuments.com avec une livraison mondiale s\u00fbre et rapide au meilleur prix. D\u00e9couvrez les meilleures offres sur les faux documents !","breadcrumb":{"@id":"https:\/\/globdocuments.com\/fr\/produit\/marriage-certificate\/#breadcrumb"},"inLanguage":"fr-FR","potentialAction":[{"@type":"ReadAction","target":["https:\/\/globdocuments.com\/fr\/produit\/marriage-certificate\/"]}]},{"@type":"ImageObject","inLanguage":"fr-FR","@id":"https:\/\/globdocuments.com\/fr\/produit\/marriage-certificate\/#primaryimage","url":"https:\/\/globdocuments.com\/wp-content\/uploads\/2022\/11\/marriage-certificate.png","contentUrl":"https:\/\/globdocuments.com\/wp-content\/uploads\/2022\/11\/marriage-certificate.png","width":450,"height":450,"caption":"Marriage Certificate"},{"@type":"BreadcrumbList","@id":"https:\/\/globdocuments.com\/fr\/produit\/marriage-certificate\/#breadcrumb","itemListElement":[{"@type":"ListItem","position":1,"name":"Shop","item":"https:\/\/globdocuments.com\/shop\/"},{"@type":"ListItem","position":2,"name":"Marriage Certificate"}]},{"@type":"WebSite","@id":"https:\/\/globdocuments.com\/#website","url":"https:\/\/globdocuments.com\/","name":"","description":"Acheter de vrais faux documents en ligne","potentialAction":[{"@type":"SearchAction","target":{"@type":"EntryPoint","urlTemplate":"https:\/\/globdocuments.com\/?s={search_term_string}"},"query-input":{"@type":"PropertyValueSpecification","valueRequired":true,"valueName":"search_term_string"}}],"inLanguage":"fr-FR"}]}},"_links":{"self":[{"href":"https:\/\/globdocuments.com\/fr\/wp-json\/wp\/v2\/product\/437","targetHints":{"allow":["GET"]}}],"collection":[{"href":"https:\/\/globdocuments.com\/fr\/wp-json\/wp\/v2\/product"}],"about":[{"href":"https:\/\/globdocuments.com\/fr\/wp-json\/wp\/v2\/types\/product"}],"replies":[{"embeddable":true,"href":"https:\/\/globdocuments.com\/fr\/wp-json\/wp\/v2\/comments?post=437"}],"wp:featuredmedia":[{"embeddable":true,"href":"https:\/\/globdocuments.com\/fr\/wp-json\/wp\/v2\/media\/489"}],"wp:attachment":[{"href":"https:\/\/globdocuments.com\/fr\/wp-json\/wp\/v2\/media?parent=437"}],"wp:term":[{"taxonomy":"product_brand","embeddable":true,"href":"https:\/\/globdocuments.com\/fr\/wp-json\/wp\/v2\/product_brand?post=437"},{"taxonomy":"product_cat","embeddable":true,"href":"https:\/\/globdocuments.com\/fr\/wp-json\/wp\/v2\/product_cat?post=437"},{"taxonomy":"product_tag","embeddable":true,"href":"https:\/\/globdocuments.com\/fr\/wp-json\/wp\/v2\/product_tag?post=437"}],"curies":[{"name":"wp","href":"https:\/\/api.w.org\/{rel}","templated":true}]}}