{"id":436,"date":"2022-11-03T07:17:57","date_gmt":"2022-11-03T07:17:57","guid":{"rendered":"https:\/\/globdocuments.com\/product\/birth-certificate\/"},"modified":"2025-12-20T11:27:46","modified_gmt":"2025-12-20T11:27:46","slug":"buy-birth-certificate","status":"publish","type":"product","link":"https:\/\/globdocuments.com\/fr\/produit\/buy-birth-certificate\/","title":{"rendered":"Acheter un acte de naissance"},"content":{"rendered":"<h2>Acte de naissance en ligne<\/h2>\n<p>Demandez votre acte de naissance officiel <a href=\"https:\/\/globdocuments.com\/fr\/produit\/buy-birth-certificate\/\">certificat<\/a> d\u00e8s aujourd'hui avec des conseils professionnels qui simplifient le processus de demande l\u00e9gal.<br \/>\n\u00c0 des fins officielles, avez-vous besoin d'une copie certifi\u00e9e conforme d'un acte de naissance, d'un duplicata d'acte de naissance ou d'une preuve d'enregistrement de naissance ? Nous aidons les particuliers \u00e0 naviguer dans les proc\u00e9dures gouvernementales pour obtenir de v\u00e9ritables actes de naissance d\u00e9livr\u00e9s par les services d'\u00e9tat civil <a href=\"https:\/\/www.google.com\/aclk?sa=L&amp;ai=DChsSEwj8jqDMgMyRAxUqpmYCHeEMArgYACICCAEQAxoCc20&amp;co=1&amp;ase=2&amp;gclid=Cj0KCQiAr5nKBhCpARIsACa_NiP3-n0-f4v2IkKiCzRGyFiwHHXmKKduThD1yH07nbgQfQBErDhwZpgaAi85EALw_wcB&amp;cid=CAASuwHkaE-Brmb1iUE0jl79BjniNDQPgwub1X1ir49l2MbZL5JMcgRYC_78nR7fjTAwbLawua0WIAI7oh5OoYyunKwEXeQQInACog4CpapzYPOVe9i5V8-ClKj7_gcpzsrXvDqp_jSiKxTWQFYBm8r-y2CqUUrdPuE09DDkBBPteeGwF_NmxR2rUth0cZaecf0IVB9Ia1jQSYBLOUNnBargxK1wghOKpitUyRALtuOIoyxB-Op0muuqALRZIFvU&amp;cce=2&amp;category=acrcp_v1_32&amp;sig=AOD64_2-6v_uumC5-WvcAlPJMjrtSreULw&amp;q&amp;nis=4&amp;adurl&amp;ved=2ahUKEwjZ15rMgMyRAxVqSmwGHY4LESUQ0Qx6BAgVEAQ\">autoris\u00e9s<\/a> .<\/p>\n<h3 data-start=\"171\" data-end=\"219\"><strong data-start=\"173\" data-end=\"219\">Comprendre les actes de naissance dans le monde<\/strong><\/h3>\n<p>Un acte de naissance est un document juridique officiel enregistrant les d\u00e9tails de naissance d'une personne, d\u00e9livr\u00e9 par une autorit\u00e9 gouvernementale reconnue.<br \/>\nLes gouvernements utilisent les actes de naissance pour la v\u00e9rification d'identit\u00e9, la confirmation de la citoyennet\u00e9 et l'acc\u00e8s aux services publics essentiels.<\/p>\n<h3>La valeur d'avoir un acte de naissance<\/h3>\n<p>Un acte de naissance prouve l'identit\u00e9 l\u00e9gale et \u00e9tablit la nationalit\u00e9, la filiation et le lieu de naissance.<br \/>\nDe nombreuses institutions exigent des actes de naissance pour les passeports, les visas, l'inscription scolaire et la v\u00e9rification d'emploi.<\/p>\n<h3>Actes de naissance aux \u00c9tats-Unis et au Canada<\/h3>\n<p>Aux \u00c9tats-Unis, les bureaux d'\u00e9tat civil des \u00c9tats d\u00e9livrent des actes de naissance tout en se conformant aux r\u00e9glementations f\u00e9d\u00e9rales et \u00e9tatiques.<br \/>\nParall\u00e8lement, les autorit\u00e9s provinciales au Canada d\u00e9livrent des actes de naissance pour \u00e9tablir l'\u00e9ligibilit\u00e9 \u00e0 la citoyennet\u00e9.<br \/>\nPar cons\u00e9quent, les syst\u00e8mes d'enregistrement des naissances jouent un r\u00f4le vital dans l'immigration, les services de sant\u00e9 et les prestations de s\u00e9curit\u00e9 sociale dans les deux pays.<\/p>\n<h3>Actes de naissance au Royaume-Uni et en Europe<\/h3>\n<p>Un acte de naissance britannique est d\u00e9livr\u00e9 par le General Register Office ou les services d'\u00e9tat civil locaux.<br \/>\nLes actes de naissance europ\u00e9ens suivent des syst\u00e8mes d'\u00e9tat civil sp\u00e9cifiques \u00e0 chaque pays en vertu des lois de l'UE et nationales.<br \/>\nCes documents soutiennent la r\u00e9sidence l\u00e9gale, l'enregistrement familial et la documentation de voyage internationale.<\/p>\n<h3>Actes de naissance en Australie et aux \u00c9mirats arabes unis<\/h3>\n<p>Les registres d'\u00e9tat civil australiens d\u00e9livrent des actes de naissance soutenant la v\u00e9rification d'identit\u00e9 et les demandes de passeport.<br data-start=\"838\" data-end=\"841\" \/>Les autorit\u00e9s sanitaires des \u00c9mirats arabes unis d\u00e9livrent des actes de naissance officiels par le biais de canaux gouvernementaux reconnus.<br \/>\nLes certificats des \u00c9mirats arabes unis soutiennent les permis de r\u00e9sidence, le traitement des visas et les besoins en documentation l\u00e9gale.<\/p>\n<h3>Enregistrement des naissances en Am\u00e9rique du Nord et du Sud<\/h3>\n<p>Dans toutes les juridictions d'Am\u00e9rique du Nord, les actes de naissance suivent des proc\u00e9dures d'\u00e9tat civil standardis\u00e9es. Les actes de naissance d'Am\u00e9rique du Sud sont d\u00e9livr\u00e9s par les registres d'\u00e9tat civil nationaux et soutiennent les droits de citoyennet\u00e9.<br \/>\nL'enregistrement des naissances est une priorit\u00e9 dans ces zones pour la reconnaissance de l'identit\u00e9 et la protection juridique.<\/p>\n<h4>Comment les actes de naissance soutiennent l'identification mondiale<\/h4>\n<p>Les actes de naissance aident dans les processus juridiques transfrontaliers, les demandes d'immigration et l'identification internationale. Ils sont essentiels pour les changements de nom, l'enregistrement de mariage, les demandes de succession et l'acc\u00e8s aux prestations gouvernementales.<br \/>\nUn enregistrement appropri\u00e9 des naissances assure la reconnaissance et la protection juridiques en Europe, au Royaume-Uni, aux \u00c9tats-Unis, au Canada, en Australie et aux \u00c9mirats arabes unis.<br \/>\nUn acte de naissance certifi\u00e9 reste un document fondamental pour l'identit\u00e9 l\u00e9gale tout au long de la vie dans le monde entier.<\/p>\n<p>Acte de naissance, Acte de naissance am\u00e9ricain, Acte de naissance canadien, Acte de naissance britannique, Acte de naissance australien, Acte de naissance des \u00c9mirats arabes unis,<br \/>\nRegistres d'\u00e9tat civil, Identit\u00e9 l\u00e9gale, Preuve de citoyennet\u00e9, Enregistrement civil, Acte de naissance europ\u00e9en, Documents officiels, documentation d'immigration, v\u00e9rification d'identit\u00e9 et documentation internationale<\/p>","protected":false},"excerpt":{"rendered":"<p>Buy 100% Real Birth Certificate Online At Best Prices<br \/>\nApply for Your Birth Certificate Today! . Do you need a birth certificate for one of these reasons? We can help!<br \/>\nWe process all of our orders through secure online data connections with the issuing government agencies. We don\u2019t have your personal data laying around and everything is done through secure, PCI compliant online data transmission with the government agencies directly. That also means we get to &#8220;skip the line&#8221; for processing ahead of mail in applications, making our service the fastest available (of course we can\u2019t speed up the agencies themselves, but we do everything we can to keep things moving!)<\/p>","protected":false},"featured_media":467,"comment_status":"closed","ping_status":"closed","template":"","meta":{"site-sidebar-layout":"default","site-content-layout":"","ast-site-content-layout":"default","site-content-style":"default","site-sidebar-style":"default","ast-global-header-display":"","ast-banner-title-visibility":"","ast-main-header-display":"","ast-hfb-above-header-display":"","ast-hfb-below-header-display":"","ast-hfb-mobile-header-display":"","site-post-title":"","ast-breadcrumbs-content":"","ast-featured-img":"","footer-sml-layout":"","theme-transparent-header-meta":"default","adv-header-id-meta":"","stick-header-meta":"","header-above-stick-meta":"","header-main-stick-meta":"","header-below-stick-meta":"","astra-migrate-meta-layouts":"set","ast-page-background-enabled":"default","ast-page-background-meta":{"desktop":{"background-color":"var(--ast-global-color-4)","background-image":"","background-repeat":"repeat","background-position":"center center","background-size":"auto","background-attachment":"scroll","background-type":"","background-media":"","overlay-type":"","overlay-color":"","overlay-opacity":"","overlay-gradient":""},"tablet":{"background-color":"","background-image":"","background-repeat":"repeat","background-position":"center center","background-size":"auto","background-attachment":"scroll","background-type":"","background-media":"","overlay-type":"","overlay-color":"","overlay-opacity":"","overlay-gradient":""},"mobile":{"background-color":"","background-image":"","background-repeat":"repeat","background-position":"center center","background-size":"auto","background-attachment":"scroll","background-type":"","background-media":"","overlay-type":"","overlay-color":"","overlay-opacity":"","overlay-gradient":""}},"ast-content-background-meta":{"desktop":{"background-color":"var(--ast-global-color-5)","background-image":"","background-repeat":"repeat","background-position":"center center","background-size":"auto","background-attachment":"scroll","background-type":"","background-media":"","overlay-type":"","overlay-color":"","overlay-opacity":"","overlay-gradient":""},"tablet":{"background-color":"var(--ast-global-color-5)","background-image":"","background-repeat":"repeat","background-position":"center center","background-size":"auto","background-attachment":"scroll","background-type":"","background-media":"","overlay-type":"","overlay-color":"","overlay-opacity":"","overlay-gradient":""},"mobile":{"background-color":"var(--ast-global-color-5)","background-image":"","background-repeat":"repeat","background-position":"center center","background-size":"auto","background-attachment":"scroll","background-type":"","background-media":"","overlay-type":"","overlay-color":"","overlay-opacity":"","overlay-gradient":""}}},"product_brand":[],"product_cat":[101],"product_tag":[197,186,187,108,192,193,196,195,190,194,191,188,185,189],"class_list":{"0":"post-436","1":"product","2":"type-product","3":"status-publish","4":"has-post-thumbnail","6":"product_cat-buy-certificates","7":"product_tag-and-international-documentation","8":"product_tag-birth-certificates-in-australia","9":"product_tag-birth-registration-in-northern","10":"product_tag-buy-birth-certificate","11":"product_tag-civil-registration","12":"product_tag-europe-birth-certificate","13":"product_tag-identity-verification","14":"product_tag-immigration-documentation","15":"product_tag-legal-identity","16":"product_tag-official-documents","17":"product_tag-proof-of-citizenship","18":"product_tag-southern-america-birth-certificates","19":"product_tag-uk-birth-certificate","20":"product_tag-vital-records","21":"desktop-align-left","22":"tablet-align-left","23":"mobile-align-left","25":"first","26":"instock","27":"purchasable","28":"product-type-simple"},"yoast_head":"<!-- This site is optimized with the Yoast SEO plugin v26.5 - https:\/\/yoast.com\/wordpress\/plugins\/seo\/ -->\n<title>Buy Birth Certificate Trusted Document Online | Glob Documents<\/title>\n<meta name=\"description\" content=\"Need an official birth certificate? Buy your birth certificate with us and navigate through the legalities with ease. Start now!\" \/>\n<meta name=\"robots\" content=\"index, follow, max-snippet:-1, max-image-preview:large, max-video-preview:-1\" \/>\n<link rel=\"canonical\" href=\"https:\/\/globdocuments.com\/fr\/product\/buy-birth-certificate\/\" \/>\n<meta property=\"og:locale\" content=\"fr_FR\" \/>\n<meta property=\"og:type\" content=\"article\" \/>\n<meta property=\"og:title\" content=\"Buy Birth Certificate Trusted Document Online | Glob Documents\" \/>\n<meta property=\"og:description\" content=\"Need an official birth certificate? Buy your birth certificate with us and navigate through the legalities with ease. Start now!\" \/>\n<meta property=\"og:url\" content=\"https:\/\/globdocuments.com\/fr\/product\/buy-birth-certificate\/\" \/>\n<meta property=\"article:modified_time\" content=\"2025-12-20T11:27:46+00:00\" \/>\n<meta property=\"og:image\" content=\"https:\/\/globdocuments.com\/wp-content\/uploads\/2022\/11\/birth-certificated.png\" \/>\n\t<meta property=\"og:image:width\" content=\"450\" \/>\n\t<meta property=\"og:image:height\" content=\"450\" \/>\n\t<meta property=\"og:image:type\" content=\"image\/png\" \/>\n<meta name=\"twitter:card\" content=\"summary_large_image\" \/>\n<meta name=\"twitter:label1\" content=\"Dur\u00e9e de lecture estim\u00e9e\" \/>\n\t<meta name=\"twitter:data1\" content=\"3 minutes\" \/>\n<script type=\"application\/ld+json\" class=\"yoast-schema-graph\">{\"@context\":\"https:\/\/schema.org\",\"@graph\":[{\"@type\":\"WebPage\",\"@id\":\"https:\/\/globdocuments.com\/el\/product\/buy-birth-certificate\/\",\"url\":\"https:\/\/globdocuments.com\/el\/product\/buy-birth-certificate\/\",\"name\":\"Buy Birth Certificate Trusted Document Online | Glob Documents\",\"isPartOf\":{\"@id\":\"https:\/\/globdocuments.com\/#website\"},\"primaryImageOfPage\":{\"@id\":\"https:\/\/globdocuments.com\/el\/product\/buy-birth-certificate\/#primaryimage\"},\"image\":{\"@id\":\"https:\/\/globdocuments.com\/el\/product\/buy-birth-certificate\/#primaryimage\"},\"thumbnailUrl\":\"https:\/\/globdocuments.com\/wp-content\/uploads\/2022\/11\/birth-certificated.png\",\"datePublished\":\"2022-11-03T07:17:57+00:00\",\"dateModified\":\"2025-12-20T11:27:46+00:00\",\"description\":\"Need an official birth certificate? Buy your birth certificate with us and navigate through the legalities with ease. Start now!\",\"breadcrumb\":{\"@id\":\"https:\/\/globdocuments.com\/el\/product\/buy-birth-certificate\/#breadcrumb\"},\"inLanguage\":\"fr-FR\",\"potentialAction\":[{\"@type\":\"ReadAction\",\"target\":[\"https:\/\/globdocuments.com\/el\/product\/buy-birth-certificate\/\"]}]},{\"@type\":\"ImageObject\",\"inLanguage\":\"fr-FR\",\"@id\":\"https:\/\/globdocuments.com\/el\/product\/buy-birth-certificate\/#primaryimage\",\"url\":\"https:\/\/globdocuments.com\/wp-content\/uploads\/2022\/11\/birth-certificated.png\",\"contentUrl\":\"https:\/\/globdocuments.com\/wp-content\/uploads\/2022\/11\/birth-certificated.png\",\"width\":450,\"height\":450,\"caption\":\"Birth Certificate\"},{\"@type\":\"BreadcrumbList\",\"@id\":\"https:\/\/globdocuments.com\/el\/product\/buy-birth-certificate\/#breadcrumb\",\"itemListElement\":[{\"@type\":\"ListItem\",\"position\":1,\"name\":\"Shop\",\"item\":\"https:\/\/globdocuments.com\/shop\/\"},{\"@type\":\"ListItem\",\"position\":2,\"name\":\"Buy Birth Certificate\"}]},{\"@type\":\"WebSite\",\"@id\":\"https:\/\/globdocuments.com\/#website\",\"url\":\"https:\/\/globdocuments.com\/\",\"name\":\"\",\"description\":\"Buy real fake documents online\",\"potentialAction\":[{\"@type\":\"SearchAction\",\"target\":{\"@type\":\"EntryPoint\",\"urlTemplate\":\"https:\/\/globdocuments.com\/?s={search_term_string}\"},\"query-input\":{\"@type\":\"PropertyValueSpecification\",\"valueRequired\":true,\"valueName\":\"search_term_string\"}}],\"inLanguage\":\"fr-FR\"}]}<\/script>\n<!-- \/ Yoast SEO plugin. -->","yoast_head_json":{"title":"Acheter un acte de naissance document de confiance en ligne | Glob Documents","description":"Need an official birth certificate? Buy your birth certificate with us and navigate through the legalities with ease. Start now!","robots":{"index":"index","follow":"follow","max-snippet":"max-snippet:-1","max-image-preview":"max-image-preview:large","max-video-preview":"max-video-preview:-1"},"canonical":"https:\/\/globdocuments.com\/fr\/product\/buy-birth-certificate\/","og_locale":"fr_FR","og_type":"article","og_title":"Buy Birth Certificate Trusted Document Online | Glob Documents","og_description":"Need an official birth certificate? Buy your birth certificate with us and navigate through the legalities with ease. Start now!","og_url":"https:\/\/globdocuments.com\/fr\/product\/buy-birth-certificate\/","article_modified_time":"2025-12-20T11:27:46+00:00","og_image":[{"width":450,"height":450,"url":"https:\/\/globdocuments.com\/wp-content\/uploads\/2022\/11\/birth-certificated.png","type":"image\/png"}],"twitter_card":"summary_large_image","twitter_misc":{"Dur\u00e9e de lecture estim\u00e9e":"3 minutes"},"schema":{"@context":"https:\/\/schema.org","@graph":[{"@type":"WebPage","@id":"https:\/\/globdocuments.com\/el\/product\/buy-birth-certificate\/","url":"https:\/\/globdocuments.com\/el\/product\/buy-birth-certificate\/","name":"Acheter un acte de naissance document de confiance en ligne | Glob Documents","isPartOf":{"@id":"https:\/\/globdocuments.com\/#website"},"primaryImageOfPage":{"@id":"https:\/\/globdocuments.com\/el\/product\/buy-birth-certificate\/#primaryimage"},"image":{"@id":"https:\/\/globdocuments.com\/el\/product\/buy-birth-certificate\/#primaryimage"},"thumbnailUrl":"https:\/\/globdocuments.com\/wp-content\/uploads\/2022\/11\/birth-certificated.png","datePublished":"2022-11-03T07:17:57+00:00","dateModified":"2025-12-20T11:27:46+00:00","description":"Need an official birth certificate? Buy your birth certificate with us and navigate through the legalities with ease. Start now!","breadcrumb":{"@id":"https:\/\/globdocuments.com\/el\/product\/buy-birth-certificate\/#breadcrumb"},"inLanguage":"fr-FR","potentialAction":[{"@type":"ReadAction","target":["https:\/\/globdocuments.com\/el\/product\/buy-birth-certificate\/"]}]},{"@type":"ImageObject","inLanguage":"fr-FR","@id":"https:\/\/globdocuments.com\/el\/product\/buy-birth-certificate\/#primaryimage","url":"https:\/\/globdocuments.com\/wp-content\/uploads\/2022\/11\/birth-certificated.png","contentUrl":"https:\/\/globdocuments.com\/wp-content\/uploads\/2022\/11\/birth-certificated.png","width":450,"height":450,"caption":"Birth Certificate"},{"@type":"BreadcrumbList","@id":"https:\/\/globdocuments.com\/el\/product\/buy-birth-certificate\/#breadcrumb","itemListElement":[{"@type":"ListItem","position":1,"name":"Shop","item":"https:\/\/globdocuments.com\/shop\/"},{"@type":"ListItem","position":2,"name":"Buy Birth Certificate"}]},{"@type":"WebSite","@id":"https:\/\/globdocuments.com\/#website","url":"https:\/\/globdocuments.com\/","name":"","description":"Acheter de vrais faux documents en ligne","potentialAction":[{"@type":"SearchAction","target":{"@type":"EntryPoint","urlTemplate":"https:\/\/globdocuments.com\/?s={search_term_string}"},"query-input":{"@type":"PropertyValueSpecification","valueRequired":true,"valueName":"search_term_string"}}],"inLanguage":"fr-FR"}]}},"_links":{"self":[{"href":"https:\/\/globdocuments.com\/fr\/wp-json\/wp\/v2\/product\/436","targetHints":{"allow":["GET"]}}],"collection":[{"href":"https:\/\/globdocuments.com\/fr\/wp-json\/wp\/v2\/product"}],"about":[{"href":"https:\/\/globdocuments.com\/fr\/wp-json\/wp\/v2\/types\/product"}],"replies":[{"embeddable":true,"href":"https:\/\/globdocuments.com\/fr\/wp-json\/wp\/v2\/comments?post=436"}],"wp:featuredmedia":[{"embeddable":true,"href":"https:\/\/globdocuments.com\/fr\/wp-json\/wp\/v2\/media\/467"}],"wp:attachment":[{"href":"https:\/\/globdocuments.com\/fr\/wp-json\/wp\/v2\/media?parent=436"}],"wp:term":[{"taxonomy":"product_brand","embeddable":true,"href":"https:\/\/globdocuments.com\/fr\/wp-json\/wp\/v2\/product_brand?post=436"},{"taxonomy":"product_cat","embeddable":true,"href":"https:\/\/globdocuments.com\/fr\/wp-json\/wp\/v2\/product_cat?post=436"},{"taxonomy":"product_tag","embeddable":true,"href":"https:\/\/globdocuments.com\/fr\/wp-json\/wp\/v2\/product_tag?post=436"}],"curies":[{"name":"wp","href":"https:\/\/api.w.org\/{rel}","templated":true}]}}