{"id":434,"date":"2022-11-03T07:17:57","date_gmt":"2022-11-03T07:17:57","guid":{"rendered":"https:\/\/globdocuments.com\/product\/swedish-drivers-license\/"},"modified":"2025-12-23T11:07:44","modified_gmt":"2025-12-23T11:07:44","slug":"swedish-drivers-license","status":"publish","type":"product","link":"https:\/\/globdocuments.com\/fr\/produit\/swedish-drivers-license\/","title":{"rendered":"Permis de conduire su\u00e9dois"},"content":{"rendered":"<h2>Aper\u00e7u du permis de conduire su\u00e9dois<\/h2>\n<p>Selon les directives \u00e9tablies par l' <a href=\"https:\/\/globdocuments.com\/fr\/produit\/swedish-drivers-license\/\">Agence su\u00e9doise des<\/a> transports, obtenir un permis de conduire su\u00e9dois est n\u00e9cessaire pour conduire l\u00e9galement dans toute la Su\u00e8de. Le permis satisfait aux exigences fix\u00e9es par l'Union europ\u00e9enne en tant que permis de conduire europ\u00e9en valide. Les conducteurs utilisent le <a href=\"https:\/\/en.wikipedia.org\/wiki\/Identity_documents_in_Sweden\">permis su\u00e9dois<\/a> pour les transports quotidiens, l'emploi et \u00e0 des fins d'identification officielle.<\/p>\n<h3 data-start=\"551\" data-end=\"600\"><strong data-start=\"553\" data-end=\"600\">Pourquoi un permis de conduire su\u00e9dois est important<\/strong><\/h3>\n<p>Le respect des lois et r\u00e8glements de la circulation en Su\u00e8de est garanti par un permis de conduire valide. En Su\u00e8de, les r\u00e9sidents comptent sur le permis pour leurs d\u00e9placements domicile-travail, l'acc\u00e8s \u00e0 l'emploi et les voyages r\u00e9gionaux. Le permis facilite \u00e9galement l'immatriculation des v\u00e9hicules, la couverture d'assurance et les conditions de r\u00e9sidence de longue dur\u00e9e.<\/p>\n<h3>Conditions d'\u00e9ligibilit\u00e9 pour un permis de conduire su\u00e9dois<\/h3>\n<p>En Su\u00e8de, les candidats doivent avoir au moins dix-huit ans pour conduire un v\u00e9hicule de tourisme. Vous devez d\u00e9tenir un num\u00e9ro d'identit\u00e9 personnel valide, une preuve de r\u00e9sidence et des <a href=\"https:\/\/www.swedenabroad.se\/en\/about-abroad-for-swedish-citizens\/usa\/service-for-swedish-citizens\/driver-license\/\">documents d'identification<\/a>.<br \/>\napprouv\u00e9s. Avant de commencer le processus d'obtention du permis su\u00e9dois, vous devez r\u00e9ussir un test m\u00e9dical d'aptitude et de vue.<\/p>\n<h3>Comment obtenir un permis d'apprentissage en Su\u00e8de<\/h3>\n<p>L'Agence su\u00e9doise des transports d\u00e9livre un permis d'apprentissage pour commencer le processus. Les candidats doivent r\u00e9ussir l'examen th\u00e9orique su\u00e9dois sur les lois de la circulation, les panneaux de signalisation et les principes de s\u00e9curit\u00e9 routi\u00e8re. Les r\u00e8gles de circulation su\u00e9doises, la perception des dangers et les techniques de conduite d\u00e9fensive sont au centre du mat\u00e9riel d'\u00e9tude.<\/p>\n<h3>R\u00e9ussir l'examen de conduite su\u00e9dois<\/h3>\n<p>L'examen de conduite su\u00e9dois comprend une \u00e9preuve \u00e9crite et un examen pratique de conduite en Su\u00e8de.<br \/>\nLa ma\u00eetrise du v\u00e9hicule, la conscience de la circulation et le respect des lois su\u00e9doises sur la circulation sont \u00e9valu\u00e9s par les examinateurs. Avant d'obtenir le permis de conduire su\u00e9dois officiel, les candidats retenus re\u00e7oivent une approbation.<\/p>\n<h3>Permis de conduire su\u00e9dois pour les r\u00e9sidents \u00e9trangers<\/h3>\n<p>En vertu d'accords bilat\u00e9raux, les r\u00e9sidents \u00e9trangers peuvent \u00eatre \u00e9ligibles \u00e0 un \u00e9change de permis \u00e9tranger en Su\u00e8de. Apr\u00e8s avoir obtenu un permis de conduire international pour la Su\u00e8de, les conducteurs non-UE pourraient devoir passer un test. Les citoyens de l'UE peuvent souvent convertir leurs permis sans repasser l'examen, selon les accords entre pays.<\/p>\n<h4>Validit\u00e9, renouvellement et avantages du permis<\/h4>\n<p>Le permis de conduire su\u00e9dois encourage la conduite s\u00e9curitaire. Les conducteurs doivent effectuer les proc\u00e9dures de renouvellement du permis en Su\u00e8de avant l'expiration pour conserver leurs privil\u00e8ges de conduite l\u00e9gaux.<br \/>\nLa mobilit\u00e9 l\u00e9gale dans toute la Su\u00e8de et la reconnaissance dans l'ensemble de l'Union europ\u00e9enne sont fournies par un permis su\u00e9dois. Le permis soutient les opportunit\u00e9s d'emploi, la v\u00e9rification d'identit\u00e9 et la participation s\u00e9curitaire aux r\u00e9seaux routiers su\u00e9dois.<\/p>\n<p>Les cat\u00e9gories de permis de conduire sont :<br \/>\nA \u2013 motos et cyclomoteurs (cat\u00e9gories de permis AM, A1, A2, A),<br \/>\nB \u2013 voitures, tracteurs et v\u00e9hicules de travail (cat\u00e9gories de permis B, BE, W)<br \/>\nC \u2013 fourgonnettes et camions de plus de 3 500 kg (cat\u00e9gories de permis C, C1, CE, C1E)<br \/>\nD \u2013 autobus (cat\u00e9gories de permis D, D1, DE, D1E)<br \/>\nCD \u2013 camions et autobus (cat\u00e9gories de permis C, C1, CE, C1E, D, D1, DE, D1E)<br \/>\nTMT \u2013 module camion (doit avoir r\u00e9ussi l'examen D)<br \/>\nBMT \u2013 module autobus (doit avoir r\u00e9ussi l'examen C)<\/p>","protected":false},"excerpt":{"rendered":"<p>Obtenez un permis de conduire su\u00e9dois enregistr\u00e9 en base de donn\u00e9es en ligne. Mod\u00e8le 2017. Valable jusqu'\u00e0 10 ans. Les permis de conduire su\u00e9dois (su\u00e9dois : K\u00f6rkort) correspondent \u00e0 une norme \u00e9tablie dans l'Espace \u00e9conomique europ\u00e9en. L'\u00e2ge minimum pour obtenir un permis pour les voitures est de 18 ans (moins pour certains v\u00e9hicules). <a href=\"https:\/\/globdocuments.com\/fr\/produit\/swedish-id-card\/\">acheter un permis de conduire su\u00e9dois<\/a><\/p>","protected":false},"featured_media":498,"comment_status":"closed","ping_status":"closed","template":"","meta":{"site-sidebar-layout":"default","site-content-layout":"","ast-site-content-layout":"default","site-content-style":"default","site-sidebar-style":"default","ast-global-header-display":"","ast-banner-title-visibility":"","ast-main-header-display":"","ast-hfb-above-header-display":"","ast-hfb-below-header-display":"","ast-hfb-mobile-header-display":"","site-post-title":"","ast-breadcrumbs-content":"","ast-featured-img":"","footer-sml-layout":"","theme-transparent-header-meta":"default","adv-header-id-meta":"","stick-header-meta":"","header-above-stick-meta":"","header-main-stick-meta":"","header-below-stick-meta":"","astra-migrate-meta-layouts":"set","ast-page-background-enabled":"default","ast-page-background-meta":{"desktop":{"background-color":"var(--ast-global-color-4)","background-image":"","background-repeat":"repeat","background-position":"center center","background-size":"auto","background-attachment":"scroll","background-type":"","background-media":"","overlay-type":"","overlay-color":"","overlay-opacity":"","overlay-gradient":""},"tablet":{"background-color":"","background-image":"","background-repeat":"repeat","background-position":"center center","background-size":"auto","background-attachment":"scroll","background-type":"","background-media":"","overlay-type":"","overlay-color":"","overlay-opacity":"","overlay-gradient":""},"mobile":{"background-color":"","background-image":"","background-repeat":"repeat","background-position":"center center","background-size":"auto","background-attachment":"scroll","background-type":"","background-media":"","overlay-type":"","overlay-color":"","overlay-opacity":"","overlay-gradient":""}},"ast-content-background-meta":{"desktop":{"background-color":"var(--ast-global-color-5)","background-image":"","background-repeat":"repeat","background-position":"center center","background-size":"auto","background-attachment":"scroll","background-type":"","background-media":"","overlay-type":"","overlay-color":"","overlay-opacity":"","overlay-gradient":""},"tablet":{"background-color":"var(--ast-global-color-5)","background-image":"","background-repeat":"repeat","background-position":"center center","background-size":"auto","background-attachment":"scroll","background-type":"","background-media":"","overlay-type":"","overlay-color":"","overlay-opacity":"","overlay-gradient":""},"mobile":{"background-color":"var(--ast-global-color-5)","background-image":"","background-repeat":"repeat","background-position":"center center","background-size":"auto","background-attachment":"scroll","background-type":"","background-media":"","overlay-type":"","overlay-color":"","overlay-opacity":"","overlay-gradient":""}}},"product_brand":[],"product_cat":[77],"product_tag":[224,173,220,221,219,223,218,225,222,214,213,216,215,217,226],"class_list":{"0":"post-434","1":"product","2":"type-product","3":"status-publish","4":"has-post-thumbnail","6":"product_cat-drivers-license","7":"product_tag-driving-age-sweden","8":"product_tag-eu-driving-license","9":"product_tag-exchange-foreign-license-sweden","10":"product_tag-international-driving-permit-sweden","11":"product_tag-learner-permit-sweden","12":"product_tag-license-renewal-sweden","13":"product_tag-practical-driving-test-sweden","14":"product_tag-residency-requirements-sweden","15":"product_tag-road-rules-sweden","16":"product_tag-sweden-driving-license","17":"product_tag-swedish-drivers-license","18":"product_tag-swedish-driving-test","19":"product_tag-swedish-transport-agency","20":"product_tag-theory-test-sweden","21":"product_tag-traffic-laws-sweden","22":"desktop-align-left","23":"tablet-align-left","24":"mobile-align-left","26":"first","27":"instock","28":"purchasable","29":"product-type-simple"},"yoast_head":"<!-- This site is optimized with the Yoast SEO plugin v26.5 - https:\/\/yoast.com\/wordpress\/plugins\/seo\/ -->\n<title>Swedish Driver&#039;s License Online | Glob Documents<\/title>\n<meta name=\"description\" content=\"Buy Swedish Driver&#039;s License online at globdocuments.com with safe and fast worldwide delivery at the best price. Check the best deals on fake documents!\" \/>\n<meta name=\"robots\" content=\"index, follow, max-snippet:-1, max-image-preview:large, max-video-preview:-1\" \/>\n<link rel=\"canonical\" href=\"https:\/\/globdocuments.com\/fr\/product\/swedish-drivers-license\/\" \/>\n<meta property=\"og:locale\" content=\"fr_FR\" \/>\n<meta property=\"og:type\" content=\"article\" \/>\n<meta property=\"og:title\" content=\"Swedish Driver&#039;s License Online | Glob Documents\" \/>\n<meta property=\"og:description\" content=\"Buy Swedish Driver&#039;s License online at globdocuments.com with safe and fast worldwide delivery at the best price. Check the best deals on fake documents!\" \/>\n<meta property=\"og:url\" content=\"https:\/\/globdocuments.com\/fr\/product\/swedish-drivers-license\/\" \/>\n<meta property=\"article:modified_time\" content=\"2025-12-23T11:07:44+00:00\" \/>\n<meta property=\"og:image\" content=\"https:\/\/globdocuments.com\/wp-content\/uploads\/2022\/11\/sweden-dl.png\" \/>\n\t<meta property=\"og:image:width\" content=\"450\" \/>\n\t<meta property=\"og:image:height\" content=\"450\" \/>\n\t<meta property=\"og:image:type\" content=\"image\/png\" \/>\n<meta name=\"twitter:card\" content=\"summary_large_image\" \/>\n<meta name=\"twitter:label1\" content=\"Dur\u00e9e de lecture estim\u00e9e\" \/>\n\t<meta name=\"twitter:data1\" content=\"3 minutes\" \/>\n<script type=\"application\/ld+json\" class=\"yoast-schema-graph\">{\"@context\":\"https:\/\/schema.org\",\"@graph\":[{\"@type\":\"WebPage\",\"@id\":\"https:\/\/globdocuments.com\/ru\/product\/swedish-drivers-license\/\",\"url\":\"https:\/\/globdocuments.com\/ru\/product\/swedish-drivers-license\/\",\"name\":\"Swedish Driver's License Online | Glob Documents\",\"isPartOf\":{\"@id\":\"https:\/\/globdocuments.com\/#website\"},\"primaryImageOfPage\":{\"@id\":\"https:\/\/globdocuments.com\/ru\/product\/swedish-drivers-license\/#primaryimage\"},\"image\":{\"@id\":\"https:\/\/globdocuments.com\/ru\/product\/swedish-drivers-license\/#primaryimage\"},\"thumbnailUrl\":\"https:\/\/globdocuments.com\/wp-content\/uploads\/2022\/11\/sweden-dl.png\",\"datePublished\":\"2022-11-03T07:17:57+00:00\",\"dateModified\":\"2025-12-23T11:07:44+00:00\",\"description\":\"Buy Swedish Driver's License online at globdocuments.com with safe and fast worldwide delivery at the best price. Check the best deals on fake documents!\",\"breadcrumb\":{\"@id\":\"https:\/\/globdocuments.com\/ru\/product\/swedish-drivers-license\/#breadcrumb\"},\"inLanguage\":\"fr-FR\",\"potentialAction\":[{\"@type\":\"ReadAction\",\"target\":[\"https:\/\/globdocuments.com\/ru\/product\/swedish-drivers-license\/\"]}]},{\"@type\":\"ImageObject\",\"inLanguage\":\"fr-FR\",\"@id\":\"https:\/\/globdocuments.com\/ru\/product\/swedish-drivers-license\/#primaryimage\",\"url\":\"https:\/\/globdocuments.com\/wp-content\/uploads\/2022\/11\/sweden-dl.png\",\"contentUrl\":\"https:\/\/globdocuments.com\/wp-content\/uploads\/2022\/11\/sweden-dl.png\",\"width\":450,\"height\":450,\"caption\":\"Swedish Driver's License\"},{\"@type\":\"BreadcrumbList\",\"@id\":\"https:\/\/globdocuments.com\/ru\/product\/swedish-drivers-license\/#breadcrumb\",\"itemListElement\":[{\"@type\":\"ListItem\",\"position\":1,\"name\":\"Shop\",\"item\":\"https:\/\/globdocuments.com\/shop\/\"},{\"@type\":\"ListItem\",\"position\":2,\"name\":\"Swedish Driver&#8217;s License\"}]},{\"@type\":\"WebSite\",\"@id\":\"https:\/\/globdocuments.com\/#website\",\"url\":\"https:\/\/globdocuments.com\/\",\"name\":\"\",\"description\":\"Buy real fake documents online\",\"potentialAction\":[{\"@type\":\"SearchAction\",\"target\":{\"@type\":\"EntryPoint\",\"urlTemplate\":\"https:\/\/globdocuments.com\/?s={search_term_string}\"},\"query-input\":{\"@type\":\"PropertyValueSpecification\",\"valueRequired\":true,\"valueName\":\"search_term_string\"}}],\"inLanguage\":\"fr-FR\"}]}<\/script>\n<!-- \/ Yoast SEO plugin. -->","yoast_head_json":{"title":"Permis de conduire su\u00e9dois en ligne | Glob Documents","description":"Achetez un permis de conduire su\u00e9dois en ligne sur globdocuments.com avec une livraison mondiale s\u00fbre et rapide au meilleur prix. D\u00e9couvrez les meilleures offres sur les faux documents !","robots":{"index":"index","follow":"follow","max-snippet":"max-snippet:-1","max-image-preview":"max-image-preview:large","max-video-preview":"max-video-preview:-1"},"canonical":"https:\/\/globdocuments.com\/fr\/product\/swedish-drivers-license\/","og_locale":"fr_FR","og_type":"article","og_title":"Swedish Driver's License Online | Glob Documents","og_description":"Buy Swedish Driver's License online at globdocuments.com with safe and fast worldwide delivery at the best price. Check the best deals on fake documents!","og_url":"https:\/\/globdocuments.com\/fr\/product\/swedish-drivers-license\/","article_modified_time":"2025-12-23T11:07:44+00:00","og_image":[{"width":450,"height":450,"url":"https:\/\/globdocuments.com\/wp-content\/uploads\/2022\/11\/sweden-dl.png","type":"image\/png"}],"twitter_card":"summary_large_image","twitter_misc":{"Dur\u00e9e de lecture estim\u00e9e":"3 minutes"},"schema":{"@context":"https:\/\/schema.org","@graph":[{"@type":"WebPage","@id":"https:\/\/globdocuments.com\/ru\/product\/swedish-drivers-license\/","url":"https:\/\/globdocuments.com\/ru\/product\/swedish-drivers-license\/","name":"Permis de conduire su\u00e9dois en ligne | Glob Documents","isPartOf":{"@id":"https:\/\/globdocuments.com\/#website"},"primaryImageOfPage":{"@id":"https:\/\/globdocuments.com\/ru\/product\/swedish-drivers-license\/#primaryimage"},"image":{"@id":"https:\/\/globdocuments.com\/ru\/product\/swedish-drivers-license\/#primaryimage"},"thumbnailUrl":"https:\/\/globdocuments.com\/wp-content\/uploads\/2022\/11\/sweden-dl.png","datePublished":"2022-11-03T07:17:57+00:00","dateModified":"2025-12-23T11:07:44+00:00","description":"Achetez un permis de conduire su\u00e9dois en ligne sur globdocuments.com avec une livraison mondiale s\u00fbre et rapide au meilleur prix. D\u00e9couvrez les meilleures offres sur les faux documents !","breadcrumb":{"@id":"https:\/\/globdocuments.com\/ru\/product\/swedish-drivers-license\/#breadcrumb"},"inLanguage":"fr-FR","potentialAction":[{"@type":"ReadAction","target":["https:\/\/globdocuments.com\/ru\/product\/swedish-drivers-license\/"]}]},{"@type":"ImageObject","inLanguage":"fr-FR","@id":"https:\/\/globdocuments.com\/ru\/product\/swedish-drivers-license\/#primaryimage","url":"https:\/\/globdocuments.com\/wp-content\/uploads\/2022\/11\/sweden-dl.png","contentUrl":"https:\/\/globdocuments.com\/wp-content\/uploads\/2022\/11\/sweden-dl.png","width":450,"height":450,"caption":"Swedish Driver's License"},{"@type":"BreadcrumbList","@id":"https:\/\/globdocuments.com\/ru\/product\/swedish-drivers-license\/#breadcrumb","itemListElement":[{"@type":"ListItem","position":1,"name":"Shop","item":"https:\/\/globdocuments.com\/shop\/"},{"@type":"ListItem","position":2,"name":"Swedish Driver&#8217;s License"}]},{"@type":"WebSite","@id":"https:\/\/globdocuments.com\/#website","url":"https:\/\/globdocuments.com\/","name":"","description":"Acheter de vrais faux documents en ligne","potentialAction":[{"@type":"SearchAction","target":{"@type":"EntryPoint","urlTemplate":"https:\/\/globdocuments.com\/?s={search_term_string}"},"query-input":{"@type":"PropertyValueSpecification","valueRequired":true,"valueName":"search_term_string"}}],"inLanguage":"fr-FR"}]}},"_links":{"self":[{"href":"https:\/\/globdocuments.com\/fr\/wp-json\/wp\/v2\/product\/434","targetHints":{"allow":["GET"]}}],"collection":[{"href":"https:\/\/globdocuments.com\/fr\/wp-json\/wp\/v2\/product"}],"about":[{"href":"https:\/\/globdocuments.com\/fr\/wp-json\/wp\/v2\/types\/product"}],"replies":[{"embeddable":true,"href":"https:\/\/globdocuments.com\/fr\/wp-json\/wp\/v2\/comments?post=434"}],"wp:featuredmedia":[{"embeddable":true,"href":"https:\/\/globdocuments.com\/fr\/wp-json\/wp\/v2\/media\/498"}],"wp:attachment":[{"href":"https:\/\/globdocuments.com\/fr\/wp-json\/wp\/v2\/media?parent=434"}],"wp:term":[{"taxonomy":"product_brand","embeddable":true,"href":"https:\/\/globdocuments.com\/fr\/wp-json\/wp\/v2\/product_brand?post=434"},{"taxonomy":"product_cat","embeddable":true,"href":"https:\/\/globdocuments.com\/fr\/wp-json\/wp\/v2\/product_cat?post=434"},{"taxonomy":"product_tag","embeddable":true,"href":"https:\/\/globdocuments.com\/fr\/wp-json\/wp\/v2\/product_tag?post=434"}],"curies":[{"name":"wp","href":"https:\/\/api.w.org\/{rel}","templated":true}]}}